{"id":7669,"date":"1970-01-01T00:00:00","date_gmt":"1970-01-01T00:00:00","guid":{"rendered":"https:\/\/elfsight.com\/es\/?page_id=7669"},"modified":"2025-02-06T15:48:32","modified_gmt":"2025-02-06T15:48:32","slug":"squarespace","status":"publish","type":"page","link":"https:\/\/elfsight.com\/es\/weather-widget\/squarespace\/","title":{"rendered":"Weather &#8211; Squarespace"},"content":{"rendered":"<div class=\"application-platform-content-item-description application-platform-content-item\" id=\"description\" data-nav-section=\"description\"><h2>Incorporar Weather en Squarespace con el widget Elfsight<\/h2><p>Elfsight Weather es un widget de sitio web \u00fatil y muy personalizable para brindarle a su audiencia el clima actual para un \u00e1rea seleccionada. Agregue un lugar por el nombre, el c\u00f3digo postal o las coordenadas. Sus usuarios comprobar\u00e1n los datos actualizados sobre temperatura, presi\u00f3n, humedad y clima activo. Tambi\u00e9n puede mostrar el pron\u00f3stico por hora o por d\u00eda. El widget tambi\u00e9n incluye un fondo tem\u00e1tico y la opci\u00f3n de elegir tus propios colores. <\/p><p><b>Logra una experiencia m\u00e1s c\u00f3moda para el cliente al tener un widget meteorol\u00f3gico informativo en tu p\u00e1gina. <\/b><\/p><\/div><div class=\"application-platform-content-item-features application-platform-content-item\" id=\"features\" data-nav-section=\"features\"><p>Consulta una lista de todas las funciones del widget del tiempo. Est\u00e1n disponibles directamente en el editor y te ayudar\u00e1n a crear el widget exactamente para tus necesidades. <\/p><ul><li>Tres m\u00e9todos para agregar el lugar: el nombre, el c\u00f3digo postal y las coordenadas; <\/li><li>M\u00e1s de 30 idiomas incluidos para demostrar los detalles del clima en su lengua materna; <\/li><li>Cinco variantes de la configuraci\u00f3n del widget para diversos casos de uso; <\/li><li>La opci\u00f3n de mostrar el pron\u00f3stico diario para la pr\u00f3xima semana con fechas; <\/li><li>Mostrar pron\u00f3stico horario para las pr\u00f3ximas 12 horas. <\/li><\/ul><p><a href=\"#demo\">Vea c\u00f3mo funcionan todas las funciones en nuestra demostraci\u00f3n<\/a><\/p><\/div><div class=\"application-platform-content-item-installation application-platform-content-item\" id=\"installation\" data-nav-section=\"installation\"><h2>\u00bfC\u00f3mo integrar el complemento Weather con mi sitio web de Squarespace? <\/h2><div class=\"video-container\"><iframe width=\"720\" height=\"405\" src=\"https:\/\/www.youtube.com\/embed\/UZDQaamI_pQ\" frameborder=\"0\"><\/iframe><\/div><p>Para introducir el widget, simplemente siga las instrucciones siguientes<\/p><ol><li><b>Construya su complemento meteorol\u00f3gico exclusivo<\/b><br>Utilizando nuestra demostraci\u00f3n gratuita, genere un complemento con una composici\u00f3n y funciones personalizadas. <\/li> <li><b>Copia el c\u00f3digo individual para integrar el complemento<\/b><br>Despu\u00e9s de haber configurado tu widget, obtendr\u00e1s el c\u00f3digo de instalaci\u00f3n de la notificaci\u00f3n que aparece en Elfsight Apps. C\u00f3pielo para uso futuro. <\/li> <li><b>Agrega el complemento en tu sitio web de Squarespace<\/b><br>Elige el lugar donde planeas colocar el complemento e inserta el c\u00f3digo copiado all\u00ed. Aplicar los resultados. <\/li> <li><b>Has realizado completamente la instalaci\u00f3n<\/b><br>Visita tu p\u00e1gina web para comprobar tu complemento. <\/li><\/ol> <p>No dudes en ponerte en contacto con el servicio de atenci\u00f3n al cliente si necesitas ayuda o tienes problemas. Le ayudaremos con cada consulta. <\/p><div class=\"faq\" data-component=\"FAQ\"><div class=\"faq-item\">\r\n\t\t\t\t\t<div class=\"faq-item-question\">\r\n\t\t\t\t\t\t<h3 class=\"faq-item-question-text\">\u00bfDe qu\u00e9 manera es posible agregar Weather a mi p\u00e1gina web de Squarespace sin codificaci\u00f3n?<\/h3>\r\n\r\n\t\t\t\t\t\t<div class=\"faq-item-question-icon\"><\/div>\r\n\t\t\t\t\t<\/div>\r\n\r\n\t\t\t\t\t<div class=\"faq-item-answer\">\r\n\t\t\t\t\t\t<div class=\"faq-item-answer-text\"> <p>La compa\u00f1\u00eda Elfsight proporciona una soluci\u00f3n en la nube que le permite generar un complemento de Weather usted mismo. Descubra esta gu\u00eda sencilla: trabaje directamente en el editor en l\u00ednea para crear un widget de Weather que le gustar\u00eda insertar en el sitio web de Squarespace. Elija una de las plantillas predise\u00f1adas y modifique la configuraci\u00f3n del clima, transforme el dise\u00f1o y la combinaci\u00f3n de colores y actualice su contenido, sin conocimientos de codificaci\u00f3n. Guarde el clima y obtenga el c\u00f3digo de instalaci\u00f3n del complemento, que puede incluirse f\u00e1cilmente en su sitio de Squarespace mediante un plan gratuito. Trabajando en nuestro sencillo Configurador, cada usuario de Internet puede crear Weather en l\u00ednea y agregarlo a cualquier sitio web de Squarespace. No debes pagar ni introducir los datos de tu tarjeta para poder acceder al servicio de Elfsight. Si encuentra alg\u00fan problema en alg\u00fan paso, no dude en hablar con nuestro servicio t\u00e9cnico de atenci\u00f3n al cliente.<\/p> <\/div>\r\n\t\t\t\t\t<\/div>\r\n\t\t\t\t<\/div> <\/div><\/div>","protected":false},"excerpt":{"rendered":"","protected":false},"author":9,"featured_media":0,"parent":1055,"menu_order":0,"comment_status":"closed","ping_status":"closed","template":"templates\/template-application-platform.php","meta":{"publish_to_discourse":"","publish_post_category":"","wpdc_auto_publish_overridden":"","wpdc_topic_tags":"","wpdc_pin_topic":"","wpdc_pin_until":"","discourse_post_id":"","discourse_permalink":"","wpdc_publishing_response":"","wpdc_publishing_error":"","footnotes":""},"class_list":["post-7669","page","type-page","status-publish","hentry"],"yoast_head":"<!-- This site is optimized with the Yoast SEO plugin v25.3.1 - https:\/\/yoast.com\/wordpress\/plugins\/seo\/ -->\n<title>Agregue el complemento Weather al sitio web de Squarespace (gratis y r\u00e1pido)<\/title>\n<meta name=\"description\" content=\"Es absolutamente sencillo crear su complemento Weather y publicarlo en su sitio web de Squarespace. El servicio al cliente de Elfsight es gratuito.\" \/>\n<meta name=\"robots\" content=\"index, follow, max-snippet:-1, max-image-preview:large, max-video-preview:-1\" \/>\n<link rel=\"canonical\" href=\"https:\/\/elfsight.com\/es\/weather-widget\/squarespace\/\" \/>\n<meta property=\"og:locale\" content=\"es_ES\" \/>\n<meta property=\"og:type\" content=\"article\" \/>\n<meta property=\"og:title\" content=\"Agregue el complemento Weather al sitio web de Squarespace (gratis y r\u00e1pido)\" \/>\n<meta property=\"og:description\" content=\"Es absolutamente sencillo crear su complemento Weather y publicarlo en su sitio web de Squarespace. El servicio al cliente de Elfsight es gratuito.\" \/>\n<meta property=\"og:url\" content=\"https:\/\/elfsight.com\/es\/weather-widget\/squarespace\/\" \/>\n<meta property=\"og:site_name\" content=\"Elfsight ES\" \/>\n<meta property=\"article:modified_time\" content=\"2025-02-06T15:48:32+00:00\" \/>\n<meta name=\"twitter:card\" content=\"summary_large_image\" \/>\n<meta name=\"twitter:label1\" content=\"Tiempo de lectura\" \/>\n\t<meta name=\"twitter:data1\" content=\"3 minutos\" \/>\n<!-- \/ Yoast SEO plugin. -->","yoast_head_json":{"title":"Agregue el complemento Weather al sitio web de Squarespace (gratis y r\u00e1pido)","description":"Es absolutamente sencillo crear su complemento Weather y publicarlo en su sitio web de Squarespace. El servicio al cliente de Elfsight es gratuito.","robots":{"index":"index","follow":"follow","max-snippet":"max-snippet:-1","max-image-preview":"max-image-preview:large","max-video-preview":"max-video-preview:-1"},"canonical":"https:\/\/elfsight.com\/es\/weather-widget\/squarespace\/","og_locale":"es_ES","og_type":"article","og_title":"Agregue el complemento Weather al sitio web de Squarespace (gratis y r\u00e1pido)","og_description":"Es absolutamente sencillo crear su complemento Weather y publicarlo en su sitio web de Squarespace. El servicio al cliente de Elfsight es gratuito.","og_url":"https:\/\/elfsight.com\/es\/weather-widget\/squarespace\/","og_site_name":"Elfsight ES","article_modified_time":"2025-02-06T15:48:32+00:00","twitter_card":"summary_large_image","twitter_misc":{"Tiempo de lectura":"3 minutos"},"schema":{"@context":"https:\/\/schema.org","@graph":[{"@type":"WebPage","@id":"https:\/\/elfsight.com\/es\/weather-widget\/squarespace\/","url":"https:\/\/elfsight.com\/es\/weather-widget\/squarespace\/","name":"Agregue el complemento Weather al sitio web de Squarespace (gratis y r\u00e1pido)","isPartOf":{"@id":"https:\/\/elfsight.com\/es\/#website"},"datePublished":"1970-01-01T00:00:00+00:00","dateModified":"2025-02-06T15:48:32+00:00","description":"Es absolutamente sencillo crear su complemento Weather y publicarlo en su sitio web de Squarespace. El servicio al cliente de Elfsight es gratuito.","breadcrumb":{"@id":"https:\/\/elfsight.com\/es\/weather-widget\/squarespace\/#breadcrumb"},"inLanguage":"es","potentialAction":[{"@type":"ReadAction","target":["https:\/\/elfsight.com\/es\/weather-widget\/squarespace\/"]}]},{"@type":"BreadcrumbList","@id":"https:\/\/elfsight.com\/es\/weather-widget\/squarespace\/#breadcrumb","itemListElement":[{"@type":"ListItem","position":1,"name":"Home","item":"https:\/\/elfsight.com\/es\/"},{"@type":"ListItem","position":2,"name":"Weather","item":"https:\/\/elfsight.com\/es\/weather-widget\/"},{"@type":"ListItem","position":3,"name":"Weather &#8211; Squarespace"}]},{"@type":"WebSite","@id":"https:\/\/elfsight.com\/es\/#website","url":"https:\/\/elfsight.com\/es\/","name":"Elfsight ES","description":"Just another Elfsight Sites site","potentialAction":[{"@type":"SearchAction","target":{"@type":"EntryPoint","urlTemplate":"https:\/\/elfsight.com\/es\/?s={search_term_string}"},"query-input":{"@type":"PropertyValueSpecification","valueRequired":true,"valueName":"search_term_string"}}],"inLanguage":"es"}]}},"meta_box":{"industry":"","seo_heading":"","heading":"","description":"","cta_heading":"","cta_description":"","application":"1054","h1":"Complemento meteorol\u00f3gico de Squarespace","h1_caption":"Muestra el pron\u00f3stico del tiempo para cualquier ubicaci\u00f3n en tu sitio web","application_category":[],"applications_title":"","applications_request_title":"","applications_request_button_text":"","hero_text":"","hero_video":"","hero_video_schema_markup":"","selling_points_title":"","selling_points_caption":"","selling_points":[],"selling_points_cta_text":"","features_title":"","features":"","ed_cta_examples_text":"","ed_cta_examples_hidden":"","ed_cta_demo_text":"","ed_cta_demo_hidden":"","why_caption":"","why_editor_title":"","why_editor_text":"","why_team_title":"","why_team_text":"","why_service_title":"","why_service_text":"","template_catalog_visible":"","template_catalog_title":"","template_catalog_text":"","template_catalog_categories_visible":"","demo_title":"Crea tu complemento meteorol\u00f3gico","demo_caption":"\u00a1Configura tu clima y agr\u00e9galo a tu sitio web de Squarespace gratis!","default_faq_hidden":"","app_template_category":[],"platform":"100","template_public_id":"","codecanyon_url":"","codecanyon_item_id":"","codecanyon_price":"","pricing_caption":"","pricing_elfsight_apps_hide_column":"","pricing_elfsight_apps_url":"","pricing_codecanyon_price_caption":"","integration_category":[],"integration_request_title":"","integration_request_cta":"","integration_platform":"","integrations":[],"platform_category":[],"video_schema_markup":"","price":"desde $0 \/ mes","trial":"","benefits":[{"text":"Servicio de instalaci\u00f3n gratuito"},{"text":"Soporte excepcional"},{"text":"Garant\u00eda de devoluci\u00f3n de dinero de 14 d\u00edas"},{"text":"Mejoras gratuitas continuas"}],"button_url":"#demo","button_target_blank":"","button_nofollow":"","attributes":[{"name":"Instalaciones","content":"10,000 - 100,000"},{"name":"Sensible","content":"Lo mejor para m\u00f3viles"},{"name":"Navegadores compatibles","content":"Firefox, Safari, Opera, Chrome, Edge"}],"tags":[],"tags_disable_links":"","hide_more_platforms":"","video_object":"","demo_hide_cta":"","demo_hide_cloud_options":"","pricing_title":"","pricing":[{"pricing_icon":"platform","pricing_title":"Elfsight Apps","pricing_title_caption":"Versi\u00f3n independiente de la plataforma que se adapta a cualquier sitio","pricing_price":"desde $0 \/ mes","pricing_price_caption":"comienza con el plan gratuito","pricing_benefits":[{"text":"Sitios web ilimitados"},{"text":"Soporte dedicado, puntual y bien documentado."},{"text":"Servicio de instalaci\u00f3n gratuito"},{"text":"100% personalizable"}],"pricing_button_text":"A\u00f1adir al sitio web","pricing_button_url":"#demo"}],"related_apps_title":"","related_apps_hidden":"","author":"","image":[],"title":"","job":"","social_networks":[]},"_links":{"self":[{"href":"https:\/\/elfsight.com\/es\/wp-json\/wp\/v2\/pages\/7669","targetHints":{"allow":["GET"]}}],"collection":[{"href":"https:\/\/elfsight.com\/es\/wp-json\/wp\/v2\/pages"}],"about":[{"href":"https:\/\/elfsight.com\/es\/wp-json\/wp\/v2\/types\/page"}],"author":[{"embeddable":true,"href":"https:\/\/elfsight.com\/es\/wp-json\/wp\/v2\/users\/9"}],"replies":[{"embeddable":true,"href":"https:\/\/elfsight.com\/es\/wp-json\/wp\/v2\/comments?post=7669"}],"version-history":[{"count":2,"href":"https:\/\/elfsight.com\/es\/wp-json\/wp\/v2\/pages\/7669\/revisions"}],"predecessor-version":[{"id":18844,"href":"https:\/\/elfsight.com\/es\/wp-json\/wp\/v2\/pages\/7669\/revisions\/18844"}],"up":[{"embeddable":true,"href":"https:\/\/elfsight.com\/es\/wp-json\/wp\/v2\/pages\/1055"}],"wp:attachment":[{"href":"https:\/\/elfsight.com\/es\/wp-json\/wp\/v2\/media?parent=7669"}],"curies":[{"name":"wp","href":"https:\/\/api.w.org\/{rel}","templated":true}]}}