{"id":7668,"date":"1970-01-01T00:00:00","date_gmt":"1970-01-01T00:00:00","guid":{"rendered":"https:\/\/elfsight.com\/es\/?page_id=7668"},"modified":"2025-02-06T15:48:32","modified_gmt":"2025-02-06T15:48:32","slug":"shopify","status":"publish","type":"page","link":"https:\/\/elfsight.com\/es\/weather-widget\/shopify\/","title":{"rendered":"Weather &#8211; Shopify"},"content":{"rendered":"<div class=\"application-platform-content-item-description application-platform-content-item\" id=\"description\" data-nav-section=\"description\"><h2>Incorporar Weather en Shopify con el widget Elfsight<\/h2><p>Elfsight Weather es un widget de sitio web r\u00e1pido y muy adaptable para mostrar las perspectivas meteorol\u00f3gicas relevantes para una ubicaci\u00f3n seleccionada. Inserte la ubicaci\u00f3n por t\u00edtulo, c\u00f3digo postal o coordenadas. Sus usuarios comprobar\u00e1n informaci\u00f3n actualizada sobre la temperatura, presi\u00f3n, humedad y clima activo. Hay una opci\u00f3n para mostrar el pron\u00f3stico por hora o por d\u00eda. Puede personalizar la interfaz utilizando un fondo tem\u00e1tico y la opci\u00f3n de elegir cualquier color. <\/p><p><b>\u00a1Facilite a los clientes la planificaci\u00f3n de su viaje con la previsi\u00f3n meteorol\u00f3gica siempre a mano! <\/b><\/p><\/div><div class=\"application-platform-content-item-features application-platform-content-item\" id=\"features\" data-nav-section=\"features\"><p>Aqu\u00ed puedes ver todas las funciones del widget del tiempo. Est\u00e1n disponibles directamente en el editor y le ayudar\u00e1n a crear el widget adecuado para su caso. <\/p><ul><li>3 m\u00e9todos para ingresar la ubicaci\u00f3n: el nombre, el c\u00f3digo postal o las coordenadas; <\/li><li>M\u00e1s de 30 idiomas incluidos para mostrar detalles del clima en su lengua materna; <\/li><li>5 variantes de la configuraci\u00f3n del widget para diferentes casos de uso; <\/li><li>La opci\u00f3n de mostrar el pron\u00f3stico diario para la semana futura con fechas; <\/li><li>Demuestra el clima hora por hora durante las pr\u00f3ximas doce horas. <\/li><\/ul><p><a href=\"#demo\">Pruebe todas las dem\u00e1s funciones en la demostraci\u00f3n<\/a><\/p><\/div><div class=\"application-platform-content-item-installation application-platform-content-item\" id=\"installation\" data-nav-section=\"installation\"><h2>\u00bfC\u00f3mo insertar la aplicaci\u00f3n Weather en Shopify? <\/h2><div class=\"video-container\"><iframe width=\"720\" height=\"405\" src=\"https:\/\/www.youtube.com\/embed\/_1AL1BgluKc\" frameborder=\"0\"><\/iframe><\/div><p>Para introducir el widget del tiempo, sigue los siguientes pasos r\u00e1pidos<\/p><ol><li><b>Configura la aplicaci\u00f3n<\/b><br>Ve al sitio de Shopify e ingresa a la p\u00e1gina de la aplicaci\u00f3n. Haga clic en el bot\u00f3n \u00abObtener\u00bb para insertar la aplicaci\u00f3n en su sitio web. <\/li><li><b>Configurar los par\u00e1metros de la app<\/b><br>Definir los datos de la app: contenido y opciones de la interfaz. Despu\u00e9s de completar la personalizaci\u00f3n, obtendr\u00e1 un c\u00f3digo de instalaci\u00f3n individual. Copie el c\u00f3digo para su uso posterior. <\/li><li><b>Agregar la aplicaci\u00f3n a la p\u00e1gina<\/b><br>Ingrese a la secci\u00f3n \u00abP\u00e1ginas\u00bb y abra la p\u00e1gina para mostrar la aplicaci\u00f3n. Adem\u00e1s, incruste el c\u00f3digo en modo HTML y publique los cambios. <\/li><li><b>\u00a1Listo! <\/b><br>\u00a1Visite su sitio web para comprobar su nueva aplicaci\u00f3n! <\/li><\/ol><p>No dudes en comunicarte con nuestro servicio de atenci\u00f3n al cliente si necesitas asesoramiento o tienes algo que preguntar. Nuestros especialistas estar\u00e1n encantados de ayudarle con cada solicitud. <\/p><div class=\"faq\" data-component=\"FAQ\"><div class=\"faq-item\">\r\n\t\t\t\t\t<div class=\"faq-item-question\">\r\n\t\t\t\t\t\t<h3 class=\"faq-item-question-text\">\u00bfQu\u00e9 otras aplicaciones son necesarias para un sitio web de Shopify?<\/h3>\r\n\r\n\t\t\t\t\t\t<div class=\"faq-item-question-icon\"><\/div>\r\n\t\t\t\t\t<\/div>\r\n\r\n\t\t\t\t\t<div class=\"faq-item-answer\">\r\n\t\t\t\t\t\t<div class=\"faq-item-answer-text\"><p>El propio Shopify ofrece numerosos instrumentos para mejorar los sitios web de comercio electr\u00f3nico. Si deseas que tu Shopify sea a\u00fan m\u00e1s potente, puedes utilizar las aplicaciones de Elfsight.<\/p><p>Por ejemplo, hay <a href=\"https:\/\/elfsight.com\/google-reviews-widget\/shopify\/\">Rese\u00f1as de Google<\/a>, <a href=\"https:\/\/elfsight.com\/slider-widget\/shopify\/\">Control deslizante<\/a> y <a href=\"https:\/\/elfsight.com\/instagram-feed-instashow\/shopify\/\">Instagram Feed<\/a> adecuado para usted. Adem\u00e1s, puedes encontrar <a href=\"https:\/\/elfsight.com\/pdf-embed-widget\/shopify\/\">PDF Embed<\/a> y <a href=\"https:\/\/elfsight.com\/logo-showcase-widget\/shopify\/\">Logo Showcase<\/a>, y muchos m\u00e1s para actualizar un sitio web de Shopify.<\/p><\/div>\r\n\t\t\t\t\t<\/div>\r\n\t\t\t\t<\/div><div class=\"faq-item\">\r\n\t\t\t\t\t<div class=\"faq-item-question\">\r\n\t\t\t\t\t\t<h3 class=\"faq-item-question-text\">C\u00f3mo \u00bfIncrustar el widget del tiempo en una p\u00e1gina de Shopify?<\/h3>\r\n\r\n\t\t\t\t\t\t<div class=\"faq-item-question-icon\"><\/div>\r\n\t\t\t\t\t<\/div>\r\n\r\n\t\t\t\t\t<div class=\"faq-item-answer\">\r\n\t\t\t\t\t\t<div class=\"faq-item-answer-text\"><p>La instalaci\u00f3n tardar\u00e1 unos segundos. Simplemente agregar\u00e1 una ubicaci\u00f3n personalizada, activar\u00e1 o desactivar\u00e1 los d\u00edgitos de temperatura en el configurador en l\u00ednea gratuito y obtendr\u00e1 un c\u00f3digo de instalaci\u00f3n.<\/p><p>Adem\u00e1s, simplemente deber\u00e1 pegar el c\u00f3digo en el bloque de c\u00f3digo requerido en la p\u00e1gina web necesaria. \u00a1Eso es todo! \u00a1Tu aplicaci\u00f3n Weather aparecer\u00e1 en un sitio web de Shopify tan pronto como esto! Sin embargo, si necesita obtener m\u00e1s informaci\u00f3n sobre la instalaci\u00f3n, siempre puede hacerlo <a href=\"https:\/\/elfsight.com\/tutorials\/how-to-add-weather-widget\/#how-to-add-weather-to-shopify\">en esta p\u00e1gina<\/a>.<\/p><\/div>\r\n\t\t\t\t\t<\/div>\r\n\t\t\t\t<\/div><div class=\"faq-item\">\r\n\t\t\t\t\t<div class=\"faq-item-question\">\r\n\t\t\t\t\t\t<h3 class=\"faq-item-question-text\">\u00bfPuedo ver c\u00f3mo se ver\u00e1 el widget en mi sitio?<\/h3>\r\n\r\n\t\t\t\t\t\t<div class=\"faq-item-question-icon\"><\/div>\r\n\t\t\t\t\t<\/div>\r\n\r\n\t\t\t\t\t<div class=\"faq-item-answer\">\r\n\t\t\t\t\t\t<div class=\"faq-item-answer-text\"><p>\u00a1Por supuesto! En el proceso de modificar la aplicaci\u00f3n meteorol\u00f3gica de Shopify <a href=\"https:\/\/elfsight.com\/weather-widget\/#demo\">en el editor en l\u00ednea gratuito<\/a>, ver\u00e1s todas las configuraciones en la parte derecha del editor. El widget del tiempo se ver\u00e1 exactamente igual que el que tendr\u00e1s en un sitio web de Shopify.<\/p><\/div>\r\n\t\t\t\t\t<\/div>\r\n\t\t\t\t<\/div><\/div><\/div>","protected":false},"excerpt":{"rendered":"","protected":false},"author":9,"featured_media":0,"parent":1055,"menu_order":0,"comment_status":"closed","ping_status":"closed","template":"templates\/template-application-platform.php","meta":{"publish_to_discourse":"","publish_post_category":"","wpdc_auto_publish_overridden":"","wpdc_topic_tags":"","wpdc_pin_topic":"","wpdc_pin_until":"","discourse_post_id":"","discourse_permalink":"","wpdc_publishing_response":"","wpdc_publishing_error":"","footnotes":""},"class_list":["post-7668","page","type-page","status-publish","hentry"],"yoast_head":"<!-- This site is optimized with the Yoast SEO plugin v25.3.1 - https:\/\/yoast.com\/wordpress\/plugins\/seo\/ -->\n<title>Widget meteorol\u00f3gico: agregue la aplicaci\u00f3n Weather al sitio web de Shopify (gratis y r\u00e1pido)<\/title>\n<meta name=\"description\" content=\"Esta es una oportunidad para crear el complemento Weather e integrarlo a su sitio web de Shopify. Obtenga servicio al cliente gratuito y otras bonificaciones de Elfsight.\" \/>\n<meta name=\"robots\" content=\"index, follow, max-snippet:-1, max-image-preview:large, max-video-preview:-1\" \/>\n<link rel=\"canonical\" href=\"https:\/\/elfsight.com\/es\/weather-widget\/shopify\/\" \/>\n<meta property=\"og:locale\" content=\"es_ES\" \/>\n<meta property=\"og:type\" content=\"article\" \/>\n<meta property=\"og:title\" content=\"Widget meteorol\u00f3gico: agregue la aplicaci\u00f3n Weather al sitio web de Shopify (gratis y r\u00e1pido)\" \/>\n<meta property=\"og:description\" content=\"Esta es una oportunidad para crear el complemento Weather e integrarlo a su sitio web de Shopify. Obtenga servicio al cliente gratuito y otras bonificaciones de Elfsight.\" \/>\n<meta property=\"og:url\" content=\"https:\/\/elfsight.com\/es\/weather-widget\/shopify\/\" \/>\n<meta property=\"og:site_name\" content=\"Elfsight ES\" \/>\n<meta property=\"article:modified_time\" content=\"2025-02-06T15:48:32+00:00\" \/>\n<meta name=\"twitter:card\" content=\"summary_large_image\" \/>\n<meta name=\"twitter:label1\" content=\"Tiempo de lectura\" \/>\n\t<meta name=\"twitter:data1\" content=\"3 minutos\" \/>\n<!-- \/ Yoast SEO plugin. -->","yoast_head_json":{"title":"Widget meteorol\u00f3gico: agregue la aplicaci\u00f3n Weather al sitio web de Shopify (gratis y r\u00e1pido)","description":"Esta es una oportunidad para crear el complemento Weather e integrarlo a su sitio web de Shopify. Obtenga servicio al cliente gratuito y otras bonificaciones de Elfsight.","robots":{"index":"index","follow":"follow","max-snippet":"max-snippet:-1","max-image-preview":"max-image-preview:large","max-video-preview":"max-video-preview:-1"},"canonical":"https:\/\/elfsight.com\/es\/weather-widget\/shopify\/","og_locale":"es_ES","og_type":"article","og_title":"Widget meteorol\u00f3gico: agregue la aplicaci\u00f3n Weather al sitio web de Shopify (gratis y r\u00e1pido)","og_description":"Esta es una oportunidad para crear el complemento Weather e integrarlo a su sitio web de Shopify. Obtenga servicio al cliente gratuito y otras bonificaciones de Elfsight.","og_url":"https:\/\/elfsight.com\/es\/weather-widget\/shopify\/","og_site_name":"Elfsight ES","article_modified_time":"2025-02-06T15:48:32+00:00","twitter_card":"summary_large_image","twitter_misc":{"Tiempo de lectura":"3 minutos"},"schema":{"@context":"https:\/\/schema.org","@graph":[{"@type":"WebPage","@id":"https:\/\/elfsight.com\/es\/weather-widget\/shopify\/","url":"https:\/\/elfsight.com\/es\/weather-widget\/shopify\/","name":"Widget meteorol\u00f3gico: agregue la aplicaci\u00f3n Weather al sitio web de Shopify (gratis y r\u00e1pido)","isPartOf":{"@id":"https:\/\/elfsight.com\/es\/#website"},"datePublished":"1970-01-01T00:00:00+00:00","dateModified":"2025-02-06T15:48:32+00:00","description":"Esta es una oportunidad para crear el complemento Weather e integrarlo a su sitio web de Shopify. Obtenga servicio al cliente gratuito y otras bonificaciones de Elfsight.","breadcrumb":{"@id":"https:\/\/elfsight.com\/es\/weather-widget\/shopify\/#breadcrumb"},"inLanguage":"es","potentialAction":[{"@type":"ReadAction","target":["https:\/\/elfsight.com\/es\/weather-widget\/shopify\/"]}]},{"@type":"BreadcrumbList","@id":"https:\/\/elfsight.com\/es\/weather-widget\/shopify\/#breadcrumb","itemListElement":[{"@type":"ListItem","position":1,"name":"Home","item":"https:\/\/elfsight.com\/es\/"},{"@type":"ListItem","position":2,"name":"Weather","item":"https:\/\/elfsight.com\/es\/weather-widget\/"},{"@type":"ListItem","position":3,"name":"Weather &#8211; Shopify"}]},{"@type":"WebSite","@id":"https:\/\/elfsight.com\/es\/#website","url":"https:\/\/elfsight.com\/es\/","name":"Elfsight ES","description":"Just another Elfsight Sites site","potentialAction":[{"@type":"SearchAction","target":{"@type":"EntryPoint","urlTemplate":"https:\/\/elfsight.com\/es\/?s={search_term_string}"},"query-input":{"@type":"PropertyValueSpecification","valueRequired":true,"valueName":"search_term_string"}}],"inLanguage":"es"}]}},"meta_box":{"industry":"","seo_heading":"","heading":"","description":"","cta_heading":"","cta_description":"","application":"1054","h1":"Aplicaci\u00f3n Shopify El tiempo","h1_caption":"Muestra el pron\u00f3stico del tiempo para cualquier lugar de tu sitio.","application_category":[],"applications_title":"","applications_request_title":"","applications_request_button_text":"","hero_text":"","hero_video":"","hero_video_schema_markup":"","selling_points_title":"","selling_points_caption":"","selling_points":[],"selling_points_cta_text":"","features_title":"","features":"","ed_cta_examples_text":"","ed_cta_examples_hidden":"","ed_cta_demo_text":"","ed_cta_demo_hidden":"","why_caption":"","why_editor_title":"","why_editor_text":"","why_team_title":"","why_team_text":"","why_service_title":"","why_service_text":"","template_catalog_visible":"","template_catalog_title":"","template_catalog_text":"","template_catalog_categories_visible":"","demo_title":"Crea tu aplicaci\u00f3n del tiempo","demo_caption":"\u00a1Configura tu clima y agr\u00e9galo a tu sitio web Shopify gratis!","default_faq_hidden":"","app_template_category":[],"platform":"91","template_public_id":"","codecanyon_url":"","codecanyon_item_id":"","codecanyon_price":"","pricing_caption":"","pricing_elfsight_apps_hide_column":"","pricing_elfsight_apps_url":"","pricing_codecanyon_price_caption":"","integration_category":[],"integration_request_title":"","integration_request_cta":"","integration_platform":"","integrations":[],"platform_category":[],"video_schema_markup":"","price":"desde $0 \/ mes","trial":"","benefits":[{"text":"Servicio de instalaci\u00f3n gratuito"},{"text":"Soporte premium"},{"text":"Garant\u00eda de devoluci\u00f3n de dinero de 14 d\u00edas"},{"text":"Actualizaciones gratuitas continuas"}],"button_url":"#demo","button_target_blank":"","button_nofollow":"","attributes":[{"name":"Instalaciones","content":"10,000 - 100,000"},{"name":"Sensible","content":"S\u00ed"},{"name":"Navegadores compatibles","content":"Firefox, Safari, Opera, Chrome, Edge"}],"tags":[],"tags_disable_links":"","hide_more_platforms":"","video_object":"","demo_hide_cta":"","demo_hide_cloud_options":"","pricing_title":"","pricing":[{"pricing_icon":"cloud","pricing_title":"Elfsight Apps","pricing_title_caption":"Versi\u00f3n multiplataforma que funciona en cualquier sitio web.","pricing_price":"desde $0 \/ mes","pricing_price_caption":"comienza con el plan gratuito","pricing_benefits":[{"text":"Sitios web ilimitados"},{"text":"Soporte premium"},{"text":"Servicio de instalaci\u00f3n gratuito"},{"text":"Oferta especial para m\u00faltiples aplicaciones."}],"pricing_button_text":"A\u00f1adir al sitio web","pricing_button_url":"#demo"}],"related_apps_title":"","related_apps_hidden":"","author":"","image":[],"title":"","job":"","social_networks":[]},"_links":{"self":[{"href":"https:\/\/elfsight.com\/es\/wp-json\/wp\/v2\/pages\/7668","targetHints":{"allow":["GET"]}}],"collection":[{"href":"https:\/\/elfsight.com\/es\/wp-json\/wp\/v2\/pages"}],"about":[{"href":"https:\/\/elfsight.com\/es\/wp-json\/wp\/v2\/types\/page"}],"author":[{"embeddable":true,"href":"https:\/\/elfsight.com\/es\/wp-json\/wp\/v2\/users\/9"}],"replies":[{"embeddable":true,"href":"https:\/\/elfsight.com\/es\/wp-json\/wp\/v2\/comments?post=7668"}],"version-history":[{"count":2,"href":"https:\/\/elfsight.com\/es\/wp-json\/wp\/v2\/pages\/7668\/revisions"}],"predecessor-version":[{"id":18845,"href":"https:\/\/elfsight.com\/es\/wp-json\/wp\/v2\/pages\/7668\/revisions\/18845"}],"up":[{"embeddable":true,"href":"https:\/\/elfsight.com\/es\/wp-json\/wp\/v2\/pages\/1055"}],"wp:attachment":[{"href":"https:\/\/elfsight.com\/es\/wp-json\/wp\/v2\/media?parent=7668"}],"curies":[{"name":"wp","href":"https:\/\/api.w.org\/{rel}","templated":true}]}}