{"id":7666,"date":"1970-01-01T00:00:00","date_gmt":"1970-01-01T00:00:00","guid":{"rendered":"https:\/\/elfsight.com\/es\/?page_id=7666"},"modified":"2025-02-06T15:48:40","modified_gmt":"2025-02-06T15:48:40","slug":"opencart","status":"publish","type":"page","link":"https:\/\/elfsight.com\/es\/weather-widget\/opencart\/","title":{"rendered":"Weather &#8211; OpenCart"},"content":{"rendered":"<div class=\"application-platform-content-item-description application-platform-content-item\" id=\"description\" data-nav-section=\"description\"><h2>Descripci\u00f3n<\/h2><p>Elfsight Weather es un widget de sitio web sencillo y muy ajustable, que muestra el pron\u00f3stico del tiempo actualizado para cualquier \u00e1rea. Agregue la ubicaci\u00f3n usando el nombre, el c\u00f3digo postal o las coordenadas. Los visitantes del sitio web comprobar\u00e1n los datos actualizados sobre la temperatura, la presi\u00f3n, el porcentaje de humedad y el clima activo. Hay una funci\u00f3n para mostrar el pron\u00f3stico por hora o por d\u00eda. Puedes ajustar la interfaz usando im\u00e1genes de fondo con temas meteorol\u00f3gicos y la opci\u00f3n de elegir tus propios colores. <\/p><p><b>\u00a1Facilita a los clientes reservar su viaje con la previsi\u00f3n meteorol\u00f3gica a la vista! <\/b><\/p><\/div><div class=\"application-platform-content-item-features application-platform-content-item\" id=\"features\" data-nav-section=\"features\"><p>Aqu\u00ed hay una lista de todas las funciones del widget del tiempo. Puedes configurarlos directamente en el editor y te ayudar\u00e1n a darle forma al widget especialmente para tus necesidades. <\/p><ul><li>Tres formas de ingresar la ubicaci\u00f3n: el nombre, el c\u00f3digo postal o las coordenadas; <\/li><li>M\u00e1s de 30 idiomas incluidos para mostrar informaci\u00f3n meteorol\u00f3gica en su lengua materna; <\/li><li>Cinco variantes de la configuraci\u00f3n del widget para diferentes casos de uso; <\/li><li>La opci\u00f3n de mostrar el pron\u00f3stico diario para una semana con fechas; <\/li><li>Mostrar pron\u00f3stico horario para las doce horas m\u00e1s cercanas. <\/li><\/ul><p><a href=\"#demo\">Vea c\u00f3mo funcionan todas las funciones en nuestra demostraci\u00f3n<\/a><\/p><\/div><div class=\"application-platform-content-item-installation application-platform-content-item\" id=\"installation\" data-nav-section=\"installation\"><h2>\u00bfC\u00f3mo agrego la extensi\u00f3n Weather a mi sitio web OpenCart? <\/h2><p>Para insertar el widget, simplemente siga estos r\u00e1pidos pasos<\/p><ol><li><b>Inicie nuestro editor gratuito y comience a crear su extensi\u00f3n meteorol\u00f3gica personalizada. <\/b><br> Elija el aspecto y el rendimiento preferibles de la extensi\u00f3n y aplique todas las modificaciones. <\/li> <li><b>Copia tu c\u00f3digo \u00fanico que aparece en el cuadro de Elfsight Apps. <\/b><br> Tan pronto como finalice la configuraci\u00f3n de su extensi\u00f3n, copie su c\u00f3digo del cuadro que aparece y gu\u00e1rdelo para usarlo en el futuro. <\/li> <li><b>Inicie la utilizaci\u00f3n de la extensi\u00f3n en su p\u00e1gina web OpenCart. <\/b><br>Integre el c\u00f3digo copiado recientemente en su sitio web y aplique las mejoras. <\/li> <li><b>La configuraci\u00f3n ha finalizado por completo. <\/b><br>Visite su sitio para ver el funcionamiento de la extensi\u00f3n. <\/li><\/ol><p>No piense dos veces en ponerse en contacto con el servicio de atenci\u00f3n al cliente de Elfsight cuando necesite ayuda o tenga preguntas. Nuestros especialistas estar\u00e1n encantados de ayudarle con cada consulta. <\/p><div class=\"faq\" data-component=\"FAQ\"><div class=\"faq-item\">\r\n\t\t\t\t\t<div class=\"faq-item-question\">\r\n\t\t\t\t\t\t<h3 class=\"faq-item-question-text\">\u00bfExiste alg\u00fan m\u00e9todo para agregar Weather a mi p\u00e1gina de inicio de OpenCart sin conocimientos de codificaci\u00f3n?<\/h3>\r\n\r\n\t\t\t\t\t\t<div class=\"faq-item-question-icon\"><\/div>\r\n\t\t\t\t\t<\/div>\r\n\r\n\t\t\t\t\t<div class=\"faq-item-answer\">\r\n\t\t\t\t\t\t<div class=\"faq-item-answer-text\"> <p>La compa\u00f1\u00eda Elfsight presenta una soluci\u00f3n en la nube que le permite crear un complemento de Weather usted mismo; mire la gu\u00eda sencilla: vaya a la demostraci\u00f3n en l\u00ednea para crear un widget de Weather que le gustar\u00eda integrar en OpenCart. Selecciona una de las muchas plantillas predise\u00f1adas y adapta la configuraci\u00f3n del tiempo, cambia el dise\u00f1o y el color de los elementos y actualiza tu contenido, sin conocimientos de codificaci\u00f3n. Haga clic para guardar la configuraci\u00f3n que realiz\u00f3 en Weather y obtener el c\u00f3digo del complemento para la instalaci\u00f3n, que se puede incluir f\u00e1cilmente en la p\u00e1gina web de OpenCart usando un plan gratuito. Al trabajar en el sencillo Editor, cualquier usuario web puede generar una aplicaci\u00f3n meteorol\u00f3gica e incrustarla f\u00e1cilmente en la p\u00e1gina de inicio de OpenCart. No es necesario adquirir un plan pago ni ingresar los datos de su tarjeta para acceder al servicio. Si encuentra alg\u00fan obst\u00e1culo en alg\u00fan paso, contin\u00fae y hable con nuestro equipo de soporte t\u00e9cnico.<\/p> <\/div>\r\n\t\t\t\t\t<\/div>\r\n\t\t\t\t<\/div> <\/div><\/div>","protected":false},"excerpt":{"rendered":"","protected":false},"author":9,"featured_media":0,"parent":1055,"menu_order":0,"comment_status":"closed","ping_status":"closed","template":"templates\/template-application-platform.php","meta":{"publish_to_discourse":"","publish_post_category":"","wpdc_auto_publish_overridden":"","wpdc_topic_tags":"","wpdc_pin_topic":"","wpdc_pin_until":"","discourse_post_id":"","discourse_permalink":"","wpdc_publishing_response":"","wpdc_publishing_error":"","footnotes":""},"class_list":["post-7666","page","type-page","status-publish","hentry"],"yoast_head":"<!-- This site is optimized with the Yoast SEO plugin v25.3.1 - https:\/\/yoast.com\/wordpress\/plugins\/seo\/ -->\n<title>Widget del tiempo: agregue la aplicaci\u00f3n del tiempo al sitio web de OpenCart (gratis y r\u00e1pido)<\/title>\n<meta name=\"description\" content=\"Cree un dise\u00f1o e incruste de forma sencilla su widget meteorol\u00f3gico y mu\u00e9strelo en el sitio web de OpenCart. La atenci\u00f3n al cliente de Elfsight es gratuita.\" \/>\n<meta name=\"robots\" content=\"index, follow, max-snippet:-1, max-image-preview:large, max-video-preview:-1\" \/>\n<link rel=\"canonical\" href=\"https:\/\/elfsight.com\/es\/weather-widget\/opencart\/\" \/>\n<meta property=\"og:locale\" content=\"es_ES\" \/>\n<meta property=\"og:type\" content=\"article\" \/>\n<meta property=\"og:title\" content=\"Widget del tiempo: agregue la aplicaci\u00f3n del tiempo al sitio web de OpenCart (gratis y r\u00e1pido)\" \/>\n<meta property=\"og:description\" content=\"Cree un dise\u00f1o e incruste de forma sencilla su widget meteorol\u00f3gico y mu\u00e9strelo en el sitio web de OpenCart. La atenci\u00f3n al cliente de Elfsight es gratuita.\" \/>\n<meta property=\"og:url\" content=\"https:\/\/elfsight.com\/es\/weather-widget\/opencart\/\" \/>\n<meta property=\"og:site_name\" content=\"Elfsight ES\" \/>\n<meta property=\"article:modified_time\" content=\"2025-02-06T15:48:40+00:00\" \/>\n<meta name=\"twitter:card\" content=\"summary_large_image\" \/>\n<meta name=\"twitter:label1\" content=\"Tiempo de lectura\" \/>\n\t<meta name=\"twitter:data1\" content=\"3 minutos\" \/>\n<!-- \/ Yoast SEO plugin. -->","yoast_head_json":{"title":"Widget del tiempo: agregue la aplicaci\u00f3n del tiempo al sitio web de OpenCart (gratis y r\u00e1pido)","description":"Cree un dise\u00f1o e incruste de forma sencilla su widget meteorol\u00f3gico y mu\u00e9strelo en el sitio web de OpenCart. La atenci\u00f3n al cliente de Elfsight es gratuita.","robots":{"index":"index","follow":"follow","max-snippet":"max-snippet:-1","max-image-preview":"max-image-preview:large","max-video-preview":"max-video-preview:-1"},"canonical":"https:\/\/elfsight.com\/es\/weather-widget\/opencart\/","og_locale":"es_ES","og_type":"article","og_title":"Widget del tiempo: agregue la aplicaci\u00f3n del tiempo al sitio web de OpenCart (gratis y r\u00e1pido)","og_description":"Cree un dise\u00f1o e incruste de forma sencilla su widget meteorol\u00f3gico y mu\u00e9strelo en el sitio web de OpenCart. La atenci\u00f3n al cliente de Elfsight es gratuita.","og_url":"https:\/\/elfsight.com\/es\/weather-widget\/opencart\/","og_site_name":"Elfsight ES","article_modified_time":"2025-02-06T15:48:40+00:00","twitter_card":"summary_large_image","twitter_misc":{"Tiempo de lectura":"3 minutos"},"schema":{"@context":"https:\/\/schema.org","@graph":[{"@type":"WebPage","@id":"https:\/\/elfsight.com\/es\/weather-widget\/opencart\/","url":"https:\/\/elfsight.com\/es\/weather-widget\/opencart\/","name":"Widget del tiempo: agregue la aplicaci\u00f3n del tiempo al sitio web de OpenCart (gratis y r\u00e1pido)","isPartOf":{"@id":"https:\/\/elfsight.com\/es\/#website"},"datePublished":"1970-01-01T00:00:00+00:00","dateModified":"2025-02-06T15:48:40+00:00","description":"Cree un dise\u00f1o e incruste de forma sencilla su widget meteorol\u00f3gico y mu\u00e9strelo en el sitio web de OpenCart. La atenci\u00f3n al cliente de Elfsight es gratuita.","breadcrumb":{"@id":"https:\/\/elfsight.com\/es\/weather-widget\/opencart\/#breadcrumb"},"inLanguage":"es","potentialAction":[{"@type":"ReadAction","target":["https:\/\/elfsight.com\/es\/weather-widget\/opencart\/"]}]},{"@type":"BreadcrumbList","@id":"https:\/\/elfsight.com\/es\/weather-widget\/opencart\/#breadcrumb","itemListElement":[{"@type":"ListItem","position":1,"name":"Home","item":"https:\/\/elfsight.com\/es\/"},{"@type":"ListItem","position":2,"name":"Weather","item":"https:\/\/elfsight.com\/es\/weather-widget\/"},{"@type":"ListItem","position":3,"name":"Weather &#8211; OpenCart"}]},{"@type":"WebSite","@id":"https:\/\/elfsight.com\/es\/#website","url":"https:\/\/elfsight.com\/es\/","name":"Elfsight ES","description":"Just another Elfsight Sites site","potentialAction":[{"@type":"SearchAction","target":{"@type":"EntryPoint","urlTemplate":"https:\/\/elfsight.com\/es\/?s={search_term_string}"},"query-input":{"@type":"PropertyValueSpecification","valueRequired":true,"valueName":"search_term_string"}}],"inLanguage":"es"}]}},"meta_box":{"industry":"","seo_heading":"","heading":"","description":"","cta_heading":"","cta_description":"","application":"1054","h1":"Extensi\u00f3n meteorol\u00f3gica OpenCart","h1_caption":"Proporcione el pron\u00f3stico del tiempo para cualquier lugar de su sitio","application_category":[],"applications_title":"","applications_request_title":"","applications_request_button_text":"","hero_text":"","hero_video":"","hero_video_schema_markup":"","selling_points_title":"","selling_points_caption":"","selling_points":[],"selling_points_cta_text":"","features_title":"","features":"","ed_cta_examples_text":"","ed_cta_examples_hidden":"","ed_cta_demo_text":"","ed_cta_demo_hidden":"","why_caption":"","why_editor_title":"","why_editor_text":"","why_team_title":"","why_team_text":"","why_service_title":"","why_service_text":"","template_catalog_visible":"","template_catalog_title":"","template_catalog_text":"","template_catalog_categories_visible":"","demo_title":"Crea tu extensi\u00f3n meteorol\u00f3gica","demo_caption":"\u00a1Configure su clima y agr\u00e9guelo a su sitio web OpenCart gratis!","default_faq_hidden":"","app_template_category":[],"platform":"88","template_public_id":"","codecanyon_url":"","codecanyon_item_id":"","codecanyon_price":"","pricing_caption":"","pricing_elfsight_apps_hide_column":"","pricing_elfsight_apps_url":"","pricing_codecanyon_price_caption":"","integration_category":[],"integration_request_title":"","integration_request_cta":"","integration_platform":"","integrations":[],"platform_category":[],"video_schema_markup":"","price":"desde $0 \/ mes","trial":"","benefits":[{"text":"Servicio de instalaci\u00f3n gratuito"},{"text":"Servicio al cliente eficaz"},{"text":"Garant\u00eda de reembolso de 14 d\u00edas"},{"text":"Mejoras gratuitas continuas"}],"button_url":"#demo","button_target_blank":"","button_nofollow":"","attributes":[{"name":"Instalaciones","content":"10,000 - 100,000"},{"name":"Sensible","content":"S\u00ed"},{"name":"Navegadores compatibles","content":"Opera, Safari, Edge, Firefox, Chrome"}],"tags":[],"tags_disable_links":"","hide_more_platforms":"","video_object":"","demo_hide_cta":"","demo_hide_cloud_options":"","pricing_title":"","pricing":[{"pricing_icon":"platform","pricing_title":"Elfsight Apps","pricing_title_caption":"Soluci\u00f3n digital multiplataforma","pricing_price":"desde $0 \/ mes","pricing_price_caption":"comienza con el plan gratuito","pricing_benefits":[{"text":"Sitios web ilimitados"},{"text":"Soporte gratuito y puntual"},{"text":"Soporte de instalaci\u00f3n gratuito"},{"text":"100% personalizable"}],"pricing_button_text":"A\u00f1adir al sitio web","pricing_button_url":"#demo"}],"related_apps_title":"","related_apps_hidden":"","author":"","image":[],"title":"","job":"","social_networks":[]},"_links":{"self":[{"href":"https:\/\/elfsight.com\/es\/wp-json\/wp\/v2\/pages\/7666","targetHints":{"allow":["GET"]}}],"collection":[{"href":"https:\/\/elfsight.com\/es\/wp-json\/wp\/v2\/pages"}],"about":[{"href":"https:\/\/elfsight.com\/es\/wp-json\/wp\/v2\/types\/page"}],"author":[{"embeddable":true,"href":"https:\/\/elfsight.com\/es\/wp-json\/wp\/v2\/users\/9"}],"replies":[{"embeddable":true,"href":"https:\/\/elfsight.com\/es\/wp-json\/wp\/v2\/comments?post=7666"}],"version-history":[{"count":2,"href":"https:\/\/elfsight.com\/es\/wp-json\/wp\/v2\/pages\/7666\/revisions"}],"predecessor-version":[{"id":18847,"href":"https:\/\/elfsight.com\/es\/wp-json\/wp\/v2\/pages\/7666\/revisions\/18847"}],"up":[{"embeddable":true,"href":"https:\/\/elfsight.com\/es\/wp-json\/wp\/v2\/pages\/1055"}],"wp:attachment":[{"href":"https:\/\/elfsight.com\/es\/wp-json\/wp\/v2\/media?parent=7666"}],"curies":[{"name":"wp","href":"https:\/\/api.w.org\/{rel}","templated":true}]}}