{"id":7660,"date":"1970-01-01T00:00:00","date_gmt":"1970-01-01T00:00:00","guid":{"rendered":"https:\/\/elfsight.com\/es\/?page_id=7660"},"modified":"2025-02-06T15:48:40","modified_gmt":"2025-02-06T15:48:40","slug":"magento","status":"publish","type":"page","link":"https:\/\/elfsight.com\/es\/weather-widget\/magento\/","title":{"rendered":"Weather &#8211; Magento"},"content":{"rendered":"<div class=\"application-platform-content-item-description application-platform-content-item\" id=\"description\" data-nav-section=\"description\"><h2>Descripci\u00f3n<\/h2><p>Elfsight Weather es un complemento de sitio web simple y personalizable para demostrar la informaci\u00f3n meteorol\u00f3gica relevante para un \u00e1rea seleccionada. Ingrese una ubicaci\u00f3n usando el nombre, c\u00f3digo postal o las coordenadas. Sus usuarios ver\u00e1n la informaci\u00f3n m\u00e1s reciente sobre la temperatura, la presi\u00f3n del aire, el porcentaje de humedad y el clima activo. Tambi\u00e9n puedes mostrar el pron\u00f3stico para la semana o para las pr\u00f3ximas 12 horas. El widget tambi\u00e9n incluye im\u00e1genes de fondo tem\u00e1ticas y la funci\u00f3n de pintar el fondo de cualquier color. <\/p><p><b>\u00a1Facilita a los clientes la b\u00fasqueda de la fecha de su evento al aire libre, con la previsi\u00f3n meteorol\u00f3gica siempre a la vista! <\/b><\/p><\/div><div class=\"application-platform-content-item-features application-platform-content-item\" id=\"features\" data-nav-section=\"features\"><p>Vea todas las funciones del widget del tiempo. Puedes configurarlos directamente en el editor y te ayudar\u00e1n a configurar el widget exactamente para tu caso de uso. <\/p><ul><li>3 m\u00e9todos para agregar el lugar: el nombre, el c\u00f3digo postal y las coordenadas; <\/li><li>Se incluyen m\u00e1s de 30 idiomas para mostrar informaci\u00f3n meteorol\u00f3gica en el idioma que habla su audiencia; <\/li><li>5 variantes de la configuraci\u00f3n del widget para diversos casos de uso; <\/li><li>La capacidad de agregar el pron\u00f3stico diario para la pr\u00f3xima semana con fechas; <\/li><li>A\u00f1adir previsi\u00f3n hora a hora para las pr\u00f3ximas doce horas. <\/li><\/ul><p><a href=\"#demo\">Vea c\u00f3mo funcionan todas las funciones en nuestra demostraci\u00f3n<\/a><\/p><\/div><div class=\"application-platform-content-item-installation application-platform-content-item\" id=\"installation\" data-nav-section=\"installation\"><h2>\u00bfC\u00f3mo puedo insertar la extensi\u00f3n Weather en el sitio web de Magento? <\/h2><p>Simplemente siga un par de pasos que se detallan a continuaci\u00f3n para integrar el widget en Magento.<\/p> <ol><li><b>Administre nuestra demostraci\u00f3n gratuita y comience a crear su extensi\u00f3n meteorol\u00f3gica personalizada. <\/b><br> Elija el dise\u00f1o y las caracter\u00edsticas deseables de la herramienta y aplique las ediciones. <\/li> <li><b>Obtenga su c\u00f3digo individual emergente en el cuadro de Elfsight Apps. <\/b><br> Inmediatamente despu\u00e9s de que finalice la configuraci\u00f3n de su widget, copie el c\u00f3digo exclusivo en el cuadro que aparece y gu\u00e1rdelo para futuras necesidades. <\/li> <li><b>Empiece a utilizar la herramienta en su p\u00e1gina de inicio de Magento. <\/b><br> Pegue el c\u00f3digo copiado recientemente en su sitio web y guarde las correcciones. <\/li> <li><b>La configuraci\u00f3n est\u00e1 completamente realizada. <\/b><br> Vaya a su sitio web para ver c\u00f3mo funciona la extensi\u00f3n. <\/li><\/ol><p>Puedes comunicarte con nuestro servicio de atenci\u00f3n al cliente si necesitas ayuda o tienes problemas. Le ayudaremos con cada solicitud. <\/p><div class=\"faq\" data-component=\"FAQ\"><div class=\"faq-item\">\r\n\t\t\t\t\t<div class=\"faq-item-question\">\r\n\t\t\t\t\t\t<h3 class=\"faq-item-question-text\">\u00bfC\u00f3mo puedo agregar Weather a mi p\u00e1gina web de Magento sin conocimientos de codificaci\u00f3n?<\/h3>\r\n\r\n\t\t\t\t\t\t<div class=\"faq-item-question-icon\"><\/div>\r\n\t\t\t\t\t<\/div>\r\n\r\n\t\t\t\t\t<div class=\"faq-item-answer\">\r\n\t\t\t\t\t\t<div class=\"faq-item-answer-text\"> <p>La compa\u00f1\u00eda Elfsight presenta una soluci\u00f3n que permite a una amplia audiencia crear un complemento de Weather usted mismo. Vea lo f\u00e1cil que es el proceso: vaya al editor en l\u00ednea para crear un widget de Weather que le gustar\u00eda incrustar en Magento. Haga clic en una de las plantillas listas para usar y cambie la configuraci\u00f3n del clima, transforme el dise\u00f1o y la combinaci\u00f3n de colores, agregue su contenido, sin ning\u00fan tipo de codificaci\u00f3n. Guarde la configuraci\u00f3n que realiz\u00f3 en Weather y copie el c\u00f3digo del widget para incrustarlo, que se puede pegar f\u00e1cilmente en la p\u00e1gina web de Magento sin comprar una versi\u00f3n paga. Usando nuestro Configurador f\u00e1cil de usar, cada usuario web puede crear una secci\u00f3n del Tiempo y agregarla sin esfuerzo al sitio web de Magento. No debes pagar ni ingresar las credenciales de tu tarjeta para poder acceder a nuestro servicio. Si encuentra alg\u00fan problema en alg\u00fan paso, no dude en hablar con nuestro equipo de soporte.<\/p> <\/div>\r\n\t\t\t\t\t<\/div>\r\n\t\t\t\t<\/div> <\/div><\/div>","protected":false},"excerpt":{"rendered":"","protected":false},"author":9,"featured_media":0,"parent":1055,"menu_order":0,"comment_status":"closed","ping_status":"closed","template":"templates\/template-application-platform.php","meta":{"publish_to_discourse":"","publish_post_category":"","wpdc_auto_publish_overridden":"","wpdc_topic_tags":"","wpdc_pin_topic":"","wpdc_pin_until":"","discourse_post_id":"","discourse_permalink":"","wpdc_publishing_response":"","wpdc_publishing_error":"","footnotes":""},"class_list":["post-7660","page","type-page","status-publish","hentry"],"yoast_head":"<!-- This site is optimized with the Yoast SEO plugin v25.3.1 - https:\/\/yoast.com\/wordpress\/plugins\/seo\/ -->\n<title>Agregue la extensi\u00f3n Weather al sitio web de Magento (gratis y r\u00e1pido)<\/title>\n<meta name=\"description\" content=\"Con Elfsight, d\u00e9 forma a su extensi\u00f3n meteorol\u00f3gica y col\u00f3quela r\u00e1pidamente en su sitio web de Magento. Tenemos soporte al cliente gratuito y m\u00e1s bonos.\" \/>\n<meta name=\"robots\" content=\"index, follow, max-snippet:-1, max-image-preview:large, max-video-preview:-1\" \/>\n<link rel=\"canonical\" href=\"https:\/\/elfsight.com\/es\/weather-widget\/magento\/\" \/>\n<meta property=\"og:locale\" content=\"es_ES\" \/>\n<meta property=\"og:type\" content=\"article\" \/>\n<meta property=\"og:title\" content=\"Agregue la extensi\u00f3n Weather al sitio web de Magento (gratis y r\u00e1pido)\" \/>\n<meta property=\"og:description\" content=\"Con Elfsight, d\u00e9 forma a su extensi\u00f3n meteorol\u00f3gica y col\u00f3quela r\u00e1pidamente en su sitio web de Magento. Tenemos soporte al cliente gratuito y m\u00e1s bonos.\" \/>\n<meta property=\"og:url\" content=\"https:\/\/elfsight.com\/es\/weather-widget\/magento\/\" \/>\n<meta property=\"og:site_name\" content=\"Elfsight ES\" \/>\n<meta property=\"article:modified_time\" content=\"2025-02-06T15:48:40+00:00\" \/>\n<meta name=\"twitter:card\" content=\"summary_large_image\" \/>\n<meta name=\"twitter:label1\" content=\"Tiempo de lectura\" \/>\n\t<meta name=\"twitter:data1\" content=\"3 minutos\" \/>\n<!-- \/ Yoast SEO plugin. -->","yoast_head_json":{"title":"Agregue la extensi\u00f3n Weather al sitio web de Magento (gratis y r\u00e1pido)","description":"Con Elfsight, d\u00e9 forma a su extensi\u00f3n meteorol\u00f3gica y col\u00f3quela r\u00e1pidamente en su sitio web de Magento. Tenemos soporte al cliente gratuito y m\u00e1s bonos.","robots":{"index":"index","follow":"follow","max-snippet":"max-snippet:-1","max-image-preview":"max-image-preview:large","max-video-preview":"max-video-preview:-1"},"canonical":"https:\/\/elfsight.com\/es\/weather-widget\/magento\/","og_locale":"es_ES","og_type":"article","og_title":"Agregue la extensi\u00f3n Weather al sitio web de Magento (gratis y r\u00e1pido)","og_description":"Con Elfsight, d\u00e9 forma a su extensi\u00f3n meteorol\u00f3gica y col\u00f3quela r\u00e1pidamente en su sitio web de Magento. Tenemos soporte al cliente gratuito y m\u00e1s bonos.","og_url":"https:\/\/elfsight.com\/es\/weather-widget\/magento\/","og_site_name":"Elfsight ES","article_modified_time":"2025-02-06T15:48:40+00:00","twitter_card":"summary_large_image","twitter_misc":{"Tiempo de lectura":"3 minutos"},"schema":{"@context":"https:\/\/schema.org","@graph":[{"@type":"WebPage","@id":"https:\/\/elfsight.com\/es\/weather-widget\/magento\/","url":"https:\/\/elfsight.com\/es\/weather-widget\/magento\/","name":"Agregue la extensi\u00f3n Weather al sitio web de Magento (gratis y r\u00e1pido)","isPartOf":{"@id":"https:\/\/elfsight.com\/es\/#website"},"datePublished":"1970-01-01T00:00:00+00:00","dateModified":"2025-02-06T15:48:40+00:00","description":"Con Elfsight, d\u00e9 forma a su extensi\u00f3n meteorol\u00f3gica y col\u00f3quela r\u00e1pidamente en su sitio web de Magento. Tenemos soporte al cliente gratuito y m\u00e1s bonos.","breadcrumb":{"@id":"https:\/\/elfsight.com\/es\/weather-widget\/magento\/#breadcrumb"},"inLanguage":"es","potentialAction":[{"@type":"ReadAction","target":["https:\/\/elfsight.com\/es\/weather-widget\/magento\/"]}]},{"@type":"BreadcrumbList","@id":"https:\/\/elfsight.com\/es\/weather-widget\/magento\/#breadcrumb","itemListElement":[{"@type":"ListItem","position":1,"name":"Home","item":"https:\/\/elfsight.com\/es\/"},{"@type":"ListItem","position":2,"name":"Weather","item":"https:\/\/elfsight.com\/es\/weather-widget\/"},{"@type":"ListItem","position":3,"name":"Weather &#8211; Magento"}]},{"@type":"WebSite","@id":"https:\/\/elfsight.com\/es\/#website","url":"https:\/\/elfsight.com\/es\/","name":"Elfsight ES","description":"Just another Elfsight Sites site","potentialAction":[{"@type":"SearchAction","target":{"@type":"EntryPoint","urlTemplate":"https:\/\/elfsight.com\/es\/?s={search_term_string}"},"query-input":{"@type":"PropertyValueSpecification","valueRequired":true,"valueName":"search_term_string"}}],"inLanguage":"es"}]}},"meta_box":{"industry":"","seo_heading":"","heading":"","description":"","cta_heading":"","cta_description":"","application":"1054","h1":"Extensi\u00f3n meteorol\u00f3gica de Magento","h1_caption":"Muestra el pron\u00f3stico del tiempo para cualquier lugar de tu sitio.","application_category":[],"applications_title":"","applications_request_title":"","applications_request_button_text":"","hero_text":"","hero_video":"","hero_video_schema_markup":"","selling_points_title":"","selling_points_caption":"","selling_points":[],"selling_points_cta_text":"","features_title":"","features":"","ed_cta_examples_text":"","ed_cta_examples_hidden":"","ed_cta_demo_text":"","ed_cta_demo_hidden":"","why_caption":"","why_editor_title":"","why_editor_text":"","why_team_title":"","why_team_text":"","why_service_title":"","why_service_text":"","template_catalog_visible":"","template_catalog_title":"","template_catalog_text":"","template_catalog_categories_visible":"","demo_title":"Crea tu extensi\u00f3n meteorol\u00f3gica","demo_caption":"\u00a1Configure su clima y agr\u00e9guelo a su sitio web Magento gratis!","default_faq_hidden":"","app_template_category":[],"platform":"82","template_public_id":"","codecanyon_url":"","codecanyon_item_id":"","codecanyon_price":"","pricing_caption":"","pricing_elfsight_apps_hide_column":"","pricing_elfsight_apps_url":"","pricing_codecanyon_price_caption":"","integration_category":[],"integration_request_title":"","integration_request_cta":"","integration_platform":"","integrations":[],"platform_category":[],"video_schema_markup":"","price":"desde $0 \/ mes","trial":"","benefits":[{"text":"Servicio de instalaci\u00f3n gratuito"},{"text":"Soporte excepcional"},{"text":"Garant\u00eda de reembolso de 14 d\u00edas"},{"text":"Mejoras peri\u00f3dicas"}],"button_url":"#demo","button_target_blank":"","button_nofollow":"","attributes":[{"name":"Instalaciones","content":"10,000 - 100,000"},{"name":"Sensible","content":"S\u00ed"},{"name":"Navegadores compatibles","content":"Firefox, Safari, Opera, Chrome, Edge"}],"tags":[],"tags_disable_links":"","hide_more_platforms":"","video_object":"","demo_hide_cta":"","demo_hide_cloud_options":"","pricing_title":"","pricing":[{"pricing_icon":"platform","pricing_title":"Elfsight Apps","pricing_title_caption":"Software multiplataforma que funciona en cualquier sitio web","pricing_price":"desde $0 \/ mes","pricing_price_caption":"comienza con un plan gratuito","pricing_benefits":[{"text":"Sitios web ilimitados"},{"text":"Soporte profesional y bien documentado."},{"text":"Asistencia de instalaci\u00f3n gratuita"},{"text":"100% personalizable"}],"pricing_button_text":"A\u00f1adir al sitio web","pricing_button_url":"#demo"}],"related_apps_title":"","related_apps_hidden":"","author":"","image":[],"title":"","job":"","social_networks":[]},"_links":{"self":[{"href":"https:\/\/elfsight.com\/es\/wp-json\/wp\/v2\/pages\/7660","targetHints":{"allow":["GET"]}}],"collection":[{"href":"https:\/\/elfsight.com\/es\/wp-json\/wp\/v2\/pages"}],"about":[{"href":"https:\/\/elfsight.com\/es\/wp-json\/wp\/v2\/types\/page"}],"author":[{"embeddable":true,"href":"https:\/\/elfsight.com\/es\/wp-json\/wp\/v2\/users\/9"}],"replies":[{"embeddable":true,"href":"https:\/\/elfsight.com\/es\/wp-json\/wp\/v2\/comments?post=7660"}],"version-history":[{"count":2,"href":"https:\/\/elfsight.com\/es\/wp-json\/wp\/v2\/pages\/7660\/revisions"}],"predecessor-version":[{"id":18849,"href":"https:\/\/elfsight.com\/es\/wp-json\/wp\/v2\/pages\/7660\/revisions\/18849"}],"up":[{"embeddable":true,"href":"https:\/\/elfsight.com\/es\/wp-json\/wp\/v2\/pages\/1055"}],"wp:attachment":[{"href":"https:\/\/elfsight.com\/es\/wp-json\/wp\/v2\/media?parent=7660"}],"curies":[{"name":"wp","href":"https:\/\/api.w.org\/{rel}","templated":true}]}}