{"id":7658,"date":"1970-01-01T00:00:00","date_gmt":"1970-01-01T00:00:00","guid":{"rendered":"https:\/\/elfsight.com\/es\/?page_id=7658"},"modified":"2025-02-06T15:48:48","modified_gmt":"2025-02-06T15:48:48","slug":"jquery","status":"publish","type":"page","link":"https:\/\/elfsight.com\/es\/weather-widget\/jquery\/","title":{"rendered":"Weather &#8211; jQuery"},"content":{"rendered":"<div class=\"application-platform-content-item-description application-platform-content-item\" id=\"description\" data-nav-section=\"description\"><h2>Descripci\u00f3n<\/h2><p>Elfsight Weather widget es un widget de sitio web sencillo y muy ajustable para mostrar la situaci\u00f3n meteorol\u00f3gica actual en cualquier ubicaci\u00f3n. Agrega el lugar por el t\u00edtulo, c\u00f3digo postal o las coordenadas. Su audiencia ver\u00e1 la informaci\u00f3n actualizada sobre la temperatura, la presi\u00f3n del aire, la humedad y el clima activo. El widget tiene una opci\u00f3n para demostrar el pron\u00f3stico por hora o por d\u00eda. El widget tambi\u00e9n presenta un fondo tem\u00e1tico y la posibilidad de elegir cualquier color. <\/p><p><b>\u00a1Facilite a los clientes ordenar sus eventos al aire libre con el pron\u00f3stico del tiempo a la vista! <\/b><\/p><\/div><div class=\"application-platform-content-item-features application-platform-content-item\" id=\"features\" data-nav-section=\"features\"><p>Aqu\u00ed puedes ver todas las caracter\u00edsticas funcionales del widget del tiempo. Puedes administrarlos directamente en el editor y te ayudar\u00e1n a configurar el widget que se ajuste a tus necesidades. <\/p><ul><li>3 formas de ingresar la ubicaci\u00f3n: por el nombre, el c\u00f3digo postal o las coordenadas; <\/li><li>M\u00e1s de 30 idiomas compatibles para mostrar detalles del clima en su lengua materna; <\/li><li>Cinco tipos de configuraci\u00f3n de widgets para diversos casos de uso; <\/li><li>La opci\u00f3n de demostrar el pron\u00f3stico diario para una semana con fechas; <\/li><li>Agregue el clima hora por hora durante las pr\u00f3ximas 12 horas. <\/li><\/ul><p><a href=\"#demo\">Puedes probar todas las caracter\u00edsticas funcionales del widget directamente en la demostraci\u00f3n<\/a><\/p><\/div><div class=\"application-platform-content-item-installation application-platform-content-item\" id=\"installation\" data-nav-section=\"installation\"><h2>\u00bfC\u00f3mo puedo incrustar el complemento Weather en mi sitio jQuery? <\/h2><p>Para incrustar el widget, simplemente siga los siguientes pasos r\u00e1pidos<\/p><ol><li><b>Genere su complemento meteorol\u00f3gico personal<\/b><br>Mediante nuestra demostraci\u00f3n gratuita, obtenga un complemento con una apariencia y funcionalidad preferibles. <\/li> <li><b>Adquiera el c\u00f3digo individual para publicar el complemento<\/b><br>Despu\u00e9s de haber configurado su widget, adquirir\u00e1 su c\u00f3digo de instalaci\u00f3n de la notificaci\u00f3n que aparece en Elfsight Apps. Copie el c\u00f3digo para su uso posterior. <\/li> <li><b>El complemento en su sitio web jQuery<\/b><br>Elija el \u00e1rea donde necesita colocar el complemento y pegue el c\u00f3digo copiado all\u00ed. Aplicar los cambios. <\/li> <li><b>\u00a1Felicitaciones! \u00a1Acabas de configurar el widget! <\/b><br>Ingrese a su sitio para ver su complemento. <\/li><\/ol><p>No dude en comunicarse con el servicio de atenci\u00f3n al cliente de Elfsight cuando necesite asesoramiento o tenga problemas. Nuestros especialistas le ayudar\u00e1n en cada solicitud. <\/p><div class=\"faq\" data-component=\"FAQ\"><div class=\"faq-item\">\r\n\t\t\t\t\t<div class=\"faq-item-question\">\r\n\t\t\t\t\t\t<h3 class=\"faq-item-question-text\">\u00bfExiste una opci\u00f3n para agregar Weather a mi sitio web jQuery sin codificaci\u00f3n?<\/h3>\r\n\r\n\t\t\t\t\t\t<div class=\"faq-item-question-icon\"><\/div>\r\n\t\t\t\t\t<\/div>\r\n\r\n\t\t\t\t\t<div class=\"faq-item-answer\">\r\n\t\t\t\t\t\t<div class=\"faq-item-answer-text\"> <p>La compa\u00f1\u00eda Elfsight ofrece una soluci\u00f3n en la nube que permite a las personas establecer un widget de Weather usted mismo. Descubra lo sencillo que es: trabaje directamente en el editor en vivo para establecer un complemento de Weather que le gustar\u00eda incrustar en su p\u00e1gina web jQuery. Seleccione una de las muchas plantillas predise\u00f1adas y ajuste la configuraci\u00f3n del clima, cambie el dise\u00f1o y el color de los elementos, agregue su contenido, sin conocimientos de codificaci\u00f3n. Haga clic para guardar la configuraci\u00f3n que realiz\u00f3 en Weather y obtener el c\u00f3digo de instalaci\u00f3n del complemento, que puede agregarse simplemente en cualquier p\u00e1gina de inicio de jQuery sin comprar una suscripci\u00f3n paga. Con el sencillo Configurador, cada usuario de Internet puede crear un complemento meteorol\u00f3gico en l\u00ednea e incluirlo sin esfuerzo en el sitio web jQuery. No es necesario obtener un plan pago ni revelar las credenciales de su tarjeta para acceder al servicio. Si tiene alg\u00fan problema en cualquier paso, no dude en ponerse en contacto con nuestro equipo de soporte.<\/p> <\/div>\r\n\t\t\t\t\t<\/div>\r\n\t\t\t\t<\/div> <\/div><\/div>","protected":false},"excerpt":{"rendered":"","protected":false},"author":9,"featured_media":0,"parent":1055,"menu_order":0,"comment_status":"closed","ping_status":"closed","template":"templates\/template-application-platform.php","meta":{"publish_to_discourse":"","publish_post_category":"","wpdc_auto_publish_overridden":"","wpdc_topic_tags":"","wpdc_pin_topic":"","wpdc_pin_until":"","discourse_post_id":"","discourse_permalink":"","wpdc_publishing_response":"","wpdc_publishing_error":"","footnotes":""},"class_list":["post-7658","page","type-page","status-publish","hentry"],"yoast_head":"<!-- This site is optimized with the Yoast SEO plugin v25.3.1 - https:\/\/yoast.com\/wordpress\/plugins\/seo\/ -->\n<title>Widget meteorol\u00f3gico: agregue el complemento meteorol\u00f3gico al sitio web jQuery (gratis y r\u00e1pido)<\/title>\n<meta name=\"description\" content=\"Es muy f\u00e1cil crear su complemento Weather y colocarlo en el sitio web de jQuery. La atenci\u00f3n al cliente de Elfsight es gratuita y r\u00e1pida.\" \/>\n<meta name=\"robots\" content=\"index, follow, max-snippet:-1, max-image-preview:large, max-video-preview:-1\" \/>\n<link rel=\"canonical\" href=\"https:\/\/elfsight.com\/es\/weather-widget\/jquery\/\" \/>\n<meta property=\"og:locale\" content=\"es_ES\" \/>\n<meta property=\"og:type\" content=\"article\" \/>\n<meta property=\"og:title\" content=\"Widget meteorol\u00f3gico: agregue el complemento meteorol\u00f3gico al sitio web jQuery (gratis y r\u00e1pido)\" \/>\n<meta property=\"og:description\" content=\"Es muy f\u00e1cil crear su complemento Weather y colocarlo en el sitio web de jQuery. La atenci\u00f3n al cliente de Elfsight es gratuita y r\u00e1pida.\" \/>\n<meta property=\"og:url\" content=\"https:\/\/elfsight.com\/es\/weather-widget\/jquery\/\" \/>\n<meta property=\"og:site_name\" content=\"Elfsight ES\" \/>\n<meta property=\"article:modified_time\" content=\"2025-02-06T15:48:48+00:00\" \/>\n<meta name=\"twitter:card\" content=\"summary_large_image\" \/>\n<meta name=\"twitter:label1\" content=\"Tiempo de lectura\" \/>\n\t<meta name=\"twitter:data1\" content=\"3 minutos\" \/>\n<!-- \/ Yoast SEO plugin. -->","yoast_head_json":{"title":"Widget meteorol\u00f3gico: agregue el complemento meteorol\u00f3gico al sitio web jQuery (gratis y r\u00e1pido)","description":"Es muy f\u00e1cil crear su complemento Weather y colocarlo en el sitio web de jQuery. La atenci\u00f3n al cliente de Elfsight es gratuita y r\u00e1pida.","robots":{"index":"index","follow":"follow","max-snippet":"max-snippet:-1","max-image-preview":"max-image-preview:large","max-video-preview":"max-video-preview:-1"},"canonical":"https:\/\/elfsight.com\/es\/weather-widget\/jquery\/","og_locale":"es_ES","og_type":"article","og_title":"Widget meteorol\u00f3gico: agregue el complemento meteorol\u00f3gico al sitio web jQuery (gratis y r\u00e1pido)","og_description":"Es muy f\u00e1cil crear su complemento Weather y colocarlo en el sitio web de jQuery. La atenci\u00f3n al cliente de Elfsight es gratuita y r\u00e1pida.","og_url":"https:\/\/elfsight.com\/es\/weather-widget\/jquery\/","og_site_name":"Elfsight ES","article_modified_time":"2025-02-06T15:48:48+00:00","twitter_card":"summary_large_image","twitter_misc":{"Tiempo de lectura":"3 minutos"},"schema":{"@context":"https:\/\/schema.org","@graph":[{"@type":"WebPage","@id":"https:\/\/elfsight.com\/es\/weather-widget\/jquery\/","url":"https:\/\/elfsight.com\/es\/weather-widget\/jquery\/","name":"Widget meteorol\u00f3gico: agregue el complemento meteorol\u00f3gico al sitio web jQuery (gratis y r\u00e1pido)","isPartOf":{"@id":"https:\/\/elfsight.com\/es\/#website"},"datePublished":"1970-01-01T00:00:00+00:00","dateModified":"2025-02-06T15:48:48+00:00","description":"Es muy f\u00e1cil crear su complemento Weather y colocarlo en el sitio web de jQuery. La atenci\u00f3n al cliente de Elfsight es gratuita y r\u00e1pida.","breadcrumb":{"@id":"https:\/\/elfsight.com\/es\/weather-widget\/jquery\/#breadcrumb"},"inLanguage":"es","potentialAction":[{"@type":"ReadAction","target":["https:\/\/elfsight.com\/es\/weather-widget\/jquery\/"]}]},{"@type":"BreadcrumbList","@id":"https:\/\/elfsight.com\/es\/weather-widget\/jquery\/#breadcrumb","itemListElement":[{"@type":"ListItem","position":1,"name":"Home","item":"https:\/\/elfsight.com\/es\/"},{"@type":"ListItem","position":2,"name":"Weather","item":"https:\/\/elfsight.com\/es\/weather-widget\/"},{"@type":"ListItem","position":3,"name":"Weather &#8211; jQuery"}]},{"@type":"WebSite","@id":"https:\/\/elfsight.com\/es\/#website","url":"https:\/\/elfsight.com\/es\/","name":"Elfsight ES","description":"Just another Elfsight Sites site","potentialAction":[{"@type":"SearchAction","target":{"@type":"EntryPoint","urlTemplate":"https:\/\/elfsight.com\/es\/?s={search_term_string}"},"query-input":{"@type":"PropertyValueSpecification","valueRequired":true,"valueName":"search_term_string"}}],"inLanguage":"es"}]}},"meta_box":{"industry":"","seo_heading":"","heading":"","description":"","cta_heading":"","cta_description":"","application":"1054","h1":"Complemento jQuery Weather","h1_caption":"Muestra el pron\u00f3stico del tiempo para cualquier ubicaci\u00f3n en tu sitio web","application_category":[],"applications_title":"","applications_request_title":"","applications_request_button_text":"","hero_text":"","hero_video":"","hero_video_schema_markup":"","selling_points_title":"","selling_points_caption":"","selling_points":[],"selling_points_cta_text":"","features_title":"","features":"","ed_cta_examples_text":"","ed_cta_examples_hidden":"","ed_cta_demo_text":"","ed_cta_demo_hidden":"","why_caption":"","why_editor_title":"","why_editor_text":"","why_team_title":"","why_team_text":"","why_service_title":"","why_service_text":"","template_catalog_visible":"","template_catalog_title":"","template_catalog_text":"","template_catalog_categories_visible":"","demo_title":"Crea tu complemento meteorol\u00f3gico","demo_caption":"\u00a1Configure su clima y agr\u00e9guelo a su sitio web jQuery gratis!","default_faq_hidden":"","app_template_category":[],"platform":"76","template_public_id":"","codecanyon_url":"","codecanyon_item_id":"","codecanyon_price":"","pricing_caption":"","pricing_elfsight_apps_hide_column":"","pricing_elfsight_apps_url":"","pricing_codecanyon_price_caption":"","integration_category":[],"integration_request_title":"","integration_request_cta":"","integration_platform":"","integrations":[],"platform_category":[],"video_schema_markup":"","price":"desde $0 \/ mes","trial":"","benefits":[{"text":"Servicio de instalaci\u00f3n gratuito"},{"text":"Servicio al cliente competente"},{"text":"Garant\u00eda de devoluci\u00f3n de dinero de 14 d\u00edas"},{"text":"Futuras actualizaciones gratuitas"}],"button_url":"#demo","button_target_blank":"","button_nofollow":"","attributes":[{"name":"Instalaciones","content":"10,000 - 100,000"},{"name":"Sensible","content":"S\u00ed"},{"name":"Navegadores compatibles","content":"Firefox, Safari, Opera, Chrome, Edge"}],"tags":[],"tags_disable_links":"","hide_more_platforms":"","video_object":"","demo_hide_cta":"","demo_hide_cloud_options":"","pricing_title":"","pricing":[{"pricing_icon":"platform","pricing_title":"Elfsight Apps","pricing_title_caption":"Soluci\u00f3n digital multiplataforma","pricing_price":"desde $0 \/ mes","pricing_price_caption":"comienza con un plan gratuito","pricing_benefits":[{"text":"Sitios web ilimitados"},{"text":"Atenci\u00f3n al cliente r\u00e1pida"},{"text":"Ayuda de instalaci\u00f3n gratuita"},{"text":"Totalmente personalizable"}],"pricing_button_text":"A\u00f1adir al sitio web","pricing_button_url":"#demo"}],"related_apps_title":"","related_apps_hidden":"","author":"","image":[],"title":"","job":"","social_networks":[]},"_links":{"self":[{"href":"https:\/\/elfsight.com\/es\/wp-json\/wp\/v2\/pages\/7658","targetHints":{"allow":["GET"]}}],"collection":[{"href":"https:\/\/elfsight.com\/es\/wp-json\/wp\/v2\/pages"}],"about":[{"href":"https:\/\/elfsight.com\/es\/wp-json\/wp\/v2\/types\/page"}],"author":[{"embeddable":true,"href":"https:\/\/elfsight.com\/es\/wp-json\/wp\/v2\/users\/9"}],"replies":[{"embeddable":true,"href":"https:\/\/elfsight.com\/es\/wp-json\/wp\/v2\/comments?post=7658"}],"version-history":[{"count":2,"href":"https:\/\/elfsight.com\/es\/wp-json\/wp\/v2\/pages\/7658\/revisions"}],"predecessor-version":[{"id":18851,"href":"https:\/\/elfsight.com\/es\/wp-json\/wp\/v2\/pages\/7658\/revisions\/18851"}],"up":[{"embeddable":true,"href":"https:\/\/elfsight.com\/es\/wp-json\/wp\/v2\/pages\/1055"}],"wp:attachment":[{"href":"https:\/\/elfsight.com\/es\/wp-json\/wp\/v2\/media?parent=7658"}],"curies":[{"name":"wp","href":"https:\/\/api.w.org\/{rel}","templated":true}]}}