{"id":7653,"date":"1970-01-01T00:00:00","date_gmt":"1970-01-01T00:00:00","guid":{"rendered":"https:\/\/elfsight.com\/es\/?page_id=7653"},"modified":"2025-02-06T15:48:48","modified_gmt":"2025-02-06T15:48:48","slug":"joomla","status":"publish","type":"page","link":"https:\/\/elfsight.com\/es\/weather-widget\/joomla\/","title":{"rendered":"Weather &#8211; Joomla"},"content":{"rendered":"<div class=\"application-platform-content-item-description application-platform-content-item\" id=\"description\" data-nav-section=\"description\"><h2>Descripci\u00f3n<\/h2><p>Elfsight Weather widget es un widget de sitio web sencillo y altamente personalizable que proporciona a sus usuarios el pron\u00f3stico del tiempo actualizado para una ubicaci\u00f3n elegida. Ingrese una ubicaci\u00f3n usando el nombre, c\u00f3digo postal o las coordenadas. Sus visitantes ver\u00e1n la informaci\u00f3n m\u00e1s reciente sobre la temperatura, la presi\u00f3n del aire, la humedad y los elementos clim\u00e1ticos. Hay una opci\u00f3n para mostrar el pron\u00f3stico por hora o por d\u00eda. Puede personalizar la interfaz utilizando im\u00e1genes de fondo con temas meteorol\u00f3gicos y la opci\u00f3n de pintar el fondo con colores personalizados. <\/p><p><b>Proporcione una mejor experiencia al cliente al tener un widget meteorol\u00f3gico informativo en su sitio. <\/b><\/p><div class=\"faq\" data-component=\"FAQ\"><div class=\"faq-item\">\r\n\t\t\t\t\t<div class=\"faq-item-question\">\r\n\t\t\t\t\t\t<h3 class=\"faq-item-question-text\">\u00bfQu\u00e9 otros m\u00f3dulos son imprescindibles para un sitio Joomla?<\/h3>\r\n\r\n\t\t\t\t\t\t<div class=\"faq-item-question-icon\"><\/div>\r\n\t\t\t\t\t<\/div>\r\n\r\n\t\t\t\t\t<div class=\"faq-item-answer\">\r\n\t\t\t\t\t\t<div class=\"faq-item-answer-text\"><p>Puedes encontrar cualquier tipo de complemento en Elfsight, desde numerosos chats hasta galer\u00edas y rese\u00f1as. Por ejemplo, puede agregar un <a href=\"https:\/\/elfsight.com\/all-in-one-chat-widget\/joomla\/\">Chat todo en uno<\/a> o un <a href=\"https:\/\/elfsight.com\/whatsapp-chat-widget\/joomla\/\">Chat de WhatsApp<\/a> para comunicarse con los usuarios del sitio web de la forma m\u00e1s sencilla, <a href=\"https:\/\/elfsight.com\/pdf-embed-widget\/joomla\/\">PDF Embed<\/a> &#8211; para presentar documentos oficiales o men\u00fas de restaurantes, <a href=\"https:\/\/elfsight.com\/instagram-feed-instashow\/joomla\/\">Instagram Feed<\/a> &#8211; para mostrar sus abrumadoras fotos de Instagram directamente en el sitio web.<\/p><p>De todos modos, tenga en cuenta que puede elegir cualquier herramienta que desee y mejorar su sitio web en \u00a1Meros segundos!<\/p><\/div>\r\n\t\t\t\t\t<\/div>\r\n\t\t\t\t<\/div><div class=\"faq-item\">\r\n\t\t\t\t\t<div class=\"faq-item-question\">\r\n\t\t\t\t\t\t<h3 class=\"faq-item-question-text\">\u00bfC\u00f3mo agregar la extensi\u00f3n Weather a un sitio web Joomla?<\/h3>\r\n\r\n\t\t\t\t\t\t<div class=\"faq-item-question-icon\"><\/div>\r\n\t\t\t\t\t<\/div>\r\n\r\n\t\t\t\t\t<div class=\"faq-item-answer\">\r\n\t\t\t\t\t\t<div class=\"faq-item-answer-text\"><p>La instalaci\u00f3n tomar\u00e1 s\u00f3lo un minuto y medio. Personalice el m\u00f3dulo animado para su sitio Joomla en el configurador gratuito, presente el pron\u00f3stico del tiempo actual, el viento, la temperatura e ingrese un c\u00f3digo postal o nombre de ciudad para mostrar solo pron\u00f3sticos locales.<\/p> <p>Copie su c\u00f3digo de instalaci\u00f3n y p\u00e9guelo en el lugar necesario en el backend del sitio. \u00a1Entiendo! \u00a1La configuraci\u00f3n del complemento meteorol\u00f3gico en Joomla ha terminado! Es posible que veas la gu\u00eda completa sobre c\u00f3mo insertar la extensi\u00f3n meteorol\u00f3gica de Joomla <a href=\"https:\/\/elfsight.com\/tutorials\/how-to-add-weather-widget\/#how-to-add-weather-to-joomla\">en esta p\u00e1gina<\/a>.<\/p><\/div>\r\n\t\t\t\t\t<\/div>\r\n\t\t\t\t<\/div><div class=\"faq-item\">\r\n\t\t\t\t\t<div class=\"faq-item-question\">\r\n\t\t\t\t\t\t<h3 class=\"faq-item-question-text\">\u00bfPuedo ver c\u00f3mo se ver\u00e1 el widget en un sitio?<\/h3>\r\n\r\n\t\t\t\t\t\t<div class=\"faq-item-question-icon\"><\/div>\r\n\t\t\t\t\t<\/div>\r\n\r\n\t\t\t\t\t<div class=\"faq-item-answer\">\r\n\t\t\t\t\t\t<div class=\"faq-item-answer-text\"><p>\u00a1S\u00ed, puedes! En el proceso de creaci\u00f3n de la extensi\u00f3n meteorol\u00f3gica para Joomla <a href=\"https:\/\/elfsight.com\/weather-widget\/#demo\">en el generador de widgets en l\u00ednea gratuito<\/a>, considerar\u00e1 todas las configuraciones de la derecha. El clima ser\u00e1 id\u00e9ntico al que agregar\u00e1 a un sitio web Joomla.<\/p><\/div>\r\n\t\t\t\t\t<\/div>\r\n\t\t\t\t<\/div><\/div><\/div><div class=\"application-platform-content-item-features application-platform-content-item\" id=\"features\" data-nav-section=\"features\"><p>Vea todas las caracter\u00edsticas del widget del clima. Puedes configurarlos directamente en el editor y te ayudar\u00e1n a dar forma al widget m\u00e1s adecuado para tu caso de uso. <\/p><ul><li>Tres m\u00e9todos para agregar el lugar: por el nombre, el c\u00f3digo postal y las coordenadas; <\/li><li>Se incluyen m\u00e1s de 30 idiomas para mostrar informaci\u00f3n meteorol\u00f3gica en el idioma que habla su audiencia; <\/li><li>Cinco tipos de configuraci\u00f3n de widgets para diversos casos de uso; <\/li><li>La opci\u00f3n de mostrar el pron\u00f3stico diario para la semana futura con fechas; <\/li><li>Agregue el clima hora por hora para las pr\u00f3ximas doce horas. <\/li><\/ul><p><a href=\"#demo\">Compruebe c\u00f3mo funcionan todas las funciones en nuestra demostraci\u00f3n<\/a><\/p><\/div><div class=\"application-platform-content-item-installation application-platform-content-item\" id=\"installation\" data-nav-section=\"installation\"><h2>\u00bfC\u00f3mo puedo insertar la extensi\u00f3n Weather en mi sitio web Joomla? <\/h2><p>Simplemente aplique las instrucciones a continuaci\u00f3n para comenzar a usar la herramienta en Joomla.<\/p> <ol><li><b>Administre nuestro configurador gratuito y comience a crear su extensi\u00f3n personalizada. <\/b><br> Especifique el aspecto preferido y las caracter\u00edsticas funcionales de la herramienta y aplique las correcciones. <\/li> <li><b>Reciba su c\u00f3digo \u00fanico que aparece en la ventana de Elfsight Apps. <\/b><br> Cuando finalice la configuraci\u00f3n de su extensi\u00f3n Weather, copie el c\u00f3digo personal en la ventana que aparece y gu\u00e1rdelo para usarlo en el futuro. <\/li> <li><b>Comience a utilizar la herramienta en el sitio Joomla. <\/b><br>Coloca el c\u00f3digo guardado anteriormente en tu sitio web y aplica las correcciones. <\/li> <li><b>\u00a1Ya terminaste! La configuraci\u00f3n se realiza con \u00e9xito. <\/b><br>Visite su sitio web para observar c\u00f3mo funciona la extensi\u00f3n. <\/li><\/ol><p>No dudes en ponerte en contacto con el servicio de atenci\u00f3n al cliente de Elfsight en caso de que necesites asesoramiento o tengas dudas. Estaremos encantados de ayudarle con cada consulta. <\/p><\/div>","protected":false},"excerpt":{"rendered":"","protected":false},"author":9,"featured_media":0,"parent":1055,"menu_order":0,"comment_status":"closed","ping_status":"closed","template":"templates\/template-application-platform.php","meta":{"publish_to_discourse":"","publish_post_category":"","wpdc_auto_publish_overridden":"","wpdc_topic_tags":"","wpdc_pin_topic":"","wpdc_pin_until":"","discourse_post_id":"","discourse_permalink":"","wpdc_publishing_response":"","wpdc_publishing_error":"","footnotes":""},"class_list":["post-7653","page","type-page","status-publish","hentry"],"yoast_head":"<!-- This site is optimized with the Yoast SEO plugin v25.3.1 - https:\/\/yoast.com\/wordpress\/plugins\/seo\/ -->\n<title>Widget meteorol\u00f3gico: agregue el m\u00f3dulo meteorol\u00f3gico al sitio web de Joomla (gratis y r\u00e1pido)<\/title>\n<meta name=\"description\" content=\"Cree una extensi\u00f3n meteorol\u00f3gica y publ\u00edquela en su sitio web Joomla con Elfsight. Contamos con atenci\u00f3n al cliente gratuita y m\u00e1s bonos.\" \/>\n<meta name=\"robots\" content=\"index, follow, max-snippet:-1, max-image-preview:large, max-video-preview:-1\" \/>\n<link rel=\"canonical\" href=\"https:\/\/elfsight.com\/es\/weather-widget\/joomla\/\" \/>\n<meta property=\"og:locale\" content=\"es_ES\" \/>\n<meta property=\"og:type\" content=\"article\" \/>\n<meta property=\"og:title\" content=\"Widget meteorol\u00f3gico: agregue el m\u00f3dulo meteorol\u00f3gico al sitio web de Joomla (gratis y r\u00e1pido)\" \/>\n<meta property=\"og:description\" content=\"Cree una extensi\u00f3n meteorol\u00f3gica y publ\u00edquela en su sitio web Joomla con Elfsight. Contamos con atenci\u00f3n al cliente gratuita y m\u00e1s bonos.\" \/>\n<meta property=\"og:url\" content=\"https:\/\/elfsight.com\/es\/weather-widget\/joomla\/\" \/>\n<meta property=\"og:site_name\" content=\"Elfsight ES\" \/>\n<meta property=\"article:modified_time\" content=\"2025-02-06T15:48:48+00:00\" \/>\n<meta name=\"twitter:card\" content=\"summary_large_image\" \/>\n<meta name=\"twitter:label1\" content=\"Tiempo de lectura\" \/>\n\t<meta name=\"twitter:data1\" content=\"4 minutos\" \/>\n<!-- \/ Yoast SEO plugin. -->","yoast_head_json":{"title":"Widget meteorol\u00f3gico: agregue el m\u00f3dulo meteorol\u00f3gico al sitio web de Joomla (gratis y r\u00e1pido)","description":"Cree una extensi\u00f3n meteorol\u00f3gica y publ\u00edquela en su sitio web Joomla con Elfsight. Contamos con atenci\u00f3n al cliente gratuita y m\u00e1s bonos.","robots":{"index":"index","follow":"follow","max-snippet":"max-snippet:-1","max-image-preview":"max-image-preview:large","max-video-preview":"max-video-preview:-1"},"canonical":"https:\/\/elfsight.com\/es\/weather-widget\/joomla\/","og_locale":"es_ES","og_type":"article","og_title":"Widget meteorol\u00f3gico: agregue el m\u00f3dulo meteorol\u00f3gico al sitio web de Joomla (gratis y r\u00e1pido)","og_description":"Cree una extensi\u00f3n meteorol\u00f3gica y publ\u00edquela en su sitio web Joomla con Elfsight. Contamos con atenci\u00f3n al cliente gratuita y m\u00e1s bonos.","og_url":"https:\/\/elfsight.com\/es\/weather-widget\/joomla\/","og_site_name":"Elfsight ES","article_modified_time":"2025-02-06T15:48:48+00:00","twitter_card":"summary_large_image","twitter_misc":{"Tiempo de lectura":"4 minutos"},"schema":{"@context":"https:\/\/schema.org","@graph":[{"@type":"WebPage","@id":"https:\/\/elfsight.com\/es\/weather-widget\/joomla\/","url":"https:\/\/elfsight.com\/es\/weather-widget\/joomla\/","name":"Widget meteorol\u00f3gico: agregue el m\u00f3dulo meteorol\u00f3gico al sitio web de Joomla (gratis y r\u00e1pido)","isPartOf":{"@id":"https:\/\/elfsight.com\/es\/#website"},"datePublished":"1970-01-01T00:00:00+00:00","dateModified":"2025-02-06T15:48:48+00:00","description":"Cree una extensi\u00f3n meteorol\u00f3gica y publ\u00edquela en su sitio web Joomla con Elfsight. Contamos con atenci\u00f3n al cliente gratuita y m\u00e1s bonos.","breadcrumb":{"@id":"https:\/\/elfsight.com\/es\/weather-widget\/joomla\/#breadcrumb"},"inLanguage":"es","potentialAction":[{"@type":"ReadAction","target":["https:\/\/elfsight.com\/es\/weather-widget\/joomla\/"]}]},{"@type":"BreadcrumbList","@id":"https:\/\/elfsight.com\/es\/weather-widget\/joomla\/#breadcrumb","itemListElement":[{"@type":"ListItem","position":1,"name":"Home","item":"https:\/\/elfsight.com\/es\/"},{"@type":"ListItem","position":2,"name":"Weather","item":"https:\/\/elfsight.com\/es\/weather-widget\/"},{"@type":"ListItem","position":3,"name":"Weather &#8211; Joomla"}]},{"@type":"WebSite","@id":"https:\/\/elfsight.com\/es\/#website","url":"https:\/\/elfsight.com\/es\/","name":"Elfsight ES","description":"Just another Elfsight Sites site","potentialAction":[{"@type":"SearchAction","target":{"@type":"EntryPoint","urlTemplate":"https:\/\/elfsight.com\/es\/?s={search_term_string}"},"query-input":{"@type":"PropertyValueSpecification","valueRequired":true,"valueName":"search_term_string"}}],"inLanguage":"es"}]}},"meta_box":{"industry":"","seo_heading":"","heading":"","description":"","cta_heading":"","cta_description":"","application":"1054","h1":"Widget meteorol\u00f3gico de Joomla","h1_caption":"Muestra el pron\u00f3stico del tiempo para cualquier punto del mapa en tu sitio","application_category":[],"applications_title":"","applications_request_title":"","applications_request_button_text":"","hero_text":"","hero_video":"","hero_video_schema_markup":"","selling_points_title":"","selling_points_caption":"","selling_points":[],"selling_points_cta_text":"","features_title":"","features":"","ed_cta_examples_text":"","ed_cta_examples_hidden":"","ed_cta_demo_text":"","ed_cta_demo_hidden":"","why_caption":"","why_editor_title":"","why_editor_text":"","why_team_title":"","why_team_text":"","why_service_title":"","why_service_text":"","template_catalog_visible":"","template_catalog_title":"","template_catalog_text":"","template_catalog_categories_visible":"","demo_title":"Crea tu complemento meteorol\u00f3gico","demo_caption":"\u00a1Configure su clima y agr\u00e9guelo a su sitio web Joomla gratis!","default_faq_hidden":"","app_template_category":[],"platform":"73","template_public_id":"","codecanyon_url":"","codecanyon_item_id":"","codecanyon_price":"","pricing_caption":"","pricing_elfsight_apps_hide_column":"","pricing_elfsight_apps_url":"","pricing_codecanyon_price_caption":"","integration_category":[],"integration_request_title":"","integration_request_cta":"","integration_platform":"","integrations":[],"platform_category":[],"video_schema_markup":"","price":"desde $0 \/ mes","trial":"","benefits":[{"text":"Asistencia de instalaci\u00f3n gratuita"},{"text":"Soporte premium"},{"text":"Garant\u00eda de devoluci\u00f3n de dinero de 14 d\u00edas"},{"text":"Mejoras gratuitas de por vida"}],"button_url":"#demo","button_target_blank":"","button_nofollow":"","attributes":[{"name":"Instalaciones","content":"10,000 - 100,000"},{"name":"Sensible","content":"S\u00ed"},{"name":"Navegadores compatibles","content":"IE11, Firefox, Safari, Opera, Chrome, Edge"}],"tags":[],"tags_disable_links":"","hide_more_platforms":"","video_object":"","demo_hide_cta":"","demo_hide_cloud_options":"","pricing_title":"","pricing":[{"pricing_icon":"platform","pricing_title":"Elfsight Apps","pricing_title_caption":"Versi\u00f3n independiente de la plataforma que se adapta a cualquier sitio web","pricing_price":"desde $0 \/ mes","pricing_price_caption":"comienza con el plan gratuito","pricing_benefits":[{"text":"Dominios ilimitados"},{"text":"Atenci\u00f3n al cliente profesional"},{"text":"Servicio de instalaci\u00f3n gratuito"},{"text":"Oferta especial para m\u00faltiples aplicaciones"}],"pricing_button_text":"A\u00f1adir al sitio web","pricing_button_url":"#demo"}],"related_apps_title":"","related_apps_hidden":"","author":"","image":[],"title":"","job":"","social_networks":[]},"_links":{"self":[{"href":"https:\/\/elfsight.com\/es\/wp-json\/wp\/v2\/pages\/7653","targetHints":{"allow":["GET"]}}],"collection":[{"href":"https:\/\/elfsight.com\/es\/wp-json\/wp\/v2\/pages"}],"about":[{"href":"https:\/\/elfsight.com\/es\/wp-json\/wp\/v2\/types\/page"}],"author":[{"embeddable":true,"href":"https:\/\/elfsight.com\/es\/wp-json\/wp\/v2\/users\/9"}],"replies":[{"embeddable":true,"href":"https:\/\/elfsight.com\/es\/wp-json\/wp\/v2\/comments?post=7653"}],"version-history":[{"count":2,"href":"https:\/\/elfsight.com\/es\/wp-json\/wp\/v2\/pages\/7653\/revisions"}],"predecessor-version":[{"id":18852,"href":"https:\/\/elfsight.com\/es\/wp-json\/wp\/v2\/pages\/7653\/revisions\/18852"}],"up":[{"embeddable":true,"href":"https:\/\/elfsight.com\/es\/wp-json\/wp\/v2\/pages\/1055"}],"wp:attachment":[{"href":"https:\/\/elfsight.com\/es\/wp-json\/wp\/v2\/media?parent=7653"}],"curies":[{"name":"wp","href":"https:\/\/api.w.org\/{rel}","templated":true}]}}