{"id":7652,"date":"1970-01-01T00:00:00","date_gmt":"1970-01-01T00:00:00","guid":{"rendered":"https:\/\/elfsight.com\/es\/?page_id=7652"},"modified":"2025-02-06T15:48:48","modified_gmt":"2025-02-06T15:48:48","slug":"jimdo","status":"publish","type":"page","link":"https:\/\/elfsight.com\/es\/weather-widget\/jimdo\/","title":{"rendered":"Weather &#8211; Jimdo"},"content":{"rendered":"<div class=\"application-platform-content-item-description application-platform-content-item\" id=\"description\" data-nav-section=\"description\"><h2>Descripci\u00f3n<\/h2> <p>Elfsight Weather es un complemento de sitio web \u00fatil y f\u00e1cilmente adaptable para proporcionar a sus usuarios informaci\u00f3n meteorol\u00f3gica actualizada para cualquier punto del mapa. Un lugar por el t\u00edtulo, c\u00f3digo postal o las coordenadas. Los visitantes del sitio web podr\u00e1n consultar los datos actualizados sobre temperatura, presi\u00f3n, humedad y elementos meteorol\u00f3gicos. Tambi\u00e9n puede mostrar previsiones horarias o diarias. Puede personalizar la interfaz utilizando im\u00e1genes de fondo con temas meteorol\u00f3gicos y la opci\u00f3n de aplicar colores personalizados. <\/p> <p><b>\u00a1Aumente las ventas de productos de temporada mostrando pron\u00f3sticos meteorol\u00f3gicos precisos en su sitio web! <\/b><\/p> <\/div> <div class=\"application-platform-content-item-features application-platform-content-item\" id=\"features\" data-nav-section=\"features\"> <h2>Ofrecemos funciones pr\u00e1cticas y sencillas, consulte algunas de ellas: <\/h2> <ul><li>Muestra el clima actual en cualquier lugar del mundo<\/li><li>Tres formas de ingresar la ubicaci\u00f3n: el nombre, el c\u00f3digo postal y las coordenadas<\/li><li>Temperatura en grados Fahrenheit o Celsius unidades<\/li><li>5 variantes de la configuraci\u00f3n del widget para mostrar m\u00e1s o menos datos<\/li><li>La opci\u00f3n de mostrar el pron\u00f3stico diario para la pr\u00f3xima semana con fechas<\/li><li>Mostrar el tiempo por hora para las pr\u00f3ximas doce horas<\/li><li>Activar o desactivar la animaci\u00f3n de los iconos<\/li><li>La opci\u00f3n de mostrar una imagen meteorol\u00f3gica tem\u00e1tica que refleje las condiciones actuales<\/li><\/ul><p><a href=\"#demo\">Pruebe esta demostraci\u00f3n para ver qu\u00e9 es el widget Worth<\/a><\/p> <\/div> <div class=\"application-platform-content-item-installation application-platform-content-item\" id=\"installation\" data-nav-section=\"installation\"> <h2>\u00bfC\u00f3mo incorporo Weather en mi sitio web Jimdo? <\/h2> <p>Simplemente aplique las instrucciones a continuaci\u00f3n para agregar el widget. <\/p> <ol><li><b>Realice nuestro configurador gratuito y comience a construir su instrumento personalizado. <\/b><br> Elija la forma y los par\u00e1metros adecuados del widget y guarde las modificaciones. <\/li> <li><b>Adquiera su c\u00f3digo \u00fanico que aparece en el cuadro de Elfsight Apps. <\/b><br> Cuando finalice la configuraci\u00f3n de su widget, copie el c\u00f3digo personal en la ventana emergente y gu\u00e1rdelo para futuras necesidades. <\/li> <li><b>Entra en el uso del widget en tu sitio Jimdo. <\/b><br> A\u00f1ade el c\u00f3digo que has guardado recientemente en tu p\u00e1gina y aplica las modificaciones. <\/li> <li><b>\u00a1Listo! La incrustaci\u00f3n se realiza por completo. <\/b><br> Visite su sitio para revisar c\u00f3mo funciona el widget. <\/li><\/ol> <p>En caso de que experimente algunas complicaciones, comun\u00edquese con nuestro personal de atenci\u00f3n al cliente. Nuestra gente desea ayudarle con todos los problemas que pueda tener con la herramienta. <\/p> <div class=\"faq\" data-component=\"FAQ\"><div class=\"faq-item\">\r\n\t\t\t\t\t<div class=\"faq-item-question\">\r\n\t\t\t\t\t\t<h3 class=\"faq-item-question-text\">\u00bfC\u00f3mo puedo a\u00f1adir el tiempo a mi sitio web Jimdo sin conocimientos de codificaci\u00f3n?<\/h3>\r\n\r\n\t\t\t\t\t\t<div class=\"faq-item-question-icon\"><\/div>\r\n\t\t\t\t\t<\/div>\r\n\r\n\t\t\t\t\t<div class=\"faq-item-answer\">\r\n\t\t\t\t\t\t<div class=\"faq-item-answer-text\"> <p>La empresa Elfsight proporciona una soluci\u00f3n que te permite crear un complemento del tiempo t\u00fa mismo. Descubre lo sencillo que es: empieza a trabajar directamente en el editor en vivo para crear un widget del tiempo que te gustar\u00eda incluir en Jimdo. Elija una de nuestras plantillas listas para usar y modifique la configuraci\u00f3n del clima, cambie el dise\u00f1o y la combinaci\u00f3n de colores, agregue su contenido, sin experiencia en codificaci\u00f3n. Haz clic para guardar la configuraci\u00f3n que has realizado en Weather y copia el c\u00f3digo para la instalaci\u00f3n, que puedes insertar en la p\u00e1gina web de Jimdo sin necesidad de comprar una suscripci\u00f3n paga. Trabajando en nuestro Configurador f\u00e1cil de usar, cada usuario de Internet puede crear una aplicaci\u00f3n del Tiempo en l\u00ednea e integrarla sin esfuerzo en cualquier p\u00e1gina de inicio de Jimdo. No es necesario pagar ni introducir los datos de tu tarjeta para acceder a nuestro Editor. Si tiene alg\u00fan problema de cualquier tipo, no dude en hablar con nuestro servicio t\u00e9cnico de atenci\u00f3n al cliente.<\/p> <\/div>\r\n\t\t\t\t\t<\/div>\r\n\t\t\t\t<\/div> <\/div><\/div>","protected":false},"excerpt":{"rendered":"","protected":false},"author":9,"featured_media":0,"parent":1055,"menu_order":0,"comment_status":"closed","ping_status":"closed","template":"templates\/template-application-platform.php","meta":{"publish_to_discourse":"","publish_post_category":"","wpdc_auto_publish_overridden":"","wpdc_topic_tags":"","wpdc_pin_topic":"","wpdc_pin_until":"","discourse_post_id":"","discourse_permalink":"","wpdc_publishing_response":"","wpdc_publishing_error":"","footnotes":""},"class_list":["post-7652","page","type-page","status-publish","hentry"],"yoast_head":"<!-- This site is optimized with the Yoast SEO plugin v25.3.1 - https:\/\/yoast.com\/wordpress\/plugins\/seo\/ -->\n<title>A\u00f1adir widget del tiempo al sitio web de Jimdo (gratis y r\u00e1pido)<\/title>\n<meta name=\"description\" content=\"Es absolutamente sencillo crear tu widget del tiempo y publicarlo en tu sitio web Jimdo. El servicio al cliente de Elfsight es gratuito.\" \/>\n<meta name=\"robots\" content=\"index, follow, max-snippet:-1, max-image-preview:large, max-video-preview:-1\" \/>\n<link rel=\"canonical\" href=\"https:\/\/elfsight.com\/es\/weather-widget\/jimdo\/\" \/>\n<meta property=\"og:locale\" content=\"es_ES\" \/>\n<meta property=\"og:type\" content=\"article\" \/>\n<meta property=\"og:title\" content=\"A\u00f1adir widget del tiempo al sitio web de Jimdo (gratis y r\u00e1pido)\" \/>\n<meta property=\"og:description\" content=\"Es absolutamente sencillo crear tu widget del tiempo y publicarlo en tu sitio web Jimdo. El servicio al cliente de Elfsight es gratuito.\" \/>\n<meta property=\"og:url\" content=\"https:\/\/elfsight.com\/es\/weather-widget\/jimdo\/\" \/>\n<meta property=\"og:site_name\" content=\"Elfsight ES\" \/>\n<meta property=\"article:modified_time\" content=\"2025-02-06T15:48:48+00:00\" \/>\n<meta name=\"twitter:card\" content=\"summary_large_image\" \/>\n<meta name=\"twitter:label1\" content=\"Tiempo de lectura\" \/>\n\t<meta name=\"twitter:data1\" content=\"3 minutos\" \/>\n<!-- \/ Yoast SEO plugin. -->","yoast_head_json":{"title":"A\u00f1adir widget del tiempo al sitio web de Jimdo (gratis y r\u00e1pido)","description":"Es absolutamente sencillo crear tu widget del tiempo y publicarlo en tu sitio web Jimdo. El servicio al cliente de Elfsight es gratuito.","robots":{"index":"index","follow":"follow","max-snippet":"max-snippet:-1","max-image-preview":"max-image-preview:large","max-video-preview":"max-video-preview:-1"},"canonical":"https:\/\/elfsight.com\/es\/weather-widget\/jimdo\/","og_locale":"es_ES","og_type":"article","og_title":"A\u00f1adir widget del tiempo al sitio web de Jimdo (gratis y r\u00e1pido)","og_description":"Es absolutamente sencillo crear tu widget del tiempo y publicarlo en tu sitio web Jimdo. El servicio al cliente de Elfsight es gratuito.","og_url":"https:\/\/elfsight.com\/es\/weather-widget\/jimdo\/","og_site_name":"Elfsight ES","article_modified_time":"2025-02-06T15:48:48+00:00","twitter_card":"summary_large_image","twitter_misc":{"Tiempo de lectura":"3 minutos"},"schema":{"@context":"https:\/\/schema.org","@graph":[{"@type":"WebPage","@id":"https:\/\/elfsight.com\/es\/weather-widget\/jimdo\/","url":"https:\/\/elfsight.com\/es\/weather-widget\/jimdo\/","name":"A\u00f1adir widget del tiempo al sitio web de Jimdo (gratis y r\u00e1pido)","isPartOf":{"@id":"https:\/\/elfsight.com\/es\/#website"},"datePublished":"1970-01-01T00:00:00+00:00","dateModified":"2025-02-06T15:48:48+00:00","description":"Es absolutamente sencillo crear tu widget del tiempo y publicarlo en tu sitio web Jimdo. El servicio al cliente de Elfsight es gratuito.","breadcrumb":{"@id":"https:\/\/elfsight.com\/es\/weather-widget\/jimdo\/#breadcrumb"},"inLanguage":"es","potentialAction":[{"@type":"ReadAction","target":["https:\/\/elfsight.com\/es\/weather-widget\/jimdo\/"]}]},{"@type":"BreadcrumbList","@id":"https:\/\/elfsight.com\/es\/weather-widget\/jimdo\/#breadcrumb","itemListElement":[{"@type":"ListItem","position":1,"name":"Home","item":"https:\/\/elfsight.com\/es\/"},{"@type":"ListItem","position":2,"name":"Weather","item":"https:\/\/elfsight.com\/es\/weather-widget\/"},{"@type":"ListItem","position":3,"name":"Weather &#8211; Jimdo"}]},{"@type":"WebSite","@id":"https:\/\/elfsight.com\/es\/#website","url":"https:\/\/elfsight.com\/es\/","name":"Elfsight ES","description":"Just another Elfsight Sites site","potentialAction":[{"@type":"SearchAction","target":{"@type":"EntryPoint","urlTemplate":"https:\/\/elfsight.com\/es\/?s={search_term_string}"},"query-input":{"@type":"PropertyValueSpecification","valueRequired":true,"valueName":"search_term_string"}}],"inLanguage":"es"}]}},"meta_box":{"industry":"","seo_heading":"","heading":"","description":"","cta_heading":"","cta_description":"","application":"1054","h1":"Widget del tiempo Jimdo","h1_caption":"Proporciona la previsi\u00f3n meteorol\u00f3gica para cualquier punto del mapa de tu web","application_category":[],"applications_title":"","applications_request_title":"","applications_request_button_text":"","hero_text":"","hero_video":"","hero_video_schema_markup":"","selling_points_title":"","selling_points_caption":"","selling_points":[],"selling_points_cta_text":"","features_title":"","features":"","ed_cta_examples_text":"","ed_cta_examples_hidden":"","ed_cta_demo_text":"","ed_cta_demo_hidden":"","why_caption":"","why_editor_title":"","why_editor_text":"","why_team_title":"","why_team_text":"","why_service_title":"","why_service_text":"","template_catalog_visible":"","template_catalog_title":"","template_catalog_text":"","template_catalog_categories_visible":"","demo_title":"Crea tu widget del tiempo","demo_caption":"\u00a1Configura tu tiempo y a\u00f1\u00e1delo gratis a tu sitio web Jimdo!","default_faq_hidden":"","app_template_category":[],"platform":"2198","template_public_id":"","codecanyon_url":"","codecanyon_item_id":"","codecanyon_price":"","pricing_caption":"","pricing_elfsight_apps_hide_column":"","pricing_elfsight_apps_url":"","pricing_codecanyon_price_caption":"","integration_category":[],"integration_request_title":"","integration_request_cta":"","integration_platform":"","integrations":[],"platform_category":[],"video_schema_markup":"","price":"desde $0 \/ mes","trial":"","benefits":[{"text":"Ayuda de instalaci\u00f3n gratuita"},{"text":"Soporte premium"},{"text":"Garant\u00eda de devoluci\u00f3n de dinero de 14 d\u00edas"},{"text":"Actualizaciones gratuitas de por vida"}],"button_url":"#demo","button_target_blank":"","button_nofollow":"","attributes":[{"name":"Instalaciones","content":"10,000 - 100,000"},{"name":"Sensible","content":"Lo mejor para m\u00f3viles"},{"name":"Navegadores compatibles","content":"Firefox, Safari, Opera, Chrome, Edge"}],"tags":[],"tags_disable_links":"","hide_more_platforms":"","video_object":"","demo_hide_cta":"","demo_hide_cloud_options":"","pricing_title":"","pricing":[{"pricing_icon":"platform","pricing_title":"Elfsight Apps","pricing_title_caption":"Soluci\u00f3n multiplataforma que funciona en cualquier sitio","pricing_price":"desde $0 \/ mes","pricing_price_caption":"comienza con el plan gratuito","pricing_benefits":[{"text":"Dominios ilimitados"},{"text":"Atenci\u00f3n al cliente profesional"},{"text":"Asistencia de instalaci\u00f3n gratuita"},{"text":"Totalmente personalizable"}],"pricing_button_text":"A\u00f1adir al sitio web","pricing_button_url":"#demo"}],"related_apps_title":"","related_apps_hidden":"","author":"","image":[],"title":"","job":"","social_networks":[]},"_links":{"self":[{"href":"https:\/\/elfsight.com\/es\/wp-json\/wp\/v2\/pages\/7652","targetHints":{"allow":["GET"]}}],"collection":[{"href":"https:\/\/elfsight.com\/es\/wp-json\/wp\/v2\/pages"}],"about":[{"href":"https:\/\/elfsight.com\/es\/wp-json\/wp\/v2\/types\/page"}],"author":[{"embeddable":true,"href":"https:\/\/elfsight.com\/es\/wp-json\/wp\/v2\/users\/9"}],"replies":[{"embeddable":true,"href":"https:\/\/elfsight.com\/es\/wp-json\/wp\/v2\/comments?post=7652"}],"version-history":[{"count":2,"href":"https:\/\/elfsight.com\/es\/wp-json\/wp\/v2\/pages\/7652\/revisions"}],"predecessor-version":[{"id":18853,"href":"https:\/\/elfsight.com\/es\/wp-json\/wp\/v2\/pages\/7652\/revisions\/18853"}],"up":[{"embeddable":true,"href":"https:\/\/elfsight.com\/es\/wp-json\/wp\/v2\/pages\/1055"}],"wp:attachment":[{"href":"https:\/\/elfsight.com\/es\/wp-json\/wp\/v2\/media?parent=7652"}],"curies":[{"name":"wp","href":"https:\/\/api.w.org\/{rel}","templated":true}]}}