{"id":7651,"date":"1970-01-01T00:00:00","date_gmt":"1970-01-01T00:00:00","guid":{"rendered":"https:\/\/elfsight.com\/es\/?page_id=7651"},"modified":"2025-02-06T15:48:56","modified_gmt":"2025-02-06T15:48:56","slug":"iframe","status":"publish","type":"page","link":"https:\/\/elfsight.com\/es\/weather-widget\/iframe\/","title":{"rendered":"Weather &#8211; iFrame"},"content":{"rendered":"<div class=\"application-platform-content-item-description application-platform-content-item\" id=\"description\" data-nav-section=\"description\"><h2>Incrustar Weather en iFrame con el widget Elfsight<\/h2><p>Elfsight Weather es un complemento de sitio web sencillo y muy adaptable para demostrar las perspectivas meteorol\u00f3gicas actuales para cualquier \u00e1rea. Inserta una ubicaci\u00f3n usando el t\u00edtulo, ZIP o las coordenadas. La audiencia del sitio web ahora puede ver los datos actualizados sobre temperatura, presi\u00f3n, humedad y clima activo. Nuestro widget presenta una funci\u00f3n para demostrar el pron\u00f3stico por hora o por d\u00eda. El widget tambi\u00e9n incluye im\u00e1genes de fondo tem\u00e1ticas y la funci\u00f3n de aplicar tus propios colores. <\/p><p><b>Proporcione una experiencia de cliente mejorada con un widget meteorol\u00f3gico informativo en su sitio. <\/b><\/p><\/div><div class=\"application-platform-content-item-features application-platform-content-item\" id=\"features\" data-nav-section=\"features\"><p>Comprueba todas las funciones del widget del tiempo. Est\u00e1n disponibles directamente en el editor y le ayudar\u00e1n a configurar el widget adecuado para su caso. <\/p><ul><li>3 formas de agregar la ubicaci\u00f3n: el nombre, el c\u00f3digo postal y las coordenadas; <\/li><li>Se incluyen m\u00e1s de 30 idiomas para mostrar informaci\u00f3n meteorol\u00f3gica en su lengua materna; <\/li><li>Cinco tipos de configuraci\u00f3n de widgets para diversos casos de uso; <\/li><li>La capacidad de agregar el pron\u00f3stico diario para una semana con fechas; <\/li><li>Muestra el tiempo hora por hora para las doce horas m\u00e1s cercanas. <\/li><\/ul><p><a href=\"#demo\">Pruebe todas las dem\u00e1s funciones en la demostraci\u00f3n<\/a><\/p><\/div><div class=\"application-platform-content-item-installation application-platform-content-item\" id=\"installation\" data-nav-section=\"installation\"><h2>\u00bfC\u00f3mo integro el widget Weather en el sitio web iFrame? <\/h2><p>Para integrar el complemento, simplemente siga las pautas a continuaci\u00f3n<\/p><ol><li><b>Cree su complemento meteorol\u00f3gico \u00fanico<\/b><br>Con la ayuda de nuestra demostraci\u00f3n gratuita, configure un complemento con una composici\u00f3n y funcionalidad preferidas. <\/li> <li><b>Adquiera el c\u00f3digo individual para insertar el complemento<\/b><br>Despu\u00e9s de haber personalizado su widget, obtendr\u00e1 el c\u00f3digo \u00fanico en la notificaci\u00f3n emergente en Elfsight Apps. Copia el c\u00f3digo. <\/li> <li><b>Incruste el complemento en su sitio iFrame<\/b><br>Vaya al \u00e1rea donde necesita colocar el complemento y pegue el c\u00f3digo guardado all\u00ed. Guarde las ediciones. <\/li> <li><b>\u00a1La integraci\u00f3n es exitosa! <\/b><br>Ingrese a su sitio web para ver su complemento. <\/li><\/ol><p>T\u00f3mese un minuto para comunicarse con nuestro servicio de soporte si necesita nuestra ayuda o tiene preguntas. Le ayudaremos con cada consulta. <\/p><div class=\"faq\" data-component=\"FAQ\"><div class=\"faq-item\">\r\n\t\t\t\t\t<div class=\"faq-item-question\">\r\n\t\t\t\t\t\t<h3 class=\"faq-item-question-text\">\u00bfC\u00f3mo agregar Weather a mi p\u00e1gina web iFrame sin codificaci\u00f3n?<\/h3>\r\n\r\n\t\t\t\t\t\t<div class=\"faq-item-question-icon\"><\/div>\r\n\t\t\t\t\t<\/div>\r\n\r\n\t\t\t\t\t<div class=\"faq-item-answer\">\r\n\t\t\t\t\t\t<div class=\"faq-item-answer-text\"> <p>La compa\u00f1\u00eda Elfsight ofrece una soluci\u00f3n en la nube que permite a los propietarios de sitios crear un complemento de Weather usted mismo. Mire las sencillas instrucciones: Vaya al editor en vivo para crear un widget de Weather que le gustar\u00eda incluir en la p\u00e1gina de inicio de iFrame. Seleccione una de las plantillas predise\u00f1adas y cambie la configuraci\u00f3n del clima, incluya su contenido, modifique el dise\u00f1o y el color de los elementos sin ning\u00fan conocimiento de codificaci\u00f3n. Haga clic para guardar el clima y copie el c\u00f3digo del complemento para incrustarlo, que puede pegar f\u00e1cilmente en el sitio iFrame sin necesidad de comprar una suscripci\u00f3n paga. Con la ayuda de nuestro Configurador f\u00e1cil de usar, cada usuario de Internet puede crear un complemento meteorol\u00f3gico en l\u00ednea e incluirlo sin esfuerzo en cualquier p\u00e1gina web iFrame. No debe pagar ni enviar las credenciales de su tarjeta para acceder a nuestro Editor. Si enfrenta alg\u00fan obst\u00e1culo de cualquier tipo, contin\u00fae y comun\u00edquese con nuestro equipo de soporte.<\/p> <\/div>\r\n\t\t\t\t\t<\/div>\r\n\t\t\t\t<\/div> <\/div><\/div>","protected":false},"excerpt":{"rendered":"","protected":false},"author":9,"featured_media":0,"parent":1055,"menu_order":0,"comment_status":"closed","ping_status":"closed","template":"templates\/template-application-platform.php","meta":{"publish_to_discourse":"","publish_post_category":"","wpdc_auto_publish_overridden":"","wpdc_topic_tags":"","wpdc_pin_topic":"","wpdc_pin_until":"","discourse_post_id":"","discourse_permalink":"","wpdc_publishing_response":"","wpdc_publishing_error":"","footnotes":""},"class_list":["post-7651","page","type-page","status-publish","hentry"],"yoast_head":"<!-- This site is optimized with the Yoast SEO plugin v25.3.1 - https:\/\/yoast.com\/wordpress\/plugins\/seo\/ -->\n<title>Widget meteorol\u00f3gico: agregue el widget meteorol\u00f3gico al sitio web iFrame (gratis y r\u00e1pido)<\/title>\n<meta name=\"description\" content=\"Esta es una oportunidad para crear un widget meteorol\u00f3gico y agregarlo a su sitio web iFrame de forma r\u00e1pida y sencilla. Obtenga asistencia al cliente gratuita y otras ventajas de Elfsight.\" \/>\n<meta name=\"robots\" content=\"index, follow, max-snippet:-1, max-image-preview:large, max-video-preview:-1\" \/>\n<link rel=\"canonical\" href=\"https:\/\/elfsight.com\/es\/weather-widget\/iframe\/\" \/>\n<meta property=\"og:locale\" content=\"es_ES\" \/>\n<meta property=\"og:type\" content=\"article\" \/>\n<meta property=\"og:title\" content=\"Widget meteorol\u00f3gico: agregue el widget meteorol\u00f3gico al sitio web iFrame (gratis y r\u00e1pido)\" \/>\n<meta property=\"og:description\" content=\"Esta es una oportunidad para crear un widget meteorol\u00f3gico y agregarlo a su sitio web iFrame de forma r\u00e1pida y sencilla. Obtenga asistencia al cliente gratuita y otras ventajas de Elfsight.\" \/>\n<meta property=\"og:url\" content=\"https:\/\/elfsight.com\/es\/weather-widget\/iframe\/\" \/>\n<meta property=\"og:site_name\" content=\"Elfsight ES\" \/>\n<meta property=\"article:modified_time\" content=\"2025-02-06T15:48:56+00:00\" \/>\n<meta name=\"twitter:card\" content=\"summary_large_image\" \/>\n<meta name=\"twitter:label1\" content=\"Tiempo de lectura\" \/>\n\t<meta name=\"twitter:data1\" content=\"3 minutos\" \/>\n<!-- \/ Yoast SEO plugin. -->","yoast_head_json":{"title":"Widget meteorol\u00f3gico: agregue el widget meteorol\u00f3gico al sitio web iFrame (gratis y r\u00e1pido)","description":"Esta es una oportunidad para crear un widget meteorol\u00f3gico y agregarlo a su sitio web iFrame de forma r\u00e1pida y sencilla. Obtenga asistencia al cliente gratuita y otras ventajas de Elfsight.","robots":{"index":"index","follow":"follow","max-snippet":"max-snippet:-1","max-image-preview":"max-image-preview:large","max-video-preview":"max-video-preview:-1"},"canonical":"https:\/\/elfsight.com\/es\/weather-widget\/iframe\/","og_locale":"es_ES","og_type":"article","og_title":"Widget meteorol\u00f3gico: agregue el widget meteorol\u00f3gico al sitio web iFrame (gratis y r\u00e1pido)","og_description":"Esta es una oportunidad para crear un widget meteorol\u00f3gico y agregarlo a su sitio web iFrame de forma r\u00e1pida y sencilla. Obtenga asistencia al cliente gratuita y otras ventajas de Elfsight.","og_url":"https:\/\/elfsight.com\/es\/weather-widget\/iframe\/","og_site_name":"Elfsight ES","article_modified_time":"2025-02-06T15:48:56+00:00","twitter_card":"summary_large_image","twitter_misc":{"Tiempo de lectura":"3 minutos"},"schema":{"@context":"https:\/\/schema.org","@graph":[{"@type":"WebPage","@id":"https:\/\/elfsight.com\/es\/weather-widget\/iframe\/","url":"https:\/\/elfsight.com\/es\/weather-widget\/iframe\/","name":"Widget meteorol\u00f3gico: agregue el widget meteorol\u00f3gico al sitio web iFrame (gratis y r\u00e1pido)","isPartOf":{"@id":"https:\/\/elfsight.com\/es\/#website"},"datePublished":"1970-01-01T00:00:00+00:00","dateModified":"2025-02-06T15:48:56+00:00","description":"Esta es una oportunidad para crear un widget meteorol\u00f3gico y agregarlo a su sitio web iFrame de forma r\u00e1pida y sencilla. Obtenga asistencia al cliente gratuita y otras ventajas de Elfsight.","breadcrumb":{"@id":"https:\/\/elfsight.com\/es\/weather-widget\/iframe\/#breadcrumb"},"inLanguage":"es","potentialAction":[{"@type":"ReadAction","target":["https:\/\/elfsight.com\/es\/weather-widget\/iframe\/"]}]},{"@type":"BreadcrumbList","@id":"https:\/\/elfsight.com\/es\/weather-widget\/iframe\/#breadcrumb","itemListElement":[{"@type":"ListItem","position":1,"name":"Home","item":"https:\/\/elfsight.com\/es\/"},{"@type":"ListItem","position":2,"name":"Weather","item":"https:\/\/elfsight.com\/es\/weather-widget\/"},{"@type":"ListItem","position":3,"name":"Weather &#8211; iFrame"}]},{"@type":"WebSite","@id":"https:\/\/elfsight.com\/es\/#website","url":"https:\/\/elfsight.com\/es\/","name":"Elfsight ES","description":"Just another Elfsight Sites site","potentialAction":[{"@type":"SearchAction","target":{"@type":"EntryPoint","urlTemplate":"https:\/\/elfsight.com\/es\/?s={search_term_string}"},"query-input":{"@type":"PropertyValueSpecification","valueRequired":true,"valueName":"search_term_string"}}],"inLanguage":"es"}]}},"meta_box":{"industry":"","seo_heading":"","heading":"","description":"","cta_heading":"","cta_description":"","application":"1054","h1":"Widget meteorol\u00f3gico iFrame","h1_caption":"Proporcione el pron\u00f3stico del tiempo para cualquier ubicaci\u00f3n en su sitio","application_category":[],"applications_title":"","applications_request_title":"","applications_request_button_text":"","hero_text":"","hero_video":"","hero_video_schema_markup":"","selling_points_title":"","selling_points_caption":"","selling_points":[],"selling_points_cta_text":"","features_title":"","features":"","ed_cta_examples_text":"","ed_cta_examples_hidden":"","ed_cta_demo_text":"","ed_cta_demo_hidden":"","why_caption":"","why_editor_title":"","why_editor_text":"","why_team_title":"","why_team_text":"","why_service_title":"","why_service_text":"","template_catalog_visible":"","template_catalog_title":"","template_catalog_text":"","template_catalog_categories_visible":"","demo_title":"Crea tu widget del tiempo","demo_caption":"\u00a1Configure su clima y agr\u00e9guelo a su sitio web iFrame gratis!","default_faq_hidden":"","app_template_category":[],"platform":"2192","template_public_id":"","codecanyon_url":"","codecanyon_item_id":"","codecanyon_price":"","pricing_caption":"","pricing_elfsight_apps_hide_column":"","pricing_elfsight_apps_url":"","pricing_codecanyon_price_caption":"","integration_category":[],"integration_request_title":"","integration_request_cta":"","integration_platform":"","integrations":[],"platform_category":[],"video_schema_markup":"","price":"desde $0 \/ mes","trial":"","benefits":[{"text":"Asistencia de instalaci\u00f3n gratuita"},{"text":"Soporte excepcional"},{"text":"Garant\u00eda de reembolso de 14 d\u00edas"},{"text":"Mejoras peri\u00f3dicas"}],"button_url":"#demo","button_target_blank":"","button_nofollow":"","attributes":[{"name":"Instalaciones","content":"10,000 - 100,000"},{"name":"Sensible","content":"S\u00ed"},{"name":"Navegadores compatibles","content":"Opera, Chrome, Safari, Firefox, Edge"}],"tags":[],"tags_disable_links":"","hide_more_platforms":"","video_object":"","demo_hide_cta":"","demo_hide_cloud_options":"","pricing_title":"","pricing":[{"pricing_icon":"platform","pricing_title":"Elfsight Apps","pricing_title_caption":"Soluci\u00f3n digital independiente de plataforma que se adapta a cualquier sitio web","pricing_price":"desde $0 \/ mes","pricing_price_caption":"comienza con el plan gratuito","pricing_benefits":[{"text":"N\u00famero ilimitado de dominios"},{"text":"Atenci\u00f3n al cliente dedicada"},{"text":"Asistencia de instalaci\u00f3n gratuita"},{"text":"Oferta especial para m\u00faltiples aplicaciones"}],"pricing_button_text":"A\u00f1adir al sitio web","pricing_button_url":"#demo"}],"related_apps_title":"","related_apps_hidden":"","author":"","image":[],"title":"","job":"","social_networks":[]},"_links":{"self":[{"href":"https:\/\/elfsight.com\/es\/wp-json\/wp\/v2\/pages\/7651","targetHints":{"allow":["GET"]}}],"collection":[{"href":"https:\/\/elfsight.com\/es\/wp-json\/wp\/v2\/pages"}],"about":[{"href":"https:\/\/elfsight.com\/es\/wp-json\/wp\/v2\/types\/page"}],"author":[{"embeddable":true,"href":"https:\/\/elfsight.com\/es\/wp-json\/wp\/v2\/users\/9"}],"replies":[{"embeddable":true,"href":"https:\/\/elfsight.com\/es\/wp-json\/wp\/v2\/comments?post=7651"}],"version-history":[{"count":2,"href":"https:\/\/elfsight.com\/es\/wp-json\/wp\/v2\/pages\/7651\/revisions"}],"predecessor-version":[{"id":18854,"href":"https:\/\/elfsight.com\/es\/wp-json\/wp\/v2\/pages\/7651\/revisions\/18854"}],"up":[{"embeddable":true,"href":"https:\/\/elfsight.com\/es\/wp-json\/wp\/v2\/pages\/1055"}],"wp:attachment":[{"href":"https:\/\/elfsight.com\/es\/wp-json\/wp\/v2\/media?parent=7651"}],"curies":[{"name":"wp","href":"https:\/\/api.w.org\/{rel}","templated":true}]}}