{"id":7643,"date":"1970-01-01T00:00:00","date_gmt":"1970-01-01T00:00:00","guid":{"rendered":"https:\/\/elfsight.com\/es\/?page_id=7643"},"modified":"2025-02-06T15:49:05","modified_gmt":"2025-02-06T15:49:05","slug":"facebook","status":"publish","type":"page","link":"https:\/\/elfsight.com\/es\/weather-widget\/facebook\/","title":{"rendered":"Weather &#8211; Facebook Page"},"content":{"rendered":"<div class=\"application-platform-content-item-description application-platform-content-item\" id=\"description\" data-nav-section=\"description\"><h2>Descripci\u00f3n<\/h2><p>Elfsight Weather es un widget de sitio web simple y f\u00e1cilmente adaptable para mostrar la situaci\u00f3n clim\u00e1tica relevante para cualquier \u00e1rea requerida. Ingrese un lugar por el t\u00edtulo, el c\u00f3digo postal o las coordenadas. Los visitantes del sitio web comprobar\u00e1n informaci\u00f3n actualizada sobre la temperatura, la presi\u00f3n del aire, la humedad y los elementos meteorol\u00f3gicos. Nuestro widget presenta una opci\u00f3n para mostrar el pron\u00f3stico por hora o por d\u00eda. Puede ajustar la interfaz utilizando im\u00e1genes de fondo tem\u00e1ticas y la opci\u00f3n de aplicar colores personalizados. <\/p><p><b>\u00a1Aumenta las ventas de productos de temporada con pron\u00f3sticos meteorol\u00f3gicos relevantes en tu sitio! <\/b><\/p><\/div><div class=\"application-platform-content-item-features application-platform-content-item\" id=\"features\" data-nav-section=\"features\"><p>Consulta una lista de todas las caracter\u00edsticas funcionales del widget del tiempo de Facebook. Puedes ajustarlos directamente en el editor y te ayudar\u00e1n a construir el widget especialmente para tus necesidades. <\/p><ul><li>3 formas de agregar el lugar: el nombre, el c\u00f3digo postal y las coordenadas; <\/li><li>M\u00e1s de 30 idiomas compatibles para demostrar datos meteorol\u00f3gicos en el idioma de su audiencia; <\/li><li>5 variantes de la configuraci\u00f3n del widget para varios casos de uso; <\/li><li>La opci\u00f3n de mostrar el pron\u00f3stico diario para una semana con fechas; <\/li><li>A\u00f1adir pron\u00f3stico horario para las 12 horas m\u00e1s cercanas. <\/li><\/ul><p><a href=\"#demo\">Pruebe todas las dem\u00e1s funciones en la demostraci\u00f3n<\/a><\/p><\/div><div class=\"application-platform-content-item-installation application-platform-content-item\" id=\"installation\" data-nav-section=\"installation\"><h2>\u00bfC\u00f3mo puedo agregar Weather a la p\u00e1gina de Facebook? <\/h2><p>Para introducir el widget del tiempo, simplemente siga las instrucciones a continuaci\u00f3n<\/p><ol><li><b>Genere su widget del tiempo personalizado<\/b><br>Mediante nuestra demostraci\u00f3n gratuita, cree un complemento con una interfaz y configuraci\u00f3n preferidas. <\/li> <li><b>Obtenga el c\u00f3digo individual para instalar el widget<\/b><br>Despu\u00e9s de haber generado su widget, obtendr\u00e1 su c\u00f3digo de instalaci\u00f3n en la ventana emergente de Elfsight Apps. Copia el c\u00f3digo. <\/li><li><b>Agrega la pesta\u00f1a Tiempo a la p\u00e1gina de Facebook<\/b><br> Crea tu pesta\u00f1a personalizada de Facebook. Inserte el c\u00f3digo que recibi\u00f3 en las aplicaciones de elfsight en la pesta\u00f1a. Si tiene alg\u00fan problema, simplemente consulte nuestra gu\u00eda en <a href=\"https:\/\/elfsight.com\/blog\/how-to-add-custom-tab-to-facebook-page\/\" target=\"_blank\" rel=\"noopener noreferrer\">creaci\u00f3n de una pesta\u00f1a personalizada de Facebook<\/a><\/li> <li><b>La configuraci\u00f3n est\u00e1 completa<\/b><br>Visite su p\u00e1gina para verificar su widget. <\/li><\/ol> <p>No dudes en ponerte en contacto con el servicio de soporte si necesitas ayuda o tienes problemas. Le ayudaremos con cada consulta. <\/p><div class=\"faq\" data-component=\"FAQ\"><div class=\"faq-item\">\r\n\t\t\t\t\t<div class=\"faq-item-question\">\r\n\t\t\t\t\t\t<h3 class=\"faq-item-question-text\">\u00bfC\u00f3mo puedo agregar el tiempo a mi p\u00e1gina web de Facebook sin conocimientos de codificaci\u00f3n?<\/h3>\r\n\r\n\t\t\t\t\t\t<div class=\"faq-item-question-icon\"><\/div>\r\n\t\t\t\t\t<\/div>\r\n\r\n\t\t\t\t\t<div class=\"faq-item-answer\">\r\n\t\t\t\t\t\t<div class=\"faq-item-answer-text\"> <p>Elfsight proporciona una soluci\u00f3n SaaS que le permite establecer un widget del tiempo usted mismo. Descubra lo sencillo que es: comience a trabajar directamente en la demostraci\u00f3n en vivo para crear una secci\u00f3n del tiempo que le gustar\u00eda incluir en la p\u00e1gina de inicio de la p\u00e1gina de Facebook. Decida una de las plantillas predise\u00f1adas y modifique la configuraci\u00f3n del clima, cambie el dise\u00f1o y la combinaci\u00f3n de colores y agregue su contenido, sin experiencia en codificaci\u00f3n. Guarde la configuraci\u00f3n que realiz\u00f3 en Weather y obtenga el c\u00f3digo de un widget para incrustarlo, que se puede incrustar en la p\u00e1gina de inicio de la p\u00e1gina de Facebook de forma gratuita. Al trabajar en el Configurador intuitivo, cada usuario de Internet puede establecer el tiempo en l\u00ednea e incluirlo sin esfuerzo en la p\u00e1gina de inicio de la p\u00e1gina de Facebook. No es necesario pagar ni revelar las credenciales de su tarjeta para ingresar a nuestro Editor. Si tiene alg\u00fan problema de cualquier tipo, contin\u00fae y comun\u00edquese con nuestro servicio t\u00e9cnico de atenci\u00f3n al cliente.<\/p> <\/div>\r\n\t\t\t\t\t<\/div>\r\n\t\t\t\t<\/div> <\/div><\/div>","protected":false},"excerpt":{"rendered":"","protected":false},"author":9,"featured_media":0,"parent":1055,"menu_order":0,"comment_status":"closed","ping_status":"closed","template":"templates\/template-application-platform.php","meta":{"publish_to_discourse":"","publish_post_category":"","wpdc_auto_publish_overridden":"","wpdc_topic_tags":"","wpdc_pin_topic":"","wpdc_pin_until":"","discourse_post_id":"","discourse_permalink":"","wpdc_publishing_response":"","wpdc_publishing_error":"","footnotes":""},"class_list":["post-7643","page","type-page","status-publish","hentry"],"yoast_head":"<!-- This site is optimized with the Yoast SEO plugin v25.3.1 - https:\/\/yoast.com\/wordpress\/plugins\/seo\/ -->\n<title>Agregue el widget del tiempo a la pesta\u00f1a de la p\u00e1gina de Facebook (gratis y r\u00e1pido)<\/title>\n<meta name=\"description\" content=\"Es f\u00e1cil crear tu widget del tiempo y agregarlo a la pesta\u00f1a de tu p\u00e1gina de Facebook. La atenci\u00f3n al cliente de Elfsight es gratuita y r\u00e1pida.\" \/>\n<meta name=\"robots\" content=\"index, follow, max-snippet:-1, max-image-preview:large, max-video-preview:-1\" \/>\n<link rel=\"canonical\" href=\"https:\/\/elfsight.com\/es\/weather-widget\/facebook\/\" \/>\n<meta property=\"og:locale\" content=\"es_ES\" \/>\n<meta property=\"og:type\" content=\"article\" \/>\n<meta property=\"og:title\" content=\"Agregue el widget del tiempo a la pesta\u00f1a de la p\u00e1gina de Facebook (gratis y r\u00e1pido)\" \/>\n<meta property=\"og:description\" content=\"Es f\u00e1cil crear tu widget del tiempo y agregarlo a la pesta\u00f1a de tu p\u00e1gina de Facebook. La atenci\u00f3n al cliente de Elfsight es gratuita y r\u00e1pida.\" \/>\n<meta property=\"og:url\" content=\"https:\/\/elfsight.com\/es\/weather-widget\/facebook\/\" \/>\n<meta property=\"og:site_name\" content=\"Elfsight ES\" \/>\n<meta property=\"article:modified_time\" content=\"2025-02-06T15:49:05+00:00\" \/>\n<meta name=\"twitter:card\" content=\"summary_large_image\" \/>\n<meta name=\"twitter:label1\" content=\"Tiempo de lectura\" \/>\n\t<meta name=\"twitter:data1\" content=\"3 minutos\" \/>\n<!-- \/ Yoast SEO plugin. -->","yoast_head_json":{"title":"Agregue el widget del tiempo a la pesta\u00f1a de la p\u00e1gina de Facebook (gratis y r\u00e1pido)","description":"Es f\u00e1cil crear tu widget del tiempo y agregarlo a la pesta\u00f1a de tu p\u00e1gina de Facebook. La atenci\u00f3n al cliente de Elfsight es gratuita y r\u00e1pida.","robots":{"index":"index","follow":"follow","max-snippet":"max-snippet:-1","max-image-preview":"max-image-preview:large","max-video-preview":"max-video-preview:-1"},"canonical":"https:\/\/elfsight.com\/es\/weather-widget\/facebook\/","og_locale":"es_ES","og_type":"article","og_title":"Agregue el widget del tiempo a la pesta\u00f1a de la p\u00e1gina de Facebook (gratis y r\u00e1pido)","og_description":"Es f\u00e1cil crear tu widget del tiempo y agregarlo a la pesta\u00f1a de tu p\u00e1gina de Facebook. La atenci\u00f3n al cliente de Elfsight es gratuita y r\u00e1pida.","og_url":"https:\/\/elfsight.com\/es\/weather-widget\/facebook\/","og_site_name":"Elfsight ES","article_modified_time":"2025-02-06T15:49:05+00:00","twitter_card":"summary_large_image","twitter_misc":{"Tiempo de lectura":"3 minutos"},"schema":{"@context":"https:\/\/schema.org","@graph":[{"@type":"WebPage","@id":"https:\/\/elfsight.com\/es\/weather-widget\/facebook\/","url":"https:\/\/elfsight.com\/es\/weather-widget\/facebook\/","name":"Agregue el widget del tiempo a la pesta\u00f1a de la p\u00e1gina de Facebook (gratis y r\u00e1pido)","isPartOf":{"@id":"https:\/\/elfsight.com\/es\/#website"},"datePublished":"1970-01-01T00:00:00+00:00","dateModified":"2025-02-06T15:49:05+00:00","description":"Es f\u00e1cil crear tu widget del tiempo y agregarlo a la pesta\u00f1a de tu p\u00e1gina de Facebook. La atenci\u00f3n al cliente de Elfsight es gratuita y r\u00e1pida.","breadcrumb":{"@id":"https:\/\/elfsight.com\/es\/weather-widget\/facebook\/#breadcrumb"},"inLanguage":"es","potentialAction":[{"@type":"ReadAction","target":["https:\/\/elfsight.com\/es\/weather-widget\/facebook\/"]}]},{"@type":"BreadcrumbList","@id":"https:\/\/elfsight.com\/es\/weather-widget\/facebook\/#breadcrumb","itemListElement":[{"@type":"ListItem","position":1,"name":"Home","item":"https:\/\/elfsight.com\/es\/"},{"@type":"ListItem","position":2,"name":"Weather","item":"https:\/\/elfsight.com\/es\/weather-widget\/"},{"@type":"ListItem","position":3,"name":"Weather &#8211; Facebook Page"}]},{"@type":"WebSite","@id":"https:\/\/elfsight.com\/es\/#website","url":"https:\/\/elfsight.com\/es\/","name":"Elfsight ES","description":"Just another Elfsight Sites site","potentialAction":[{"@type":"SearchAction","target":{"@type":"EntryPoint","urlTemplate":"https:\/\/elfsight.com\/es\/?s={search_term_string}"},"query-input":{"@type":"PropertyValueSpecification","valueRequired":true,"valueName":"search_term_string"}}],"inLanguage":"es"}]}},"meta_box":{"industry":"","seo_heading":"","heading":"","description":"","cta_heading":"","cta_description":"","application":"1054","h1":"Widget meteorol\u00f3gico para la p\u00e1gina de Facebook","h1_caption":"Muestra el pron\u00f3stico del tiempo para cualquier punto del mapa en tu pesta\u00f1a de Facebook","application_category":[],"applications_title":"","applications_request_title":"","applications_request_button_text":"","hero_text":"","hero_video":"","hero_video_schema_markup":"","selling_points_title":"","selling_points_caption":"","selling_points":[],"selling_points_cta_text":"","features_title":"","features":"","ed_cta_examples_text":"","ed_cta_examples_hidden":"","ed_cta_demo_text":"","ed_cta_demo_hidden":"","why_caption":"","why_editor_title":"","why_editor_text":"","why_team_title":"","why_team_text":"","why_service_title":"","why_service_text":"","template_catalog_visible":"","template_catalog_title":"","template_catalog_text":"","template_catalog_categories_visible":"","demo_title":"Crea tu widget del tiempo","demo_caption":"\u00a1Configure su clima y agr\u00e9guelo al sitio web de su p\u00e1gina de Facebook de forma gratuita!","default_faq_hidden":"","app_template_category":[],"platform":"64","template_public_id":"","codecanyon_url":"","codecanyon_item_id":"","codecanyon_price":"","pricing_caption":"","pricing_elfsight_apps_hide_column":"","pricing_elfsight_apps_url":"","pricing_codecanyon_price_caption":"","integration_category":[],"integration_request_title":"","integration_request_cta":"","integration_platform":"","integrations":[],"platform_category":[],"video_schema_markup":"","price":"desde $0 \/ mes","trial":"","benefits":[{"text":"Ayuda de instalaci\u00f3n gratuita"},{"text":"Servicio al cliente competente"},{"text":"Garant\u00eda de reembolso de 14 d\u00edas"},{"text":"Mejoras gratuitas continuas"}],"button_url":"#demo","button_target_blank":"","button_nofollow":"","attributes":[{"name":"Instalaciones","content":"10,000 - 100,000"},{"name":"Sensible","content":"S\u00ed"},{"name":"Navegadores compatibles","content":"Firefox, Edge, Safari, Chrome, Opera"}],"tags":[],"tags_disable_links":"","hide_more_platforms":"","video_object":"","demo_hide_cta":"","demo_hide_cloud_options":"","pricing_title":"","pricing":[{"pricing_icon":"platform","pricing_title":"Elfsight Apps","pricing_title_caption":"Versi\u00f3n multiplataforma","pricing_price":"desde $0 \/ mes","pricing_price_caption":"comienza con el plan gratuito","pricing_benefits":[{"text":"Sitios web ilimitados"},{"text":"Soporte r\u00e1pido de la empresa"},{"text":"Asistencia de instalaci\u00f3n gratuita"},{"text":"Gran oferta para m\u00faltiples aplicaciones"}],"pricing_button_text":"A\u00f1adir al sitio web","pricing_button_url":"#demo"}],"related_apps_title":"","related_apps_hidden":"","author":"","image":[],"title":"","job":"","social_networks":[]},"_links":{"self":[{"href":"https:\/\/elfsight.com\/es\/wp-json\/wp\/v2\/pages\/7643","targetHints":{"allow":["GET"]}}],"collection":[{"href":"https:\/\/elfsight.com\/es\/wp-json\/wp\/v2\/pages"}],"about":[{"href":"https:\/\/elfsight.com\/es\/wp-json\/wp\/v2\/types\/page"}],"author":[{"embeddable":true,"href":"https:\/\/elfsight.com\/es\/wp-json\/wp\/v2\/users\/9"}],"replies":[{"embeddable":true,"href":"https:\/\/elfsight.com\/es\/wp-json\/wp\/v2\/comments?post=7643"}],"version-history":[{"count":2,"href":"https:\/\/elfsight.com\/es\/wp-json\/wp\/v2\/pages\/7643\/revisions"}],"predecessor-version":[{"id":18858,"href":"https:\/\/elfsight.com\/es\/wp-json\/wp\/v2\/pages\/7643\/revisions\/18858"}],"up":[{"embeddable":true,"href":"https:\/\/elfsight.com\/es\/wp-json\/wp\/v2\/pages\/1055"}],"wp:attachment":[{"href":"https:\/\/elfsight.com\/es\/wp-json\/wp\/v2\/media?parent=7643"}],"curies":[{"name":"wp","href":"https:\/\/api.w.org\/{rel}","templated":true}]}}