{"id":7642,"date":"1970-01-01T00:00:00","date_gmt":"1970-01-01T00:00:00","guid":{"rendered":"https:\/\/elfsight.com\/es\/?page_id=7642"},"modified":"2025-02-06T15:49:05","modified_gmt":"2025-02-06T15:49:05","slug":"elementor","status":"publish","type":"page","link":"https:\/\/elfsight.com\/es\/weather-widget\/elementor\/","title":{"rendered":"Weather &#8211; Elementor"},"content":{"rendered":"<div class=\"application-platform-content-item-description application-platform-content-item\" id=\"description\" data-nav-section=\"description\"><h2>Incrustar Weather en Elementor con el widget Elfsight<\/h2><p>Elfsight Weather es un complemento de sitio web r\u00e1pido y muy personalizable que muestra las condiciones clim\u00e1ticas frescas para cualquier ubicaci\u00f3n requerida. Inserta un punto por el nombre, ZIP o las coordenadas. Su audiencia podr\u00e1 consultar los datos actualizados sobre la temperatura, la presi\u00f3n del aire, el porcentaje de humedad y los elementos clim\u00e1ticos. Tambi\u00e9n puede demostrar un pron\u00f3stico horario o diario. El widget tambi\u00e9n presenta un fondo tem\u00e1tico y la posibilidad de aplicar tus propios colores. <\/p><p><b>\u00a1Aumente las ventas de productos de temporada mostrando pron\u00f3sticos meteorol\u00f3gicos precisos en su sitio! <\/b><\/p><\/div><div class=\"application-platform-content-item-features application-platform-content-item\" id=\"features\" data-nav-section=\"features\"><p>Aqu\u00ed hay una lista de todas las funciones del widget del tiempo. Puedes administrarlos directamente en el editor y te ayudar\u00e1n a darle forma al widget adecuado para tu caso. <\/p><ul><li>3 m\u00e9todos para ingresar la ubicaci\u00f3n: por el nombre, el c\u00f3digo postal y las coordenadas; <\/li><li>M\u00e1s de 30 idiomas incluidos para mostrar informaci\u00f3n meteorol\u00f3gica en el idioma de su audiencia; <\/li><li>Cinco variantes de la configuraci\u00f3n del widget para diferentes casos de uso; <\/li><li>La capacidad de agregar el pron\u00f3stico diario para la semana futura con fechas; <\/li><li>A\u00f1adir previsi\u00f3n hora a hora para las pr\u00f3ximas doce horas. <\/li><\/ul><p><a href=\"#demo\">Pruebe todas las dem\u00e1s funciones en la demostraci\u00f3n<\/a><\/p><\/div><div class=\"application-platform-content-item-installation application-platform-content-item\" id=\"installation\" data-nav-section=\"installation\"><h2>\u00bfC\u00f3mo puedo integrar el widget del tiempo con el sitio web de Elementor? <\/h2><div class=\"video-container\"><iframe width=\"720\" height=\"405\" src=\"https:\/\/www.youtube.com\/embed\/y5602MYe0Ug\"><\/iframe><\/div><p>Para activar el complemento, aplique las instrucciones a continuaci\u00f3n<\/p><ol><li><b>Cree su complemento meteorol\u00f3gico personal<\/b><br>Por medio de nuestro editor gratuito, obtenga un complemento con una apariencia y funciones seleccionadas.<\/li> <li><b>Obtenga el c\u00f3digo personal para agregar el complemento<\/b><br>Despu\u00e9s de haber configurado su widget, obtendr\u00e1 el c\u00f3digo \u00fanico en la ventana emergente en Elfsight Apps. C\u00f3pialo. <\/li> <li><b>Integre el complemento en su sitio web de Elementor<\/b><br>Seleccione el lugar donde necesita agregar el complemento y agregue el c\u00f3digo copiado all\u00ed. Aplicar los cambios. <\/li> <li><b>Realizaste exitosamente la instalaci\u00f3n<\/b><br>Ingresa a la tienda, para ver tu trabajo. <\/li><\/ol><p>Le invitamos a ponerse en contacto con nuestro servicio de atenci\u00f3n al cliente cuando necesite ayuda o tenga alguna consulta. Estaremos encantados de ayudarle con cada consulta. <\/p><div class=\"faq\" data-component=\"FAQ\"><div class=\"faq-item\">\r\n\t\t\t\t\t<div class=\"faq-item-question\">\r\n\t\t\t\t\t\t<h3 class=\"faq-item-question-text\">\u00bfDe qu\u00e9 manera es posible agregar Weather a mi p\u00e1gina web de Elementor sin conocimientos de codificaci\u00f3n?<\/h3>\r\n\r\n\t\t\t\t\t\t<div class=\"faq-item-question-icon\"><\/div>\r\n\t\t\t\t\t<\/div>\r\n\r\n\t\t\t\t\t<div class=\"faq-item-answer\">\r\n\t\t\t\t\t\t<div class=\"faq-item-answer-text\"> <p>La compa\u00f1\u00eda Elfsight presenta una soluci\u00f3n en la nube que le permite generar un widget de Weather usted mismo; mire la gu\u00eda sencilla: vaya al editor en l\u00ednea para generar un complemento de Weather que le gustar\u00eda integrar en su sitio web de Elementor. Haga clic en una de las plantillas predise\u00f1adas y modifique la configuraci\u00f3n del clima, modifique el dise\u00f1o y la combinaci\u00f3n de colores y actualice su contenido, sin ninguna experiencia en codificaci\u00f3n. Haga clic para guardar el clima y obtener el c\u00f3digo para la instalaci\u00f3n, que puede agregar f\u00e1cilmente al sitio de Elementor sin necesidad de comprar una versi\u00f3n paga. Con la ayuda del editor f\u00e1cil de usar, cualquier usuario de Internet puede generar un widget meteorol\u00f3gico e incluirlo f\u00e1cilmente en el sitio web de Elementor. No es necesario obtener un plan pago ni revelar los datos de su tarjeta para acceder al servicio. Si tiene alg\u00fan problema de cualquier tipo, no dude en ponerse en contacto con nuestro personal de soporte.<\/p> <\/div>\r\n\t\t\t\t\t<\/div>\r\n\t\t\t\t<\/div> <\/div><\/div>","protected":false},"excerpt":{"rendered":"","protected":false},"author":9,"featured_media":0,"parent":1055,"menu_order":0,"comment_status":"closed","ping_status":"closed","template":"templates\/template-application-platform.php","meta":{"publish_to_discourse":"","publish_post_category":"","wpdc_auto_publish_overridden":"","wpdc_topic_tags":"","wpdc_pin_topic":"","wpdc_pin_until":"","discourse_post_id":"","discourse_permalink":"","wpdc_publishing_response":"","wpdc_publishing_error":"","footnotes":""},"class_list":["post-7642","page","type-page","status-publish","hentry"],"yoast_head":"<!-- This site is optimized with the Yoast SEO plugin v25.3.1 - https:\/\/yoast.com\/wordpress\/plugins\/seo\/ -->\n<title>Agregue el widget del tiempo al sitio web de Elementor (gratis y r\u00e1pido)<\/title>\n<meta name=\"description\" content=\"Con Elfsight, d\u00e9 forma a su widget meteorol\u00f3gico y mu\u00e9strelo en su sitio web de Elementor en poco tiempo. Contamos con atenci\u00f3n al cliente gratuita y m\u00e1s bonos.\" \/>\n<meta name=\"robots\" content=\"index, follow, max-snippet:-1, max-image-preview:large, max-video-preview:-1\" \/>\n<link rel=\"canonical\" href=\"https:\/\/elfsight.com\/es\/weather-widget\/elementor\/\" \/>\n<meta property=\"og:locale\" content=\"es_ES\" \/>\n<meta property=\"og:type\" content=\"article\" \/>\n<meta property=\"og:title\" content=\"Agregue el widget del tiempo al sitio web de Elementor (gratis y r\u00e1pido)\" \/>\n<meta property=\"og:description\" content=\"Con Elfsight, d\u00e9 forma a su widget meteorol\u00f3gico y mu\u00e9strelo en su sitio web de Elementor en poco tiempo. Contamos con atenci\u00f3n al cliente gratuita y m\u00e1s bonos.\" \/>\n<meta property=\"og:url\" content=\"https:\/\/elfsight.com\/es\/weather-widget\/elementor\/\" \/>\n<meta property=\"og:site_name\" content=\"Elfsight ES\" \/>\n<meta property=\"article:modified_time\" content=\"2025-02-06T15:49:05+00:00\" \/>\n<meta name=\"twitter:card\" content=\"summary_large_image\" \/>\n<meta name=\"twitter:label1\" content=\"Tiempo de lectura\" \/>\n\t<meta name=\"twitter:data1\" content=\"3 minutos\" \/>\n<!-- \/ Yoast SEO plugin. -->","yoast_head_json":{"title":"Agregue el widget del tiempo al sitio web de Elementor (gratis y r\u00e1pido)","description":"Con Elfsight, d\u00e9 forma a su widget meteorol\u00f3gico y mu\u00e9strelo en su sitio web de Elementor en poco tiempo. Contamos con atenci\u00f3n al cliente gratuita y m\u00e1s bonos.","robots":{"index":"index","follow":"follow","max-snippet":"max-snippet:-1","max-image-preview":"max-image-preview:large","max-video-preview":"max-video-preview:-1"},"canonical":"https:\/\/elfsight.com\/es\/weather-widget\/elementor\/","og_locale":"es_ES","og_type":"article","og_title":"Agregue el widget del tiempo al sitio web de Elementor (gratis y r\u00e1pido)","og_description":"Con Elfsight, d\u00e9 forma a su widget meteorol\u00f3gico y mu\u00e9strelo en su sitio web de Elementor en poco tiempo. Contamos con atenci\u00f3n al cliente gratuita y m\u00e1s bonos.","og_url":"https:\/\/elfsight.com\/es\/weather-widget\/elementor\/","og_site_name":"Elfsight ES","article_modified_time":"2025-02-06T15:49:05+00:00","twitter_card":"summary_large_image","twitter_misc":{"Tiempo de lectura":"3 minutos"},"schema":{"@context":"https:\/\/schema.org","@graph":[{"@type":"WebPage","@id":"https:\/\/elfsight.com\/es\/weather-widget\/elementor\/","url":"https:\/\/elfsight.com\/es\/weather-widget\/elementor\/","name":"Agregue el widget del tiempo al sitio web de Elementor (gratis y r\u00e1pido)","isPartOf":{"@id":"https:\/\/elfsight.com\/es\/#website"},"datePublished":"1970-01-01T00:00:00+00:00","dateModified":"2025-02-06T15:49:05+00:00","description":"Con Elfsight, d\u00e9 forma a su widget meteorol\u00f3gico y mu\u00e9strelo en su sitio web de Elementor en poco tiempo. Contamos con atenci\u00f3n al cliente gratuita y m\u00e1s bonos.","breadcrumb":{"@id":"https:\/\/elfsight.com\/es\/weather-widget\/elementor\/#breadcrumb"},"inLanguage":"es","potentialAction":[{"@type":"ReadAction","target":["https:\/\/elfsight.com\/es\/weather-widget\/elementor\/"]}]},{"@type":"BreadcrumbList","@id":"https:\/\/elfsight.com\/es\/weather-widget\/elementor\/#breadcrumb","itemListElement":[{"@type":"ListItem","position":1,"name":"Home","item":"https:\/\/elfsight.com\/es\/"},{"@type":"ListItem","position":2,"name":"Weather","item":"https:\/\/elfsight.com\/es\/weather-widget\/"},{"@type":"ListItem","position":3,"name":"Weather &#8211; Elementor"}]},{"@type":"WebSite","@id":"https:\/\/elfsight.com\/es\/#website","url":"https:\/\/elfsight.com\/es\/","name":"Elfsight ES","description":"Just another Elfsight Sites site","potentialAction":[{"@type":"SearchAction","target":{"@type":"EntryPoint","urlTemplate":"https:\/\/elfsight.com\/es\/?s={search_term_string}"},"query-input":{"@type":"PropertyValueSpecification","valueRequired":true,"valueName":"search_term_string"}}],"inLanguage":"es"}]}},"meta_box":{"industry":"","seo_heading":"","heading":"","description":"","cta_heading":"","cta_description":"","application":"1054","h1":"Widget meteorol\u00f3gico de Elementor","h1_caption":"Muestra el pron\u00f3stico del tiempo para cualquier ubicaci\u00f3n en tu sitio web","application_category":[],"applications_title":"","applications_request_title":"","applications_request_button_text":"","hero_text":"","hero_video":"","hero_video_schema_markup":"","selling_points_title":"","selling_points_caption":"","selling_points":[],"selling_points_cta_text":"","features_title":"","features":"","ed_cta_examples_text":"","ed_cta_examples_hidden":"","ed_cta_demo_text":"","ed_cta_demo_hidden":"","why_caption":"","why_editor_title":"","why_editor_text":"","why_team_title":"","why_team_text":"","why_service_title":"","why_service_text":"","template_catalog_visible":"","template_catalog_title":"","template_catalog_text":"","template_catalog_categories_visible":"","demo_title":"Crea tu widget del tiempo","demo_caption":"\u00a1Configure su clima y agr\u00e9guelo a su sitio web de Elementor gratis!","default_faq_hidden":"","app_template_category":[],"platform":"58","template_public_id":"","codecanyon_url":"","codecanyon_item_id":"","codecanyon_price":"","pricing_caption":"","pricing_elfsight_apps_hide_column":"","pricing_elfsight_apps_url":"","pricing_codecanyon_price_caption":"","integration_category":[],"integration_request_title":"","integration_request_cta":"","integration_platform":"","integrations":[],"platform_category":[],"video_schema_markup":"","price":"desde $0 \/ mes","trial":"","benefits":[{"text":"Ayuda de instalaci\u00f3n gratuita"},{"text":"Soporte premium"},{"text":"Garant\u00eda de reembolso de 14 d\u00edas"},{"text":"Mejoras de por vida"}],"button_url":"#demo","button_target_blank":"","button_nofollow":"","attributes":[{"name":"Instalaciones","content":"10,000 - 100,000"},{"name":"Sensible","content":"S\u00ed"},{"name":"Navegadores compatibles","content":"Firefox, Safari, Opera, Chrome, Edge"}],"tags":[],"tags_disable_links":"","hide_more_platforms":"","video_object":"","demo_hide_cta":"","demo_hide_cloud_options":"","pricing_title":"","pricing":[{"pricing_icon":"platform","pricing_title":"Elfsight Apps","pricing_title_caption":"Soluci\u00f3n multiplataforma","pricing_price":"desde $0 \/ mes","pricing_price_caption":"comienza con el plan gratuito","pricing_benefits":[{"text":"Dominios ilimitados"},{"text":"Soporte dedicado"},{"text":"Asistencia de instalaci\u00f3n gratuita"},{"text":"Precio a alcanzar para m\u00faltiples aplicaciones"}],"pricing_button_text":"A\u00f1adir al sitio web","pricing_button_url":"#demo"}],"related_apps_title":"","related_apps_hidden":"","author":"","image":[],"title":"","job":"","social_networks":[]},"_links":{"self":[{"href":"https:\/\/elfsight.com\/es\/wp-json\/wp\/v2\/pages\/7642","targetHints":{"allow":["GET"]}}],"collection":[{"href":"https:\/\/elfsight.com\/es\/wp-json\/wp\/v2\/pages"}],"about":[{"href":"https:\/\/elfsight.com\/es\/wp-json\/wp\/v2\/types\/page"}],"author":[{"embeddable":true,"href":"https:\/\/elfsight.com\/es\/wp-json\/wp\/v2\/users\/9"}],"replies":[{"embeddable":true,"href":"https:\/\/elfsight.com\/es\/wp-json\/wp\/v2\/comments?post=7642"}],"version-history":[{"count":2,"href":"https:\/\/elfsight.com\/es\/wp-json\/wp\/v2\/pages\/7642\/revisions"}],"predecessor-version":[{"id":18859,"href":"https:\/\/elfsight.com\/es\/wp-json\/wp\/v2\/pages\/7642\/revisions\/18859"}],"up":[{"embeddable":true,"href":"https:\/\/elfsight.com\/es\/wp-json\/wp\/v2\/pages\/1055"}],"wp:attachment":[{"href":"https:\/\/elfsight.com\/es\/wp-json\/wp\/v2\/media?parent=7642"}],"curies":[{"name":"wp","href":"https:\/\/api.w.org\/{rel}","templated":true}]}}