{"id":7637,"date":"1970-01-01T00:00:00","date_gmt":"1970-01-01T00:00:00","guid":{"rendered":"https:\/\/elfsight.com\/es\/?page_id=7637"},"modified":"2025-02-06T15:49:05","modified_gmt":"2025-02-06T15:49:05","slug":"drupal","status":"publish","type":"page","link":"https:\/\/elfsight.com\/es\/weather-widget\/drupal\/","title":{"rendered":"Weather &#8211; Drupal"},"content":{"rendered":"<div class=\"application-platform-content-item-description application-platform-content-item\" id=\"description\" data-nav-section=\"description\"><h2>Descripci\u00f3n<\/h2><p>Elfsight Weather widget es un complemento de sitio web r\u00e1pido y ajustable para mostrar informaci\u00f3n meteorol\u00f3gica actualizada para cualquier punto requerido en el mapa. Inserte un distrito usando el nombre, c\u00f3digo postal o las coordenadas. La audiencia del sitio web ahora puede consultar informaci\u00f3n actualizada sobre la temperatura, la presi\u00f3n, el porcentaje de humedad y el clima activo. Nuestro widget incluye una funci\u00f3n para mostrar el pron\u00f3stico por hora o por d\u00eda. Puede personalizar la interfaz utilizando un fondo con temas meteorol\u00f3gicos y la funci\u00f3n para elegir sus propios colores. <\/p><p><b>Mejora la experiencia del usuario con un widget meteorol\u00f3gico informativo en tu sitio web. <\/b><\/p><\/div><div class=\"faq\" data-component=\"FAQ\"><div class=\"faq-item\">\r\n\t\t\t\t\t<div class=\"faq-item-question\">\r\n\t\t\t\t\t\t<h3 class=\"faq-item-question-text\">\u00bfC\u00f3mo agregar el widget del tiempo a una p\u00e1gina de Drupal?<\/h3>\r\n\r\n\t\t\t\t\t\t<div class=\"faq-item-question-icon\"><\/div>\r\n\t\t\t\t\t<\/div>\r\n\r\n\t\t\t\t\t<div class=\"faq-item-answer\">\r\n\t\t\t\t\t\t<div class=\"faq-item-answer-text\"><p>El proceso tomar\u00e1 varios minutos y nunca requerir\u00e1 conocimientos de programaci\u00f3n. Primero, debes personalizar tu m\u00f3dulo meteorol\u00f3gico: enciende o apaga la temperatura, elige una ubicaci\u00f3n personalizada, inserta un c\u00f3digo postal de una ciudad y obt\u00e9n el clima local en vivo. Copie el c\u00f3digo de instalaci\u00f3n en la ventana emergente, p\u00e9guelo en el lugar requerido de su p\u00e1gina web y \u00a1listo! &#8211; Tendr\u00e1s tu m\u00f3dulo meteorol\u00f3gico disponible en Drupal.<\/p><p>\u00bfDeseas obtener m\u00e1s informaci\u00f3n sobre la instalaci\u00f3n en otras plataformas? Puedes hacerlo <a href=\"https:\/\/elfsight.com\/tutorials\/how-to-add-weather-widget\/#how-to-add-weather-to-drupal\">en esta p\u00e1gina<\/a>.<\/p><\/div>\r\n\t\t\t\t\t<\/div>\r\n\t\t\t\t<\/div><div class=\"faq-item\">\r\n\t\t\t\t\t<div class=\"faq-item-question\">\r\n\t\t\t\t\t\t<h3 class=\"faq-item-question-text\">\u00bfTengo la oportunidad de ver c\u00f3mo se ver\u00e1 el widget en un sitio?<\/h3>\r\n\r\n\t\t\t\t\t\t<div class=\"faq-item-question-icon\"><\/div>\r\n\t\t\t\t\t<\/div>\r\n\r\n\t\t\t\t\t<div class=\"faq-item-answer\">\r\n\t\t\t\t\t\t<div class=\"faq-item-answer-text\"><p>\u00a1Ciertamente! En el proceso de desarrollo del complemento meteorol\u00f3gico de Drupal <a href=\"https:\/\/elfsight.com\/weather-widget\/#demo\">en el editor en l\u00ednea gratuito<\/a>, ver\u00e1 todos los cambios a la derecha. Su widget meteorol\u00f3gico se ver\u00e1 exactamente igual que en un sitio Drupal. <\/p><\/div>\r\n\t\t\t\t\t<\/div>\r\n\t\t\t\t<\/div><div class=\"faq-item\">\r\n\t\t\t\t\t<div class=\"faq-item-question\">\r\n\t\t\t\t\t\t<h3 class=\"faq-item-question-text\">\u00bfQu\u00e9 otros widgets son esenciales para un sitio web Drupal?<\/h3>\r\n\r\n\t\t\t\t\t\t<div class=\"faq-item-question-icon\"><\/div>\r\n\t\t\t\t\t<\/div>\r\n\r\n\t\t\t\t\t<div class=\"faq-item-answer\">\r\n\t\t\t\t\t\t<div class=\"faq-item-answer-text\"><p>Puedes obtener toneladas de herramientas beneficiosas para Drupal en Elfsight. Por ejemplo, puede obtener un <a href=\"https:\/\/elfsight.com\/whatsapp-chat-widget\/drupal\/\">WhatsApp Chat<\/a>, un <a href=\"https:\/\/elfsight.com\/online-form-builder\/drupal\/\">Creador de formularios<\/a>, un <a href=\"https:\/\/elfsight.com\/pdf-embed-widget\/drupal\/\">PDF Insertar<\/a> y <a href=\"https:\/\/elfsight.com\/instagram-feed-instashow\/drupal\/\">Feed de Instagram<\/a>. Adem\u00e1s, puedes obtener un <a href=\"https:\/\/elfsight.com\/event-calendar-widget\/drupal\/\">Calendario de eventos<\/a> para compartir lo que sucede en tu negocio en forma de calendario.<\/p><\/div>\r\n\t\t\t\t\t<\/div>\r\n\t\t\t\t<\/div><\/div><div class=\"application-platform-content-item-features application-platform-content-item\" id=\"features\" data-nav-section=\"features\"><p>Aqu\u00ed tienes una lista de todas las funciones del widget del tiempo. Est\u00e1n disponibles directamente en el editor y le ayudar\u00e1n a darle forma al widget exactamente para su caso de uso. <\/p><ul><li>3 formas de agregar el lugar: el nombre, el c\u00f3digo postal o las coordenadas; <\/li><li>M\u00e1s de 30 idiomas compatibles para mostrar informaci\u00f3n meteorol\u00f3gica en el idioma que habla su audiencia; <\/li><li>Cinco variantes de la configuraci\u00f3n del widget para diversos casos de uso; <\/li><li>La capacidad de demostrar el pron\u00f3stico diario para la pr\u00f3xima semana con fechas; <\/li><li>Muestra el tiempo hora por hora durante las pr\u00f3ximas 12 horas. <\/li><\/ul><p><a href=\"#demo\">Puedes probar todos los rasgos funcionales del widget directamente en la demostraci\u00f3n<\/a><\/p><\/div><div class=\"application-platform-content-item-installation application-platform-content-item\" id=\"installation\" data-nav-section=\"installation\"><h2>\u00bfC\u00f3mo agregar el m\u00f3dulo Weather al sitio web de Drupal? <\/h2><p>Simplemente siga varios pasos que se describen a continuaci\u00f3n para integrar la herramienta en Drupal.<\/p> <ol><li><b>Realice nuestro configurador gratuito y comience a formar su m\u00f3dulo meteorol\u00f3gico exclusivo. <\/b><br> Especifique la forma preferible y las especificaciones del m\u00f3dulo y guarde las ediciones. <\/li> <li><b>Adquiera el c\u00f3digo \u00fanico que aparece en el cuadro de Elfsight Apps. <\/b><br> Una vez completada la generaci\u00f3n de su m\u00f3dulo, copie el c\u00f3digo exclusivo en la ventana emergente que aparece y gu\u00e1rdelo para usarlo m\u00e1s adelante. <\/li> <li><b>Entra sobre el uso de la herramienta en el sitio web de Drupal. <\/b><br>Coloca el c\u00f3digo copiado recientemente en tu sitio web y guarda las mejoras. <\/li> <li><b>\u00a1Ya terminaste! La incrustaci\u00f3n se realiza con \u00e9xito. <\/b><br> Vaya a su p\u00e1gina para observar c\u00f3mo funciona la herramienta. <\/li><\/ol><p>No piense dos veces en ponerse en contacto con el servicio de atenci\u00f3n al cliente de Elfsight si necesita ayuda o tiene preguntas. Nuestros especialistas le ayudar\u00e1n en cada solicitud. <\/p><\/div>","protected":false},"excerpt":{"rendered":"","protected":false},"author":9,"featured_media":0,"parent":1055,"menu_order":0,"comment_status":"closed","ping_status":"closed","template":"templates\/template-application-platform.php","meta":{"publish_to_discourse":"","publish_post_category":"","wpdc_auto_publish_overridden":"","wpdc_topic_tags":"","wpdc_pin_topic":"","wpdc_pin_until":"","discourse_post_id":"","discourse_permalink":"","wpdc_publishing_response":"","wpdc_publishing_error":"","footnotes":""},"class_list":["post-7637","page","type-page","status-publish","hentry"],"yoast_head":"<!-- This site is optimized with the Yoast SEO plugin v25.3.1 - https:\/\/yoast.com\/wordpress\/plugins\/seo\/ -->\n<title>Widget meteorol\u00f3gico: agregue la aplicaci\u00f3n Weather al sitio web de Drupal (gratis y r\u00e1pido)<\/title>\n<meta name=\"description\" content=\"Cree y agregue una aplicaci\u00f3n meteorol\u00f3gica responsiva en su sitio Drupal. La atenci\u00f3n al cliente de Elfsight es gratuita y r\u00e1pida.\" \/>\n<meta name=\"robots\" content=\"index, follow, max-snippet:-1, max-image-preview:large, max-video-preview:-1\" \/>\n<link rel=\"canonical\" href=\"https:\/\/elfsight.com\/es\/weather-widget\/drupal\/\" \/>\n<meta property=\"og:locale\" content=\"es_ES\" \/>\n<meta property=\"og:type\" content=\"article\" \/>\n<meta property=\"og:title\" content=\"Widget meteorol\u00f3gico: agregue la aplicaci\u00f3n Weather al sitio web de Drupal (gratis y r\u00e1pido)\" \/>\n<meta property=\"og:description\" content=\"Cree y agregue una aplicaci\u00f3n meteorol\u00f3gica responsiva en su sitio Drupal. La atenci\u00f3n al cliente de Elfsight es gratuita y r\u00e1pida.\" \/>\n<meta property=\"og:url\" content=\"https:\/\/elfsight.com\/es\/weather-widget\/drupal\/\" \/>\n<meta property=\"og:site_name\" content=\"Elfsight ES\" \/>\n<meta property=\"article:modified_time\" content=\"2025-02-06T15:49:05+00:00\" \/>\n<meta name=\"twitter:card\" content=\"summary_large_image\" \/>\n<meta name=\"twitter:label1\" content=\"Tiempo de lectura\" \/>\n\t<meta name=\"twitter:data1\" content=\"3 minutos\" \/>\n<!-- \/ Yoast SEO plugin. -->","yoast_head_json":{"title":"Widget meteorol\u00f3gico: agregue la aplicaci\u00f3n Weather al sitio web de Drupal (gratis y r\u00e1pido)","description":"Cree y agregue una aplicaci\u00f3n meteorol\u00f3gica responsiva en su sitio Drupal. La atenci\u00f3n al cliente de Elfsight es gratuita y r\u00e1pida.","robots":{"index":"index","follow":"follow","max-snippet":"max-snippet:-1","max-image-preview":"max-image-preview:large","max-video-preview":"max-video-preview:-1"},"canonical":"https:\/\/elfsight.com\/es\/weather-widget\/drupal\/","og_locale":"es_ES","og_type":"article","og_title":"Widget meteorol\u00f3gico: agregue la aplicaci\u00f3n Weather al sitio web de Drupal (gratis y r\u00e1pido)","og_description":"Cree y agregue una aplicaci\u00f3n meteorol\u00f3gica responsiva en su sitio Drupal. La atenci\u00f3n al cliente de Elfsight es gratuita y r\u00e1pida.","og_url":"https:\/\/elfsight.com\/es\/weather-widget\/drupal\/","og_site_name":"Elfsight ES","article_modified_time":"2025-02-06T15:49:05+00:00","twitter_card":"summary_large_image","twitter_misc":{"Tiempo de lectura":"3 minutos"},"schema":{"@context":"https:\/\/schema.org","@graph":[{"@type":"WebPage","@id":"https:\/\/elfsight.com\/es\/weather-widget\/drupal\/","url":"https:\/\/elfsight.com\/es\/weather-widget\/drupal\/","name":"Widget meteorol\u00f3gico: agregue la aplicaci\u00f3n Weather al sitio web de Drupal (gratis y r\u00e1pido)","isPartOf":{"@id":"https:\/\/elfsight.com\/es\/#website"},"datePublished":"1970-01-01T00:00:00+00:00","dateModified":"2025-02-06T15:49:05+00:00","description":"Cree y agregue una aplicaci\u00f3n meteorol\u00f3gica responsiva en su sitio Drupal. La atenci\u00f3n al cliente de Elfsight es gratuita y r\u00e1pida.","breadcrumb":{"@id":"https:\/\/elfsight.com\/es\/weather-widget\/drupal\/#breadcrumb"},"inLanguage":"es","potentialAction":[{"@type":"ReadAction","target":["https:\/\/elfsight.com\/es\/weather-widget\/drupal\/"]}]},{"@type":"BreadcrumbList","@id":"https:\/\/elfsight.com\/es\/weather-widget\/drupal\/#breadcrumb","itemListElement":[{"@type":"ListItem","position":1,"name":"Home","item":"https:\/\/elfsight.com\/es\/"},{"@type":"ListItem","position":2,"name":"Weather","item":"https:\/\/elfsight.com\/es\/weather-widget\/"},{"@type":"ListItem","position":3,"name":"Weather &#8211; Drupal"}]},{"@type":"WebSite","@id":"https:\/\/elfsight.com\/es\/#website","url":"https:\/\/elfsight.com\/es\/","name":"Elfsight ES","description":"Just another Elfsight Sites site","potentialAction":[{"@type":"SearchAction","target":{"@type":"EntryPoint","urlTemplate":"https:\/\/elfsight.com\/es\/?s={search_term_string}"},"query-input":{"@type":"PropertyValueSpecification","valueRequired":true,"valueName":"search_term_string"}}],"inLanguage":"es"}]}},"meta_box":{"industry":"","seo_heading":"","heading":"","description":"","cta_heading":"","cta_description":"","application":"1054","h1":"M\u00f3dulo meteorol\u00f3gico Drupal","h1_caption":"Muestra el pron\u00f3stico del tiempo para cualquier lugar del mundo.","application_category":[],"applications_title":"","applications_request_title":"","applications_request_button_text":"","hero_text":"","hero_video":"","hero_video_schema_markup":"","selling_points_title":"","selling_points_caption":"","selling_points":[],"selling_points_cta_text":"","features_title":"","features":"","ed_cta_examples_text":"","ed_cta_examples_hidden":"","ed_cta_demo_text":"","ed_cta_demo_hidden":"","why_caption":"","why_editor_title":"","why_editor_text":"","why_team_title":"","why_team_text":"","why_service_title":"","why_service_text":"","template_catalog_visible":"","template_catalog_title":"","template_catalog_text":"","template_catalog_categories_visible":"","demo_title":"Crea tu m\u00f3dulo meteorol\u00f3gico","demo_caption":"\u00a1Configura tu clima y agr\u00e9galo a tu sitio web Drupal gratis!","default_faq_hidden":"","app_template_category":[],"platform":"2161","template_public_id":"","codecanyon_url":"","codecanyon_item_id":"","codecanyon_price":"","pricing_caption":"","pricing_elfsight_apps_hide_column":"","pricing_elfsight_apps_url":"","pricing_codecanyon_price_caption":"","integration_category":[],"integration_request_title":"","integration_request_cta":"","integration_platform":"","integrations":[],"platform_category":[],"video_schema_markup":"","price":"desde $0 \/ mes","trial":"","benefits":[{"text":"Asistencia de instalaci\u00f3n gratuita"},{"text":"Servicio al cliente profesional"},{"text":"Garant\u00eda de devoluci\u00f3n de dinero de 14 d\u00edas"},{"text":"Desarrollo continuo"}],"button_url":"#demo","button_target_blank":"","button_nofollow":"","attributes":[{"name":"Instalaciones","content":"10,000 - 100,000"},{"name":"Sensible","content":"S\u00ed"},{"name":"Navegadores compatibles","content":"Firefox, Safari, Opera, Chrome, Edge"}],"tags":[],"tags_disable_links":"","hide_more_platforms":"","video_object":"","demo_hide_cta":"","demo_hide_cloud_options":"","pricing_title":"","pricing":[{"pricing_icon":"platform","pricing_title":"Elfsight Apps","pricing_title_caption":"Soluci\u00f3n independiente de la plataforma","pricing_price":"desde $0 \/ mes","pricing_price_caption":"comienza con el plan gratuito","pricing_benefits":[{"text":"Dominios ilimitados"},{"text":"Soporte r\u00e1pido de la empresa"},{"text":"Soporte de instalaci\u00f3n gratuito"},{"text":"Gran oferta para m\u00faltiples aplicaciones"}],"pricing_button_text":"A\u00f1adir al sitio web","pricing_button_url":"#demo"}],"related_apps_title":"","related_apps_hidden":"","author":"","image":[],"title":"","job":"","social_networks":[]},"_links":{"self":[{"href":"https:\/\/elfsight.com\/es\/wp-json\/wp\/v2\/pages\/7637","targetHints":{"allow":["GET"]}}],"collection":[{"href":"https:\/\/elfsight.com\/es\/wp-json\/wp\/v2\/pages"}],"about":[{"href":"https:\/\/elfsight.com\/es\/wp-json\/wp\/v2\/types\/page"}],"author":[{"embeddable":true,"href":"https:\/\/elfsight.com\/es\/wp-json\/wp\/v2\/users\/9"}],"replies":[{"embeddable":true,"href":"https:\/\/elfsight.com\/es\/wp-json\/wp\/v2\/comments?post=7637"}],"version-history":[{"count":2,"href":"https:\/\/elfsight.com\/es\/wp-json\/wp\/v2\/pages\/7637\/revisions"}],"predecessor-version":[{"id":18860,"href":"https:\/\/elfsight.com\/es\/wp-json\/wp\/v2\/pages\/7637\/revisions\/18860"}],"up":[{"embeddable":true,"href":"https:\/\/elfsight.com\/es\/wp-json\/wp\/v2\/pages\/1055"}],"wp:attachment":[{"href":"https:\/\/elfsight.com\/es\/wp-json\/wp\/v2\/media?parent=7637"}],"curies":[{"name":"wp","href":"https:\/\/api.w.org\/{rel}","templated":true}]}}