{"id":7636,"date":"1970-01-01T00:00:00","date_gmt":"1970-01-01T00:00:00","guid":{"rendered":"https:\/\/elfsight.com\/es\/?page_id=7636"},"modified":"2025-02-06T15:49:05","modified_gmt":"2025-02-06T15:49:05","slug":"blogger","status":"publish","type":"page","link":"https:\/\/elfsight.com\/es\/weather-widget\/blogger\/","title":{"rendered":"Weather &#8211; Blogger"},"content":{"rendered":"<div class=\"application-platform-content-item-description application-platform-content-item\" id=\"description\" data-nav-section=\"description\"><h2>Descripci\u00f3n<\/h2><p>Elfsight Weather es un widget de sitio web simple y altamente adaptable que muestra la situaci\u00f3n clim\u00e1tica relevante para una ubicaci\u00f3n seleccionada. Ingrese un lugar por el t\u00edtulo, el c\u00f3digo postal o las coordenadas. Sus usuarios podr\u00e1n ver los datos m\u00e1s recientes sobre temperatura, presi\u00f3n del aire, humedad y elementos clim\u00e1ticos. Tambi\u00e9n puedes mostrar la previsi\u00f3n para la pr\u00f3xima semana o para las pr\u00f3ximas doce horas. El widget tambi\u00e9n presenta im\u00e1genes de fondo tem\u00e1ticas y la opci\u00f3n de aplicar colores personalizados. <\/p><p><b>Proporcione una experiencia de cliente mejorada con un \u00fatil widget meteorol\u00f3gico en su p\u00e1gina. <\/b><\/p><\/div><div class=\"application-platform-content-item-features application-platform-content-item\" id=\"features\" data-nav-section=\"features\"><p>Vea todas las caracter\u00edsticas funcionales del widget del tiempo. Puede administrarlos directamente en el editor y lo ayudar\u00e1n a crear el widget adecuado para su caso de uso. <\/p><ul><li>Tres m\u00e9todos para ingresar la ubicaci\u00f3n: por el nombre, el c\u00f3digo postal y las coordenadas; <\/li><li>M\u00e1s de 30 idiomas incluidos para mostrar informaci\u00f3n meteorol\u00f3gica en tu lengua materna; <\/li><li>5 tipos de configuraci\u00f3n de widgets para diversos casos de uso; <\/li><li>La opci\u00f3n de mostrar el pron\u00f3stico diario para la semana futura con fechas; <\/li><li>Demuestra el pron\u00f3stico horario para las doce horas m\u00e1s cercanas. <\/li><\/ul><p><a href=\"#demo\">Pruebe todas las dem\u00e1s funciones de la demostraci\u00f3n<\/a><\/p><\/div><div class=\"application-platform-content-item-installation application-platform-content-item\" id=\"installation\" data-nav-section=\"installation\"><h2>\u00bfC\u00f3mo inserto el widget del tiempo en mi sitio de Blogger? <\/h2><div class=\"video-container\"><iframe width=\"720\" height=\"405\" src=\"https:\/\/www.youtube.com\/embed\/XdxdJ0iQ5h8\" frameborder=\"0\"><\/iframe><\/div><p>Para incrustar el complemento, solo sigue un par de pasos r\u00e1pidos<\/p><ol><li><b>Genera tu complemento meteorol\u00f3gico personalizado<\/b><br>Con la ayuda de nuestra demostraci\u00f3n gratuita, configure un complemento con una apariencia y funcionalidad preferidas. <\/li> <li><b>Adquiera el c\u00f3digo personal para instalar el complemento<\/b><br>Despu\u00e9s de haber creado su widget, recibir\u00e1 su c\u00f3digo personal en la notificaci\u00f3n emergente en Elfsight Apps. Copia el c\u00f3digo. <\/li> <li><b>Integre el complemento en su sitio de Blogger<\/b><br>Vaya al lugar donde desea agregar el complemento e inserte el c\u00f3digo guardado all\u00ed. Publicar los cambios. <\/li> <li><b>La instalaci\u00f3n se realiz\u00f3 correctamente<\/b><br>Visite el sitio para ver su widget. <\/li><\/ol><p>Le invitamos a dirigirse a nuestro servicio de atenci\u00f3n al cliente cuando necesite ayuda o tenga problemas. Estaremos encantados de ayudarle con cada consulta. <\/p><div class=\"faq\" data-component=\"FAQ\"><div class=\"faq-item\">\r\n\t\t\t\t\t<div class=\"faq-item-question\">\r\n\t\t\t\t\t\t<h3 class=\"faq-item-question-text\">\u00bfExiste una opci\u00f3n para agregar Weather a mi sitio web de Blogger sin conocimientos de codificaci\u00f3n?<\/h3>\r\n\r\n\t\t\t\t\t\t<div class=\"faq-item-question-icon\"><\/div>\r\n\t\t\t\t\t<\/div>\r\n\r\n\t\t\t\t\t<div class=\"faq-item-answer\">\r\n\t\t\t\t\t\t<div class=\"faq-item-answer-text\"> <p>Elfsight ofrece una soluci\u00f3n que permite a una amplia audiencia establecer un complemento de Weather usted mismo; observe las sencillas instrucciones: Vaya al editor en vivo para crear una aplicaci\u00f3n de Weather que le gustar\u00eda agregar a su p\u00e1gina de inicio de Blogger. Haga clic en una de las plantillas predise\u00f1adas y modifique la configuraci\u00f3n del clima, cambie el dise\u00f1o y los esquemas de color para incluir su contenido, sin conocimientos de codificaci\u00f3n. Haga clic para guardar la configuraci\u00f3n que realiz\u00f3 en Weather y copie el c\u00f3digo para la instalaci\u00f3n, que se puede incluir en el sitio web de Blogger sin necesidad de comprar una suscripci\u00f3n paga. Utilizando el editor intuitivo, cualquier usuario web puede crear un widget meteorol\u00f3gico y agregarlo sin esfuerzo a su p\u00e1gina web de Blogger. No es necesario pagar ni enviar las credenciales de su tarjeta para ingresar a nuestro servicio. Si tiene alg\u00fan problema de cualquier tipo, no dude en comunicarse con nuestro personal de soporte.<\/p> <\/div>\r\n\t\t\t\t\t<\/div>\r\n\t\t\t\t<\/div> <\/div><\/div>","protected":false},"excerpt":{"rendered":"","protected":false},"author":9,"featured_media":0,"parent":1055,"menu_order":0,"comment_status":"closed","ping_status":"closed","template":"templates\/template-application-platform.php","meta":{"publish_to_discourse":"","publish_post_category":"","wpdc_auto_publish_overridden":"","wpdc_topic_tags":"","wpdc_pin_topic":"","wpdc_pin_until":"","discourse_post_id":"","discourse_permalink":"","wpdc_publishing_response":"","wpdc_publishing_error":"","footnotes":""},"class_list":["post-7636","page","type-page","status-publish","hentry"],"yoast_head":"<!-- This site is optimized with the Yoast SEO plugin v25.3.1 - https:\/\/yoast.com\/wordpress\/plugins\/seo\/ -->\n<title>Widget meteorol\u00f3gico: agregue la aplicaci\u00f3n Weather al sitio web de Blogger (gratis y r\u00e1pido)<\/title>\n<meta name=\"description\" content=\"Con Elfsight, cree su complemento Weather y publ\u00edquelo en su sitio de Blogger. Disponemos de atenci\u00f3n al cliente gratuita y otros bonos.\" \/>\n<meta name=\"robots\" content=\"index, follow, max-snippet:-1, max-image-preview:large, max-video-preview:-1\" \/>\n<link rel=\"canonical\" href=\"https:\/\/elfsight.com\/es\/weather-widget\/blogger\/\" \/>\n<meta property=\"og:locale\" content=\"es_ES\" \/>\n<meta property=\"og:type\" content=\"article\" \/>\n<meta property=\"og:title\" content=\"Widget meteorol\u00f3gico: agregue la aplicaci\u00f3n Weather al sitio web de Blogger (gratis y r\u00e1pido)\" \/>\n<meta property=\"og:description\" content=\"Con Elfsight, cree su complemento Weather y publ\u00edquelo en su sitio de Blogger. Disponemos de atenci\u00f3n al cliente gratuita y otros bonos.\" \/>\n<meta property=\"og:url\" content=\"https:\/\/elfsight.com\/es\/weather-widget\/blogger\/\" \/>\n<meta property=\"og:site_name\" content=\"Elfsight ES\" \/>\n<meta property=\"article:modified_time\" content=\"2025-02-06T15:49:05+00:00\" \/>\n<meta name=\"twitter:card\" content=\"summary_large_image\" \/>\n<meta name=\"twitter:label1\" content=\"Tiempo de lectura\" \/>\n\t<meta name=\"twitter:data1\" content=\"3 minutos\" \/>\n<!-- \/ Yoast SEO plugin. -->","yoast_head_json":{"title":"Widget meteorol\u00f3gico: agregue la aplicaci\u00f3n Weather al sitio web de Blogger (gratis y r\u00e1pido)","description":"Con Elfsight, cree su complemento Weather y publ\u00edquelo en su sitio de Blogger. Disponemos de atenci\u00f3n al cliente gratuita y otros bonos.","robots":{"index":"index","follow":"follow","max-snippet":"max-snippet:-1","max-image-preview":"max-image-preview:large","max-video-preview":"max-video-preview:-1"},"canonical":"https:\/\/elfsight.com\/es\/weather-widget\/blogger\/","og_locale":"es_ES","og_type":"article","og_title":"Widget meteorol\u00f3gico: agregue la aplicaci\u00f3n Weather al sitio web de Blogger (gratis y r\u00e1pido)","og_description":"Con Elfsight, cree su complemento Weather y publ\u00edquelo en su sitio de Blogger. Disponemos de atenci\u00f3n al cliente gratuita y otros bonos.","og_url":"https:\/\/elfsight.com\/es\/weather-widget\/blogger\/","og_site_name":"Elfsight ES","article_modified_time":"2025-02-06T15:49:05+00:00","twitter_card":"summary_large_image","twitter_misc":{"Tiempo de lectura":"3 minutos"},"schema":{"@context":"https:\/\/schema.org","@graph":[{"@type":"WebPage","@id":"https:\/\/elfsight.com\/es\/weather-widget\/blogger\/","url":"https:\/\/elfsight.com\/es\/weather-widget\/blogger\/","name":"Widget meteorol\u00f3gico: agregue la aplicaci\u00f3n Weather al sitio web de Blogger (gratis y r\u00e1pido)","isPartOf":{"@id":"https:\/\/elfsight.com\/es\/#website"},"datePublished":"1970-01-01T00:00:00+00:00","dateModified":"2025-02-06T15:49:05+00:00","description":"Con Elfsight, cree su complemento Weather y publ\u00edquelo en su sitio de Blogger. Disponemos de atenci\u00f3n al cliente gratuita y otros bonos.","breadcrumb":{"@id":"https:\/\/elfsight.com\/es\/weather-widget\/blogger\/#breadcrumb"},"inLanguage":"es","potentialAction":[{"@type":"ReadAction","target":["https:\/\/elfsight.com\/es\/weather-widget\/blogger\/"]}]},{"@type":"BreadcrumbList","@id":"https:\/\/elfsight.com\/es\/weather-widget\/blogger\/#breadcrumb","itemListElement":[{"@type":"ListItem","position":1,"name":"Home","item":"https:\/\/elfsight.com\/es\/"},{"@type":"ListItem","position":2,"name":"Weather","item":"https:\/\/elfsight.com\/es\/weather-widget\/"},{"@type":"ListItem","position":3,"name":"Weather &#8211; Blogger"}]},{"@type":"WebSite","@id":"https:\/\/elfsight.com\/es\/#website","url":"https:\/\/elfsight.com\/es\/","name":"Elfsight ES","description":"Just another Elfsight Sites site","potentialAction":[{"@type":"SearchAction","target":{"@type":"EntryPoint","urlTemplate":"https:\/\/elfsight.com\/es\/?s={search_term_string}"},"query-input":{"@type":"PropertyValueSpecification","valueRequired":true,"valueName":"search_term_string"}}],"inLanguage":"es"}]}},"meta_box":{"industry":"","seo_heading":"","heading":"","description":"","cta_heading":"","cta_description":"","application":"1054","h1":"Widget del tiempo de Blogger","h1_caption":"Proporcionar a los usuarios del sitio web pron\u00f3sticos del tiempo para cualquier lugar del mundo.","application_category":[],"applications_title":"","applications_request_title":"","applications_request_button_text":"","hero_text":"","hero_video":"","hero_video_schema_markup":"","selling_points_title":"","selling_points_caption":"","selling_points":[],"selling_points_cta_text":"","features_title":"","features":"","ed_cta_examples_text":"","ed_cta_examples_hidden":"","ed_cta_demo_text":"","ed_cta_demo_hidden":"","why_caption":"","why_editor_title":"","why_editor_text":"","why_team_title":"","why_team_text":"","why_service_title":"","why_service_text":"","template_catalog_visible":"","template_catalog_title":"","template_catalog_text":"","template_catalog_categories_visible":"","demo_title":"Crea tu widget del tiempo","demo_caption":"\u00a1Configura tu clima y agr\u00e9galo a tu sitio web de Blogger gratis!","default_faq_hidden":"","app_template_category":[],"platform":"39","template_public_id":"","codecanyon_url":"","codecanyon_item_id":"","codecanyon_price":"","pricing_caption":"","pricing_elfsight_apps_hide_column":"","pricing_elfsight_apps_url":"","pricing_codecanyon_price_caption":"","integration_category":[],"integration_request_title":"","integration_request_cta":"","integration_platform":"","integrations":[],"platform_category":[],"video_schema_markup":"","price":"desde $0 \/ mes","trial":"","benefits":[{"text":"Servicio de instalaci\u00f3n gratuito"},{"text":"Servicio al cliente eficaz"},{"text":"Garant\u00eda de reembolso de 14 d\u00edas"},{"text":"Desarrollo continuo"}],"button_url":"#demo","button_target_blank":"","button_nofollow":"","attributes":[{"name":"Instalaciones","content":"10,000 - 100,000"},{"name":"Sensible","content":"S\u00ed"},{"name":"Navegadores compatibles","content":"Firefox, Safari, Opera, Chrome, Edge"}],"tags":[],"tags_disable_links":"","hide_more_platforms":"","video_object":"","demo_hide_cta":"","demo_hide_cloud_options":"","pricing_title":"","pricing":[{"pricing_icon":"platform","pricing_title":"Elfsight Apps","pricing_title_caption":"Versi\u00f3n multiplataforma que funciona en cualquier sitio web.","pricing_price":"desde $0 \/ mes","pricing_price_caption":"comienza con un plan gratuito","pricing_benefits":[{"text":"Sitios web ilimitados"},{"text":"Atenci\u00f3n al cliente 24 horas al d\u00eda, 7 d\u00edas a la semana"},{"text":"Ayuda de instalaci\u00f3n gratuita"},{"text":"Totalmente personalizable"}],"pricing_button_text":"A\u00f1adir al sitio web","pricing_button_url":"#demo"}],"related_apps_title":"","related_apps_hidden":"","author":"","image":[],"title":"","job":"","social_networks":[]},"_links":{"self":[{"href":"https:\/\/elfsight.com\/es\/wp-json\/wp\/v2\/pages\/7636","targetHints":{"allow":["GET"]}}],"collection":[{"href":"https:\/\/elfsight.com\/es\/wp-json\/wp\/v2\/pages"}],"about":[{"href":"https:\/\/elfsight.com\/es\/wp-json\/wp\/v2\/types\/page"}],"author":[{"embeddable":true,"href":"https:\/\/elfsight.com\/es\/wp-json\/wp\/v2\/users\/9"}],"replies":[{"embeddable":true,"href":"https:\/\/elfsight.com\/es\/wp-json\/wp\/v2\/comments?post=7636"}],"version-history":[{"count":2,"href":"https:\/\/elfsight.com\/es\/wp-json\/wp\/v2\/pages\/7636\/revisions"}],"predecessor-version":[{"id":18861,"href":"https:\/\/elfsight.com\/es\/wp-json\/wp\/v2\/pages\/7636\/revisions\/18861"}],"up":[{"embeddable":true,"href":"https:\/\/elfsight.com\/es\/wp-json\/wp\/v2\/pages\/1055"}],"wp:attachment":[{"href":"https:\/\/elfsight.com\/es\/wp-json\/wp\/v2\/media?parent=7636"}],"curies":[{"name":"wp","href":"https:\/\/api.w.org\/{rel}","templated":true}]}}