{"id":7635,"date":"1970-01-01T00:00:00","date_gmt":"1970-01-01T00:00:00","guid":{"rendered":"https:\/\/elfsight.com\/es\/?page_id=7635"},"modified":"2025-02-06T15:49:13","modified_gmt":"2025-02-06T15:49:13","slug":"bigcommerce","status":"publish","type":"page","link":"https:\/\/elfsight.com\/es\/weather-widget\/bigcommerce\/","title":{"rendered":"Weather &#8211; BigCommerce"},"content":{"rendered":"<div class=\"application-platform-content-item-description application-platform-content-item\" id=\"description\" data-nav-section=\"description\"><h2>Descripci\u00f3n<\/h2><p>Elfsight Weather es un complemento de sitio web \u00fatil y f\u00e1cilmente personalizable para demostrar el clima actual de un \u00e1rea elegida. Agregue una ubicaci\u00f3n por nombre, c\u00f3digo postal o coordenadas. Los visitantes del sitio web ahora pueden ver informaci\u00f3n actualizada sobre la temperatura, la presi\u00f3n del aire, la humedad y el clima activo. El widget tiene una opci\u00f3n para demostrar el pron\u00f3stico para la semana o para las pr\u00f3ximas 12 horas. El widget tambi\u00e9n incluye im\u00e1genes de fondo tem\u00e1ticas y la posibilidad de pintar el fondo de cualquier color. <\/p><p><b>\u00a1Aumente las ventas de productos de temporada mostrando pron\u00f3sticos meteorol\u00f3gicos precisos en su sitio web! <\/b><\/p><\/div><div class=\"application-platform-content-item-features application-platform-content-item\" id=\"features\" data-nav-section=\"features\"><p>Comprueba todas las funciones del widget del tiempo. Est\u00e1n disponibles directamente en el editor y te ayudar\u00e1n a configurar el widget especialmente para tus necesidades. <\/p><ul><li>Tres m\u00e9todos para agregar el lugar: el nombre, el c\u00f3digo postal y las coordenadas; <\/li><li>M\u00e1s de 30 idiomas incluidos para mostrar datos meteorol\u00f3gicos en el idioma de su audiencia; <\/li><li>5 tipos de configuraci\u00f3n de widgets para diferentes casos de uso; <\/li><li>La capacidad de mostrar el pron\u00f3stico diario para una semana con fechas; <\/li><li>Muestra el clima por hora para las doce horas m\u00e1s cercanas.<\/li><\/ul><p><a href=\"#demo\">Vea c\u00f3mo funcionan todas las funciones en nuestra demostraci\u00f3n<\/a><\/p><\/div><div class=\"application-platform-content-item-installation application-platform-content-item\" id=\"installation\" data-nav-section=\"installation\"><h2>\u00bfC\u00f3mo agregar la aplicaci\u00f3n Weather al sitio de BigCommerce? <\/h2><div class=\"video-container\"><iframe width=\"720\" height=\"405\" src=\"https:\/\/www.youtube.com\/embed\/BaMQXvHomzk\"><\/iframe><\/div><p>Simplemente aplique las instrucciones a continuaci\u00f3n para agregar la herramienta en BigCommerce.<\/p> <ol><li><b>Administre nuestra demostraci\u00f3n gratuita y comience a crear su aplicaci\u00f3n personalizada. <\/b><br> Elija la forma y la funcionalidad preferidas del widget y aplique las ediciones. <\/li> <li><b>Obtenga su c\u00f3digo \u00fanico que se muestra en el formulario especial en Elfsight Apps. <\/b><br> Inmediatamente despu\u00e9s de generar su aplicaci\u00f3n meteorol\u00f3gica personal, copie el c\u00f3digo exclusivo en la ventana emergente que aparece y gu\u00e1rdelo para su uso posterior. <\/li> <li><b>Comience a usar la herramienta en su sitio BigCommerce. <\/b><br>Incruste el c\u00f3digo guardado recientemente en su sitio web y guarde las correcciones. <\/li> <li><b>La configuraci\u00f3n se realiz\u00f3 correctamente. <\/b><br> Visite su sitio para examinar c\u00f3mo funciona el complemento. <\/li><\/ol><p>No dudes en ponerte en contacto con el servicio de soporte de Elfsight en caso de que necesites asesoramiento o tengas consultas. Le ayudaremos con cada consulta.<\/p><div class=\"faq\" data-component=\"FAQ\"><div class=\"faq-item\">\r\n\t\t\t\t\t<div class=\"faq-item-question\">\r\n\t\t\t\t\t\t<h3 class=\"faq-item-question-text\">\u00bfDe qu\u00e9 manera puedo insertar Weather en mi sitio de BigCommerce sin experiencia en codificaci\u00f3n?<\/h3>\r\n\r\n\t\t\t\t\t\t<div class=\"faq-item-question-icon\"><\/div>\r\n\t\t\t\t\t<\/div>\r\n\r\n\t\t\t\t\t<div class=\"faq-item-answer\">\r\n\t\t\t\t\t\t<div class=\"faq-item-answer-text\"> <p>La compa\u00f1\u00eda Elfsight presenta una soluci\u00f3n SaaS que permite a los usuarios crear un widget de Weather usted mismo. Descubra lo f\u00e1cil que es el proceso: comience a trabajar directamente en el editor en vivo para crear un complemento de Weather que le gustar\u00eda insertar en el sitio web de BigCommerce. Haga clic en una de las plantillas listas para usar y modifique la configuraci\u00f3n del clima, modifique el dise\u00f1o y el color de los elementos, incluido su contenido, sin conocimientos de codificaci\u00f3n. Haga clic para guardar la configuraci\u00f3n que realiz\u00f3 en Weather y obtener el c\u00f3digo de instalaci\u00f3n del complemento, que se puede pegar en la p\u00e1gina de inicio de %platform% sin necesidad de comprar un plan pago. Con el Configurador intuitivo, cada usuario de Internet puede crear un widget meteorol\u00f3gico en l\u00ednea y agregarlo f\u00e1cilmente al sitio web de BigCommerce. No es necesario obtener una suscripci\u00f3n paga ni ingresar las credenciales de su tarjeta para acceder a Elfsight Editor. Si enfrenta alg\u00fan obst\u00e1culo de cualquier tipo, contin\u00fae y comun\u00edquese con nuestro servicio de atenci\u00f3n al cliente.<\/p> <\/div>\r\n\t\t\t\t\t<\/div>\r\n\t\t\t\t<\/div> <\/div><\/div>","protected":false},"excerpt":{"rendered":"","protected":false},"author":9,"featured_media":0,"parent":1055,"menu_order":0,"comment_status":"closed","ping_status":"closed","template":"templates\/template-application-platform.php","meta":{"publish_to_discourse":"","publish_post_category":"","wpdc_auto_publish_overridden":"","wpdc_topic_tags":"","wpdc_pin_topic":"","wpdc_pin_until":"","discourse_post_id":"","discourse_permalink":"","wpdc_publishing_response":"","wpdc_publishing_error":"","footnotes":""},"class_list":["post-7635","page","type-page","status-publish","hentry"],"yoast_head":"<!-- This site is optimized with the Yoast SEO plugin v25.3.1 - https:\/\/yoast.com\/wordpress\/plugins\/seo\/ -->\n<title>Widget meteorol\u00f3gico: agregue la aplicaci\u00f3n meteorol\u00f3gica al sitio web de BigCommerce [2026]<\/title>\n<meta name=\"description\" content=\"Esta es una oportunidad para crear un widget meteorol\u00f3gico y agregarlo a su sitio web de BigCommerce. Obtenga atenci\u00f3n al cliente gratuita y otras ventajas de Elfsight.\" \/>\n<meta name=\"robots\" content=\"index, follow, max-snippet:-1, max-image-preview:large, max-video-preview:-1\" \/>\n<link rel=\"canonical\" href=\"https:\/\/elfsight.com\/es\/weather-widget\/bigcommerce\/\" \/>\n<meta property=\"og:locale\" content=\"es_ES\" \/>\n<meta property=\"og:type\" content=\"article\" \/>\n<meta property=\"og:title\" content=\"Widget meteorol\u00f3gico: agregue la aplicaci\u00f3n meteorol\u00f3gica al sitio web de BigCommerce [2026]\" \/>\n<meta property=\"og:description\" content=\"Esta es una oportunidad para crear un widget meteorol\u00f3gico y agregarlo a su sitio web de BigCommerce. Obtenga atenci\u00f3n al cliente gratuita y otras ventajas de Elfsight.\" \/>\n<meta property=\"og:url\" content=\"https:\/\/elfsight.com\/es\/weather-widget\/bigcommerce\/\" \/>\n<meta property=\"og:site_name\" content=\"Elfsight ES\" \/>\n<meta property=\"article:modified_time\" content=\"2025-02-06T15:49:13+00:00\" \/>\n<meta name=\"twitter:card\" content=\"summary_large_image\" \/>\n<meta name=\"twitter:label1\" content=\"Tiempo de lectura\" \/>\n\t<meta name=\"twitter:data1\" content=\"3 minutos\" \/>\n<!-- \/ Yoast SEO plugin. -->","yoast_head_json":{"title":"Widget meteorol\u00f3gico: agregue la aplicaci\u00f3n meteorol\u00f3gica al sitio web de BigCommerce [2026]","description":"Esta es una oportunidad para crear un widget meteorol\u00f3gico y agregarlo a su sitio web de BigCommerce. Obtenga atenci\u00f3n al cliente gratuita y otras ventajas de Elfsight.","robots":{"index":"index","follow":"follow","max-snippet":"max-snippet:-1","max-image-preview":"max-image-preview:large","max-video-preview":"max-video-preview:-1"},"canonical":"https:\/\/elfsight.com\/es\/weather-widget\/bigcommerce\/","og_locale":"es_ES","og_type":"article","og_title":"Widget meteorol\u00f3gico: agregue la aplicaci\u00f3n meteorol\u00f3gica al sitio web de BigCommerce [2026]","og_description":"Esta es una oportunidad para crear un widget meteorol\u00f3gico y agregarlo a su sitio web de BigCommerce. Obtenga atenci\u00f3n al cliente gratuita y otras ventajas de Elfsight.","og_url":"https:\/\/elfsight.com\/es\/weather-widget\/bigcommerce\/","og_site_name":"Elfsight ES","article_modified_time":"2025-02-06T15:49:13+00:00","twitter_card":"summary_large_image","twitter_misc":{"Tiempo de lectura":"3 minutos"},"schema":{"@context":"https:\/\/schema.org","@graph":[{"@type":"WebPage","@id":"https:\/\/elfsight.com\/es\/weather-widget\/bigcommerce\/","url":"https:\/\/elfsight.com\/es\/weather-widget\/bigcommerce\/","name":"Widget meteorol\u00f3gico: agregue la aplicaci\u00f3n meteorol\u00f3gica al sitio web de BigCommerce [2026]","isPartOf":{"@id":"https:\/\/elfsight.com\/es\/#website"},"datePublished":"1970-01-01T00:00:00+00:00","dateModified":"2025-02-06T15:49:13+00:00","description":"Esta es una oportunidad para crear un widget meteorol\u00f3gico y agregarlo a su sitio web de BigCommerce. Obtenga atenci\u00f3n al cliente gratuita y otras ventajas de Elfsight.","breadcrumb":{"@id":"https:\/\/elfsight.com\/es\/weather-widget\/bigcommerce\/#breadcrumb"},"inLanguage":"es","potentialAction":[{"@type":"ReadAction","target":["https:\/\/elfsight.com\/es\/weather-widget\/bigcommerce\/"]}]},{"@type":"BreadcrumbList","@id":"https:\/\/elfsight.com\/es\/weather-widget\/bigcommerce\/#breadcrumb","itemListElement":[{"@type":"ListItem","position":1,"name":"Home","item":"https:\/\/elfsight.com\/es\/"},{"@type":"ListItem","position":2,"name":"Weather","item":"https:\/\/elfsight.com\/es\/weather-widget\/"},{"@type":"ListItem","position":3,"name":"Weather &#8211; BigCommerce"}]},{"@type":"WebSite","@id":"https:\/\/elfsight.com\/es\/#website","url":"https:\/\/elfsight.com\/es\/","name":"Elfsight ES","description":"Just another Elfsight Sites site","potentialAction":[{"@type":"SearchAction","target":{"@type":"EntryPoint","urlTemplate":"https:\/\/elfsight.com\/es\/?s={search_term_string}"},"query-input":{"@type":"PropertyValueSpecification","valueRequired":true,"valueName":"search_term_string"}}],"inLanguage":"es"}]}},"meta_box":{"industry":"","seo_heading":"","heading":"","description":"","cta_heading":"","cta_description":"","application":"1054","h1":"Aplicaci\u00f3n BigCommerce Weather","h1_caption":"Demuestre el pron\u00f3stico del tiempo para cualquier punto del mapa en su sitio","application_category":[],"applications_title":"","applications_request_title":"","applications_request_button_text":"","hero_text":"","hero_video":"","hero_video_schema_markup":"","selling_points_title":"","selling_points_caption":"","selling_points":[],"selling_points_cta_text":"","features_title":"","features":"","ed_cta_examples_text":"","ed_cta_examples_hidden":"","ed_cta_demo_text":"","ed_cta_demo_hidden":"","why_caption":"","why_editor_title":"","why_editor_text":"","why_team_title":"","why_team_text":"","why_service_title":"","why_service_text":"","template_catalog_visible":"","template_catalog_title":"","template_catalog_text":"","template_catalog_categories_visible":"","demo_title":"Crea tu aplicaci\u00f3n del tiempo","demo_caption":"\u00a1Configure su clima y agr\u00e9guelo a su sitio web de BigCommerce gratis!","default_faq_hidden":"","app_template_category":[],"platform":"33","template_public_id":"","codecanyon_url":"","codecanyon_item_id":"","codecanyon_price":"","pricing_caption":"","pricing_elfsight_apps_hide_column":"","pricing_elfsight_apps_url":"","pricing_codecanyon_price_caption":"","integration_category":[],"integration_request_title":"","integration_request_cta":"","integration_platform":"","integrations":[],"platform_category":[],"video_schema_markup":"","price":"desde $0 \/ mes","trial":"","benefits":[{"text":"Ayuda de instalaci\u00f3n gratuita"},{"text":"Servicio al cliente eficaz"},{"text":"Garant\u00eda de devoluci\u00f3n de dinero de 14 d\u00edas"},{"text":"Actualizando constantemente"}],"button_url":"#demo","button_target_blank":"","button_nofollow":"","attributes":[{"name":"Instalaciones","content":"10,000 - 100,000"},{"name":"Sensible","content":"S\u00ed"},{"name":"Navegadores compatibles","content":"Firefox, Safari, Opera, Chrome, Edge"}],"tags":[],"tags_disable_links":"","hide_more_platforms":"","video_object":"","demo_hide_cta":"","demo_hide_cloud_options":"","pricing_title":"","pricing":[{"pricing_icon":"platform","pricing_title":"Elfsight Apps","pricing_title_caption":"Versi\u00f3n multiplataforma que se adapta a cualquier sitio web.","pricing_price":"desde $0 \/ mes","pricing_price_caption":"comienza con un plan gratuito","pricing_benefits":[{"text":"Sitios web ilimitados"},{"text":"Soporte r\u00e1pido y bien documentado."},{"text":"Asistencia de instalaci\u00f3n gratuita"},{"text":"Dise\u00f1o flexible"}],"pricing_button_text":"A\u00f1adir al sitio web","pricing_button_url":"#demo"}],"related_apps_title":"","related_apps_hidden":"","author":"","image":[],"title":"","job":"","social_networks":[]},"_links":{"self":[{"href":"https:\/\/elfsight.com\/es\/wp-json\/wp\/v2\/pages\/7635","targetHints":{"allow":["GET"]}}],"collection":[{"href":"https:\/\/elfsight.com\/es\/wp-json\/wp\/v2\/pages"}],"about":[{"href":"https:\/\/elfsight.com\/es\/wp-json\/wp\/v2\/types\/page"}],"author":[{"embeddable":true,"href":"https:\/\/elfsight.com\/es\/wp-json\/wp\/v2\/users\/9"}],"replies":[{"embeddable":true,"href":"https:\/\/elfsight.com\/es\/wp-json\/wp\/v2\/comments?post=7635"}],"version-history":[{"count":2,"href":"https:\/\/elfsight.com\/es\/wp-json\/wp\/v2\/pages\/7635\/revisions"}],"predecessor-version":[{"id":18862,"href":"https:\/\/elfsight.com\/es\/wp-json\/wp\/v2\/pages\/7635\/revisions\/18862"}],"up":[{"embeddable":true,"href":"https:\/\/elfsight.com\/es\/wp-json\/wp\/v2\/pages\/1055"}],"wp:attachment":[{"href":"https:\/\/elfsight.com\/es\/wp-json\/wp\/v2\/media?parent=7635"}],"curies":[{"name":"wp","href":"https:\/\/api.w.org\/{rel}","templated":true}]}}