{"id":7627,"date":"1970-01-01T00:00:00","date_gmt":"1970-01-01T00:00:00","guid":{"rendered":"https:\/\/elfsight.com\/es\/?page_id=7627"},"modified":"2025-02-06T15:49:13","modified_gmt":"2025-02-06T15:49:13","slug":"wix","status":"publish","type":"page","link":"https:\/\/elfsight.com\/es\/podcast-player-widget\/wix\/","title":{"rendered":"Podcast Player &#8211; Wix"},"content":{"rendered":"<div class=\"application-platform-content-item-description application-platform-content-item\" id=\"description\" data-nav-section=\"description\"> <h2>Descripci\u00f3n<\/h2> <p>Elfsight Podcast Player es una aplicaci\u00f3n sencilla para sitios web de Wix que te permite reproducir podcasts directamente en tu p\u00e1gina de inicio. La herramienta es enormemente ajustable: eres libre de alterar su posici\u00f3n, coloc\u00e1ndola en cualquier lugar de la p\u00e1gina, escalar su tama\u00f1o, cambiar el color del fondo y otras partes para combinarlo con el estilo de tu sitio, emplear un tema oscuro, mostrar im\u00e1genes y mostrar u ocultar tres detalles adicionales del reproductor como la barra de progreso y muchos m\u00e1s. Entretenga a sus visitantes, active la reproducci\u00f3n autom\u00e1tica y no tenga dudas: \u00a1sus visitantes no abandonar\u00e1n su p\u00e1gina de inicio r\u00e1pidamente! <\/p> <p><b>Interese a sus usuarios dot\u00e1ndolos de materiales valiosos y cautivadores mediante Elfsight Podcast Player<\/b><\/p> <\/div> <div class=\"application-platform-content-item-features application-platform-content-item\" id=\"features\" data-nav-section=\"features\"> <h2>El widget tiene caracter\u00edsticas pr\u00e1cticas y sencillas, vea algunas de ellas: <\/h2> <ul><li>Varias variaciones de color. <\/li><li>2 dise\u00f1os aplicables. <\/li><li>Una opci\u00f3n para agregar una imagen de fondo. <\/li><li>A\u00f1ade un n\u00famero ilimitado de pistas. <\/li><li>Posibilidad de dise\u00f1ar tu combinaci\u00f3n de colores personalizada. <\/li><\/ul><p><a href=\"#demo\">Simplemente prueba esta demostraci\u00f3n para ver c\u00f3mo funciona<\/a><\/p> <\/div> <div class=\"application-platform-content-item-installation application-platform-content-item\" id=\"installation\" data-nav-section=\"installation\"> <h2>\u00bfC\u00f3mo incrustar Podcast Player en mi sitio web Wix? <\/h2><div class=\"video-container\"><iframe width=\"720\" height=\"405\" src=\"https:\/\/www.youtube.com\/embed\/JWLU7PDrAnI\" frameborder=\"0\"><\/iframe><\/div><p>Simplemente siga un par de pasos que se describen a continuaci\u00f3n para integrar el widget. <\/p> <ol><li><b>Usa nuestra demostraci\u00f3n gratuita y comienza a crear tu aplicaci\u00f3n personalizada. <\/b><br> Especifique la interfaz seleccionada y las caracter\u00edsticas de la herramienta y guarde las modificaciones. <\/li> <li><b>Adquiera su c\u00f3digo individual que se muestra en el cuadro de Elfsight Apps. <\/b><br> Una vez finalizada la generaci\u00f3n de su aplicaci\u00f3n personal, copie el c\u00f3digo individual en la ventana que aparece y gu\u00e1rdelo para ocasiones posteriores. <\/li> <li><b>Inicia la utilizaci\u00f3n de la herramienta en tu sitio web Wix. <\/b><br> Pegue el c\u00f3digo copiado anteriormente en su p\u00e1gina y aplique las ediciones. <\/li> <li><b>La instalaci\u00f3n se ha realizado por completo. <\/b><br> Vaya a su sitio para ver c\u00f3mo funciona el complemento. <\/li><\/ol> <p>En caso de que encuentre alg\u00fan obst\u00e1culo, no dude en ponerse en contacto con nuestro equipo de soporte. Nuestros consultores est\u00e1n ansiosos por ayudarle con todas las preguntas que pueda tener sobre el producto. <\/p> <\/div>","protected":false},"excerpt":{"rendered":"","protected":false},"author":9,"featured_media":0,"parent":1074,"menu_order":0,"comment_status":"closed","ping_status":"closed","template":"templates\/template-application-platform.php","meta":{"publish_to_discourse":"","publish_post_category":"","wpdc_auto_publish_overridden":"","wpdc_topic_tags":"","wpdc_pin_topic":"","wpdc_pin_until":"","discourse_post_id":"","discourse_permalink":"","wpdc_publishing_response":"","wpdc_publishing_error":"","footnotes":""},"class_list":["post-7627","page","type-page","status-publish","hentry"],"yoast_head":"<!-- This site is optimized with the Yoast SEO plugin v25.3.1 - https:\/\/yoast.com\/wordpress\/plugins\/seo\/ -->\n<title>Sitio web de Elfsight Podcast Player para Wix (gratis y f\u00e1cil)<\/title>\n<meta name=\"description\" content=\"Emplea nuestra demostraci\u00f3n accesible e implementa un reproductor de podcasts responsivo en tu p\u00e1gina de inicio de Wix. \u00a1Implemente nuestra pr\u00e1ctica demostraci\u00f3n y cree su aplicaci\u00f3n personalizada sin esfuerzo!\" \/>\n<meta name=\"robots\" content=\"index, follow, max-snippet:-1, max-image-preview:large, max-video-preview:-1\" \/>\n<link rel=\"canonical\" href=\"https:\/\/elfsight.com\/es\/podcast-player-widget\/wix\/\" \/>\n<meta property=\"og:locale\" content=\"es_ES\" \/>\n<meta property=\"og:type\" content=\"article\" \/>\n<meta property=\"og:title\" content=\"Sitio web de Elfsight Podcast Player para Wix (gratis y f\u00e1cil)\" \/>\n<meta property=\"og:description\" content=\"Emplea nuestra demostraci\u00f3n accesible e implementa un reproductor de podcasts responsivo en tu p\u00e1gina de inicio de Wix. \u00a1Implemente nuestra pr\u00e1ctica demostraci\u00f3n y cree su aplicaci\u00f3n personalizada sin esfuerzo!\" \/>\n<meta property=\"og:url\" content=\"https:\/\/elfsight.com\/es\/podcast-player-widget\/wix\/\" \/>\n<meta property=\"og:site_name\" content=\"Elfsight ES\" \/>\n<meta property=\"article:modified_time\" content=\"2025-02-06T15:49:13+00:00\" \/>\n<meta name=\"twitter:card\" content=\"summary_large_image\" \/>\n<meta name=\"twitter:label1\" content=\"Tiempo de lectura\" \/>\n\t<meta name=\"twitter:data1\" content=\"2 minutos\" \/>\n<!-- \/ Yoast SEO plugin. -->","yoast_head_json":{"title":"Sitio web de Elfsight Podcast Player para Wix (gratis y f\u00e1cil)","description":"Emplea nuestra demostraci\u00f3n accesible e implementa un reproductor de podcasts responsivo en tu p\u00e1gina de inicio de Wix. \u00a1Implemente nuestra pr\u00e1ctica demostraci\u00f3n y cree su aplicaci\u00f3n personalizada sin esfuerzo!","robots":{"index":"index","follow":"follow","max-snippet":"max-snippet:-1","max-image-preview":"max-image-preview:large","max-video-preview":"max-video-preview:-1"},"canonical":"https:\/\/elfsight.com\/es\/podcast-player-widget\/wix\/","og_locale":"es_ES","og_type":"article","og_title":"Sitio web de Elfsight Podcast Player para Wix (gratis y f\u00e1cil)","og_description":"Emplea nuestra demostraci\u00f3n accesible e implementa un reproductor de podcasts responsivo en tu p\u00e1gina de inicio de Wix. \u00a1Implemente nuestra pr\u00e1ctica demostraci\u00f3n y cree su aplicaci\u00f3n personalizada sin esfuerzo!","og_url":"https:\/\/elfsight.com\/es\/podcast-player-widget\/wix\/","og_site_name":"Elfsight ES","article_modified_time":"2025-02-06T15:49:13+00:00","twitter_card":"summary_large_image","twitter_misc":{"Tiempo de lectura":"2 minutos"},"schema":{"@context":"https:\/\/schema.org","@graph":[{"@type":"WebPage","@id":"https:\/\/elfsight.com\/es\/podcast-player-widget\/wix\/","url":"https:\/\/elfsight.com\/es\/podcast-player-widget\/wix\/","name":"Sitio web de Elfsight Podcast Player para Wix (gratis y f\u00e1cil)","isPartOf":{"@id":"https:\/\/elfsight.com\/es\/#website"},"datePublished":"1970-01-01T00:00:00+00:00","dateModified":"2025-02-06T15:49:13+00:00","description":"Emplea nuestra demostraci\u00f3n accesible e implementa un reproductor de podcasts responsivo en tu p\u00e1gina de inicio de Wix. \u00a1Implemente nuestra pr\u00e1ctica demostraci\u00f3n y cree su aplicaci\u00f3n personalizada sin esfuerzo!","breadcrumb":{"@id":"https:\/\/elfsight.com\/es\/podcast-player-widget\/wix\/#breadcrumb"},"inLanguage":"es","potentialAction":[{"@type":"ReadAction","target":["https:\/\/elfsight.com\/es\/podcast-player-widget\/wix\/"]}]},{"@type":"BreadcrumbList","@id":"https:\/\/elfsight.com\/es\/podcast-player-widget\/wix\/#breadcrumb","itemListElement":[{"@type":"ListItem","position":1,"name":"Home","item":"https:\/\/elfsight.com\/es\/"},{"@type":"ListItem","position":2,"name":"Podcast Player","item":"https:\/\/elfsight.com\/es\/podcast-player-widget\/"},{"@type":"ListItem","position":3,"name":"Podcast Player &#8211; Wix"}]},{"@type":"WebSite","@id":"https:\/\/elfsight.com\/es\/#website","url":"https:\/\/elfsight.com\/es\/","name":"Elfsight ES","description":"Just another Elfsight Sites site","potentialAction":[{"@type":"SearchAction","target":{"@type":"EntryPoint","urlTemplate":"https:\/\/elfsight.com\/es\/?s={search_term_string}"},"query-input":{"@type":"PropertyValueSpecification","valueRequired":true,"valueName":"search_term_string"}}],"inLanguage":"es"}]}},"meta_box":{"industry":"","seo_heading":"","heading":"","description":"","cta_heading":"","cta_description":"","application":"1073","h1":"Aplicaci\u00f3n Wix Podcast Player","h1_caption":"Inserta un reproductor de podcasts directamente en tu sitio web, permitiendo a los usuarios escuchar tus episodios sin salir de la p\u00e1gina de tu sitio web Wix sin esfuerzo.","application_category":[],"applications_title":"","applications_request_title":"","applications_request_button_text":"","hero_text":"","hero_video":"","hero_video_schema_markup":"","selling_points_title":"","selling_points_caption":"","selling_points":[],"selling_points_cta_text":"","features_title":"","features":"","ed_cta_examples_text":"","ed_cta_examples_hidden":"","ed_cta_demo_text":"","ed_cta_demo_hidden":"","why_caption":"","why_editor_title":"","why_editor_text":"","why_team_title":"","why_team_text":"","why_service_title":"","why_service_text":"","template_catalog_visible":"","template_catalog_title":"","template_catalog_text":"","template_catalog_categories_visible":"","demo_title":"Crea tu aplicaci\u00f3n Podcast Player","demo_caption":"\u00a1Configura tu Podcast Player y agr\u00e9galo a tu sitio web Wix gratis!","default_faq_hidden":"","app_template_category":[],"platform":"112","template_public_id":"","codecanyon_url":"","codecanyon_item_id":"","codecanyon_price":"","pricing_caption":"","pricing_elfsight_apps_hide_column":"","pricing_elfsight_apps_url":"","pricing_codecanyon_price_caption":"","integration_category":[],"integration_request_title":"","integration_request_cta":"","integration_platform":"","integrations":[],"platform_category":[],"video_schema_markup":"","price":"desde $0 \/ mes","trial":"","benefits":[{"text":"Servicio de instalaci\u00f3n gratuito"},{"text":"Servicio al cliente profesional"},{"text":"Garant\u00eda de reembolso de 14 d\u00edas"},{"text":"Mejoras continuas"}],"button_url":"#demo","button_target_blank":"","button_nofollow":"","attributes":[{"name":"Instalaciones","content":"10,000 - 100,000"},{"name":"Sensible","content":"S\u00ed"},{"name":"Navegadores compatibles","content":"Firefox, Chrome, Safari, Opera, Edge"}],"tags":[],"tags_disable_links":"","hide_more_platforms":"","video_object":"","demo_hide_cta":"","demo_hide_cloud_options":"","pricing_title":"","pricing":[{"pricing_icon":"platform","pricing_title":"Elfsight Apps","pricing_title_caption":"Versi\u00f3n multiplataforma","pricing_price":"desde $0 \/ mes","pricing_price_caption":"comienza con el plan gratuito","pricing_benefits":[{"text":"Sitios web ilimitados"},{"text":"Soporte dedicado"},{"text":"Soporte de instalaci\u00f3n gratuito"},{"text":"Dise\u00f1o flexible"}],"pricing_button_text":"A\u00f1adir al sitio web","pricing_button_url":"#demo"}],"related_apps_title":"","related_apps_hidden":"","author":"","image":[],"title":"","job":"","social_networks":[]},"_links":{"self":[{"href":"https:\/\/elfsight.com\/es\/wp-json\/wp\/v2\/pages\/7627","targetHints":{"allow":["GET"]}}],"collection":[{"href":"https:\/\/elfsight.com\/es\/wp-json\/wp\/v2\/pages"}],"about":[{"href":"https:\/\/elfsight.com\/es\/wp-json\/wp\/v2\/types\/page"}],"author":[{"embeddable":true,"href":"https:\/\/elfsight.com\/es\/wp-json\/wp\/v2\/users\/9"}],"replies":[{"embeddable":true,"href":"https:\/\/elfsight.com\/es\/wp-json\/wp\/v2\/comments?post=7627"}],"version-history":[{"count":2,"href":"https:\/\/elfsight.com\/es\/wp-json\/wp\/v2\/pages\/7627\/revisions"}],"predecessor-version":[{"id":18865,"href":"https:\/\/elfsight.com\/es\/wp-json\/wp\/v2\/pages\/7627\/revisions\/18865"}],"up":[{"embeddable":true,"href":"https:\/\/elfsight.com\/es\/wp-json\/wp\/v2\/pages\/1074"}],"wp:attachment":[{"href":"https:\/\/elfsight.com\/es\/wp-json\/wp\/v2\/media?parent=7627"}],"curies":[{"name":"wp","href":"https:\/\/api.w.org\/{rel}","templated":true}]}}