{"id":7621,"date":"1970-01-01T00:00:00","date_gmt":"1970-01-01T00:00:00","guid":{"rendered":"https:\/\/elfsight.com\/es\/?page_id=7621"},"modified":"2025-02-06T15:49:21","modified_gmt":"2025-02-06T15:49:21","slug":"webnode","status":"publish","type":"page","link":"https:\/\/elfsight.com\/es\/podcast-player-widget\/webnode\/","title":{"rendered":"Podcast Player &#8211; Webnode"},"content":{"rendered":"<div class=\"application-platform-content-item-description application-platform-content-item\" id=\"description\" data-nav-section=\"description\"> <h2>Descripci\u00f3n<\/h2> <p>Elfsight Podcast Player es una herramienta sencilla para Webnode que le brinda la oportunidad de transmitir podcasts en las p\u00e1ginas de su sitio web. El widget es notablemente modificable: usted es libre de cambiar su posici\u00f3n, incrustarlo en cualquier lugar de la p\u00e1gina, cambiar su tama\u00f1o, cambiar el color del fondo y todos los dem\u00e1s elementos para mezclarlos con el estilo de su sitio web, usar una combinaci\u00f3n de colores oscuros, mostrar portadas y mostrar u ocultar otros 3 componentes del reproductor, por ejemplo la barra de progreso y otros. Atraiga a sus visitantes, active la opci\u00f3n de reproducci\u00f3n autom\u00e1tica y no lo dude: \u00a1sus visitantes no abandonar\u00e1n su sitio web r\u00e1pidamente! <\/p> <p><b>Deleite a sus usuarios proporcion\u00e1ndoles informaci\u00f3n \u00fatil y entretenida utilizando Elfsight Podcast Player<\/b><\/p> <\/div> <div class=\"application-platform-content-item-features application-platform-content-item\" id=\"features\" data-nav-section=\"features\"> <h2>Estas son s\u00f3lo algunas de las muchas caracter\u00edsticas del widget: <\/h2> <ul><li>Varias variaciones de color. <\/li><li>2 dise\u00f1os aplicables. <\/li><li>Una opci\u00f3n para usar una imagen de fondo. <\/li><li>Adjunta una cantidad infinita de pistas. <\/li><li>Posibilidad de dise\u00f1ar tu tema de color personalizado. <\/li><\/ul><p><a href=\"#demo\">Puedes sentir c\u00f3mo funciona el widget con la ayuda de la demostraci\u00f3n<\/a><\/p> <\/div> <div class=\"application-platform-content-item-installation application-platform-content-item\" id=\"installation\" data-nav-section=\"installation\"> <h2>\u00bfC\u00f3mo incorporo Podcast Player en mi sitio Webnode? <\/h2> <p>Simplemente siga las pautas a continuaci\u00f3n para integrar la herramienta. <\/p> <ol><li><b>Abra nuestro configurador gratuito y comience a construir su instrumento personalizado. <\/b><br>Elija el dise\u00f1o seleccionado y las caracter\u00edsticas del widget y aplique las ediciones. <\/li> <li><b>Copia tu c\u00f3digo individual que se muestra en el cuadro de Elfsight Apps. <\/b><br> Tan pronto como finalice la configuraci\u00f3n de su complemento personal, copie el c\u00f3digo individual en el cuadro que aparece y gu\u00e1rdelo para futuras necesidades. <\/li> <li><b>Entra en el uso de la herramienta en tu p\u00e1gina web de Webnode. <\/b><br>Coloca el c\u00f3digo que has copiado anteriormente en tu sitio web y guarda las modificaciones. <\/li> <li><b>La instalaci\u00f3n se realiz\u00f3 correctamente. <\/b><br>Visite su p\u00e1gina para ver en acci\u00f3n c\u00f3mo funciona el widget. <\/li><\/ol> <p>Si encuentra alguna dificultad, comun\u00edquese con nuestro equipo de soporte. Nuestros consultores esperan resolver todos los problemas que pueda tener con el producto. <\/p> <\/div>","protected":false},"excerpt":{"rendered":"","protected":false},"author":9,"featured_media":0,"parent":1074,"menu_order":0,"comment_status":"closed","ping_status":"closed","template":"templates\/template-application-platform.php","meta":{"publish_to_discourse":"","publish_post_category":"","wpdc_auto_publish_overridden":"","wpdc_topic_tags":"","wpdc_pin_topic":"","wpdc_pin_until":"","discourse_post_id":"","discourse_permalink":"","wpdc_publishing_response":"","wpdc_publishing_error":"","footnotes":""},"class_list":["post-7621","page","type-page","status-publish","hentry"],"yoast_head":"<!-- This site is optimized with the Yoast SEO plugin v25.3.1 - https:\/\/yoast.com\/wordpress\/plugins\/seo\/ -->\n<title>Elfsight Podcast Player para el sitio web de Webnode (f\u00e1cil y gratis)<\/title>\n<meta name=\"description\" content=\"Comience a utilizar nuestra demostraci\u00f3n accesible e incruste un Podcast Player responsivo en su p\u00e1gina de inicio de Webnode. \u00a1Incorpora nuestra \u00fatil demostraci\u00f3n y crea tu complemento personalizado sin esfuerzo!\" \/>\n<meta name=\"robots\" content=\"index, follow, max-snippet:-1, max-image-preview:large, max-video-preview:-1\" \/>\n<link rel=\"canonical\" href=\"https:\/\/elfsight.com\/es\/podcast-player-widget\/webnode\/\" \/>\n<meta property=\"og:locale\" content=\"es_ES\" \/>\n<meta property=\"og:type\" content=\"article\" \/>\n<meta property=\"og:title\" content=\"Elfsight Podcast Player para el sitio web de Webnode (f\u00e1cil y gratis)\" \/>\n<meta property=\"og:description\" content=\"Comience a utilizar nuestra demostraci\u00f3n accesible e incruste un Podcast Player responsivo en su p\u00e1gina de inicio de Webnode. \u00a1Incorpora nuestra \u00fatil demostraci\u00f3n y crea tu complemento personalizado sin esfuerzo!\" \/>\n<meta property=\"og:url\" content=\"https:\/\/elfsight.com\/es\/podcast-player-widget\/webnode\/\" \/>\n<meta property=\"og:site_name\" content=\"Elfsight ES\" \/>\n<meta property=\"article:modified_time\" content=\"2025-02-06T15:49:21+00:00\" \/>\n<meta name=\"twitter:card\" content=\"summary_large_image\" \/>\n<meta name=\"twitter:label1\" content=\"Tiempo de lectura\" \/>\n\t<meta name=\"twitter:data1\" content=\"2 minutos\" \/>\n<!-- \/ Yoast SEO plugin. -->","yoast_head_json":{"title":"Elfsight Podcast Player para el sitio web de Webnode (f\u00e1cil y gratis)","description":"Comience a utilizar nuestra demostraci\u00f3n accesible e incruste un Podcast Player responsivo en su p\u00e1gina de inicio de Webnode. \u00a1Incorpora nuestra \u00fatil demostraci\u00f3n y crea tu complemento personalizado sin esfuerzo!","robots":{"index":"index","follow":"follow","max-snippet":"max-snippet:-1","max-image-preview":"max-image-preview:large","max-video-preview":"max-video-preview:-1"},"canonical":"https:\/\/elfsight.com\/es\/podcast-player-widget\/webnode\/","og_locale":"es_ES","og_type":"article","og_title":"Elfsight Podcast Player para el sitio web de Webnode (f\u00e1cil y gratis)","og_description":"Comience a utilizar nuestra demostraci\u00f3n accesible e incruste un Podcast Player responsivo en su p\u00e1gina de inicio de Webnode. \u00a1Incorpora nuestra \u00fatil demostraci\u00f3n y crea tu complemento personalizado sin esfuerzo!","og_url":"https:\/\/elfsight.com\/es\/podcast-player-widget\/webnode\/","og_site_name":"Elfsight ES","article_modified_time":"2025-02-06T15:49:21+00:00","twitter_card":"summary_large_image","twitter_misc":{"Tiempo de lectura":"2 minutos"},"schema":{"@context":"https:\/\/schema.org","@graph":[{"@type":"WebPage","@id":"https:\/\/elfsight.com\/es\/podcast-player-widget\/webnode\/","url":"https:\/\/elfsight.com\/es\/podcast-player-widget\/webnode\/","name":"Elfsight Podcast Player para el sitio web de Webnode (f\u00e1cil y gratis)","isPartOf":{"@id":"https:\/\/elfsight.com\/es\/#website"},"datePublished":"1970-01-01T00:00:00+00:00","dateModified":"2025-02-06T15:49:21+00:00","description":"Comience a utilizar nuestra demostraci\u00f3n accesible e incruste un Podcast Player responsivo en su p\u00e1gina de inicio de Webnode. \u00a1Incorpora nuestra \u00fatil demostraci\u00f3n y crea tu complemento personalizado sin esfuerzo!","breadcrumb":{"@id":"https:\/\/elfsight.com\/es\/podcast-player-widget\/webnode\/#breadcrumb"},"inLanguage":"es","potentialAction":[{"@type":"ReadAction","target":["https:\/\/elfsight.com\/es\/podcast-player-widget\/webnode\/"]}]},{"@type":"BreadcrumbList","@id":"https:\/\/elfsight.com\/es\/podcast-player-widget\/webnode\/#breadcrumb","itemListElement":[{"@type":"ListItem","position":1,"name":"Home","item":"https:\/\/elfsight.com\/es\/"},{"@type":"ListItem","position":2,"name":"Podcast Player","item":"https:\/\/elfsight.com\/es\/podcast-player-widget\/"},{"@type":"ListItem","position":3,"name":"Podcast Player &#8211; Webnode"}]},{"@type":"WebSite","@id":"https:\/\/elfsight.com\/es\/#website","url":"https:\/\/elfsight.com\/es\/","name":"Elfsight ES","description":"Just another Elfsight Sites site","potentialAction":[{"@type":"SearchAction","target":{"@type":"EntryPoint","urlTemplate":"https:\/\/elfsight.com\/es\/?s={search_term_string}"},"query-input":{"@type":"PropertyValueSpecification","valueRequired":true,"valueName":"search_term_string"}}],"inLanguage":"es"}]}},"meta_box":{"industry":"","seo_heading":"","heading":"","description":"","cta_heading":"","cta_description":"","application":"1073","h1":"Reproductor de podcasts de Webnode","h1_caption":"Integra un reproductor de podcasts directamente en tu sitio web, permitiendo a los usuarios escuchar tus episodios sin salir de la p\u00e1gina de tu sitio web Webnode sin esfuerzo.","application_category":[],"applications_title":"","applications_request_title":"","applications_request_button_text":"","hero_text":"","hero_video":"","hero_video_schema_markup":"","selling_points_title":"","selling_points_caption":"","selling_points":[],"selling_points_cta_text":"","features_title":"","features":"","ed_cta_examples_text":"","ed_cta_examples_hidden":"","ed_cta_demo_text":"","ed_cta_demo_hidden":"","why_caption":"","why_editor_title":"","why_editor_text":"","why_team_title":"","why_team_text":"","why_service_title":"","why_service_text":"","template_catalog_visible":"","template_catalog_title":"","template_catalog_text":"","template_catalog_categories_visible":"","demo_title":"Crea tu widget de reproductor de podcasts","demo_caption":"\u00a1Configura tu Podcast Player y agr\u00e9galo a tu sitio web Webnode gratis!","default_faq_hidden":"","app_template_category":[],"platform":"2302","template_public_id":"","codecanyon_url":"","codecanyon_item_id":"","codecanyon_price":"","pricing_caption":"","pricing_elfsight_apps_hide_column":"","pricing_elfsight_apps_url":"","pricing_codecanyon_price_caption":"","integration_category":[],"integration_request_title":"","integration_request_cta":"","integration_platform":"","integrations":[],"platform_category":[],"video_schema_markup":"","price":"desde $0 \/ mes","trial":"","benefits":[{"text":"Servicio de instalaci\u00f3n gratuito"},{"text":"Servicio al cliente competente"},{"text":"Garant\u00eda de devoluci\u00f3n de dinero de 14 d\u00edas"},{"text":"Actualizando constantemente"}],"button_url":"#demo","button_target_blank":"","button_nofollow":"","attributes":[{"name":"Instalaciones","content":"10,000 - 100,000"},{"name":"Sensible","content":"S\u00ed"},{"name":"Navegadores compatibles","content":"Firefox, Safari, Opera, Chrome, Edge"}],"tags":[],"tags_disable_links":"","hide_more_platforms":"","video_object":"","demo_hide_cta":"","demo_hide_cloud_options":"","pricing_title":"","pricing":[{"pricing_icon":"platform","pricing_title":"Elfsight Apps","pricing_title_caption":"Soluci\u00f3n digital independiente de la plataforma que se adapta a cualquier sitio","pricing_price":"desde $0 \/ mes","pricing_price_caption":"comienza con el plan gratuito","pricing_benefits":[{"text":"Sitios web ilimitados"},{"text":"Soporte empresarial dedicado"},{"text":"Ayuda de instalaci\u00f3n gratuita"},{"text":"Oferta especial para m\u00faltiples aplicaciones"}],"pricing_button_text":"A\u00f1adir al sitio web","pricing_button_url":"#demo"}],"related_apps_title":"","related_apps_hidden":"","author":"","image":[],"title":"","job":"","social_networks":[]},"_links":{"self":[{"href":"https:\/\/elfsight.com\/es\/wp-json\/wp\/v2\/pages\/7621","targetHints":{"allow":["GET"]}}],"collection":[{"href":"https:\/\/elfsight.com\/es\/wp-json\/wp\/v2\/pages"}],"about":[{"href":"https:\/\/elfsight.com\/es\/wp-json\/wp\/v2\/types\/page"}],"author":[{"embeddable":true,"href":"https:\/\/elfsight.com\/es\/wp-json\/wp\/v2\/users\/9"}],"replies":[{"embeddable":true,"href":"https:\/\/elfsight.com\/es\/wp-json\/wp\/v2\/comments?post=7621"}],"version-history":[{"count":2,"href":"https:\/\/elfsight.com\/es\/wp-json\/wp\/v2\/pages\/7621\/revisions"}],"predecessor-version":[{"id":18867,"href":"https:\/\/elfsight.com\/es\/wp-json\/wp\/v2\/pages\/7621\/revisions\/18867"}],"up":[{"embeddable":true,"href":"https:\/\/elfsight.com\/es\/wp-json\/wp\/v2\/pages\/1074"}],"wp:attachment":[{"href":"https:\/\/elfsight.com\/es\/wp-json\/wp\/v2\/media?parent=7621"}],"curies":[{"name":"wp","href":"https:\/\/api.w.org\/{rel}","templated":true}]}}