{"id":7620,"date":"1970-01-01T00:00:00","date_gmt":"1970-01-01T00:00:00","guid":{"rendered":"https:\/\/elfsight.com\/es\/?page_id=7620"},"modified":"2025-02-06T15:49:21","modified_gmt":"2025-02-06T15:49:21","slug":"webflow","status":"publish","type":"page","link":"https:\/\/elfsight.com\/es\/podcast-player-widget\/webflow\/","title":{"rendered":"Podcast Player &#8211; Webflow"},"content":{"rendered":"<div class=\"application-platform-content-item-description application-platform-content-item\" id=\"description\" data-nav-section=\"description\"> <h2>Incrustar Podcast Player en Webflow con el widget Elfsight<\/h2> <p>Elfsight Podcast Player es una herramienta sencilla para Webflow que le permite reproducir podcasts directamente en su p\u00e1gina web. El complemento es altamente ajustable: puede cambiar su posici\u00f3n, insertarlo en cualquier lugar de la p\u00e1gina, escalar su tama\u00f1o, volver a pintar el fondo y todas las dem\u00e1s partes para combinarlo con el dise\u00f1o de su sitio, emplear un tema oscuro, mostrar portadas y mostrar u ocultar otros tres detalles del reproductor, por ejemplo la barra de progreso y otros. Entretenga a sus usuarios, active la opci\u00f3n de reproducci\u00f3n autom\u00e1tica y no lo dude: \u00a1sus usuarios no abandonar\u00e1n su p\u00e1gina de inicio inmediatamente! <\/p> <p><b>Atraiga a su audiencia brind\u00e1ndoles materiales \u00fatiles y cautivadores mediante Elfsight Podcast Player<\/b><\/p> <\/div> <div class=\"application-platform-content-item-features application-platform-content-item\" id=\"features\" data-nav-section=\"features\"> <h2>Explore la lista de las mejores caracter\u00edsticas: <\/h2> <ul><li>Varias alteraciones de color. <\/li><li>2 dise\u00f1os disponibles. <\/li><li>Una oportunidad para utilizar una imagen de fondo. <\/li><li>Adjunta una cantidad ilimitada de pistas. <\/li><li>Posibilidad de crear tu propia combinaci\u00f3n de colores. <\/li><\/ul><p><a href=\"#demo\">Puedes comprobar c\u00f3mo funciona el widget probando la demostraci\u00f3n<\/a><\/p> <\/div> <div class=\"application-platform-content-item-installation application-platform-content-item\" id=\"installation\" data-nav-section=\"installation\"> <h2>\u00bfC\u00f3mo agregar Podcast Player a mi sitio Webflow? <\/h2><div class=\"video-container\"><iframe width=\"720\" height=\"405\" src=\"https:\/\/www.youtube.com\/embed\/BTZcSyYwR8o\"><\/iframe><\/div><p>Simplemente siga estos pasos que se describen a continuaci\u00f3n para activar la herramienta. <\/p> <ol><li><b>Emplee nuestra demostraci\u00f3n gratuita y comience a construir su instrumento personalizado. <\/b><br> Encuentre el aspecto y las caracter\u00edsticas adecuadas del widget y guarde las modificaciones. <\/li> <li><b>Copia tu c\u00f3digo individual que aparece en el cuadro de Elfsight Apps. <\/b><br> Inmediatamente despu\u00e9s de finalizar la configuraci\u00f3n de su herramienta, copie el c\u00f3digo personal en el cuadro que aparece y gu\u00e1rdelo para su uso posterior. <\/li> <li><b>Comience a utilizar el widget en su p\u00e1gina web de Webflow. <\/b><br>Incruste el c\u00f3digo que guard\u00f3 anteriormente en su sitio web y aplique los ajustes. <\/li> <li><b>\u00a1Listo! La integraci\u00f3n ha finalizado con \u00e9xito. <\/b><br> Vaya a su sitio para examinar el funcionamiento de la herramienta. <\/li><\/ol> <p>En caso de tener preguntas o superar cualquier dificultad, no dude en comunicarse con nuestro personal de soporte. Nuestra gente desea ayudarle con todas las dificultades que pueda tener con el complemento. <\/p> <div class=\"faq\" data-component=\"FAQ\"><div class=\"faq-item\">\r\n\t\t\t\t\t<div class=\"faq-item-question\">\r\n\t\t\t\t\t\t<h3 class=\"faq-item-question-text\">\u00bfC\u00f3mo puedo incrustar un widget de Podcast Player en mi sitio Webflow sin conocimientos de codificaci\u00f3n?<\/h3>\r\n\r\n\t\t\t\t\t\t<div class=\"faq-item-question-icon\"><\/div>\r\n\t\t\t\t\t<\/div>\r\n\r\n\t\t\t\t\t<div class=\"faq-item-answer\">\r\n\t\t\t\t\t\t<div class=\"faq-item-answer-text\"><p>Elfsight proporciona una soluci\u00f3n basada en la nube que permite a los usuarios crear un widget de Podcast Player por su cuenta. Vea lo sencillo que es el proceso:<\/p><ul><li>Acceda al editor en l\u00ednea para generar una secci\u00f3n de widget de Podcast Player que le gustar\u00eda integrar en su sitio Webflow.<\/li><li>Elija uno de nuestros dise\u00f1os predise\u00f1ados. plantillas y personalice la configuraci\u00f3n del widget Podcast Player, modifique el dise\u00f1o y la combinaci\u00f3n de colores, incluya su contenido sin necesidad de codificaci\u00f3n.<\/li><li>Guarde las configuraciones que ha configurado para el widget Podcast Player y obtenga el c\u00f3digo para incrustar el widget, que puede agregarse f\u00e1cilmente a su sitio Webflow sin costo alguno.<\/li><\/ul><p>Al trabajar en el editor f\u00e1cil de usar, cualquier usuario de Internet puede crear una secci\u00f3n de widget Podcast Player e incrustarla en su sitio web Webflow. No es necesario realizar ning\u00fan pago ni revelar la informaci\u00f3n de su tarjeta para acceder al Editor de Elfsight. Si encuentra alguna dificultad en cualquier etapa, no dude en comunicarse con nuestro servicio de atenci\u00f3n al cliente.<\/p><\/div>\r\n\t\t\t\t\t<\/div>\r\n\t\t\t\t<\/div><\/div><\/div>","protected":false},"excerpt":{"rendered":"","protected":false},"author":9,"featured_media":0,"parent":1074,"menu_order":0,"comment_status":"closed","ping_status":"closed","template":"templates\/template-application-platform.php","meta":{"publish_to_discourse":"","publish_post_category":"","wpdc_auto_publish_overridden":"","wpdc_topic_tags":"","wpdc_pin_topic":"","wpdc_pin_until":"","discourse_post_id":"","discourse_permalink":"","wpdc_publishing_response":"","wpdc_publishing_error":"","footnotes":""},"class_list":["post-7620","page","type-page","status-publish","hentry"],"yoast_head":"<!-- This site is optimized with the Yoast SEO plugin v25.3.1 - https:\/\/yoast.com\/wordpress\/plugins\/seo\/ -->\n<title>Elfsight Podcast Player para el sitio web Webflow (gratis y r\u00e1pido)<\/title>\n<meta name=\"description\" content=\"Comience a utilizar nuestra demostraci\u00f3n manejable e incorpore un Podcast Player responsivo en su sitio web Webflow. \u00a1Incorpore nuestra pr\u00e1ctica demostraci\u00f3n y cree su complemento personalizado sin esfuerzo!\" \/>\n<meta name=\"robots\" content=\"index, follow, max-snippet:-1, max-image-preview:large, max-video-preview:-1\" \/>\n<link rel=\"canonical\" href=\"https:\/\/elfsight.com\/es\/podcast-player-widget\/webflow\/\" \/>\n<meta property=\"og:locale\" content=\"es_ES\" \/>\n<meta property=\"og:type\" content=\"article\" \/>\n<meta property=\"og:title\" content=\"Elfsight Podcast Player para el sitio web Webflow (gratis y r\u00e1pido)\" \/>\n<meta property=\"og:description\" content=\"Comience a utilizar nuestra demostraci\u00f3n manejable e incorpore un Podcast Player responsivo en su sitio web Webflow. \u00a1Incorpore nuestra pr\u00e1ctica demostraci\u00f3n y cree su complemento personalizado sin esfuerzo!\" \/>\n<meta property=\"og:url\" content=\"https:\/\/elfsight.com\/es\/podcast-player-widget\/webflow\/\" \/>\n<meta property=\"og:site_name\" content=\"Elfsight ES\" \/>\n<meta property=\"article:modified_time\" content=\"2025-02-06T15:49:21+00:00\" \/>\n<meta name=\"twitter:card\" content=\"summary_large_image\" \/>\n<meta name=\"twitter:label1\" content=\"Tiempo de lectura\" \/>\n\t<meta name=\"twitter:data1\" content=\"3 minutos\" \/>\n<!-- \/ Yoast SEO plugin. -->","yoast_head_json":{"title":"Elfsight Podcast Player para el sitio web Webflow (gratis y r\u00e1pido)","description":"Comience a utilizar nuestra demostraci\u00f3n manejable e incorpore un Podcast Player responsivo en su sitio web Webflow. \u00a1Incorpore nuestra pr\u00e1ctica demostraci\u00f3n y cree su complemento personalizado sin esfuerzo!","robots":{"index":"index","follow":"follow","max-snippet":"max-snippet:-1","max-image-preview":"max-image-preview:large","max-video-preview":"max-video-preview:-1"},"canonical":"https:\/\/elfsight.com\/es\/podcast-player-widget\/webflow\/","og_locale":"es_ES","og_type":"article","og_title":"Elfsight Podcast Player para el sitio web Webflow (gratis y r\u00e1pido)","og_description":"Comience a utilizar nuestra demostraci\u00f3n manejable e incorpore un Podcast Player responsivo en su sitio web Webflow. \u00a1Incorpore nuestra pr\u00e1ctica demostraci\u00f3n y cree su complemento personalizado sin esfuerzo!","og_url":"https:\/\/elfsight.com\/es\/podcast-player-widget\/webflow\/","og_site_name":"Elfsight ES","article_modified_time":"2025-02-06T15:49:21+00:00","twitter_card":"summary_large_image","twitter_misc":{"Tiempo de lectura":"3 minutos"},"schema":{"@context":"https:\/\/schema.org","@graph":[{"@type":"WebPage","@id":"https:\/\/elfsight.com\/es\/podcast-player-widget\/webflow\/","url":"https:\/\/elfsight.com\/es\/podcast-player-widget\/webflow\/","name":"Elfsight Podcast Player para el sitio web Webflow (gratis y r\u00e1pido)","isPartOf":{"@id":"https:\/\/elfsight.com\/es\/#website"},"datePublished":"1970-01-01T00:00:00+00:00","dateModified":"2025-02-06T15:49:21+00:00","description":"Comience a utilizar nuestra demostraci\u00f3n manejable e incorpore un Podcast Player responsivo en su sitio web Webflow. \u00a1Incorpore nuestra pr\u00e1ctica demostraci\u00f3n y cree su complemento personalizado sin esfuerzo!","breadcrumb":{"@id":"https:\/\/elfsight.com\/es\/podcast-player-widget\/webflow\/#breadcrumb"},"inLanguage":"es","potentialAction":[{"@type":"ReadAction","target":["https:\/\/elfsight.com\/es\/podcast-player-widget\/webflow\/"]}]},{"@type":"BreadcrumbList","@id":"https:\/\/elfsight.com\/es\/podcast-player-widget\/webflow\/#breadcrumb","itemListElement":[{"@type":"ListItem","position":1,"name":"Home","item":"https:\/\/elfsight.com\/es\/"},{"@type":"ListItem","position":2,"name":"Podcast Player","item":"https:\/\/elfsight.com\/es\/podcast-player-widget\/"},{"@type":"ListItem","position":3,"name":"Podcast Player &#8211; Webflow"}]},{"@type":"WebSite","@id":"https:\/\/elfsight.com\/es\/#website","url":"https:\/\/elfsight.com\/es\/","name":"Elfsight ES","description":"Just another Elfsight Sites site","potentialAction":[{"@type":"SearchAction","target":{"@type":"EntryPoint","urlTemplate":"https:\/\/elfsight.com\/es\/?s={search_term_string}"},"query-input":{"@type":"PropertyValueSpecification","valueRequired":true,"valueName":"search_term_string"}}],"inLanguage":"es"}]}},"meta_box":{"industry":"","seo_heading":"","heading":"","description":"","cta_heading":"","cta_description":"","application":"1073","h1":"Widget de reproductor de podcasts de flujo web","h1_caption":"Incorpore un reproductor de podcasts directamente en su sitio web, lo que permitir\u00e1 a los usuarios escuchar sus episodios sin salir de la p\u00e1gina de su sitio web Webflow sin esfuerzo.","application_category":[],"applications_title":"","applications_request_title":"","applications_request_button_text":"","hero_text":"","hero_video":"","hero_video_schema_markup":"","selling_points_title":"","selling_points_caption":"","selling_points":[],"selling_points_cta_text":"","features_title":"","features":"","ed_cta_examples_text":"","ed_cta_examples_hidden":"","ed_cta_demo_text":"","ed_cta_demo_hidden":"","why_caption":"","why_editor_title":"","why_editor_text":"","why_team_title":"","why_team_text":"","why_service_title":"","why_service_text":"","template_catalog_visible":"","template_catalog_title":"","template_catalog_text":"","template_catalog_categories_visible":"","demo_title":"Crea tu widget de reproductor de podcasts","demo_caption":"\u00a1Configure su Podcast Player y agr\u00e9guelo a su sitio web Webflow gratis!","default_faq_hidden":"","app_template_category":[],"platform":"106","template_public_id":"","codecanyon_url":"","codecanyon_item_id":"","codecanyon_price":"","pricing_caption":"","pricing_elfsight_apps_hide_column":"","pricing_elfsight_apps_url":"","pricing_codecanyon_price_caption":"","integration_category":[],"integration_request_title":"","integration_request_cta":"","integration_platform":"","integrations":[],"platform_category":[],"video_schema_markup":"","price":"desde $0 \/ mes","trial":"","benefits":[{"text":"Servicio de instalaci\u00f3n gratuito"},{"text":"Atenci\u00f3n al cliente experimentada"},{"text":"Garant\u00eda de reembolso de 14 d\u00edas"},{"text":"Futuras mejoras gratuitas"}],"button_url":"#demo","button_target_blank":"","button_nofollow":"","attributes":[{"name":"Instalaciones","content":"10,000 - 100,000"},{"name":"Sensible","content":"S\u00ed"},{"name":"Navegadores compatibles","content":"Firefox, Edge, Safari, Opera, Chrome"}],"tags":[],"tags_disable_links":"","hide_more_platforms":"","video_object":"","demo_hide_cta":"","demo_hide_cloud_options":"","pricing_title":"","pricing":[{"pricing_icon":"platform","pricing_title":"Elfsight Apps","pricing_title_caption":"Software multiplataforma que funciona en todos los sitios","pricing_price":"desde $0 \/ mes","pricing_price_caption":"comienza con el plan gratuito","pricing_benefits":[{"text":"N\u00famero ilimitado de dominios"},{"text":"Respuestas de soporte r\u00e1pidas"},{"text":"Servicio de instalaci\u00f3n gratuito"},{"text":"Oferta especial para m\u00faltiples aplicaciones."}],"pricing_button_text":"A\u00f1adir al sitio web","pricing_button_url":"#demo"}],"related_apps_title":"","related_apps_hidden":"","author":"","image":[],"title":"","job":"","social_networks":[]},"_links":{"self":[{"href":"https:\/\/elfsight.com\/es\/wp-json\/wp\/v2\/pages\/7620","targetHints":{"allow":["GET"]}}],"collection":[{"href":"https:\/\/elfsight.com\/es\/wp-json\/wp\/v2\/pages"}],"about":[{"href":"https:\/\/elfsight.com\/es\/wp-json\/wp\/v2\/types\/page"}],"author":[{"embeddable":true,"href":"https:\/\/elfsight.com\/es\/wp-json\/wp\/v2\/users\/9"}],"replies":[{"embeddable":true,"href":"https:\/\/elfsight.com\/es\/wp-json\/wp\/v2\/comments?post=7620"}],"version-history":[{"count":2,"href":"https:\/\/elfsight.com\/es\/wp-json\/wp\/v2\/pages\/7620\/revisions"}],"predecessor-version":[{"id":18868,"href":"https:\/\/elfsight.com\/es\/wp-json\/wp\/v2\/pages\/7620\/revisions\/18868"}],"up":[{"embeddable":true,"href":"https:\/\/elfsight.com\/es\/wp-json\/wp\/v2\/pages\/1074"}],"wp:attachment":[{"href":"https:\/\/elfsight.com\/es\/wp-json\/wp\/v2\/media?parent=7620"}],"curies":[{"name":"wp","href":"https:\/\/api.w.org\/{rel}","templated":true}]}}