{"id":7619,"date":"1970-01-01T00:00:00","date_gmt":"1970-01-01T00:00:00","guid":{"rendered":"https:\/\/elfsight.com\/es\/?page_id=7619"},"modified":"2025-02-06T15:49:21","modified_gmt":"2025-02-06T15:49:21","slug":"squarespace","status":"publish","type":"page","link":"https:\/\/elfsight.com\/es\/podcast-player-widget\/squarespace\/","title":{"rendered":"Podcast Player &#8211; Squarespace"},"content":{"rendered":"<div class=\"application-platform-content-item-description application-platform-content-item\" id=\"description\" data-nav-section=\"description\"> <h2>Integre Podcast Player en Squarespace con el widget Elfsight<\/h2> <p>Elfsight Podcast Player es un complemento sencillo para Squarespace que le permite transmitir podcasts directamente en las p\u00e1ginas de su sitio web. El complemento es altamente modificable: puede cambiar su posici\u00f3n, ubicarlo en cualquier lugar de la p\u00e1gina, cambiar su tama\u00f1o, volver a pintar el fondo y todas las dem\u00e1s partes para combinarlo con el dise\u00f1o de su sitio web, emplear un tema oscuro, mostrar im\u00e1genes y mostrar u ocultar 3 partes adicionales del reproductor, por ejemplo, la barra de progreso y muchas m\u00e1s. Deleite a sus usuarios, active la reproducci\u00f3n autom\u00e1tica y no lo dude: \u00a1su audiencia no abandonar\u00e1 su sitio web r\u00e1pidamente! <\/p> <p><b>Involucra a tus usuarios brind\u00e1ndoles informaci\u00f3n pr\u00e1ctica y cautivadora haciendo uso de Elfsight Podcast Player<\/b><\/p> <\/div> <div class=\"application-platform-content-item-features application-platform-content-item\" id=\"features\" data-nav-section=\"features\"> <h2>Estas son solo algunas de las m\u00faltiples caracter\u00edsticas del complemento: <\/h2> <ul><li>Variaciones de color ilimitadas. <\/li><li>2 dise\u00f1os disponibles. <\/li><li>Una oportunidad para agregar una imagen de fondo. <\/li><li>A\u00f1ade una cantidad ilimitada de pistas. <\/li><li>Una opci\u00f3n para dise\u00f1ar tu combinaci\u00f3n de colores personalizada. <\/li><\/ul><p><a href=\"#demo\">Simplemente consulte esta demostraci\u00f3n para comprender la funcionalidad del complemento<\/a><\/p> <\/div> <div class=\"application-platform-content-item-installation application-platform-content-item\" id=\"installation\" data-nav-section=\"installation\"> <h2>\u00bfC\u00f3mo agrego Podcast Player al sitio web de Squarespace? <\/h2><div class=\"video-container\"><iframe width=\"720\" height=\"405\" src=\"https:\/\/www.youtube.com\/embed\/GaKwfoAstT8\" frameborder=\"0\"><\/iframe><\/div><p>Simplemente aplique las instrucciones a continuaci\u00f3n para integrar el complemento. <\/p> <ol><li><b>Utiliza nuestro editor gratuito y comienza a crear tu complemento exclusivo. <\/b><br> Determine el dise\u00f1o y las opciones preferidos de la herramienta y guarde las modificaciones. <\/li> <li><b>Reciba el c\u00f3digo \u00fanico que se muestra en la ventana de Elfsight Apps. <\/b><br> Inmediatamente despu\u00e9s de finalizar la personalizaci\u00f3n de su complemento, copie el c\u00f3digo exclusivo en la ventana emergente que aparece y gu\u00e1rdelo para futuras ocasiones. <\/li> <li><b>Inicie el uso del complemento en su sitio web de Squarespace. <\/b><br>Integre el c\u00f3digo copiado anteriormente en su p\u00e1gina de inicio y guarde los ajustes. <\/li> <li><b>\u00a1Ya terminaste! La integraci\u00f3n est\u00e1 plenamente lograda. <\/b><br> Vaya a su p\u00e1gina web para ver c\u00f3mo funciona el complemento. <\/li><\/ol> <p>En caso de que tengas alguna dificultad, no dudes en ponerte en contacto con nuestro personal de atenci\u00f3n al cliente. Nuestros especialistas est\u00e1n deseando resolver todas las dificultades que pueda tener con la herramienta. <\/p> <div class=\"faq\" data-component=\"FAQ\"><div class=\"faq-item\">\r\n\t\t\t\t\t<div class=\"faq-item-question\">\r\n\t\t\t\t\t\t<h3 class=\"faq-item-question-text\">\u00bfC\u00f3mo puedo insertar el complemento Podcast Player en mi sitio web de Squarespace?<\/h3>\r\n\r\n\t\t\t\t\t\t<div class=\"faq-item-question-icon\"><\/div>\r\n\t\t\t\t\t<\/div>\r\n\r\n\t\t\t\t\t<div class=\"faq-item-answer\">\r\n\t\t\t\t\t\t<div class=\"faq-item-answer-text\"><p>Puedes integrar el complemento Podcast Player en tu sitio web de Squarespace para permitir que tus usuarios accedan y disfruten de los podcasts. Simplemente navegue hasta el panel de administraci\u00f3n y realice los siguientes pasos:<\/p><ol><li>Acceda a la configuraci\u00f3n del tema.<\/li><li>Seleccione la secci\u00f3n de su sitio de Squarespace donde desea insertar el Podcast Player.<\/li><li>Inserte el c\u00f3digo del servicio Elfsight Apps y guarde su modificaciones.<\/li><li>Terminado.<\/li><\/ol><\/div>\r\n\t\t\t\t\t<\/div>\r\n\t\t\t\t<\/div><\/div><\/div>","protected":false},"excerpt":{"rendered":"","protected":false},"author":9,"featured_media":0,"parent":1074,"menu_order":0,"comment_status":"closed","ping_status":"closed","template":"templates\/template-application-platform.php","meta":{"publish_to_discourse":"","publish_post_category":"","wpdc_auto_publish_overridden":"","wpdc_topic_tags":"","wpdc_pin_topic":"","wpdc_pin_until":"","discourse_post_id":"","discourse_permalink":"","wpdc_publishing_response":"","wpdc_publishing_error":"","footnotes":""},"class_list":["post-7619","page","type-page","status-publish","hentry"],"yoast_head":"<!-- This site is optimized with the Yoast SEO plugin v25.3.1 - https:\/\/yoast.com\/wordpress\/plugins\/seo\/ -->\n<title>Elfsight Podcast Player para el sitio web de Squarespace (f\u00e1cil y gratuito)<\/title>\n<meta name=\"description\" content=\"Comience a usar nuestra demostraci\u00f3n accesible e incorpore un Podcast Player responsivo en su sitio web de Squarespace. \u00a1Incorpore nuestra demostraci\u00f3n manejable y cree su complemento personalizado sin esfuerzo!\" \/>\n<meta name=\"robots\" content=\"index, follow, max-snippet:-1, max-image-preview:large, max-video-preview:-1\" \/>\n<link rel=\"canonical\" href=\"https:\/\/elfsight.com\/es\/podcast-player-widget\/squarespace\/\" \/>\n<meta property=\"og:locale\" content=\"es_ES\" \/>\n<meta property=\"og:type\" content=\"article\" \/>\n<meta property=\"og:title\" content=\"Elfsight Podcast Player para el sitio web de Squarespace (f\u00e1cil y gratuito)\" \/>\n<meta property=\"og:description\" content=\"Comience a usar nuestra demostraci\u00f3n accesible e incorpore un Podcast Player responsivo en su sitio web de Squarespace. \u00a1Incorpore nuestra demostraci\u00f3n manejable y cree su complemento personalizado sin esfuerzo!\" \/>\n<meta property=\"og:url\" content=\"https:\/\/elfsight.com\/es\/podcast-player-widget\/squarespace\/\" \/>\n<meta property=\"og:site_name\" content=\"Elfsight ES\" \/>\n<meta property=\"article:modified_time\" content=\"2025-02-06T15:49:21+00:00\" \/>\n<meta name=\"twitter:card\" content=\"summary_large_image\" \/>\n<meta name=\"twitter:label1\" content=\"Tiempo de lectura\" \/>\n\t<meta name=\"twitter:data1\" content=\"2 minutos\" \/>\n<!-- \/ Yoast SEO plugin. -->","yoast_head_json":{"title":"Elfsight Podcast Player para el sitio web de Squarespace (f\u00e1cil y gratuito)","description":"Comience a usar nuestra demostraci\u00f3n accesible e incorpore un Podcast Player responsivo en su sitio web de Squarespace. \u00a1Incorpore nuestra demostraci\u00f3n manejable y cree su complemento personalizado sin esfuerzo!","robots":{"index":"index","follow":"follow","max-snippet":"max-snippet:-1","max-image-preview":"max-image-preview:large","max-video-preview":"max-video-preview:-1"},"canonical":"https:\/\/elfsight.com\/es\/podcast-player-widget\/squarespace\/","og_locale":"es_ES","og_type":"article","og_title":"Elfsight Podcast Player para el sitio web de Squarespace (f\u00e1cil y gratuito)","og_description":"Comience a usar nuestra demostraci\u00f3n accesible e incorpore un Podcast Player responsivo en su sitio web de Squarespace. \u00a1Incorpore nuestra demostraci\u00f3n manejable y cree su complemento personalizado sin esfuerzo!","og_url":"https:\/\/elfsight.com\/es\/podcast-player-widget\/squarespace\/","og_site_name":"Elfsight ES","article_modified_time":"2025-02-06T15:49:21+00:00","twitter_card":"summary_large_image","twitter_misc":{"Tiempo de lectura":"2 minutos"},"schema":{"@context":"https:\/\/schema.org","@graph":[{"@type":"WebPage","@id":"https:\/\/elfsight.com\/es\/podcast-player-widget\/squarespace\/","url":"https:\/\/elfsight.com\/es\/podcast-player-widget\/squarespace\/","name":"Elfsight Podcast Player para el sitio web de Squarespace (f\u00e1cil y gratuito)","isPartOf":{"@id":"https:\/\/elfsight.com\/es\/#website"},"datePublished":"1970-01-01T00:00:00+00:00","dateModified":"2025-02-06T15:49:21+00:00","description":"Comience a usar nuestra demostraci\u00f3n accesible e incorpore un Podcast Player responsivo en su sitio web de Squarespace. \u00a1Incorpore nuestra demostraci\u00f3n manejable y cree su complemento personalizado sin esfuerzo!","breadcrumb":{"@id":"https:\/\/elfsight.com\/es\/podcast-player-widget\/squarespace\/#breadcrumb"},"inLanguage":"es","potentialAction":[{"@type":"ReadAction","target":["https:\/\/elfsight.com\/es\/podcast-player-widget\/squarespace\/"]}]},{"@type":"BreadcrumbList","@id":"https:\/\/elfsight.com\/es\/podcast-player-widget\/squarespace\/#breadcrumb","itemListElement":[{"@type":"ListItem","position":1,"name":"Home","item":"https:\/\/elfsight.com\/es\/"},{"@type":"ListItem","position":2,"name":"Podcast Player","item":"https:\/\/elfsight.com\/es\/podcast-player-widget\/"},{"@type":"ListItem","position":3,"name":"Podcast Player &#8211; Squarespace"}]},{"@type":"WebSite","@id":"https:\/\/elfsight.com\/es\/#website","url":"https:\/\/elfsight.com\/es\/","name":"Elfsight ES","description":"Just another Elfsight Sites site","potentialAction":[{"@type":"SearchAction","target":{"@type":"EntryPoint","urlTemplate":"https:\/\/elfsight.com\/es\/?s={search_term_string}"},"query-input":{"@type":"PropertyValueSpecification","valueRequired":true,"valueName":"search_term_string"}}],"inLanguage":"es"}]}},"meta_box":{"industry":"","seo_heading":"","heading":"","description":"","cta_heading":"","cta_description":"","application":"1073","h1":"Complemento del reproductor de podcasts de Squarespace","h1_caption":"Inserte un reproductor de podcasts directamente en su sitio web, lo que permitir\u00e1 a los usuarios escuchar sus episodios sin salir de la p\u00e1gina de su sitio web de Squarespace sin esfuerzo.","application_category":[],"applications_title":"","applications_request_title":"","applications_request_button_text":"","hero_text":"","hero_video":"","hero_video_schema_markup":"","selling_points_title":"","selling_points_caption":"","selling_points":[],"selling_points_cta_text":"","features_title":"","features":"","ed_cta_examples_text":"","ed_cta_examples_hidden":"","ed_cta_demo_text":"","ed_cta_demo_hidden":"","why_caption":"","why_editor_title":"","why_editor_text":"","why_team_title":"","why_team_text":"","why_service_title":"","why_service_text":"","template_catalog_visible":"","template_catalog_title":"","template_catalog_text":"","template_catalog_categories_visible":"","demo_title":"Crea tu complemento de reproductor de podcasts","demo_caption":"\u00a1Configura tu Podcast Player y agr\u00e9galo a tu sitio web de Squarespace gratis!","default_faq_hidden":"","app_template_category":[],"platform":"100","template_public_id":"","codecanyon_url":"","codecanyon_item_id":"","codecanyon_price":"","pricing_caption":"","pricing_elfsight_apps_hide_column":"","pricing_elfsight_apps_url":"","pricing_codecanyon_price_caption":"","integration_category":[],"integration_request_title":"","integration_request_cta":"","integration_platform":"","integrations":[],"platform_category":[],"video_schema_markup":"","price":"desde $0 \/ mes","trial":"","benefits":[{"text":"Servicio de instalaci\u00f3n gratuito"},{"text":"Ayuda eficaz al cliente"},{"text":"Garant\u00eda de devoluci\u00f3n de dinero de 14 d\u00edas"},{"text":"Actualizando constantemente"}],"button_url":"#demo","button_target_blank":"","button_nofollow":"","attributes":[{"name":"Instalaciones","content":"10,000 - 100,000"},{"name":"Sensible","content":"S\u00ed"},{"name":"Navegadores compatibles","content":"Firefox, Safari, Opera, Chrome, Edge"}],"tags":[],"tags_disable_links":"","hide_more_platforms":"","video_object":"","demo_hide_cta":"","demo_hide_cloud_options":"","pricing_title":"","pricing":[{"pricing_icon":"platform","pricing_title":"Elfsight Apps","pricing_title_caption":"Soluci\u00f3n digital multiplataforma que se adapta a cualquier sitio web","pricing_price":"desde $0 \/ mes","pricing_price_caption":"comienza con un plan gratuito","pricing_benefits":[{"text":"Dominios ilimitados"},{"text":"Soporte dedicado y puntual"},{"text":"Asistencia de instalaci\u00f3n gratuita"},{"text":"Dise\u00f1o flexible"}],"pricing_button_text":"A\u00f1adir al sitio web","pricing_button_url":"#demo"}],"related_apps_title":"","related_apps_hidden":"","author":"","image":[],"title":"","job":"","social_networks":[]},"_links":{"self":[{"href":"https:\/\/elfsight.com\/es\/wp-json\/wp\/v2\/pages\/7619","targetHints":{"allow":["GET"]}}],"collection":[{"href":"https:\/\/elfsight.com\/es\/wp-json\/wp\/v2\/pages"}],"about":[{"href":"https:\/\/elfsight.com\/es\/wp-json\/wp\/v2\/types\/page"}],"author":[{"embeddable":true,"href":"https:\/\/elfsight.com\/es\/wp-json\/wp\/v2\/users\/9"}],"replies":[{"embeddable":true,"href":"https:\/\/elfsight.com\/es\/wp-json\/wp\/v2\/comments?post=7619"}],"version-history":[{"count":2,"href":"https:\/\/elfsight.com\/es\/wp-json\/wp\/v2\/pages\/7619\/revisions"}],"predecessor-version":[{"id":18869,"href":"https:\/\/elfsight.com\/es\/wp-json\/wp\/v2\/pages\/7619\/revisions\/18869"}],"up":[{"embeddable":true,"href":"https:\/\/elfsight.com\/es\/wp-json\/wp\/v2\/pages\/1074"}],"wp:attachment":[{"href":"https:\/\/elfsight.com\/es\/wp-json\/wp\/v2\/media?parent=7619"}],"curies":[{"name":"wp","href":"https:\/\/api.w.org\/{rel}","templated":true}]}}