{"id":7618,"date":"1970-01-01T00:00:00","date_gmt":"1970-01-01T00:00:00","guid":{"rendered":"https:\/\/elfsight.com\/es\/?page_id=7618"},"modified":"2025-02-06T15:49:29","modified_gmt":"2025-02-06T15:49:29","slug":"shopify","status":"publish","type":"page","link":"https:\/\/elfsight.com\/es\/podcast-player-widget\/shopify\/","title":{"rendered":"Podcast Player &#8211; Shopify"},"content":{"rendered":"<div class=\"application-platform-content-item-description application-platform-content-item\" id=\"description\" data-nav-section=\"description\"> <h2>Incorporar Podcast Player en Shopify con el widget de Elfsight<\/h2> <p>Elfsight Podcast Player es una aplicaci\u00f3n sencilla para los sitios web de Shopify que te permite reproducir podcasts en las p\u00e1ginas de tu sitio web. El widget es totalmente personalizable: puede alterar su ubicaci\u00f3n, incrustarlo en cualquier lugar de la p\u00e1gina, escalar su tama\u00f1o, cambiar el color del fondo y todos los dem\u00e1s elementos para combinarlo con el dise\u00f1o de su sitio, emplear una combinaci\u00f3n de colores oscuros, mostrar portadas y mostrar u ocultar 3 detalles adicionales del reproductor, por ejemplo, la barra de progreso y otros. Entretenga a sus visitantes, active la opci\u00f3n de reproducci\u00f3n autom\u00e1tica y no lo dude: \u00a1sus usuarios no abandonar\u00e1n su sitio web r\u00e1pidamente! <\/p> <p><b>Deleite a su audiencia brind\u00e1ndoles informaci\u00f3n valiosa e interesante con la ayuda de Elfsight Podcast Player<\/b><\/p> <\/div> <div class=\"application-platform-content-item-features application-platform-content-item\" id=\"features\" data-nav-section=\"features\"> <h2>Vea la lista de las funciones m\u00e1s \u00fatiles: <\/h2> <ul><li>Alteraciones de color ilimitadas. <\/li><li>2 dise\u00f1os listos para usar. <\/li><li>Una opci\u00f3n para agregar una imagen de fondo. <\/li><li>Adjunta un n\u00famero ilimitado de pistas. <\/li><li>Posibilidad de dise\u00f1ar tu propio tema de color. <\/li><\/ul><p><a href=\"#demo\">Pruebe todas las opciones de personalizaci\u00f3n en una demostraci\u00f3n con todas las funciones<\/a><\/p> <\/div> <div class=\"application-platform-content-item-installation application-platform-content-item\" id=\"installation\" data-nav-section=\"installation\"> <h2>\u00bfC\u00f3mo incrustar Podcast Player en mi sitio web de Shopify? <\/h2><div class=\"video-container\"><iframe width=\"720\" height=\"405\" src=\"https:\/\/www.youtube.com\/embed\/Fi5U7dgsZAo\"><\/iframe><\/div><p>Simplemente siga varios pasos que se describen a continuaci\u00f3n para integrar la aplicaci\u00f3n. <\/p> <ol><li><b>Utiliza nuestro configurador gratuito y comienza a trabajar con tu aplicaci\u00f3n personalizada. <\/b><br>Determina la forma seleccionada y las caracter\u00edsticas de la aplicaci\u00f3n y guarda todas las correcciones. <\/li> <li><b>Obtenga su c\u00f3digo individual que aparece en el cuadro de Elfsight Apps. <\/b><br> Cuando finalice la creaci\u00f3n de su aplicaci\u00f3n personal, copie el c\u00f3digo individual en el cuadro que aparece y gu\u00e1rdelo para futuras necesidades. <\/li> <li><b>Empieza a usar la aplicaci\u00f3n en tu sitio Shopify. <\/b><br>Implemente el c\u00f3digo que ha guardado recientemente en su p\u00e1gina web y aplique los ajustes. <\/li> <li><b>\u00a1Listo! La integraci\u00f3n ha finalizado con \u00e9xito. <\/b><br>Abre tu sitio web para ver c\u00f3mo funciona la aplicaci\u00f3n. <\/li><\/ol><p>Si tiene alguna dificultad, no tema buscar ayuda de nuestro equipo de soporte. Nuestros consultores estar\u00e1n encantados de ayudarte con todos los problemas que puedas tener con la herramienta. <\/p><div class=\"faq\" data-component=\"FAQ\"><div class=\"faq-item\">\r\n\t\t\t\t\t<div class=\"faq-item-question\">\r\n\t\t\t\t\t\t<h3 class=\"faq-item-question-text\">\u00bfC\u00f3mo puedo integrar un reproductor de podcasts para Shopify sin conocimientos de codificaci\u00f3n?<\/h3>\r\n\r\n\t\t\t\t\t\t<div class=\"faq-item-question-icon\"><\/div>\r\n\t\t\t\t\t<\/div>\r\n\r\n\t\t\t\t\t<div class=\"faq-item-answer\">\r\n\t\t\t\t\t\t<div class=\"faq-item-answer-text\"><p>Elfsight proporciona una soluci\u00f3n basada en la nube que permite a los usuarios crear ellos mismos un reproductor de podcasts para Shopify. Descubre lo sencillo que puede ser el proceso:<\/p><ul><li>Accede al Editor en l\u00ednea para generar una secci\u00f3n de Podcast Player que te gustar\u00eda integrar en tu tienda Shopify.<\/li><li>Elige una de nuestras plantillas predise\u00f1adas y personaliza la configuraci\u00f3n de Podcast Player, ajustando el dise\u00f1o y la combinaci\u00f3n de colores, e incluyendo tu contenido sin necesidad de codificaci\u00f3n.<\/li><li>Guarda los ajustes que has configurado para Podcast Player y obt\u00e9n el c\u00f3digo para incrustar, que se puede agregar sin esfuerzo. a tu tienda Shopify sin costo.<\/li><\/ul><p>Al trabajar en el Editor f\u00e1cil de usar, cualquier usuario de Internet puede crear una secci\u00f3n de Podcast Player e incrustarla en su tienda Shopify. No hay ning\u00fan requisito de pago ni la necesidad de revelar la informaci\u00f3n de su tarjeta para acceder al Editor de Elfsight. Si encuentra alguna dificultad en cualquier etapa, no dude en comunicarse con nuestro servicio de atenci\u00f3n al cliente.<\/p><\/div>\r\n\t\t\t\t\t<\/div>\r\n\t\t\t\t<\/div><\/div> <\/div>","protected":false},"excerpt":{"rendered":"","protected":false},"author":9,"featured_media":0,"parent":1074,"menu_order":0,"comment_status":"closed","ping_status":"closed","template":"templates\/template-application-platform.php","meta":{"publish_to_discourse":"","publish_post_category":"","wpdc_auto_publish_overridden":"","wpdc_topic_tags":"","wpdc_pin_topic":"","wpdc_pin_until":"","discourse_post_id":"","discourse_permalink":"","wpdc_publishing_response":"","wpdc_publishing_error":"","footnotes":""},"class_list":["post-7618","page","type-page","status-publish","hentry"],"yoast_head":"<!-- This site is optimized with the Yoast SEO plugin v25.3.1 - https:\/\/yoast.com\/wordpress\/plugins\/seo\/ -->\n<title>Elfsight Podcast Player para el sitio web de Shopify (gratis y f\u00e1cil)<\/title>\n<meta name=\"description\" content=\"Aplique nuestra demostraci\u00f3n accesible e implemente un reproductor de podcasts responsivo en su sitio web de Shopify. \u00a1Incorpore nuestra demostraci\u00f3n manejable y cree su aplicaci\u00f3n personalizada en 1-2-3!\" \/>\n<meta name=\"robots\" content=\"index, follow, max-snippet:-1, max-image-preview:large, max-video-preview:-1\" \/>\n<link rel=\"canonical\" href=\"https:\/\/elfsight.com\/es\/podcast-player-widget\/shopify\/\" \/>\n<meta property=\"og:locale\" content=\"es_ES\" \/>\n<meta property=\"og:type\" content=\"article\" \/>\n<meta property=\"og:title\" content=\"Elfsight Podcast Player para el sitio web de Shopify (gratis y f\u00e1cil)\" \/>\n<meta property=\"og:description\" content=\"Aplique nuestra demostraci\u00f3n accesible e implemente un reproductor de podcasts responsivo en su sitio web de Shopify. \u00a1Incorpore nuestra demostraci\u00f3n manejable y cree su aplicaci\u00f3n personalizada en 1-2-3!\" \/>\n<meta property=\"og:url\" content=\"https:\/\/elfsight.com\/es\/podcast-player-widget\/shopify\/\" \/>\n<meta property=\"og:site_name\" content=\"Elfsight ES\" \/>\n<meta property=\"article:modified_time\" content=\"2025-02-06T15:49:29+00:00\" \/>\n<meta name=\"twitter:card\" content=\"summary_large_image\" \/>\n<meta name=\"twitter:label1\" content=\"Tiempo de lectura\" \/>\n\t<meta name=\"twitter:data1\" content=\"3 minutos\" \/>\n<!-- \/ Yoast SEO plugin. -->","yoast_head_json":{"title":"Elfsight Podcast Player para el sitio web de Shopify (gratis y f\u00e1cil)","description":"Aplique nuestra demostraci\u00f3n accesible e implemente un reproductor de podcasts responsivo en su sitio web de Shopify. \u00a1Incorpore nuestra demostraci\u00f3n manejable y cree su aplicaci\u00f3n personalizada en 1-2-3!","robots":{"index":"index","follow":"follow","max-snippet":"max-snippet:-1","max-image-preview":"max-image-preview:large","max-video-preview":"max-video-preview:-1"},"canonical":"https:\/\/elfsight.com\/es\/podcast-player-widget\/shopify\/","og_locale":"es_ES","og_type":"article","og_title":"Elfsight Podcast Player para el sitio web de Shopify (gratis y f\u00e1cil)","og_description":"Aplique nuestra demostraci\u00f3n accesible e implemente un reproductor de podcasts responsivo en su sitio web de Shopify. \u00a1Incorpore nuestra demostraci\u00f3n manejable y cree su aplicaci\u00f3n personalizada en 1-2-3!","og_url":"https:\/\/elfsight.com\/es\/podcast-player-widget\/shopify\/","og_site_name":"Elfsight ES","article_modified_time":"2025-02-06T15:49:29+00:00","twitter_card":"summary_large_image","twitter_misc":{"Tiempo de lectura":"3 minutos"},"schema":{"@context":"https:\/\/schema.org","@graph":[{"@type":"WebPage","@id":"https:\/\/elfsight.com\/es\/podcast-player-widget\/shopify\/","url":"https:\/\/elfsight.com\/es\/podcast-player-widget\/shopify\/","name":"Elfsight Podcast Player para el sitio web de Shopify (gratis y f\u00e1cil)","isPartOf":{"@id":"https:\/\/elfsight.com\/es\/#website"},"datePublished":"1970-01-01T00:00:00+00:00","dateModified":"2025-02-06T15:49:29+00:00","description":"Aplique nuestra demostraci\u00f3n accesible e implemente un reproductor de podcasts responsivo en su sitio web de Shopify. \u00a1Incorpore nuestra demostraci\u00f3n manejable y cree su aplicaci\u00f3n personalizada en 1-2-3!","breadcrumb":{"@id":"https:\/\/elfsight.com\/es\/podcast-player-widget\/shopify\/#breadcrumb"},"inLanguage":"es","potentialAction":[{"@type":"ReadAction","target":["https:\/\/elfsight.com\/es\/podcast-player-widget\/shopify\/"]}]},{"@type":"BreadcrumbList","@id":"https:\/\/elfsight.com\/es\/podcast-player-widget\/shopify\/#breadcrumb","itemListElement":[{"@type":"ListItem","position":1,"name":"Home","item":"https:\/\/elfsight.com\/es\/"},{"@type":"ListItem","position":2,"name":"Podcast Player","item":"https:\/\/elfsight.com\/es\/podcast-player-widget\/"},{"@type":"ListItem","position":3,"name":"Podcast Player &#8211; Shopify"}]},{"@type":"WebSite","@id":"https:\/\/elfsight.com\/es\/#website","url":"https:\/\/elfsight.com\/es\/","name":"Elfsight ES","description":"Just another Elfsight Sites site","potentialAction":[{"@type":"SearchAction","target":{"@type":"EntryPoint","urlTemplate":"https:\/\/elfsight.com\/es\/?s={search_term_string}"},"query-input":{"@type":"PropertyValueSpecification","valueRequired":true,"valueName":"search_term_string"}}],"inLanguage":"es"}]}},"meta_box":{"industry":"","seo_heading":"","heading":"","description":"","cta_heading":"","cta_description":"","application":"1073","h1":"Aplicaci\u00f3n Shopify Podcast Player","h1_caption":"Inserta un reproductor de podcasts directamente en tu sitio web, permitiendo a los usuarios escuchar tus episodios sin salir de la p\u00e1gina de tu sitio web de Shopify sin esfuerzo.","application_category":[],"applications_title":"","applications_request_title":"","applications_request_button_text":"","hero_text":"","hero_video":"","hero_video_schema_markup":"","selling_points_title":"","selling_points_caption":"","selling_points":[],"selling_points_cta_text":"","features_title":"","features":"","ed_cta_examples_text":"","ed_cta_examples_hidden":"","ed_cta_demo_text":"","ed_cta_demo_hidden":"","why_caption":"","why_editor_title":"","why_editor_text":"","why_team_title":"","why_team_text":"","why_service_title":"","why_service_text":"","template_catalog_visible":"","template_catalog_title":"","template_catalog_text":"","template_catalog_categories_visible":"","demo_title":"Crea tu aplicaci\u00f3n Podcast Player","demo_caption":"\u00a1Configura tu Podcast Player y agr\u00e9galo a tu sitio web Shopify gratis!","default_faq_hidden":"","app_template_category":[],"platform":"91","template_public_id":"","codecanyon_url":"","codecanyon_item_id":"","codecanyon_price":"","pricing_caption":"","pricing_elfsight_apps_hide_column":"","pricing_elfsight_apps_url":"","pricing_codecanyon_price_caption":"","integration_category":[],"integration_request_title":"","integration_request_cta":"","integration_platform":"","integrations":[],"platform_category":[],"video_schema_markup":"","price":"desde $0 \/ mes","trial":"","benefits":[{"text":"Servicio de instalaci\u00f3n gratuito"},{"text":"Soporte premium"},{"text":"Garant\u00eda de devoluci\u00f3n de dinero de 14 d\u00edas"},{"text":"Actualizaciones gratuitas continuas"}],"button_url":"#demo","button_target_blank":"","button_nofollow":"","attributes":[{"name":"Instalaciones","content":"10,000 - 100,000"},{"name":"Sensible","content":"S\u00ed"},{"name":"Navegadores compatibles","content":"Firefox, Safari, Opera, Chrome, Edge"}],"tags":[],"tags_disable_links":"","hide_more_platforms":"","video_object":"","demo_hide_cta":"","demo_hide_cloud_options":"","pricing_title":"","pricing":[{"pricing_icon":"cloud","pricing_title":"Elfsight Apps","pricing_title_caption":"Versi\u00f3n multiplataforma que funciona en todos los sitios","pricing_price":"desde $0 \/ mes","pricing_price_caption":"comienza con el plan gratuito","pricing_benefits":[{"text":"Sitios web ilimitados"},{"text":"Soporte premium"},{"text":"Servicio de instalaci\u00f3n gratuito"},{"text":"Oferta especial para m\u00faltiples aplicaciones."}],"pricing_button_text":"A\u00f1adir al sitio web","pricing_button_url":"#demo"}],"related_apps_title":"","related_apps_hidden":"","author":"","image":[],"title":"","job":"","social_networks":[]},"_links":{"self":[{"href":"https:\/\/elfsight.com\/es\/wp-json\/wp\/v2\/pages\/7618","targetHints":{"allow":["GET"]}}],"collection":[{"href":"https:\/\/elfsight.com\/es\/wp-json\/wp\/v2\/pages"}],"about":[{"href":"https:\/\/elfsight.com\/es\/wp-json\/wp\/v2\/types\/page"}],"author":[{"embeddable":true,"href":"https:\/\/elfsight.com\/es\/wp-json\/wp\/v2\/users\/9"}],"replies":[{"embeddable":true,"href":"https:\/\/elfsight.com\/es\/wp-json\/wp\/v2\/comments?post=7618"}],"version-history":[{"count":2,"href":"https:\/\/elfsight.com\/es\/wp-json\/wp\/v2\/pages\/7618\/revisions"}],"predecessor-version":[{"id":18870,"href":"https:\/\/elfsight.com\/es\/wp-json\/wp\/v2\/pages\/7618\/revisions\/18870"}],"up":[{"embeddable":true,"href":"https:\/\/elfsight.com\/es\/wp-json\/wp\/v2\/pages\/1074"}],"wp:attachment":[{"href":"https:\/\/elfsight.com\/es\/wp-json\/wp\/v2\/media?parent=7618"}],"curies":[{"name":"wp","href":"https:\/\/api.w.org\/{rel}","templated":true}]}}