{"id":7613,"date":"1970-01-01T00:00:00","date_gmt":"1970-01-01T00:00:00","guid":{"rendered":"https:\/\/elfsight.com\/es\/?page_id=7613"},"modified":"2025-02-06T15:49:29","modified_gmt":"2025-02-06T15:49:29","slug":"prestashop","status":"publish","type":"page","link":"https:\/\/elfsight.com\/es\/podcast-player-widget\/prestashop\/","title":{"rendered":"Podcast Player &#8211; PrestaShop"},"content":{"rendered":"<div class=\"application-platform-content-item-description application-platform-content-item\" id=\"description\" data-nav-section=\"description\"> <h2>Descripci\u00f3n<\/h2> <p>Elfsight Podcast Player es un widget simple que le brinda la oportunidad de transmitir pistas de audio directamente en su sitio. El complemento es sumamente personalizable: usted es libre de cambiar su posici\u00f3n, coloc\u00e1ndolo en cualquier lugar de la p\u00e1gina, cambiar su tama\u00f1o, cambiar el color del fondo y otros elementos para combinarlo con el dise\u00f1o de su sitio, aplicar un tema oscuro, mostrar portadas y mostrar u ocultar otros tres componentes del reproductor, por ejemplo la barra de progreso y muchos m\u00e1s. Incluye tantas pistas como necesites para entretener a tus visitantes, activa la reproducci\u00f3n autom\u00e1tica y no lo dudes: \u00a1tus usuarios no abandonar\u00e1n tu sitio web inmediatamente! <\/p><p><b>Con Podcast Player, tenga un desarrollo comercial activo y aumente las ventas <\/b><\/p> <\/div> <div class=\"application-platform-content-item-features application-platform-content-item\" id=\"features\" data-nav-section=\"features\"> <h2>Estas son las caracter\u00edsticas b\u00e1sicas del widget: <\/h2> <ul><li>Dos dise\u00f1os disponibles<\/li><li>Posibilidad de agregar una imagen de fondo<\/li><li>Agregar un n\u00famero ilimitado de archivos<\/li><li>Una opci\u00f3n para cree su combinaci\u00f3n de colores personalizada<\/li><li>Agregue un n\u00famero ilimitado de estaciones<\/li><\/ul><p><a href=\"#demo\">Explore todas las funciones de personalizaci\u00f3n en una demostraci\u00f3n con todas las funciones<\/a><\/p> <\/div> <div class=\"application-platform-content-item-installation application-platform-content-item\" id=\"installation\" data-nav-section=\"installation\"> <h2>\u00bfC\u00f3mo incrusto Podcast Player en mi p\u00e1gina web de PrestaShop? <\/h2> <p>Simplemente siga los pasos que se presentan a continuaci\u00f3n para comenzar a trabajar con la herramienta. <\/p> <ol><li><b>Emplea nuestro editor gratuito y comienza a darle forma a tu instrumento personalizado. <\/b><br> Determine el dise\u00f1o y los aspectos deseables del widget y guarde las modificaciones. <\/li> <li><b>Adquiera su c\u00f3digo \u00fanico que se muestra en la ventana de Elfsight Apps. <\/b><br> Tan pronto como se complete la creaci\u00f3n de su widget personal, copie el c\u00f3digo individual en la ventana emergente que aparece y gu\u00e1rdelo para su uso posterior. <\/li> <li><b>Iniciar la utilizaci\u00f3n del complemento en el sitio PrestaShop. <\/b><br> Introduce el c\u00f3digo que has guardado anteriormente en tu p\u00e1gina y aplica las mejoras. <\/li> <li><b>\u00a1Listo! La incrustaci\u00f3n est\u00e1 totalmente realizada. <\/b><br> Vaya a su sitio para ver c\u00f3mo funciona la herramienta. <\/li><\/ol> <p>En caso de tener consultas o encontrar alg\u00fan obst\u00e1culo, no dudes en escribir a nuestro equipo de soporte. Nuestros especialistas estar\u00e1n encantados de resolver todas las dudas que puedas tener con el widget. <\/p> <\/div>","protected":false},"excerpt":{"rendered":"","protected":false},"author":9,"featured_media":0,"parent":1074,"menu_order":0,"comment_status":"closed","ping_status":"closed","template":"templates\/template-application-platform.php","meta":{"publish_to_discourse":"","publish_post_category":"","wpdc_auto_publish_overridden":"","wpdc_topic_tags":"","wpdc_pin_topic":"","wpdc_pin_until":"","discourse_post_id":"","discourse_permalink":"","wpdc_publishing_response":"","wpdc_publishing_error":"","footnotes":""},"class_list":["post-7613","page","type-page","status-publish","hentry"],"yoast_head":"<!-- This site is optimized with the Yoast SEO plugin v25.3.1 - https:\/\/yoast.com\/wordpress\/plugins\/seo\/ -->\n<title>Elfsight Podcast Player para el sitio web PrestaShop (f\u00e1cil y gratis)<\/title>\n<meta name=\"description\" content=\"Comience a utilizar nuestra demostraci\u00f3n accesible e incorpore un Podcast Player responsivo en su sitio web PrestaShop. \u00a1Usa nuestra demostraci\u00f3n gratis y crea tu complemento!\" \/>\n<meta name=\"robots\" content=\"index, follow, max-snippet:-1, max-image-preview:large, max-video-preview:-1\" \/>\n<link rel=\"canonical\" href=\"https:\/\/elfsight.com\/es\/podcast-player-widget\/prestashop\/\" \/>\n<meta property=\"og:locale\" content=\"es_ES\" \/>\n<meta property=\"og:type\" content=\"article\" \/>\n<meta property=\"og:title\" content=\"Elfsight Podcast Player para el sitio web PrestaShop (f\u00e1cil y gratis)\" \/>\n<meta property=\"og:description\" content=\"Comience a utilizar nuestra demostraci\u00f3n accesible e incorpore un Podcast Player responsivo en su sitio web PrestaShop. \u00a1Usa nuestra demostraci\u00f3n gratis y crea tu complemento!\" \/>\n<meta property=\"og:url\" content=\"https:\/\/elfsight.com\/es\/podcast-player-widget\/prestashop\/\" \/>\n<meta property=\"og:site_name\" content=\"Elfsight ES\" \/>\n<meta property=\"article:modified_time\" content=\"2025-02-06T15:49:29+00:00\" \/>\n<meta name=\"twitter:card\" content=\"summary_large_image\" \/>\n<meta name=\"twitter:label1\" content=\"Tiempo de lectura\" \/>\n\t<meta name=\"twitter:data1\" content=\"2 minutos\" \/>\n<!-- \/ Yoast SEO plugin. -->","yoast_head_json":{"title":"Elfsight Podcast Player para el sitio web PrestaShop (f\u00e1cil y gratis)","description":"Comience a utilizar nuestra demostraci\u00f3n accesible e incorpore un Podcast Player responsivo en su sitio web PrestaShop. \u00a1Usa nuestra demostraci\u00f3n gratis y crea tu complemento!","robots":{"index":"index","follow":"follow","max-snippet":"max-snippet:-1","max-image-preview":"max-image-preview:large","max-video-preview":"max-video-preview:-1"},"canonical":"https:\/\/elfsight.com\/es\/podcast-player-widget\/prestashop\/","og_locale":"es_ES","og_type":"article","og_title":"Elfsight Podcast Player para el sitio web PrestaShop (f\u00e1cil y gratis)","og_description":"Comience a utilizar nuestra demostraci\u00f3n accesible e incorpore un Podcast Player responsivo en su sitio web PrestaShop. \u00a1Usa nuestra demostraci\u00f3n gratis y crea tu complemento!","og_url":"https:\/\/elfsight.com\/es\/podcast-player-widget\/prestashop\/","og_site_name":"Elfsight ES","article_modified_time":"2025-02-06T15:49:29+00:00","twitter_card":"summary_large_image","twitter_misc":{"Tiempo de lectura":"2 minutos"},"schema":{"@context":"https:\/\/schema.org","@graph":[{"@type":"WebPage","@id":"https:\/\/elfsight.com\/es\/podcast-player-widget\/prestashop\/","url":"https:\/\/elfsight.com\/es\/podcast-player-widget\/prestashop\/","name":"Elfsight Podcast Player para el sitio web PrestaShop (f\u00e1cil y gratis)","isPartOf":{"@id":"https:\/\/elfsight.com\/es\/#website"},"datePublished":"1970-01-01T00:00:00+00:00","dateModified":"2025-02-06T15:49:29+00:00","description":"Comience a utilizar nuestra demostraci\u00f3n accesible e incorpore un Podcast Player responsivo en su sitio web PrestaShop. \u00a1Usa nuestra demostraci\u00f3n gratis y crea tu complemento!","breadcrumb":{"@id":"https:\/\/elfsight.com\/es\/podcast-player-widget\/prestashop\/#breadcrumb"},"inLanguage":"es","potentialAction":[{"@type":"ReadAction","target":["https:\/\/elfsight.com\/es\/podcast-player-widget\/prestashop\/"]}]},{"@type":"BreadcrumbList","@id":"https:\/\/elfsight.com\/es\/podcast-player-widget\/prestashop\/#breadcrumb","itemListElement":[{"@type":"ListItem","position":1,"name":"Home","item":"https:\/\/elfsight.com\/es\/"},{"@type":"ListItem","position":2,"name":"Podcast Player","item":"https:\/\/elfsight.com\/es\/podcast-player-widget\/"},{"@type":"ListItem","position":3,"name":"Podcast Player &#8211; PrestaShop"}]},{"@type":"WebSite","@id":"https:\/\/elfsight.com\/es\/#website","url":"https:\/\/elfsight.com\/es\/","name":"Elfsight ES","description":"Just another Elfsight Sites site","potentialAction":[{"@type":"SearchAction","target":{"@type":"EntryPoint","urlTemplate":"https:\/\/elfsight.com\/es\/?s={search_term_string}"},"query-input":{"@type":"PropertyValueSpecification","valueRequired":true,"valueName":"search_term_string"}}],"inLanguage":"es"}]}},"meta_box":{"industry":"","seo_heading":"","heading":"","description":"","cta_heading":"","cta_description":"","application":"1073","h1":"Complemento del reproductor de podcasts PrestaShop","h1_caption":"Incorpore un reproductor de podcasts directamente en su sitio web, permitiendo a los usuarios escuchar sus episodios sin salir de la p\u00e1gina de su sitio web Prestashop sin esfuerzo.","application_category":[],"applications_title":"","applications_request_title":"","applications_request_button_text":"","hero_text":"","hero_video":"","hero_video_schema_markup":"","selling_points_title":"","selling_points_caption":"","selling_points":[],"selling_points_cta_text":"","features_title":"","features":"","ed_cta_examples_text":"","ed_cta_examples_hidden":"","ed_cta_demo_text":"","ed_cta_demo_hidden":"","why_caption":"","why_editor_title":"","why_editor_text":"","why_team_title":"","why_team_text":"","why_service_title":"","why_service_text":"","template_catalog_visible":"","template_catalog_title":"","template_catalog_text":"","template_catalog_categories_visible":"","demo_title":"Crea tu complemento Podcast Player","demo_caption":"\u00a1Configura tu Podcast Player y agr\u00e9galo a tu sitio web PrestaShop gratis!","default_faq_hidden":"","app_template_category":[],"platform":"2250","template_public_id":"","codecanyon_url":"","codecanyon_item_id":"","codecanyon_price":"","pricing_caption":"","pricing_elfsight_apps_hide_column":"","pricing_elfsight_apps_url":"","pricing_codecanyon_price_caption":"","integration_category":[],"integration_request_title":"","integration_request_cta":"","integration_platform":"","integrations":[],"platform_category":[],"video_schema_markup":"","price":"desde $0 \/ mes","trial":"","benefits":[{"text":"Servicio de instalaci\u00f3n gratuito"},{"text":"Atenci\u00f3n al cliente experimentada"},{"text":"Garant\u00eda de reembolso de 14 d\u00edas"},{"text":"Mejoras gratuitas de por vida"}],"button_url":"#demo","button_target_blank":"","button_nofollow":"","attributes":[{"name":"Instalaciones","content":"10,000 - 100,000"},{"name":"Sensible","content":"S\u00ed"},{"name":"Navegadores compatibles","content":"Firefox, Safari, Opera, Chrome, Edge"}],"tags":[],"tags_disable_links":"","hide_more_platforms":"","video_object":"","demo_hide_cta":"","demo_hide_cloud_options":"","pricing_title":"","pricing":[{"pricing_icon":"platform","pricing_title":"Elfsight Apps","pricing_title_caption":"Software multiplataforma que funciona en cualquier sitio","pricing_price":"desde $0 \/ mes","pricing_price_caption":"comienza con un plan gratuito","pricing_benefits":[{"text":"Dominios ilimitados"},{"text":"Soporte 24 horas al d\u00eda, 7 d\u00edas a la semana y a tiempo"},{"text":"Asistencia de instalaci\u00f3n gratuita"},{"text":"Dise\u00f1o flexible"}],"pricing_button_text":"A\u00f1adir al sitio web","pricing_button_url":"#demo"}],"related_apps_title":"","related_apps_hidden":"","author":"","image":[],"title":"","job":"","social_networks":[]},"_links":{"self":[{"href":"https:\/\/elfsight.com\/es\/wp-json\/wp\/v2\/pages\/7613","targetHints":{"allow":["GET"]}}],"collection":[{"href":"https:\/\/elfsight.com\/es\/wp-json\/wp\/v2\/pages"}],"about":[{"href":"https:\/\/elfsight.com\/es\/wp-json\/wp\/v2\/types\/page"}],"author":[{"embeddable":true,"href":"https:\/\/elfsight.com\/es\/wp-json\/wp\/v2\/users\/9"}],"replies":[{"embeddable":true,"href":"https:\/\/elfsight.com\/es\/wp-json\/wp\/v2\/comments?post=7613"}],"version-history":[{"count":2,"href":"https:\/\/elfsight.com\/es\/wp-json\/wp\/v2\/pages\/7613\/revisions"}],"predecessor-version":[{"id":18871,"href":"https:\/\/elfsight.com\/es\/wp-json\/wp\/v2\/pages\/7613\/revisions\/18871"}],"up":[{"embeddable":true,"href":"https:\/\/elfsight.com\/es\/wp-json\/wp\/v2\/pages\/1074"}],"wp:attachment":[{"href":"https:\/\/elfsight.com\/es\/wp-json\/wp\/v2\/media?parent=7613"}],"curies":[{"name":"wp","href":"https:\/\/api.w.org\/{rel}","templated":true}]}}