{"id":7603,"date":"1970-01-01T00:00:00","date_gmt":"1970-01-01T00:00:00","guid":{"rendered":"https:\/\/elfsight.com\/es\/?page_id=7603"},"modified":"2025-02-06T15:49:37","modified_gmt":"2025-02-06T15:49:37","slug":"joomla","status":"publish","type":"page","link":"https:\/\/elfsight.com\/es\/podcast-player-widget\/joomla\/","title":{"rendered":"Podcast Player &#8211; Joomla"},"content":{"rendered":"<div class=\"application-platform-content-item-description application-platform-content-item\" id=\"description\" data-nav-section=\"description\"> <h2>Descripci\u00f3n<\/h2> <p>Elfsight Podcast Player es una extensi\u00f3n sencilla para sitios web Joomla que le permite transmitir podcasts directamente en su sitio web. La herramienta es extremadamente modificable: puede alterar su posici\u00f3n, incrustarla en cualquier lugar de la p\u00e1gina, escalar su tama\u00f1o, cambiar el color del fondo y otros elementos para mezclarlos con el dise\u00f1o de su sitio, aplicar una combinaci\u00f3n de colores oscuros, mostrar im\u00e1genes y mostrar u ocultar 3 elementos adicionales del reproductor, por ejemplo la barra de progreso y otros. Deleite a su audiencia, active la opci\u00f3n de reproducci\u00f3n autom\u00e1tica y no tenga dudas: \u00a1su audiencia no abandonar\u00e1 su p\u00e1gina de inicio inmediatamente! <\/p> <p><b>Deleite a su audiencia equip\u00e1ndola con informaci\u00f3n \u00fatil y cautivadora con Elfsight Podcast Player<\/b><\/p> <\/div> <div class=\"application-platform-content-item-features application-platform-content-item\" id=\"features\" data-nav-section=\"features\"> <h2>Encuentre las siguientes caracter\u00edsticas clave de la extensi\u00f3n: <\/h2> <ul><li>Numerosas variaciones de color. <\/li><li>Dos dise\u00f1os disponibles. <\/li><li>Una opci\u00f3n para usar una imagen de fondo. <\/li><li>Una cantidad infinita de pistas. <\/li><li>Posibilidad de dise\u00f1ar tu propio tema de color. <\/li><\/ul><p><a href=\"#demo\">Pruebe esta demostraci\u00f3n para ver c\u00f3mo funciona<\/a><\/p> <\/div> <div class=\"application-platform-content-item-installation application-platform-content-item\" id=\"installation\" data-nav-section=\"installation\"> <h2>\u00bfC\u00f3mo puedo agregar Podcast Player a mi sitio web Joomla? <\/h2> <div class=\"video-container\"><iframe width=\"720\" height=\"405\" src=\"https:\/\/www.youtube.com\/embed\/hp5irqJ8vnk\" frameborder=\"0\"><\/iframe><\/div><p>Simplemente siga las pautas a continuaci\u00f3n para comenzar a trabajar con la extensi\u00f3n. <\/p> <ol><li><b>Inicie nuestro configurador gratuito y comience a crear su extensi\u00f3n personalizada. <\/b><br>Elija la forma seleccionada y las especificaciones de la extensi\u00f3n y guarde todas las correcciones. <\/li> <li><b>Obtenga su c\u00f3digo individual mostrado en la ventana de Elfsight Apps. <\/b><br> Una vez completada la generaci\u00f3n de su extensi\u00f3n, copie su c\u00f3digo en el cuadro que aparece y gu\u00e1rdelo para usarlo en el futuro. <\/li> <li><b>Comience a usar la extensi\u00f3n en su sitio Joomla. <\/b><br> A\u00f1ade el c\u00f3digo copiado anteriormente en tu sitio web y aplica las modificaciones. <\/li> <li><b>\u00a1Ya terminaste! La integraci\u00f3n est\u00e1 plenamente lograda. <\/b><br> Vaya a su sitio web para ver c\u00f3mo funciona la extensi\u00f3n. <\/li><\/ol><p>En caso de que tengas alguna complicaci\u00f3n, no dudes en ponerte en contacto con nuestro equipo de soporte. Nuestros especialistas estar\u00e1n encantados de resolver todas las dificultades que puedas tener con la herramienta. <\/p> <\/div>","protected":false},"excerpt":{"rendered":"","protected":false},"author":9,"featured_media":0,"parent":1074,"menu_order":0,"comment_status":"closed","ping_status":"closed","template":"templates\/template-application-platform.php","meta":{"publish_to_discourse":"","publish_post_category":"","wpdc_auto_publish_overridden":"","wpdc_topic_tags":"","wpdc_pin_topic":"","wpdc_pin_until":"","discourse_post_id":"","discourse_permalink":"","wpdc_publishing_response":"","wpdc_publishing_error":"","footnotes":""},"class_list":["post-7603","page","type-page","status-publish","hentry"],"yoast_head":"<!-- This site is optimized with the Yoast SEO plugin v25.3.1 - https:\/\/yoast.com\/wordpress\/plugins\/seo\/ -->\n<title>Elfsight Podcast Player para el sitio web Joomla (f\u00e1cil y gratuito)<\/title>\n<meta name=\"description\" content=\"Utilice nuestra demostraci\u00f3n accesible y agregue un reproductor de podcasts responsivo en su p\u00e1gina de inicio de Joomla. Utilice nuestra \u00fatil demostraci\u00f3n y cree su complemento personalizado con unos pocos clics.\" \/>\n<meta name=\"robots\" content=\"index, follow, max-snippet:-1, max-image-preview:large, max-video-preview:-1\" \/>\n<link rel=\"canonical\" href=\"https:\/\/elfsight.com\/es\/podcast-player-widget\/joomla\/\" \/>\n<meta property=\"og:locale\" content=\"es_ES\" \/>\n<meta property=\"og:type\" content=\"article\" \/>\n<meta property=\"og:title\" content=\"Elfsight Podcast Player para el sitio web Joomla (f\u00e1cil y gratuito)\" \/>\n<meta property=\"og:description\" content=\"Utilice nuestra demostraci\u00f3n accesible y agregue un reproductor de podcasts responsivo en su p\u00e1gina de inicio de Joomla. Utilice nuestra \u00fatil demostraci\u00f3n y cree su complemento personalizado con unos pocos clics.\" \/>\n<meta property=\"og:url\" content=\"https:\/\/elfsight.com\/es\/podcast-player-widget\/joomla\/\" \/>\n<meta property=\"og:site_name\" content=\"Elfsight ES\" \/>\n<meta property=\"article:modified_time\" content=\"2025-02-06T15:49:37+00:00\" \/>\n<meta name=\"twitter:card\" content=\"summary_large_image\" \/>\n<meta name=\"twitter:label1\" content=\"Tiempo de lectura\" \/>\n\t<meta name=\"twitter:data1\" content=\"2 minutos\" \/>\n<!-- \/ Yoast SEO plugin. -->","yoast_head_json":{"title":"Elfsight Podcast Player para el sitio web Joomla (f\u00e1cil y gratuito)","description":"Utilice nuestra demostraci\u00f3n accesible y agregue un reproductor de podcasts responsivo en su p\u00e1gina de inicio de Joomla. Utilice nuestra \u00fatil demostraci\u00f3n y cree su complemento personalizado con unos pocos clics.","robots":{"index":"index","follow":"follow","max-snippet":"max-snippet:-1","max-image-preview":"max-image-preview:large","max-video-preview":"max-video-preview:-1"},"canonical":"https:\/\/elfsight.com\/es\/podcast-player-widget\/joomla\/","og_locale":"es_ES","og_type":"article","og_title":"Elfsight Podcast Player para el sitio web Joomla (f\u00e1cil y gratuito)","og_description":"Utilice nuestra demostraci\u00f3n accesible y agregue un reproductor de podcasts responsivo en su p\u00e1gina de inicio de Joomla. Utilice nuestra \u00fatil demostraci\u00f3n y cree su complemento personalizado con unos pocos clics.","og_url":"https:\/\/elfsight.com\/es\/podcast-player-widget\/joomla\/","og_site_name":"Elfsight ES","article_modified_time":"2025-02-06T15:49:37+00:00","twitter_card":"summary_large_image","twitter_misc":{"Tiempo de lectura":"2 minutos"},"schema":{"@context":"https:\/\/schema.org","@graph":[{"@type":"WebPage","@id":"https:\/\/elfsight.com\/es\/podcast-player-widget\/joomla\/","url":"https:\/\/elfsight.com\/es\/podcast-player-widget\/joomla\/","name":"Elfsight Podcast Player para el sitio web Joomla (f\u00e1cil y gratuito)","isPartOf":{"@id":"https:\/\/elfsight.com\/es\/#website"},"datePublished":"1970-01-01T00:00:00+00:00","dateModified":"2025-02-06T15:49:37+00:00","description":"Utilice nuestra demostraci\u00f3n accesible y agregue un reproductor de podcasts responsivo en su p\u00e1gina de inicio de Joomla. Utilice nuestra \u00fatil demostraci\u00f3n y cree su complemento personalizado con unos pocos clics.","breadcrumb":{"@id":"https:\/\/elfsight.com\/es\/podcast-player-widget\/joomla\/#breadcrumb"},"inLanguage":"es","potentialAction":[{"@type":"ReadAction","target":["https:\/\/elfsight.com\/es\/podcast-player-widget\/joomla\/"]}]},{"@type":"BreadcrumbList","@id":"https:\/\/elfsight.com\/es\/podcast-player-widget\/joomla\/#breadcrumb","itemListElement":[{"@type":"ListItem","position":1,"name":"Home","item":"https:\/\/elfsight.com\/es\/"},{"@type":"ListItem","position":2,"name":"Podcast Player","item":"https:\/\/elfsight.com\/es\/podcast-player-widget\/"},{"@type":"ListItem","position":3,"name":"Podcast Player &#8211; Joomla"}]},{"@type":"WebSite","@id":"https:\/\/elfsight.com\/es\/#website","url":"https:\/\/elfsight.com\/es\/","name":"Elfsight ES","description":"Just another Elfsight Sites site","potentialAction":[{"@type":"SearchAction","target":{"@type":"EntryPoint","urlTemplate":"https:\/\/elfsight.com\/es\/?s={search_term_string}"},"query-input":{"@type":"PropertyValueSpecification","valueRequired":true,"valueName":"search_term_string"}}],"inLanguage":"es"}]}},"meta_box":{"industry":"","seo_heading":"","heading":"","description":"","cta_heading":"","cta_description":"","application":"1073","h1":"Extensi\u00f3n del reproductor de podcasts Joomla","h1_caption":"Incorpore un reproductor de podcasts directamente en su sitio web, lo que permitir\u00e1 a los usuarios escuchar sus episodios sin salir de la p\u00e1gina de su sitio web Joomla sin esfuerzo.","application_category":[],"applications_title":"","applications_request_title":"","applications_request_button_text":"","hero_text":"","hero_video":"","hero_video_schema_markup":"","selling_points_title":"","selling_points_caption":"","selling_points":[],"selling_points_cta_text":"","features_title":"","features":"","ed_cta_examples_text":"","ed_cta_examples_hidden":"","ed_cta_demo_text":"","ed_cta_demo_hidden":"","why_caption":"","why_editor_title":"","why_editor_text":"","why_team_title":"","why_team_text":"","why_service_title":"","why_service_text":"","template_catalog_visible":"","template_catalog_title":"","template_catalog_text":"","template_catalog_categories_visible":"","demo_title":"Crea tu complemento de reproductor de podcasts","demo_caption":"\u00a1Configura tu Podcast Player y agr\u00e9galo a tu sitio web Joomla gratis!","default_faq_hidden":"","app_template_category":[],"platform":"73","template_public_id":"","codecanyon_url":"","codecanyon_item_id":"","codecanyon_price":"","pricing_caption":"","pricing_elfsight_apps_hide_column":"","pricing_elfsight_apps_url":"","pricing_codecanyon_price_caption":"","integration_category":[],"integration_request_title":"","integration_request_cta":"","integration_platform":"","integrations":[],"platform_category":[],"video_schema_markup":"","price":"desde $0 \/ mes","trial":"","benefits":[{"text":"Servicio de instalaci\u00f3n gratuito"},{"text":"Atenci\u00f3n al cliente experimentada"},{"text":"Garant\u00eda de reembolso de 14 d\u00edas"},{"text":"Desarrollo continuo"}],"button_url":"#demo","button_target_blank":"","button_nofollow":"","attributes":[{"name":"Instalaciones","content":"10,000 - 100,000"},{"name":"Sensible","content":"S\u00ed"},{"name":"Navegadores compatibles","content":"Firefox, Safari, Opera, Chrome, Edge"}],"tags":[],"tags_disable_links":"","hide_more_platforms":"","video_object":"","demo_hide_cta":"","demo_hide_cloud_options":"","pricing_title":"","pricing":[{"pricing_icon":"platform","pricing_title":"Elfsight Apps","pricing_title_caption":"Soluci\u00f3n digital independiente de la plataforma que funciona en cualquier sitio","pricing_price":"desde $0 \/ mes","pricing_price_caption":"comienza con el plan gratuito","pricing_benefits":[{"text":"Sitios web ilimitados"},{"text":"Soporte de la empresa 24 horas al d\u00eda, 7 d\u00edas a la semana y bien documentado."},{"text":"Soporte de instalaci\u00f3n gratuito"},{"text":"Precio a alcanzar para m\u00faltiples aplicaciones"}],"pricing_button_text":"A\u00f1adir al sitio web","pricing_button_url":"#demo"}],"related_apps_title":"","related_apps_hidden":"","author":"","image":[],"title":"","job":"","social_networks":[]},"_links":{"self":[{"href":"https:\/\/elfsight.com\/es\/wp-json\/wp\/v2\/pages\/7603","targetHints":{"allow":["GET"]}}],"collection":[{"href":"https:\/\/elfsight.com\/es\/wp-json\/wp\/v2\/pages"}],"about":[{"href":"https:\/\/elfsight.com\/es\/wp-json\/wp\/v2\/types\/page"}],"author":[{"embeddable":true,"href":"https:\/\/elfsight.com\/es\/wp-json\/wp\/v2\/users\/9"}],"replies":[{"embeddable":true,"href":"https:\/\/elfsight.com\/es\/wp-json\/wp\/v2\/comments?post=7603"}],"version-history":[{"count":2,"href":"https:\/\/elfsight.com\/es\/wp-json\/wp\/v2\/pages\/7603\/revisions"}],"predecessor-version":[{"id":18877,"href":"https:\/\/elfsight.com\/es\/wp-json\/wp\/v2\/pages\/7603\/revisions\/18877"}],"up":[{"embeddable":true,"href":"https:\/\/elfsight.com\/es\/wp-json\/wp\/v2\/pages\/1074"}],"wp:attachment":[{"href":"https:\/\/elfsight.com\/es\/wp-json\/wp\/v2\/media?parent=7603"}],"curies":[{"name":"wp","href":"https:\/\/api.w.org\/{rel}","templated":true}]}}