{"id":7602,"date":"1970-01-01T00:00:00","date_gmt":"1970-01-01T00:00:00","guid":{"rendered":"https:\/\/elfsight.com\/es\/?page_id=7602"},"modified":"2025-02-06T15:49:46","modified_gmt":"2025-02-06T15:49:46","slug":"jimdo","status":"publish","type":"page","link":"https:\/\/elfsight.com\/es\/podcast-player-widget\/jimdo\/","title":{"rendered":"Podcast Player &#8211; Jimdo"},"content":{"rendered":"<div class=\"application-platform-content-item-description application-platform-content-item\" id=\"description\" data-nav-section=\"description\"> <h2>Descripci\u00f3n<\/h2> <p>Elfsight Podcast Player es un widget simple que le permite transmitir pistas de audio en su p\u00e1gina web. La herramienta es extremadamente modificable: puede alterar su posici\u00f3n, incrustarla en cualquier lugar de la p\u00e1gina, cambiar su tama\u00f1o, cambiar el color del fondo y otros elementos para mezclarlos con el dise\u00f1o de su sitio, aplicar una combinaci\u00f3n de colores oscuros, mostrar portadas y mostrar u ocultar otros 3 componentes del reproductor como la barra de progreso y muchos m\u00e1s. Sube tantas pistas como quieras para atraer a tus visitantes, activa la opci\u00f3n de reproducci\u00f3n autom\u00e1tica y aseg\u00farate de que tus usuarios no abandonar\u00e1n tu sitio web r\u00e1pidamente. <\/p><p><b>\u00a1Utilice Podcast Player para alcanzar sus objetivos de comercio electr\u00f3nico m\u00e1s r\u00e1pido! <\/b><\/p> <\/div> <div class=\"application-platform-content-item-features application-platform-content-item\" id=\"features\" data-nav-section=\"features\"> <h2>Las caracter\u00edsticas fundamentales del widget contienen<\/h2> <ul><li>Dos dise\u00f1os disponibles<\/li><li>Posibilidad de agregar una imagen de fondo<\/li><li>Agregar un n\u00famero ilimitado de archivos<\/li><li>Una oportunidad para crear su combinaci\u00f3n de colores personalizada<\/li><li>Agregar un n\u00famero ilimitado de estaciones<\/li><\/ul><p><a href=\"#demo\">Puedes ver lo que ofrece el widget probando la demostraci\u00f3n<\/a><\/p> <\/div> <div class=\"application-platform-content-item-installation application-platform-content-item\" id=\"installation\" data-nav-section=\"installation\"> <h2>\u00bfC\u00f3mo agregar Podcast Player a mi sitio web Jimdo? <\/h2> <p>Simplemente siga los siguientes pasos que se detallan a continuaci\u00f3n para integrar la herramienta. <\/p> <ol><li><b>Abre nuestra demostraci\u00f3n gratuita y comienza a darle forma a tu widget \u00fanico. <\/b><br> Especifique el dise\u00f1o preferido y las caracter\u00edsticas funcionales del widget y aplique las correcciones. <\/li> <li><b>Reciba el c\u00f3digo individual que se muestra en el cuadro de Elfsight Apps. <\/b><br> Cuando finalice la configuraci\u00f3n de su widget personal, copie el c\u00f3digo individual en la ventana que aparece y gu\u00e1rdelo para su uso posterior. <\/li> <li><b>Inicia la utilizaci\u00f3n del widget en tu p\u00e1gina web Jimdo. <\/b><br> Introduce el c\u00f3digo copiado anteriormente en tu p\u00e1gina web y aplica las mejoras. <\/li> <li><b>La instalaci\u00f3n se realiz\u00f3 exitosamente. <\/b><br> Visite su sitio para ver en acci\u00f3n c\u00f3mo se ejecuta el widget. <\/li><\/ol> <p>En caso de tener dudas o tener dificultades, no dude en ponerse en contacto con nuestro equipo de soporte. Nuestros especialistas estar\u00e1n encantados de ayudarle con todas las dificultades que pueda tener con la herramienta. <\/p> <\/div>","protected":false},"excerpt":{"rendered":"","protected":false},"author":9,"featured_media":0,"parent":1074,"menu_order":0,"comment_status":"closed","ping_status":"closed","template":"templates\/template-application-platform.php","meta":{"publish_to_discourse":"","publish_post_category":"","wpdc_auto_publish_overridden":"","wpdc_topic_tags":"","wpdc_pin_topic":"","wpdc_pin_until":"","discourse_post_id":"","discourse_permalink":"","wpdc_publishing_response":"","wpdc_publishing_error":"","footnotes":""},"class_list":["post-7602","page","type-page","status-publish","hentry"],"yoast_head":"<!-- This site is optimized with the Yoast SEO plugin v25.3.1 - https:\/\/yoast.com\/wordpress\/plugins\/seo\/ -->\n<title>Elfsight Podcast Player para el sitio web de Jimdo (f\u00e1cil y gratis)<\/title>\n<meta name=\"description\" content=\"Empieza a utilizar nuestra demo accesible e integra un reproductor de podcasts en tu sitio web Jimdo. \u00a1Incorpora nuestra demostraci\u00f3n y crea tu widget sin esfuerzo!\" \/>\n<meta name=\"robots\" content=\"index, follow, max-snippet:-1, max-image-preview:large, max-video-preview:-1\" \/>\n<link rel=\"canonical\" href=\"https:\/\/elfsight.com\/es\/podcast-player-widget\/jimdo\/\" \/>\n<meta property=\"og:locale\" content=\"es_ES\" \/>\n<meta property=\"og:type\" content=\"article\" \/>\n<meta property=\"og:title\" content=\"Elfsight Podcast Player para el sitio web de Jimdo (f\u00e1cil y gratis)\" \/>\n<meta property=\"og:description\" content=\"Empieza a utilizar nuestra demo accesible e integra un reproductor de podcasts en tu sitio web Jimdo. \u00a1Incorpora nuestra demostraci\u00f3n y crea tu widget sin esfuerzo!\" \/>\n<meta property=\"og:url\" content=\"https:\/\/elfsight.com\/es\/podcast-player-widget\/jimdo\/\" \/>\n<meta property=\"og:site_name\" content=\"Elfsight ES\" \/>\n<meta property=\"article:modified_time\" content=\"2025-02-06T15:49:46+00:00\" \/>\n<meta name=\"twitter:card\" content=\"summary_large_image\" \/>\n<meta name=\"twitter:label1\" content=\"Tiempo de lectura\" \/>\n\t<meta name=\"twitter:data1\" content=\"2 minutos\" \/>\n<!-- \/ Yoast SEO plugin. -->","yoast_head_json":{"title":"Elfsight Podcast Player para el sitio web de Jimdo (f\u00e1cil y gratis)","description":"Empieza a utilizar nuestra demo accesible e integra un reproductor de podcasts en tu sitio web Jimdo. \u00a1Incorpora nuestra demostraci\u00f3n y crea tu widget sin esfuerzo!","robots":{"index":"index","follow":"follow","max-snippet":"max-snippet:-1","max-image-preview":"max-image-preview:large","max-video-preview":"max-video-preview:-1"},"canonical":"https:\/\/elfsight.com\/es\/podcast-player-widget\/jimdo\/","og_locale":"es_ES","og_type":"article","og_title":"Elfsight Podcast Player para el sitio web de Jimdo (f\u00e1cil y gratis)","og_description":"Empieza a utilizar nuestra demo accesible e integra un reproductor de podcasts en tu sitio web Jimdo. \u00a1Incorpora nuestra demostraci\u00f3n y crea tu widget sin esfuerzo!","og_url":"https:\/\/elfsight.com\/es\/podcast-player-widget\/jimdo\/","og_site_name":"Elfsight ES","article_modified_time":"2025-02-06T15:49:46+00:00","twitter_card":"summary_large_image","twitter_misc":{"Tiempo de lectura":"2 minutos"},"schema":{"@context":"https:\/\/schema.org","@graph":[{"@type":"WebPage","@id":"https:\/\/elfsight.com\/es\/podcast-player-widget\/jimdo\/","url":"https:\/\/elfsight.com\/es\/podcast-player-widget\/jimdo\/","name":"Elfsight Podcast Player para el sitio web de Jimdo (f\u00e1cil y gratis)","isPartOf":{"@id":"https:\/\/elfsight.com\/es\/#website"},"datePublished":"1970-01-01T00:00:00+00:00","dateModified":"2025-02-06T15:49:46+00:00","description":"Empieza a utilizar nuestra demo accesible e integra un reproductor de podcasts en tu sitio web Jimdo. \u00a1Incorpora nuestra demostraci\u00f3n y crea tu widget sin esfuerzo!","breadcrumb":{"@id":"https:\/\/elfsight.com\/es\/podcast-player-widget\/jimdo\/#breadcrumb"},"inLanguage":"es","potentialAction":[{"@type":"ReadAction","target":["https:\/\/elfsight.com\/es\/podcast-player-widget\/jimdo\/"]}]},{"@type":"BreadcrumbList","@id":"https:\/\/elfsight.com\/es\/podcast-player-widget\/jimdo\/#breadcrumb","itemListElement":[{"@type":"ListItem","position":1,"name":"Home","item":"https:\/\/elfsight.com\/es\/"},{"@type":"ListItem","position":2,"name":"Podcast Player","item":"https:\/\/elfsight.com\/es\/podcast-player-widget\/"},{"@type":"ListItem","position":3,"name":"Podcast Player &#8211; Jimdo"}]},{"@type":"WebSite","@id":"https:\/\/elfsight.com\/es\/#website","url":"https:\/\/elfsight.com\/es\/","name":"Elfsight ES","description":"Just another Elfsight Sites site","potentialAction":[{"@type":"SearchAction","target":{"@type":"EntryPoint","urlTemplate":"https:\/\/elfsight.com\/es\/?s={search_term_string}"},"query-input":{"@type":"PropertyValueSpecification","valueRequired":true,"valueName":"search_term_string"}}],"inLanguage":"es"}]}},"meta_box":{"industry":"","seo_heading":"","heading":"","description":"","cta_heading":"","cta_description":"","application":"1073","h1":"Reproductor de podcasts Jimdo","h1_caption":"Inserta un reproductor de podcasts directamente en tu sitio web, permitiendo a los usuarios escuchar tus episodios sin salir de la p\u00e1gina de tu sitio web Jimdo sin esfuerzo.","application_category":[],"applications_title":"","applications_request_title":"","applications_request_button_text":"","hero_text":"","hero_video":"","hero_video_schema_markup":"","selling_points_title":"","selling_points_caption":"","selling_points":[],"selling_points_cta_text":"","features_title":"","features":"","ed_cta_examples_text":"","ed_cta_examples_hidden":"","ed_cta_demo_text":"","ed_cta_demo_hidden":"","why_caption":"","why_editor_title":"","why_editor_text":"","why_team_title":"","why_team_text":"","why_service_title":"","why_service_text":"","template_catalog_visible":"","template_catalog_title":"","template_catalog_text":"","template_catalog_categories_visible":"","demo_title":"Crea tu widget de reproductor de podcasts","demo_caption":"\u00a1Configura tu Podcast Player y a\u00f1\u00e1delo a tu sitio web Jimdo gratis!","default_faq_hidden":"","app_template_category":[],"platform":"2198","template_public_id":"","codecanyon_url":"","codecanyon_item_id":"","codecanyon_price":"","pricing_caption":"","pricing_elfsight_apps_hide_column":"","pricing_elfsight_apps_url":"","pricing_codecanyon_price_caption":"","integration_category":[],"integration_request_title":"","integration_request_cta":"","integration_platform":"","integrations":[],"platform_category":[],"video_schema_markup":"","price":"desde $0 \/ mes","trial":"","benefits":[{"text":"Servicio de instalaci\u00f3n gratuito"},{"text":"Servicio al cliente eficaz"},{"text":"Garant\u00eda de devoluci\u00f3n de dinero de 14 d\u00edas"},{"text":"Actualizando constantemente"}],"button_url":"#demo","button_target_blank":"","button_nofollow":"","attributes":[{"name":"Instalaciones","content":"10,000 - 100,000"},{"name":"Sensible","content":"S\u00ed"},{"name":"Navegadores compatibles","content":"Firefox, Safari, Opera, Chrome, Edge"}],"tags":[],"tags_disable_links":"","hide_more_platforms":"","video_object":"","demo_hide_cta":"","demo_hide_cloud_options":"","pricing_title":"","pricing":[{"pricing_icon":"platform","pricing_title":"Elfsight Apps","pricing_title_caption":"Software independiente de la plataforma","pricing_price":"desde $0 \/ mes","pricing_price_caption":"comienza con un plan gratuito","pricing_benefits":[{"text":"Sitios web ilimitados"},{"text":"Atenci\u00f3n al cliente premium"},{"text":"Asistencia de instalaci\u00f3n gratuita"},{"text":"100% personalizable"}],"pricing_button_text":"A\u00f1adir al sitio web","pricing_button_url":"#demo"}],"related_apps_title":"","related_apps_hidden":"","author":"","image":[],"title":"","job":"","social_networks":[]},"_links":{"self":[{"href":"https:\/\/elfsight.com\/es\/wp-json\/wp\/v2\/pages\/7602","targetHints":{"allow":["GET"]}}],"collection":[{"href":"https:\/\/elfsight.com\/es\/wp-json\/wp\/v2\/pages"}],"about":[{"href":"https:\/\/elfsight.com\/es\/wp-json\/wp\/v2\/types\/page"}],"author":[{"embeddable":true,"href":"https:\/\/elfsight.com\/es\/wp-json\/wp\/v2\/users\/9"}],"replies":[{"embeddable":true,"href":"https:\/\/elfsight.com\/es\/wp-json\/wp\/v2\/comments?post=7602"}],"version-history":[{"count":2,"href":"https:\/\/elfsight.com\/es\/wp-json\/wp\/v2\/pages\/7602\/revisions"}],"predecessor-version":[{"id":18878,"href":"https:\/\/elfsight.com\/es\/wp-json\/wp\/v2\/pages\/7602\/revisions\/18878"}],"up":[{"embeddable":true,"href":"https:\/\/elfsight.com\/es\/wp-json\/wp\/v2\/pages\/1074"}],"wp:attachment":[{"href":"https:\/\/elfsight.com\/es\/wp-json\/wp\/v2\/media?parent=7602"}],"curies":[{"name":"wp","href":"https:\/\/api.w.org\/{rel}","templated":true}]}}