{"id":7597,"date":"1970-01-01T00:00:00","date_gmt":"1970-01-01T00:00:00","guid":{"rendered":"https:\/\/elfsight.com\/es\/?page_id=7597"},"modified":"2025-02-06T15:49:46","modified_gmt":"2025-02-06T15:49:46","slug":"iframe","status":"publish","type":"page","link":"https:\/\/elfsight.com\/es\/podcast-player-widget\/iframe\/","title":{"rendered":"Podcast Player &#8211; iFrame"},"content":{"rendered":"<div class=\"application-platform-content-item-description application-platform-content-item\" id=\"description\" data-nav-section=\"description\"> <h2>Incrustar Podcast Player en iFrame con el widget Elfsight<\/h2> <p>Elfsight Podcast Player es una herramienta sencilla para iFrame que le brinda la oportunidad de reproducir podcasts directamente en su sitio. El complemento es sumamente ajustable: puede alterar su ubicaci\u00f3n, colocarlo en cualquier lugar de la p\u00e1gina, cambiar su tama\u00f1o, cambiar el color del fondo y otros elementos para combinarlo con el dise\u00f1o de su sitio web, emplear una combinaci\u00f3n de colores oscuros, mostrar im\u00e1genes y mostrar u ocultar otros 3 componentes del reproductor como la barra de progreso y muchos m\u00e1s. Entretenga a sus usuarios, active la opci\u00f3n de reproducci\u00f3n autom\u00e1tica y no tenga dudas: \u00a1su audiencia no abandonar\u00e1 su p\u00e1gina de inicio inmediatamente! <\/p> <p><b>Deleite a sus usuarios brind\u00e1ndoles materiales \u00fatiles e interesantes utilizando Elfsight Podcast Player<\/b><\/p> <\/div> <div class=\"application-platform-content-item-features application-platform-content-item\" id=\"features\" data-nav-section=\"features\"> <h2>Las funciones clave del widget ofrecen<\/h2> <ul><li>Varias alteraciones de color. <\/li><li>Dos dise\u00f1os aplicables. <\/li><li>Una oportunidad para agregar una imagen de fondo. <\/li><li>Una cantidad ilimitada de pistas. <\/li><li>Una posibilidad de formar su combinaci\u00f3n de colores personalizada. <\/li><\/ul><p><a href=\"#demo\">Puedes explorar la funcionalidad completa del widget en la demostraci\u00f3n siguiente<\/a><\/p> <\/div> <div class=\"application-platform-content-item-installation application-platform-content-item\" id=\"installation\" data-nav-section=\"installation\"> <h2>\u00bfC\u00f3mo agrego Podcast Player en mi p\u00e1gina web iFrame? <\/h2> <p>Simplemente siga estos pasos que se presentan a continuaci\u00f3n para activar la herramienta. <\/p> <ol><li><b>Administre nuestra demostraci\u00f3n gratuita y comience a darle forma a su instrumento personalizado. <\/b><br> Encuentre el aspecto personalizado y los par\u00e1metros de la herramienta y guarde las modificaciones. <\/li> <li><b>Reciba el c\u00f3digo individual que aparece en el cuadro de Elfsight Apps. <\/b><br> Inmediatamente despu\u00e9s de completar la personalizaci\u00f3n de su complemento, copie el c\u00f3digo individual en la ventana emergente que aparece y gu\u00e1rdelo para su uso posterior. <\/li> <li><b>Comience a utilizar el complemento en su sitio web iFrame. <\/b><br> Inserta el c\u00f3digo que has copiado antes en tu p\u00e1gina de inicio y guarda las correcciones. <\/li> <li><b>La instalaci\u00f3n finaliz\u00f3 exitosamente. <\/b><br>Visite su sitio web para observar c\u00f3mo se ejecuta el complemento. <\/li><\/ol> <p>En caso de tener preguntas o encontrar algunas complicaciones, no dude en contactar con nuestro personal de atenci\u00f3n al cliente. Nuestra gente estar\u00e1 encantada de resolver todos los problemas que pueda tener con el complemento. <\/p> <div class=\"faq\" data-component=\"FAQ\"><div class=\"faq-item\">\r\n\t\t\t\t\t<div class=\"faq-item-question\">\r\n\t\t\t\t\t\t<h3 class=\"faq-item-question-text\">\u00bfC\u00f3mo puedo integrar un widget de Podcast Player en mi sitio web de Squarespace sin conocimientos de codificaci\u00f3n?<\/h3>\r\n\r\n\t\t\t\t\t\t<div class=\"faq-item-question-icon\"><\/div>\r\n\t\t\t\t\t<\/div>\r\n\r\n\t\t\t\t\t<div class=\"faq-item-answer\">\r\n\t\t\t\t\t\t<div class=\"faq-item-answer-text\"><p>Elfsight ofrece una soluci\u00f3n basada en la nube que permite a los usuarios generar un widget de Podcast Player por s\u00ed mismos. Descubra lo sencillo que es el proceso:<\/p><ul><li>Acceda al Editor en l\u00ednea para crear una secci\u00f3n del widget Podcast Player que desee insertar en su sitio de Squarespace.<\/li><li>Seleccione una de nuestras plantillas predise\u00f1adas y configure los ajustes del widget Podcast Player, adapte el dise\u00f1o y la combinaci\u00f3n de colores, incorpore su contenido sin ning\u00fan requisito de codificaci\u00f3n.<\/li><li>Conserve la configuraci\u00f3n que ha ajustado para el widget Podcast Player y adquiera el fragmento de c\u00f3digo para incrustarlo, que puede se puede insertar f\u00e1cilmente en su sitio de Squarespace sin costo alguno.<\/li><\/ul><p>Al utilizar el editor f\u00e1cil de usar, cualquier usuario de Internet puede crear una secci\u00f3n de widgets de Podcast Player y agregarla a su sitio web de Squarespace. No es necesario realizar ning\u00fan pago ni compartir los datos de su tarjeta de cr\u00e9dito para acceder al Editor de Elfsight. Si encuentra alg\u00fan desaf\u00edo en cualquier etapa, no dude en comunicarse con nuestro servicio de atenci\u00f3n al cliente para obtener ayuda.<\/p><\/div>\r\n\t\t\t\t\t<\/div>\r\n\t\t\t\t<\/div><\/div><\/div>","protected":false},"excerpt":{"rendered":"","protected":false},"author":9,"featured_media":0,"parent":1074,"menu_order":0,"comment_status":"closed","ping_status":"closed","template":"templates\/template-application-platform.php","meta":{"publish_to_discourse":"","publish_post_category":"","wpdc_auto_publish_overridden":"","wpdc_topic_tags":"","wpdc_pin_topic":"","wpdc_pin_until":"","discourse_post_id":"","discourse_permalink":"","wpdc_publishing_response":"","wpdc_publishing_error":"","footnotes":""},"class_list":["post-7597","page","type-page","status-publish","hentry"],"yoast_head":"<!-- This site is optimized with the Yoast SEO plugin v25.3.1 - https:\/\/yoast.com\/wordpress\/plugins\/seo\/ -->\n<title>Elfsight Podcast Player para el sitio web iFrame (f\u00e1cil y gratuito)<\/title>\n<meta name=\"description\" content=\"Utilice nuestra demostraci\u00f3n manejable e integre un reproductor de podcasts responsivo en su p\u00e1gina de inicio de iFrame. Utilice nuestra \u00fatil demostraci\u00f3n y cree su widget personalizado sin esfuerzo.\" \/>\n<meta name=\"robots\" content=\"index, follow, max-snippet:-1, max-image-preview:large, max-video-preview:-1\" \/>\n<link rel=\"canonical\" href=\"https:\/\/elfsight.com\/es\/podcast-player-widget\/iframe\/\" \/>\n<meta property=\"og:locale\" content=\"es_ES\" \/>\n<meta property=\"og:type\" content=\"article\" \/>\n<meta property=\"og:title\" content=\"Elfsight Podcast Player para el sitio web iFrame (f\u00e1cil y gratuito)\" \/>\n<meta property=\"og:description\" content=\"Utilice nuestra demostraci\u00f3n manejable e integre un reproductor de podcasts responsivo en su p\u00e1gina de inicio de iFrame. Utilice nuestra \u00fatil demostraci\u00f3n y cree su widget personalizado sin esfuerzo.\" \/>\n<meta property=\"og:url\" content=\"https:\/\/elfsight.com\/es\/podcast-player-widget\/iframe\/\" \/>\n<meta property=\"og:site_name\" content=\"Elfsight ES\" \/>\n<meta property=\"article:modified_time\" content=\"2025-02-06T15:49:46+00:00\" \/>\n<meta name=\"twitter:card\" content=\"summary_large_image\" \/>\n<meta name=\"twitter:label1\" content=\"Tiempo de lectura\" \/>\n\t<meta name=\"twitter:data1\" content=\"3 minutos\" \/>\n<!-- \/ Yoast SEO plugin. -->","yoast_head_json":{"title":"Elfsight Podcast Player para el sitio web iFrame (f\u00e1cil y gratuito)","description":"Utilice nuestra demostraci\u00f3n manejable e integre un reproductor de podcasts responsivo en su p\u00e1gina de inicio de iFrame. Utilice nuestra \u00fatil demostraci\u00f3n y cree su widget personalizado sin esfuerzo.","robots":{"index":"index","follow":"follow","max-snippet":"max-snippet:-1","max-image-preview":"max-image-preview:large","max-video-preview":"max-video-preview:-1"},"canonical":"https:\/\/elfsight.com\/es\/podcast-player-widget\/iframe\/","og_locale":"es_ES","og_type":"article","og_title":"Elfsight Podcast Player para el sitio web iFrame (f\u00e1cil y gratuito)","og_description":"Utilice nuestra demostraci\u00f3n manejable e integre un reproductor de podcasts responsivo en su p\u00e1gina de inicio de iFrame. Utilice nuestra \u00fatil demostraci\u00f3n y cree su widget personalizado sin esfuerzo.","og_url":"https:\/\/elfsight.com\/es\/podcast-player-widget\/iframe\/","og_site_name":"Elfsight ES","article_modified_time":"2025-02-06T15:49:46+00:00","twitter_card":"summary_large_image","twitter_misc":{"Tiempo de lectura":"3 minutos"},"schema":{"@context":"https:\/\/schema.org","@graph":[{"@type":"WebPage","@id":"https:\/\/elfsight.com\/es\/podcast-player-widget\/iframe\/","url":"https:\/\/elfsight.com\/es\/podcast-player-widget\/iframe\/","name":"Elfsight Podcast Player para el sitio web iFrame (f\u00e1cil y gratuito)","isPartOf":{"@id":"https:\/\/elfsight.com\/es\/#website"},"datePublished":"1970-01-01T00:00:00+00:00","dateModified":"2025-02-06T15:49:46+00:00","description":"Utilice nuestra demostraci\u00f3n manejable e integre un reproductor de podcasts responsivo en su p\u00e1gina de inicio de iFrame. Utilice nuestra \u00fatil demostraci\u00f3n y cree su widget personalizado sin esfuerzo.","breadcrumb":{"@id":"https:\/\/elfsight.com\/es\/podcast-player-widget\/iframe\/#breadcrumb"},"inLanguage":"es","potentialAction":[{"@type":"ReadAction","target":["https:\/\/elfsight.com\/es\/podcast-player-widget\/iframe\/"]}]},{"@type":"BreadcrumbList","@id":"https:\/\/elfsight.com\/es\/podcast-player-widget\/iframe\/#breadcrumb","itemListElement":[{"@type":"ListItem","position":1,"name":"Home","item":"https:\/\/elfsight.com\/es\/"},{"@type":"ListItem","position":2,"name":"Podcast Player","item":"https:\/\/elfsight.com\/es\/podcast-player-widget\/"},{"@type":"ListItem","position":3,"name":"Podcast Player &#8211; iFrame"}]},{"@type":"WebSite","@id":"https:\/\/elfsight.com\/es\/#website","url":"https:\/\/elfsight.com\/es\/","name":"Elfsight ES","description":"Just another Elfsight Sites site","potentialAction":[{"@type":"SearchAction","target":{"@type":"EntryPoint","urlTemplate":"https:\/\/elfsight.com\/es\/?s={search_term_string}"},"query-input":{"@type":"PropertyValueSpecification","valueRequired":true,"valueName":"search_term_string"}}],"inLanguage":"es"}]}},"meta_box":{"industry":"","seo_heading":"","heading":"","description":"","cta_heading":"","cta_description":"","application":"1073","h1":"Reproductor de podcasts iFrame","h1_caption":"Incorpore un reproductor de podcasts directamente en su sitio web, lo que permitir\u00e1 a los usuarios escuchar sus episodios sin salir de la p\u00e1gina de su sitio web iFrame sin esfuerzo.","application_category":[],"applications_title":"","applications_request_title":"","applications_request_button_text":"","hero_text":"","hero_video":"","hero_video_schema_markup":"","selling_points_title":"","selling_points_caption":"","selling_points":[],"selling_points_cta_text":"","features_title":"","features":"","ed_cta_examples_text":"","ed_cta_examples_hidden":"","ed_cta_demo_text":"","ed_cta_demo_hidden":"","why_caption":"","why_editor_title":"","why_editor_text":"","why_team_title":"","why_team_text":"","why_service_title":"","why_service_text":"","template_catalog_visible":"","template_catalog_title":"","template_catalog_text":"","template_catalog_categories_visible":"","demo_title":"Crea tu widget de reproductor de podcasts","demo_caption":"\u00a1Configure su Podcast Player y agr\u00e9guelo a su sitio web iFrame gratis!","default_faq_hidden":"","app_template_category":[],"platform":"2192","template_public_id":"","codecanyon_url":"","codecanyon_item_id":"","codecanyon_price":"","pricing_caption":"","pricing_elfsight_apps_hide_column":"","pricing_elfsight_apps_url":"","pricing_codecanyon_price_caption":"","integration_category":[],"integration_request_title":"","integration_request_cta":"","integration_platform":"","integrations":[],"platform_category":[],"video_schema_markup":"","price":"desde $0 \/ mes","trial":"","benefits":[{"text":"Asistencia de instalaci\u00f3n gratuita"},{"text":"Soporte excepcional"},{"text":"Garant\u00eda de devoluci\u00f3n de dinero de 14 d\u00edas"},{"text":"Actualizaciones gratuitas continuas"}],"button_url":"#demo","button_target_blank":"","button_nofollow":"","attributes":[{"name":"Instalaciones","content":"10,000 - 100,000"},{"name":"Sensible","content":"S\u00ed"},{"name":"Navegadores compatibles","content":"Firefox, Opera, Chrome, Edge, Safari"}],"tags":[],"tags_disable_links":"","hide_more_platforms":"","video_object":"","demo_hide_cta":"","demo_hide_cloud_options":"","pricing_title":"","pricing":[{"pricing_icon":"platform","pricing_title":"Elfsight Apps","pricing_title_caption":"Soluci\u00f3n digital multiplataforma que se adapta a cada sitio","pricing_price":"desde $0 \/ mes","pricing_price_caption":"comienza con el plan gratuito","pricing_benefits":[{"text":"Dominios ilimitados"},{"text":"Soporte gratuito"},{"text":"Ayuda de instalaci\u00f3n gratuita"},{"text":"Oferta especial para m\u00faltiples aplicaciones."}],"pricing_button_text":"A\u00f1adir al sitio web","pricing_button_url":"#demo"}],"related_apps_title":"","related_apps_hidden":"","author":"","image":[],"title":"","job":"","social_networks":[]},"_links":{"self":[{"href":"https:\/\/elfsight.com\/es\/wp-json\/wp\/v2\/pages\/7597","targetHints":{"allow":["GET"]}}],"collection":[{"href":"https:\/\/elfsight.com\/es\/wp-json\/wp\/v2\/pages"}],"about":[{"href":"https:\/\/elfsight.com\/es\/wp-json\/wp\/v2\/types\/page"}],"author":[{"embeddable":true,"href":"https:\/\/elfsight.com\/es\/wp-json\/wp\/v2\/users\/9"}],"replies":[{"embeddable":true,"href":"https:\/\/elfsight.com\/es\/wp-json\/wp\/v2\/comments?post=7597"}],"version-history":[{"count":2,"href":"https:\/\/elfsight.com\/es\/wp-json\/wp\/v2\/pages\/7597\/revisions"}],"predecessor-version":[{"id":18879,"href":"https:\/\/elfsight.com\/es\/wp-json\/wp\/v2\/pages\/7597\/revisions\/18879"}],"up":[{"embeddable":true,"href":"https:\/\/elfsight.com\/es\/wp-json\/wp\/v2\/pages\/1074"}],"wp:attachment":[{"href":"https:\/\/elfsight.com\/es\/wp-json\/wp\/v2\/media?parent=7597"}],"curies":[{"name":"wp","href":"https:\/\/api.w.org\/{rel}","templated":true}]}}