{"id":7594,"date":"1970-01-01T00:00:00","date_gmt":"1970-01-01T00:00:00","guid":{"rendered":"https:\/\/elfsight.com\/es\/?page_id=7594"},"modified":"2025-02-06T15:49:54","modified_gmt":"2025-02-06T15:49:54","slug":"godaddy","status":"publish","type":"page","link":"https:\/\/elfsight.com\/es\/podcast-player-widget\/godaddy\/","title":{"rendered":"Podcast Player &#8211; GoDaddy"},"content":{"rendered":"<div class=\"application-platform-content-item-description application-platform-content-item\" id=\"description\" data-nav-section=\"description\"> <h2>Integre Podcast Player en GoDaddy con el widget Elfsight<\/h2> <p>Elfsight Podcast Player es una herramienta sencilla que le permite reproducir podcasts directamente en su sitio. El complemento es enormemente personalizable: eres libre de alterar su posici\u00f3n, insertarlo en cualquier lugar de la p\u00e1gina, alterar su tama\u00f1o, cambiar el color del fondo y otras partes para combinarlo con el dise\u00f1o de tu sitio web, aplicar un tema oscuro, mostrar portadas y mostrar u ocultar otros tres detalles del reproductor, por ejemplo la barra de progreso y muchos m\u00e1s. Entretenga a sus usuarios, active la opci\u00f3n de reproducci\u00f3n autom\u00e1tica y no lo dude: \u00a1sus visitantes no abandonar\u00e1n su sitio inmediatamente! <\/p> <p><b>Involucre a su audiencia proporcion\u00e1ndoles materiales \u00fatiles y entretenidos aplicando Elfsight Podcast Player<\/b><\/p> <\/div> <div class=\"application-platform-content-item-features application-platform-content-item\" id=\"features\" data-nav-section=\"features\"> <h2>A continuaci\u00f3n se detallan las caracter\u00edsticas fundamentales del complemento: <\/h2> <ul><li>Varias alteraciones de color. <\/li><li>Dos dise\u00f1os disponibles. <\/li><li>Una opci\u00f3n para agregar una imagen de fondo. <\/li><li>Una cantidad infinita de pistas. <\/li><li>Una posibilidad de dar forma a tu combinaci\u00f3n de colores personalizada. <\/li><\/ul><p><a href=\"#demo\">Explore todas las funciones de personalizaci\u00f3n en una demostraci\u00f3n completa<\/a><\/p> <\/div> <div class=\"application-platform-content-item-installation application-platform-content-item\" id=\"installation\" data-nav-section=\"installation\"> <h2>\u00bfC\u00f3mo agrego Podcast Player en mi sitio web de GoDaddy? <\/h2> <p>Simplemente siga los siguientes pasos que se detallan a continuaci\u00f3n para insertar el complemento. <\/p> <ol><li><b>Utilice nuestra demostraci\u00f3n gratuita y comience a crear su complemento personalizado. <\/b><br> Especifique la forma preferible y los rasgos funcionales de la herramienta y aplique las modificaciones. <\/li> <li><b>Adquiera su c\u00f3digo personal que se muestra en la ventana de Elfsight Apps. <\/b><br> Una vez finalizada la configuraci\u00f3n de su herramienta, copie el c\u00f3digo exclusivo de la ventana que aparece y gu\u00e1rdelo para futuras ocasiones. <\/li> <li><b>Inicie el uso del complemento en la p\u00e1gina web de GoDaddy. <\/b><br> A\u00f1ade el c\u00f3digo que has guardado recientemente en tu p\u00e1gina web y aplica las correcciones. <\/li> <li><b>\u00a1Ya terminaste! La integraci\u00f3n se realiza por completo. <\/b><br> Vaya a su sitio para revisar c\u00f3mo se est\u00e1 ejecutando el complemento. <\/li><\/ol> <p>Si tiene alguna pregunta o encuentra alg\u00fan obst\u00e1culo, comun\u00edquese con nuestro equipo de atenci\u00f3n al cliente. Nuestra gente est\u00e1 ansiosa por ayudarte con todas las dudas que puedas tener con la herramienta. <\/p><div class=\"faq\" data-component=\"FAQ\"><div class=\"faq-item\">\r\n\t\t\t\t\t<div class=\"faq-item-question\">\r\n\t\t\t\t\t\t<h3 class=\"faq-item-question-text\">\u00bfC\u00f3mo puedo insertar el complemento GoDaddy Podcast Player en mi sitio web sin conocimientos de codificaci\u00f3n?<\/h3>\r\n\r\n\t\t\t\t\t\t<div class=\"faq-item-question-icon\"><\/div>\r\n\t\t\t\t\t<\/div>\r\n\r\n\t\t\t\t\t<div class=\"faq-item-answer\">\r\n\t\t\t\t\t\t<div class=\"faq-item-answer-text\"><p>Elfsight ofrece una soluci\u00f3n basada en la nube que permite a los usuarios generar un complemento GoDaddy Podcast Player por s\u00ed mismos. Sea testigo de lo simple que puede ser el proceso:<\/p><ul><li>Acceda al editor en l\u00ednea para crear una secci\u00f3n del complemento GoDaddy Podcast Player que desee integrar en su sitio web.<\/li><li>Seleccione una de nuestras plantillas predise\u00f1adas y personalice la configuraci\u00f3n del complemento GoDaddy Podcast Player, modifique el dise\u00f1o y la combinaci\u00f3n de colores, incluya su contenido sin necesidad de codificaci\u00f3n.<\/li><li>Conserve las configuraciones que configur\u00f3 para el complemento GoDaddy Podcast Player y obtenga el c\u00f3digo para incrustaci\u00f3n, que se puede incorporar f\u00e1cilmente a su sitio web sin costo alguno.<\/li><\/ul><p>Al trabajar en el editor f\u00e1cil de usar, cualquier usuario de Internet puede crear una secci\u00f3n de complemento de GoDaddy Podcast Player e incrustarla en su sitio web. No es necesario realizar ning\u00fan pago ni revelar la informaci\u00f3n de su tarjeta para acceder al Editor de Elfsight. Si encuentra alguna dificultad en cualquier etapa, no dude en comunicarse con nuestro servicio de atenci\u00f3n al cliente.<\/p><\/div>\r\n\t\t\t\t\t<\/div>\r\n\t\t\t\t<\/div><\/div> <\/div>","protected":false},"excerpt":{"rendered":"","protected":false},"author":9,"featured_media":0,"parent":1074,"menu_order":0,"comment_status":"closed","ping_status":"closed","template":"templates\/template-application-platform.php","meta":{"publish_to_discourse":"","publish_post_category":"","wpdc_auto_publish_overridden":"","wpdc_topic_tags":"","wpdc_pin_topic":"","wpdc_pin_until":"","discourse_post_id":"","discourse_permalink":"","wpdc_publishing_response":"","wpdc_publishing_error":"","footnotes":""},"class_list":["post-7594","page","type-page","status-publish","hentry"],"yoast_head":"<!-- This site is optimized with the Yoast SEO plugin v25.3.1 - https:\/\/yoast.com\/wordpress\/plugins\/seo\/ -->\n<title>Complemento Podcast Player: agregue el complemento Podcast Player al sitio web de GoDaddy.<\/title>\n<meta name=\"description\" content=\"Aplique nuestra demostraci\u00f3n manejable e incruste un complemento Podcast Player responsivo en su p\u00e1gina web de GoDaddy con unos pocos clics.\" \/>\n<meta name=\"robots\" content=\"index, follow, max-snippet:-1, max-image-preview:large, max-video-preview:-1\" \/>\n<link rel=\"canonical\" href=\"https:\/\/elfsight.com\/es\/podcast-player-widget\/godaddy\/\" \/>\n<meta property=\"og:locale\" content=\"es_ES\" \/>\n<meta property=\"og:type\" content=\"article\" \/>\n<meta property=\"og:title\" content=\"Complemento Podcast Player: agregue el complemento Podcast Player al sitio web de GoDaddy.\" \/>\n<meta property=\"og:description\" content=\"Aplique nuestra demostraci\u00f3n manejable e incruste un complemento Podcast Player responsivo en su p\u00e1gina web de GoDaddy con unos pocos clics.\" \/>\n<meta property=\"og:url\" content=\"https:\/\/elfsight.com\/es\/podcast-player-widget\/godaddy\/\" \/>\n<meta property=\"og:site_name\" content=\"Elfsight ES\" \/>\n<meta property=\"article:modified_time\" content=\"2025-02-06T15:49:54+00:00\" \/>\n<meta name=\"twitter:card\" content=\"summary_large_image\" \/>\n<meta name=\"twitter:label1\" content=\"Tiempo de lectura\" \/>\n\t<meta name=\"twitter:data1\" content=\"3 minutos\" \/>\n<!-- \/ Yoast SEO plugin. -->","yoast_head_json":{"title":"Complemento Podcast Player: agregue el complemento Podcast Player al sitio web de GoDaddy.","description":"Aplique nuestra demostraci\u00f3n manejable e incruste un complemento Podcast Player responsivo en su p\u00e1gina web de GoDaddy con unos pocos clics.","robots":{"index":"index","follow":"follow","max-snippet":"max-snippet:-1","max-image-preview":"max-image-preview:large","max-video-preview":"max-video-preview:-1"},"canonical":"https:\/\/elfsight.com\/es\/podcast-player-widget\/godaddy\/","og_locale":"es_ES","og_type":"article","og_title":"Complemento Podcast Player: agregue el complemento Podcast Player al sitio web de GoDaddy.","og_description":"Aplique nuestra demostraci\u00f3n manejable e incruste un complemento Podcast Player responsivo en su p\u00e1gina web de GoDaddy con unos pocos clics.","og_url":"https:\/\/elfsight.com\/es\/podcast-player-widget\/godaddy\/","og_site_name":"Elfsight ES","article_modified_time":"2025-02-06T15:49:54+00:00","twitter_card":"summary_large_image","twitter_misc":{"Tiempo de lectura":"3 minutos"},"schema":{"@context":"https:\/\/schema.org","@graph":[{"@type":"WebPage","@id":"https:\/\/elfsight.com\/es\/podcast-player-widget\/godaddy\/","url":"https:\/\/elfsight.com\/es\/podcast-player-widget\/godaddy\/","name":"Complemento Podcast Player: agregue el complemento Podcast Player al sitio web de GoDaddy.","isPartOf":{"@id":"https:\/\/elfsight.com\/es\/#website"},"datePublished":"1970-01-01T00:00:00+00:00","dateModified":"2025-02-06T15:49:54+00:00","description":"Aplique nuestra demostraci\u00f3n manejable e incruste un complemento Podcast Player responsivo en su p\u00e1gina web de GoDaddy con unos pocos clics.","breadcrumb":{"@id":"https:\/\/elfsight.com\/es\/podcast-player-widget\/godaddy\/#breadcrumb"},"inLanguage":"es","potentialAction":[{"@type":"ReadAction","target":["https:\/\/elfsight.com\/es\/podcast-player-widget\/godaddy\/"]}]},{"@type":"BreadcrumbList","@id":"https:\/\/elfsight.com\/es\/podcast-player-widget\/godaddy\/#breadcrumb","itemListElement":[{"@type":"ListItem","position":1,"name":"Home","item":"https:\/\/elfsight.com\/es\/"},{"@type":"ListItem","position":2,"name":"Podcast Player","item":"https:\/\/elfsight.com\/es\/podcast-player-widget\/"},{"@type":"ListItem","position":3,"name":"Podcast Player &#8211; GoDaddy"}]},{"@type":"WebSite","@id":"https:\/\/elfsight.com\/es\/#website","url":"https:\/\/elfsight.com\/es\/","name":"Elfsight ES","description":"Just another Elfsight Sites site","potentialAction":[{"@type":"SearchAction","target":{"@type":"EntryPoint","urlTemplate":"https:\/\/elfsight.com\/es\/?s={search_term_string}"},"query-input":{"@type":"PropertyValueSpecification","valueRequired":true,"valueName":"search_term_string"}}],"inLanguage":"es"}]}},"meta_box":{"industry":"","seo_heading":"","heading":"","description":"","cta_heading":"","cta_description":"","application":"1073","h1":"Complemento del reproductor de podcasts de GoDaddy","h1_caption":"Inserte un reproductor de podcasts directamente en su sitio web, lo que permitir\u00e1 a los usuarios escuchar sus episodios sin salir de la p\u00e1gina de su sitio web de GoDaddy sin esfuerzo.","application_category":[],"applications_title":"","applications_request_title":"","applications_request_button_text":"","hero_text":"","hero_video":"","hero_video_schema_markup":"","selling_points_title":"","selling_points_caption":"","selling_points":[],"selling_points_cta_text":"","features_title":"","features":"","ed_cta_examples_text":"","ed_cta_examples_hidden":"","ed_cta_demo_text":"","ed_cta_demo_hidden":"","why_caption":"","why_editor_title":"","why_editor_text":"","why_team_title":"","why_team_text":"","why_service_title":"","why_service_text":"","template_catalog_visible":"","template_catalog_title":"","template_catalog_text":"","template_catalog_categories_visible":"","demo_title":"Crea tu complemento de reproductor de podcasts","demo_caption":"\u00a1Configura tu Podcast Player y agr\u00e9galo a tu sitio web de GoDaddy gratis!","default_faq_hidden":"","app_template_category":[],"platform":"2183","template_public_id":"","codecanyon_url":"","codecanyon_item_id":"","codecanyon_price":"","pricing_caption":"","pricing_elfsight_apps_hide_column":"","pricing_elfsight_apps_url":"","pricing_codecanyon_price_caption":"","integration_category":[],"integration_request_title":"","integration_request_cta":"","integration_platform":"","integrations":[],"platform_category":[],"video_schema_markup":"","price":"desde $0 \/ mes","trial":"","benefits":[{"text":"Ayuda de instalaci\u00f3n gratuita"},{"text":"Atenci\u00f3n al cliente experimentada"},{"text":"Garant\u00eda de devoluci\u00f3n de dinero de 14 d\u00edas"},{"text":"Actualizando constantemente"}],"button_url":"#demo","button_target_blank":"","button_nofollow":"","attributes":[{"name":"Instalaciones","content":"10,000 - 100,000"},{"name":"Sensible","content":"S\u00ed"},{"name":"Navegadores compatibles","content":"IE11, Firefox, Safari, Opera, Chrome, Edge"}],"tags":[],"tags_disable_links":"","hide_more_platforms":"","video_object":"","demo_hide_cta":"","demo_hide_cloud_options":"","pricing_title":"","pricing":[{"pricing_icon":"platform","pricing_title":"Elfsight Apps","pricing_title_caption":"Soluci\u00f3n multiplataforma que se adapta a cualquier sitio.","pricing_price":"desde $0 \/ mes","pricing_price_caption":"comienza con el plan gratuito","pricing_benefits":[{"text":"Dominios ilimitados"},{"text":"Soporte gratuito"},{"text":"Soporte de instalaci\u00f3n gratuito"},{"text":"100% personalizable"}],"pricing_button_text":"A\u00f1adir al sitio web","pricing_button_url":"#demo"}],"related_apps_title":"","related_apps_hidden":"","author":"","image":[],"title":"","job":"","social_networks":[]},"_links":{"self":[{"href":"https:\/\/elfsight.com\/es\/wp-json\/wp\/v2\/pages\/7594","targetHints":{"allow":["GET"]}}],"collection":[{"href":"https:\/\/elfsight.com\/es\/wp-json\/wp\/v2\/pages"}],"about":[{"href":"https:\/\/elfsight.com\/es\/wp-json\/wp\/v2\/types\/page"}],"author":[{"embeddable":true,"href":"https:\/\/elfsight.com\/es\/wp-json\/wp\/v2\/users\/9"}],"replies":[{"embeddable":true,"href":"https:\/\/elfsight.com\/es\/wp-json\/wp\/v2\/comments?post=7594"}],"version-history":[{"count":2,"href":"https:\/\/elfsight.com\/es\/wp-json\/wp\/v2\/pages\/7594\/revisions"}],"predecessor-version":[{"id":18882,"href":"https:\/\/elfsight.com\/es\/wp-json\/wp\/v2\/pages\/7594\/revisions\/18882"}],"up":[{"embeddable":true,"href":"https:\/\/elfsight.com\/es\/wp-json\/wp\/v2\/pages\/1074"}],"wp:attachment":[{"href":"https:\/\/elfsight.com\/es\/wp-json\/wp\/v2\/media?parent=7594"}],"curies":[{"name":"wp","href":"https:\/\/api.w.org\/{rel}","templated":true}]}}