{"id":7589,"date":"1970-01-01T00:00:00","date_gmt":"1970-01-01T00:00:00","guid":{"rendered":"https:\/\/elfsight.com\/es\/?page_id=7589"},"modified":"2025-02-06T15:49:54","modified_gmt":"2025-02-06T15:49:54","slug":"facebook","status":"publish","type":"page","link":"https:\/\/elfsight.com\/es\/podcast-player-widget\/facebook\/","title":{"rendered":"Podcast Player &#8211; Facebook"},"content":{"rendered":"<div class=\"application-platform-content-item-description application-platform-content-item\" id=\"description\" data-nav-section=\"description\"> <h2>Descripci\u00f3n<\/h2> <p>Elfsight Podcast Player es un widget sencillo para Facebook que le permite reproducir podcasts directamente en las p\u00e1ginas de su sitio web. La herramienta es totalmente modificable: eres libre de alterar su posici\u00f3n, insertarla en cualquier lugar de la p\u00e1gina, cambiar su tama\u00f1o, cambiar el fondo y todas las dem\u00e1s partes para combinarlo con el estilo de tu sitio web, usar tema oscuro, mostrar portadas y mostrar u ocultar otras tres partes del reproductor, por ejemplo la barra de progreso y otras. Entretenga a su audiencia, active la reproducci\u00f3n autom\u00e1tica y no tenga dudas: \u00a1sus visitantes no abandonar\u00e1n su sitio web inmediatamente! <\/p> <p><b>Fascine a su audiencia equip\u00e1ndola con materiales pr\u00e1cticos y entretenidos utilizando Elfsight Podcast Player<\/b><\/p> <\/div> <div class=\"application-platform-content-item-features application-platform-content-item\" id=\"features\" data-nav-section=\"features\"> <h2>Ofrecemos funciones valiosas y sencillas, vea algunas de ellas: <\/h2> <ul><li>Variaciones de color ilimitadas. <\/li><li>Dos dise\u00f1os listos para usar. <\/li><li>Una opci\u00f3n para agregar una imagen de fondo. <\/li><li>Una cantidad ilimitada de pistas. <\/li><li>Una opci\u00f3n para crear tu tema de color personalizado. <\/li><\/ul><p><a href=\"#demo\">Puedes ver lo que vale la pena probar con la demostraci\u00f3n<\/a><\/p> <\/div> <div class=\"application-platform-content-item-installation application-platform-content-item\" id=\"installation\" data-nav-section=\"installation\"> <h2>\u00bfC\u00f3mo agregar Podcast Player a mi sitio de Facebook? <\/h2> <p>Simplemente siga las pautas a continuaci\u00f3n para integrar el widget. <\/p> <ol><li><b>Lanza nuestra demostraci\u00f3n gratuita y comienza a crear tu widget personalizado. <\/b><br> Especifique la interfaz personalizada y los par\u00e1metros de la herramienta y aplique las correcciones. <\/li> <li><b>Reciba su c\u00f3digo \u00fanico revelado en la ventana de Elfsight Apps. <\/b><br> Una vez finalizada la configuraci\u00f3n de su herramienta personal, copie el c\u00f3digo exclusivo en el cuadro que aparece y gu\u00e1rdelo para su uso posterior. <\/li> <li><b>Comience a usar el widget en la p\u00e1gina de inicio de Facebook. <\/b><br>Coloca el c\u00f3digo que has guardado recientemente en tu p\u00e1gina y aplica las modificaciones. <\/li> <li><b>\u00a1Ya terminaste! La configuraci\u00f3n finaliz\u00f3 exitosamente. <\/b><br> Visite su sitio para examinar el funcionamiento del widget. <\/li><\/ol> <p>Si encuentra alg\u00fan obst\u00e1culo, escriba a nuestro equipo de soporte. Nuestra gente estar\u00e1 encantada de resolver todas las dificultades que puedas tener con el complemento. <\/p> <\/div>","protected":false},"excerpt":{"rendered":"","protected":false},"author":9,"featured_media":0,"parent":1074,"menu_order":0,"comment_status":"closed","ping_status":"closed","template":"templates\/template-application-platform.php","meta":{"publish_to_discourse":"","publish_post_category":"","wpdc_auto_publish_overridden":"","wpdc_topic_tags":"","wpdc_pin_topic":"","wpdc_pin_until":"","discourse_post_id":"","discourse_permalink":"","wpdc_publishing_response":"","wpdc_publishing_error":"","footnotes":""},"class_list":["post-7589","page","type-page","status-publish","hentry"],"yoast_head":"<!-- This site is optimized with the Yoast SEO plugin v25.3.1 - https:\/\/yoast.com\/wordpress\/plugins\/seo\/ -->\n<title>Elfsight Podcast Player para la p\u00e1gina de Facebook (gratis y f\u00e1cil)<\/title>\n<meta name=\"description\" content=\"Aplique nuestra demostraci\u00f3n accesible e introduzca un reproductor de podcasts responsivo en su p\u00e1gina de inicio de Facebook. Utilice nuestra pr\u00e1ctica demostraci\u00f3n y d\u00e9 forma a su widget personalizado sin esfuerzo.\" \/>\n<meta name=\"robots\" content=\"index, follow, max-snippet:-1, max-image-preview:large, max-video-preview:-1\" \/>\n<link rel=\"canonical\" href=\"https:\/\/elfsight.com\/es\/podcast-player-widget\/facebook\/\" \/>\n<meta property=\"og:locale\" content=\"es_ES\" \/>\n<meta property=\"og:type\" content=\"article\" \/>\n<meta property=\"og:title\" content=\"Elfsight Podcast Player para la p\u00e1gina de Facebook (gratis y f\u00e1cil)\" \/>\n<meta property=\"og:description\" content=\"Aplique nuestra demostraci\u00f3n accesible e introduzca un reproductor de podcasts responsivo en su p\u00e1gina de inicio de Facebook. Utilice nuestra pr\u00e1ctica demostraci\u00f3n y d\u00e9 forma a su widget personalizado sin esfuerzo.\" \/>\n<meta property=\"og:url\" content=\"https:\/\/elfsight.com\/es\/podcast-player-widget\/facebook\/\" \/>\n<meta property=\"og:site_name\" content=\"Elfsight ES\" \/>\n<meta property=\"article:modified_time\" content=\"2025-02-06T15:49:54+00:00\" \/>\n<meta name=\"twitter:card\" content=\"summary_large_image\" \/>\n<meta name=\"twitter:label1\" content=\"Tiempo de lectura\" \/>\n\t<meta name=\"twitter:data1\" content=\"2 minutos\" \/>\n<!-- \/ Yoast SEO plugin. -->","yoast_head_json":{"title":"Elfsight Podcast Player para la p\u00e1gina de Facebook (gratis y f\u00e1cil)","description":"Aplique nuestra demostraci\u00f3n accesible e introduzca un reproductor de podcasts responsivo en su p\u00e1gina de inicio de Facebook. Utilice nuestra pr\u00e1ctica demostraci\u00f3n y d\u00e9 forma a su widget personalizado sin esfuerzo.","robots":{"index":"index","follow":"follow","max-snippet":"max-snippet:-1","max-image-preview":"max-image-preview:large","max-video-preview":"max-video-preview:-1"},"canonical":"https:\/\/elfsight.com\/es\/podcast-player-widget\/facebook\/","og_locale":"es_ES","og_type":"article","og_title":"Elfsight Podcast Player para la p\u00e1gina de Facebook (gratis y f\u00e1cil)","og_description":"Aplique nuestra demostraci\u00f3n accesible e introduzca un reproductor de podcasts responsivo en su p\u00e1gina de inicio de Facebook. Utilice nuestra pr\u00e1ctica demostraci\u00f3n y d\u00e9 forma a su widget personalizado sin esfuerzo.","og_url":"https:\/\/elfsight.com\/es\/podcast-player-widget\/facebook\/","og_site_name":"Elfsight ES","article_modified_time":"2025-02-06T15:49:54+00:00","twitter_card":"summary_large_image","twitter_misc":{"Tiempo de lectura":"2 minutos"},"schema":{"@context":"https:\/\/schema.org","@graph":[{"@type":"WebPage","@id":"https:\/\/elfsight.com\/es\/podcast-player-widget\/facebook\/","url":"https:\/\/elfsight.com\/es\/podcast-player-widget\/facebook\/","name":"Elfsight Podcast Player para la p\u00e1gina de Facebook (gratis y f\u00e1cil)","isPartOf":{"@id":"https:\/\/elfsight.com\/es\/#website"},"datePublished":"1970-01-01T00:00:00+00:00","dateModified":"2025-02-06T15:49:54+00:00","description":"Aplique nuestra demostraci\u00f3n accesible e introduzca un reproductor de podcasts responsivo en su p\u00e1gina de inicio de Facebook. Utilice nuestra pr\u00e1ctica demostraci\u00f3n y d\u00e9 forma a su widget personalizado sin esfuerzo.","breadcrumb":{"@id":"https:\/\/elfsight.com\/es\/podcast-player-widget\/facebook\/#breadcrumb"},"inLanguage":"es","potentialAction":[{"@type":"ReadAction","target":["https:\/\/elfsight.com\/es\/podcast-player-widget\/facebook\/"]}]},{"@type":"BreadcrumbList","@id":"https:\/\/elfsight.com\/es\/podcast-player-widget\/facebook\/#breadcrumb","itemListElement":[{"@type":"ListItem","position":1,"name":"Home","item":"https:\/\/elfsight.com\/es\/"},{"@type":"ListItem","position":2,"name":"Podcast Player","item":"https:\/\/elfsight.com\/es\/podcast-player-widget\/"},{"@type":"ListItem","position":3,"name":"Podcast Player &#8211; Facebook"}]},{"@type":"WebSite","@id":"https:\/\/elfsight.com\/es\/#website","url":"https:\/\/elfsight.com\/es\/","name":"Elfsight ES","description":"Just another Elfsight Sites site","potentialAction":[{"@type":"SearchAction","target":{"@type":"EntryPoint","urlTemplate":"https:\/\/elfsight.com\/es\/?s={search_term_string}"},"query-input":{"@type":"PropertyValueSpecification","valueRequired":true,"valueName":"search_term_string"}}],"inLanguage":"es"}]}},"meta_box":{"industry":"","seo_heading":"","heading":"","description":"","cta_heading":"","cta_description":"","application":"1073","h1":"Widget del reproductor de podcasts de Facebook","h1_caption":"Ofrezca a sus visitantes una nueva experiencia y consiga clientes leales sin esfuerzo","application_category":[],"applications_title":"","applications_request_title":"","applications_request_button_text":"","hero_text":"","hero_video":"","hero_video_schema_markup":"","selling_points_title":"","selling_points_caption":"","selling_points":[],"selling_points_cta_text":"","features_title":"","features":"","ed_cta_examples_text":"","ed_cta_examples_hidden":"","ed_cta_demo_text":"","ed_cta_demo_hidden":"","why_caption":"","why_editor_title":"","why_editor_text":"","why_team_title":"","why_team_text":"","why_service_title":"","why_service_text":"","template_catalog_visible":"","template_catalog_title":"","template_catalog_text":"","template_catalog_categories_visible":"","demo_title":"Ajuste el instrumento y agr\u00e9guelo a su sitio web mediante una demostraci\u00f3n activa.","demo_caption":"\u00a1Date prisa y dise\u00f1a tu propio reproductor de podcasts que se corresponda con tu sitio web!","default_faq_hidden":"","app_template_category":[],"platform":"64","template_public_id":"","codecanyon_url":"","codecanyon_item_id":"","codecanyon_price":"","pricing_caption":"","pricing_elfsight_apps_hide_column":"","pricing_elfsight_apps_url":"","pricing_codecanyon_price_caption":"","integration_category":[],"integration_request_title":"","integration_request_cta":"","integration_platform":"","integrations":[],"platform_category":[],"video_schema_markup":"","price":"desde $0 \/ mes","trial":"","benefits":[{"text":"Ayuda de instalaci\u00f3n gratuita"},{"text":"Atenci\u00f3n al cliente experimentada"},{"text":"Garant\u00eda de devoluci\u00f3n de dinero de 14 d\u00edas"},{"text":"Actualizaciones peri\u00f3dicas"}],"button_url":"#demo","button_target_blank":"","button_nofollow":"","attributes":[{"name":"Instalaciones","content":"10,000 - 100,000"},{"name":"Loading...","content":"Totalmente adaptable"},{"name":"Navegadores compatibles","content":"Chrome, Firefox, Safari, Edge, Opera"}],"tags":[],"tags_disable_links":"","hide_more_platforms":"","video_object":"","demo_hide_cta":"","demo_hide_cloud_options":"","pricing_title":"","pricing":[{"pricing_icon":"platform","pricing_title":"Elfsight Apps","pricing_title_caption":"Versi\u00f3n multiplataforma","pricing_price":"desde $0 \/ mes","pricing_price_caption":"comienza con el plan gratuito","pricing_benefits":[{"text":"Dominios ilimitados"},{"text":"Soporte r\u00e1pido de la empresa"},{"text":"Servicio de instalaci\u00f3n gratuito"},{"text":"Oferta especial para m\u00faltiples aplicaciones"}],"pricing_button_text":"A\u00f1adir al sitio web","pricing_button_url":"#demo"}],"related_apps_title":"","related_apps_hidden":"","author":"","image":[],"title":"","job":"","social_networks":[]},"_links":{"self":[{"href":"https:\/\/elfsight.com\/es\/wp-json\/wp\/v2\/pages\/7589","targetHints":{"allow":["GET"]}}],"collection":[{"href":"https:\/\/elfsight.com\/es\/wp-json\/wp\/v2\/pages"}],"about":[{"href":"https:\/\/elfsight.com\/es\/wp-json\/wp\/v2\/types\/page"}],"author":[{"embeddable":true,"href":"https:\/\/elfsight.com\/es\/wp-json\/wp\/v2\/users\/9"}],"replies":[{"embeddable":true,"href":"https:\/\/elfsight.com\/es\/wp-json\/wp\/v2\/comments?post=7589"}],"version-history":[{"count":2,"href":"https:\/\/elfsight.com\/es\/wp-json\/wp\/v2\/pages\/7589\/revisions"}],"predecessor-version":[{"id":18883,"href":"https:\/\/elfsight.com\/es\/wp-json\/wp\/v2\/pages\/7589\/revisions\/18883"}],"up":[{"embeddable":true,"href":"https:\/\/elfsight.com\/es\/wp-json\/wp\/v2\/pages\/1074"}],"wp:attachment":[{"href":"https:\/\/elfsight.com\/es\/wp-json\/wp\/v2\/media?parent=7589"}],"curies":[{"name":"wp","href":"https:\/\/api.w.org\/{rel}","templated":true}]}}