{"id":7588,"date":"1970-01-01T00:00:00","date_gmt":"1970-01-01T00:00:00","guid":{"rendered":"https:\/\/elfsight.com\/es\/?page_id=7588"},"modified":"2025-02-06T15:49:54","modified_gmt":"2025-02-06T15:49:54","slug":"elementor","status":"publish","type":"page","link":"https:\/\/elfsight.com\/es\/podcast-player-widget\/elementor\/","title":{"rendered":"Podcast Player &#8211; Elementor"},"content":{"rendered":"<div class=\"application-platform-content-item-description application-platform-content-item\" id=\"description\" data-nav-section=\"description\"> <h2>Incrustar Podcast Player en Elementor con el widget Elfsight<\/h2> <p>Elfsight Podcast Player es un complemento simple para sitios web de Elementor que le permite reproducir podcasts directamente en su p\u00e1gina de inicio. El complemento es sumamente personalizable: puede modificar su ubicaci\u00f3n, configurarlo en cualquier lugar de la p\u00e1gina, escalar su tama\u00f1o, modificar el fondo y todas las dem\u00e1s partes para mezclarlo con el dise\u00f1o de su sitio web, usar un tema oscuro, mostrar portadas y mostrar u ocultar otros 3 detalles del reproductor, como la barra de progreso y otros. Involucre a su audiencia, active la reproducci\u00f3n autom\u00e1tica y aseg\u00farese de que su audiencia no abandone su sitio web inmediatamente. <\/p> <p><b>Deleite a su audiencia brind\u00e1ndoles materiales valiosos y cautivadores con la ayuda de Elfsight Podcast Player<\/b><\/p> <\/div> <div class=\"application-platform-content-item-features application-platform-content-item\" id=\"features\" data-nav-section=\"features\"> <h2>Las funciones clave del widget ofrecen<\/h2> <ul><li>Varias variaciones de color. <\/li><li>2 dise\u00f1os disponibles. <\/li><li>Una opci\u00f3n para usar una imagen de fondo. <\/li><li>A\u00f1ade una cantidad infinita de pistas. <\/li><li>Una posibilidad de dar forma a tu tema de color personalizado. <\/li><\/ul><p><a href=\"#demo\">Puedes comprobar todas las capacidades del widget en la demostraci\u00f3n de esta p\u00e1gina<\/a><\/p> <\/div> <div class=\"application-platform-content-item-installation application-platform-content-item\" id=\"installation\" data-nav-section=\"installation\"> <h2>\u00bfC\u00f3mo inserto Podcast Player en mi sitio web de Elementor? <\/h2><div class=\"video-container\"><iframe width=\"720\" height=\"405\" src=\"https:\/\/www.youtube.com\/embed\/PAInxny7X5o\" frameborder=\"0\"><\/iframe><\/div><p>Simplemente siga las pautas a continuaci\u00f3n para agregar la herramienta. <\/p> <ol><li><b>Emplee nuestro configurador gratuito y comience a formar su instrumento personalizado. <\/b><br> Especifique el dise\u00f1o adecuado y las caracter\u00edsticas funcionales del complemento y guarde las correcciones. <\/li> <li><b>Reciba el c\u00f3digo \u00fanico expuesto en la ventana de Elfsight Apps. <\/b><br> Tan pronto como finalice la generaci\u00f3n de su complemento personal, copie el c\u00f3digo exclusivo de la ventana emergente que aparece y gu\u00e1rdelo para futuras ocasiones. <\/li> <li><b>Comience a usar el widget en su sitio web de Elementor. <\/b><br> Inserta el c\u00f3digo que has guardado recientemente en tu p\u00e1gina y guarda las mejoras. <\/li> <li><b>\u00a1Listo! La incrustaci\u00f3n finaliz\u00f3 exitosamente. <\/b><br>Visita su p\u00e1gina web para ver en acci\u00f3n el trabajo del widget. <\/li><\/ol> <p>A condici\u00f3n de atender consultas o encontrarte con algunos obst\u00e1culos, no dudes en dirigirte a nuestro equipo de atenci\u00f3n al cliente. Nuestros especialistas estar\u00e1n encantados de resolver todas las dudas que puedas tener con la herramienta. <\/p> <div class=\"faq\" data-component=\"FAQ\"><div class=\"faq-item\">\r\n\t\t\t\t\t<div class=\"faq-item-question\">\r\n\t\t\t\t\t\t<h3 class=\"faq-item-question-text\">\u00bfC\u00f3mo puedo insertar una galer\u00eda de videos de YouTube en mi sitio web de Squarespace sin conocimientos de codificaci\u00f3n?<\/h3>\r\n\r\n\t\t\t\t\t\t<div class=\"faq-item-question-icon\"><\/div>\r\n\t\t\t\t\t<\/div>\r\n\r\n\t\t\t\t\t<div class=\"faq-item-answer\">\r\n\t\t\t\t\t\t<div class=\"faq-item-answer-text\"><p>Elfsight ofrece una soluci\u00f3n basada en la nube que permite a los usuarios establecer una galer\u00eda de videos de YouTube de forma independiente. Observe lo sencillo que es el proceso:<\/p><ul><li>Ingrese al editor en l\u00ednea para formular una secci\u00f3n de la galer\u00eda de videos de YouTube que le gustar\u00eda insertar en su sitio de Squarespace.<\/li><li>Seleccione una de nuestras plantillas predise\u00f1adas y personalice la configuraci\u00f3n de la Galer\u00eda de videos de YouTube, modifique el dise\u00f1o y la combinaci\u00f3n de colores, incorpore su contenido sin ning\u00fan requisito previo de codificaci\u00f3n.<\/li><li>Conserve las preferencias que ha establecido para la Galer\u00eda de videos de YouTube y asegure el c\u00f3digo del widget para su inserci\u00f3n, que se puede insertar f\u00e1cilmente en su sitio de Squarespace sin cargos.<\/li><\/ul><p>Al operar en el Editor f\u00e1cil de usar, cualquier usuario en l\u00ednea puede crear una secci\u00f3n de la Galer\u00eda de videos de YouTube y agregarla a su sitio web de Squarespace. No es necesario realizar ning\u00fan pago ni compartir los datos de su tarjeta para acceder al Editor de Elfsight. Si tiene alguna complicaci\u00f3n en cualquier fase, no dude en ponerse en contacto con nuestro servicio de atenci\u00f3n al cliente.<\/p><\/div>\r\n\t\t\t\t\t<\/div>\r\n\t\t\t\t<\/div><\/div><\/div>","protected":false},"excerpt":{"rendered":"","protected":false},"author":9,"featured_media":0,"parent":1074,"menu_order":0,"comment_status":"closed","ping_status":"closed","template":"templates\/template-application-platform.php","meta":{"publish_to_discourse":"","publish_post_category":"","wpdc_auto_publish_overridden":"","wpdc_topic_tags":"","wpdc_pin_topic":"","wpdc_pin_until":"","discourse_post_id":"","discourse_permalink":"","wpdc_publishing_response":"","wpdc_publishing_error":"","footnotes":""},"class_list":["post-7588","page","type-page","status-publish","hentry"],"yoast_head":"<!-- This site is optimized with the Yoast SEO plugin v25.3.1 - https:\/\/yoast.com\/wordpress\/plugins\/seo\/ -->\n<title>P\u00e1gina web de Elfsight Podcast Player para Elementor (gratis y r\u00e1pido)<\/title>\n<meta name=\"description\" content=\"Aplique nuestra demostraci\u00f3n accesible e incorpore un Podcast Player responsivo en su p\u00e1gina web de Elementor. Utilice nuestra pr\u00e1ctica demostraci\u00f3n y d\u00e9 forma a su widget personalizado sin esfuerzo.\" \/>\n<meta name=\"robots\" content=\"index, follow, max-snippet:-1, max-image-preview:large, max-video-preview:-1\" \/>\n<link rel=\"canonical\" href=\"https:\/\/elfsight.com\/es\/podcast-player-widget\/elementor\/\" \/>\n<meta property=\"og:locale\" content=\"es_ES\" \/>\n<meta property=\"og:type\" content=\"article\" \/>\n<meta property=\"og:title\" content=\"P\u00e1gina web de Elfsight Podcast Player para Elementor (gratis y r\u00e1pido)\" \/>\n<meta property=\"og:description\" content=\"Aplique nuestra demostraci\u00f3n accesible e incorpore un Podcast Player responsivo en su p\u00e1gina web de Elementor. Utilice nuestra pr\u00e1ctica demostraci\u00f3n y d\u00e9 forma a su widget personalizado sin esfuerzo.\" \/>\n<meta property=\"og:url\" content=\"https:\/\/elfsight.com\/es\/podcast-player-widget\/elementor\/\" \/>\n<meta property=\"og:site_name\" content=\"Elfsight ES\" \/>\n<meta property=\"article:modified_time\" content=\"2025-02-06T15:49:54+00:00\" \/>\n<meta name=\"twitter:card\" content=\"summary_large_image\" \/>\n<meta name=\"twitter:label1\" content=\"Tiempo de lectura\" \/>\n\t<meta name=\"twitter:data1\" content=\"3 minutos\" \/>\n<!-- \/ Yoast SEO plugin. -->","yoast_head_json":{"title":"P\u00e1gina web de Elfsight Podcast Player para Elementor (gratis y r\u00e1pido)","description":"Aplique nuestra demostraci\u00f3n accesible e incorpore un Podcast Player responsivo en su p\u00e1gina web de Elementor. Utilice nuestra pr\u00e1ctica demostraci\u00f3n y d\u00e9 forma a su widget personalizado sin esfuerzo.","robots":{"index":"index","follow":"follow","max-snippet":"max-snippet:-1","max-image-preview":"max-image-preview:large","max-video-preview":"max-video-preview:-1"},"canonical":"https:\/\/elfsight.com\/es\/podcast-player-widget\/elementor\/","og_locale":"es_ES","og_type":"article","og_title":"P\u00e1gina web de Elfsight Podcast Player para Elementor (gratis y r\u00e1pido)","og_description":"Aplique nuestra demostraci\u00f3n accesible e incorpore un Podcast Player responsivo en su p\u00e1gina web de Elementor. Utilice nuestra pr\u00e1ctica demostraci\u00f3n y d\u00e9 forma a su widget personalizado sin esfuerzo.","og_url":"https:\/\/elfsight.com\/es\/podcast-player-widget\/elementor\/","og_site_name":"Elfsight ES","article_modified_time":"2025-02-06T15:49:54+00:00","twitter_card":"summary_large_image","twitter_misc":{"Tiempo de lectura":"3 minutos"},"schema":{"@context":"https:\/\/schema.org","@graph":[{"@type":"WebPage","@id":"https:\/\/elfsight.com\/es\/podcast-player-widget\/elementor\/","url":"https:\/\/elfsight.com\/es\/podcast-player-widget\/elementor\/","name":"P\u00e1gina web de Elfsight Podcast Player para Elementor (gratis y r\u00e1pido)","isPartOf":{"@id":"https:\/\/elfsight.com\/es\/#website"},"datePublished":"1970-01-01T00:00:00+00:00","dateModified":"2025-02-06T15:49:54+00:00","description":"Aplique nuestra demostraci\u00f3n accesible e incorpore un Podcast Player responsivo en su p\u00e1gina web de Elementor. Utilice nuestra pr\u00e1ctica demostraci\u00f3n y d\u00e9 forma a su widget personalizado sin esfuerzo.","breadcrumb":{"@id":"https:\/\/elfsight.com\/es\/podcast-player-widget\/elementor\/#breadcrumb"},"inLanguage":"es","potentialAction":[{"@type":"ReadAction","target":["https:\/\/elfsight.com\/es\/podcast-player-widget\/elementor\/"]}]},{"@type":"BreadcrumbList","@id":"https:\/\/elfsight.com\/es\/podcast-player-widget\/elementor\/#breadcrumb","itemListElement":[{"@type":"ListItem","position":1,"name":"Home","item":"https:\/\/elfsight.com\/es\/"},{"@type":"ListItem","position":2,"name":"Podcast Player","item":"https:\/\/elfsight.com\/es\/podcast-player-widget\/"},{"@type":"ListItem","position":3,"name":"Podcast Player &#8211; Elementor"}]},{"@type":"WebSite","@id":"https:\/\/elfsight.com\/es\/#website","url":"https:\/\/elfsight.com\/es\/","name":"Elfsight ES","description":"Just another Elfsight Sites site","potentialAction":[{"@type":"SearchAction","target":{"@type":"EntryPoint","urlTemplate":"https:\/\/elfsight.com\/es\/?s={search_term_string}"},"query-input":{"@type":"PropertyValueSpecification","valueRequired":true,"valueName":"search_term_string"}}],"inLanguage":"es"}]}},"meta_box":{"industry":"","seo_heading":"","heading":"","description":"","cta_heading":"","cta_description":"","application":"1073","h1":"Complemento Elementor Podcast Player","h1_caption":"Incorpore un reproductor de podcasts directamente en su sitio web, lo que permitir\u00e1 a los usuarios escuchar sus episodios sin salir de la p\u00e1gina de su sitio web de Elementor sin esfuerzo.","application_category":[],"applications_title":"","applications_request_title":"","applications_request_button_text":"","hero_text":"","hero_video":"","hero_video_schema_markup":"","selling_points_title":"","selling_points_caption":"","selling_points":[],"selling_points_cta_text":"","features_title":"","features":"","ed_cta_examples_text":"","ed_cta_examples_hidden":"","ed_cta_demo_text":"","ed_cta_demo_hidden":"","why_caption":"","why_editor_title":"","why_editor_text":"","why_team_title":"","why_team_text":"","why_service_title":"","why_service_text":"","template_catalog_visible":"","template_catalog_title":"","template_catalog_text":"","template_catalog_categories_visible":"","demo_title":"Crea tu widget de reproductor de podcasts","demo_caption":"\u00a1Configure su Podcast Player y agr\u00e9guelo a su sitio web de Elementor gratis!","default_faq_hidden":"","app_template_category":[],"platform":"58","template_public_id":"","codecanyon_url":"","codecanyon_item_id":"","codecanyon_price":"","pricing_caption":"","pricing_elfsight_apps_hide_column":"","pricing_elfsight_apps_url":"","pricing_codecanyon_price_caption":"","integration_category":[],"integration_request_title":"","integration_request_cta":"","integration_platform":"","integrations":[],"platform_category":[],"video_schema_markup":"","price":"desde $0 \/ mes","trial":"","benefits":[{"text":"Asistencia de instalaci\u00f3n gratuita"},{"text":"Soporte excepcional"},{"text":"Garant\u00eda de reembolso de 14 d\u00edas"},{"text":"Actualizaciones futuras"}],"button_url":"#demo","button_target_blank":"","button_nofollow":"","attributes":[{"name":"Instalaciones","content":"10,000 - 100,000"},{"name":"Sensible","content":"S\u00ed"},{"name":"Navegadores compatibles","content":"Firefox, Safari, Opera, Chrome, Edge"}],"tags":[],"tags_disable_links":"","hide_more_platforms":"","video_object":"","demo_hide_cta":"","demo_hide_cloud_options":"","pricing_title":"","pricing":[{"pricing_icon":"platform","pricing_title":"Elfsight Apps","pricing_title_caption":"Versi\u00f3n multiplataforma que funciona en cualquier sitio web","pricing_price":"desde $0 \/ mes","pricing_price_caption":"comienza con el plan gratuito","pricing_benefits":[{"text":"Dominios ilimitados"},{"text":"Soporte premium"},{"text":"Asistencia de instalaci\u00f3n gratuita"},{"text":"Oferta especial para m\u00faltiples aplicaciones."}],"pricing_button_text":"A\u00f1adir al sitio web","pricing_button_url":"#demo"}],"related_apps_title":"","related_apps_hidden":"","author":"","image":[],"title":"","job":"","social_networks":[]},"_links":{"self":[{"href":"https:\/\/elfsight.com\/es\/wp-json\/wp\/v2\/pages\/7588","targetHints":{"allow":["GET"]}}],"collection":[{"href":"https:\/\/elfsight.com\/es\/wp-json\/wp\/v2\/pages"}],"about":[{"href":"https:\/\/elfsight.com\/es\/wp-json\/wp\/v2\/types\/page"}],"author":[{"embeddable":true,"href":"https:\/\/elfsight.com\/es\/wp-json\/wp\/v2\/users\/9"}],"replies":[{"embeddable":true,"href":"https:\/\/elfsight.com\/es\/wp-json\/wp\/v2\/comments?post=7588"}],"version-history":[{"count":2,"href":"https:\/\/elfsight.com\/es\/wp-json\/wp\/v2\/pages\/7588\/revisions"}],"predecessor-version":[{"id":18884,"href":"https:\/\/elfsight.com\/es\/wp-json\/wp\/v2\/pages\/7588\/revisions\/18884"}],"up":[{"embeddable":true,"href":"https:\/\/elfsight.com\/es\/wp-json\/wp\/v2\/pages\/1074"}],"wp:attachment":[{"href":"https:\/\/elfsight.com\/es\/wp-json\/wp\/v2\/media?parent=7588"}],"curies":[{"name":"wp","href":"https:\/\/api.w.org\/{rel}","templated":true}]}}