{"id":7587,"date":"1970-01-01T00:00:00","date_gmt":"1970-01-01T00:00:00","guid":{"rendered":"https:\/\/elfsight.com\/es\/?page_id=7587"},"modified":"2025-02-06T15:49:54","modified_gmt":"2025-02-06T15:49:54","slug":"drupal","status":"publish","type":"page","link":"https:\/\/elfsight.com\/es\/podcast-player-widget\/drupal\/","title":{"rendered":"Podcast Player &#8211; Drupal"},"content":{"rendered":"<div class=\"application-platform-content-item-description application-platform-content-item\" id=\"description\" data-nav-section=\"description\"> <h2>Descripci\u00f3n<\/h2> <p>Elfsight Podcast Player es un m\u00f3dulo sencillo para Drupal que le permite transmitir podcasts en las p\u00e1ginas de su sitio. El widget es altamente ajustable: puede modificar su ubicaci\u00f3n, coloc\u00e1ndolo en cualquier lugar de la p\u00e1gina, escalar su tama\u00f1o, modificar el fondo y otros elementos para combinarlo con el estilo de su sitio web, aplicar una combinaci\u00f3n de colores oscuros, mostrar im\u00e1genes y mostrar u ocultar 3 componentes adicionales del reproductor, por ejemplo la barra de progreso y otros. Entretenga a sus visitantes, active la opci\u00f3n de reproducci\u00f3n autom\u00e1tica y no tenga dudas: \u00a1sus usuarios no abandonar\u00e1n su sitio web inmediatamente! <\/p> <p><b>Deleite a sus usuarios brind\u00e1ndoles materiales pr\u00e1cticos y entretenidos mediante Elfsight Podcast Player<\/b><\/p> <\/div> <div class=\"application-platform-content-item-features application-platform-content-item\" id=\"features\" data-nav-section=\"features\"> <h2>Las caracter\u00edsticas m\u00e1s requeridas del m\u00f3dulo ofrecen<\/h2> <ul><li>Numerosas alteraciones de color. <\/li><li>Dos dise\u00f1os listos para usar. <\/li><li>Una oportunidad para agregar una imagen de fondo. <\/li><li>A\u00f1ade una cantidad ilimitada de pistas. <\/li><li>Una opci\u00f3n para formar tu propia combinaci\u00f3n de colores. <\/li><\/ul><p><a href=\"#demo\">Simplemente consulte esta demostraci\u00f3n para ver cu\u00e1nto vale el m\u00f3dulo<\/a><\/p> <\/div> <div class=\"application-platform-content-item-installation application-platform-content-item\" id=\"installation\" data-nav-section=\"installation\"> <h2>\u00bfC\u00f3mo agregar Podcast Player a mi p\u00e1gina web Drupal? <\/h2><div class=\"video-container\"><iframe width=\"720\" height=\"405\" src=\"https:\/\/www.youtube.com\/embed\/A1CRkUJ299A\" frameborder=\"0\"><\/iframe><\/div><p>Simplemente aplique las instrucciones a continuaci\u00f3n para insertar la herramienta. <\/p> <ol><li><b>Utilice nuestro editor gratuito y comience a construir su m\u00f3dulo \u00fanico. <\/b><br> Encuentre el aspecto personalizado y las opciones del m\u00f3dulo y aplique todas las correcciones. <\/li> <li><b>Obtenga el c\u00f3digo individual que se muestra en el formulario especial en Elfsight Apps. <\/b><br> Tan pronto como finalice la creaci\u00f3n de su m\u00f3dulo, copie el c\u00f3digo individual en el cuadro que aparece y gu\u00e1rdelo para futuras ocasiones. <\/li> <li><b>Comience a utilizar el m\u00f3dulo en el sitio Drupal. <\/b><br>Integre el c\u00f3digo guardado anteriormente en su p\u00e1gina y guarde las correcciones. <\/li> <li><b>\u00a1Ya terminaste! La configuraci\u00f3n finaliz\u00f3 exitosamente. <\/b><br> Visite su sitio para examinar c\u00f3mo funciona el m\u00f3dulo. <\/li><\/ol><p>Con la condici\u00f3n de atender consultas o afrontar cualquier problema, no dudes en escribir a nuestro equipo de atenci\u00f3n al cliente. Nuestros asesores estar\u00e1n encantados de ayudarle con todos los problemas que pueda tener con el producto. <\/p> <\/div>","protected":false},"excerpt":{"rendered":"","protected":false},"author":9,"featured_media":0,"parent":1074,"menu_order":0,"comment_status":"closed","ping_status":"closed","template":"templates\/template-application-platform.php","meta":{"publish_to_discourse":"","publish_post_category":"","wpdc_auto_publish_overridden":"","wpdc_topic_tags":"","wpdc_pin_topic":"","wpdc_pin_until":"","discourse_post_id":"","discourse_permalink":"","wpdc_publishing_response":"","wpdc_publishing_error":"","footnotes":""},"class_list":["post-7587","page","type-page","status-publish","hentry"],"yoast_head":"<!-- This site is optimized with the Yoast SEO plugin v25.3.1 - https:\/\/yoast.com\/wordpress\/plugins\/seo\/ -->\n<title>Elfsight Podcast Player para el sitio web de Drupal (f\u00e1cil y gratuito)<\/title>\n<meta name=\"description\" content=\"Utilice nuestra pr\u00e1ctica demostraci\u00f3n y agregue un reproductor de podcasts responsivo en su p\u00e1gina web de Drupal. Utilice nuestra demostraci\u00f3n accesible y cree su widget personalizado con un clic.\" \/>\n<meta name=\"robots\" content=\"index, follow, max-snippet:-1, max-image-preview:large, max-video-preview:-1\" \/>\n<link rel=\"canonical\" href=\"https:\/\/elfsight.com\/es\/podcast-player-widget\/drupal\/\" \/>\n<meta property=\"og:locale\" content=\"es_ES\" \/>\n<meta property=\"og:type\" content=\"article\" \/>\n<meta property=\"og:title\" content=\"Elfsight Podcast Player para el sitio web de Drupal (f\u00e1cil y gratuito)\" \/>\n<meta property=\"og:description\" content=\"Utilice nuestra pr\u00e1ctica demostraci\u00f3n y agregue un reproductor de podcasts responsivo en su p\u00e1gina web de Drupal. Utilice nuestra demostraci\u00f3n accesible y cree su widget personalizado con un clic.\" \/>\n<meta property=\"og:url\" content=\"https:\/\/elfsight.com\/es\/podcast-player-widget\/drupal\/\" \/>\n<meta property=\"og:site_name\" content=\"Elfsight ES\" \/>\n<meta property=\"article:modified_time\" content=\"2025-02-06T15:49:54+00:00\" \/>\n<meta name=\"twitter:card\" content=\"summary_large_image\" \/>\n<meta name=\"twitter:label1\" content=\"Tiempo de lectura\" \/>\n\t<meta name=\"twitter:data1\" content=\"2 minutos\" \/>\n<!-- \/ Yoast SEO plugin. -->","yoast_head_json":{"title":"Elfsight Podcast Player para el sitio web de Drupal (f\u00e1cil y gratuito)","description":"Utilice nuestra pr\u00e1ctica demostraci\u00f3n y agregue un reproductor de podcasts responsivo en su p\u00e1gina web de Drupal. Utilice nuestra demostraci\u00f3n accesible y cree su widget personalizado con un clic.","robots":{"index":"index","follow":"follow","max-snippet":"max-snippet:-1","max-image-preview":"max-image-preview:large","max-video-preview":"max-video-preview:-1"},"canonical":"https:\/\/elfsight.com\/es\/podcast-player-widget\/drupal\/","og_locale":"es_ES","og_type":"article","og_title":"Elfsight Podcast Player para el sitio web de Drupal (f\u00e1cil y gratuito)","og_description":"Utilice nuestra pr\u00e1ctica demostraci\u00f3n y agregue un reproductor de podcasts responsivo en su p\u00e1gina web de Drupal. Utilice nuestra demostraci\u00f3n accesible y cree su widget personalizado con un clic.","og_url":"https:\/\/elfsight.com\/es\/podcast-player-widget\/drupal\/","og_site_name":"Elfsight ES","article_modified_time":"2025-02-06T15:49:54+00:00","twitter_card":"summary_large_image","twitter_misc":{"Tiempo de lectura":"2 minutos"},"schema":{"@context":"https:\/\/schema.org","@graph":[{"@type":"WebPage","@id":"https:\/\/elfsight.com\/es\/podcast-player-widget\/drupal\/","url":"https:\/\/elfsight.com\/es\/podcast-player-widget\/drupal\/","name":"Elfsight Podcast Player para el sitio web de Drupal (f\u00e1cil y gratuito)","isPartOf":{"@id":"https:\/\/elfsight.com\/es\/#website"},"datePublished":"1970-01-01T00:00:00+00:00","dateModified":"2025-02-06T15:49:54+00:00","description":"Utilice nuestra pr\u00e1ctica demostraci\u00f3n y agregue un reproductor de podcasts responsivo en su p\u00e1gina web de Drupal. Utilice nuestra demostraci\u00f3n accesible y cree su widget personalizado con un clic.","breadcrumb":{"@id":"https:\/\/elfsight.com\/es\/podcast-player-widget\/drupal\/#breadcrumb"},"inLanguage":"es","potentialAction":[{"@type":"ReadAction","target":["https:\/\/elfsight.com\/es\/podcast-player-widget\/drupal\/"]}]},{"@type":"BreadcrumbList","@id":"https:\/\/elfsight.com\/es\/podcast-player-widget\/drupal\/#breadcrumb","itemListElement":[{"@type":"ListItem","position":1,"name":"Home","item":"https:\/\/elfsight.com\/es\/"},{"@type":"ListItem","position":2,"name":"Podcast Player","item":"https:\/\/elfsight.com\/es\/podcast-player-widget\/"},{"@type":"ListItem","position":3,"name":"Podcast Player &#8211; Drupal"}]},{"@type":"WebSite","@id":"https:\/\/elfsight.com\/es\/#website","url":"https:\/\/elfsight.com\/es\/","name":"Elfsight ES","description":"Just another Elfsight Sites site","potentialAction":[{"@type":"SearchAction","target":{"@type":"EntryPoint","urlTemplate":"https:\/\/elfsight.com\/es\/?s={search_term_string}"},"query-input":{"@type":"PropertyValueSpecification","valueRequired":true,"valueName":"search_term_string"}}],"inLanguage":"es"}]}},"meta_box":{"industry":"","seo_heading":"","heading":"","description":"","cta_heading":"","cta_description":"","application":"1073","h1":"M\u00f3dulo Drupal Podcast Player","h1_caption":"Incorpore un reproductor de podcasts directamente en su sitio web, permitiendo a los usuarios escuchar sus episodios sin salir de la p\u00e1gina de su sitio web Drupal sin esfuerzo.","application_category":[],"applications_title":"","applications_request_title":"","applications_request_button_text":"","hero_text":"","hero_video":"","hero_video_schema_markup":"","selling_points_title":"","selling_points_caption":"","selling_points":[],"selling_points_cta_text":"","features_title":"","features":"","ed_cta_examples_text":"","ed_cta_examples_hidden":"","ed_cta_demo_text":"","ed_cta_demo_hidden":"","why_caption":"","why_editor_title":"","why_editor_text":"","why_team_title":"","why_team_text":"","why_service_title":"","why_service_text":"","template_catalog_visible":"","template_catalog_title":"","template_catalog_text":"","template_catalog_categories_visible":"","demo_title":"Crea tu m\u00f3dulo Podcast Player","demo_caption":"\u00a1Configura tu Podcast Player y agr\u00e9galo a tu sitio web Drupal gratis!","default_faq_hidden":"","app_template_category":[],"platform":"2161","template_public_id":"","codecanyon_url":"","codecanyon_item_id":"","codecanyon_price":"","pricing_caption":"","pricing_elfsight_apps_hide_column":"","pricing_elfsight_apps_url":"","pricing_codecanyon_price_caption":"","integration_category":[],"integration_request_title":"","integration_request_cta":"","integration_platform":"","integrations":[],"platform_category":[],"video_schema_markup":"","price":"desde $0 \/ mes","trial":"","benefits":[{"text":"Asistencia de instalaci\u00f3n gratuita"},{"text":"Servicio al cliente profesional"},{"text":"Garant\u00eda de devoluci\u00f3n de dinero de 14 d\u00edas"},{"text":"Actualizaciones gratuitas continuas"}],"button_url":"#demo","button_target_blank":"","button_nofollow":"","attributes":[{"name":"Instalaciones","content":"10,000 - 100,000"},{"name":"Sensible","content":"S\u00ed"},{"name":"Navegadores compatibles","content":"Firefox, Safari, Opera, Chrome, Edge"}],"tags":[],"tags_disable_links":"","hide_more_platforms":"","video_object":"","demo_hide_cta":"","demo_hide_cloud_options":"","pricing_title":"","pricing":[{"pricing_icon":"platform","pricing_title":"Elfsight Apps","pricing_title_caption":"Versi\u00f3n independiente de la plataforma que se adapta a cualquier sitio web","pricing_price":"desde $0 \/ mes","pricing_price_caption":"comienza con el plan gratuito","pricing_benefits":[{"text":"Sitios web ilimitados"},{"text":"Atenci\u00f3n al cliente dedicada y bien documentada."},{"text":"Servicio de instalaci\u00f3n gratuito"},{"text":"Precio a alcanzar para m\u00faltiples aplicaciones"}],"pricing_button_text":"A\u00f1adir al sitio web","pricing_button_url":"#demo"}],"related_apps_title":"","related_apps_hidden":"","author":"","image":[],"title":"","job":"","social_networks":[]},"_links":{"self":[{"href":"https:\/\/elfsight.com\/es\/wp-json\/wp\/v2\/pages\/7587","targetHints":{"allow":["GET"]}}],"collection":[{"href":"https:\/\/elfsight.com\/es\/wp-json\/wp\/v2\/pages"}],"about":[{"href":"https:\/\/elfsight.com\/es\/wp-json\/wp\/v2\/types\/page"}],"author":[{"embeddable":true,"href":"https:\/\/elfsight.com\/es\/wp-json\/wp\/v2\/users\/9"}],"replies":[{"embeddable":true,"href":"https:\/\/elfsight.com\/es\/wp-json\/wp\/v2\/comments?post=7587"}],"version-history":[{"count":2,"href":"https:\/\/elfsight.com\/es\/wp-json\/wp\/v2\/pages\/7587\/revisions"}],"predecessor-version":[{"id":18885,"href":"https:\/\/elfsight.com\/es\/wp-json\/wp\/v2\/pages\/7587\/revisions\/18885"}],"up":[{"embeddable":true,"href":"https:\/\/elfsight.com\/es\/wp-json\/wp\/v2\/pages\/1074"}],"wp:attachment":[{"href":"https:\/\/elfsight.com\/es\/wp-json\/wp\/v2\/media?parent=7587"}],"curies":[{"name":"wp","href":"https:\/\/api.w.org\/{rel}","templated":true}]}}