{"id":7586,"date":"1970-01-01T00:00:00","date_gmt":"1970-01-01T00:00:00","guid":{"rendered":"https:\/\/elfsight.com\/es\/?page_id=7586"},"modified":"2025-02-06T15:50:04","modified_gmt":"2025-02-06T15:50:04","slug":"blogger","status":"publish","type":"page","link":"https:\/\/elfsight.com\/es\/podcast-player-widget\/blogger\/","title":{"rendered":"Podcast Player &#8211; Blogger"},"content":{"rendered":"<div class=\"application-platform-content-item-description application-platform-content-item\" id=\"description\" data-nav-section=\"description\"> <h2>Descripci\u00f3n<\/h2> <p>Elfsight Podcast Player es un complemento simple para los sitios web de Blogger que le permite reproducir podcasts directamente en su p\u00e1gina web. El widget es altamente personalizable: usted es libre de cambiar su posici\u00f3n, insertarlo en cualquier lugar de la p\u00e1gina, alterar su tama\u00f1o, volver a pintar el fondo y todas las dem\u00e1s partes para combinarlo con el estilo de su sitio web, aplicar una combinaci\u00f3n de colores oscuros, revelar portadas y mostrar u ocultar otros tres detalles del reproductor, como la barra de progreso y muchos m\u00e1s. Atraiga a sus visitantes, active la reproducci\u00f3n autom\u00e1tica y aseg\u00farese de que su audiencia no abandonar\u00e1 su p\u00e1gina de inicio apresuradamente. <\/p> <p><b>Involucra a tus usuarios brind\u00e1ndoles informaci\u00f3n valiosa y entretenida con Elfsight Podcast Player<\/b><\/p> <\/div> <div class=\"application-platform-content-item-features application-platform-content-item\" id=\"features\" data-nav-section=\"features\"> <h2>Estudia la lista de las caracter\u00edsticas m\u00e1s destacadas: <\/h2> <ul><li>Numerosas variaciones de color. <\/li><li>Dos dise\u00f1os aplicables. <\/li><li>Posibilidad de a\u00f1adir imagen de fondo. <\/li><li>Una cantidad ilimitada de pistas. <\/li><li>Posibilidad de crear tu tema de color personalizado. <\/li><\/ul><p><a href=\"#demo\">Examine todas las funciones de personalizaci\u00f3n en una demostraci\u00f3n completa<\/a><\/p> <\/div> <div class=\"application-platform-content-item-installation application-platform-content-item\" id=\"installation\" data-nav-section=\"installation\"> <h2>\u00bfC\u00f3mo puedo agregar Podcast Player a mi sitio web de Blogger? <\/h2><div class=\"video-container\"><iframe width=\"720\" height=\"405\" src=\"https:\/\/www.youtube.com\/embed\/apdW6VMgdxk\" frameborder=\"0\"><\/iframe><\/div><p>Simplemente siga los siguientes pasos que se describen a continuaci\u00f3n para insertar el complemento. <\/p> <ol><li><b>Inicie nuestra demostraci\u00f3n gratuita y comience a darle forma a su complemento personalizado. <\/b><br> Especifique el dise\u00f1o y las caracter\u00edsticas preferidos del widget y guarde las ediciones. <\/li> <li><b>Adquiera su c\u00f3digo individual que aparece en el cuadro de Elfsight Apps. <\/b><br> Una vez finalizada la creaci\u00f3n de su complemento personal, copie el c\u00f3digo individual de la ventana que aparece y gu\u00e1rdelo para usarlo m\u00e1s adelante. <\/li> <li><b>Iniciar la aplicaci\u00f3n del widget en el sitio web de Blogger. <\/b><br> Pega el c\u00f3digo que has copiado recientemente en tu p\u00e1gina y guarda las correcciones. <\/li> <li><b>La configuraci\u00f3n se realiz\u00f3 por completo. <\/b><br> Visite su sitio para inspeccionar el trabajo del complemento. <\/li><\/ol> <p>En caso de tener dudas o enfrentar algunos obst\u00e1culos, no dude en ponerse en contacto con nuestro personal de atenci\u00f3n al cliente. Nuestros consultores esperan resolver todos los problemas que pueda tener con la herramienta. <\/p> <\/div>","protected":false},"excerpt":{"rendered":"","protected":false},"author":9,"featured_media":0,"parent":1074,"menu_order":0,"comment_status":"closed","ping_status":"closed","template":"templates\/template-application-platform.php","meta":{"publish_to_discourse":"","publish_post_category":"","wpdc_auto_publish_overridden":"","wpdc_topic_tags":"","wpdc_pin_topic":"","wpdc_pin_until":"","discourse_post_id":"","discourse_permalink":"","wpdc_publishing_response":"","wpdc_publishing_error":"","footnotes":""},"class_list":["post-7586","page","type-page","status-publish","hentry"],"yoast_head":"<!-- This site is optimized with the Yoast SEO plugin v25.3.1 - https:\/\/yoast.com\/wordpress\/plugins\/seo\/ -->\n<title>Elfsight Podcast Player para el sitio web de Blogger (gratis y r\u00e1pido)<\/title>\n<meta name=\"description\" content=\"Utilice nuestra demostraci\u00f3n manejable e introduzca un reproductor de podcasts Elfsight responsivo en su p\u00e1gina web de Blogger. \u00a1Implemente nuestra \u00fatil demostraci\u00f3n y d\u00e9 forma a su widget personalizado con un clic!\" \/>\n<meta name=\"robots\" content=\"index, follow, max-snippet:-1, max-image-preview:large, max-video-preview:-1\" \/>\n<link rel=\"canonical\" href=\"https:\/\/elfsight.com\/es\/podcast-player-widget\/blogger\/\" \/>\n<meta property=\"og:locale\" content=\"es_ES\" \/>\n<meta property=\"og:type\" content=\"article\" \/>\n<meta property=\"og:title\" content=\"Elfsight Podcast Player para el sitio web de Blogger (gratis y r\u00e1pido)\" \/>\n<meta property=\"og:description\" content=\"Utilice nuestra demostraci\u00f3n manejable e introduzca un reproductor de podcasts Elfsight responsivo en su p\u00e1gina web de Blogger. \u00a1Implemente nuestra \u00fatil demostraci\u00f3n y d\u00e9 forma a su widget personalizado con un clic!\" \/>\n<meta property=\"og:url\" content=\"https:\/\/elfsight.com\/es\/podcast-player-widget\/blogger\/\" \/>\n<meta property=\"og:site_name\" content=\"Elfsight ES\" \/>\n<meta property=\"article:modified_time\" content=\"2025-02-06T15:50:04+00:00\" \/>\n<meta name=\"twitter:card\" content=\"summary_large_image\" \/>\n<meta name=\"twitter:label1\" content=\"Tiempo de lectura\" \/>\n\t<meta name=\"twitter:data1\" content=\"2 minutos\" \/>\n<!-- \/ Yoast SEO plugin. -->","yoast_head_json":{"title":"Elfsight Podcast Player para el sitio web de Blogger (gratis y r\u00e1pido)","description":"Utilice nuestra demostraci\u00f3n manejable e introduzca un reproductor de podcasts Elfsight responsivo en su p\u00e1gina web de Blogger. \u00a1Implemente nuestra \u00fatil demostraci\u00f3n y d\u00e9 forma a su widget personalizado con un clic!","robots":{"index":"index","follow":"follow","max-snippet":"max-snippet:-1","max-image-preview":"max-image-preview:large","max-video-preview":"max-video-preview:-1"},"canonical":"https:\/\/elfsight.com\/es\/podcast-player-widget\/blogger\/","og_locale":"es_ES","og_type":"article","og_title":"Elfsight Podcast Player para el sitio web de Blogger (gratis y r\u00e1pido)","og_description":"Utilice nuestra demostraci\u00f3n manejable e introduzca un reproductor de podcasts Elfsight responsivo en su p\u00e1gina web de Blogger. \u00a1Implemente nuestra \u00fatil demostraci\u00f3n y d\u00e9 forma a su widget personalizado con un clic!","og_url":"https:\/\/elfsight.com\/es\/podcast-player-widget\/blogger\/","og_site_name":"Elfsight ES","article_modified_time":"2025-02-06T15:50:04+00:00","twitter_card":"summary_large_image","twitter_misc":{"Tiempo de lectura":"2 minutos"},"schema":{"@context":"https:\/\/schema.org","@graph":[{"@type":"WebPage","@id":"https:\/\/elfsight.com\/es\/podcast-player-widget\/blogger\/","url":"https:\/\/elfsight.com\/es\/podcast-player-widget\/blogger\/","name":"Elfsight Podcast Player para el sitio web de Blogger (gratis y r\u00e1pido)","isPartOf":{"@id":"https:\/\/elfsight.com\/es\/#website"},"datePublished":"1970-01-01T00:00:00+00:00","dateModified":"2025-02-06T15:50:04+00:00","description":"Utilice nuestra demostraci\u00f3n manejable e introduzca un reproductor de podcasts Elfsight responsivo en su p\u00e1gina web de Blogger. \u00a1Implemente nuestra \u00fatil demostraci\u00f3n y d\u00e9 forma a su widget personalizado con un clic!","breadcrumb":{"@id":"https:\/\/elfsight.com\/es\/podcast-player-widget\/blogger\/#breadcrumb"},"inLanguage":"es","potentialAction":[{"@type":"ReadAction","target":["https:\/\/elfsight.com\/es\/podcast-player-widget\/blogger\/"]}]},{"@type":"BreadcrumbList","@id":"https:\/\/elfsight.com\/es\/podcast-player-widget\/blogger\/#breadcrumb","itemListElement":[{"@type":"ListItem","position":1,"name":"Home","item":"https:\/\/elfsight.com\/es\/"},{"@type":"ListItem","position":2,"name":"Podcast Player","item":"https:\/\/elfsight.com\/es\/podcast-player-widget\/"},{"@type":"ListItem","position":3,"name":"Podcast Player &#8211; Blogger"}]},{"@type":"WebSite","@id":"https:\/\/elfsight.com\/es\/#website","url":"https:\/\/elfsight.com\/es\/","name":"Elfsight ES","description":"Just another Elfsight Sites site","potentialAction":[{"@type":"SearchAction","target":{"@type":"EntryPoint","urlTemplate":"https:\/\/elfsight.com\/es\/?s={search_term_string}"},"query-input":{"@type":"PropertyValueSpecification","valueRequired":true,"valueName":"search_term_string"}}],"inLanguage":"es"}]}},"meta_box":{"industry":"","seo_heading":"","heading":"","description":"","cta_heading":"","cta_description":"","application":"1073","h1":"Reproductor de podcasts de Blogger","h1_caption":"Incorpore un reproductor de podcasts directamente en su sitio web, lo que permitir\u00e1 a los usuarios escuchar sus episodios sin salir de la p\u00e1gina de su sitio web de Blogger sin esfuerzo.","application_category":[],"applications_title":"","applications_request_title":"","applications_request_button_text":"","hero_text":"","hero_video":"","hero_video_schema_markup":"","selling_points_title":"","selling_points_caption":"","selling_points":[],"selling_points_cta_text":"","features_title":"","features":"","ed_cta_examples_text":"","ed_cta_examples_hidden":"","ed_cta_demo_text":"","ed_cta_demo_hidden":"","why_caption":"","why_editor_title":"","why_editor_text":"","why_team_title":"","why_team_text":"","why_service_title":"","why_service_text":"","template_catalog_visible":"","template_catalog_title":"","template_catalog_text":"","template_catalog_categories_visible":"","demo_title":"Crea tu widget de reproductor de podcasts","demo_caption":"\u00a1Configura tu Podcast Player y agr\u00e9galo a tu sitio web de Blogger gratis!","default_faq_hidden":"","app_template_category":[],"platform":"39","template_public_id":"","codecanyon_url":"","codecanyon_item_id":"","codecanyon_price":"","pricing_caption":"","pricing_elfsight_apps_hide_column":"","pricing_elfsight_apps_url":"","pricing_codecanyon_price_caption":"","integration_category":[],"integration_request_title":"","integration_request_cta":"","integration_platform":"","integrations":[],"platform_category":[],"video_schema_markup":"","price":"desde $0 \/ mes","trial":"","benefits":[{"text":"Ayuda de instalaci\u00f3n gratuita"},{"text":"Servicio al cliente eficaz"},{"text":"Garant\u00eda de devoluci\u00f3n de dinero de 14 d\u00edas"},{"text":"Desarrollo continuo"}],"button_url":"#demo","button_target_blank":"","button_nofollow":"","attributes":[{"name":"Instalaciones","content":"10,000 - 100,000"},{"name":"Sensible","content":"S\u00ed"},{"name":"Navegadores compatibles","content":"Firefox, Safari, Opera, Chrome, Edge"}],"tags":[],"tags_disable_links":"","hide_more_platforms":"","video_object":"","demo_hide_cta":"","demo_hide_cloud_options":"","pricing_title":"","pricing":[{"pricing_icon":"platform","pricing_title":"Elfsight Apps","pricing_title_caption":"Soluci\u00f3n digital independiente de la plataforma que funciona en cualquier sitio","pricing_price":"desde $0 \/ mes","pricing_price_caption":"comienza con un plan gratuito","pricing_benefits":[{"text":"Sitios web ilimitados"},{"text":"Soporte profesional de la empresa y bien documentado."},{"text":"Ayuda de instalaci\u00f3n gratuita"},{"text":"100% personalizable"}],"pricing_button_text":"A\u00f1adir al sitio web","pricing_button_url":"#demo"}],"related_apps_title":"","related_apps_hidden":"","author":"","image":[],"title":"","job":"","social_networks":[]},"_links":{"self":[{"href":"https:\/\/elfsight.com\/es\/wp-json\/wp\/v2\/pages\/7586","targetHints":{"allow":["GET"]}}],"collection":[{"href":"https:\/\/elfsight.com\/es\/wp-json\/wp\/v2\/pages"}],"about":[{"href":"https:\/\/elfsight.com\/es\/wp-json\/wp\/v2\/types\/page"}],"author":[{"embeddable":true,"href":"https:\/\/elfsight.com\/es\/wp-json\/wp\/v2\/users\/9"}],"replies":[{"embeddable":true,"href":"https:\/\/elfsight.com\/es\/wp-json\/wp\/v2\/comments?post=7586"}],"version-history":[{"count":2,"href":"https:\/\/elfsight.com\/es\/wp-json\/wp\/v2\/pages\/7586\/revisions"}],"predecessor-version":[{"id":18886,"href":"https:\/\/elfsight.com\/es\/wp-json\/wp\/v2\/pages\/7586\/revisions\/18886"}],"up":[{"embeddable":true,"href":"https:\/\/elfsight.com\/es\/wp-json\/wp\/v2\/pages\/1074"}],"wp:attachment":[{"href":"https:\/\/elfsight.com\/es\/wp-json\/wp\/v2\/media?parent=7586"}],"curies":[{"name":"wp","href":"https:\/\/api.w.org\/{rel}","templated":true}]}}