{"id":7581,"date":"1970-01-01T00:00:00","date_gmt":"1970-01-01T00:00:00","guid":{"rendered":"https:\/\/elfsight.com\/es\/?page_id=7581"},"modified":"2025-02-06T15:50:04","modified_gmt":"2025-02-06T15:50:04","slug":"bigcommerce","status":"publish","type":"page","link":"https:\/\/elfsight.com\/es\/podcast-player-widget\/bigcommerce\/","title":{"rendered":"Podcast Player &#8211; BigCommerce"},"content":{"rendered":"<div class=\"application-platform-content-item-description application-platform-content-item\" id=\"description\" data-nav-section=\"description\"> <h2>Descripci\u00f3n<\/h2> <p>Elfsight Podcast Player es una aplicaci\u00f3n sencilla para BigCommerce que le permite transmitir podcasts directamente en su sitio. El widget es extremadamente modificable: puedes alterar su ubicaci\u00f3n, coloc\u00e1ndolo en cualquier lugar de la p\u00e1gina, escalar su tama\u00f1o, volver a pintar el fondo y todos los dem\u00e1s elementos para combinarlo con el estilo de tu sitio web, usar un tema oscuro, mostrar im\u00e1genes y mostrar u ocultar 3 componentes adicionales del reproductor como la barra de progreso y muchos m\u00e1s. Involucre a su audiencia, active la reproducci\u00f3n autom\u00e1tica y no tenga dudas: \u00a1sus visitantes no abandonar\u00e1n su p\u00e1gina de inicio inmediatamente! <\/p> <p><b>Atraiga a sus visitantes proporcion\u00e1ndoles materiales \u00fatiles e interesantes aplicando Elfsight Podcast Player<\/b><\/p> <\/div> <div class=\"application-platform-content-item-features application-platform-content-item\" id=\"features\" data-nav-section=\"features\"> <h2>Vea la lista de las caracter\u00edsticas m\u00e1s importantes: <\/h2> <ul><li>Varias alteraciones de color. <\/li><li>2 dise\u00f1os disponibles. <\/li><li>Posibilidad de a\u00f1adir imagen de fondo. <\/li><li>A\u00f1ade un n\u00famero ilimitado de pistas. <\/li><li>Una opci\u00f3n para dar forma a tu tema de color personalizado. <\/li><\/ul><p><a href=\"#demo\">Puedes verificar si la aplicaci\u00f3n es para ti probando la demostraci\u00f3n<\/a><\/p> <\/div> <div class=\"application-platform-content-item-installation application-platform-content-item\" id=\"installation\" data-nav-section=\"installation\"> <h2>\u00bfC\u00f3mo puedo agregar Podcast Player a mi sitio web de BigCommerce? <\/h2><div class=\"video-container\"><iframe width=\"720\" height=\"405\" src=\"https:\/\/www.youtube.com\/embed\/tS1votuuvSY\" frameborder=\"0\"><\/iframe><\/div><p>Simplemente aplique las instrucciones a continuaci\u00f3n para comenzar a trabajar con la herramienta. <\/p> <ol><li><b>Utilice nuestra demostraci\u00f3n gratuita y comience a crear su widget personalizado. <\/b><br> Especifique la interfaz personalizada y las opciones del widget y aplique todas las correcciones. <\/li> <li><b>Obtenga el c\u00f3digo personal que se muestra en el formulario especial de Elfsight Apps. <\/b><br> Una vez finalizada la configuraci\u00f3n de su widget personal, copie el c\u00f3digo individual en la ventana emergente que aparece y gu\u00e1rdelo para usarlo m\u00e1s adelante. <\/li> <li><b>Iniciar el empleo del widget en el sitio de BigCommerce. <\/b><br>Implemente el c\u00f3digo copiado recientemente en su sitio web y guarde las ediciones. <\/li> <li><b>La instalaci\u00f3n se realiz\u00f3 correctamente. <\/b><br>Visite su p\u00e1gina web para inspeccionar el rendimiento del widget. <\/li><\/ol><p>Si tienes dudas o tienes alg\u00fan problema, no dudes en ponerte en contacto con nuestro equipo de atenci\u00f3n al cliente. Nuestros consultores est\u00e1n ansiosos por resolver todas las preguntas que pueda tener con el complemento. <\/p> <\/div>","protected":false},"excerpt":{"rendered":"","protected":false},"author":9,"featured_media":0,"parent":1074,"menu_order":0,"comment_status":"closed","ping_status":"closed","template":"templates\/template-application-platform.php","meta":{"publish_to_discourse":"","publish_post_category":"","wpdc_auto_publish_overridden":"","wpdc_topic_tags":"","wpdc_pin_topic":"","wpdc_pin_until":"","discourse_post_id":"","discourse_permalink":"","wpdc_publishing_response":"","wpdc_publishing_error":"","footnotes":""},"class_list":["post-7581","page","type-page","status-publish","hentry"],"yoast_head":"<!-- This site is optimized with the Yoast SEO plugin v25.3.1 - https:\/\/yoast.com\/wordpress\/plugins\/seo\/ -->\n<title>Elfsight Podcast Player para el sitio web de BigCommerce (r\u00e1pido y gratuito)<\/title>\n<meta name=\"description\" content=\"Utilice nuestra demostraci\u00f3n accesible e introduzca un reproductor de podcasts responsivo en su p\u00e1gina web de BigCommerce. \u00a1Implemente nuestra demostraci\u00f3n manejable y cree su complemento personalizado en 1-2-3!\" \/>\n<meta name=\"robots\" content=\"index, follow, max-snippet:-1, max-image-preview:large, max-video-preview:-1\" \/>\n<link rel=\"canonical\" href=\"https:\/\/elfsight.com\/es\/podcast-player-widget\/bigcommerce\/\" \/>\n<meta property=\"og:locale\" content=\"es_ES\" \/>\n<meta property=\"og:type\" content=\"article\" \/>\n<meta property=\"og:title\" content=\"Elfsight Podcast Player para el sitio web de BigCommerce (r\u00e1pido y gratuito)\" \/>\n<meta property=\"og:description\" content=\"Utilice nuestra demostraci\u00f3n accesible e introduzca un reproductor de podcasts responsivo en su p\u00e1gina web de BigCommerce. \u00a1Implemente nuestra demostraci\u00f3n manejable y cree su complemento personalizado en 1-2-3!\" \/>\n<meta property=\"og:url\" content=\"https:\/\/elfsight.com\/es\/podcast-player-widget\/bigcommerce\/\" \/>\n<meta property=\"og:site_name\" content=\"Elfsight ES\" \/>\n<meta property=\"article:modified_time\" content=\"2025-02-06T15:50:04+00:00\" \/>\n<meta name=\"twitter:card\" content=\"summary_large_image\" \/>\n<meta name=\"twitter:label1\" content=\"Tiempo de lectura\" \/>\n\t<meta name=\"twitter:data1\" content=\"2 minutos\" \/>\n<!-- \/ Yoast SEO plugin. -->","yoast_head_json":{"title":"Elfsight Podcast Player para el sitio web de BigCommerce (r\u00e1pido y gratuito)","description":"Utilice nuestra demostraci\u00f3n accesible e introduzca un reproductor de podcasts responsivo en su p\u00e1gina web de BigCommerce. \u00a1Implemente nuestra demostraci\u00f3n manejable y cree su complemento personalizado en 1-2-3!","robots":{"index":"index","follow":"follow","max-snippet":"max-snippet:-1","max-image-preview":"max-image-preview:large","max-video-preview":"max-video-preview:-1"},"canonical":"https:\/\/elfsight.com\/es\/podcast-player-widget\/bigcommerce\/","og_locale":"es_ES","og_type":"article","og_title":"Elfsight Podcast Player para el sitio web de BigCommerce (r\u00e1pido y gratuito)","og_description":"Utilice nuestra demostraci\u00f3n accesible e introduzca un reproductor de podcasts responsivo en su p\u00e1gina web de BigCommerce. \u00a1Implemente nuestra demostraci\u00f3n manejable y cree su complemento personalizado en 1-2-3!","og_url":"https:\/\/elfsight.com\/es\/podcast-player-widget\/bigcommerce\/","og_site_name":"Elfsight ES","article_modified_time":"2025-02-06T15:50:04+00:00","twitter_card":"summary_large_image","twitter_misc":{"Tiempo de lectura":"2 minutos"},"schema":{"@context":"https:\/\/schema.org","@graph":[{"@type":"WebPage","@id":"https:\/\/elfsight.com\/es\/podcast-player-widget\/bigcommerce\/","url":"https:\/\/elfsight.com\/es\/podcast-player-widget\/bigcommerce\/","name":"Elfsight Podcast Player para el sitio web de BigCommerce (r\u00e1pido y gratuito)","isPartOf":{"@id":"https:\/\/elfsight.com\/es\/#website"},"datePublished":"1970-01-01T00:00:00+00:00","dateModified":"2025-02-06T15:50:04+00:00","description":"Utilice nuestra demostraci\u00f3n accesible e introduzca un reproductor de podcasts responsivo en su p\u00e1gina web de BigCommerce. \u00a1Implemente nuestra demostraci\u00f3n manejable y cree su complemento personalizado en 1-2-3!","breadcrumb":{"@id":"https:\/\/elfsight.com\/es\/podcast-player-widget\/bigcommerce\/#breadcrumb"},"inLanguage":"es","potentialAction":[{"@type":"ReadAction","target":["https:\/\/elfsight.com\/es\/podcast-player-widget\/bigcommerce\/"]}]},{"@type":"BreadcrumbList","@id":"https:\/\/elfsight.com\/es\/podcast-player-widget\/bigcommerce\/#breadcrumb","itemListElement":[{"@type":"ListItem","position":1,"name":"Home","item":"https:\/\/elfsight.com\/es\/"},{"@type":"ListItem","position":2,"name":"Podcast Player","item":"https:\/\/elfsight.com\/es\/podcast-player-widget\/"},{"@type":"ListItem","position":3,"name":"Podcast Player &#8211; BigCommerce"}]},{"@type":"WebSite","@id":"https:\/\/elfsight.com\/es\/#website","url":"https:\/\/elfsight.com\/es\/","name":"Elfsight ES","description":"Just another Elfsight Sites site","potentialAction":[{"@type":"SearchAction","target":{"@type":"EntryPoint","urlTemplate":"https:\/\/elfsight.com\/es\/?s={search_term_string}"},"query-input":{"@type":"PropertyValueSpecification","valueRequired":true,"valueName":"search_term_string"}}],"inLanguage":"es"}]}},"meta_box":{"industry":"","seo_heading":"","heading":"","description":"","cta_heading":"","cta_description":"","application":"1073","h1":"Aplicaci\u00f3n BigCommerce Podcast Player","h1_caption":"Incorpore un reproductor de podcasts directamente en su sitio web, lo que permitir\u00e1 a los usuarios escuchar sus episodios sin salir de la p\u00e1gina de su sitio web BigCommerce sin esfuerzo.","application_category":[],"applications_title":"","applications_request_title":"","applications_request_button_text":"","hero_text":"","hero_video":"","hero_video_schema_markup":"","selling_points_title":"","selling_points_caption":"","selling_points":[],"selling_points_cta_text":"","features_title":"","features":"","ed_cta_examples_text":"","ed_cta_examples_hidden":"","ed_cta_demo_text":"","ed_cta_demo_hidden":"","why_caption":"","why_editor_title":"","why_editor_text":"","why_team_title":"","why_team_text":"","why_service_title":"","why_service_text":"","template_catalog_visible":"","template_catalog_title":"","template_catalog_text":"","template_catalog_categories_visible":"","demo_title":"Crea tu aplicaci\u00f3n Podcast Player","demo_caption":"\u00a1Configure su Podcast Player y agr\u00e9guelo a su sitio web de BigCommerce gratis!","default_faq_hidden":"","app_template_category":[],"platform":"33","template_public_id":"","codecanyon_url":"","codecanyon_item_id":"","codecanyon_price":"","pricing_caption":"","pricing_elfsight_apps_hide_column":"","pricing_elfsight_apps_url":"","pricing_codecanyon_price_caption":"","integration_category":[],"integration_request_title":"","integration_request_cta":"","integration_platform":"","integrations":[],"platform_category":[],"video_schema_markup":"","price":"desde $0 \/ mes","trial":"","benefits":[{"text":"Ayuda de instalaci\u00f3n gratuita"},{"text":"Soporte premium"},{"text":"Garant\u00eda de reembolso de 14 d\u00edas"},{"text":"Mejoras peri\u00f3dicas gratuitas"}],"button_url":"#demo","button_target_blank":"","button_nofollow":"","attributes":[{"name":"Instalaciones","content":"10,000 - 100,000"},{"name":"Sensible","content":"S\u00ed"},{"name":"Navegadores compatibles","content":"Firefox, Safari, Opera, Chrome, Edge"}],"tags":[],"tags_disable_links":"","hide_more_platforms":"","video_object":"","demo_hide_cta":"","demo_hide_cloud_options":"","pricing_title":"","pricing":[{"pricing_icon":"platform","pricing_title":"Elfsight Apps","pricing_title_caption":"Versi\u00f3n independiente de la plataforma que se adapta a cualquier sitio web","pricing_price":"desde $0 \/ mes","pricing_price_caption":"comienza con un plan gratuito","pricing_benefits":[{"text":"Dominios ilimitados"},{"text":"Soporte r\u00e1pido, puntual y bien documentado."},{"text":"Servicio de instalaci\u00f3n gratuito"},{"text":"Dise\u00f1o flexible"}],"pricing_button_text":"A\u00f1adir al sitio web","pricing_button_url":"#demo"}],"related_apps_title":"","related_apps_hidden":"","author":"","image":[],"title":"","job":"","social_networks":[]},"_links":{"self":[{"href":"https:\/\/elfsight.com\/es\/wp-json\/wp\/v2\/pages\/7581","targetHints":{"allow":["GET"]}}],"collection":[{"href":"https:\/\/elfsight.com\/es\/wp-json\/wp\/v2\/pages"}],"about":[{"href":"https:\/\/elfsight.com\/es\/wp-json\/wp\/v2\/types\/page"}],"author":[{"embeddable":true,"href":"https:\/\/elfsight.com\/es\/wp-json\/wp\/v2\/users\/9"}],"replies":[{"embeddable":true,"href":"https:\/\/elfsight.com\/es\/wp-json\/wp\/v2\/comments?post=7581"}],"version-history":[{"count":2,"href":"https:\/\/elfsight.com\/es\/wp-json\/wp\/v2\/pages\/7581\/revisions"}],"predecessor-version":[{"id":18887,"href":"https:\/\/elfsight.com\/es\/wp-json\/wp\/v2\/pages\/7581\/revisions\/18887"}],"up":[{"embeddable":true,"href":"https:\/\/elfsight.com\/es\/wp-json\/wp\/v2\/pages\/1074"}],"wp:attachment":[{"href":"https:\/\/elfsight.com\/es\/wp-json\/wp\/v2\/media?parent=7581"}],"curies":[{"name":"wp","href":"https:\/\/api.w.org\/{rel}","templated":true}]}}