{"id":7578,"date":"1970-01-01T00:00:00","date_gmt":"1970-01-01T00:00:00","guid":{"rendered":"https:\/\/elfsight.com\/es\/?page_id=7578"},"modified":"2025-02-06T15:50:04","modified_gmt":"2025-02-06T15:50:04","slug":"woocommerce","status":"publish","type":"page","link":"https:\/\/elfsight.com\/es\/portfolio-widget\/woocommerce\/","title":{"rendered":"Portfolio &#8211; WooCommerce"},"content":{"rendered":"<div class=\"application-platform-content-item-description application-platform-content-item\" id=\"description\" data-nav-section=\"description\"><h2>Descripci\u00f3n<\/h2><p>El widget Elfsight Portfolio est\u00e1 dise\u00f1ado para ayudar a cada usuario que necesita publicar su incre\u00edble portafolio en el sitio web y tener m\u00e1s clientes nuevos. Con la ayuda del widget, podr\u00e1 mostrar colecciones de fotograf\u00edas, cintas de v\u00eddeo, dibujos y otro contenido del proyecto. Cada archivo de proyecto puede ir acompa\u00f1ado de una descripci\u00f3n completa y una fecha. Puede vincular proyectos a sitios web y dividir proyectos en grupos. Los usuarios del sitio web comprobar\u00e1n su cartera, har\u00e1n clic en cada proyecto y ver\u00e1n todas las im\u00e1genes y v\u00eddeos directamente en su p\u00e1gina de inicio. El encabezado del widget revela su nombre, foto y detalles de contacto, lo que facilita contactarlo. El bot\u00f3n Activo llevar\u00e1 a las personas a la p\u00e1gina de pedidos y le ayudar\u00e1 a ampliar la cantidad de ventas. <\/p><div class=\"faq\" data-component=\"FAQ\"><div class=\"faq-item\">\r\n\t\t\t\t\t<div class=\"faq-item-question\">\r\n\t\t\t\t\t\t<h3 class=\"faq-item-question-text\">\u00bfDe qu\u00e9 manera incrusto un portafolio en mi WooCommerce?<\/h3>\r\n\r\n\t\t\t\t\t\t<div class=\"faq-item-question-icon\"><\/div>\r\n\t\t\t\t\t<\/div>\r\n\r\n\t\t\t\t\t<div class=\"faq-item-answer\">\r\n\t\t\t\t\t\t<div class=\"faq-item-answer-text\"><p>La creaci\u00f3n de la herramienta se realiza en las p\u00e1ginas de Elfsight y no es necesario aprender a codificar. Utilice nuestra demostraci\u00f3n activa para dar forma a su propia herramienta, adquirir el c\u00f3digo e implementarlo en su sitio web. <\/p><\/div>\r\n\t\t\t\t\t<\/div>\r\n\t\t\t\t<\/div><div class=\"faq-item\">\r\n\t\t\t\t\t<div class=\"faq-item-question\">\r\n\t\t\t\t\t\t<h3 class=\"faq-item-question-text\">Los mejores ejemplos de uso de integraci\u00f3n de portafolios de sitios web con im\u00e1genes<\/h3>\r\n\r\n\t\t\t\t\t\t<div class=\"faq-item-question-icon\"><\/div>\r\n\t\t\t\t\t<\/div>\r\n\r\n\t\t\t\t\t<div class=\"faq-item-answer\">\r\n\t\t\t\t\t\t<div class=\"faq-item-answer-text\"><p>Tenemos una gran cantidad de opciones de personalizaci\u00f3n: widgets de tama\u00f1o completo para insertar en el \u00e1rea de contenido, complementos flotantes con oportunidades de desplazamiento, dise\u00f1os para el pie de p\u00e1gina, encabezado y todas las variaciones de oportunidades verticales para men\u00fas y barras laterales del sitio web. <\/p><\/div>\r\n\t\t\t\t\t<\/div>\r\n\t\t\t\t<\/div><div class=\"faq-item\">\r\n\t\t\t\t\t<div class=\"faq-item-question\">\r\n\t\t\t\t\t\t<h3 class=\"faq-item-question-text\">\u00bfExiste una opci\u00f3n para crear una galer\u00eda o un portafolio de controles deslizantes a trav\u00e9s de la agencia de su editor? <\/h3>\r\n\r\n\t\t\t\t\t\t<div class=\"faq-item-question-icon\"><\/div>\r\n\t\t\t\t\t<\/div>\r\n\r\n\t\t\t\t\t<div class=\"faq-item-answer\">\r\n\t\t\t\t\t\t<div class=\"faq-item-answer-text\"><p>Puede crear cualquier modificaci\u00f3n de widget. Hay muchos dise\u00f1os disponibles en el editor y todos ellos se pueden ajustar f\u00e1cilmente de la manera que necesites. <\/p><\/div>\r\n\t\t\t\t\t<\/div>\r\n\t\t\t\t<\/div><\/div><\/div> <div class=\"application-platform-content-item-features application-platform-content-item\" id=\"features\" data-nav-section=\"features\"><h2>Caracter\u00edsticas<\/h2><p>Para formar un conocimiento claro del widget, descubra la lista de las caracter\u00edsticas principales. Hacen que nuestro widget sea m\u00e1s eficiente para usted: <\/p><ul><li>Muestre cualquier n\u00famero de proyectos y agregue sus t\u00edtulos; <\/li><li>Establecer grupos y asignarles proyectos<\/li><li>Establecer qu\u00e9 datos mostrar en la ventana emergente y pasar el mouse; <\/li><li>La opci\u00f3n de agregar textos y fechas a los archivos en el proyecto<\/li><li>El bot\u00f3n de llamada a la acci\u00f3n en el encabezado del widget y en la ventana emergente redirige a los clientes a cualquier sitio web<\/li><\/ul><p><a href=\"#demo\">Para consultar una lista completa de funciones, consulte nuestra demostraci\u00f3n<\/a><\/p><\/div> <div class=\"application-platform-content-item-installation application-platform-content-item\" id=\"installation\" data-nav-section=\"installation\"><h2>\u00bfC\u00f3mo puedo agregar Portfolio a mi sitio web WooCommerce? <\/h2><p>Simplemente siga varios pasos que se detallan a continuaci\u00f3n para activar la herramienta. <\/p><ol><li><b>Abre nuestro configurador gratuito y empieza a crear tu propio widget. <\/b><br>Encuentre el dise\u00f1o y las caracter\u00edsticas preferibles de la herramienta y guarde las ediciones. <\/li><li><b>Copia tu c\u00f3digo \u00fanico que aparece en el formulario especial de Elfsight Apps. <\/b><br>Inmediatamente despu\u00e9s de que finalice la generaci\u00f3n de su complemento, copie el c\u00f3digo personal en el cuadro que aparece y gu\u00e1rdelo para usarlo m\u00e1s adelante. <\/li><li><b>Empiece a utilizar el widget en su sitio WooCommerce. <\/b><br>A\u00f1ade el c\u00f3digo copiado anteriormente en tu sitio web y aplica las mejoras. <\/li><li><b>\u00a1Listo! La configuraci\u00f3n ha finalizado por completo. <\/b><br>Vaya a su sitio web para inspeccionar c\u00f3mo funciona el widget. <\/li><\/ol><p>En caso de enfrentar preguntas o enfrentar alg\u00fan obst\u00e1culo, no dude en comunicarse con nuestro equipo de atenci\u00f3n al cliente. Nuestra gente estar\u00e1 encantada de resolver todos los problemas que puedas tener con el widget.<\/p><\/div>","protected":false},"excerpt":{"rendered":"","protected":false},"author":9,"featured_media":0,"parent":1093,"menu_order":0,"comment_status":"closed","ping_status":"closed","template":"templates\/template-application-platform.php","meta":{"publish_to_discourse":"","publish_post_category":"","wpdc_auto_publish_overridden":"","wpdc_topic_tags":"","wpdc_pin_topic":"","wpdc_pin_until":"","discourse_post_id":"","discourse_permalink":"","wpdc_publishing_response":"","wpdc_publishing_error":"","footnotes":""},"class_list":["post-7578","page","type-page","status-publish","hentry"],"yoast_head":"<!-- This site is optimized with the Yoast SEO plugin v25.3.1 - https:\/\/yoast.com\/wordpress\/plugins\/seo\/ -->\n<title>Portafolio de WooCommerce: agregue el complemento Portafolio al sitio web de WooCommerce<\/title>\n<meta name=\"description\" content=\"Es f\u00e1cil crear su complemento Portfolio y agregarlo al sitio web de WooCommerce. Elfsight ofrece servicio al cliente gratuito.\" \/>\n<meta name=\"robots\" content=\"index, follow, max-snippet:-1, max-image-preview:large, max-video-preview:-1\" \/>\n<link rel=\"canonical\" href=\"https:\/\/elfsight.com\/es\/portfolio-widget\/woocommerce\/\" \/>\n<meta property=\"og:locale\" content=\"es_ES\" \/>\n<meta property=\"og:type\" content=\"article\" \/>\n<meta property=\"og:title\" content=\"Portafolio de WooCommerce: agregue el complemento Portafolio al sitio web de WooCommerce\" \/>\n<meta property=\"og:description\" content=\"Es f\u00e1cil crear su complemento Portfolio y agregarlo al sitio web de WooCommerce. Elfsight ofrece servicio al cliente gratuito.\" \/>\n<meta property=\"og:url\" content=\"https:\/\/elfsight.com\/es\/portfolio-widget\/woocommerce\/\" \/>\n<meta property=\"og:site_name\" content=\"Elfsight ES\" \/>\n<meta property=\"article:modified_time\" content=\"2025-02-06T15:50:04+00:00\" \/>\n<meta name=\"twitter:card\" content=\"summary_large_image\" \/>\n<meta name=\"twitter:label1\" content=\"Tiempo de lectura\" \/>\n\t<meta name=\"twitter:data1\" content=\"3 minutos\" \/>\n<!-- \/ Yoast SEO plugin. -->","yoast_head_json":{"title":"Portafolio de WooCommerce: agregue el complemento Portafolio al sitio web de WooCommerce","description":"Es f\u00e1cil crear su complemento Portfolio y agregarlo al sitio web de WooCommerce. Elfsight ofrece servicio al cliente gratuito.","robots":{"index":"index","follow":"follow","max-snippet":"max-snippet:-1","max-image-preview":"max-image-preview:large","max-video-preview":"max-video-preview:-1"},"canonical":"https:\/\/elfsight.com\/es\/portfolio-widget\/woocommerce\/","og_locale":"es_ES","og_type":"article","og_title":"Portafolio de WooCommerce: agregue el complemento Portafolio al sitio web de WooCommerce","og_description":"Es f\u00e1cil crear su complemento Portfolio y agregarlo al sitio web de WooCommerce. Elfsight ofrece servicio al cliente gratuito.","og_url":"https:\/\/elfsight.com\/es\/portfolio-widget\/woocommerce\/","og_site_name":"Elfsight ES","article_modified_time":"2025-02-06T15:50:04+00:00","twitter_card":"summary_large_image","twitter_misc":{"Tiempo de lectura":"3 minutos"},"schema":{"@context":"https:\/\/schema.org","@graph":[{"@type":"WebPage","@id":"https:\/\/elfsight.com\/es\/portfolio-widget\/woocommerce\/","url":"https:\/\/elfsight.com\/es\/portfolio-widget\/woocommerce\/","name":"Portafolio de WooCommerce: agregue el complemento Portafolio al sitio web de WooCommerce","isPartOf":{"@id":"https:\/\/elfsight.com\/es\/#website"},"datePublished":"1970-01-01T00:00:00+00:00","dateModified":"2025-02-06T15:50:04+00:00","description":"Es f\u00e1cil crear su complemento Portfolio y agregarlo al sitio web de WooCommerce. Elfsight ofrece servicio al cliente gratuito.","breadcrumb":{"@id":"https:\/\/elfsight.com\/es\/portfolio-widget\/woocommerce\/#breadcrumb"},"inLanguage":"es","potentialAction":[{"@type":"ReadAction","target":["https:\/\/elfsight.com\/es\/portfolio-widget\/woocommerce\/"]}]},{"@type":"BreadcrumbList","@id":"https:\/\/elfsight.com\/es\/portfolio-widget\/woocommerce\/#breadcrumb","itemListElement":[{"@type":"ListItem","position":1,"name":"Home","item":"https:\/\/elfsight.com\/es\/"},{"@type":"ListItem","position":2,"name":"Portfolio","item":"https:\/\/elfsight.com\/es\/portfolio-widget\/"},{"@type":"ListItem","position":3,"name":"Portfolio &#8211; WooCommerce"}]},{"@type":"WebSite","@id":"https:\/\/elfsight.com\/es\/#website","url":"https:\/\/elfsight.com\/es\/","name":"Elfsight ES","description":"Just another Elfsight Sites site","potentialAction":[{"@type":"SearchAction","target":{"@type":"EntryPoint","urlTemplate":"https:\/\/elfsight.com\/es\/?s={search_term_string}"},"query-input":{"@type":"PropertyValueSpecification","valueRequired":true,"valueName":"search_term_string"}}],"inLanguage":"es"}]}},"meta_box":{"industry":"","seo_heading":"","heading":"","description":"","cta_heading":"","cta_description":"","application":"1092","h1":"Complemento de cartera de WooCommerce","h1_caption":"Muestre su trabajo en un portafolio personalizable, lo que facilita mostrar sus proyectos y logros en su sitio web WooCommerce sin esfuerzo.","application_category":[],"applications_title":"","applications_request_title":"","applications_request_button_text":"","hero_text":"","hero_video":"","hero_video_schema_markup":"","selling_points_title":"","selling_points_caption":"","selling_points":[],"selling_points_cta_text":"","features_title":"","features":"","ed_cta_examples_text":"","ed_cta_examples_hidden":"","ed_cta_demo_text":"","ed_cta_demo_hidden":"","why_caption":"","why_editor_title":"","why_editor_text":"","why_team_title":"","why_team_text":"","why_service_title":"","why_service_text":"","template_catalog_visible":"","template_catalog_title":"","template_catalog_text":"","template_catalog_categories_visible":"","demo_title":"Crea tu aplicaci\u00f3n Portafolio","demo_caption":"\u00a1Configure su Portafolio y agr\u00e9guelo a su sitio web WooCommerce gratis!","default_faq_hidden":"","app_template_category":[],"platform":"2311","template_public_id":"","codecanyon_url":"","codecanyon_item_id":"","codecanyon_price":"","pricing_caption":"","pricing_elfsight_apps_hide_column":"","pricing_elfsight_apps_url":"","pricing_codecanyon_price_caption":"","integration_category":[],"integration_request_title":"","integration_request_cta":"","integration_platform":"","integrations":[],"platform_category":[],"video_schema_markup":"","price":"desde $0 \/ mes","trial":"","benefits":[{"text":"Ayuda de instalaci\u00f3n gratuita"},{"text":"Servicio al cliente competente"},{"text":"Garant\u00eda de reembolso de 14 d\u00edas"},{"text":"Mejoras gratuitas de por vida"}],"button_url":"#demo","button_target_blank":"","button_nofollow":"","attributes":[{"name":"Instalaciones","content":"10,000 - 100,000"},{"name":"Sensible","content":"S\u00ed"},{"name":"Navegadores compatibles","content":"Firefox, Safari, Opera, Chrome, Edge"}],"tags":[],"tags_disable_links":"","hide_more_platforms":"","video_object":"","demo_hide_cta":"","demo_hide_cloud_options":"","pricing_title":"","pricing":[{"pricing_icon":"platform","pricing_title":"Elfsight Apps","pricing_title_caption":"Versi\u00f3n multiplataforma que se adapta a cualquier sitio.","pricing_price":"desde $0 \/ mes","pricing_price_caption":"comienza con un plan gratuito","pricing_benefits":[{"text":"Dominios ilimitados"},{"text":"Soporte gratuito, puntual y bien documentado."},{"text":"Servicio de instalaci\u00f3n gratuito"},{"text":"100% personalizable"}],"pricing_button_text":"A\u00f1adir al sitio web","pricing_button_url":"#demo"}],"related_apps_title":"","related_apps_hidden":"","author":"","image":[],"title":"","job":"","social_networks":[]},"_links":{"self":[{"href":"https:\/\/elfsight.com\/es\/wp-json\/wp\/v2\/pages\/7578","targetHints":{"allow":["GET"]}}],"collection":[{"href":"https:\/\/elfsight.com\/es\/wp-json\/wp\/v2\/pages"}],"about":[{"href":"https:\/\/elfsight.com\/es\/wp-json\/wp\/v2\/types\/page"}],"author":[{"embeddable":true,"href":"https:\/\/elfsight.com\/es\/wp-json\/wp\/v2\/users\/9"}],"replies":[{"embeddable":true,"href":"https:\/\/elfsight.com\/es\/wp-json\/wp\/v2\/comments?post=7578"}],"version-history":[{"count":2,"href":"https:\/\/elfsight.com\/es\/wp-json\/wp\/v2\/pages\/7578\/revisions"}],"predecessor-version":[{"id":18889,"href":"https:\/\/elfsight.com\/es\/wp-json\/wp\/v2\/pages\/7578\/revisions\/18889"}],"up":[{"embeddable":true,"href":"https:\/\/elfsight.com\/es\/wp-json\/wp\/v2\/pages\/1093"}],"wp:attachment":[{"href":"https:\/\/elfsight.com\/es\/wp-json\/wp\/v2\/media?parent=7578"}],"curies":[{"name":"wp","href":"https:\/\/api.w.org\/{rel}","templated":true}]}}