{"id":7572,"date":"1970-01-01T00:00:00","date_gmt":"1970-01-01T00:00:00","guid":{"rendered":"https:\/\/elfsight.com\/es\/?page_id=7572"},"modified":"2025-02-06T15:50:12","modified_gmt":"2025-02-06T15:50:12","slug":"weebly","status":"publish","type":"page","link":"https:\/\/elfsight.com\/es\/portfolio-widget\/weebly\/","title":{"rendered":"Portfolio &#8211; Weebly"},"content":{"rendered":"<div class=\"application-platform-content-item-description application-platform-content-item\" id=\"description\" data-nav-section=\"description\"><h2>Descripci\u00f3n<\/h2><p>La aplicaci\u00f3n Elfsight Portfolio tiene como objetivo ayudar a todos los que tienen la tarea de presentar su colecci\u00f3n de trabajos en el sitio y aumentar el n\u00famero de nuevos clientes. Con la ayuda de esta herramienta, puedes mostrar proyectos con im\u00e1genes, videos, maquetas y otros materiales. Cada contenido puede tener una descripci\u00f3n detallada y una fecha. Tiene la oportunidad de vincular proyectos a sus sitios y dividir proyectos en grupos. Los usuarios ver\u00e1n su portafolio, har\u00e1n clic en cada proyecto y ver\u00e1n su contenido directamente en el sitio. El encabezado de la aplicaci\u00f3n muestra su nombre, foto y datos de contacto, que permiten comunicarse con usted. El bot\u00f3n de llamada a la acci\u00f3n redirigir\u00e1 a las personas a la p\u00e1gina de pedidos y le ayudar\u00e1 a aumentar el n\u00famero de ventas.<\/p><div class=\"faq\" data-component=\"FAQ\"><div class=\"faq-item\">\r\n\t\t\t\t\t<div class=\"faq-item-question\">\r\n\t\t\t\t\t\t<h3 class=\"faq-item-question-text\">\u00bfDe qu\u00e9 manera puedo insertar un portafolio en el sitio web de Weebly? <\/h3>\r\n\r\n\t\t\t\t\t\t<div class=\"faq-item-question-icon\"><\/div>\r\n\t\t\t\t\t<\/div>\r\n\r\n\t\t\t\t\t<div class=\"faq-item-answer\">\r\n\t\t\t\t\t\t<div class=\"faq-item-answer-text\"><p>La construcci\u00f3n de la herramienta ocurre en las p\u00e1ginas de Elfsight y no necesita aprender a codificar. Vaya a la demostraci\u00f3n activa para personalizar su propia aplicaci\u00f3n, obtenga el c\u00f3digo y agr\u00e9guelo a su sitio. <\/p><\/div>\r\n\t\t\t\t\t<\/div>\r\n\t\t\t\t<\/div><div class=\"faq-item\">\r\n\t\t\t\t\t<div class=\"faq-item-question\">\r\n\t\t\t\t\t\t<h3 class=\"faq-item-question-text\">Las mejores formas de utilizar la integraci\u00f3n de sitios web de cartera<\/h3>\r\n\r\n\t\t\t\t\t\t<div class=\"faq-item-question-icon\"><\/div>\r\n\t\t\t\t\t<\/div>\r\n\r\n\t\t\t\t\t<div class=\"faq-item-answer\">\r\n\t\t\t\t\t\t<div class=\"faq-item-answer-text\"><p>Tenemos muchas oportunidades de personalizaci\u00f3n: widgets de tama\u00f1o completo para agregar al \u00e1rea de contenido, complementos flotantes para opciones de desplazamiento, dise\u00f1os para el pie de p\u00e1gina, la secci\u00f3n principal y todo tipo de posibilidades verticales para men\u00fas y barras laterales del sitio web. <\/p><\/div>\r\n\t\t\t\t\t<\/div>\r\n\t\t\t\t<\/div><div class=\"faq-item\">\r\n\t\t\t\t\t<div class=\"faq-item-question\">\r\n\t\t\t\t\t\t<h3 class=\"faq-item-question-text\">\u00bfPuedo crear un portafolio de videos o controles deslizantes con tu editor? <\/h3>\r\n\r\n\t\t\t\t\t\t<div class=\"faq-item-question-icon\"><\/div>\r\n\t\t\t\t\t<\/div>\r\n\r\n\t\t\t\t\t<div class=\"faq-item-answer\">\r\n\t\t\t\t\t\t<div class=\"faq-item-answer-text\"><p>Eres libre de crear las modificaciones de cualquier widget. Hay muchos dise\u00f1os aplicables en el editor y todos ellos se pueden personalizar r\u00e1pidamente seg\u00fan lo necesite. <\/p><\/div>\r\n\t\t\t\t\t<\/div>\r\n\t\t\t\t<\/div><\/div><\/div><div class=\"application-platform-content-item-features application-platform-content-item\" id=\"features\" data-nav-section=\"features\"><h2>Caracter\u00edsticas<\/h2><p>Para formar un mejor conocimiento de la aplicaci\u00f3n Weebly Portfolio, consulte la lista de funciones esenciales. Hacen que este widget sea realmente efectivo para su sitio web:<\/p><ul><li>Demuestra cualquier cantidad de proyectos con t\u00edtulos;<\/li><li>Establece grupos y une proyectos en ellos;<\/li><li>Establece los tipos de datos para demostrar en la ventana emergente y pasa el mouse;<\/li><li>La opci\u00f3n de escribir descripciones y agregar fechas a todos los archivos en el proyecto;<\/li><li>El bot\u00f3n activo en el encabezado de la aplicaci\u00f3n y en la ventana emergente lleva a los usuarios a cualquier sitio web.<\/li><\/ul><p><a href=\"#demo\">Nuestra demostraci\u00f3n le revelar\u00e1 m\u00e1s funciones<\/a><\/p><\/div><div class=\"application-platform-content-item-installation application-platform-content-item\" id=\"installation\" data-nav-section=\"installation\"><h2>C\u00f3mo agregar la aplicaci\u00f3n Portfolio en su p\u00e1gina Weebly<\/h2><div class=\"video-container\"><iframe width=\"720\" height=\"405\" src=\"https:\/\/www.youtube.com\/embed\/MsYgBRLS61M\" frameborder=\"0\"><\/iframe><\/div><p>Lo \u00fanico que necesita hacer para demostrar el widget es un par de sencillos pasos.<\/p><ol><li><b>Utilice nuestra demostraci\u00f3n gratuita y comience a crear su aplicaci\u00f3n \u00fanica. <\/b><br> Elija la forma personalizada y los aspectos de la aplicaci\u00f3n y aplique todas las ediciones. <\/li> <li><b>Adquiera el c\u00f3digo individual que aparece en el cuadro de Elfsight Apps. <\/b><br> Tan pronto como se complete el establecimiento de su aplicaci\u00f3n, copie el c\u00f3digo individual de la ventana emergente que aparece y gu\u00e1rdelo para futuras necesidades. <\/li> <li><b>Comience a utilizar la aplicaci\u00f3n en la p\u00e1gina web de Weebly. <\/b><br> Inserta el c\u00f3digo guardado anteriormente en tu p\u00e1gina y guarda las correcciones. <\/li> <li><b>La instalaci\u00f3n se realiz\u00f3 correctamente. <\/b><br> Vaya a su sitio web para ver c\u00f3mo funciona la aplicaci\u00f3n. <\/li><\/ol><p>\u00bfA\u00fan no puedes decidirte? \u00bfO tener problemas? Simplemente escriba una solicitud a nuestro servicio de atenci\u00f3n al cliente. Resolveremos cada pregunta.<\/p><\/div>","protected":false},"excerpt":{"rendered":"","protected":false},"author":9,"featured_media":0,"parent":1093,"menu_order":0,"comment_status":"closed","ping_status":"closed","template":"templates\/template-application-platform.php","meta":{"publish_to_discourse":"","publish_post_category":"","wpdc_auto_publish_overridden":"","wpdc_topic_tags":"","wpdc_pin_topic":"","wpdc_pin_until":"","discourse_post_id":"","discourse_permalink":"","wpdc_publishing_response":"","wpdc_publishing_error":"","footnotes":""},"class_list":["post-7572","page","type-page","status-publish","hentry"],"yoast_head":"<!-- This site is optimized with the Yoast SEO plugin v25.3.1 - https:\/\/yoast.com\/wordpress\/plugins\/seo\/ -->\n<title>Plantilla de aplicaci\u00f3n de portafolio para su sitio web Weebly (gratis y r\u00e1pido)<\/title>\n<meta name=\"description\" content=\"Cree una aplicaci\u00f3n de plantilla de Portafolio y agr\u00e9guela a su sitio Weebly. Disfrutar\u00e1 del servicio de atenci\u00f3n al cliente gratuito y otras bonificaciones de Elfsight.\" \/>\n<meta name=\"robots\" content=\"index, follow, max-snippet:-1, max-image-preview:large, max-video-preview:-1\" \/>\n<link rel=\"canonical\" href=\"https:\/\/elfsight.com\/es\/portfolio-widget\/weebly\/\" \/>\n<meta property=\"og:locale\" content=\"es_ES\" \/>\n<meta property=\"og:type\" content=\"article\" \/>\n<meta property=\"og:title\" content=\"Plantilla de aplicaci\u00f3n de portafolio para su sitio web Weebly (gratis y r\u00e1pido)\" \/>\n<meta property=\"og:description\" content=\"Cree una aplicaci\u00f3n de plantilla de Portafolio y agr\u00e9guela a su sitio Weebly. Disfrutar\u00e1 del servicio de atenci\u00f3n al cliente gratuito y otras bonificaciones de Elfsight.\" \/>\n<meta property=\"og:url\" content=\"https:\/\/elfsight.com\/es\/portfolio-widget\/weebly\/\" \/>\n<meta property=\"og:site_name\" content=\"Elfsight ES\" \/>\n<meta property=\"article:modified_time\" content=\"2025-02-06T15:50:12+00:00\" \/>\n<meta name=\"twitter:card\" content=\"summary_large_image\" \/>\n<meta name=\"twitter:label1\" content=\"Tiempo de lectura\" \/>\n\t<meta name=\"twitter:data1\" content=\"3 minutos\" \/>\n<!-- \/ Yoast SEO plugin. -->","yoast_head_json":{"title":"Plantilla de aplicaci\u00f3n de portafolio para su sitio web Weebly (gratis y r\u00e1pido)","description":"Cree una aplicaci\u00f3n de plantilla de Portafolio y agr\u00e9guela a su sitio Weebly. Disfrutar\u00e1 del servicio de atenci\u00f3n al cliente gratuito y otras bonificaciones de Elfsight.","robots":{"index":"index","follow":"follow","max-snippet":"max-snippet:-1","max-image-preview":"max-image-preview:large","max-video-preview":"max-video-preview:-1"},"canonical":"https:\/\/elfsight.com\/es\/portfolio-widget\/weebly\/","og_locale":"es_ES","og_type":"article","og_title":"Plantilla de aplicaci\u00f3n de portafolio para su sitio web Weebly (gratis y r\u00e1pido)","og_description":"Cree una aplicaci\u00f3n de plantilla de Portafolio y agr\u00e9guela a su sitio Weebly. Disfrutar\u00e1 del servicio de atenci\u00f3n al cliente gratuito y otras bonificaciones de Elfsight.","og_url":"https:\/\/elfsight.com\/es\/portfolio-widget\/weebly\/","og_site_name":"Elfsight ES","article_modified_time":"2025-02-06T15:50:12+00:00","twitter_card":"summary_large_image","twitter_misc":{"Tiempo de lectura":"3 minutos"},"schema":{"@context":"https:\/\/schema.org","@graph":[{"@type":"WebPage","@id":"https:\/\/elfsight.com\/es\/portfolio-widget\/weebly\/","url":"https:\/\/elfsight.com\/es\/portfolio-widget\/weebly\/","name":"Plantilla de aplicaci\u00f3n de portafolio para su sitio web Weebly (gratis y r\u00e1pido)","isPartOf":{"@id":"https:\/\/elfsight.com\/es\/#website"},"datePublished":"1970-01-01T00:00:00+00:00","dateModified":"2025-02-06T15:50:12+00:00","description":"Cree una aplicaci\u00f3n de plantilla de Portafolio y agr\u00e9guela a su sitio Weebly. Disfrutar\u00e1 del servicio de atenci\u00f3n al cliente gratuito y otras bonificaciones de Elfsight.","breadcrumb":{"@id":"https:\/\/elfsight.com\/es\/portfolio-widget\/weebly\/#breadcrumb"},"inLanguage":"es","potentialAction":[{"@type":"ReadAction","target":["https:\/\/elfsight.com\/es\/portfolio-widget\/weebly\/"]}]},{"@type":"BreadcrumbList","@id":"https:\/\/elfsight.com\/es\/portfolio-widget\/weebly\/#breadcrumb","itemListElement":[{"@type":"ListItem","position":1,"name":"Home","item":"https:\/\/elfsight.com\/es\/"},{"@type":"ListItem","position":2,"name":"Portfolio","item":"https:\/\/elfsight.com\/es\/portfolio-widget\/"},{"@type":"ListItem","position":3,"name":"Portfolio &#8211; Weebly"}]},{"@type":"WebSite","@id":"https:\/\/elfsight.com\/es\/#website","url":"https:\/\/elfsight.com\/es\/","name":"Elfsight ES","description":"Just another Elfsight Sites site","potentialAction":[{"@type":"SearchAction","target":{"@type":"EntryPoint","urlTemplate":"https:\/\/elfsight.com\/es\/?s={search_term_string}"},"query-input":{"@type":"PropertyValueSpecification","valueRequired":true,"valueName":"search_term_string"}}],"inLanguage":"es"}]}},"meta_box":{"industry":"","seo_heading":"","heading":"","description":"","cta_heading":"","cta_description":"","application":"1092","h1":"Aplicaci\u00f3n Portafolio Weebly","h1_caption":"Demuestra tus mejores trabajos y proyectos a la vista para tener nuevos clientes","application_category":[],"applications_title":"","applications_request_title":"","applications_request_button_text":"","hero_text":"","hero_video":"","hero_video_schema_markup":"","selling_points_title":"","selling_points_caption":"","selling_points":[],"selling_points_cta_text":"","features_title":"","features":"","ed_cta_examples_text":"","ed_cta_examples_hidden":"","ed_cta_demo_text":"","ed_cta_demo_hidden":"","why_caption":"","why_editor_title":"","why_editor_text":"","why_team_title":"","why_team_text":"","why_service_title":"","why_service_text":"","template_catalog_visible":"","template_catalog_title":"","template_catalog_text":"","template_catalog_categories_visible":"","demo_title":"Crea tu aplicaci\u00f3n Portafolio","demo_caption":"\u00a1Configura tu Portafolio y agr\u00e9galo a tu sitio web Weebly gratis!","default_faq_hidden":"","app_template_category":[],"platform":"109","template_public_id":"","codecanyon_url":"","codecanyon_item_id":"","codecanyon_price":"","pricing_caption":"","pricing_elfsight_apps_hide_column":"","pricing_elfsight_apps_url":"","pricing_codecanyon_price_caption":"","integration_category":[],"integration_request_title":"","integration_request_cta":"","integration_platform":"","integrations":[],"platform_category":[],"video_schema_markup":"","price":"desde $0 \/ mes","trial":"","benefits":[{"text":"Servicio de instalaci\u00f3n gratuito"},{"text":"Servicio al cliente eficaz"},{"text":"Garant\u00eda de reembolso de 14 d\u00edas"},{"text":"Actualizaciones continuas"}],"button_url":"#demo","button_target_blank":"","button_nofollow":"","attributes":[{"name":"Instalaciones","content":"10,000 - 100,000"},{"name":"Sensible","content":"S\u00ed"},{"name":"Navegadores compatibles","content":"Firefox, Safari, Opera, Chrome, Edge"}],"tags":[],"tags_disable_links":"","hide_more_platforms":"","video_object":"","demo_hide_cta":"","demo_hide_cloud_options":"","pricing_title":"","pricing":[{"pricing_icon":"platform","pricing_title":"Elfsight Apps","pricing_title_caption":"Software independiente de la plataforma que funciona en cualquier sitio","pricing_price":"desde $0 \/ mes","pricing_price_caption":"comienza con un plan gratuito","pricing_benefits":[{"text":"Dominios ilimitados"},{"text":"Soporte de la empresa 24 horas al d\u00eda, 7 d\u00edas a la semana y bien documentado."},{"text":"Asistencia de instalaci\u00f3n gratuita"},{"text":"100% personalizable"}],"pricing_button_text":"A\u00f1adir al sitio web","pricing_button_url":"#demo"}],"related_apps_title":"","related_apps_hidden":"","author":"","image":[],"title":"","job":"","social_networks":[]},"_links":{"self":[{"href":"https:\/\/elfsight.com\/es\/wp-json\/wp\/v2\/pages\/7572","targetHints":{"allow":["GET"]}}],"collection":[{"href":"https:\/\/elfsight.com\/es\/wp-json\/wp\/v2\/pages"}],"about":[{"href":"https:\/\/elfsight.com\/es\/wp-json\/wp\/v2\/types\/page"}],"author":[{"embeddable":true,"href":"https:\/\/elfsight.com\/es\/wp-json\/wp\/v2\/users\/9"}],"replies":[{"embeddable":true,"href":"https:\/\/elfsight.com\/es\/wp-json\/wp\/v2\/comments?post=7572"}],"version-history":[{"count":2,"href":"https:\/\/elfsight.com\/es\/wp-json\/wp\/v2\/pages\/7572\/revisions"}],"predecessor-version":[{"id":18891,"href":"https:\/\/elfsight.com\/es\/wp-json\/wp\/v2\/pages\/7572\/revisions\/18891"}],"up":[{"embeddable":true,"href":"https:\/\/elfsight.com\/es\/wp-json\/wp\/v2\/pages\/1093"}],"wp:attachment":[{"href":"https:\/\/elfsight.com\/es\/wp-json\/wp\/v2\/media?parent=7572"}],"curies":[{"name":"wp","href":"https:\/\/api.w.org\/{rel}","templated":true}]}}