{"id":7571,"date":"1970-01-01T00:00:00","date_gmt":"1970-01-01T00:00:00","guid":{"rendered":"https:\/\/elfsight.com\/es\/?page_id=7571"},"modified":"2025-02-06T15:50:12","modified_gmt":"2025-02-06T15:50:12","slug":"webnode","status":"publish","type":"page","link":"https:\/\/elfsight.com\/es\/portfolio-widget\/webnode\/","title":{"rendered":"Portfolio &#8211; Webnode"},"content":{"rendered":"<div class=\"application-platform-content-item-description application-platform-content-item\" id=\"description\" data-nav-section=\"description\"><h2>Descripci\u00f3n<\/h2><p>Elfsight Portfolio se cre\u00f3 para ayudar a todos los que est\u00e9n interesados \u200b\u200ben publicar su biblioteca activa en el sitio web y tener m\u00e1s pedidos nuevos. Con la ayuda de este widget, puede presentar colecciones de fotograf\u00edas, v\u00eddeos, dise\u00f1os y otro contenido de proyectos. Cada archivo de proyecto puede ir acompa\u00f1ado de un texto completo y una fecha. Tiene la oportunidad de vincular proyectos a sus sitios web y crear categor\u00edas de proyectos. Los usuarios ver\u00e1n su portafolio, tocar\u00e1n cada portafolio y ver\u00e1n todos los trabajos directamente en su p\u00e1gina de inicio. El encabezado mostrar\u00e1 su nombre, foto y datos de contacto, lo que facilita ponerse en contacto con usted. El bot\u00f3n CTA llevar\u00e1 a los clientes a la p\u00e1gina de pedido y le ayudar\u00e1 a ampliar el nivel de ventas. <\/p><div class=\"faq\" data-component=\"FAQ\"><div class=\"faq-item\">\r\n\t\t\t\t\t<div class=\"faq-item-question\">\r\n\t\t\t\t\t\t<h3 class=\"faq-item-question-text\">\u00bfEn qu\u00e9 parte de mi sitio web puedo insertar este widget?<\/h3>\r\n\r\n\t\t\t\t\t\t<div class=\"faq-item-question-icon\"><\/div>\r\n\t\t\t\t\t<\/div>\r\n\r\n\t\t\t\t\t<div class=\"faq-item-answer\">\r\n\t\t\t\t\t\t<div class=\"faq-item-answer-text\"> <p>El widget se puede mostrar en cualquier p\u00e1gina de su sitio web, as\u00ed como en todas las p\u00e1ginas. <\/p><\/div>\r\n\t\t\t\t\t<\/div>\r\n\t\t\t\t<\/div><div class=\"faq-item\">\r\n\t\t\t\t\t<div class=\"faq-item-question\">\r\n\t\t\t\t\t\t<h3 class=\"faq-item-question-text\">\u00bfC\u00f3mo me beneficiar\u00eda usarlo?<\/h3>\r\n\r\n\t\t\t\t\t\t<div class=\"faq-item-question-icon\"><\/div>\r\n\t\t\t\t\t<\/div>\r\n\r\n\t\t\t\t\t<div class=\"faq-item-answer\">\r\n\t\t\t\t\t\t<div class=\"faq-item-answer-text\"> <p>Una colecci\u00f3n impresionante de sus materiales demostrar\u00e1 todas sus grandes habilidades y talentos a la audiencia. Les har\u00e1 desear tener lo mismo y usted tendr\u00e1 nuevos clientes. <\/p><\/div>\r\n\t\t\t\t\t<\/div>\r\n\t\t\t\t<\/div><div class=\"faq-item\">\r\n\t\t\t\t\t<div class=\"faq-item-question\">\r\n\t\t\t\t\t\t<h3 class=\"faq-item-question-text\">\u00bfQu\u00e9 necesito para pegar un Portafolio en mi sitio web Webnode?<\/h3>\r\n\r\n\t\t\t\t\t\t<div class=\"faq-item-question-icon\"><\/div>\r\n\t\t\t\t\t<\/div>\r\n\r\n\t\t\t\t\t<div class=\"faq-item-answer\">\r\n\t\t\t\t\t\t<div class=\"faq-item-answer-text\"> <p>El proceso de integraci\u00f3n es s\u00faper r\u00e1pido, gratuito y no incluye codificaci\u00f3n. Puede introducir el widget en su sitio web directamente a trav\u00e9s de nuestro servicio. Para esto, siga la gu\u00eda a continuaci\u00f3n en esta p\u00e1gina. <\/p><\/div>\r\n\t\t\t\t\t<\/div>\r\n\t\t\t\t<\/div><\/div> <\/div> <div class=\"application-platform-content-item-features application-platform-content-item\" id=\"features\" data-nav-section=\"features\"><h2>Caracter\u00edsticas<\/h2><p>Para lograr un mejor conocimiento del widget, consulte la lista de funciones esenciales. Hacen que este widget sea incre\u00edblemente eficiente para su promoci\u00f3n: <\/p><ul><li>Establezca cualquier cantidad de proyectos con t\u00edtulos; <\/li><li>Establezca grupos y divida proyectos en ellos.<\/li><li>Decida qu\u00e9 datos mostrar en la ventana emergente y al pasar el mouse; <\/li><li>La opci\u00f3n de agregar descripciones y asignar fechas a todos los trabajos en el proyecto<\/li><li>El bot\u00f3n activo en el encabezado y en la ventana emergente redirige a los usuarios a cualquier sitio web o p\u00e1gina<\/li><\/ul><p><a href=\"#demo\">Para descubrir todas las funciones, consulte nuestra demostraci\u00f3n en vivo<\/a><\/p><\/div> <div class=\"application-platform-content-item-installation application-platform-content-item\" id=\"installation\" data-nav-section=\"installation\"><h2>C\u00f3mo agregar \u00bfPorfolio en mi sitio web Webnode? <\/h2><p>Simplemente siga las pautas a continuaci\u00f3n para insertar el complemento. <\/p><ol><li><b>Utilice nuestra demostraci\u00f3n gratuita y comience a construir su instrumento personalizado. <\/b><br>Especifique el dise\u00f1o y la funcionalidad preferibles del widget y aplique las ediciones. <\/li><li><b>Copia el c\u00f3digo \u00fanico que aparece en la ventana de Elfsight Apps. <\/b><br>Tan pronto como se complete la personalizaci\u00f3n de su herramienta personal, copie el c\u00f3digo personal de la ventana emergente que aparece y gu\u00e1rdelo para usarlo m\u00e1s adelante. <\/li><li><b>Comenzar a aplicar la herramienta en el sitio web de Webnode. <\/b><br>Ingrese el c\u00f3digo guardado recientemente en su p\u00e1gina y guarde las correcciones. <\/li><li><b>\u00a1Listo! La incrustaci\u00f3n se realiz\u00f3 con \u00e9xito. <\/b><br>Visite su p\u00e1gina para revisar c\u00f3mo se est\u00e1 ejecutando el complemento. <\/li><\/ol><p>En caso de que tengas alg\u00fan problema, no dudes en ponerte en contacto con nuestro equipo de atenci\u00f3n al cliente. Nuestra gente estar\u00e1 encantada de ayudarle con todos los problemas que pueda tener con el producto.<\/p><\/div>","protected":false},"excerpt":{"rendered":"","protected":false},"author":9,"featured_media":0,"parent":1093,"menu_order":0,"comment_status":"closed","ping_status":"closed","template":"templates\/template-application-platform.php","meta":{"publish_to_discourse":"","publish_post_category":"","wpdc_auto_publish_overridden":"","wpdc_topic_tags":"","wpdc_pin_topic":"","wpdc_pin_until":"","discourse_post_id":"","discourse_permalink":"","wpdc_publishing_response":"","wpdc_publishing_error":"","footnotes":""},"class_list":["post-7571","page","type-page","status-publish","hentry"],"yoast_head":"<!-- This site is optimized with the Yoast SEO plugin v25.3.1 - https:\/\/yoast.com\/wordpress\/plugins\/seo\/ -->\n<title>Webnode Portfolio: agregue el widget Portfolio al sitio web de Webnode [2025]<\/title>\n<meta name=\"description\" content=\"Crea un widget de Portafolio personalizado y agr\u00e9galo a tu sitio web Webnode. Disfrute de atenci\u00f3n al cliente gratuita y otras bonificaciones de Elfsight.\" \/>\n<meta name=\"robots\" content=\"index, follow, max-snippet:-1, max-image-preview:large, max-video-preview:-1\" \/>\n<link rel=\"canonical\" href=\"https:\/\/elfsight.com\/es\/portfolio-widget\/webnode\/\" \/>\n<meta property=\"og:locale\" content=\"es_ES\" \/>\n<meta property=\"og:type\" content=\"article\" \/>\n<meta property=\"og:title\" content=\"Webnode Portfolio: agregue el widget Portfolio al sitio web de Webnode [2025]\" \/>\n<meta property=\"og:description\" content=\"Crea un widget de Portafolio personalizado y agr\u00e9galo a tu sitio web Webnode. Disfrute de atenci\u00f3n al cliente gratuita y otras bonificaciones de Elfsight.\" \/>\n<meta property=\"og:url\" content=\"https:\/\/elfsight.com\/es\/portfolio-widget\/webnode\/\" \/>\n<meta property=\"og:site_name\" content=\"Elfsight ES\" \/>\n<meta property=\"article:modified_time\" content=\"2025-02-06T15:50:12+00:00\" \/>\n<meta name=\"twitter:card\" content=\"summary_large_image\" \/>\n<meta name=\"twitter:label1\" content=\"Tiempo de lectura\" \/>\n\t<meta name=\"twitter:data1\" content=\"3 minutos\" \/>\n<!-- \/ Yoast SEO plugin. -->","yoast_head_json":{"title":"Webnode Portfolio: agregue el widget Portfolio al sitio web de Webnode [2025]","description":"Crea un widget de Portafolio personalizado y agr\u00e9galo a tu sitio web Webnode. Disfrute de atenci\u00f3n al cliente gratuita y otras bonificaciones de Elfsight.","robots":{"index":"index","follow":"follow","max-snippet":"max-snippet:-1","max-image-preview":"max-image-preview:large","max-video-preview":"max-video-preview:-1"},"canonical":"https:\/\/elfsight.com\/es\/portfolio-widget\/webnode\/","og_locale":"es_ES","og_type":"article","og_title":"Webnode Portfolio: agregue el widget Portfolio al sitio web de Webnode [2025]","og_description":"Crea un widget de Portafolio personalizado y agr\u00e9galo a tu sitio web Webnode. Disfrute de atenci\u00f3n al cliente gratuita y otras bonificaciones de Elfsight.","og_url":"https:\/\/elfsight.com\/es\/portfolio-widget\/webnode\/","og_site_name":"Elfsight ES","article_modified_time":"2025-02-06T15:50:12+00:00","twitter_card":"summary_large_image","twitter_misc":{"Tiempo de lectura":"3 minutos"},"schema":{"@context":"https:\/\/schema.org","@graph":[{"@type":"WebPage","@id":"https:\/\/elfsight.com\/es\/portfolio-widget\/webnode\/","url":"https:\/\/elfsight.com\/es\/portfolio-widget\/webnode\/","name":"Webnode Portfolio: agregue el widget Portfolio al sitio web de Webnode [2025]","isPartOf":{"@id":"https:\/\/elfsight.com\/es\/#website"},"datePublished":"1970-01-01T00:00:00+00:00","dateModified":"2025-02-06T15:50:12+00:00","description":"Crea un widget de Portafolio personalizado y agr\u00e9galo a tu sitio web Webnode. Disfrute de atenci\u00f3n al cliente gratuita y otras bonificaciones de Elfsight.","breadcrumb":{"@id":"https:\/\/elfsight.com\/es\/portfolio-widget\/webnode\/#breadcrumb"},"inLanguage":"es","potentialAction":[{"@type":"ReadAction","target":["https:\/\/elfsight.com\/es\/portfolio-widget\/webnode\/"]}]},{"@type":"BreadcrumbList","@id":"https:\/\/elfsight.com\/es\/portfolio-widget\/webnode\/#breadcrumb","itemListElement":[{"@type":"ListItem","position":1,"name":"Home","item":"https:\/\/elfsight.com\/es\/"},{"@type":"ListItem","position":2,"name":"Portfolio","item":"https:\/\/elfsight.com\/es\/portfolio-widget\/"},{"@type":"ListItem","position":3,"name":"Portfolio &#8211; Webnode"}]},{"@type":"WebSite","@id":"https:\/\/elfsight.com\/es\/#website","url":"https:\/\/elfsight.com\/es\/","name":"Elfsight ES","description":"Just another Elfsight Sites site","potentialAction":[{"@type":"SearchAction","target":{"@type":"EntryPoint","urlTemplate":"https:\/\/elfsight.com\/es\/?s={search_term_string}"},"query-input":{"@type":"PropertyValueSpecification","valueRequired":true,"valueName":"search_term_string"}}],"inLanguage":"es"}]}},"meta_box":{"industry":"","seo_heading":"","heading":"","description":"","cta_heading":"","cta_description":"","application":"1092","h1":"Widget Portafolio de Webnode","h1_caption":"Exponga sus obras de arte y todos los proyectos en detalle para conseguir nuevos clientes.","application_category":[],"applications_title":"","applications_request_title":"","applications_request_button_text":"","hero_text":"","hero_video":"","hero_video_schema_markup":"","selling_points_title":"","selling_points_caption":"","selling_points":[],"selling_points_cta_text":"","features_title":"","features":"","ed_cta_examples_text":"","ed_cta_examples_hidden":"","ed_cta_demo_text":"","ed_cta_demo_hidden":"","why_caption":"","why_editor_title":"","why_editor_text":"","why_team_title":"","why_team_text":"","why_service_title":"","why_service_text":"","template_catalog_visible":"","template_catalog_title":"","template_catalog_text":"","template_catalog_categories_visible":"","demo_title":"Crea tu widget de cartera","demo_caption":"\u00a1Configura tu Portafolio y agr\u00e9galo a tu sitio web Webnode gratis!","default_faq_hidden":"","app_template_category":[],"platform":"2302","template_public_id":"","codecanyon_url":"","codecanyon_item_id":"","codecanyon_price":"","pricing_caption":"","pricing_elfsight_apps_hide_column":"","pricing_elfsight_apps_url":"","pricing_codecanyon_price_caption":"","integration_category":[],"integration_request_title":"","integration_request_cta":"","integration_platform":"","integrations":[],"platform_category":[],"video_schema_markup":"","price":"desde $0 \/ mes","trial":"","benefits":[{"text":"Servicio de instalaci\u00f3n gratuito"},{"text":"Atenci\u00f3n al cliente profesional"},{"text":"Garant\u00eda de devoluci\u00f3n de dinero de 14 d\u00edas"},{"text":"Mejoras continuas y gratuitas"}],"button_url":"#demo","button_target_blank":"","button_nofollow":"","attributes":[{"name":"Instalaciones","content":"10,000 - 100,000"},{"name":"Sensible","content":"S\u00ed"},{"name":"Navegadores compatibles","content":"IE11, Firefox, Safari, Opera, Chrome, Edge"}],"tags":[],"tags_disable_links":"","hide_more_platforms":"","video_object":"","demo_hide_cta":"","demo_hide_cloud_options":"","pricing_title":"","pricing":[{"pricing_icon":"platform","pricing_title":"Elfsight Apps","pricing_title_caption":"Soluci\u00f3n digital independiente de la plataforma","pricing_price":"desde $0 \/ mes","pricing_price_caption":"comienza con el plan gratuito","pricing_benefits":[{"text":"Sitios web ilimitados"},{"text":"Atenci\u00f3n al cliente premium y bien documentada."},{"text":"Asistencia de instalaci\u00f3n gratuita"},{"text":"Oferta especial para m\u00faltiples aplicaciones."}],"pricing_button_text":"A\u00f1adir al sitio web","pricing_button_url":"#demo"}],"related_apps_title":"","related_apps_hidden":"","author":"","image":[],"title":"","job":"","social_networks":[]},"_links":{"self":[{"href":"https:\/\/elfsight.com\/es\/wp-json\/wp\/v2\/pages\/7571","targetHints":{"allow":["GET"]}}],"collection":[{"href":"https:\/\/elfsight.com\/es\/wp-json\/wp\/v2\/pages"}],"about":[{"href":"https:\/\/elfsight.com\/es\/wp-json\/wp\/v2\/types\/page"}],"author":[{"embeddable":true,"href":"https:\/\/elfsight.com\/es\/wp-json\/wp\/v2\/users\/9"}],"replies":[{"embeddable":true,"href":"https:\/\/elfsight.com\/es\/wp-json\/wp\/v2\/comments?post=7571"}],"version-history":[{"count":2,"href":"https:\/\/elfsight.com\/es\/wp-json\/wp\/v2\/pages\/7571\/revisions"}],"predecessor-version":[{"id":18892,"href":"https:\/\/elfsight.com\/es\/wp-json\/wp\/v2\/pages\/7571\/revisions\/18892"}],"up":[{"embeddable":true,"href":"https:\/\/elfsight.com\/es\/wp-json\/wp\/v2\/pages\/1093"}],"wp:attachment":[{"href":"https:\/\/elfsight.com\/es\/wp-json\/wp\/v2\/media?parent=7571"}],"curies":[{"name":"wp","href":"https:\/\/api.w.org\/{rel}","templated":true}]}}