{"id":7570,"date":"1970-01-01T00:00:00","date_gmt":"1970-01-01T00:00:00","guid":{"rendered":"https:\/\/elfsight.com\/es\/?page_id=7570"},"modified":"2025-02-06T15:50:12","modified_gmt":"2025-02-06T15:50:12","slug":"webflow","status":"publish","type":"page","link":"https:\/\/elfsight.com\/es\/portfolio-widget\/webflow\/","title":{"rendered":"Portfolio &#8211; Webflow"},"content":{"rendered":"<div class=\"application-platform-content-item-description application-platform-content-item\" id=\"description\" data-nav-section=\"description\"><h2>Insertar Portfolio en Webflow con el widget Elfsight<\/h2><p>La herramienta Elfsight Portfolio es para todos los que necesitan insertar sus proyectos en el sitio y aumentar el n\u00famero de nuevos clientes. Con la ayuda de nuestra herramienta, podr\u00e1s mostrar selecciones de fotograf\u00edas, v\u00eddeos, bocetos y otros materiales. Cada archivo de proyecto puede tener un texto completo y una fecha. Puede vincular proyectos a sitios web y establecer categor\u00edas de proyectos. Los usuarios del sitio web ver\u00e1n su portafolio, ingresar\u00e1n un proyecto y lo estudiar\u00e1n en detalle directamente en su sitio web. El encabezado introduce su nombre completo, foto y datos de contacto, que permiten ponernos en contacto con usted. El bot\u00f3n Activo llevar\u00e1 a las personas a la p\u00e1gina de realizaci\u00f3n de pedidos y le ayudar\u00e1 a aumentar el nivel de ventas.<\/p><div class=\"faq\" data-component=\"FAQ\"> <div class=\"faq-item\">\r\n\t\t\t\t\t<div class=\"faq-item-question\">\r\n\t\t\t\t\t\t<h3 class=\"faq-item-question-text\">\u00bfD\u00f3nde puedo agregar Portafolio<\/h3>\r\n\r\n\t\t\t\t\t\t<div class=\"faq-item-question-icon\"><\/div>\r\n\t\t\t\t\t<\/div>\r\n\r\n\t\t\t\t\t<div class=\"faq-item-answer\">\r\n\t\t\t\t\t\t<div class=\"faq-item-answer-text\"><p> Puede funcionar en cualquier p\u00e1gina del sitio web o en todas las p\u00e1ginas web. Sus materiales llamativos recibir\u00e1n la m\u00e1xima atenci\u00f3n en la p\u00e1gina principal del sitio y podr\u00e1n visualizar sus ofertas en las p\u00e1ginas del Portafolio.<\/p><\/div>\r\n\t\t\t\t\t<\/div>\r\n\t\t\t\t<\/div><div class=\"faq-item\">\r\n\t\t\t\t\t<div class=\"faq-item-question\">\r\n\t\t\t\t\t\t<h3 class=\"faq-item-question-text\">\u00bfC\u00f3mo me beneficio del widget?<\/h3>\r\n\r\n\t\t\t\t\t\t<div class=\"faq-item-question-icon\"><\/div>\r\n\t\t\t\t\t<\/div>\r\n\r\n\t\t\t\t\t<div class=\"faq-item-answer\">\r\n\t\t\t\t\t\t<div class=\"faq-item-answer-text\"><p>Un hermoso portafolio responsivo con sus proyectos revelar\u00e1 todas sus grandes habilidades y creatividad a su audiencia. Esto los har\u00e1 ansiosos por solicitar sus servicios y ver\u00e1 nuevos clientes. Adem\u00e1s, a trav\u00e9s de las formas sencillas de contactarlo, puede aumentar la cantidad de clientes potenciales.<\/p><\/div>\r\n\t\t\t\t\t<\/div>\r\n\t\t\t\t<\/div><div class=\"faq-item\">\r\n\t\t\t\t\t<div class=\"faq-item-question\">\r\n\t\t\t\t\t\t<h3 class=\"faq-item-question-text\">\u00bfC\u00f3mo incorporo Portfolio a mi sitio web Webflow?<\/h3>\r\n\r\n\t\t\t\t\t\t<div class=\"faq-item-question-icon\"><\/div>\r\n\t\t\t\t\t<\/div>\r\n\r\n\t\t\t\t\t<div class=\"faq-item-answer\">\r\n\t\t\t\t\t\t<div class=\"faq-item-answer-text\"><p>Solo toma un minuto tener el widget en funcionamiento. Este proceso es s\u00faper r\u00e1pido, gratuito y sin codificaci\u00f3n.<\/p><p>Puedes integrar el widget en tu sitio directamente a trav\u00e9s de nuestro servicio. Simplemente vea la breve descripci\u00f3n a continuaci\u00f3n en esta p\u00e1gina.<\/p><\/div>\r\n\t\t\t\t\t<\/div>\r\n\t\t\t\t<\/div><\/div><\/div><div class=\"application-platform-content-item-features application-platform-content-item\" id=\"features\" data-nav-section=\"features\"><h2>Caracter\u00edsticas principales del widget Portfolio<\/h2><p>Para tener una mejor idea de Webflow Portfolio, puede estudiar la lista de las caracter\u00edsticas m\u00e1s destacadas. Hacen que el complemento sea lo m\u00e1s beneficioso para su tienda:<\/p><ul><li>Agregue m\u00faltiples proyectos y agregue t\u00edtulos;<\/li><li>Establezca categor\u00edas y divida proyectos en ellas;<\/li><li>Seleccione qu\u00e9 informaci\u00f3n mostrar en la ventana emergente y coloque el cursor sobre ella;<\/li><li>Agregue textos y asigne fechas a todos los archivos en el proyecto;<\/li><li>El bot\u00f3n activo en el encabezado y en la ventana emergente lleva a los usuarios a cualquier sitio web.<\/li><\/ul><p><a href=\"#demo\">Para ver todo caracter\u00edsticas, vea la demostraci\u00f3n en vivo<\/a><\/p><\/div><div class=\"application-platform-content-item-installation application-platform-content-item\" id=\"installation\" data-nav-section=\"installation\"><h2>C\u00f3mo crear el portafolio en su sitio web Webflow<\/h2><div class=\"video-container\"><iframe width=\"720\" height=\"405\" src=\"https:\/\/www.youtube.com\/embed\/q4HOPpCvyig\" frameborder=\"0\"><\/iframe><\/div><p>Las siguientes acciones son lo \u00fanico que necesita hacer para activar el widget.<\/p><ol><li><b>Cree su portafolio responsivo personalizado<\/b><br> En nuestro configurador gratuito, cree un widget con un dise\u00f1o y funciones personalizados.<\/li><li><b>Obtenga el c\u00f3digo individual para instalar el widget<\/b><br> Despu\u00e9s de haber personalizado su widget, obtendr\u00e1 su c\u00f3digo de instalaci\u00f3n en la ventana emergente de Elfsight Apps. Copie el c\u00f3digo para su uso posterior. <\/li> <li><b>Agregue el widget en su sitio Webflow<\/b><br> Elija el \u00e1rea donde necesita colocar el widget y pegue el c\u00f3digo copiado all\u00ed. Aplicar los cambios. <\/li> <li><b>La configuraci\u00f3n est\u00e1 completa<\/b><br> Ingrese a la p\u00e1gina para ver su Portafolio. <\/li> <\/ol><p>\u00bfA\u00fan no puedes decidirte? \u00bfO experimentando problemas? Simplemente dirija una solicitud a nuestro servicio de atenci\u00f3n al cliente. Los especialistas resolver\u00e1n cualquier duda.<\/p><\/div>","protected":false},"excerpt":{"rendered":"","protected":false},"author":9,"featured_media":0,"parent":1093,"menu_order":0,"comment_status":"closed","ping_status":"closed","template":"templates\/template-application-platform.php","meta":{"publish_to_discourse":"","publish_post_category":"","wpdc_auto_publish_overridden":"","wpdc_topic_tags":"","wpdc_pin_topic":"","wpdc_pin_until":"","discourse_post_id":"","discourse_permalink":"","wpdc_publishing_response":"","wpdc_publishing_error":"","footnotes":""},"class_list":["post-7570","page","type-page","status-publish","hentry"],"yoast_head":"<!-- This site is optimized with the Yoast SEO plugin v25.3.1 - https:\/\/yoast.com\/wordpress\/plugins\/seo\/ -->\n<title>Webflow Portfolio: agregue el m\u00f3dulo Portfolio al sitio web de Webflow [2025]<\/title>\n<meta name=\"description\" content=\"Cree una plantilla de widget de Portafolio y agr\u00e9guela a su sitio Webflow. Disfrutar\u00e1 de atenci\u00f3n al cliente gratuita y otros beneficios.\" \/>\n<meta name=\"robots\" content=\"index, follow, max-snippet:-1, max-image-preview:large, max-video-preview:-1\" \/>\n<link rel=\"canonical\" href=\"https:\/\/elfsight.com\/es\/portfolio-widget\/webflow\/\" \/>\n<meta property=\"og:locale\" content=\"es_ES\" \/>\n<meta property=\"og:type\" content=\"article\" \/>\n<meta property=\"og:title\" content=\"Webflow Portfolio: agregue el m\u00f3dulo Portfolio al sitio web de Webflow [2025]\" \/>\n<meta property=\"og:description\" content=\"Cree una plantilla de widget de Portafolio y agr\u00e9guela a su sitio Webflow. Disfrutar\u00e1 de atenci\u00f3n al cliente gratuita y otros beneficios.\" \/>\n<meta property=\"og:url\" content=\"https:\/\/elfsight.com\/es\/portfolio-widget\/webflow\/\" \/>\n<meta property=\"og:site_name\" content=\"Elfsight ES\" \/>\n<meta property=\"article:modified_time\" content=\"2025-02-06T15:50:12+00:00\" \/>\n<meta name=\"twitter:card\" content=\"summary_large_image\" \/>\n<meta name=\"twitter:label1\" content=\"Tiempo de lectura\" \/>\n\t<meta name=\"twitter:data1\" content=\"3 minutos\" \/>\n<!-- \/ Yoast SEO plugin. -->","yoast_head_json":{"title":"Webflow Portfolio: agregue el m\u00f3dulo Portfolio al sitio web de Webflow [2025]","description":"Cree una plantilla de widget de Portafolio y agr\u00e9guela a su sitio Webflow. Disfrutar\u00e1 de atenci\u00f3n al cliente gratuita y otros beneficios.","robots":{"index":"index","follow":"follow","max-snippet":"max-snippet:-1","max-image-preview":"max-image-preview:large","max-video-preview":"max-video-preview:-1"},"canonical":"https:\/\/elfsight.com\/es\/portfolio-widget\/webflow\/","og_locale":"es_ES","og_type":"article","og_title":"Webflow Portfolio: agregue el m\u00f3dulo Portfolio al sitio web de Webflow [2025]","og_description":"Cree una plantilla de widget de Portafolio y agr\u00e9guela a su sitio Webflow. Disfrutar\u00e1 de atenci\u00f3n al cliente gratuita y otros beneficios.","og_url":"https:\/\/elfsight.com\/es\/portfolio-widget\/webflow\/","og_site_name":"Elfsight ES","article_modified_time":"2025-02-06T15:50:12+00:00","twitter_card":"summary_large_image","twitter_misc":{"Tiempo de lectura":"3 minutos"},"schema":{"@context":"https:\/\/schema.org","@graph":[{"@type":"WebPage","@id":"https:\/\/elfsight.com\/es\/portfolio-widget\/webflow\/","url":"https:\/\/elfsight.com\/es\/portfolio-widget\/webflow\/","name":"Webflow Portfolio: agregue el m\u00f3dulo Portfolio al sitio web de Webflow [2025]","isPartOf":{"@id":"https:\/\/elfsight.com\/es\/#website"},"datePublished":"1970-01-01T00:00:00+00:00","dateModified":"2025-02-06T15:50:12+00:00","description":"Cree una plantilla de widget de Portafolio y agr\u00e9guela a su sitio Webflow. Disfrutar\u00e1 de atenci\u00f3n al cliente gratuita y otros beneficios.","breadcrumb":{"@id":"https:\/\/elfsight.com\/es\/portfolio-widget\/webflow\/#breadcrumb"},"inLanguage":"es","potentialAction":[{"@type":"ReadAction","target":["https:\/\/elfsight.com\/es\/portfolio-widget\/webflow\/"]}]},{"@type":"BreadcrumbList","@id":"https:\/\/elfsight.com\/es\/portfolio-widget\/webflow\/#breadcrumb","itemListElement":[{"@type":"ListItem","position":1,"name":"Home","item":"https:\/\/elfsight.com\/es\/"},{"@type":"ListItem","position":2,"name":"Portfolio","item":"https:\/\/elfsight.com\/es\/portfolio-widget\/"},{"@type":"ListItem","position":3,"name":"Portfolio &#8211; Webflow"}]},{"@type":"WebSite","@id":"https:\/\/elfsight.com\/es\/#website","url":"https:\/\/elfsight.com\/es\/","name":"Elfsight ES","description":"Just another Elfsight Sites site","potentialAction":[{"@type":"SearchAction","target":{"@type":"EntryPoint","urlTemplate":"https:\/\/elfsight.com\/es\/?s={search_term_string}"},"query-input":{"@type":"PropertyValueSpecification","valueRequired":true,"valueName":"search_term_string"}}],"inLanguage":"es"}]}},"meta_box":{"industry":"","seo_heading":"","heading":"","description":"","cta_heading":"","cta_description":"","application":"1092","h1":"Widget de cartera de flujo web","h1_caption":"Muestre sus trabajos y proyectos completos para captar nuevos clientes.","application_category":[],"applications_title":"","applications_request_title":"","applications_request_button_text":"","hero_text":"","hero_video":"","hero_video_schema_markup":"","selling_points_title":"","selling_points_caption":"","selling_points":[],"selling_points_cta_text":"","features_title":"","features":"","ed_cta_examples_text":"","ed_cta_examples_hidden":"","ed_cta_demo_text":"","ed_cta_demo_hidden":"","why_caption":"","why_editor_title":"","why_editor_text":"","why_team_title":"","why_team_text":"","why_service_title":"","why_service_text":"","template_catalog_visible":"","template_catalog_title":"","template_catalog_text":"","template_catalog_categories_visible":"","demo_title":"Crea tu widget de cartera","demo_caption":"\u00a1Configure su Portafolio y agr\u00e9guelo a su sitio web Webflow gratis!","default_faq_hidden":"","app_template_category":[],"platform":"106","template_public_id":"","codecanyon_url":"","codecanyon_item_id":"","codecanyon_price":"","pricing_caption":"","pricing_elfsight_apps_hide_column":"","pricing_elfsight_apps_url":"","pricing_codecanyon_price_caption":"","integration_category":[],"integration_request_title":"","integration_request_cta":"","integration_platform":"","integrations":[],"platform_category":[],"video_schema_markup":"","price":"desde $0 \/ mes","trial":"","benefits":[{"text":"Ayuda de instalaci\u00f3n gratuita"},{"text":"Atenci\u00f3n al cliente eficaz"},{"text":"Garant\u00eda de reembolso de 14 d\u00edas"},{"text":"Futuras actualizaciones gratuitas"}],"button_url":"#demo","button_target_blank":"","button_nofollow":"","attributes":[{"name":"Instalaciones","content":"10,000 - 100,000"},{"name":"Sensible","content":"S\u00ed"},{"name":"Navegadores compatibles","content":"Chrome, Edge, Firefox, Safari, Opera"}],"tags":[],"tags_disable_links":"","hide_more_platforms":"","video_object":"","demo_hide_cta":"","demo_hide_cloud_options":"","pricing_title":"","pricing":[{"pricing_icon":"platform","pricing_title":"Elfsight Apps","pricing_title_caption":"Versi\u00f3n independiente de plataforma que se adapta a cualquier sitio web","pricing_price":"desde $0 \/ mes","pricing_price_caption":"comienza con el plan gratuito","pricing_benefits":[{"text":"Dominios ilimitados"},{"text":"Soporte gratuito y puntual"},{"text":"Servicio de instalaci\u00f3n gratuito"},{"text":"Oferta especial para m\u00faltiples aplicaciones"}],"pricing_button_text":"A\u00f1adir al sitio web","pricing_button_url":"#demo"}],"related_apps_title":"","related_apps_hidden":"","author":"","image":[],"title":"","job":"","social_networks":[]},"_links":{"self":[{"href":"https:\/\/elfsight.com\/es\/wp-json\/wp\/v2\/pages\/7570","targetHints":{"allow":["GET"]}}],"collection":[{"href":"https:\/\/elfsight.com\/es\/wp-json\/wp\/v2\/pages"}],"about":[{"href":"https:\/\/elfsight.com\/es\/wp-json\/wp\/v2\/types\/page"}],"author":[{"embeddable":true,"href":"https:\/\/elfsight.com\/es\/wp-json\/wp\/v2\/users\/9"}],"replies":[{"embeddable":true,"href":"https:\/\/elfsight.com\/es\/wp-json\/wp\/v2\/comments?post=7570"}],"version-history":[{"count":2,"href":"https:\/\/elfsight.com\/es\/wp-json\/wp\/v2\/pages\/7570\/revisions"}],"predecessor-version":[{"id":18893,"href":"https:\/\/elfsight.com\/es\/wp-json\/wp\/v2\/pages\/7570\/revisions\/18893"}],"up":[{"embeddable":true,"href":"https:\/\/elfsight.com\/es\/wp-json\/wp\/v2\/pages\/1093"}],"wp:attachment":[{"href":"https:\/\/elfsight.com\/es\/wp-json\/wp\/v2\/media?parent=7570"}],"curies":[{"name":"wp","href":"https:\/\/api.w.org\/{rel}","templated":true}]}}