{"id":7565,"date":"1970-01-01T00:00:00","date_gmt":"1970-01-01T00:00:00","guid":{"rendered":"https:\/\/elfsight.com\/es\/?page_id=7565"},"modified":"2025-02-06T15:50:20","modified_gmt":"2025-02-06T15:50:20","slug":"squarespace","status":"publish","type":"page","link":"https:\/\/elfsight.com\/es\/portfolio-widget\/squarespace\/","title":{"rendered":"Portfolio &#8211; Squarespace"},"content":{"rendered":"<div class=\"application-platform-content-item-description application-platform-content-item\" id=\"description\" data-nav-section=\"description\"><h2>Insertar Portfolio en Squarespace con el widget Elfsight<\/h2><p>El complemento Elfsight Portfolio est\u00e1 dise\u00f1ado para todos los usuarios que desean integrar su trabajo profesional en el sitio web y conseguir nuevos clientes. Con la ayuda del widget Elfsight, tendr\u00e1 la oportunidad de mostrar selecciones de tomas, contenido de v\u00eddeo, esquemas y otros materiales visuales. Cada ficha de proyecto puede ir acompa\u00f1ada de una descripci\u00f3n completa y una fecha. Tienes la oportunidad de vincular proyectos a sus sitios web y difundir proyectos en grupos. Su audiencia revisar\u00e1 su cartera de proyectos, har\u00e1 clic en un proyecto y estudiar\u00e1 su contenido directamente en la p\u00e1gina de inicio. El encabezado del widget mostrar\u00e1 su nombre, foto y datos de contacto, lo que facilita el proceso de comunicaci\u00f3n con usted. El bot\u00f3n de llamada a la acci\u00f3n llevar\u00e1 a las personas a la p\u00e1gina de compra y le ayudar\u00e1 a aumentar la cantidad de ventas. <\/p><div class=\"faq\" data-component=\"FAQ\"><div class=\"faq-item\">\r\n\t\t\t\t\t<div class=\"faq-item-question\">\r\n\t\t\t\t\t\t<h3 class=\"faq-item-question-text\">\u00bfC\u00f3mo puedo insertar un portafolio en el sitio de Squarespace? <\/h3>\r\n\r\n\t\t\t\t\t\t<div class=\"faq-item-question-icon\"><\/div>\r\n\t\t\t\t\t<\/div>\r\n\r\n\t\t\t\t\t<div class=\"faq-item-answer\">\r\n\t\t\t\t\t\t<div class=\"faq-item-answer-text\"><p>La creaci\u00f3n del widget ocurre dentro del sitio de Elfsight y no es necesario aprender a codificar. Abra nuestra demostraci\u00f3n en vivo para crear su propio widget, adquiera el c\u00f3digo y p\u00e9guelo en su sitio web. <\/p><\/div>\r\n\t\t\t\t\t<\/div>\r\n\t\t\t\t<\/div><div class=\"faq-item\">\r\n\t\t\t\t\t<div class=\"faq-item-question\">\r\n\t\t\t\t\t\t<h3 class=\"faq-item-question-text\">Las mejores formas de utilizar la integraci\u00f3n de portafolios en l\u00ednea<\/h3>\r\n\r\n\t\t\t\t\t\t<div class=\"faq-item-question-icon\"><\/div>\r\n\t\t\t\t\t<\/div>\r\n\r\n\t\t\t\t\t<div class=\"faq-item-answer\">\r\n\t\t\t\t\t\t<div class=\"faq-item-answer-text\"><p>Ofrecemos muchas posibilidades de ajuste: widgets de longitud completa para incrustar en el \u00e1rea de contenido, widgets flotantes con funci\u00f3n de desplazamiento, miniaturas para el pie de p\u00e1gina, encabezado y todo tipo de posibilidades verticales para men\u00fas y barras laterales del sitio web. <\/p><\/div>\r\n\t\t\t\t\t<\/div>\r\n\t\t\t\t<\/div><div class=\"faq-item\">\r\n\t\t\t\t\t<div class=\"faq-item-question\">\r\n\t\t\t\t\t\t<h3 class=\"faq-item-question-text\">\u00bfPuedo crear un portafolio de v\u00eddeos o im\u00e1genes mediante tu editor? <\/h3>\r\n\r\n\t\t\t\t\t\t<div class=\"faq-item-question-icon\"><\/div>\r\n\t\t\t\t\t<\/div>\r\n\r\n\t\t\t\t\t<div class=\"faq-item-answer\">\r\n\t\t\t\t\t\t<div class=\"faq-item-answer-text\"><p>Puedes crear cualquier modificaci\u00f3n del widget. Hay muchos dise\u00f1os aplicables en el editor y todos ellos se pueden personalizar r\u00e1pidamente seg\u00fan sus necesidades. <\/p><\/div>\r\n\t\t\t\t\t<\/div>\r\n\t\t\t\t<\/div><\/div><\/div> <div class=\"application-platform-content-item-features application-platform-content-item\" id=\"features\" data-nav-section=\"features\"><h2>Principales caracter\u00edsticas del widget Portfolio<\/h2><p>Para tener una idea clara de Portfolio, puedes estudiar la lista de las caracter\u00edsticas m\u00e1s destacadas. Hacen que el widget sea lo m\u00e1s beneficioso para su sitio web: <\/p><ul><li>Agregue m\u00faltiples proyectos y agregue t\u00edtulos de proyectos; <\/li><li>Establezca categor\u00edas y divida proyectos en ellas.<\/li><li>Elija los tipos de informaci\u00f3n que se mostrar\u00e1n en la ventana emergente y coloque el cursor sobre ella; <\/li><li>Agregue descripciones y asigne fechas a los trabajos en el proyecto<\/li><li>El bot\u00f3n de llamado a la acci\u00f3n en el encabezado y en la ventana emergente lleva a los clientes a cualquier sitio web o p\u00e1gina<\/li><\/ul><p><a href=\"#demo\">Nuestra demostraci\u00f3n le mostrar\u00e1 una lista completa de funciones<\/a><\/p><\/div> <div class=\"application-platform-content-item-installation application-platform-content-item\" id=\"installation\" data-nav-section=\"installation\"><h2>\u00bfC\u00f3mo \u00bfAgrego Portfolio en mi sitio web de Squarespace? <\/h2><div class=\"video-container\"><iframe width=\"720\" height=\"405\" src=\"https:\/\/www.youtube.com\/embed\/5txFGyv42DM\" frameborder=\"0\"><\/iframe><\/div><p>Simplemente siga los siguientes pasos que se presentan a continuaci\u00f3n para insertar el complemento. <\/p><ol><li><b>Abra nuestra demostraci\u00f3n gratuita y comience a construir su instrumento \u00fanico. <\/b><br>Determine el dise\u00f1o y las opciones deseables del complemento y aplique las correcciones. <\/li><li><b>Copia el c\u00f3digo \u00fanico que aparece en el cuadro de Elfsight Apps. <\/b><br>Inmediatamente despu\u00e9s de que se complete la generaci\u00f3n de su complemento, copie el c\u00f3digo individual en el cuadro emergente y gu\u00e1rdelo para futuras ocasiones. <\/li><li><b>Iniciar la aplicaci\u00f3n de la herramienta en una p\u00e1gina web de Squarespace. <\/b><br>Implemente el c\u00f3digo que guard\u00f3 anteriormente en su sitio web y guarde las correcciones. <\/li><li><b>\u00a1Listo! La integraci\u00f3n ha finalizado con \u00e9xito. <\/b><br>Visite su p\u00e1gina para ver la inacci\u00f3n y c\u00f3mo funciona la herramienta. <\/li><\/ol><p>Si tienes dudas o tienes alguna complicaci\u00f3n, no dudes en ponerte en contacto con nuestro equipo de atenci\u00f3n al cliente. Nuestros consultores estar\u00e1n encantados de resolver todas las dificultades que pueda tener con el complemento<\/p><\/div>","protected":false},"excerpt":{"rendered":"","protected":false},"author":9,"featured_media":0,"parent":1093,"menu_order":0,"comment_status":"closed","ping_status":"closed","template":"templates\/template-application-platform.php","meta":{"publish_to_discourse":"","publish_post_category":"","wpdc_auto_publish_overridden":"","wpdc_topic_tags":"","wpdc_pin_topic":"","wpdc_pin_until":"","discourse_post_id":"","discourse_permalink":"","wpdc_publishing_response":"","wpdc_publishing_error":"","footnotes":""},"class_list":["post-7565","page","type-page","status-publish","hentry"],"yoast_head":"<!-- This site is optimized with the Yoast SEO plugin v25.3.1 - https:\/\/yoast.com\/wordpress\/plugins\/seo\/ -->\n<title>Plantilla de portafolio para el sitio web de Squarespace (gratis y r\u00e1pido)<\/title>\n<meta name=\"description\" content=\"Esta es una oportunidad para crear un complemento de Squarespace Portfolio e incrustarlo en su sitio web. Disfrutar\u00e1s de un servicio de atenci\u00f3n al cliente gratuito de por vida.\" \/>\n<meta name=\"robots\" content=\"index, follow, max-snippet:-1, max-image-preview:large, max-video-preview:-1\" \/>\n<link rel=\"canonical\" href=\"https:\/\/elfsight.com\/es\/portfolio-widget\/squarespace\/\" \/>\n<meta property=\"og:locale\" content=\"es_ES\" \/>\n<meta property=\"og:type\" content=\"article\" \/>\n<meta property=\"og:title\" content=\"Plantilla de portafolio para el sitio web de Squarespace (gratis y r\u00e1pido)\" \/>\n<meta property=\"og:description\" content=\"Esta es una oportunidad para crear un complemento de Squarespace Portfolio e incrustarlo en su sitio web. Disfrutar\u00e1s de un servicio de atenci\u00f3n al cliente gratuito de por vida.\" \/>\n<meta property=\"og:url\" content=\"https:\/\/elfsight.com\/es\/portfolio-widget\/squarespace\/\" \/>\n<meta property=\"og:site_name\" content=\"Elfsight ES\" \/>\n<meta property=\"article:modified_time\" content=\"2025-02-06T15:50:20+00:00\" \/>\n<meta name=\"twitter:card\" content=\"summary_large_image\" \/>\n<meta name=\"twitter:label1\" content=\"Tiempo de lectura\" \/>\n\t<meta name=\"twitter:data1\" content=\"3 minutos\" \/>\n<!-- \/ Yoast SEO plugin. -->","yoast_head_json":{"title":"Plantilla de portafolio para el sitio web de Squarespace (gratis y r\u00e1pido)","description":"Esta es una oportunidad para crear un complemento de Squarespace Portfolio e incrustarlo en su sitio web. Disfrutar\u00e1s de un servicio de atenci\u00f3n al cliente gratuito de por vida.","robots":{"index":"index","follow":"follow","max-snippet":"max-snippet:-1","max-image-preview":"max-image-preview:large","max-video-preview":"max-video-preview:-1"},"canonical":"https:\/\/elfsight.com\/es\/portfolio-widget\/squarespace\/","og_locale":"es_ES","og_type":"article","og_title":"Plantilla de portafolio para el sitio web de Squarespace (gratis y r\u00e1pido)","og_description":"Esta es una oportunidad para crear un complemento de Squarespace Portfolio e incrustarlo en su sitio web. Disfrutar\u00e1s de un servicio de atenci\u00f3n al cliente gratuito de por vida.","og_url":"https:\/\/elfsight.com\/es\/portfolio-widget\/squarespace\/","og_site_name":"Elfsight ES","article_modified_time":"2025-02-06T15:50:20+00:00","twitter_card":"summary_large_image","twitter_misc":{"Tiempo de lectura":"3 minutos"},"schema":{"@context":"https:\/\/schema.org","@graph":[{"@type":"WebPage","@id":"https:\/\/elfsight.com\/es\/portfolio-widget\/squarespace\/","url":"https:\/\/elfsight.com\/es\/portfolio-widget\/squarespace\/","name":"Plantilla de portafolio para el sitio web de Squarespace (gratis y r\u00e1pido)","isPartOf":{"@id":"https:\/\/elfsight.com\/es\/#website"},"datePublished":"1970-01-01T00:00:00+00:00","dateModified":"2025-02-06T15:50:20+00:00","description":"Esta es una oportunidad para crear un complemento de Squarespace Portfolio e incrustarlo en su sitio web. Disfrutar\u00e1s de un servicio de atenci\u00f3n al cliente gratuito de por vida.","breadcrumb":{"@id":"https:\/\/elfsight.com\/es\/portfolio-widget\/squarespace\/#breadcrumb"},"inLanguage":"es","potentialAction":[{"@type":"ReadAction","target":["https:\/\/elfsight.com\/es\/portfolio-widget\/squarespace\/"]}]},{"@type":"BreadcrumbList","@id":"https:\/\/elfsight.com\/es\/portfolio-widget\/squarespace\/#breadcrumb","itemListElement":[{"@type":"ListItem","position":1,"name":"Home","item":"https:\/\/elfsight.com\/es\/"},{"@type":"ListItem","position":2,"name":"Portfolio","item":"https:\/\/elfsight.com\/es\/portfolio-widget\/"},{"@type":"ListItem","position":3,"name":"Portfolio &#8211; Squarespace"}]},{"@type":"WebSite","@id":"https:\/\/elfsight.com\/es\/#website","url":"https:\/\/elfsight.com\/es\/","name":"Elfsight ES","description":"Just another Elfsight Sites site","potentialAction":[{"@type":"SearchAction","target":{"@type":"EntryPoint","urlTemplate":"https:\/\/elfsight.com\/es\/?s={search_term_string}"},"query-input":{"@type":"PropertyValueSpecification","valueRequired":true,"valueName":"search_term_string"}}],"inLanguage":"es"}]}},"meta_box":{"industry":"","seo_heading":"","heading":"","description":"","cta_heading":"","cta_description":"","application":"1092","h1":"Plantilla de portafolio de Squarespace","h1_caption":"Deja que tu audiencia vea tus trabajos y todos los proyectos en detalle y capta clientes potenciales.","application_category":[],"applications_title":"","applications_request_title":"","applications_request_button_text":"","hero_text":"","hero_video":"","hero_video_schema_markup":"","selling_points_title":"","selling_points_caption":"","selling_points":[],"selling_points_cta_text":"","features_title":"","features":"","ed_cta_examples_text":"","ed_cta_examples_hidden":"","ed_cta_demo_text":"","ed_cta_demo_hidden":"","why_caption":"","why_editor_title":"","why_editor_text":"","why_team_title":"","why_team_text":"","why_service_title":"","why_service_text":"","template_catalog_visible":"","template_catalog_title":"","template_catalog_text":"","template_catalog_categories_visible":"","demo_title":"Crea tu complemento de cartera","demo_caption":"\u00a1Configura tu Portafolio y agr\u00e9galo a tu sitio web de Squarespace gratis!","default_faq_hidden":"","app_template_category":[],"platform":"100","template_public_id":"","codecanyon_url":"","codecanyon_item_id":"","codecanyon_price":"","pricing_caption":"","pricing_elfsight_apps_hide_column":"","pricing_elfsight_apps_url":"","pricing_codecanyon_price_caption":"","integration_category":[],"integration_request_title":"","integration_request_cta":"","integration_platform":"","integrations":[],"platform_category":[],"video_schema_markup":"","price":"desde $0 \/ mes","trial":"","benefits":[{"text":"Servicio de instalaci\u00f3n gratuito"},{"text":"Servicio al cliente eficaz"},{"text":"Garant\u00eda de reembolso de 14 d\u00edas"},{"text":"Actualizaciones continuas"}],"button_url":"#demo","button_target_blank":"","button_nofollow":"","attributes":[{"name":"Instalaciones","content":"10,000 - 100,000"},{"name":"Sensible","content":"S\u00ed"},{"name":"Navegadores compatibles","content":"Firefox, Safari, Opera, Chrome, Edge"}],"tags":[],"tags_disable_links":"","hide_more_platforms":"","video_object":"","demo_hide_cta":"","demo_hide_cloud_options":"","pricing_title":"","pricing":[{"pricing_icon":"platform","pricing_title":"Elfsight Apps","pricing_title_caption":"Versi\u00f3n multiplataforma que funciona en cualquier sitio web.","pricing_price":"desde $0 \/ mes","pricing_price_caption":"comienza con un plan gratuito","pricing_benefits":[{"text":"Sitios web ilimitados"},{"text":"Atenci\u00f3n al cliente r\u00e1pida y bien documentada."},{"text":"Ayuda de instalaci\u00f3n gratuita"},{"text":"Totalmente personalizable"}],"pricing_button_text":"A\u00f1adir al sitio web","pricing_button_url":"#demo"}],"related_apps_title":"","related_apps_hidden":"","author":"","image":[],"title":"","job":"","social_networks":[]},"_links":{"self":[{"href":"https:\/\/elfsight.com\/es\/wp-json\/wp\/v2\/pages\/7565","targetHints":{"allow":["GET"]}}],"collection":[{"href":"https:\/\/elfsight.com\/es\/wp-json\/wp\/v2\/pages"}],"about":[{"href":"https:\/\/elfsight.com\/es\/wp-json\/wp\/v2\/types\/page"}],"author":[{"embeddable":true,"href":"https:\/\/elfsight.com\/es\/wp-json\/wp\/v2\/users\/9"}],"replies":[{"embeddable":true,"href":"https:\/\/elfsight.com\/es\/wp-json\/wp\/v2\/comments?post=7565"}],"version-history":[{"count":2,"href":"https:\/\/elfsight.com\/es\/wp-json\/wp\/v2\/pages\/7565\/revisions"}],"predecessor-version":[{"id":18894,"href":"https:\/\/elfsight.com\/es\/wp-json\/wp\/v2\/pages\/7565\/revisions\/18894"}],"up":[{"embeddable":true,"href":"https:\/\/elfsight.com\/es\/wp-json\/wp\/v2\/pages\/1093"}],"wp:attachment":[{"href":"https:\/\/elfsight.com\/es\/wp-json\/wp\/v2\/media?parent=7565"}],"curies":[{"name":"wp","href":"https:\/\/api.w.org\/{rel}","templated":true}]}}