{"id":7564,"date":"1970-01-01T00:00:00","date_gmt":"1970-01-01T00:00:00","guid":{"rendered":"https:\/\/elfsight.com\/es\/?page_id=7564"},"modified":"2025-02-06T15:50:20","modified_gmt":"2025-02-06T15:50:20","slug":"shopify","status":"publish","type":"page","link":"https:\/\/elfsight.com\/es\/portfolio-widget\/shopify\/","title":{"rendered":"Portfolio &#8211; Shopify"},"content":{"rendered":"<div class=\"application-platform-content-item-description application-platform-content-item\" id=\"description\" data-nav-section=\"description\"><h2>Insertar Portfolio en Shopify con el widget Elfsight<\/h2><p>Elfsight Portfolio se crea para cada persona que quiera mostrar su colecci\u00f3n de trabajos en el sitio web y tener m\u00e1s clientes nuevos. Usando nuestra herramienta, podr\u00e1s visualizar selecciones de im\u00e1genes, videos, bocetos y otros materiales. Cada archivo de proyecto puede incluir un texto y una fecha completos. Puede vincular proyectos a sus sitios web y dividir proyectos en categor\u00edas. Los visitantes del sitio web ver\u00e1n su portafolio, ingresar\u00e1n a cada proyecto y ver\u00e1n su contenido directamente en su sitio. El encabezado muestra su nombre, foto y detalles de contacto, que ayudan a comunicarse con usted. El bot\u00f3n de llamada a la acci\u00f3n llevar\u00e1 a los usuarios a la p\u00e1gina de realizaci\u00f3n de pedidos y le ayudar\u00e1 a aumentar el nivel de ventas.<\/p><div class=\"faq\" data-component=\"FAQ\"> <div class=\"faq-item\">\r\n\t\t\t\t\t<div class=\"faq-item-question\">\r\n\t\t\t\t\t\t<h3 class=\"faq-item-question-text\">\u00bfD\u00f3nde puedo instalar la aplicaci\u00f3n en mi sitio web?<\/h3>\r\n\r\n\t\t\t\t\t\t<div class=\"faq-item-question-icon\"><\/div>\r\n\t\t\t\t\t<\/div>\r\n\r\n\t\t\t\t\t<div class=\"faq-item-answer\">\r\n\t\t\t\t\t\t<div class=\"faq-item-answer-text\"><p>La aplicaci\u00f3n se puede insertar en cualquier p\u00e1gina del sitio web, as\u00ed como en todas las p\u00e1ginas web. Su atractiva y responsiva galer\u00eda de portafolios atraer\u00e1 la atenci\u00f3n de los visitantes publicada en la p\u00e1gina principal del sitio y puede brindar soporte visual de sus ofertas en las p\u00e1ginas del Portafolio.<\/p><\/div>\r\n\t\t\t\t\t<\/div>\r\n\t\t\t\t<\/div><div class=\"faq-item\">\r\n\t\t\t\t\t<div class=\"faq-item-question\">\r\n\t\t\t\t\t\t<h3 class=\"faq-item-question-text\">\u00bfCu\u00e1les son las ventajas de usarlo para m\u00ed?<\/h3>\r\n\r\n\t\t\t\t\t\t<div class=\"faq-item-question-icon\"><\/div>\r\n\t\t\t\t\t<\/div>\r\n\r\n\t\t\t\t\t<div class=\"faq-item-answer\">\r\n\t\t\t\t\t\t<div class=\"faq-item-answer-text\"><p>Un maravilloso portafolio con sus trabajos demostrar\u00e1 todas sus grandes habilidades y creatividad a los visitantes. Estar\u00e1n ansiosos por comprar y usted conseguir\u00e1 nuevos clientes. M\u00e1s a\u00fan, con las formas sencillas de contactarte con un solo clic, tendr\u00e1s m\u00e1s clientes potenciales.<\/p><\/div>\r\n\t\t\t\t\t<\/div>\r\n\t\t\t\t<\/div><div class=\"faq-item\">\r\n\t\t\t\t\t<div class=\"faq-item-question\">\r\n\t\t\t\t\t\t<h3 class=\"faq-item-question-text\">\u00bfC\u00f3mo inserto Portfolio en mi sitio web de Shopify?<\/h3>\r\n\r\n\t\t\t\t\t\t<div class=\"faq-item-question-icon\"><\/div>\r\n\t\t\t\t\t<\/div>\r\n\r\n\t\t\t\t\t<div class=\"faq-item-answer\">\r\n\t\t\t\t\t\t<div class=\"faq-item-answer-text\"><p>Solo toma un minuto de tu tiempo comenzar a usar la aplicaci\u00f3n. Es realmente r\u00e1pido, gratuito y sin codificaci\u00f3n.<\/p><p>El widget se puede integrar directamente a trav\u00e9s de nuestro servicio o del mercado. Puedes comparar las ventajas de estas opciones y elegir la tuya.<\/p><\/div>\r\n\t\t\t\t\t<\/div>\r\n\t\t\t\t<\/div><\/div><\/div><div class=\"application-platform-content-item-features application-platform-content-item\" id=\"features\" data-nav-section=\"features\"><h2>Caracter\u00edsticas principales del widget Portfolio<\/h2><p>Para dar forma a una percepci\u00f3n m\u00e1s clara de Shopify Portfolio, consulta la lista de las caracter\u00edsticas m\u00e1s importantes. Hacen que esta aplicaci\u00f3n sea incre\u00edblemente eficiente para su promoci\u00f3n:<\/p><ul><li>Agregue m\u00faltiples proyectos con t\u00edtulos;<\/li><li>Establezca grupos y divida proyectos en ellos;<\/li><li>Elija los tipos de datos para mostrar en la ventana emergente y coloque el cursor sobre ella;<\/li><li>Agregue descripciones y agregue fechas a todos los trabajos en el proyecto;<\/li><li>El bot\u00f3n activo en el encabezado y en la ventana emergente redirige a los clientes a cualquier p\u00e1gina.<\/li><\/ul><p><a href=\"#demo\">Explorar todas las funciones en demostraci\u00f3n en vivo<\/a><\/p><\/div><div class=\"application-platform-content-item-installation application-platform-content-item\" id=\"installation\" data-nav-section=\"installation\"><h2>C\u00f3mo agregar la aplicaci\u00f3n Portfolio a tu tienda Shopify<\/h2><div class=\"video-container\"><iframe width=\"720\" height=\"405\" src=\"https:\/\/www.youtube.com\/embed\/XuJ0OIsxY2Y\" frameborder=\"0\"><\/iframe><\/div><p>Las siguientes acciones son todo lo que necesita hacer: <\/p><ol><li><b>Emplee nuestro editor gratuito y comience a crear su propia aplicaci\u00f3n. <\/b><br> Determine la forma personalizada y los par\u00e1metros de la aplicaci\u00f3n y aplique todas las ediciones. <\/li> <li><b>Reciba el c\u00f3digo personal que se muestra en la ventana de Elfsight Apps. <\/b><br> Inmediatamente despu\u00e9s de completar la configuraci\u00f3n de su aplicaci\u00f3n personal, copie su c\u00f3digo en la ventana emergente que aparece y gu\u00e1rdelo para su uso posterior. <\/li> <li><b>Iniciar el uso de la aplicaci\u00f3n en el sitio web de Shopify. <\/b><br> Coloque el c\u00f3digo que guard\u00f3 recientemente en su p\u00e1gina y aplique las ediciones. <\/li> <li><b>La instalaci\u00f3n se realiz\u00f3 correctamente. <\/b><br> Vaya a su sitio para ver el funcionamiento de la aplicaci\u00f3n. <\/li><\/ol><p>\u00bfA\u00fan tienes dudas? \u00bfO tropez\u00f3 con algo? Una sola solicitud a nuestro equipo de soporte resolver\u00e1 cualquier tipo de pregunta.<\/p><\/div>","protected":false},"excerpt":{"rendered":"","protected":false},"author":9,"featured_media":0,"parent":1093,"menu_order":0,"comment_status":"closed","ping_status":"closed","template":"templates\/template-application-platform.php","meta":{"publish_to_discourse":"","publish_post_category":"","wpdc_auto_publish_overridden":"","wpdc_topic_tags":"","wpdc_pin_topic":"","wpdc_pin_until":"","discourse_post_id":"","discourse_permalink":"","wpdc_publishing_response":"","wpdc_publishing_error":"","footnotes":""},"class_list":["post-7564","page","type-page","status-publish","hentry"],"yoast_head":"<!-- This site is optimized with the Yoast SEO plugin v25.3.1 - https:\/\/yoast.com\/wordpress\/plugins\/seo\/ -->\n<title>Portafolio de Shopify | La mejor aplicaci\u00f3n de Portafolio para el sitio web de Shopify (gratis y r\u00e1pida)<\/title>\n<meta name=\"description\" content=\"Es muy f\u00e1cil crear tu aplicaci\u00f3n Portfolio y colocarla en el sitio web de Shopify. La atenci\u00f3n al cliente de Elfsight es gratuita y r\u00e1pida.\" \/>\n<meta name=\"robots\" content=\"index, follow, max-snippet:-1, max-image-preview:large, max-video-preview:-1\" \/>\n<link rel=\"canonical\" href=\"https:\/\/elfsight.com\/es\/portfolio-widget\/shopify\/\" \/>\n<meta property=\"og:locale\" content=\"es_ES\" \/>\n<meta property=\"og:type\" content=\"article\" \/>\n<meta property=\"og:title\" content=\"Portafolio de Shopify | La mejor aplicaci\u00f3n de Portafolio para el sitio web de Shopify (gratis y r\u00e1pida)\" \/>\n<meta property=\"og:description\" content=\"Es muy f\u00e1cil crear tu aplicaci\u00f3n Portfolio y colocarla en el sitio web de Shopify. La atenci\u00f3n al cliente de Elfsight es gratuita y r\u00e1pida.\" \/>\n<meta property=\"og:url\" content=\"https:\/\/elfsight.com\/es\/portfolio-widget\/shopify\/\" \/>\n<meta property=\"og:site_name\" content=\"Elfsight ES\" \/>\n<meta property=\"article:modified_time\" content=\"2025-02-06T15:50:20+00:00\" \/>\n<meta name=\"twitter:card\" content=\"summary_large_image\" \/>\n<meta name=\"twitter:label1\" content=\"Tiempo de lectura\" \/>\n\t<meta name=\"twitter:data1\" content=\"3 minutos\" \/>\n<!-- \/ Yoast SEO plugin. -->","yoast_head_json":{"title":"Portafolio de Shopify | La mejor aplicaci\u00f3n de Portafolio para el sitio web de Shopify (gratis y r\u00e1pida)","description":"Es muy f\u00e1cil crear tu aplicaci\u00f3n Portfolio y colocarla en el sitio web de Shopify. La atenci\u00f3n al cliente de Elfsight es gratuita y r\u00e1pida.","robots":{"index":"index","follow":"follow","max-snippet":"max-snippet:-1","max-image-preview":"max-image-preview:large","max-video-preview":"max-video-preview:-1"},"canonical":"https:\/\/elfsight.com\/es\/portfolio-widget\/shopify\/","og_locale":"es_ES","og_type":"article","og_title":"Portafolio de Shopify | La mejor aplicaci\u00f3n de Portafolio para el sitio web de Shopify (gratis y r\u00e1pida)","og_description":"Es muy f\u00e1cil crear tu aplicaci\u00f3n Portfolio y colocarla en el sitio web de Shopify. La atenci\u00f3n al cliente de Elfsight es gratuita y r\u00e1pida.","og_url":"https:\/\/elfsight.com\/es\/portfolio-widget\/shopify\/","og_site_name":"Elfsight ES","article_modified_time":"2025-02-06T15:50:20+00:00","twitter_card":"summary_large_image","twitter_misc":{"Tiempo de lectura":"3 minutos"},"schema":{"@context":"https:\/\/schema.org","@graph":[{"@type":"WebPage","@id":"https:\/\/elfsight.com\/es\/portfolio-widget\/shopify\/","url":"https:\/\/elfsight.com\/es\/portfolio-widget\/shopify\/","name":"Portafolio de Shopify | La mejor aplicaci\u00f3n de Portafolio para el sitio web de Shopify (gratis y r\u00e1pida)","isPartOf":{"@id":"https:\/\/elfsight.com\/es\/#website"},"datePublished":"1970-01-01T00:00:00+00:00","dateModified":"2025-02-06T15:50:20+00:00","description":"Es muy f\u00e1cil crear tu aplicaci\u00f3n Portfolio y colocarla en el sitio web de Shopify. La atenci\u00f3n al cliente de Elfsight es gratuita y r\u00e1pida.","breadcrumb":{"@id":"https:\/\/elfsight.com\/es\/portfolio-widget\/shopify\/#breadcrumb"},"inLanguage":"es","potentialAction":[{"@type":"ReadAction","target":["https:\/\/elfsight.com\/es\/portfolio-widget\/shopify\/"]}]},{"@type":"BreadcrumbList","@id":"https:\/\/elfsight.com\/es\/portfolio-widget\/shopify\/#breadcrumb","itemListElement":[{"@type":"ListItem","position":1,"name":"Home","item":"https:\/\/elfsight.com\/es\/"},{"@type":"ListItem","position":2,"name":"Portfolio","item":"https:\/\/elfsight.com\/es\/portfolio-widget\/"},{"@type":"ListItem","position":3,"name":"Portfolio &#8211; Shopify"}]},{"@type":"WebSite","@id":"https:\/\/elfsight.com\/es\/#website","url":"https:\/\/elfsight.com\/es\/","name":"Elfsight ES","description":"Just another Elfsight Sites site","potentialAction":[{"@type":"SearchAction","target":{"@type":"EntryPoint","urlTemplate":"https:\/\/elfsight.com\/es\/?s={search_term_string}"},"query-input":{"@type":"PropertyValueSpecification","valueRequired":true,"valueName":"search_term_string"}}],"inLanguage":"es"}]}},"meta_box":{"industry":"","seo_heading":"","heading":"","description":"","cta_heading":"","cta_description":"","application":"1092","h1":"La mejor aplicaci\u00f3n de cartera de Shopify","h1_caption":"Muestra tus trabajos y proyectos completos en detalle para conseguir nuevos clientes.","application_category":[],"applications_title":"","applications_request_title":"","applications_request_button_text":"","hero_text":"","hero_video":"","hero_video_schema_markup":"","selling_points_title":"","selling_points_caption":"","selling_points":[],"selling_points_cta_text":"","features_title":"","features":"","ed_cta_examples_text":"","ed_cta_examples_hidden":"","ed_cta_demo_text":"","ed_cta_demo_hidden":"","why_caption":"","why_editor_title":"","why_editor_text":"","why_team_title":"","why_team_text":"","why_service_title":"","why_service_text":"","template_catalog_visible":"","template_catalog_title":"","template_catalog_text":"","template_catalog_categories_visible":"","demo_title":"Crea tu aplicaci\u00f3n Portafolio","demo_caption":"\u00a1Configura tu portafolio y agr\u00e9galo a tu sitio web Shopify gratis!","default_faq_hidden":"","app_template_category":[],"platform":"91","template_public_id":"","codecanyon_url":"","codecanyon_item_id":"","codecanyon_price":"","pricing_caption":"","pricing_elfsight_apps_hide_column":"","pricing_elfsight_apps_url":"","pricing_codecanyon_price_caption":"","integration_category":[],"integration_request_title":"","integration_request_cta":"","integration_platform":"","integrations":[],"platform_category":[],"video_schema_markup":"","price":"desde $0 \/ mes","trial":"","benefits":[{"text":"Servicio de instalaci\u00f3n gratuito"},{"text":"Soporte premium"},{"text":"Garant\u00eda de devoluci\u00f3n de dinero de 14 d\u00edas"},{"text":"Actualizaciones gratuitas continuas"}],"button_url":"#demo","button_target_blank":"","button_nofollow":"","attributes":[{"name":"Instalaciones","content":"10,000 - 100,000"},{"name":"Sensible","content":"S\u00ed"},{"name":"Navegadores compatibles","content":"Firefox, Safari, Opera, Chrome, Edge"}],"tags":[],"tags_disable_links":"","hide_more_platforms":"","video_object":"","demo_hide_cta":"","demo_hide_cloud_options":"","pricing_title":"","pricing":[{"pricing_icon":"cloud","pricing_title":"Elfsight Apps","pricing_title_caption":"Versi\u00f3n multiplataforma que funciona en cualquier sitio web.","pricing_price":"desde $0 \/ mes","pricing_price_caption":"comienza con el plan gratuito","pricing_benefits":[{"text":"Sitios web ilimitados"},{"text":"Soporte premium"},{"text":"Servicio de instalaci\u00f3n gratuito"},{"text":"Oferta especial para m\u00faltiples aplicaciones."}],"pricing_button_text":"A\u00f1adir al sitio web","pricing_button_url":"#demo"}],"related_apps_title":"","related_apps_hidden":"","author":"","image":[],"title":"","job":"","social_networks":[]},"_links":{"self":[{"href":"https:\/\/elfsight.com\/es\/wp-json\/wp\/v2\/pages\/7564","targetHints":{"allow":["GET"]}}],"collection":[{"href":"https:\/\/elfsight.com\/es\/wp-json\/wp\/v2\/pages"}],"about":[{"href":"https:\/\/elfsight.com\/es\/wp-json\/wp\/v2\/types\/page"}],"author":[{"embeddable":true,"href":"https:\/\/elfsight.com\/es\/wp-json\/wp\/v2\/users\/9"}],"replies":[{"embeddable":true,"href":"https:\/\/elfsight.com\/es\/wp-json\/wp\/v2\/comments?post=7564"}],"version-history":[{"count":2,"href":"https:\/\/elfsight.com\/es\/wp-json\/wp\/v2\/pages\/7564\/revisions"}],"predecessor-version":[{"id":18895,"href":"https:\/\/elfsight.com\/es\/wp-json\/wp\/v2\/pages\/7564\/revisions\/18895"}],"up":[{"embeddable":true,"href":"https:\/\/elfsight.com\/es\/wp-json\/wp\/v2\/pages\/1093"}],"wp:attachment":[{"href":"https:\/\/elfsight.com\/es\/wp-json\/wp\/v2\/media?parent=7564"}],"curies":[{"name":"wp","href":"https:\/\/api.w.org\/{rel}","templated":true}]}}