{"id":7563,"date":"1970-01-01T00:00:00","date_gmt":"1970-01-01T00:00:00","guid":{"rendered":"https:\/\/elfsight.com\/es\/?page_id=7563"},"modified":"2025-02-06T15:50:20","modified_gmt":"2025-02-06T15:50:20","slug":"prestashop","status":"publish","type":"page","link":"https:\/\/elfsight.com\/es\/portfolio-widget\/prestashop\/","title":{"rendered":"Portfolio &#8211; PrestaShop"},"content":{"rendered":"<div class=\"application-platform-content-item-description application-platform-content-item\" id=\"description\" data-nav-section=\"description\"> <h2>Descripci\u00f3n<\/h2> <p>El complemento Elfsight Portfolio se cre\u00f3 para ayudar a todos los usuarios que quieran mostrar su colecci\u00f3n de proyectos en el sitio web y conseguir clientes. Con el widget de Elfsight, podr\u00e1 visualizar im\u00e1genes, contenido de v\u00eddeo, maquetas y otro contenido del proyecto. Cada archivo puede incluir un texto y una fecha completos. Tiene la oportunidad de vincular proyectos a sitios y establecer categor\u00edas de proyectos. Los visitantes del sitio web ver\u00e1n su portafolio, ingresar\u00e1n a un proyecto y ver\u00e1n su contenido directamente en el sitio. El encabezado mostrar\u00e1 su nombre, foto y datos de contacto, que le permitir\u00e1n ponerse en contacto con usted. El bot\u00f3n Activo llevar\u00e1 a los usuarios a la p\u00e1gina de realizaci\u00f3n de pedidos y le ayudar\u00e1 a aumentar el n\u00famero de ventas. <\/p><p><b>Con Portfolio, logra un desarrollo empresarial sostenible y aumenta las ventas <\/b><\/p> <\/div> <div class=\"application-platform-content-item-features application-platform-content-item\" id=\"features\" data-nav-section=\"features\"> <h2>El widget ofrece funciones \u00fatiles y sencillas, mira algunas de ellas: <\/h2> <ul><li>Crea tu portafolio de proyectos para mostrar trabajos de cualquier \u00e1mbito<\/li><li>Sube fotos y videos a cada uno proyecto<\/li><li>Crea m\u00faltiples proyectos con t\u00edtulos<\/li><li>Establece categor\u00edas y as\u00edgnales proyectos<\/li><li>El bot\u00f3n CTA en el encabezado y en la ventana emergente redirige al usuario a cualquier direcci\u00f3n<\/li><li>Agrega descripciones y fechas a los trabajos en el proyecto<\/li><\/ul><p><a href=\"#demo\">Puedes descubrir la funcionalidad completa del widget en la demostraci\u00f3n aqu\u00ed<\/a><\/p> <\/div> <div class=\"application-platform-content-item-installation application-platform-content-item\" id=\"installation\" data-nav-section=\"installation\"> <h2>\u00bfC\u00f3mo incrustar Portfolio en mi sitio web PrestaShop? <\/h2> <p>Simplemente siga las pautas a continuaci\u00f3n para integrar la herramienta. <\/p> <ol><li><b>Inicie nuestro configurador gratuito y comience a crear su widget \u00fanico. <\/b><br> Encuentre el dise\u00f1o personalizado y las caracter\u00edsticas de la herramienta y guarde las ediciones. <\/li> <li><b>Exponga su c\u00f3digo \u00fanico en el cuadro de Elfsight Apps. <\/b><br> Inmediatamente despu\u00e9s de que finalice la generaci\u00f3n de su herramienta personal, copie el c\u00f3digo exclusivo de la ventana que aparece y gu\u00e1rdelo para futuras ocasiones. <\/li> <li><b>Comience a utilizar el widget en su sitio PrestaShop. <\/b><br> Inserta el c\u00f3digo que has copiado anteriormente en tu sitio web y aplica las modificaciones. <\/li> <li><b>\u00a1Listo! La integraci\u00f3n se logra con \u00e9xito. <\/b><br>Visite su sitio web para inspeccionar c\u00f3mo funciona el complemento. <\/li><\/ol> <p>A condici\u00f3n de enfrentar preguntas o enfrentar algunos problemas, comun\u00edquese con nuestro personal de soporte. Nuestros especialistas estar\u00e1n encantados de resolver todos los problemas que pueda tener con el complemento. <\/p><div class=\"faq\" data-component=\"FAQ\"><div class=\"faq-item\">\r\n\t\t\t\t\t<div class=\"faq-item-question\">\r\n\t\t\t\t\t\t<h3 class=\"faq-item-question-text\">\u00bfExiste alg\u00fan m\u00e9todo para incrustar un Portafolio en mi sitio web PrestaShop sin experiencia en codificaci\u00f3n?<\/h3>\r\n\r\n\t\t\t\t\t\t<div class=\"faq-item-question-icon\"><\/div>\r\n\t\t\t\t\t<\/div>\r\n\r\n\t\t\t\t\t<div class=\"faq-item-answer\">\r\n\t\t\t\t\t\t<div class=\"faq-item-answer-text\"> <p>Elfsight proporciona una soluci\u00f3n en la nube que permite a los usuarios generar un widget de Portafolio usted mismo. Observe los sencillos pasos: Vaya a la demostraci\u00f3n en l\u00ednea para generar una secci\u00f3n de Portafolio que le gustar\u00eda incrustar en su p\u00e1gina web de PrestaShop. Haga clic en una de las plantillas predise\u00f1adas y modifique la configuraci\u00f3n del Portafolio, actualice su contenido, transforme el dise\u00f1o y el color de los elementos sin codificaci\u00f3n. Guarde la configuraci\u00f3n que realiz\u00f3 en Portfolio y obtenga el c\u00f3digo de instalaci\u00f3n, que puede agregar f\u00e1cilmente en cualquier sitio PrestaShop usando un plan gratuito. Al trabajar en el Configurador intuitivo, cada usuario web puede crear una aplicaci\u00f3n Portfolio en l\u00ednea y pegarla sin esfuerzo en el sitio web de PrestaShop. No es necesario pagar ni enviar las credenciales de su tarjeta para acceder a Elfsight Editor. Si encuentra alg\u00fan obst\u00e1culo de cualquier tipo, contin\u00fae y hable con nuestro equipo de soporte t\u00e9cnico.<\/p> <\/div>\r\n\t\t\t\t\t<\/div>\r\n\t\t\t\t<\/div> <\/div> <\/div>","protected":false},"excerpt":{"rendered":"","protected":false},"author":9,"featured_media":0,"parent":1093,"menu_order":0,"comment_status":"closed","ping_status":"closed","template":"templates\/template-application-platform.php","meta":{"publish_to_discourse":"","publish_post_category":"","wpdc_auto_publish_overridden":"","wpdc_topic_tags":"","wpdc_pin_topic":"","wpdc_pin_until":"","discourse_post_id":"","discourse_permalink":"","wpdc_publishing_response":"","wpdc_publishing_error":"","footnotes":""},"class_list":["post-7563","page","type-page","status-publish","hentry"],"yoast_head":"<!-- This site is optimized with the Yoast SEO plugin v25.3.1 - https:\/\/yoast.com\/wordpress\/plugins\/seo\/ -->\n<title>Complemento de cartera para el sitio web PrestaShop (gratis y r\u00e1pido)<\/title>\n<meta name=\"description\" content=\"Esta es una oportunidad para crear un complemento de PrestaShop Portfolio e incrustarlo en su sitio web. Disfrutar\u00e1s de un servicio de atenci\u00f3n al cliente gratuito de por vida.\" \/>\n<meta name=\"robots\" content=\"index, follow, max-snippet:-1, max-image-preview:large, max-video-preview:-1\" \/>\n<link rel=\"canonical\" href=\"https:\/\/elfsight.com\/es\/portfolio-widget\/prestashop\/\" \/>\n<meta property=\"og:locale\" content=\"es_ES\" \/>\n<meta property=\"og:type\" content=\"article\" \/>\n<meta property=\"og:title\" content=\"Complemento de cartera para el sitio web PrestaShop (gratis y r\u00e1pido)\" \/>\n<meta property=\"og:description\" content=\"Esta es una oportunidad para crear un complemento de PrestaShop Portfolio e incrustarlo en su sitio web. Disfrutar\u00e1s de un servicio de atenci\u00f3n al cliente gratuito de por vida.\" \/>\n<meta property=\"og:url\" content=\"https:\/\/elfsight.com\/es\/portfolio-widget\/prestashop\/\" \/>\n<meta property=\"og:site_name\" content=\"Elfsight ES\" \/>\n<meta property=\"article:modified_time\" content=\"2025-02-06T15:50:20+00:00\" \/>\n<meta name=\"twitter:card\" content=\"summary_large_image\" \/>\n<meta name=\"twitter:label1\" content=\"Tiempo de lectura\" \/>\n\t<meta name=\"twitter:data1\" content=\"3 minutos\" \/>\n<!-- \/ Yoast SEO plugin. -->","yoast_head_json":{"title":"Complemento de cartera para el sitio web PrestaShop (gratis y r\u00e1pido)","description":"Esta es una oportunidad para crear un complemento de PrestaShop Portfolio e incrustarlo en su sitio web. Disfrutar\u00e1s de un servicio de atenci\u00f3n al cliente gratuito de por vida.","robots":{"index":"index","follow":"follow","max-snippet":"max-snippet:-1","max-image-preview":"max-image-preview:large","max-video-preview":"max-video-preview:-1"},"canonical":"https:\/\/elfsight.com\/es\/portfolio-widget\/prestashop\/","og_locale":"es_ES","og_type":"article","og_title":"Complemento de cartera para el sitio web PrestaShop (gratis y r\u00e1pido)","og_description":"Esta es una oportunidad para crear un complemento de PrestaShop Portfolio e incrustarlo en su sitio web. Disfrutar\u00e1s de un servicio de atenci\u00f3n al cliente gratuito de por vida.","og_url":"https:\/\/elfsight.com\/es\/portfolio-widget\/prestashop\/","og_site_name":"Elfsight ES","article_modified_time":"2025-02-06T15:50:20+00:00","twitter_card":"summary_large_image","twitter_misc":{"Tiempo de lectura":"3 minutos"},"schema":{"@context":"https:\/\/schema.org","@graph":[{"@type":"WebPage","@id":"https:\/\/elfsight.com\/es\/portfolio-widget\/prestashop\/","url":"https:\/\/elfsight.com\/es\/portfolio-widget\/prestashop\/","name":"Complemento de cartera para el sitio web PrestaShop (gratis y r\u00e1pido)","isPartOf":{"@id":"https:\/\/elfsight.com\/es\/#website"},"datePublished":"1970-01-01T00:00:00+00:00","dateModified":"2025-02-06T15:50:20+00:00","description":"Esta es una oportunidad para crear un complemento de PrestaShop Portfolio e incrustarlo en su sitio web. Disfrutar\u00e1s de un servicio de atenci\u00f3n al cliente gratuito de por vida.","breadcrumb":{"@id":"https:\/\/elfsight.com\/es\/portfolio-widget\/prestashop\/#breadcrumb"},"inLanguage":"es","potentialAction":[{"@type":"ReadAction","target":["https:\/\/elfsight.com\/es\/portfolio-widget\/prestashop\/"]}]},{"@type":"BreadcrumbList","@id":"https:\/\/elfsight.com\/es\/portfolio-widget\/prestashop\/#breadcrumb","itemListElement":[{"@type":"ListItem","position":1,"name":"Home","item":"https:\/\/elfsight.com\/es\/"},{"@type":"ListItem","position":2,"name":"Portfolio","item":"https:\/\/elfsight.com\/es\/portfolio-widget\/"},{"@type":"ListItem","position":3,"name":"Portfolio &#8211; PrestaShop"}]},{"@type":"WebSite","@id":"https:\/\/elfsight.com\/es\/#website","url":"https:\/\/elfsight.com\/es\/","name":"Elfsight ES","description":"Just another Elfsight Sites site","potentialAction":[{"@type":"SearchAction","target":{"@type":"EntryPoint","urlTemplate":"https:\/\/elfsight.com\/es\/?s={search_term_string}"},"query-input":{"@type":"PropertyValueSpecification","valueRequired":true,"valueName":"search_term_string"}}],"inLanguage":"es"}]}},"meta_box":{"industry":"","seo_heading":"","heading":"","description":"","cta_heading":"","cta_description":"","application":"1092","h1":"Plantilla de cartera de PrestaShop","h1_caption":"Deje que la audiencia vea sus trabajos y proyectos completos para conseguir a\u00fan m\u00e1s clientes.","application_category":[],"applications_title":"","applications_request_title":"","applications_request_button_text":"","hero_text":"","hero_video":"","hero_video_schema_markup":"","selling_points_title":"","selling_points_caption":"","selling_points":[],"selling_points_cta_text":"","features_title":"","features":"","ed_cta_examples_text":"","ed_cta_examples_hidden":"","ed_cta_demo_text":"","ed_cta_demo_hidden":"","why_caption":"","why_editor_title":"","why_editor_text":"","why_team_title":"","why_team_text":"","why_service_title":"","why_service_text":"","template_catalog_visible":"","template_catalog_title":"","template_catalog_text":"","template_catalog_categories_visible":"","demo_title":"Crea tu complemento de cartera","demo_caption":"\u00a1Configura tu Portafolio y agr\u00e9galo a tu sitio web PrestaShop gratis!","default_faq_hidden":"","app_template_category":[],"platform":"2250","template_public_id":"","codecanyon_url":"","codecanyon_item_id":"","codecanyon_price":"","pricing_caption":"","pricing_elfsight_apps_hide_column":"","pricing_elfsight_apps_url":"","pricing_codecanyon_price_caption":"","integration_category":[],"integration_request_title":"","integration_request_cta":"","integration_platform":"","integrations":[],"platform_category":[],"video_schema_markup":"","price":"desde $0 \/ mes","trial":"","benefits":[{"text":"Ayuda de instalaci\u00f3n gratuita"},{"text":"Atenci\u00f3n al cliente experimentada"},{"text":"Garant\u00eda de reembolso de 14 d\u00edas"},{"text":"Actualizando constantemente"}],"button_url":"#demo","button_target_blank":"","button_nofollow":"","attributes":[{"name":"Instalaciones","content":"10,000 - 100,000"},{"name":"Sensible","content":"S\u00ed"},{"name":"Navegadores compatibles","content":"Firefox, Safari, Opera, Chrome, Edge"}],"tags":[],"tags_disable_links":"","hide_more_platforms":"","video_object":"","demo_hide_cta":"","demo_hide_cloud_options":"","pricing_title":"","pricing":[{"pricing_icon":"platform","pricing_title":"Elfsight Apps","pricing_title_caption":"Soluci\u00f3n independiente de plataforma que se adapta a cualquier sitio","pricing_price":"desde $0 \/ mes","pricing_price_caption":"comienza con un plan gratuito","pricing_benefits":[{"text":"Sitios web ilimitados"},{"text":"Soporte r\u00e1pido de la empresa"},{"text":"Asistencia de instalaci\u00f3n gratuita"},{"text":"Dise\u00f1o flexible"}],"pricing_button_text":"A\u00f1adir al sitio web","pricing_button_url":"#demo"}],"related_apps_title":"","related_apps_hidden":"","author":"","image":[],"title":"","job":"","social_networks":[]},"_links":{"self":[{"href":"https:\/\/elfsight.com\/es\/wp-json\/wp\/v2\/pages\/7563","targetHints":{"allow":["GET"]}}],"collection":[{"href":"https:\/\/elfsight.com\/es\/wp-json\/wp\/v2\/pages"}],"about":[{"href":"https:\/\/elfsight.com\/es\/wp-json\/wp\/v2\/types\/page"}],"author":[{"embeddable":true,"href":"https:\/\/elfsight.com\/es\/wp-json\/wp\/v2\/users\/9"}],"replies":[{"embeddable":true,"href":"https:\/\/elfsight.com\/es\/wp-json\/wp\/v2\/comments?post=7563"}],"version-history":[{"count":2,"href":"https:\/\/elfsight.com\/es\/wp-json\/wp\/v2\/pages\/7563\/revisions"}],"predecessor-version":[{"id":18896,"href":"https:\/\/elfsight.com\/es\/wp-json\/wp\/v2\/pages\/7563\/revisions\/18896"}],"up":[{"embeddable":true,"href":"https:\/\/elfsight.com\/es\/wp-json\/wp\/v2\/pages\/1093"}],"wp:attachment":[{"href":"https:\/\/elfsight.com\/es\/wp-json\/wp\/v2\/media?parent=7563"}],"curies":[{"name":"wp","href":"https:\/\/api.w.org\/{rel}","templated":true}]}}