{"id":7562,"date":"1970-01-01T00:00:00","date_gmt":"1970-01-01T00:00:00","guid":{"rendered":"https:\/\/elfsight.com\/es\/?page_id=7562"},"modified":"2025-02-06T15:50:20","modified_gmt":"2025-02-06T15:50:20","slug":"opencart","status":"publish","type":"page","link":"https:\/\/elfsight.com\/es\/portfolio-widget\/opencart\/","title":{"rendered":"Portfolio &#8211; OpenCart"},"content":{"rendered":"<div class=\"application-platform-content-item-description application-platform-content-item\" id=\"description\" data-nav-section=\"description\"><h2>Descripci\u00f3n<\/h2><p>La extensi\u00f3n Elfsight Portfolio se cre\u00f3 para ayudar a todos los usuarios que quieran publicar su biblioteca de trabajo en el sitio y atraer nuevas ventas. Al tener la herramienta, tendr\u00e1 la oportunidad de revelar im\u00e1genes, contenido de video, maquetas y otro contenido del proyecto. Cada archivo de proyecto puede incluir una descripci\u00f3n completa y una fecha. Puede vincular proyectos a sitios y dividir proyectos en categor\u00edas. Los usuarios ver\u00e1n su portafolio, ingresar\u00e1n a cada proyecto y estudiar\u00e1n su contenido directamente en el sitio web. El encabezado presenta su nombre completo, foto y datos de contacto, que ayudan a ponernos en contacto con usted. El bot\u00f3n de llamada a la acci\u00f3n llevar\u00e1 a las personas a la p\u00e1gina de realizaci\u00f3n de pedidos y le ayudar\u00e1 a aumentar la cantidad de ventas.<\/p><div class=\"faq\" data-component=\"FAQ\"> <div class=\"faq-item\">\r\n\t\t\t\t\t<div class=\"faq-item-question\">\r\n\t\t\t\t\t\t<h3 class=\"faq-item-question-text\">\u00bfD\u00f3nde puedo instalarlo<\/h3>\r\n\r\n\t\t\t\t\t\t<div class=\"faq-item-question-icon\"><\/div>\r\n\t\t\t\t\t<\/div>\r\n\r\n\t\t\t\t\t<div class=\"faq-item-answer\">\r\n\t\t\t\t\t\t<div class=\"faq-item-answer-text\"><p>Puede integrarlo en cualquier p\u00e1gina del sitio o en todas las p\u00e1ginas web. Su maravilloso portafolio responsivo har\u00e1 que la atenci\u00f3n de los visitantes se publique en la p\u00e1gina principal del sitio web y puede brindar soporte visual de sus ofertas en las p\u00e1ginas del Portafolio.<\/p><\/div>\r\n\t\t\t\t\t<\/div>\r\n\t\t\t\t<\/div><div class=\"faq-item\">\r\n\t\t\t\t\t<div class=\"faq-item-question\">\r\n\t\t\t\t\t\t<h3 class=\"faq-item-question-text\">\u00bfQu\u00e9 beneficios me brindar\u00e1?<\/h3>\r\n\r\n\t\t\t\t\t\t<div class=\"faq-item-question-icon\"><\/div>\r\n\t\t\t\t\t<\/div>\r\n\r\n\t\t\t\t\t<div class=\"faq-item-answer\">\r\n\t\t\t\t\t\t<div class=\"faq-item-answer-text\"><p>Una maravillosa colecci\u00f3n de sus trabajos demostrar\u00e1 todas sus altas habilidades y creatividad a sus usuarios. Estar\u00e1n ansiosos por tener lo mismo y usted tendr\u00e1 nuevos clientes. M\u00e1s a\u00fan, gracias a las pr\u00e1cticas formas de ponernos en contacto con usted, tendr\u00e1 m\u00e1s clientes potenciales.<\/p><\/div>\r\n\t\t\t\t\t<\/div>\r\n\t\t\t\t<\/div><div class=\"faq-item\">\r\n\t\t\t\t\t<div class=\"faq-item-question\">\r\n\t\t\t\t\t\t<h3 class=\"faq-item-question-text\">\u00bfQu\u00e9 necesito para instalar Portfolio en mi sitio web OpenCart?<\/h3>\r\n\r\n\t\t\t\t\t\t<div class=\"faq-item-question-icon\"><\/div>\r\n\t\t\t\t\t<\/div>\r\n\r\n\t\t\t\t\t<div class=\"faq-item-answer\">\r\n\t\t\t\t\t\t<div class=\"faq-item-answer-text\"><p>Solo le tomar\u00e1 dos minutos de su tiempo tener la extensi\u00f3n en funcionamiento. El proceso de integraci\u00f3n es s\u00faper r\u00e1pido, gratuito y sin codificaci\u00f3n.<\/p><p>El m\u00f3dulo se puede integrar en nuestro servicio o en el mercado. Puede comparar las ventajas de ambas opciones y elegir la m\u00e1s adecuada.<\/p><\/div>\r\n\t\t\t\t\t<\/div>\r\n\t\t\t\t<\/div><\/div><\/div><div class=\"application-platform-content-item-features application-platform-content-item\" id=\"features\" data-nav-section=\"features\"><h2>Caracter\u00edsticas<\/h2><p>Para tener una comprensi\u00f3n clara de la extensi\u00f3n OpenCart Portfolio, descubra la lista de sus caracter\u00edsticas esenciales. Hacen que el m\u00f3dulo sea incre\u00edblemente beneficioso para su sitio web:<\/p><ul><li>Agregar m\u00faltiples proyectos y agregar t\u00edtulos de proyectos;<\/li><li>Establecer grupos y unir proyectos a ellos;<\/li><li>Establecer los tipos de datos que se mostrar\u00e1n en la ventana emergente y pasar el mouse;<\/li><li>La opci\u00f3n de escribir descripciones y asignar fechas a los archivos en el proyecto;<\/li><li>El bot\u00f3n activo en el encabezado y en la ventana emergente lleva a los clientes a cualquier sitio web.<\/li><\/ul><p><a href=\"#demo\">Consulte una lista completa de funciones en nuestra demostraci\u00f3n en vivo<\/a><\/p><\/div><div class=\"application-platform-content-item-installation application-platform-content-item\" id=\"installation\" data-nav-section=\"installation\"><h2>C\u00f3mo agregar la extensi\u00f3n Portfolio a su sitio web OpenCart<\/h2><p>Simplemente siga varios pasos que se describen a continuaci\u00f3n para agregar el widget en OpenCart.<\/p> <ol><li><b>Inicie nuestra demostraci\u00f3n gratuita y comience a crear su propio widget \u00fanico. extensi\u00f3n. <\/b><br> Especifique el aspecto y las especificaciones deseables de la extensi\u00f3n y aplique las modificaciones. <\/li> <li><b>Adquiera el c\u00f3digo \u00fanico que aparece en el cuadro de Elfsight Apps. <\/b><br> Tan pronto como se complete el establecimiento de su extensi\u00f3n de cartera personal, copie el c\u00f3digo exclusivo en la ventana emergente que aparece y gu\u00e1rdelo para futuras necesidades. <\/li> <li><b>Inicie la aplicaci\u00f3n de la herramienta en su sitio web OpenCart. <\/b><br>Coloca el c\u00f3digo que guardaste recientemente en tu sitio web y aplica los ajustes. <\/li> <li><b>\u00a1Ya terminaste! La incrustaci\u00f3n est\u00e1 totalmente realizada. <\/b><br>Vaya a su sitio web para examinar el funcionamiento del widget. <\/li><\/ol> <p>\u00bfA\u00fan no te has decidido? \u00bfO tienes preguntas que hacer? Una sola solicitud a nuestro equipo de atenci\u00f3n al cliente ayudar\u00e1 con cada problema.<\/p><\/div>","protected":false},"excerpt":{"rendered":"","protected":false},"author":9,"featured_media":0,"parent":1093,"menu_order":0,"comment_status":"closed","ping_status":"closed","template":"templates\/template-application-platform.php","meta":{"publish_to_discourse":"","publish_post_category":"","wpdc_auto_publish_overridden":"","wpdc_topic_tags":"","wpdc_pin_topic":"","wpdc_pin_until":"","discourse_post_id":"","discourse_permalink":"","wpdc_publishing_response":"","wpdc_publishing_error":"","footnotes":""},"class_list":["post-7562","page","type-page","status-publish","hentry"],"yoast_head":"<!-- This site is optimized with the Yoast SEO plugin v25.3.1 - https:\/\/yoast.com\/wordpress\/plugins\/seo\/ -->\n<title>La mejor extensi\u00f3n de Portafolio para el sitio web OpenCart (gratuita y r\u00e1pida)<\/title>\n<meta name=\"description\" content=\"Cree la extensi\u00f3n Portfolio y agr\u00e9guela a su sitio web OpenCart. Obtenga atenci\u00f3n al cliente gratuita y otras ventajas de Elfsight.\" \/>\n<meta name=\"robots\" content=\"index, follow, max-snippet:-1, max-image-preview:large, max-video-preview:-1\" \/>\n<link rel=\"canonical\" href=\"https:\/\/elfsight.com\/es\/portfolio-widget\/opencart\/\" \/>\n<meta property=\"og:locale\" content=\"es_ES\" \/>\n<meta property=\"og:type\" content=\"article\" \/>\n<meta property=\"og:title\" content=\"La mejor extensi\u00f3n de Portafolio para el sitio web OpenCart (gratuita y r\u00e1pida)\" \/>\n<meta property=\"og:description\" content=\"Cree la extensi\u00f3n Portfolio y agr\u00e9guela a su sitio web OpenCart. Obtenga atenci\u00f3n al cliente gratuita y otras ventajas de Elfsight.\" \/>\n<meta property=\"og:url\" content=\"https:\/\/elfsight.com\/es\/portfolio-widget\/opencart\/\" \/>\n<meta property=\"og:site_name\" content=\"Elfsight ES\" \/>\n<meta property=\"article:modified_time\" content=\"2025-02-06T15:50:20+00:00\" \/>\n<meta name=\"twitter:card\" content=\"summary_large_image\" \/>\n<meta name=\"twitter:label1\" content=\"Tiempo de lectura\" \/>\n\t<meta name=\"twitter:data1\" content=\"3 minutos\" \/>\n<!-- \/ Yoast SEO plugin. -->","yoast_head_json":{"title":"La mejor extensi\u00f3n de Portafolio para el sitio web OpenCart (gratuita y r\u00e1pida)","description":"Cree la extensi\u00f3n Portfolio y agr\u00e9guela a su sitio web OpenCart. Obtenga atenci\u00f3n al cliente gratuita y otras ventajas de Elfsight.","robots":{"index":"index","follow":"follow","max-snippet":"max-snippet:-1","max-image-preview":"max-image-preview:large","max-video-preview":"max-video-preview:-1"},"canonical":"https:\/\/elfsight.com\/es\/portfolio-widget\/opencart\/","og_locale":"es_ES","og_type":"article","og_title":"La mejor extensi\u00f3n de Portafolio para el sitio web OpenCart (gratuita y r\u00e1pida)","og_description":"Cree la extensi\u00f3n Portfolio y agr\u00e9guela a su sitio web OpenCart. Obtenga atenci\u00f3n al cliente gratuita y otras ventajas de Elfsight.","og_url":"https:\/\/elfsight.com\/es\/portfolio-widget\/opencart\/","og_site_name":"Elfsight ES","article_modified_time":"2025-02-06T15:50:20+00:00","twitter_card":"summary_large_image","twitter_misc":{"Tiempo de lectura":"3 minutos"},"schema":{"@context":"https:\/\/schema.org","@graph":[{"@type":"WebPage","@id":"https:\/\/elfsight.com\/es\/portfolio-widget\/opencart\/","url":"https:\/\/elfsight.com\/es\/portfolio-widget\/opencart\/","name":"La mejor extensi\u00f3n de Portafolio para el sitio web OpenCart (gratuita y r\u00e1pida)","isPartOf":{"@id":"https:\/\/elfsight.com\/es\/#website"},"datePublished":"1970-01-01T00:00:00+00:00","dateModified":"2025-02-06T15:50:20+00:00","description":"Cree la extensi\u00f3n Portfolio y agr\u00e9guela a su sitio web OpenCart. Obtenga atenci\u00f3n al cliente gratuita y otras ventajas de Elfsight.","breadcrumb":{"@id":"https:\/\/elfsight.com\/es\/portfolio-widget\/opencart\/#breadcrumb"},"inLanguage":"es","potentialAction":[{"@type":"ReadAction","target":["https:\/\/elfsight.com\/es\/portfolio-widget\/opencart\/"]}]},{"@type":"BreadcrumbList","@id":"https:\/\/elfsight.com\/es\/portfolio-widget\/opencart\/#breadcrumb","itemListElement":[{"@type":"ListItem","position":1,"name":"Home","item":"https:\/\/elfsight.com\/es\/"},{"@type":"ListItem","position":2,"name":"Portfolio","item":"https:\/\/elfsight.com\/es\/portfolio-widget\/"},{"@type":"ListItem","position":3,"name":"Portfolio &#8211; OpenCart"}]},{"@type":"WebSite","@id":"https:\/\/elfsight.com\/es\/#website","url":"https:\/\/elfsight.com\/es\/","name":"Elfsight ES","description":"Just another Elfsight Sites site","potentialAction":[{"@type":"SearchAction","target":{"@type":"EntryPoint","urlTemplate":"https:\/\/elfsight.com\/es\/?s={search_term_string}"},"query-input":{"@type":"PropertyValueSpecification","valueRequired":true,"valueName":"search_term_string"}}],"inLanguage":"es"}]}},"meta_box":{"industry":"","seo_heading":"","heading":"","description":"","cta_heading":"","cta_description":"","application":"1092","h1":"Extensi\u00f3n de cartera OpenCart","h1_caption":"Muestre sus mejores trabajos y proyectos y atraiga a\u00fan m\u00e1s clientes","application_category":[],"applications_title":"","applications_request_title":"","applications_request_button_text":"","hero_text":"","hero_video":"","hero_video_schema_markup":"","selling_points_title":"","selling_points_caption":"","selling_points":[],"selling_points_cta_text":"","features_title":"","features":"","ed_cta_examples_text":"","ed_cta_examples_hidden":"","ed_cta_demo_text":"","ed_cta_demo_hidden":"","why_caption":"","why_editor_title":"","why_editor_text":"","why_team_title":"","why_team_text":"","why_service_title":"","why_service_text":"","template_catalog_visible":"","template_catalog_title":"","template_catalog_text":"","template_catalog_categories_visible":"","demo_title":"Crea tu extensi\u00f3n de Portafolio","demo_caption":"\u00a1Configure su Portafolio y agr\u00e9guelo a su sitio web OpenCart gratis!","default_faq_hidden":"","app_template_category":[],"platform":"88","template_public_id":"","codecanyon_url":"","codecanyon_item_id":"","codecanyon_price":"","pricing_caption":"","pricing_elfsight_apps_hide_column":"","pricing_elfsight_apps_url":"","pricing_codecanyon_price_caption":"","integration_category":[],"integration_request_title":"","integration_request_cta":"","integration_platform":"","integrations":[],"platform_category":[],"video_schema_markup":"","price":"desde $0 \/ mes","trial":"","benefits":[{"text":"Ayuda de instalaci\u00f3n gratuita"},{"text":"Servicio al cliente profesional"},{"text":"Garant\u00eda de devoluci\u00f3n de dinero de 14 d\u00edas"},{"text":"Mejoras continuas"}],"button_url":"#demo","button_target_blank":"","button_nofollow":"","attributes":[{"name":"Instalaciones","content":"10,000 - 100,000"},{"name":"Sensible","content":"S\u00ed"},{"name":"Navegadores compatibles","content":"Chrome, Firefox, Opera, Edge, Safari"}],"tags":[],"tags_disable_links":"","hide_more_platforms":"","video_object":"","demo_hide_cta":"","demo_hide_cloud_options":"","pricing_title":"","pricing":[{"pricing_icon":"platform","pricing_title":"Elfsight Apps","pricing_title_caption":"Soluci\u00f3n multiplataforma que funciona en cualquier sitio web","pricing_price":"desde $0 \/ mes","pricing_price_caption":"comienza con el plan gratuito","pricing_benefits":[{"text":"Sitios web ilimitados"},{"text":"Atenci\u00f3n al cliente dedicada"},{"text":"Soporte de instalaci\u00f3n gratuito"},{"text":"100% personalizable"}],"pricing_button_text":"A\u00f1adir al sitio web","pricing_button_url":"#demo"}],"related_apps_title":"","related_apps_hidden":"","author":"","image":[],"title":"","job":"","social_networks":[]},"_links":{"self":[{"href":"https:\/\/elfsight.com\/es\/wp-json\/wp\/v2\/pages\/7562","targetHints":{"allow":["GET"]}}],"collection":[{"href":"https:\/\/elfsight.com\/es\/wp-json\/wp\/v2\/pages"}],"about":[{"href":"https:\/\/elfsight.com\/es\/wp-json\/wp\/v2\/types\/page"}],"author":[{"embeddable":true,"href":"https:\/\/elfsight.com\/es\/wp-json\/wp\/v2\/users\/9"}],"replies":[{"embeddable":true,"href":"https:\/\/elfsight.com\/es\/wp-json\/wp\/v2\/comments?post=7562"}],"version-history":[{"count":2,"href":"https:\/\/elfsight.com\/es\/wp-json\/wp\/v2\/pages\/7562\/revisions"}],"predecessor-version":[{"id":18897,"href":"https:\/\/elfsight.com\/es\/wp-json\/wp\/v2\/pages\/7562\/revisions\/18897"}],"up":[{"embeddable":true,"href":"https:\/\/elfsight.com\/es\/wp-json\/wp\/v2\/pages\/1093"}],"wp:attachment":[{"href":"https:\/\/elfsight.com\/es\/wp-json\/wp\/v2\/media?parent=7562"}],"curies":[{"name":"wp","href":"https:\/\/api.w.org\/{rel}","templated":true}]}}