{"id":7554,"date":"1970-01-01T00:00:00","date_gmt":"1970-01-01T00:00:00","guid":{"rendered":"https:\/\/elfsight.com\/es\/?page_id=7554"},"modified":"2025-02-06T15:50:28","modified_gmt":"2025-02-06T15:50:28","slug":"jquery","status":"publish","type":"page","link":"https:\/\/elfsight.com\/es\/portfolio-widget\/jquery\/","title":{"rendered":"Portfolio &#8211; jQuery"},"content":{"rendered":"<div class=\"application-platform-content-item-description application-platform-content-item\" id=\"description\" data-nav-section=\"description\"><h2>Descripci\u00f3n<\/h2><p>La galer\u00eda Elfsight Portfolio est\u00e1 dise\u00f1ada para cada persona que tiene la tarea de mostrar su biblioteca de proyectos en el sitio web y aumentar el n\u00famero de pedidos. Al utilizar nuestra galer\u00eda de portafolio responsiva con jquery, puede revelar selecciones de im\u00e1genes, videos, maquetas y otro contenido. Cada archivo de proyecto puede tener un texto y una fecha. Tiene la oportunidad de vincular proyectos a sitios web y difundirlos en grupos. Su audiencia ver\u00e1 su portafolio, ingresar\u00e1 a cada proyecto y ver\u00e1 todos los trabajos directamente en su sitio. El encabezado mostrar\u00e1 su nombre completo, foto y datos de contacto, que ayudar\u00e1n a comunicarse con usted. El bot\u00f3n de llamada a la acci\u00f3n llevar\u00e1 a las personas a la p\u00e1gina de pedidos y le ayudar\u00e1 a aumentar el nivel de ventas.<\/p><div class=\"faq\" data-component=\"FAQ\"> <div class=\"faq-item\">\r\n\t\t\t\t\t<div class=\"faq-item-question\">\r\n\t\t\t\t\t\t<h3 class=\"faq-item-question-text\">\u00bfD\u00f3nde puedo publicar este complemento<\/h3>\r\n\r\n\t\t\t\t\t\t<div class=\"faq-item-question-icon\"><\/div>\r\n\t\t\t\t\t<\/div>\r\n\r\n\t\t\t\t\t<div class=\"faq-item-answer\">\r\n\t\t\t\t\t\t<div class=\"faq-item-answer-text\"><p>Puede hacer su trabajo en cualquier p\u00e1gina del sitio, as\u00ed como en todas las p\u00e1ginas. Sus atractivos materiales atraer\u00e1n la atenci\u00f3n de los visitantes publicados en la p\u00e1gina principal del sitio y pueden ilustrar sus ofertas en las p\u00e1ginas del Portafolio.<\/p><\/div>\r\n\t\t\t\t\t<\/div>\r\n\t\t\t\t<\/div><div class=\"faq-item\">\r\n\t\t\t\t\t<div class=\"faq-item-question\">\r\n\t\t\t\t\t\t<h3 class=\"faq-item-question-text\">\u00bfCu\u00e1les son los beneficios de usarlo para m\u00ed?<\/h3>\r\n\r\n\t\t\t\t\t\t<div class=\"faq-item-question-icon\"><\/div>\r\n\t\t\t\t\t<\/div>\r\n\r\n\t\t\t\t\t<div class=\"faq-item-answer\">\r\n\t\t\t\t\t\t<div class=\"faq-item-answer-text\"><p>Una fascinante colecci\u00f3n de sus obras demostrar\u00e1 todas sus altas habilidades y creatividad a los visitantes. Har\u00e1 que los usuarios est\u00e9n ansiosos por vivir la misma experiencia y ver\u00e1 nuevos pedidos. M\u00e1s a\u00fan, al utilizar las formas r\u00e1pidas de contactarlo, puede aumentar el n\u00famero de clientes potenciales.<\/p><\/div>\r\n\t\t\t\t\t<\/div>\r\n\t\t\t\t<\/div><div class=\"faq-item\">\r\n\t\t\t\t\t<div class=\"faq-item-question\">\r\n\t\t\t\t\t\t<h3 class=\"faq-item-question-text\">\u00bfQu\u00e9 necesito para agregar Portfolio Grid en mi sitio jQuery?<\/h3>\r\n\r\n\t\t\t\t\t\t<div class=\"faq-item-question-icon\"><\/div>\r\n\t\t\t\t\t<\/div>\r\n\r\n\t\t\t\t\t<div class=\"faq-item-answer\">\r\n\t\t\t\t\t\t<div class=\"faq-item-answer-text\"><p>Solo le tomar\u00e1 dos minutos de su tiempo comenzar a usar el widget. El proceso es extremadamente r\u00e1pido, gratuito y sin codificaci\u00f3n.<\/p><p>Puedes pegar el c\u00f3digo de Portfolio en el sitio web directamente a trav\u00e9s de nuestro servicio. Para ello, debe realizar la gu\u00eda a continuaci\u00f3n en esta p\u00e1gina.<\/p><\/div>\r\n\t\t\t\t\t<\/div>\r\n\t\t\t\t<\/div><\/div><\/div><div class=\"application-platform-content-item-features application-platform-content-item\" id=\"features\" data-nav-section=\"features\"><h2>Caracter\u00edsticas<\/h2><p>Para comprender mejor jQuery Portfolio Gallery, consulte la lista de sus caracter\u00edsticas m\u00e1s valiosas. Hacen que nuestro complemento sea realmente eficiente para su promoci\u00f3n:<\/p><ul><li>Demuestre cualquier cantidad de proyectos y agregue t\u00edtulos;<\/li><li>Establezca grupos y divida proyectos en ellos;<\/li><li>Seleccione los tipos de datos para mostrar en la ventana emergente y coloque el cursor sobre ella;<\/li><li>Agregue descripciones y fechas a los materiales en el proyecto;<\/li><li>Dise\u00f1o totalmente responsivo;<\/li><li>El bot\u00f3n de llamada a la acci\u00f3n en el encabezado del widget y en la ventana emergente redirige a los usuarios a cualquier sitio o p\u00e1gina.<\/li><\/ul><p><a href=\"#demo\">Para explorar todas las funciones, vea nuestra demostraci\u00f3n en vivo<\/a><\/p><\/div><div class=\"application-platform-content-item-installation application-platform-content-item\" id=\"installation\" data-nav-section=\"installation\"><h2>C\u00f3mo agregar el complemento Portfolio a su sitio web jQuery<\/h2><p>Las siguientes acciones son lo \u00fanico que debe hacer para tener el widget en funcionamiento. corriendo.<\/p><ol><li><b>Construya su propio Portfolio Grid<\/b><br> Mediante nuestra demostraci\u00f3n gratuita, genere un complemento con un dise\u00f1o personalizado y caracter\u00edsticas funcionales. <\/li><li><b>Reciba el c\u00f3digo personal para configurar el complemento<\/b><br> Despu\u00e9s de haber creado su widget, adquirir\u00e1 su c\u00f3digo personal en la ventana emergente de Elfsight Apps. Copie este c\u00f3digo para uso futuro. <\/li> <li><b>Publique el complemento en su sitio web jQuery<\/b><br> Vaya al lugar donde necesita mostrar el widget e inserte el c\u00f3digo guardado all\u00ed. Guarde los resultados. <\/li> <li><b>\u00a1Listo!<\/b><br> Vaya a la p\u00e1gina web para comprobar su complemento Portfolio. <\/li> <\/ol><p>\u00bfA\u00fan tienes algo que te hace sentir inseguro? \u00bfO tienes consultas? Simplemente env\u00ede una solicitud a nuestro equipo de soporte para resolver cualquier tipo de problema.<\/p><\/div>","protected":false},"excerpt":{"rendered":"","protected":false},"author":9,"featured_media":0,"parent":1093,"menu_order":0,"comment_status":"closed","ping_status":"closed","template":"templates\/template-application-platform.php","meta":{"publish_to_discourse":"","publish_post_category":"","wpdc_auto_publish_overridden":"","wpdc_topic_tags":"","wpdc_pin_topic":"","wpdc_pin_until":"","discourse_post_id":"","discourse_permalink":"","wpdc_publishing_response":"","wpdc_publishing_error":"","footnotes":""},"class_list":["post-7554","page","type-page","status-publish","hentry"],"yoast_head":"<!-- This site is optimized with the Yoast SEO plugin v25.3.1 - https:\/\/yoast.com\/wordpress\/plugins\/seo\/ -->\n<title>Complemento Portfolio Gallery para el sitio web jQuery (gratis y r\u00e1pido)<\/title>\n<meta name=\"description\" content=\"Es muy f\u00e1cil crear su complemento Portfolio Gallery responsivo y agregarlo a su sitio web jQuery. El servicio al cliente de Elfsight es gratuito y r\u00e1pido.\" \/>\n<meta name=\"robots\" content=\"index, follow, max-snippet:-1, max-image-preview:large, max-video-preview:-1\" \/>\n<link rel=\"canonical\" href=\"https:\/\/elfsight.com\/es\/portfolio-widget\/jquery\/\" \/>\n<meta property=\"og:locale\" content=\"es_ES\" \/>\n<meta property=\"og:type\" content=\"article\" \/>\n<meta property=\"og:title\" content=\"Complemento Portfolio Gallery para el sitio web jQuery (gratis y r\u00e1pido)\" \/>\n<meta property=\"og:description\" content=\"Es muy f\u00e1cil crear su complemento Portfolio Gallery responsivo y agregarlo a su sitio web jQuery. El servicio al cliente de Elfsight es gratuito y r\u00e1pido.\" \/>\n<meta property=\"og:url\" content=\"https:\/\/elfsight.com\/es\/portfolio-widget\/jquery\/\" \/>\n<meta property=\"og:site_name\" content=\"Elfsight ES\" \/>\n<meta property=\"article:modified_time\" content=\"2025-02-06T15:50:28+00:00\" \/>\n<meta name=\"twitter:card\" content=\"summary_large_image\" \/>\n<meta name=\"twitter:label1\" content=\"Tiempo de lectura\" \/>\n\t<meta name=\"twitter:data1\" content=\"3 minutos\" \/>\n<!-- \/ Yoast SEO plugin. -->","yoast_head_json":{"title":"Complemento Portfolio Gallery para el sitio web jQuery (gratis y r\u00e1pido)","description":"Es muy f\u00e1cil crear su complemento Portfolio Gallery responsivo y agregarlo a su sitio web jQuery. El servicio al cliente de Elfsight es gratuito y r\u00e1pido.","robots":{"index":"index","follow":"follow","max-snippet":"max-snippet:-1","max-image-preview":"max-image-preview:large","max-video-preview":"max-video-preview:-1"},"canonical":"https:\/\/elfsight.com\/es\/portfolio-widget\/jquery\/","og_locale":"es_ES","og_type":"article","og_title":"Complemento Portfolio Gallery para el sitio web jQuery (gratis y r\u00e1pido)","og_description":"Es muy f\u00e1cil crear su complemento Portfolio Gallery responsivo y agregarlo a su sitio web jQuery. El servicio al cliente de Elfsight es gratuito y r\u00e1pido.","og_url":"https:\/\/elfsight.com\/es\/portfolio-widget\/jquery\/","og_site_name":"Elfsight ES","article_modified_time":"2025-02-06T15:50:28+00:00","twitter_card":"summary_large_image","twitter_misc":{"Tiempo de lectura":"3 minutos"},"schema":{"@context":"https:\/\/schema.org","@graph":[{"@type":"WebPage","@id":"https:\/\/elfsight.com\/es\/portfolio-widget\/jquery\/","url":"https:\/\/elfsight.com\/es\/portfolio-widget\/jquery\/","name":"Complemento Portfolio Gallery para el sitio web jQuery (gratis y r\u00e1pido)","isPartOf":{"@id":"https:\/\/elfsight.com\/es\/#website"},"datePublished":"1970-01-01T00:00:00+00:00","dateModified":"2025-02-06T15:50:28+00:00","description":"Es muy f\u00e1cil crear su complemento Portfolio Gallery responsivo y agregarlo a su sitio web jQuery. El servicio al cliente de Elfsight es gratuito y r\u00e1pido.","breadcrumb":{"@id":"https:\/\/elfsight.com\/es\/portfolio-widget\/jquery\/#breadcrumb"},"inLanguage":"es","potentialAction":[{"@type":"ReadAction","target":["https:\/\/elfsight.com\/es\/portfolio-widget\/jquery\/"]}]},{"@type":"BreadcrumbList","@id":"https:\/\/elfsight.com\/es\/portfolio-widget\/jquery\/#breadcrumb","itemListElement":[{"@type":"ListItem","position":1,"name":"Home","item":"https:\/\/elfsight.com\/es\/"},{"@type":"ListItem","position":2,"name":"Portfolio","item":"https:\/\/elfsight.com\/es\/portfolio-widget\/"},{"@type":"ListItem","position":3,"name":"Portfolio &#8211; jQuery"}]},{"@type":"WebSite","@id":"https:\/\/elfsight.com\/es\/#website","url":"https:\/\/elfsight.com\/es\/","name":"Elfsight ES","description":"Just another Elfsight Sites site","potentialAction":[{"@type":"SearchAction","target":{"@type":"EntryPoint","urlTemplate":"https:\/\/elfsight.com\/es\/?s={search_term_string}"},"query-input":{"@type":"PropertyValueSpecification","valueRequired":true,"valueName":"search_term_string"}}],"inLanguage":"es"}]}},"meta_box":{"industry":"","seo_heading":"","heading":"","description":"","cta_heading":"","cta_description":"","application":"1092","h1":"Complemento jQuery Portfolio Gallery","h1_caption":"Deje que la audiencia vea sus obras y proyectos completos en detalle para atraer m\u00e1s clientes.","application_category":[],"applications_title":"","applications_request_title":"","applications_request_button_text":"","hero_text":"","hero_video":"","hero_video_schema_markup":"","selling_points_title":"","selling_points_caption":"","selling_points":[],"selling_points_cta_text":"","features_title":"","features":"","ed_cta_examples_text":"","ed_cta_examples_hidden":"","ed_cta_demo_text":"","ed_cta_demo_hidden":"","why_caption":"","why_editor_title":"","why_editor_text":"","why_team_title":"","why_team_text":"","why_service_title":"","why_service_text":"","template_catalog_visible":"","template_catalog_title":"","template_catalog_text":"","template_catalog_categories_visible":"","demo_title":"Crea tu complemento de cartera","demo_caption":"\u00a1Configure su Portafolio y agr\u00e9guelo a su sitio web jQuery gratis!","default_faq_hidden":"","app_template_category":[],"platform":"76","template_public_id":"","codecanyon_url":"","codecanyon_item_id":"","codecanyon_price":"","pricing_caption":"","pricing_elfsight_apps_hide_column":"","pricing_elfsight_apps_url":"","pricing_codecanyon_price_caption":"","integration_category":[],"integration_request_title":"","integration_request_cta":"","integration_platform":"","integrations":[],"platform_category":[],"video_schema_markup":"","price":"desde $0 \/ mes","trial":"","benefits":[{"text":"Ayuda de instalaci\u00f3n gratuita"},{"text":"Servicio al cliente eficaz"},{"text":"Garant\u00eda de devoluci\u00f3n de dinero de 14 d\u00edas"},{"text":"Mejoras de por vida"}],"button_url":"#demo","button_target_blank":"","button_nofollow":"","attributes":[{"name":"Instalaciones","content":"10,000 - 100,000"},{"name":"Sensible","content":"S\u00ed"},{"name":"Navegadores compatibles","content":"Firefox, Safari, Opera, Chrome, Edge"}],"tags":[],"tags_disable_links":"","hide_more_platforms":"","video_object":"","demo_hide_cta":"","demo_hide_cloud_options":"","pricing_title":"","pricing":[{"pricing_icon":"platform","pricing_title":"Elfsight Apps","pricing_title_caption":"Versi\u00f3n multiplataforma que se adapta a cualquier sitio.","pricing_price":"desde $0 \/ mes","pricing_price_caption":"comienza con un plan gratuito","pricing_benefits":[{"text":"Dominios ilimitados"},{"text":"Soporte r\u00e1pido y puntual"},{"text":"Soporte de instalaci\u00f3n gratuito"},{"text":"100% personalizable"}],"pricing_button_text":"A\u00f1adir al sitio web","pricing_button_url":"#demo"}],"related_apps_title":"","related_apps_hidden":"","author":"","image":[],"title":"","job":"","social_networks":[]},"_links":{"self":[{"href":"https:\/\/elfsight.com\/es\/wp-json\/wp\/v2\/pages\/7554","targetHints":{"allow":["GET"]}}],"collection":[{"href":"https:\/\/elfsight.com\/es\/wp-json\/wp\/v2\/pages"}],"about":[{"href":"https:\/\/elfsight.com\/es\/wp-json\/wp\/v2\/types\/page"}],"author":[{"embeddable":true,"href":"https:\/\/elfsight.com\/es\/wp-json\/wp\/v2\/users\/9"}],"replies":[{"embeddable":true,"href":"https:\/\/elfsight.com\/es\/wp-json\/wp\/v2\/comments?post=7554"}],"version-history":[{"count":2,"href":"https:\/\/elfsight.com\/es\/wp-json\/wp\/v2\/pages\/7554\/revisions"}],"predecessor-version":[{"id":18901,"href":"https:\/\/elfsight.com\/es\/wp-json\/wp\/v2\/pages\/7554\/revisions\/18901"}],"up":[{"embeddable":true,"href":"https:\/\/elfsight.com\/es\/wp-json\/wp\/v2\/pages\/1093"}],"wp:attachment":[{"href":"https:\/\/elfsight.com\/es\/wp-json\/wp\/v2\/media?parent=7554"}],"curies":[{"name":"wp","href":"https:\/\/api.w.org\/{rel}","templated":true}]}}