{"id":7541,"date":"1970-01-01T00:00:00","date_gmt":"1970-01-01T00:00:00","guid":{"rendered":"https:\/\/elfsight.com\/es\/?page_id=7541"},"modified":"2025-02-06T15:50:44","modified_gmt":"2025-02-06T15:50:44","slug":"google-sites","status":"publish","type":"page","link":"https:\/\/elfsight.com\/es\/portfolio-widget\/google-sites\/","title":{"rendered":"Portfolio &#8211; Google Sites"},"content":{"rendered":"<div class=\"application-platform-content-item-description application-platform-content-item\" id=\"description\" data-nav-section=\"description\"><h2>Insertar Portfolio en Google Sites con el widget Elfsight<\/h2><p>La herramienta Elfsight Portfolio est\u00e1 creada para ayudar a todos y cada uno de los que quieran mostrar sus proyectos profesionales en el sitio web y atraer clientes. Usando el widget de Elfsight, tendr\u00e1 la oportunidad de exhibir proyectos con sesiones fotogr\u00e1ficas, contenido de video, dibujos y otros materiales. Cada archivo de proyecto puede tener una descripci\u00f3n detallada y una fecha. Puede vincular proyectos a sus sitios web y establecer categor\u00edas de proyectos. Los usuarios del sitio web ver\u00e1n su cartera de proyectos, har\u00e1n clic en cada proyecto y lo ver\u00e1n en detalle directamente en el sitio web. El encabezado mostrar\u00e1 su nombre, foto e informaci\u00f3n de contacto, lo que ayudar\u00e1 a comunicarnos con usted. El bot\u00f3n de llamada a la acci\u00f3n llevar\u00e1 a los usuarios a la p\u00e1gina de pedidos y le ayudar\u00e1 a aumentar el n\u00famero de ventas. <\/p><div class=\"faq\" data-component=\"FAQ\"><div class=\"faq-item\">\r\n\t\t\t\t\t<div class=\"faq-item-question\">\r\n\t\t\t\t\t\t<h3 class=\"faq-item-question-text\">\u00bfC\u00f3mo puedo insertar un portafolio en mi sitio web de Google Sites? <\/h3>\r\n\r\n\t\t\t\t\t\t<div class=\"faq-item-question-icon\"><\/div>\r\n\t\t\t\t\t<\/div>\r\n\r\n\t\t\t\t\t<div class=\"faq-item-answer\">\r\n\t\t\t\t\t\t<div class=\"faq-item-answer-text\"><p>La construcci\u00f3n de la herramienta ocurre dentro del sitio web de Elfsight y no es necesario aprender a codificar. Aplique la demostraci\u00f3n en vivo para ajustar su widget personal, obtenga el c\u00f3digo y agr\u00e9guelo a su sitio web. <\/p><\/div>\r\n\t\t\t\t\t<\/div>\r\n\t\t\t\t<\/div><div class=\"faq-item\">\r\n\t\t\t\t\t<div class=\"faq-item-question\">\r\n\t\t\t\t\t\t<h3 class=\"faq-item-question-text\">Las mejores formas de utilizar la integraci\u00f3n de Portfolio Gallery<\/h3>\r\n\r\n\t\t\t\t\t\t<div class=\"faq-item-question-icon\"><\/div>\r\n\t\t\t\t\t<\/div>\r\n\r\n\t\t\t\t\t<div class=\"faq-item-answer\">\r\n\t\t\t\t\t\t<div class=\"faq-item-answer-text\"><p>Le proporcionaremos toneladas de posibilidades de personalizaci\u00f3n: widgets de tama\u00f1o completo para agregar a la zona de contenido, complementos flotantes para oportunidades de desplazamiento, miniaturas para el pie de p\u00e1gina, la secci\u00f3n principal y todo tipo de oportunidades verticales para men\u00fas y barras laterales del sitio web. <\/p><\/div>\r\n\t\t\t\t\t<\/div>\r\n\t\t\t\t<\/div><div class=\"faq-item\">\r\n\t\t\t\t\t<div class=\"faq-item-question\">\r\n\t\t\t\t\t\t<h3 class=\"faq-item-question-text\">\u00bfC\u00f3mo creo un blog de viajes o un portafolio de arquitectura a trav\u00e9s de la agencia del editor? <\/h3>\r\n\r\n\t\t\t\t\t\t<div class=\"faq-item-question-icon\"><\/div>\r\n\t\t\t\t\t<\/div>\r\n\r\n\t\t\t\t\t<div class=\"faq-item-answer\">\r\n\t\t\t\t\t\t<div class=\"faq-item-answer-text\"><p>Eres libre de crear las variaciones de cualquier widget. Hay toneladas de dise\u00f1os disponibles en el editor y todos ellos pueden personalizarse f\u00e1cilmente de la manera que necesite. <\/p><\/div>\r\n\t\t\t\t\t<\/div>\r\n\t\t\t\t<\/div><\/div><\/div> <div class=\"application-platform-content-item-features application-platform-content-item\" id=\"features\" data-nav-section=\"features\"><h2>Caracter\u00edsticas principales del widget Portfolio<\/h2><p>Para tener una percepci\u00f3n clara de Portfolio, consulte la lista de las caracter\u00edsticas principales. Hacen que nuestro widget sea incre\u00edblemente beneficioso para tu tienda: <\/p><ul><li>Crea m\u00faltiples proyectos y agrega los t\u00edtulos; <\/li><li>Cree categor\u00edas y as\u00edgneles proyectos<\/li><li>Seleccione qu\u00e9 informaci\u00f3n mostrar en la ventana emergente y al pasar el mouse; <\/li><li>La opci\u00f3n de escribir textos y asignar fechas a todos los trabajos en el proyecto<\/li><li>El bot\u00f3n activo en el encabezado del widget y en la ventana emergente redirige a los usuarios a cualquier direcci\u00f3n<\/li><\/ul><p><a href=\"#demo\">La demostraci\u00f3n en vivo le mostrar\u00e1 todas las funciones<\/a><\/p><\/div> <div class=\"application-platform-content-item-installation application-platform-content-item\" id=\"installation\" data-nav-section=\"installation\"><h2>\u00bfC\u00f3mo agrego? \u00bfPorfolio en mi sitio de Google? <\/h2><p>Simplemente aplique las instrucciones a continuaci\u00f3n para comenzar a usar el complemento. <\/p><ol><li><b>Administra nuestro editor gratuito y comienza a darle forma a tu widget \u00fanico. <\/b><br>Especifique la interfaz y la funcionalidad preferidas del widget y guarde las modificaciones. <\/li><li><b>Reciba el c\u00f3digo personal expuesto en el cuadro de Elfsight Apps. <\/b><br>Inmediatamente despu\u00e9s de finalizar la configuraci\u00f3n de su herramienta, copie el c\u00f3digo exclusivo en la ventana emergente que aparece y gu\u00e1rdelo para futuras ocasiones. <\/li><li><b>Comience a utilizar el complemento en su p\u00e1gina web de Google. <\/b><br>Coloca el c\u00f3digo que has copiado recientemente en tu p\u00e1gina de inicio y guarda las modificaciones. <\/li><li><b>\u00a1Listo! La integraci\u00f3n ha finalizado con \u00e9xito. <\/b><br>Visite su sitio web para comprobar el rendimiento de la herramienta. <\/li><\/ol><div class=\"tip-yellow tip\"><b>Debido a las peculiaridades del trabajo de Google Sites, el widget puede tener un aspecto diferente al de la demostraci\u00f3n en l\u00ednea. Nos disculpamos por cualquier inconveniente causado.<\/b><\/div><p>Si tiene preguntas o se enfrenta a cualquier dificultad, no dude en comunicarse con nuestro personal de servicio al cliente. Nuestros consultores est\u00e1n deseando ayudarle con todas las preguntas que pueda tener sobre la herramienta.<\/p><\/div>","protected":false},"excerpt":{"rendered":"","protected":false},"author":9,"featured_media":0,"parent":1093,"menu_order":0,"comment_status":"closed","ping_status":"closed","template":"templates\/template-application-platform.php","meta":{"publish_to_discourse":"","publish_post_category":"","wpdc_auto_publish_overridden":"","wpdc_topic_tags":"","wpdc_pin_topic":"","wpdc_pin_until":"","discourse_post_id":"","discourse_permalink":"","wpdc_publishing_response":"","wpdc_publishing_error":"","footnotes":""},"class_list":["post-7541","page","type-page","status-publish","hentry"],"yoast_head":"<!-- This site is optimized with the Yoast SEO plugin v25.3.1 - https:\/\/yoast.com\/wordpress\/plugins\/seo\/ -->\n<title>Portafolio de Google Sites: agregue el widget de portafolio a Google Sites<\/title>\n<meta name=\"description\" content=\"Cree un widget de cartera de Google Sites y agr\u00e9guelo a su sitio web de forma r\u00e1pida y sencilla. Disfrutar\u00e1 del servicio de atenci\u00f3n al cliente gratuito de Elfsight.\" \/>\n<meta name=\"robots\" content=\"index, follow, max-snippet:-1, max-image-preview:large, max-video-preview:-1\" \/>\n<link rel=\"canonical\" href=\"https:\/\/elfsight.com\/es\/portfolio-widget\/google-sites\/\" \/>\n<meta property=\"og:locale\" content=\"es_ES\" \/>\n<meta property=\"og:type\" content=\"article\" \/>\n<meta property=\"og:title\" content=\"Portafolio de Google Sites: agregue el widget de portafolio a Google Sites\" \/>\n<meta property=\"og:description\" content=\"Cree un widget de cartera de Google Sites y agr\u00e9guelo a su sitio web de forma r\u00e1pida y sencilla. Disfrutar\u00e1 del servicio de atenci\u00f3n al cliente gratuito de Elfsight.\" \/>\n<meta property=\"og:url\" content=\"https:\/\/elfsight.com\/es\/portfolio-widget\/google-sites\/\" \/>\n<meta property=\"og:site_name\" content=\"Elfsight ES\" \/>\n<meta property=\"article:modified_time\" content=\"2025-02-06T15:50:44+00:00\" \/>\n<meta name=\"twitter:card\" content=\"summary_large_image\" \/>\n<meta name=\"twitter:label1\" content=\"Tiempo de lectura\" \/>\n\t<meta name=\"twitter:data1\" content=\"3 minutos\" \/>\n<!-- \/ Yoast SEO plugin. -->","yoast_head_json":{"title":"Portafolio de Google Sites: agregue el widget de portafolio a Google Sites","description":"Cree un widget de cartera de Google Sites y agr\u00e9guelo a su sitio web de forma r\u00e1pida y sencilla. Disfrutar\u00e1 del servicio de atenci\u00f3n al cliente gratuito de Elfsight.","robots":{"index":"index","follow":"follow","max-snippet":"max-snippet:-1","max-image-preview":"max-image-preview:large","max-video-preview":"max-video-preview:-1"},"canonical":"https:\/\/elfsight.com\/es\/portfolio-widget\/google-sites\/","og_locale":"es_ES","og_type":"article","og_title":"Portafolio de Google Sites: agregue el widget de portafolio a Google Sites","og_description":"Cree un widget de cartera de Google Sites y agr\u00e9guelo a su sitio web de forma r\u00e1pida y sencilla. Disfrutar\u00e1 del servicio de atenci\u00f3n al cliente gratuito de Elfsight.","og_url":"https:\/\/elfsight.com\/es\/portfolio-widget\/google-sites\/","og_site_name":"Elfsight ES","article_modified_time":"2025-02-06T15:50:44+00:00","twitter_card":"summary_large_image","twitter_misc":{"Tiempo de lectura":"3 minutos"},"schema":{"@context":"https:\/\/schema.org","@graph":[{"@type":"WebPage","@id":"https:\/\/elfsight.com\/es\/portfolio-widget\/google-sites\/","url":"https:\/\/elfsight.com\/es\/portfolio-widget\/google-sites\/","name":"Portafolio de Google Sites: agregue el widget de portafolio a Google Sites","isPartOf":{"@id":"https:\/\/elfsight.com\/es\/#website"},"datePublished":"1970-01-01T00:00:00+00:00","dateModified":"2025-02-06T15:50:44+00:00","description":"Cree un widget de cartera de Google Sites y agr\u00e9guelo a su sitio web de forma r\u00e1pida y sencilla. Disfrutar\u00e1 del servicio de atenci\u00f3n al cliente gratuito de Elfsight.","breadcrumb":{"@id":"https:\/\/elfsight.com\/es\/portfolio-widget\/google-sites\/#breadcrumb"},"inLanguage":"es","potentialAction":[{"@type":"ReadAction","target":["https:\/\/elfsight.com\/es\/portfolio-widget\/google-sites\/"]}]},{"@type":"BreadcrumbList","@id":"https:\/\/elfsight.com\/es\/portfolio-widget\/google-sites\/#breadcrumb","itemListElement":[{"@type":"ListItem","position":1,"name":"Home","item":"https:\/\/elfsight.com\/es\/"},{"@type":"ListItem","position":2,"name":"Portfolio","item":"https:\/\/elfsight.com\/es\/portfolio-widget\/"},{"@type":"ListItem","position":3,"name":"Portfolio &#8211; Google Sites"}]},{"@type":"WebSite","@id":"https:\/\/elfsight.com\/es\/#website","url":"https:\/\/elfsight.com\/es\/","name":"Elfsight ES","description":"Just another Elfsight Sites site","potentialAction":[{"@type":"SearchAction","target":{"@type":"EntryPoint","urlTemplate":"https:\/\/elfsight.com\/es\/?s={search_term_string}"},"query-input":{"@type":"PropertyValueSpecification","valueRequired":true,"valueName":"search_term_string"}}],"inLanguage":"es"}]}},"meta_box":{"industry":"","seo_heading":"","heading":"","description":"","cta_heading":"","cta_description":"","application":"1092","h1":"Widget de cartera de sitios de Google","h1_caption":"Deje que su audiencia vea sus mejores obras de arte y su l\u00ednea completa de proyectos para captar nuevos clientes.","application_category":[],"applications_title":"","applications_request_title":"","applications_request_button_text":"","hero_text":"","hero_video":"","hero_video_schema_markup":"","selling_points_title":"","selling_points_caption":"","selling_points":[],"selling_points_cta_text":"","features_title":"","features":"","ed_cta_examples_text":"","ed_cta_examples_hidden":"","ed_cta_demo_text":"","ed_cta_demo_hidden":"","why_caption":"","why_editor_title":"","why_editor_text":"","why_team_title":"","why_team_text":"","why_service_title":"","why_service_text":"","template_catalog_visible":"","template_catalog_title":"","template_catalog_text":"","template_catalog_categories_visible":"","demo_title":"Crea tu widget de cartera","demo_caption":"\u00a1Configure su Portafolio y agr\u00e9guelo a su sitio web de Google Sites de forma gratuita!","default_faq_hidden":"","app_template_category":[],"platform":"67","template_public_id":"","codecanyon_url":"","codecanyon_item_id":"","codecanyon_price":"","pricing_caption":"","pricing_elfsight_apps_hide_column":"","pricing_elfsight_apps_url":"","pricing_codecanyon_price_caption":"","integration_category":[],"integration_request_title":"","integration_request_cta":"","integration_platform":"","integrations":[],"platform_category":[],"video_schema_markup":"","price":"desde $0 \/ mes","trial":"","benefits":[{"text":"Servicio de instalaci\u00f3n gratuito"},{"text":"Soporte excepcional"},{"text":"Garant\u00eda de devoluci\u00f3n de dinero de 14 d\u00edas"},{"text":"Desarrollo continuo"}],"button_url":"#demo","button_target_blank":"","button_nofollow":"","attributes":[{"name":"Instalaciones","content":"10,000 - 100,000"},{"name":"Sensible","content":"Lo mejor para m\u00f3viles"},{"name":"Navegadores compatibles","content":"Firefox, Opera, Chrome, Safari, Edge"}],"tags":[],"tags_disable_links":"","hide_more_platforms":"","video_object":"","demo_hide_cta":"","demo_hide_cloud_options":"","pricing_title":"","pricing":[{"pricing_icon":"platform","pricing_title":"Elfsight Apps","pricing_title_caption":"Soluci\u00f3n digital multiplataforma","pricing_price":"desde $0 \/ mes","pricing_price_caption":"comienza con el plan gratuito","pricing_benefits":[{"text":"N\u00famero ilimitado de sitios web"},{"text":"Atenci\u00f3n al cliente gratuita"},{"text":"Asistencia de instalaci\u00f3n gratuita"},{"text":"Oferta especial para m\u00faltiples aplicaciones."}],"pricing_button_text":"A\u00f1adir al sitio web","pricing_button_url":"#demo"}],"related_apps_title":"","related_apps_hidden":"","author":"","image":[],"title":"","job":"","social_networks":[]},"_links":{"self":[{"href":"https:\/\/elfsight.com\/es\/wp-json\/wp\/v2\/pages\/7541","targetHints":{"allow":["GET"]}}],"collection":[{"href":"https:\/\/elfsight.com\/es\/wp-json\/wp\/v2\/pages"}],"about":[{"href":"https:\/\/elfsight.com\/es\/wp-json\/wp\/v2\/types\/page"}],"author":[{"embeddable":true,"href":"https:\/\/elfsight.com\/es\/wp-json\/wp\/v2\/users\/9"}],"replies":[{"embeddable":true,"href":"https:\/\/elfsight.com\/es\/wp-json\/wp\/v2\/comments?post=7541"}],"version-history":[{"count":2,"href":"https:\/\/elfsight.com\/es\/wp-json\/wp\/v2\/pages\/7541\/revisions"}],"predecessor-version":[{"id":18906,"href":"https:\/\/elfsight.com\/es\/wp-json\/wp\/v2\/pages\/7541\/revisions\/18906"}],"up":[{"embeddable":true,"href":"https:\/\/elfsight.com\/es\/wp-json\/wp\/v2\/pages\/1093"}],"wp:attachment":[{"href":"https:\/\/elfsight.com\/es\/wp-json\/wp\/v2\/media?parent=7541"}],"curies":[{"name":"wp","href":"https:\/\/api.w.org\/{rel}","templated":true}]}}