{"id":7540,"date":"1970-01-01T00:00:00","date_gmt":"1970-01-01T00:00:00","guid":{"rendered":"https:\/\/elfsight.com\/es\/?page_id=7540"},"modified":"2025-02-06T15:50:44","modified_gmt":"2025-02-06T15:50:44","slug":"godaddy","status":"publish","type":"page","link":"https:\/\/elfsight.com\/es\/portfolio-widget\/godaddy\/","title":{"rendered":"Portfolio &#8211; GoDaddy"},"content":{"rendered":"<div class=\"application-platform-content-item-description application-platform-content-item\" id=\"description\" data-nav-section=\"description\"> <h2>Insertar Portfolio en GoDaddy con el widget Elfsight<\/h2> <p>El complemento Elfsight Portfolio para GoDaddy se crea para cada persona que necesita exhibir su trabajo activo en el sitio web y tener m\u00e1s clientes nuevos. Con la herramienta Elfsight, puede revelar selecciones de tomas, contenido de v\u00eddeo, pinturas y otro contenido del proyecto. Cada archivo puede ir acompa\u00f1ado de una descripci\u00f3n detallada y una fecha. Tiene la oportunidad de vincular proyectos a sus sitios web y dividir proyectos en grupos. <\/p> <p><b>\u00a1Aumento de clientes potenciales con formas de contacto con un solo clic y enlaces a redes sociales!<\/b><\/p> <\/div> <div class=\"application-platform-content-item-features application-platform-content-item\" id=\"features\" data-nav-section=\"features\"> <h2>Ofrecemos funciones pr\u00e1cticas y r\u00e1pidas, consulte algunas de ellas: <\/h2> <ul><li>Cree su cartera de proyectos para mostrar trabajos de cualquier esfera<\/li><li>Establezca categor\u00edas y asigne proyectos a ellos<\/li><li>El bot\u00f3n de llamada a la acci\u00f3n en el encabezado y en la ventana emergente redirige al usuario a cualquier direcci\u00f3n<\/li><li>Agrega descripciones y fechas a los trabajos en el proyecto<\/li><li>El encabezado del complemento muestra el nombre del autor, la foto y el texto de descripci\u00f3n<\/li><\/ul><p><a href=\"#demo\">Puedes conocer todas las capacidades del complemento en la demostraci\u00f3n en esta p\u00e1gina<\/a><\/p> <\/div> <div class=\"application-platform-content-item-installation application-platform-content-item\" id=\"installation\" data-nav-section=\"installation\"> <h2>\u00bfC\u00f3mo insertar Portfolio en mi sitio web de GoDaddy? <\/h2> <p>Simplemente siga las pautas a continuaci\u00f3n para comenzar a trabajar con el complemento. <\/p> <ol><li><b>Administre nuestro configurador gratuito y comience a construir su instrumento personalizado. <\/b><br> Determine el dise\u00f1o y la funcionalidad preferidos de la herramienta y guarde las modificaciones. <\/li> <li><b>Copia el c\u00f3digo individual que aparece en la ventana de Elfsight Apps. <\/b><br> Cuando finalice la personalizaci\u00f3n de su herramienta personal, copie el c\u00f3digo personal en la ventana emergente que aparece y gu\u00e1rdelo para usarlo en el futuro. <\/li> <li><b>Ingrese al uso de la herramienta en el sitio web de GoDaddy. <\/b><br> Introduce el c\u00f3digo que has copiado antes en tu p\u00e1gina y guarda las mejoras. <\/li> <li><b>La instalaci\u00f3n est\u00e1 completamente realizada. <\/b><br>Vaya a su p\u00e1gina para comprobar el rendimiento del complemento. <\/li><\/ol> <p>En caso de enfrentar preguntas o enfrentar algunas complicaciones, no dude en apelar a nuestro equipo de soporte. Nuestros consultores estar\u00e1n encantados de ayudarte con todas las dudas que puedas tener con el plugin. <\/p> <div class=\"faq\" data-component=\"FAQ\"><div class=\"faq-item\">\r\n\t\t\t\t\t<div class=\"faq-item-question\">\r\n\t\t\t\t\t\t<h3 class=\"faq-item-question-text\">\u00bfDe qu\u00e9 manera es posible agregar Portfolio a mi p\u00e1gina de inicio de GoDaddy sin experiencia en codificaci\u00f3n?<\/h3>\r\n\r\n\t\t\t\t\t\t<div class=\"faq-item-question-icon\"><\/div>\r\n\t\t\t\t\t<\/div>\r\n\r\n\t\t\t\t\t<div class=\"faq-item-answer\">\r\n\t\t\t\t\t\t<div class=\"faq-item-answer-text\"> <p>La compa\u00f1\u00eda Elfsight presenta una soluci\u00f3n que le permite crear un widget de Portfolio usted mismo; consulte las sencillas instrucciones: Vaya al editor en vivo para crear un complemento de Portfolio que le gustar\u00eda ver en el sitio de GoDaddy. Elija una de las plantillas predise\u00f1adas y modifique la configuraci\u00f3n del Portafolio, modifique el dise\u00f1o y las combinaciones de colores, incluido su contenido, sin codificaci\u00f3n. Guarde la configuraci\u00f3n que realiz\u00f3 en Portfolio y copie su c\u00f3digo de instalaci\u00f3n, que puede integrarse f\u00e1cilmente en cualquier p\u00e1gina de inicio de GoDaddy de forma gratuita. Con el Configurador f\u00e1cil de usar, cualquier usuario web puede establecer un Portafolio y agregarlo f\u00e1cilmente a su sitio web GoDaddy. No es necesario pagar ni revelar las credenciales de su tarjeta para acceder al Editor. Si tiene alg\u00fan problema en alg\u00fan paso, contin\u00fae y hable con nuestro servicio de atenci\u00f3n al cliente.<\/p> <\/div>\r\n\t\t\t\t\t<\/div>\r\n\t\t\t\t<\/div> <\/div><\/div>","protected":false},"excerpt":{"rendered":"","protected":false},"author":9,"featured_media":0,"parent":1093,"menu_order":0,"comment_status":"closed","ping_status":"closed","template":"templates\/template-application-platform.php","meta":{"publish_to_discourse":"","publish_post_category":"","wpdc_auto_publish_overridden":"","wpdc_topic_tags":"","wpdc_pin_topic":"","wpdc_pin_until":"","discourse_post_id":"","discourse_permalink":"","wpdc_publishing_response":"","wpdc_publishing_error":"","footnotes":""},"class_list":["post-7540","page","type-page","status-publish","hentry"],"yoast_head":"<!-- This site is optimized with the Yoast SEO plugin v25.3.1 - https:\/\/yoast.com\/wordpress\/plugins\/seo\/ -->\n<title>Portfolio - \u00a1Agregue el complemento Portfolio al sitio web de GoDaddy!<\/title>\n<meta name=\"description\" content=\"\u00a1Presente sus mejores trabajos a trav\u00e9s de un complemento de Portafolio atractivo y creativo para los sitios web de GoDaddy! \u00a1Consigue m\u00e1s clientes con s\u00f3lo unos pocos clics!\" \/>\n<meta name=\"robots\" content=\"index, follow, max-snippet:-1, max-image-preview:large, max-video-preview:-1\" \/>\n<link rel=\"canonical\" href=\"https:\/\/elfsight.com\/es\/portfolio-widget\/godaddy\/\" \/>\n<meta property=\"og:locale\" content=\"es_ES\" \/>\n<meta property=\"og:type\" content=\"article\" \/>\n<meta property=\"og:title\" content=\"Portfolio - \u00a1Agregue el complemento Portfolio al sitio web de GoDaddy!\" \/>\n<meta property=\"og:description\" content=\"\u00a1Presente sus mejores trabajos a trav\u00e9s de un complemento de Portafolio atractivo y creativo para los sitios web de GoDaddy! \u00a1Consigue m\u00e1s clientes con s\u00f3lo unos pocos clics!\" \/>\n<meta property=\"og:url\" content=\"https:\/\/elfsight.com\/es\/portfolio-widget\/godaddy\/\" \/>\n<meta property=\"og:site_name\" content=\"Elfsight ES\" \/>\n<meta property=\"article:modified_time\" content=\"2025-02-06T15:50:44+00:00\" \/>\n<meta name=\"twitter:card\" content=\"summary_large_image\" \/>\n<meta name=\"twitter:label1\" content=\"Tiempo de lectura\" \/>\n\t<meta name=\"twitter:data1\" content=\"3 minutos\" \/>\n<!-- \/ Yoast SEO plugin. -->","yoast_head_json":{"title":"Portfolio - \u00a1Agregue el complemento Portfolio al sitio web de GoDaddy!","description":"\u00a1Presente sus mejores trabajos a trav\u00e9s de un complemento de Portafolio atractivo y creativo para los sitios web de GoDaddy! \u00a1Consigue m\u00e1s clientes con s\u00f3lo unos pocos clics!","robots":{"index":"index","follow":"follow","max-snippet":"max-snippet:-1","max-image-preview":"max-image-preview:large","max-video-preview":"max-video-preview:-1"},"canonical":"https:\/\/elfsight.com\/es\/portfolio-widget\/godaddy\/","og_locale":"es_ES","og_type":"article","og_title":"Portfolio - \u00a1Agregue el complemento Portfolio al sitio web de GoDaddy!","og_description":"\u00a1Presente sus mejores trabajos a trav\u00e9s de un complemento de Portafolio atractivo y creativo para los sitios web de GoDaddy! \u00a1Consigue m\u00e1s clientes con s\u00f3lo unos pocos clics!","og_url":"https:\/\/elfsight.com\/es\/portfolio-widget\/godaddy\/","og_site_name":"Elfsight ES","article_modified_time":"2025-02-06T15:50:44+00:00","twitter_card":"summary_large_image","twitter_misc":{"Tiempo de lectura":"3 minutos"},"schema":{"@context":"https:\/\/schema.org","@graph":[{"@type":"WebPage","@id":"https:\/\/elfsight.com\/es\/portfolio-widget\/godaddy\/","url":"https:\/\/elfsight.com\/es\/portfolio-widget\/godaddy\/","name":"Portfolio - \u00a1Agregue el complemento Portfolio al sitio web de GoDaddy!","isPartOf":{"@id":"https:\/\/elfsight.com\/es\/#website"},"datePublished":"1970-01-01T00:00:00+00:00","dateModified":"2025-02-06T15:50:44+00:00","description":"\u00a1Presente sus mejores trabajos a trav\u00e9s de un complemento de Portafolio atractivo y creativo para los sitios web de GoDaddy! \u00a1Consigue m\u00e1s clientes con s\u00f3lo unos pocos clics!","breadcrumb":{"@id":"https:\/\/elfsight.com\/es\/portfolio-widget\/godaddy\/#breadcrumb"},"inLanguage":"es","potentialAction":[{"@type":"ReadAction","target":["https:\/\/elfsight.com\/es\/portfolio-widget\/godaddy\/"]}]},{"@type":"BreadcrumbList","@id":"https:\/\/elfsight.com\/es\/portfolio-widget\/godaddy\/#breadcrumb","itemListElement":[{"@type":"ListItem","position":1,"name":"Home","item":"https:\/\/elfsight.com\/es\/"},{"@type":"ListItem","position":2,"name":"Portfolio","item":"https:\/\/elfsight.com\/es\/portfolio-widget\/"},{"@type":"ListItem","position":3,"name":"Portfolio &#8211; GoDaddy"}]},{"@type":"WebSite","@id":"https:\/\/elfsight.com\/es\/#website","url":"https:\/\/elfsight.com\/es\/","name":"Elfsight ES","description":"Just another Elfsight Sites site","potentialAction":[{"@type":"SearchAction","target":{"@type":"EntryPoint","urlTemplate":"https:\/\/elfsight.com\/es\/?s={search_term_string}"},"query-input":{"@type":"PropertyValueSpecification","valueRequired":true,"valueName":"search_term_string"}}],"inLanguage":"es"}]}},"meta_box":{"industry":"","seo_heading":"","heading":"","description":"","cta_heading":"","cta_description":"","application":"1092","h1":"Complemento de cartera de GoDaddy","h1_caption":"Demuestre sus obras de arte y el espectro completo de proyectos para atraer nuevos clientes.","application_category":[],"applications_title":"","applications_request_title":"","applications_request_button_text":"","hero_text":"","hero_video":"","hero_video_schema_markup":"","selling_points_title":"","selling_points_caption":"","selling_points":[],"selling_points_cta_text":"","features_title":"","features":"","ed_cta_examples_text":"","ed_cta_examples_hidden":"","ed_cta_demo_text":"","ed_cta_demo_hidden":"","why_caption":"","why_editor_title":"","why_editor_text":"","why_team_title":"","why_team_text":"","why_service_title":"","why_service_text":"","template_catalog_visible":"","template_catalog_title":"","template_catalog_text":"","template_catalog_categories_visible":"","demo_title":"Crea tu complemento de cartera","demo_caption":"\u00a1Configura tu Portafolio y agr\u00e9galo a tu sitio web de GoDaddy gratis!","default_faq_hidden":"","app_template_category":[],"platform":"2183","template_public_id":"","codecanyon_url":"","codecanyon_item_id":"","codecanyon_price":"","pricing_caption":"","pricing_elfsight_apps_hide_column":"","pricing_elfsight_apps_url":"","pricing_codecanyon_price_caption":"","integration_category":[],"integration_request_title":"","integration_request_cta":"","integration_platform":"","integrations":[],"platform_category":[],"video_schema_markup":"","price":"desde $0 \/ mes","trial":"","benefits":[{"text":"Servicio de instalaci\u00f3n gratuito"},{"text":"Servicio al cliente profesional"},{"text":"Garant\u00eda de devoluci\u00f3n de dinero de 14 d\u00edas"},{"text":"Actualizando constantemente"}],"button_url":"#demo","button_target_blank":"","button_nofollow":"","attributes":[{"name":"Instalaciones","content":"10,000 - 100,000"},{"name":"Sensible","content":"S\u00ed"},{"name":"Navegadores compatibles","content":"IE11, Firefox, Safari, Opera, Chrome, Edge"}],"tags":[],"tags_disable_links":"","hide_more_platforms":"","video_object":"","demo_hide_cta":"","demo_hide_cloud_options":"","pricing_title":"","pricing":[{"pricing_icon":"platform","pricing_title":"Elfsight Apps","pricing_title_caption":"Software multiplataforma","pricing_price":"desde $0 \/ mes","pricing_price_caption":"comienza con el plan gratuito","pricing_benefits":[{"text":"Sitios web ilimitados"},{"text":"Soporte 24 horas al d\u00eda, 7 d\u00edas a la semana y a tiempo"},{"text":"Servicio de instalaci\u00f3n gratuito"},{"text":"100% personalizable"}],"pricing_button_text":"A\u00f1adir al sitio web","pricing_button_url":"#demo"}],"related_apps_title":"","related_apps_hidden":"","author":"","image":[],"title":"","job":"","social_networks":[]},"_links":{"self":[{"href":"https:\/\/elfsight.com\/es\/wp-json\/wp\/v2\/pages\/7540","targetHints":{"allow":["GET"]}}],"collection":[{"href":"https:\/\/elfsight.com\/es\/wp-json\/wp\/v2\/pages"}],"about":[{"href":"https:\/\/elfsight.com\/es\/wp-json\/wp\/v2\/types\/page"}],"author":[{"embeddable":true,"href":"https:\/\/elfsight.com\/es\/wp-json\/wp\/v2\/users\/9"}],"replies":[{"embeddable":true,"href":"https:\/\/elfsight.com\/es\/wp-json\/wp\/v2\/comments?post=7540"}],"version-history":[{"count":2,"href":"https:\/\/elfsight.com\/es\/wp-json\/wp\/v2\/pages\/7540\/revisions"}],"predecessor-version":[{"id":18907,"href":"https:\/\/elfsight.com\/es\/wp-json\/wp\/v2\/pages\/7540\/revisions\/18907"}],"up":[{"embeddable":true,"href":"https:\/\/elfsight.com\/es\/wp-json\/wp\/v2\/pages\/1093"}],"wp:attachment":[{"href":"https:\/\/elfsight.com\/es\/wp-json\/wp\/v2\/media?parent=7540"}],"curies":[{"name":"wp","href":"https:\/\/api.w.org\/{rel}","templated":true}]}}