{"id":7539,"date":"1970-01-01T00:00:00","date_gmt":"1970-01-01T00:00:00","guid":{"rendered":"https:\/\/elfsight.com\/es\/?page_id=7539"},"modified":"2025-02-06T15:50:44","modified_gmt":"2025-02-06T15:50:44","slug":"facebook","status":"publish","type":"page","link":"https:\/\/elfsight.com\/es\/portfolio-widget\/facebook\/","title":{"rendered":"Portfolio &#8211; Facebook Page"},"content":{"rendered":"<div class=\"application-platform-content-item-description application-platform-content-item\" id=\"description\" data-nav-section=\"description\"><h2>Descripci\u00f3n<\/h2><p>El widget Elfsight Portfolio se cre\u00f3 para ayudar a todos los que est\u00e9n interesados \u200b\u200ben demostrar sus incre\u00edbles proyectos en el sitio web y obtener nuevas ventas. Con el widget de Elfsight, puede mostrar colecciones de fotograf\u00edas, contenido de v\u00eddeo, dibujos y otro contenido del proyecto. Cada archivo puede incluir un texto y una fecha completos. Tiene la oportunidad de vincular proyectos a sitios web y establecer categor\u00edas de proyectos. Los usuarios del sitio web ver\u00e1n su cartera de proyectos, abrir\u00e1n cada proyecto y ver\u00e1n todos los trabajos directamente en su p\u00e1gina de inicio. El encabezado del widget mostrar\u00e1 su nombre completo, imagen y detalles de contacto, lo que le ayudar\u00e1 a localizarlo. El bot\u00f3n de llamada a la acci\u00f3n dirigir\u00e1 a los clientes a la p\u00e1gina de pedidos y le ayudar\u00e1 a mejorar el nivel de ventas. <\/p><div class=\"faq\" data-component=\"FAQ\"><div class=\"faq-item\">\r\n\t\t\t\t\t<div class=\"faq-item-question\">\r\n\t\t\t\t\t\t<h3 class=\"faq-item-question-text\">\u00bfD\u00f3nde puedo agregar este complemento? <\/h3>\r\n\r\n\t\t\t\t\t\t<div class=\"faq-item-question-icon\"><\/div>\r\n\t\t\t\t\t<\/div>\r\n\r\n\t\t\t\t\t<div class=\"faq-item-answer\">\r\n\t\t\t\t\t\t<div class=\"faq-item-answer-text\"><p>Elfsight Portfolio se puede mostrar en cualquier p\u00e1gina de su sitio web o en todas las p\u00e1ginas. <\/p><\/div>\r\n\t\t\t\t\t<\/div>\r\n\t\t\t\t<\/div><div class=\"faq-item\">\r\n\t\t\t\t\t<div class=\"faq-item-question\">\r\n\t\t\t\t\t\t<h3 class=\"faq-item-question-text\">\u00bfC\u00f3mo podr\u00eda beneficiarme del uso del widget?<\/h3>\r\n\r\n\t\t\t\t\t\t<div class=\"faq-item-question-icon\"><\/div>\r\n\t\t\t\t\t<\/div>\r\n\r\n\t\t\t\t\t<div class=\"faq-item-answer\">\r\n\t\t\t\t\t\t<div class=\"faq-item-answer-text\"> <p>Un hermoso portafolio con sus trabajos demostrar\u00e1 todas sus altas habilidades y talentos a sus visitantes. Har\u00e1 que los usuarios est\u00e9n ansiosos por solicitar sus servicios y usted tendr\u00e1 nuevas compras. <\/p><\/div>\r\n\t\t\t\t\t<\/div>\r\n\t\t\t\t<\/div><div class=\"faq-item\">\r\n\t\t\t\t\t<div class=\"faq-item-question\">\r\n\t\t\t\t\t\t<h3 class=\"faq-item-question-text\">\u00bfC\u00f3mo introduzco un widget de Portafolio en mi p\u00e1gina de Facebook?<\/h3>\r\n\r\n\t\t\t\t\t\t<div class=\"faq-item-question-icon\"><\/div>\r\n\t\t\t\t\t<\/div>\r\n\r\n\t\t\t\t\t<div class=\"faq-item-answer\">\r\n\t\t\t\t\t\t<div class=\"faq-item-answer-text\"> <p>Es realmente r\u00e1pido, gratuito y no requiere codificaci\u00f3n. Puede colocar el widget en el sitio web a trav\u00e9s de nuestro servicio. Para ello, siga la gu\u00eda que se incluye a continuaci\u00f3n en esta p\u00e1gina. <\/p><\/div>\r\n\t\t\t\t\t<\/div>\r\n\t\t\t\t<\/div><\/div> <\/div> <div class=\"application-platform-content-item-features application-platform-content-item\" id=\"features\" data-nav-section=\"features\"><h2>Caracter\u00edsticas<\/h2><p>Para formar un mejor conocimiento del widget, puede consultar la lista de funciones esenciales. Hacen que el widget sea lo m\u00e1s beneficioso para su negocio: <\/p><ul><li>Agregue cualquier cantidad de proyectos con t\u00edtulos de proyecto; <\/li><li>Establezca grupos y divida proyectos en ellos<\/li><li>Seleccione los tipos de datos para demostrar en la ventana emergente y al pasar el mouse; <\/li><li>La opci\u00f3n de escribir descripciones y agregar fechas a los materiales en el proyecto<\/li><li>El bot\u00f3n activo en el encabezado del widget y en la ventana emergente lleva a los clientes a cualquier direcci\u00f3n<\/li><\/ul><p><a href=\"#demo\">Para ver una lista completa de funciones, consulte la demostraci\u00f3n en vivo<\/a><\/p><\/div> <div class=\"application-platform-content-item-installation application-platform-content-item\" id=\"installation\" data-nav-section=\"installation\"><h2>C\u00f3mo \u00bfPuedo agregar Portfolio a mi sitio web de Facebook? <\/h2><p>Simplemente siga las pautas a continuaci\u00f3n para comenzar a trabajar con el complemento. <\/p><ol><li><b>Utilice nuestra demostraci\u00f3n gratuita y comience a darle forma a su complemento personalizado. <\/b><br>Determine el aspecto y las caracter\u00edsticas preferidas de la herramienta y aplique las correcciones. <\/li><li><b>Obtenga su c\u00f3digo personal que se muestra en el formulario especial de Elfsight Apps. <\/b><br>Una vez finalizada la configuraci\u00f3n de su complemento personal, copie el c\u00f3digo individual de la ventana que aparece y gu\u00e1rdelo para futuras ocasiones. <\/li><li><b>Comience a utilizar el widget en el sitio web de Facebook. <\/b><br>Implemente el c\u00f3digo copiado recientemente en su p\u00e1gina web y aplique las ediciones. <\/li><li><b>La instalaci\u00f3n ha finalizado por completo. <\/b><br>Vaya a su p\u00e1gina web para ver el rendimiento de la herramienta. <\/li><\/ol><p>En caso de tener dudas o encontrarse con algunas complicaciones, no dude en ponerse en contacto con nuestro personal de soporte. Nuestro personal est\u00e1 ansioso por ayudarle con todas las preguntas que pueda tener sobre el widget.<\/p><\/div>","protected":false},"excerpt":{"rendered":"","protected":false},"author":9,"featured_media":0,"parent":1093,"menu_order":0,"comment_status":"closed","ping_status":"closed","template":"templates\/template-application-platform.php","meta":{"publish_to_discourse":"","publish_post_category":"","wpdc_auto_publish_overridden":"","wpdc_topic_tags":"","wpdc_pin_topic":"","wpdc_pin_until":"","discourse_post_id":"","discourse_permalink":"","wpdc_publishing_response":"","wpdc_publishing_error":"","footnotes":""},"class_list":["post-7539","page","type-page","status-publish","hentry"],"yoast_head":"<!-- This site is optimized with the Yoast SEO plugin v25.3.1 - https:\/\/yoast.com\/wordpress\/plugins\/seo\/ -->\n<title>P\u00e1gina de cartera de Facebook: agregar widget de cartera a la p\u00e1gina de Facebook [2025]<\/title>\n<meta name=\"description\" content=\"Dise\u00f1e un widget de Portafolio eficiente y agr\u00e9guelo a su pesta\u00f1a personalizada de Facebook. Disfrute de atenci\u00f3n al cliente gratuita y otros beneficios.\" \/>\n<meta name=\"robots\" content=\"index, follow, max-snippet:-1, max-image-preview:large, max-video-preview:-1\" \/>\n<link rel=\"canonical\" href=\"https:\/\/elfsight.com\/es\/portfolio-widget\/facebook\/\" \/>\n<meta property=\"og:locale\" content=\"es_ES\" \/>\n<meta property=\"og:type\" content=\"article\" \/>\n<meta property=\"og:title\" content=\"P\u00e1gina de cartera de Facebook: agregar widget de cartera a la p\u00e1gina de Facebook [2025]\" \/>\n<meta property=\"og:description\" content=\"Dise\u00f1e un widget de Portafolio eficiente y agr\u00e9guelo a su pesta\u00f1a personalizada de Facebook. Disfrute de atenci\u00f3n al cliente gratuita y otros beneficios.\" \/>\n<meta property=\"og:url\" content=\"https:\/\/elfsight.com\/es\/portfolio-widget\/facebook\/\" \/>\n<meta property=\"og:site_name\" content=\"Elfsight ES\" \/>\n<meta property=\"article:modified_time\" content=\"2025-02-06T15:50:44+00:00\" \/>\n<meta name=\"twitter:card\" content=\"summary_large_image\" \/>\n<meta name=\"twitter:label1\" content=\"Tiempo de lectura\" \/>\n\t<meta name=\"twitter:data1\" content=\"3 minutos\" \/>\n<!-- \/ Yoast SEO plugin. -->","yoast_head_json":{"title":"P\u00e1gina de cartera de Facebook: agregar widget de cartera a la p\u00e1gina de Facebook [2025]","description":"Dise\u00f1e un widget de Portafolio eficiente y agr\u00e9guelo a su pesta\u00f1a personalizada de Facebook. Disfrute de atenci\u00f3n al cliente gratuita y otros beneficios.","robots":{"index":"index","follow":"follow","max-snippet":"max-snippet:-1","max-image-preview":"max-image-preview:large","max-video-preview":"max-video-preview:-1"},"canonical":"https:\/\/elfsight.com\/es\/portfolio-widget\/facebook\/","og_locale":"es_ES","og_type":"article","og_title":"P\u00e1gina de cartera de Facebook: agregar widget de cartera a la p\u00e1gina de Facebook [2025]","og_description":"Dise\u00f1e un widget de Portafolio eficiente y agr\u00e9guelo a su pesta\u00f1a personalizada de Facebook. Disfrute de atenci\u00f3n al cliente gratuita y otros beneficios.","og_url":"https:\/\/elfsight.com\/es\/portfolio-widget\/facebook\/","og_site_name":"Elfsight ES","article_modified_time":"2025-02-06T15:50:44+00:00","twitter_card":"summary_large_image","twitter_misc":{"Tiempo de lectura":"3 minutos"},"schema":{"@context":"https:\/\/schema.org","@graph":[{"@type":"WebPage","@id":"https:\/\/elfsight.com\/es\/portfolio-widget\/facebook\/","url":"https:\/\/elfsight.com\/es\/portfolio-widget\/facebook\/","name":"P\u00e1gina de cartera de Facebook: agregar widget de cartera a la p\u00e1gina de Facebook [2025]","isPartOf":{"@id":"https:\/\/elfsight.com\/es\/#website"},"datePublished":"1970-01-01T00:00:00+00:00","dateModified":"2025-02-06T15:50:44+00:00","description":"Dise\u00f1e un widget de Portafolio eficiente y agr\u00e9guelo a su pesta\u00f1a personalizada de Facebook. Disfrute de atenci\u00f3n al cliente gratuita y otros beneficios.","breadcrumb":{"@id":"https:\/\/elfsight.com\/es\/portfolio-widget\/facebook\/#breadcrumb"},"inLanguage":"es","potentialAction":[{"@type":"ReadAction","target":["https:\/\/elfsight.com\/es\/portfolio-widget\/facebook\/"]}]},{"@type":"BreadcrumbList","@id":"https:\/\/elfsight.com\/es\/portfolio-widget\/facebook\/#breadcrumb","itemListElement":[{"@type":"ListItem","position":1,"name":"Home","item":"https:\/\/elfsight.com\/es\/"},{"@type":"ListItem","position":2,"name":"Portfolio","item":"https:\/\/elfsight.com\/es\/portfolio-widget\/"},{"@type":"ListItem","position":3,"name":"Portfolio &#8211; Facebook Page"}]},{"@type":"WebSite","@id":"https:\/\/elfsight.com\/es\/#website","url":"https:\/\/elfsight.com\/es\/","name":"Elfsight ES","description":"Just another Elfsight Sites site","potentialAction":[{"@type":"SearchAction","target":{"@type":"EntryPoint","urlTemplate":"https:\/\/elfsight.com\/es\/?s={search_term_string}"},"query-input":{"@type":"PropertyValueSpecification","valueRequired":true,"valueName":"search_term_string"}}],"inLanguage":"es"}]}},"meta_box":{"industry":"","seo_heading":"","heading":"","description":"","cta_heading":"","cta_description":"","application":"1092","h1":"P\u00e1gina de cartera de Facebook","h1_caption":"Muestra tus obras de arte y toda la gama de proyectos y aumenta el n\u00famero de clientes potenciales.","application_category":[],"applications_title":"","applications_request_title":"","applications_request_button_text":"","hero_text":"","hero_video":"","hero_video_schema_markup":"","selling_points_title":"","selling_points_caption":"","selling_points":[],"selling_points_cta_text":"","features_title":"","features":"","ed_cta_examples_text":"","ed_cta_examples_hidden":"","ed_cta_demo_text":"","ed_cta_demo_hidden":"","why_caption":"","why_editor_title":"","why_editor_text":"","why_team_title":"","why_team_text":"","why_service_title":"","why_service_text":"","template_catalog_visible":"","template_catalog_title":"","template_catalog_text":"","template_catalog_categories_visible":"","demo_title":"Crea tu widget de cartera","demo_caption":"\u00a1Configure su Portafolio y agr\u00e9guelo al sitio web de su p\u00e1gina de Facebook de forma gratuita!","default_faq_hidden":"","app_template_category":[],"platform":"64","template_public_id":"","codecanyon_url":"","codecanyon_item_id":"","codecanyon_price":"","pricing_caption":"","pricing_elfsight_apps_hide_column":"","pricing_elfsight_apps_url":"","pricing_codecanyon_price_caption":"","integration_category":[],"integration_request_title":"","integration_request_cta":"","integration_platform":"","integrations":[],"platform_category":[],"video_schema_markup":"","price":"desde $0 \/ mes","trial":"","benefits":[{"text":"Asistencia de instalaci\u00f3n gratuita"},{"text":"Servicio al cliente competente"},{"text":"Garant\u00eda de reembolso de 14 d\u00edas"},{"text":"Futuras actualizaciones gratuitas"}],"button_url":"#demo","button_target_blank":"","button_nofollow":"","attributes":[{"name":"Instalaciones","content":"10,000 - 100,000"},{"name":"Sensible","content":"S\u00ed"},{"name":"Navegadores compatibles","content":"Firefox, Edge, Opera, Safari, Chrome"}],"tags":[],"tags_disable_links":"","hide_more_platforms":"","video_object":"","demo_hide_cta":"","demo_hide_cloud_options":"","pricing_title":"","pricing":[{"pricing_icon":"platform","pricing_title":"Elfsight Apps","pricing_title_caption":"Versi\u00f3n multiplataforma","pricing_price":"desde $0 \/ mes","pricing_price_caption":"comienza con el plan gratuito","pricing_benefits":[{"text":"Sitios web ilimitados"},{"text":"Atenci\u00f3n al cliente premium"},{"text":"Ayuda de instalaci\u00f3n gratuita"},{"text":"100% personalizable"}],"pricing_button_text":"A\u00f1adir al sitio web","pricing_button_url":"#demo"}],"related_apps_title":"","related_apps_hidden":"","author":"","image":[],"title":"","job":"","social_networks":[]},"_links":{"self":[{"href":"https:\/\/elfsight.com\/es\/wp-json\/wp\/v2\/pages\/7539","targetHints":{"allow":["GET"]}}],"collection":[{"href":"https:\/\/elfsight.com\/es\/wp-json\/wp\/v2\/pages"}],"about":[{"href":"https:\/\/elfsight.com\/es\/wp-json\/wp\/v2\/types\/page"}],"author":[{"embeddable":true,"href":"https:\/\/elfsight.com\/es\/wp-json\/wp\/v2\/users\/9"}],"replies":[{"embeddable":true,"href":"https:\/\/elfsight.com\/es\/wp-json\/wp\/v2\/comments?post=7539"}],"version-history":[{"count":2,"href":"https:\/\/elfsight.com\/es\/wp-json\/wp\/v2\/pages\/7539\/revisions"}],"predecessor-version":[{"id":18908,"href":"https:\/\/elfsight.com\/es\/wp-json\/wp\/v2\/pages\/7539\/revisions\/18908"}],"up":[{"embeddable":true,"href":"https:\/\/elfsight.com\/es\/wp-json\/wp\/v2\/pages\/1093"}],"wp:attachment":[{"href":"https:\/\/elfsight.com\/es\/wp-json\/wp\/v2\/media?parent=7539"}],"curies":[{"name":"wp","href":"https:\/\/api.w.org\/{rel}","templated":true}]}}