{"id":7525,"date":"1970-01-01T00:00:00","date_gmt":"1970-01-01T00:00:00","guid":{"rendered":"https:\/\/elfsight.com\/es\/?page_id=7525"},"modified":"2025-02-06T15:50:59","modified_gmt":"2025-02-06T15:50:59","slug":"wordpress","status":"publish","type":"page","link":"https:\/\/elfsight.com\/es\/line-chat-widget\/wordpress\/","title":{"rendered":"Line Chat &#8211; WordPress"},"content":{"rendered":"<div class=\"application-platform-content-item-description application-platform-content-item\" id=\"description\" data-nav-section=\"description\"><h2>Mejore su sitio web de WordPress con el complemento Elfsight Line Chat<\/h2><p>Elfsight Line Chat para WordPress es la soluci\u00f3n definitiva para mejorar las capacidades de comunicaci\u00f3n y atenci\u00f3n al cliente de su sitio web. Con este poderoso complemento, puede integrar Line Chat sin problemas en su sitio web de WordPress, brindando a sus visitantes una forma conveniente y directa de conectarse con usted. Ya sea que tenga un blog, una tienda en l\u00ednea o cualquier otro tipo de sitio web, este widget cambia las reglas del juego para mantenerse conectado con su audiencia. Profundicemos en las caracter\u00edsticas y el proceso de instalaci\u00f3n que hacen de Elfsight Line Chat una herramienta imprescindible para su sitio de WordPress.<\/p><div class=\"faq\" data-component=\"FAQ\"><div class=\"faq-item\">\r\n\t\t\t\t\t<div class=\"faq-item-question\">\r\n\t\t\t\t\t\t<h3 class=\"faq-item-question-text\">\u00bfPor qu\u00e9 elegir Elfsight Line Chat para WordPress?<\/h3>\r\n\r\n\t\t\t\t\t\t<div class=\"faq-item-question-icon\"><\/div>\r\n\t\t\t\t\t<\/div>\r\n\r\n\t\t\t\t\t<div class=\"faq-item-answer\">\r\n\t\t\t\t\t\t<div class=\"faq-item-answer-text\"><p>Elfsight Line Chat es la opci\u00f3n preferida para los propietarios de sitios web de WordPress que desean ofrecer un servicio al cliente excepcional. Aqu\u00ed hay algunas razones clave por las que deber\u00eda optar por este widget:<\/p><ul> <li>Integraci\u00f3n perfecta: agregar Line Chat a su sitio web de WordPress es muy sencillo. No necesitas ninguna habilidad de codificaci\u00f3n; es tan simple como copiar y pegar.<\/li> <li>Opciones de personalizaci\u00f3n: personalice su widget Line Chat para que coincida con el estilo y la marca de su sitio web. Elija entre varios temas, \u00edconos y posiciones de la ventana de chat.<\/li> <li>Comunicaci\u00f3n en tiempo real: mantenga la conversaci\u00f3n conectando a sus visitantes con usted en Line Chat, asegur\u00e1ndose de que est\u00e9 disponible para ayudarlos cuando lo necesiten.<\/li> <li>Informaci\u00f3n de visitantes: obtenga informaci\u00f3n valiosa sobre las preferencias y comportamientos de sus visitantes mediante el seguimiento de sus interacciones con el widget Line Chat.<\/li> <li>Atraiga a m\u00e1s visitantes: al proporcionar un canal directo de Line Chat, atraer\u00e1 a m\u00e1s visitantes, lo que generar\u00e1 m\u00e1s satisfacci\u00f3n del cliente y conversiones.<\/li><\/ul><p>Con Elfsight Line Chat para WordPress, puede mejorar significativamente la experiencia del usuario de su sitio web, haci\u00e9ndolo m\u00e1s interactivo y f\u00e1cil de usar.<\/p><\/div>\r\n\t\t\t\t\t<\/div>\r\n\t\t\t\t<\/div><div class=\"faq-item\">\r\n\t\t\t\t\t<div class=\"faq-item-question\">\r\n\t\t\t\t\t\t<h3 class=\"faq-item-question-text\">\u00bfC\u00f3mo agregar Elfsight Line Chat a su sitio web de WordPress?<\/h3>\r\n\r\n\t\t\t\t\t\t<div class=\"faq-item-question-icon\"><\/div>\r\n\t\t\t\t\t<\/div>\r\n\r\n\t\t\t\t\t<div class=\"faq-item-answer\">\r\n\t\t\t\t\t\t<div class=\"faq-item-answer-text\"><p>Integrar Elfsight Line Chat con su sitio web de WordPress es un proceso r\u00e1pido y sencillo. Siga estos pasos para comenzar:<\/p><ol> <li><strong>Personalizaci\u00f3n del widget:<\/strong> Comience personalizando su widget de Line Chat usando nuestro configurador gratuito. Puede elegir su distribuci\u00f3n, dise\u00f1o y otras configuraciones preferidas.<\/li> <li><strong>C\u00f3digo de instalaci\u00f3n:<\/strong> Despu\u00e9s de personalizar su widget, recibir\u00e1 un c\u00f3digo de instalaci\u00f3n \u00fanico. Copie este c\u00f3digo, ya que lo necesitar\u00e1 para el siguiente paso.<\/li> <li><strong>Integraci\u00f3n del sitio web:<\/strong> Dir\u00edjase al backend de su sitio web de WordPress y pegue el c\u00f3digo de instalaci\u00f3n en la ubicaci\u00f3n requerida. Guarde los cambios.<\/li> <li><strong>Disfrute de Line Chat:<\/strong> su widget Line Chat ahora est\u00e1 integrado exitosamente en su sitio web. Visite su sitio para ver c\u00f3mo funciona.<\/li><\/ol><p>\u00a1Eso es todo! Ha agregado con \u00e9xito Elfsight Line Chat a su sitio web de WordPress y est\u00e1 listo para brindar soporte de primer nivel a sus visitantes.<\/p><\/div>\r\n\t\t\t\t\t<\/div>\r\n\t\t\t\t<\/div><div class=\"faq-item\">\r\n\t\t\t\t\t<div class=\"faq-item-question\">\r\n\t\t\t\t\t\t<h3 class=\"faq-item-question-text\">Experimente el aspecto del widget con nuestra demostraci\u00f3n en vivo<\/h3>\r\n\r\n\t\t\t\t\t\t<div class=\"faq-item-question-icon\"><\/div>\r\n\t\t\t\t\t<\/div>\r\n\r\n\t\t\t\t\t<div class=\"faq-item-answer\">\r\n\t\t\t\t\t\t<div class=\"faq-item-answer-text\"><p>\u00bfSe pregunta c\u00f3mo aparecer\u00e1 el widget Line Chat en su sitio web de WordPress? Puede obtener una vista previa antes de agregarlo a su sitio. Mientras personaliza el widget en el creador en l\u00ednea, puede ver los cambios en tiempo real en el lado derecho. Esto significa que puede asegurarse de que el cuadro de chat coincida perfectamente con el estilo de su sitio de WordPress.<\/p><p><a href=\"https:\/\/elfsight.com\/line-chat-widget\/#demo\">Pruebe la demostraci\u00f3n en vivo ahora<\/a><\/p><\/div>\r\n\t\t\t\t\t<\/div>\r\n\t\t\t\t<\/div><\/div><\/div><div class=\"application-platform-content-item-features application-platform-content-item\" id=\"features\" data-nav-section=\"features\"><h2>Revelando las potentes funciones de Elfsight Line Chat para WordPress<\/h2><p>Elfsight Line Chat incluye una variedad de funciones que revolucionar\u00e1n la forma en que se conecta con su audiencia. Estas son las caracter\u00edsticas principales que hacen de este complemento una herramienta indispensable para su sitio web de WordPress:<\/p><ul> <li>F\u00e1cil integraci\u00f3n: incorpore Line Chat sin esfuerzo en su sitio web de WordPress, mejorando la experiencia de comunicaci\u00f3n de sus visitantes.<\/li> <li>Mensajer\u00eda en tiempo real: mantenga la conversaci\u00f3n con su audiencia directamente desde su p\u00e1gina de WordPress.<\/li> <li>Opciones de ubicaci\u00f3n del chat: elija entre tres configuraciones de ubicaci\u00f3n del chat: burbuja flotante, burbuja incrustada o ventana de chat incrustada, para adaptarse al dise\u00f1o de su sitio web.<\/li> <li>Selecci\u00f3n de \u00edconos: explore una colecci\u00f3n diversa de \u00edconos de burbujas y seleccione el que mejor complemente el dise\u00f1o de su sitio.<\/li> <li>Texto personalizable: personalice el texto de la burbuja para crear un mensaje acogedor y atractivo para sus visitantes.<\/li><\/ul><p>Con estas funciones, Elfsight Line Chat para WordPress garantiza que pueda ofrecer soporte de primer nivel, atraer a sus visitantes y hacer que su sitio web sea m\u00e1s interactivo.<\/p><p><a href=\"https:\/\/elfsight.com\/line-chat-widget\/#demo\">Para explorar m\u00e1s estas funciones, pruebe nuestra demostraci\u00f3n en vivo<\/a><\/p><\/div><div class=\"application-platform-content-item-installation application-platform-content-item\" id=\"installation\" data-nav-section=\"installation\"><h2>Instalar el complemento Elfsight Line Chat en su sitio web de WordPress<\/h2><p>Agregar Elfsight Line Chat a su sitio web de WordPress es un proceso sencillo que No requiere ninguna experiencia en codificaci\u00f3n. Siga estos sencillos pasos para comenzar:<\/p><ol> <li><b>Personalizaci\u00f3n del widget:<\/b> Comience personalizando su widget de Line Chat en nuestro configurador gratuito. Elija su dise\u00f1o y configuraci\u00f3n preferidos y guarde sus personalizaciones.<\/li> <li><b>Obtenga su c\u00f3digo de instalaci\u00f3n:<\/b> Despu\u00e9s de personalizar su widget, recibir\u00e1 un c\u00f3digo de instalaci\u00f3n \u00fanico. Copie este c\u00f3digo; lo necesitar\u00e1s en el siguiente paso.<\/li> <li><b>Integraci\u00f3n del sitio web:<\/b> accede al backend de tu sitio web de WordPress y pega el c\u00f3digo de instalaci\u00f3n en la ubicaci\u00f3n especificada. Guarde los cambios que realiz\u00f3.<\/li> <li><b>Disfrute de Line Chat:<\/b> Su widget Elfsight Line Chat ahora est\u00e1 integrado exitosamente en su sitio web. Visite su sitio para presenciarlo en acci\u00f3n.<\/li><\/ol><p>\u00a1Eso es todo! Ha completado la instalaci\u00f3n y su sitio web de WordPress ahora est\u00e1 equipado con Elfsight Line Chat. Puede comenzar a conectarse con sus visitantes y brindarles un soporte excepcional.<\/p><p>Si encuentra alguna dificultad durante la instalaci\u00f3n o tiene alguna pregunta, nuestro servicio de atenci\u00f3n al cliente est\u00e1 a solo una solicitud de distancia, listo para ayudarlo con cualquier inquietud.<\/p><\/div><p><\/p>","protected":false},"excerpt":{"rendered":"","protected":false},"author":9,"featured_media":0,"parent":1116,"menu_order":0,"comment_status":"closed","ping_status":"closed","template":"templates\/template-application-platform.php","meta":{"publish_to_discourse":"","publish_post_category":"","wpdc_auto_publish_overridden":"","wpdc_topic_tags":"","wpdc_pin_topic":"","wpdc_pin_until":"","discourse_post_id":"","discourse_permalink":"","wpdc_publishing_response":"","wpdc_publishing_error":"","footnotes":""},"class_list":["post-7525","page","type-page","status-publish","hentry"],"yoast_head":"<!-- This site is optimized with the Yoast SEO plugin v25.3.1 - https:\/\/yoast.com\/wordpress\/plugins\/seo\/ -->\n<title>Mejore la comunicaci\u00f3n de WordPress con el complemento de chat Elfsight Line<\/title>\n<meta name=\"description\" content=\"Descubra c\u00f3mo Elfsight Line Chat para WordPress puede revolucionar las capacidades de comunicaci\u00f3n y soporte de su sitio web. Integre Line Chat a la perfecci\u00f3n, atraiga a sus visitantes y brinde soporte excepcional con nuestro complemento f\u00e1cil de usar.\" \/>\n<meta name=\"robots\" content=\"index, follow, max-snippet:-1, max-image-preview:large, max-video-preview:-1\" \/>\n<link rel=\"canonical\" href=\"https:\/\/elfsight.com\/es\/line-chat-widget\/wordpress\/\" \/>\n<meta property=\"og:locale\" content=\"es_ES\" \/>\n<meta property=\"og:type\" content=\"article\" \/>\n<meta property=\"og:title\" content=\"Mejore la comunicaci\u00f3n de WordPress con el complemento de chat Elfsight Line\" \/>\n<meta property=\"og:description\" content=\"Descubra c\u00f3mo Elfsight Line Chat para WordPress puede revolucionar las capacidades de comunicaci\u00f3n y soporte de su sitio web. Integre Line Chat a la perfecci\u00f3n, atraiga a sus visitantes y brinde soporte excepcional con nuestro complemento f\u00e1cil de usar.\" \/>\n<meta property=\"og:url\" content=\"https:\/\/elfsight.com\/es\/line-chat-widget\/wordpress\/\" \/>\n<meta property=\"og:site_name\" content=\"Elfsight ES\" \/>\n<meta property=\"article:modified_time\" content=\"2025-02-06T15:50:59+00:00\" \/>\n<meta name=\"twitter:card\" content=\"summary_large_image\" \/>\n<meta name=\"twitter:label1\" content=\"Tiempo de lectura\" \/>\n\t<meta name=\"twitter:data1\" content=\"5 minutos\" \/>\n<!-- \/ Yoast SEO plugin. -->","yoast_head_json":{"title":"Mejore la comunicaci\u00f3n de WordPress con el complemento de chat Elfsight Line","description":"Descubra c\u00f3mo Elfsight Line Chat para WordPress puede revolucionar las capacidades de comunicaci\u00f3n y soporte de su sitio web. Integre Line Chat a la perfecci\u00f3n, atraiga a sus visitantes y brinde soporte excepcional con nuestro complemento f\u00e1cil de usar.","robots":{"index":"index","follow":"follow","max-snippet":"max-snippet:-1","max-image-preview":"max-image-preview:large","max-video-preview":"max-video-preview:-1"},"canonical":"https:\/\/elfsight.com\/es\/line-chat-widget\/wordpress\/","og_locale":"es_ES","og_type":"article","og_title":"Mejore la comunicaci\u00f3n de WordPress con el complemento de chat Elfsight Line","og_description":"Descubra c\u00f3mo Elfsight Line Chat para WordPress puede revolucionar las capacidades de comunicaci\u00f3n y soporte de su sitio web. Integre Line Chat a la perfecci\u00f3n, atraiga a sus visitantes y brinde soporte excepcional con nuestro complemento f\u00e1cil de usar.","og_url":"https:\/\/elfsight.com\/es\/line-chat-widget\/wordpress\/","og_site_name":"Elfsight ES","article_modified_time":"2025-02-06T15:50:59+00:00","twitter_card":"summary_large_image","twitter_misc":{"Tiempo de lectura":"5 minutos"},"schema":{"@context":"https:\/\/schema.org","@graph":[{"@type":"WebPage","@id":"https:\/\/elfsight.com\/es\/line-chat-widget\/wordpress\/","url":"https:\/\/elfsight.com\/es\/line-chat-widget\/wordpress\/","name":"Mejore la comunicaci\u00f3n de WordPress con el complemento de chat Elfsight Line","isPartOf":{"@id":"https:\/\/elfsight.com\/es\/#website"},"datePublished":"1970-01-01T00:00:00+00:00","dateModified":"2025-02-06T15:50:59+00:00","description":"Descubra c\u00f3mo Elfsight Line Chat para WordPress puede revolucionar las capacidades de comunicaci\u00f3n y soporte de su sitio web. Integre Line Chat a la perfecci\u00f3n, atraiga a sus visitantes y brinde soporte excepcional con nuestro complemento f\u00e1cil de usar.","breadcrumb":{"@id":"https:\/\/elfsight.com\/es\/line-chat-widget\/wordpress\/#breadcrumb"},"inLanguage":"es","potentialAction":[{"@type":"ReadAction","target":["https:\/\/elfsight.com\/es\/line-chat-widget\/wordpress\/"]}]},{"@type":"BreadcrumbList","@id":"https:\/\/elfsight.com\/es\/line-chat-widget\/wordpress\/#breadcrumb","itemListElement":[{"@type":"ListItem","position":1,"name":"Home","item":"https:\/\/elfsight.com\/es\/"},{"@type":"ListItem","position":2,"name":"Line Chat","item":"https:\/\/elfsight.com\/es\/line-chat-widget\/"},{"@type":"ListItem","position":3,"name":"Line Chat &#8211; WordPress"}]},{"@type":"WebSite","@id":"https:\/\/elfsight.com\/es\/#website","url":"https:\/\/elfsight.com\/es\/","name":"Elfsight ES","description":"Just another Elfsight Sites site","potentialAction":[{"@type":"SearchAction","target":{"@type":"EntryPoint","urlTemplate":"https:\/\/elfsight.com\/es\/?s={search_term_string}"},"query-input":{"@type":"PropertyValueSpecification","valueRequired":true,"valueName":"search_term_string"}}],"inLanguage":"es"}]}},"meta_box":{"industry":"","seo_heading":"","heading":"","description":"","cta_heading":"","cta_description":"","application":"1115","h1":"C\u00f3mo insertar Line Chat en un sitio web de WordPress","h1_caption":"Permita que los visitantes conversen con usted a trav\u00e9s de l\u00ednea directamente desde su sitio web, brindando otra opci\u00f3n de mensajer\u00eda conveniente en su sitio web de WordPress sin esfuerzo.","application_category":[],"applications_title":"","applications_request_title":"","applications_request_button_text":"","hero_text":"","hero_video":"","hero_video_schema_markup":"","selling_points_title":"","selling_points_caption":"","selling_points":[],"selling_points_cta_text":"","features_title":"","features":"","ed_cta_examples_text":"","ed_cta_examples_hidden":"","ed_cta_demo_text":"","ed_cta_demo_hidden":"","why_caption":"","why_editor_title":"","why_editor_text":"","why_team_title":"","why_team_text":"","why_service_title":"","why_service_text":"","template_catalog_visible":"","template_catalog_title":"","template_catalog_text":"","template_catalog_categories_visible":"","demo_title":"Crea tu complemento Line Chat","demo_caption":"\u00a1Configura tu Line Chat y agr\u00e9galo a tu sitio web de WordPress gratis!","default_faq_hidden":"","app_template_category":[],"platform":"115","template_public_id":"","codecanyon_url":"","codecanyon_item_id":"","codecanyon_price":"","pricing_caption":"","pricing_elfsight_apps_hide_column":"","pricing_elfsight_apps_url":"","pricing_codecanyon_price_caption":"","integration_category":[],"integration_request_title":"","integration_request_cta":"","integration_platform":"","integrations":[],"platform_category":[],"video_schema_markup":"","price":"desde $0 \/ mes","trial":"","benefits":[{"text":"Asistencia de instalaci\u00f3n gratuita"},{"text":"Servicio al cliente profesional"},{"text":"Garant\u00eda de reembolso de 14 d\u00edas"},{"text":"Mejoras peri\u00f3dicas gratuitas"}],"button_url":"#demo","button_target_blank":"","button_nofollow":"","attributes":[{"name":"Instalaciones","content":"10,000 - 100,000"},{"name":"Sensible","content":"S\u00ed"},{"name":"Navegadores compatibles","content":"Firefox, Safari, Opera, Chrome, Edge"}],"tags":[],"tags_disable_links":"","hide_more_platforms":"","video_object":"","demo_hide_cta":"","demo_hide_cloud_options":"","pricing_title":"","pricing":[{"pricing_icon":"platform","pricing_title":"Elfsight Apps","pricing_title_caption":"Software multiplataforma","pricing_price":"desde $0 \/ mes","pricing_price_caption":"comienza con el plan gratuito","pricing_benefits":[{"text":"Dominios ilimitados"},{"text":"Atenci\u00f3n al cliente 24 horas al d\u00eda, 7 d\u00edas a la semana"},{"text":"Servicio de instalaci\u00f3n gratuito"},{"text":"Gran oferta para m\u00faltiples aplicaciones"}],"pricing_button_text":"A\u00f1adir al sitio web","pricing_button_url":"#demo"}],"related_apps_title":"","related_apps_hidden":"","author":"","image":[],"title":"","job":"","social_networks":[]},"_links":{"self":[{"href":"https:\/\/elfsight.com\/es\/wp-json\/wp\/v2\/pages\/7525","targetHints":{"allow":["GET"]}}],"collection":[{"href":"https:\/\/elfsight.com\/es\/wp-json\/wp\/v2\/pages"}],"about":[{"href":"https:\/\/elfsight.com\/es\/wp-json\/wp\/v2\/types\/page"}],"author":[{"embeddable":true,"href":"https:\/\/elfsight.com\/es\/wp-json\/wp\/v2\/users\/9"}],"replies":[{"embeddable":true,"href":"https:\/\/elfsight.com\/es\/wp-json\/wp\/v2\/comments?post=7525"}],"version-history":[{"count":2,"href":"https:\/\/elfsight.com\/es\/wp-json\/wp\/v2\/pages\/7525\/revisions"}],"predecessor-version":[{"id":18914,"href":"https:\/\/elfsight.com\/es\/wp-json\/wp\/v2\/pages\/7525\/revisions\/18914"}],"up":[{"embeddable":true,"href":"https:\/\/elfsight.com\/es\/wp-json\/wp\/v2\/pages\/1116"}],"wp:attachment":[{"href":"https:\/\/elfsight.com\/es\/wp-json\/wp\/v2\/media?parent=7525"}],"curies":[{"name":"wp","href":"https:\/\/api.w.org\/{rel}","templated":true}]}}