{"id":7508,"date":"1970-01-01T00:00:00","date_gmt":"1970-01-01T00:00:00","guid":{"rendered":"https:\/\/elfsight.com\/es\/?page_id=7508"},"modified":"2025-02-06T15:50:59","modified_gmt":"2025-02-06T15:50:59","slug":"prestashop","status":"publish","type":"page","link":"https:\/\/elfsight.com\/es\/number-counter-widget\/prestashop\/","title":{"rendered":"Number Counter &#8211; PrestaShop"},"content":{"rendered":"<div class=\"application-platform-content-item-description application-platform-content-item\" id=\"description\" data-nav-section=\"description\"> <h2>Descripci\u00f3n<\/h2> <p>El contador de n\u00fameros es un instrumento manejable con una amplia gama de funciones. Es una gran herramienta para mostrar los excelentes resultados de su negocio, la cantidad de trabajo que ha realizado y mucho m\u00e1s. La herramienta es extremadamente personalizable. Eres libre de agregar cualquier cantidad de contadores, organizarlos en columnas, elegir \u00edconos de nuestra colecci\u00f3n o cargar los tuyos personalizados, hacerlos coloridos o de un solo color, agregar t\u00edtulos para aclarar los n\u00fameros que est\u00e1s mostrando, cambiar el color de cualquier elemento, elegir la imagen de fondo, y eso ni siquiera es la mitad. \u00a1Simplemente comience a darle forma a su mostrador ahora y observe c\u00f3mo crecen r\u00e1pidamente las estad\u00edsticas cruciales de su negocio! <\/p> <p><b>Haga que su sitio web sea m\u00e1s efectivo para objetivos comerciales con Number Counter<\/b><\/p> <\/div> <div class=\"application-platform-content-item-features application-platform-content-item\" id=\"features\" data-nav-section=\"features\"> <h2>Las caracter\u00edsticas m\u00e1s importantes del widget ofrecen<\/h2> <ul><li>Cualquier n\u00famero de contadores<\/li><li>N\u00famero ilimitado de columnas<\/li><li>Adjunte t\u00edtulos, titulares, sufijos y prefijos<\/li><li>Elija la categor\u00eda de \u00edcono: selecci\u00f3nelo de nuestra biblioteca o cargue sus enlaces personalizados<\/li><li>Adjunte enlaces <\/li><li>Establezca la velocidad de la animaci\u00f3n<\/li><li>Defina el formato num\u00e9rico y decimal<\/li><li>Elija el tipo de fondo: transparente, imagen o color<\/li><li>Haga que sus \u00edconos sean multicolores o monocrom\u00e1ticos<\/li><\/ul><p><a href=\"#demo\">Simplemente consulte esta demostraci\u00f3n para ver cu\u00e1l es el widget Worth<\/a><\/p> <\/div> <div class=\"application-platform-content-item-installation application-platform-content-item\" id=\"installation\" data-nav-section=\"installation\"> <h2>\u00bfC\u00f3mo puedo agregar Number Counter a mi p\u00e1gina web PrestaShop? <\/h2> <p>Simplemente siga las pautas a continuaci\u00f3n para comenzar a usar el complemento. <\/p> <ol><li><b>Administra nuestro editor gratuito y comienza a crear tu widget personalizado. <\/b><br>Determine la interfaz seleccionada y las caracter\u00edsticas de la herramienta y aplique las modificaciones. <\/li> <li><b>Reciba el c\u00f3digo personal que se muestra en la ventana de Elfsight Apps. <\/b><br> Una vez finalizado el establecimiento de su complemento personal, copie el c\u00f3digo individual en la ventana emergente que aparece y gu\u00e1rdelo para usarlo en el futuro. <\/li> <li><b>Empiece a utilizar la herramienta en su sitio PrestaShop. <\/b><br>Implemente el c\u00f3digo copiado anteriormente en su p\u00e1gina web y guarde los ajustes. <\/li> <li><b>La instalaci\u00f3n finaliz\u00f3 exitosamente. <\/b><br> Vaya a su sitio para ver el rendimiento del widget. <\/li><\/ol> <p>En caso de tener dudas o enfrentar algunas complicaciones, no dude en ponerse en contacto con nuestro equipo de atenci\u00f3n al cliente. Nuestra gente estar\u00e1 encantada de ayudarle con todas las preguntas que pueda tener sobre el widget. <\/p> <div class=\"faq\" data-component=\"FAQ\"><div class=\"faq-item\">\r\n\t\t\t\t\t<div class=\"faq-item-question\">\r\n\t\t\t\t\t\t<h3 class=\"faq-item-question-text\">\u00bfDe qu\u00e9 manera puedo agregar Number Counter a mi sitio PrestaShop sin conocimientos de codificaci\u00f3n?<\/h3>\r\n\r\n\t\t\t\t\t\t<div class=\"faq-item-question-icon\"><\/div>\r\n\t\t\t\t\t<\/div>\r\n\r\n\t\t\t\t\t<div class=\"faq-item-answer\">\r\n\t\t\t\t\t\t<div class=\"faq-item-answer-text\"> <p>Elfsight proporciona una soluci\u00f3n en la nube que permite a los usuarios crear una aplicaci\u00f3n Number Counter usted mismo. Compruebe lo sencillo que es el proceso: comience a trabajar directamente en el Editor en l\u00ednea para establecer una aplicaci\u00f3n Number Counter que le gustar\u00eda agregar en PrestaShop. Seleccione una de las plantillas ya preparadas y modifique la configuraci\u00f3n del contador de n\u00fameros, cambie el dise\u00f1o y el color de los elementos y actualice su contenido, sin conocimientos de codificaci\u00f3n. Guarde el contador de n\u00fameros y copie el c\u00f3digo de instalaci\u00f3n, que se puede insertar sin esfuerzo en cualquier sitio PrestaShop de forma gratuita. Al trabajar en nuestro editor intuitivo, cualquier usuario de Internet puede crear un contador de n\u00fameros y agregarlo a su sitio web PrestaShop. No es necesario obtener una suscripci\u00f3n paga ni ingresar las credenciales de su tarjeta para acceder al Editor. Si tiene alg\u00fan problema de cualquier tipo, no dude en ponerse en contacto con nuestro servicio t\u00e9cnico de atenci\u00f3n al cliente.<\/p> <\/div>\r\n\t\t\t\t\t<\/div>\r\n\t\t\t\t<\/div> <\/div><\/div>","protected":false},"excerpt":{"rendered":"","protected":false},"author":9,"featured_media":0,"parent":1135,"menu_order":0,"comment_status":"closed","ping_status":"closed","template":"templates\/template-application-platform.php","meta":{"publish_to_discourse":"","publish_post_category":"","wpdc_auto_publish_overridden":"","wpdc_topic_tags":"","wpdc_pin_topic":"","wpdc_pin_until":"","discourse_post_id":"","discourse_permalink":"","wpdc_publishing_response":"","wpdc_publishing_error":"","footnotes":""},"class_list":["post-7508","page","type-page","status-publish","hentry"],"yoast_head":"<!-- This site is optimized with the Yoast SEO plugin v25.3.1 - https:\/\/yoast.com\/wordpress\/plugins\/seo\/ -->\n<title>Contador de n\u00fameros Elfsight para sitios web PrestaShop (f\u00e1cil y gratis)<\/title>\n<meta name=\"description\" content=\"Integre un Contador de N\u00fameros en su sitio web PrestaShop, aprovechando la demostraci\u00f3n en vivo. \u00a1Construye tu complemento personalizado sin ning\u00fan esfuerzo!\" \/>\n<meta name=\"robots\" content=\"index, follow, max-snippet:-1, max-image-preview:large, max-video-preview:-1\" \/>\n<link rel=\"canonical\" href=\"https:\/\/elfsight.com\/es\/number-counter-widget\/prestashop\/\" \/>\n<meta property=\"og:locale\" content=\"es_ES\" \/>\n<meta property=\"og:type\" content=\"article\" \/>\n<meta property=\"og:title\" content=\"Contador de n\u00fameros Elfsight para sitios web PrestaShop (f\u00e1cil y gratis)\" \/>\n<meta property=\"og:description\" content=\"Integre un Contador de N\u00fameros en su sitio web PrestaShop, aprovechando la demostraci\u00f3n en vivo. \u00a1Construye tu complemento personalizado sin ning\u00fan esfuerzo!\" \/>\n<meta property=\"og:url\" content=\"https:\/\/elfsight.com\/es\/number-counter-widget\/prestashop\/\" \/>\n<meta property=\"og:site_name\" content=\"Elfsight ES\" \/>\n<meta property=\"article:modified_time\" content=\"2025-02-06T15:50:59+00:00\" \/>\n<meta name=\"twitter:card\" content=\"summary_large_image\" \/>\n<meta name=\"twitter:label1\" content=\"Tiempo de lectura\" \/>\n\t<meta name=\"twitter:data1\" content=\"3 minutos\" \/>\n<!-- \/ Yoast SEO plugin. -->","yoast_head_json":{"title":"Contador de n\u00fameros Elfsight para sitios web PrestaShop (f\u00e1cil y gratis)","description":"Integre un Contador de N\u00fameros en su sitio web PrestaShop, aprovechando la demostraci\u00f3n en vivo. \u00a1Construye tu complemento personalizado sin ning\u00fan esfuerzo!","robots":{"index":"index","follow":"follow","max-snippet":"max-snippet:-1","max-image-preview":"max-image-preview:large","max-video-preview":"max-video-preview:-1"},"canonical":"https:\/\/elfsight.com\/es\/number-counter-widget\/prestashop\/","og_locale":"es_ES","og_type":"article","og_title":"Contador de n\u00fameros Elfsight para sitios web PrestaShop (f\u00e1cil y gratis)","og_description":"Integre un Contador de N\u00fameros en su sitio web PrestaShop, aprovechando la demostraci\u00f3n en vivo. \u00a1Construye tu complemento personalizado sin ning\u00fan esfuerzo!","og_url":"https:\/\/elfsight.com\/es\/number-counter-widget\/prestashop\/","og_site_name":"Elfsight ES","article_modified_time":"2025-02-06T15:50:59+00:00","twitter_card":"summary_large_image","twitter_misc":{"Tiempo de lectura":"3 minutos"},"schema":{"@context":"https:\/\/schema.org","@graph":[{"@type":"WebPage","@id":"https:\/\/elfsight.com\/es\/number-counter-widget\/prestashop\/","url":"https:\/\/elfsight.com\/es\/number-counter-widget\/prestashop\/","name":"Contador de n\u00fameros Elfsight para sitios web PrestaShop (f\u00e1cil y gratis)","isPartOf":{"@id":"https:\/\/elfsight.com\/es\/#website"},"datePublished":"1970-01-01T00:00:00+00:00","dateModified":"2025-02-06T15:50:59+00:00","description":"Integre un Contador de N\u00fameros en su sitio web PrestaShop, aprovechando la demostraci\u00f3n en vivo. \u00a1Construye tu complemento personalizado sin ning\u00fan esfuerzo!","breadcrumb":{"@id":"https:\/\/elfsight.com\/es\/number-counter-widget\/prestashop\/#breadcrumb"},"inLanguage":"es","potentialAction":[{"@type":"ReadAction","target":["https:\/\/elfsight.com\/es\/number-counter-widget\/prestashop\/"]}]},{"@type":"BreadcrumbList","@id":"https:\/\/elfsight.com\/es\/number-counter-widget\/prestashop\/#breadcrumb","itemListElement":[{"@type":"ListItem","position":1,"name":"Home","item":"https:\/\/elfsight.com\/es\/"},{"@type":"ListItem","position":2,"name":"Number Counter","item":"https:\/\/elfsight.com\/es\/number-counter-widget\/"},{"@type":"ListItem","position":3,"name":"Number Counter &#8211; PrestaShop"}]},{"@type":"WebSite","@id":"https:\/\/elfsight.com\/es\/#website","url":"https:\/\/elfsight.com\/es\/","name":"Elfsight ES","description":"Just another Elfsight Sites site","potentialAction":[{"@type":"SearchAction","target":{"@type":"EntryPoint","urlTemplate":"https:\/\/elfsight.com\/es\/?s={search_term_string}"},"query-input":{"@type":"PropertyValueSpecification","valueRequired":true,"valueName":"search_term_string"}}],"inLanguage":"es"}]}},"meta_box":{"industry":"","seo_heading":"","heading":"","description":"","cta_heading":"","cta_description":"","application":"1134","h1":"Complemento de contador de n\u00fameros de PrestaShop","h1_caption":"Muestre estad\u00edsticas e hitos clave con contadores animados para resaltar sus logros de una manera atractiva en su sitio web Prestashop sin esfuerzo.","application_category":[],"applications_title":"","applications_request_title":"","applications_request_button_text":"","hero_text":"","hero_video":"","hero_video_schema_markup":"","selling_points_title":"","selling_points_caption":"","selling_points":[],"selling_points_cta_text":"","features_title":"","features":"","ed_cta_examples_text":"","ed_cta_examples_hidden":"","ed_cta_demo_text":"","ed_cta_demo_hidden":"","why_caption":"","why_editor_title":"","why_editor_text":"","why_team_title":"","why_team_text":"","why_service_title":"","why_service_text":"","template_catalog_visible":"","template_catalog_title":"","template_catalog_text":"","template_catalog_categories_visible":"","demo_title":"Crea tu complemento de contador de n\u00fameros","demo_caption":"\u00a1Configura tu Contador de N\u00fameros y agr\u00e9galo a tu sitio web PrestaShop gratis!","default_faq_hidden":"","app_template_category":[],"platform":"2250","template_public_id":"","codecanyon_url":"","codecanyon_item_id":"","codecanyon_price":"","pricing_caption":"","pricing_elfsight_apps_hide_column":"","pricing_elfsight_apps_url":"","pricing_codecanyon_price_caption":"","integration_category":[],"integration_request_title":"","integration_request_cta":"","integration_platform":"","integrations":[],"platform_category":[],"video_schema_markup":"","price":"desde $0 \/ mes","trial":"","benefits":[{"text":"Servicio de instalaci\u00f3n gratuito"},{"text":"Servicio al cliente eficaz"},{"text":"Garant\u00eda de reembolso de 14 d\u00edas"},{"text":"Desarrollo continuo"}],"button_url":"#demo","button_target_blank":"","button_nofollow":"","attributes":[{"name":"Instalaciones","content":"10,000 - 100,000"},{"name":"Sensible","content":"S\u00ed"},{"name":"Navegadores compatibles","content":"Firefox, Safari, Opera, Chrome, Edge"}],"tags":[],"tags_disable_links":"","hide_more_platforms":"","video_object":"","demo_hide_cta":"","demo_hide_cloud_options":"","pricing_title":"","pricing":[{"pricing_icon":"platform","pricing_title":"Elfsight Apps","pricing_title_caption":"Soluci\u00f3n independiente de plataforma que se adapta a cualquier sitio web","pricing_price":"desde $0 \/ mes","pricing_price_caption":"comienza con el plan gratuito","pricing_benefits":[{"text":"Sitios web ilimitados"},{"text":"Soporte premium y puntual"},{"text":"Servicio de instalaci\u00f3n gratuito"},{"text":"100% personalizable"}],"pricing_button_text":"A\u00f1adir al sitio web","pricing_button_url":"#demo"}],"related_apps_title":"","related_apps_hidden":"","author":"","image":[],"title":"","job":"","social_networks":[]},"_links":{"self":[{"href":"https:\/\/elfsight.com\/es\/wp-json\/wp\/v2\/pages\/7508","targetHints":{"allow":["GET"]}}],"collection":[{"href":"https:\/\/elfsight.com\/es\/wp-json\/wp\/v2\/pages"}],"about":[{"href":"https:\/\/elfsight.com\/es\/wp-json\/wp\/v2\/types\/page"}],"author":[{"embeddable":true,"href":"https:\/\/elfsight.com\/es\/wp-json\/wp\/v2\/users\/9"}],"replies":[{"embeddable":true,"href":"https:\/\/elfsight.com\/es\/wp-json\/wp\/v2\/comments?post=7508"}],"version-history":[{"count":2,"href":"https:\/\/elfsight.com\/es\/wp-json\/wp\/v2\/pages\/7508\/revisions"}],"predecessor-version":[{"id":18915,"href":"https:\/\/elfsight.com\/es\/wp-json\/wp\/v2\/pages\/7508\/revisions\/18915"}],"up":[{"embeddable":true,"href":"https:\/\/elfsight.com\/es\/wp-json\/wp\/v2\/pages\/1135"}],"wp:attachment":[{"href":"https:\/\/elfsight.com\/es\/wp-json\/wp\/v2\/media?parent=7508"}],"curies":[{"name":"wp","href":"https:\/\/api.w.org\/{rel}","templated":true}]}}