{"id":7493,"date":"1970-01-01T00:00:00","date_gmt":"1970-01-01T00:00:00","guid":{"rendered":"https:\/\/elfsight.com\/es\/?page_id=7493"},"modified":"2025-02-06T15:50:59","modified_gmt":"2025-02-06T15:50:59","slug":"jimdo","status":"publish","type":"page","link":"https:\/\/elfsight.com\/es\/number-counter-widget\/jimdo\/","title":{"rendered":"Number Counter &#8211; Jimdo"},"content":{"rendered":"<div class=\"application-platform-content-item-description application-platform-content-item\" id=\"description\" data-nav-section=\"description\"> <h2>Descripci\u00f3n<\/h2> <p>El contador de n\u00fameros es una herramienta f\u00e1cil de usar con muchas opciones para elegir. Es una gran caracter\u00edstica para enorgullecerse de sus espl\u00e9ndidas estad\u00edsticas comerciales, la cantidad de trabajo que ha realizado y eso no es todo. El complemento es extremadamente personalizable. Si\u00e9ntase libre de agregar una cantidad ilimitada de contadores, configurarlos en columnas, seleccionar \u00edconos de nuestra biblioteca o cargar los suyos personalizados, hacerlos coloridos o monocolores, adjuntar t\u00edtulos para brindarle a su audiencia informaci\u00f3n imaginable, cambiar el color de cualquier caracter\u00edstica, elegir la imagen de fondo, y eso no es ni la mitad. \u00a1Simplemente comience a crear su complemento ahora y observe c\u00f3mo crecen las principales estad\u00edsticas de su negocio! <\/p><p><b>Con Number Counter, inicie un desarrollo empresarial sostenible y aumente las ventas <\/b><\/p> <\/div> <div class=\"application-platform-content-item-features application-platform-content-item\" id=\"features\" data-nav-section=\"features\"> <h2>Consulte la lista de las funciones m\u00e1s importantes: <\/h2> <ul><li>Cualquier n\u00famero de contadores<\/li><li>Cantidad ilimitada de columnas<\/li><li>Adjunte titulares, subt\u00edtulos, sufijos y prefijos<\/li><li>Decida el tipo de \u00edcono: selecci\u00f3nelo de nuestra biblioteca o cargue el suyo propio<\/li><li>Agregue enlaces <\/li><li>Establezca la velocidad de la animaci\u00f3n<\/li><li>Defina el formato num\u00e9rico y decimal<\/li><li>Elija el tipo de fondo: Imagen, Transparente o Color<\/li><li>Haga que sus \u00edconos sean multicolores o monocrom\u00e1ticos<\/li><\/ul><p><a href=\"#demo\">Pruebe todas las opciones de personalizaci\u00f3n con todas las funciones demo<\/a><\/p> <\/div> <div class=\"application-platform-content-item-installation application-platform-content-item\" id=\"installation\" data-nav-section=\"installation\"> <h2>\u00bfC\u00f3mo a\u00f1adir un contador de n\u00fameros a mi sitio web Jimdo? <\/h2> <p>Simplemente siga un par de pasos que se presentan a continuaci\u00f3n para integrar la herramienta. <\/p> <ol><li><b>Emplea nuestro editor gratuito y comienza a crear tu propio widget. <\/b><br> Encuentre el aspecto y la funcionalidad preferidos del widget y aplique las correcciones. <\/li> <li><b>Adquiera el c\u00f3digo individual que aparece en el cuadro de Elfsight Apps. <\/b><br> Cuando finalice la generaci\u00f3n de su widget, copie el c\u00f3digo personal de la ventana que aparece y gu\u00e1rdelo para futuras necesidades. <\/li> <li><b>Entra en el uso del widget en la p\u00e1gina web de Jimdo. <\/b><br> Inserta el c\u00f3digo que has copiado anteriormente en tu p\u00e1gina web y guarda las mejoras. <\/li> <li><b>La configuraci\u00f3n ha finalizado por completo. <\/b><br>Vaya a su p\u00e1gina para revisar c\u00f3mo funciona la herramienta. <\/li><\/ol> <p>Con la condici\u00f3n de resolver preguntas o enfrentar cualquier dificultad, no dude en ponerse en contacto con nuestro personal de soporte. Nuestros especialistas est\u00e1n ansiosos por ayudarle con todos los problemas que pueda tener con el widget. <\/p> <div class=\"faq\" data-component=\"FAQ\"><div class=\"faq-item\">\r\n\t\t\t\t\t<div class=\"faq-item-question\">\r\n\t\t\t\t\t\t<h3 class=\"faq-item-question-text\">\u00bfHay alguna forma de a\u00f1adir Contador de n\u00fameros a mi p\u00e1gina de inicio de Jimdo sin experiencia en programaci\u00f3n?<\/h3>\r\n\r\n\t\t\t\t\t\t<div class=\"faq-item-question-icon\"><\/div>\r\n\t\t\t\t\t<\/div>\r\n\r\n\t\t\t\t\t<div class=\"faq-item-answer\">\r\n\t\t\t\t\t\t<div class=\"faq-item-answer-text\"> <p>La empresa Elfsight proporciona una soluci\u00f3n SaaS que permite a una amplia audiencia crear un complemento de Contador de n\u00fameros usted mismo. Descubra lo sencillo que es: comience a trabajar directamente en el Editor en l\u00ednea para establecer un complemento de Contador de n\u00fameros que le gustar\u00eda agregar en el sitio de Jimdo. Elija una de las plantillas predise\u00f1adas y modifique la configuraci\u00f3n del contador de n\u00fameros, cambie el dise\u00f1o y el color de los elementos, incluido su contenido, sin conocimientos de codificaci\u00f3n. Guarda la configuraci\u00f3n que has realizado en Number Counter y copia el c\u00f3digo de instalaci\u00f3n que puedes pegar en el sitio de Jimdo sin necesidad de comprar una suscripci\u00f3n paga. Trabajando en nuestro editor intuitivo, cada usuario de Internet puede generar un contador de n\u00fameros en l\u00ednea y simplemente pegarlo en cualquier sitio Jimdo. No es necesario obtener un plan pago ni ingresar las credenciales de su tarjeta para acceder a Elfsight Editor. Si encuentra alg\u00fan obst\u00e1culo de cualquier tipo, no dude en hablar con nuestro personal de soporte t\u00e9cnico.<\/p> <\/div>\r\n\t\t\t\t\t<\/div>\r\n\t\t\t\t<\/div> <\/div><\/div>","protected":false},"excerpt":{"rendered":"","protected":false},"author":9,"featured_media":0,"parent":1135,"menu_order":0,"comment_status":"closed","ping_status":"closed","template":"templates\/template-application-platform.php","meta":{"publish_to_discourse":"","publish_post_category":"","wpdc_auto_publish_overridden":"","wpdc_topic_tags":"","wpdc_pin_topic":"","wpdc_pin_until":"","discourse_post_id":"","discourse_permalink":"","wpdc_publishing_response":"","wpdc_publishing_error":"","footnotes":""},"class_list":["post-7493","page","type-page","status-publish","hentry"],"yoast_head":"<!-- This site is optimized with the Yoast SEO plugin v25.3.1 - https:\/\/yoast.com\/wordpress\/plugins\/seo\/ -->\n<title>Contador de n\u00fameros Elfsight para p\u00e1ginas web Jimdo (f\u00e1cil y gratis)<\/title>\n<meta name=\"description\" content=\"Integra un Contador de N\u00fameros en tu sitio web Jimdo, aprovechando nuestra demostraci\u00f3n en vivo. \u00a1Construye tu widget personalizado sin esfuerzo!\" \/>\n<meta name=\"robots\" content=\"index, follow, max-snippet:-1, max-image-preview:large, max-video-preview:-1\" \/>\n<link rel=\"canonical\" href=\"https:\/\/elfsight.com\/es\/number-counter-widget\/jimdo\/\" \/>\n<meta property=\"og:locale\" content=\"es_ES\" \/>\n<meta property=\"og:type\" content=\"article\" \/>\n<meta property=\"og:title\" content=\"Contador de n\u00fameros Elfsight para p\u00e1ginas web Jimdo (f\u00e1cil y gratis)\" \/>\n<meta property=\"og:description\" content=\"Integra un Contador de N\u00fameros en tu sitio web Jimdo, aprovechando nuestra demostraci\u00f3n en vivo. \u00a1Construye tu widget personalizado sin esfuerzo!\" \/>\n<meta property=\"og:url\" content=\"https:\/\/elfsight.com\/es\/number-counter-widget\/jimdo\/\" \/>\n<meta property=\"og:site_name\" content=\"Elfsight ES\" \/>\n<meta property=\"article:modified_time\" content=\"2025-02-06T15:50:59+00:00\" \/>\n<meta name=\"twitter:card\" content=\"summary_large_image\" \/>\n<meta name=\"twitter:label1\" content=\"Tiempo de lectura\" \/>\n\t<meta name=\"twitter:data1\" content=\"3 minutos\" \/>\n<!-- \/ Yoast SEO plugin. -->","yoast_head_json":{"title":"Contador de n\u00fameros Elfsight para p\u00e1ginas web Jimdo (f\u00e1cil y gratis)","description":"Integra un Contador de N\u00fameros en tu sitio web Jimdo, aprovechando nuestra demostraci\u00f3n en vivo. \u00a1Construye tu widget personalizado sin esfuerzo!","robots":{"index":"index","follow":"follow","max-snippet":"max-snippet:-1","max-image-preview":"max-image-preview:large","max-video-preview":"max-video-preview:-1"},"canonical":"https:\/\/elfsight.com\/es\/number-counter-widget\/jimdo\/","og_locale":"es_ES","og_type":"article","og_title":"Contador de n\u00fameros Elfsight para p\u00e1ginas web Jimdo (f\u00e1cil y gratis)","og_description":"Integra un Contador de N\u00fameros en tu sitio web Jimdo, aprovechando nuestra demostraci\u00f3n en vivo. \u00a1Construye tu widget personalizado sin esfuerzo!","og_url":"https:\/\/elfsight.com\/es\/number-counter-widget\/jimdo\/","og_site_name":"Elfsight ES","article_modified_time":"2025-02-06T15:50:59+00:00","twitter_card":"summary_large_image","twitter_misc":{"Tiempo de lectura":"3 minutos"},"schema":{"@context":"https:\/\/schema.org","@graph":[{"@type":"WebPage","@id":"https:\/\/elfsight.com\/es\/number-counter-widget\/jimdo\/","url":"https:\/\/elfsight.com\/es\/number-counter-widget\/jimdo\/","name":"Contador de n\u00fameros Elfsight para p\u00e1ginas web Jimdo (f\u00e1cil y gratis)","isPartOf":{"@id":"https:\/\/elfsight.com\/es\/#website"},"datePublished":"1970-01-01T00:00:00+00:00","dateModified":"2025-02-06T15:50:59+00:00","description":"Integra un Contador de N\u00fameros en tu sitio web Jimdo, aprovechando nuestra demostraci\u00f3n en vivo. \u00a1Construye tu widget personalizado sin esfuerzo!","breadcrumb":{"@id":"https:\/\/elfsight.com\/es\/number-counter-widget\/jimdo\/#breadcrumb"},"inLanguage":"es","potentialAction":[{"@type":"ReadAction","target":["https:\/\/elfsight.com\/es\/number-counter-widget\/jimdo\/"]}]},{"@type":"BreadcrumbList","@id":"https:\/\/elfsight.com\/es\/number-counter-widget\/jimdo\/#breadcrumb","itemListElement":[{"@type":"ListItem","position":1,"name":"Home","item":"https:\/\/elfsight.com\/es\/"},{"@type":"ListItem","position":2,"name":"Number Counter","item":"https:\/\/elfsight.com\/es\/number-counter-widget\/"},{"@type":"ListItem","position":3,"name":"Number Counter &#8211; Jimdo"}]},{"@type":"WebSite","@id":"https:\/\/elfsight.com\/es\/#website","url":"https:\/\/elfsight.com\/es\/","name":"Elfsight ES","description":"Just another Elfsight Sites site","potentialAction":[{"@type":"SearchAction","target":{"@type":"EntryPoint","urlTemplate":"https:\/\/elfsight.com\/es\/?s={search_term_string}"},"query-input":{"@type":"PropertyValueSpecification","valueRequired":true,"valueName":"search_term_string"}}],"inLanguage":"es"}]}},"meta_box":{"industry":"","seo_heading":"","heading":"","description":"","cta_heading":"","cta_description":"","application":"1134","h1":"Widget de contador de n\u00fameros Jimdo","h1_caption":"Muestra estad\u00edsticas e hitos clave con contadores animados para resaltar tus logros de una manera atractiva en tu sitio web Jimdo sin esfuerzo.","application_category":[],"applications_title":"","applications_request_title":"","applications_request_button_text":"","hero_text":"","hero_video":"","hero_video_schema_markup":"","selling_points_title":"","selling_points_caption":"","selling_points":[],"selling_points_cta_text":"","features_title":"","features":"","ed_cta_examples_text":"","ed_cta_examples_hidden":"","ed_cta_demo_text":"","ed_cta_demo_hidden":"","why_caption":"","why_editor_title":"","why_editor_text":"","why_team_title":"","why_team_text":"","why_service_title":"","why_service_text":"","template_catalog_visible":"","template_catalog_title":"","template_catalog_text":"","template_catalog_categories_visible":"","demo_title":"Crea tu widget de contador de n\u00fameros","demo_caption":"\u00a1Configura tu Contador de N\u00fameros y a\u00f1\u00e1delo gratis a tu sitio web Jimdo!","default_faq_hidden":"","app_template_category":[],"platform":"2198","template_public_id":"","codecanyon_url":"","codecanyon_item_id":"","codecanyon_price":"","pricing_caption":"","pricing_elfsight_apps_hide_column":"","pricing_elfsight_apps_url":"","pricing_codecanyon_price_caption":"","integration_category":[],"integration_request_title":"","integration_request_cta":"","integration_platform":"","integrations":[],"platform_category":[],"video_schema_markup":"","price":"desde $0 \/ mes","trial":"","benefits":[{"text":"Asistencia de instalaci\u00f3n gratuita"},{"text":"Atenci\u00f3n al cliente experimentada"},{"text":"Garant\u00eda de reembolso de 14 d\u00edas"},{"text":"Actualizando constantemente"}],"button_url":"#demo","button_target_blank":"","button_nofollow":"","attributes":[{"name":"Instalaciones","content":"10,000 - 100,000"},{"name":"Sensible","content":"S\u00ed"},{"name":"Navegadores compatibles","content":"Firefox, Safari, Opera, Chrome, Edge"}],"tags":[],"tags_disable_links":"","hide_more_platforms":"","video_object":"","demo_hide_cta":"","demo_hide_cloud_options":"","pricing_title":"","pricing":[{"pricing_icon":"platform","pricing_title":"Elfsight Apps","pricing_title_caption":"Soluci\u00f3n digital multiplataforma","pricing_price":"desde $0 \/ mes","pricing_price_caption":"comienza con el plan gratuito","pricing_benefits":[{"text":"Dominios ilimitados"},{"text":"Soporte premium"},{"text":"Soporte de instalaci\u00f3n gratuito"},{"text":"Dise\u00f1o flexible"}],"pricing_button_text":"A\u00f1adir al sitio web","pricing_button_url":"#demo"}],"related_apps_title":"","related_apps_hidden":"","author":"","image":[],"title":"","job":"","social_networks":[]},"_links":{"self":[{"href":"https:\/\/elfsight.com\/es\/wp-json\/wp\/v2\/pages\/7493","targetHints":{"allow":["GET"]}}],"collection":[{"href":"https:\/\/elfsight.com\/es\/wp-json\/wp\/v2\/pages"}],"about":[{"href":"https:\/\/elfsight.com\/es\/wp-json\/wp\/v2\/types\/page"}],"author":[{"embeddable":true,"href":"https:\/\/elfsight.com\/es\/wp-json\/wp\/v2\/users\/9"}],"replies":[{"embeddable":true,"href":"https:\/\/elfsight.com\/es\/wp-json\/wp\/v2\/comments?post=7493"}],"version-history":[{"count":2,"href":"https:\/\/elfsight.com\/es\/wp-json\/wp\/v2\/pages\/7493\/revisions"}],"predecessor-version":[{"id":18916,"href":"https:\/\/elfsight.com\/es\/wp-json\/wp\/v2\/pages\/7493\/revisions\/18916"}],"up":[{"embeddable":true,"href":"https:\/\/elfsight.com\/es\/wp-json\/wp\/v2\/pages\/1135"}],"wp:attachment":[{"href":"https:\/\/elfsight.com\/es\/wp-json\/wp\/v2\/media?parent=7493"}],"curies":[{"name":"wp","href":"https:\/\/api.w.org\/{rel}","templated":true}]}}