{"id":7483,"date":"1970-01-01T00:00:00","date_gmt":"1970-01-01T00:00:00","guid":{"rendered":"https:\/\/elfsight.com\/es\/?page_id=7483"},"modified":"2025-02-06T15:50:59","modified_gmt":"2025-02-06T15:50:59","slug":"elementor","status":"publish","type":"page","link":"https:\/\/elfsight.com\/es\/number-counter-widget\/elementor\/","title":{"rendered":"Number Counter &#8211; Elementor"},"content":{"rendered":"<div class=\"application-platform-content-item-description application-platform-content-item\" id=\"description\" data-nav-section=\"description\"> <h2>Incrustar el contador de n\u00fameros en Elementor con el widget Elfsight<\/h2> <p>Elfsight Number Counter es un widget f\u00e1cil de trabajar para Elementor con una amplia gama de opciones. Es bueno para mostrar las espl\u00e9ndidas estad\u00edsticas de su negocio, la cantidad de trabajos realizados hasta el momento y mucho m\u00e1s. El complemento es extremadamente personalizable. Eres libre de agregar cualquier cantidad de contadores, configurarlos en columnas, seleccionar \u00edconos de nuestra biblioteca o cargar los tuyos propios, hacerlos coloridos o monocolores, adjuntar t\u00edtulos para equipar a tus usuarios con datos f\u00e1cilmente comprensibles, cambiar el color de cualquier elemento, elegir la imagen de fondo y eso no es ni la mitad. \u00a1Empiece a darle forma a su funci\u00f3n ahora y observe c\u00f3mo crecen r\u00e1pidamente las principales estad\u00edsticas de su negocio! <\/p> <p><b>Exponga sus impresionantes logros a sus futuros compradores. \u00a1Obtenga ventas y clientes potenciales m\u00e1s exitosos! <\/b><\/p> <\/div> <div class=\"application-platform-content-item-features application-platform-content-item\" id=\"features\" data-nav-section=\"features\"> <h2>Estudie la lista de las funciones m\u00e1s potentes: <\/h2> <ul><li>Cualquier n\u00famero de contadores. <\/li><li>Cantidad ilimitada de columnas. <\/li><li>Adjuntar t\u00edtulos, titulares, prefijos y sufijos. <\/li><li>Decide la categor\u00eda del icono: t\u00f3malo de nuestra biblioteca o sube el tuyo personalizado. <\/li><li>Incrustar enlaces. <\/li><\/ul><p><a href=\"#demo\">Puedes sentir c\u00f3mo funciona el widget usando la demostraci\u00f3n<\/a><\/p> <\/div> <div class=\"application-platform-content-item-installation application-platform-content-item\" id=\"installation\" data-nav-section=\"installation\"> <h2>\u00bfC\u00f3mo puedo agregar Number Counter a mi sitio Elementor? <\/h2><div class=\"video-container\"><iframe width=\"720\" height=\"405\" src=\"https:\/\/www.youtube.com\/embed\/OAl9RFkz3TU\"><\/iframe><\/div><p>Simplemente siga estos pasos que se describen a continuaci\u00f3n para integrar el widget. <\/p> <ol><li><b>Abre nuestro editor gratuito y comienza a crear tu widget personalizado. <\/b><br> Elija la forma y la funcionalidad seleccionadas del complemento y guarde las modificaciones. <\/li> <li><b>Obtenga su c\u00f3digo personal que se muestra en el cuadro de Elfsight Apps. <\/b><br> Una vez completada la creaci\u00f3n de su complemento personal, copie el c\u00f3digo individual en la ventana emergente que aparece y gu\u00e1rdelo para usarlo m\u00e1s adelante. <\/li> <li><b>Ingrese al uso del widget en el sitio web de Elementor. <\/b><br>Integre el c\u00f3digo que ha guardado recientemente en su p\u00e1gina web y guarde las mejoras. <\/li> <li><b>\u00a1Ya terminaste! La integraci\u00f3n ha terminado por completo. <\/b><br>Visita su p\u00e1gina web para ver c\u00f3mo funciona el widget. <\/li><\/ol> <p>En caso de que encuentre alg\u00fan problema, no dude en comunicarse con nuestro equipo de soporte. Nuestros especialistas est\u00e1n deseando ayudarte con todas las dudas que puedas tener con el widget. <\/p> <div class=\"faq\" data-component=\"FAQ\"><div class=\"faq-item\">\r\n\t\t\t\t\t<div class=\"faq-item-question\">\r\n\t\t\t\t\t\t<h3 class=\"faq-item-question-text\">\u00bfExiste alg\u00fan m\u00e9todo para incrustar Number Counter en mi sitio web de Elementor sin codificaci\u00f3n?<\/h3>\r\n\r\n\t\t\t\t\t\t<div class=\"faq-item-question-icon\"><\/div>\r\n\t\t\t\t\t<\/div>\r\n\r\n\t\t\t\t\t<div class=\"faq-item-answer\">\r\n\t\t\t\t\t\t<div class=\"faq-item-answer-text\"> <p>Elfsight ofrece una soluci\u00f3n que le permite crear un complemento de Number Counter usted mismo; consulte las sencillas instrucciones: Trabaje directamente en el editor en l\u00ednea para establecer un complemento de Number Counter que le gustar\u00eda ver en el sitio web de Elementor. Elija una de las muchas plantillas predise\u00f1adas y modifique la configuraci\u00f3n del contador de n\u00fameros, cambie el dise\u00f1o y el color de los elementos y agregue su contenido, sin conocimientos de codificaci\u00f3n. Haga clic para guardar el contador de n\u00fameros y obtener el c\u00f3digo de instalaci\u00f3n, que puede pegarse f\u00e1cilmente en su sitio de Elementor de forma gratuita. Con nuestro editor f\u00e1cil de usar, cada usuario web puede crear un contador de n\u00fameros en l\u00ednea y pegarlo sin esfuerzo en el sitio de Elementor. No es necesario pagar ni introducir los datos de tu tarjeta para acceder a nuestro servicio. Si tiene alg\u00fan problema en alg\u00fan paso, no dude en hablar con nuestro servicio t\u00e9cnico de atenci\u00f3n al cliente.<\/p> <\/div>\r\n\t\t\t\t\t<\/div>\r\n\t\t\t\t<\/div> <\/div><\/div>","protected":false},"excerpt":{"rendered":"","protected":false},"author":9,"featured_media":0,"parent":1135,"menu_order":0,"comment_status":"closed","ping_status":"closed","template":"templates\/template-application-platform.php","meta":{"publish_to_discourse":"","publish_post_category":"","wpdc_auto_publish_overridden":"","wpdc_topic_tags":"","wpdc_pin_topic":"","wpdc_pin_until":"","discourse_post_id":"","discourse_permalink":"","wpdc_publishing_response":"","wpdc_publishing_error":"","footnotes":""},"class_list":["post-7483","page","type-page","status-publish","hentry"],"yoast_head":"<!-- This site is optimized with the Yoast SEO plugin v25.3.1 - https:\/\/yoast.com\/wordpress\/plugins\/seo\/ -->\n<title>Contador de n\u00fameros: agregue el widget Contador al sitio web de Elementor<\/title>\n<meta name=\"description\" content=\"Pruebe un contador de n\u00fameros en su p\u00e1gina web de Elementor mediante nuestra demostraci\u00f3n en vivo. \u00a1Genera tu widget \u00fanico con solo unos pocos clics y sin esfuerzo!\" \/>\n<meta name=\"robots\" content=\"index, follow, max-snippet:-1, max-image-preview:large, max-video-preview:-1\" \/>\n<link rel=\"canonical\" href=\"https:\/\/elfsight.com\/es\/number-counter-widget\/elementor\/\" \/>\n<meta property=\"og:locale\" content=\"es_ES\" \/>\n<meta property=\"og:type\" content=\"article\" \/>\n<meta property=\"og:title\" content=\"Contador de n\u00fameros: agregue el widget Contador al sitio web de Elementor\" \/>\n<meta property=\"og:description\" content=\"Pruebe un contador de n\u00fameros en su p\u00e1gina web de Elementor mediante nuestra demostraci\u00f3n en vivo. \u00a1Genera tu widget \u00fanico con solo unos pocos clics y sin esfuerzo!\" \/>\n<meta property=\"og:url\" content=\"https:\/\/elfsight.com\/es\/number-counter-widget\/elementor\/\" \/>\n<meta property=\"og:site_name\" content=\"Elfsight ES\" \/>\n<meta property=\"article:modified_time\" content=\"2025-02-06T15:50:59+00:00\" \/>\n<meta name=\"twitter:card\" content=\"summary_large_image\" \/>\n<meta name=\"twitter:label1\" content=\"Tiempo de lectura\" \/>\n\t<meta name=\"twitter:data1\" content=\"3 minutos\" \/>\n<!-- \/ Yoast SEO plugin. -->","yoast_head_json":{"title":"Contador de n\u00fameros: agregue el widget Contador al sitio web de Elementor","description":"Pruebe un contador de n\u00fameros en su p\u00e1gina web de Elementor mediante nuestra demostraci\u00f3n en vivo. \u00a1Genera tu widget \u00fanico con solo unos pocos clics y sin esfuerzo!","robots":{"index":"index","follow":"follow","max-snippet":"max-snippet:-1","max-image-preview":"max-image-preview:large","max-video-preview":"max-video-preview:-1"},"canonical":"https:\/\/elfsight.com\/es\/number-counter-widget\/elementor\/","og_locale":"es_ES","og_type":"article","og_title":"Contador de n\u00fameros: agregue el widget Contador al sitio web de Elementor","og_description":"Pruebe un contador de n\u00fameros en su p\u00e1gina web de Elementor mediante nuestra demostraci\u00f3n en vivo. \u00a1Genera tu widget \u00fanico con solo unos pocos clics y sin esfuerzo!","og_url":"https:\/\/elfsight.com\/es\/number-counter-widget\/elementor\/","og_site_name":"Elfsight ES","article_modified_time":"2025-02-06T15:50:59+00:00","twitter_card":"summary_large_image","twitter_misc":{"Tiempo de lectura":"3 minutos"},"schema":{"@context":"https:\/\/schema.org","@graph":[{"@type":"WebPage","@id":"https:\/\/elfsight.com\/es\/number-counter-widget\/elementor\/","url":"https:\/\/elfsight.com\/es\/number-counter-widget\/elementor\/","name":"Contador de n\u00fameros: agregue el widget Contador al sitio web de Elementor","isPartOf":{"@id":"https:\/\/elfsight.com\/es\/#website"},"datePublished":"1970-01-01T00:00:00+00:00","dateModified":"2025-02-06T15:50:59+00:00","description":"Pruebe un contador de n\u00fameros en su p\u00e1gina web de Elementor mediante nuestra demostraci\u00f3n en vivo. \u00a1Genera tu widget \u00fanico con solo unos pocos clics y sin esfuerzo!","breadcrumb":{"@id":"https:\/\/elfsight.com\/es\/number-counter-widget\/elementor\/#breadcrumb"},"inLanguage":"es","potentialAction":[{"@type":"ReadAction","target":["https:\/\/elfsight.com\/es\/number-counter-widget\/elementor\/"]}]},{"@type":"BreadcrumbList","@id":"https:\/\/elfsight.com\/es\/number-counter-widget\/elementor\/#breadcrumb","itemListElement":[{"@type":"ListItem","position":1,"name":"Home","item":"https:\/\/elfsight.com\/es\/"},{"@type":"ListItem","position":2,"name":"Number Counter","item":"https:\/\/elfsight.com\/es\/number-counter-widget\/"},{"@type":"ListItem","position":3,"name":"Number Counter &#8211; Elementor"}]},{"@type":"WebSite","@id":"https:\/\/elfsight.com\/es\/#website","url":"https:\/\/elfsight.com\/es\/","name":"Elfsight ES","description":"Just another Elfsight Sites site","potentialAction":[{"@type":"SearchAction","target":{"@type":"EntryPoint","urlTemplate":"https:\/\/elfsight.com\/es\/?s={search_term_string}"},"query-input":{"@type":"PropertyValueSpecification","valueRequired":true,"valueName":"search_term_string"}}],"inLanguage":"es"}]}},"meta_box":{"industry":"","seo_heading":"","heading":"","description":"","cta_heading":"","cta_description":"","application":"1134","h1":"Widget de contador de n\u00fameros de Elementor","h1_caption":"Muestre estad\u00edsticas e hitos clave con contadores animados para resaltar sus logros de una manera atractiva en su sitio web de Elementor sin esfuerzo.","application_category":[],"applications_title":"","applications_request_title":"","applications_request_button_text":"","hero_text":"","hero_video":"","hero_video_schema_markup":"","selling_points_title":"","selling_points_caption":"","selling_points":[],"selling_points_cta_text":"","features_title":"","features":"","ed_cta_examples_text":"","ed_cta_examples_hidden":"","ed_cta_demo_text":"","ed_cta_demo_hidden":"","why_caption":"","why_editor_title":"","why_editor_text":"","why_team_title":"","why_team_text":"","why_service_title":"","why_service_text":"","template_catalog_visible":"","template_catalog_title":"","template_catalog_text":"","template_catalog_categories_visible":"","demo_title":"Crea tu widget de contador de n\u00fameros","demo_caption":"\u00a1Configure su contador de n\u00fameros y agr\u00e9guelo a su sitio web de Elementor gratis!","default_faq_hidden":"","app_template_category":[],"platform":"58","template_public_id":"","codecanyon_url":"","codecanyon_item_id":"","codecanyon_price":"","pricing_caption":"","pricing_elfsight_apps_hide_column":"","pricing_elfsight_apps_url":"","pricing_codecanyon_price_caption":"","integration_category":[],"integration_request_title":"","integration_request_cta":"","integration_platform":"","integrations":[],"platform_category":[],"video_schema_markup":"","price":"desde $0 \/ mes","trial":"","benefits":[{"text":"Servicio de instalaci\u00f3n gratuito"},{"text":"Servicio al cliente competente"},{"text":"Garant\u00eda de reembolso de 14 d\u00edas"},{"text":"Futuras mejoras gratuitas"}],"button_url":"#demo","button_target_blank":"","button_nofollow":"","attributes":[{"name":"Instalaciones","content":"10,000 - 100,000"},{"name":"Sensible","content":"S\u00ed"},{"name":"Navegadores compatibles","content":"Firefox, Safari, Opera, Chrome, Edge"}],"tags":[],"tags_disable_links":"","hide_more_platforms":"","video_object":"","demo_hide_cta":"","demo_hide_cloud_options":"","pricing_title":"","pricing":[{"pricing_icon":"platform","pricing_title":"Elfsight Apps","pricing_title_caption":"Software multiplataforma que se adapta a cualquier sitio","pricing_price":"desde $0 \/ mes","pricing_price_caption":"comienza con el plan gratuito","pricing_benefits":[{"text":"Sitios web ilimitados"},{"text":"Soporte premium de la empresa y bien documentado."},{"text":"Asistencia de instalaci\u00f3n gratuita"},{"text":"Oferta especial para m\u00faltiples aplicaciones"}],"pricing_button_text":"A\u00f1adir al sitio web","pricing_button_url":"#demo"}],"related_apps_title":"","related_apps_hidden":"","author":"","image":[],"title":"","job":"","social_networks":[]},"_links":{"self":[{"href":"https:\/\/elfsight.com\/es\/wp-json\/wp\/v2\/pages\/7483","targetHints":{"allow":["GET"]}}],"collection":[{"href":"https:\/\/elfsight.com\/es\/wp-json\/wp\/v2\/pages"}],"about":[{"href":"https:\/\/elfsight.com\/es\/wp-json\/wp\/v2\/types\/page"}],"author":[{"embeddable":true,"href":"https:\/\/elfsight.com\/es\/wp-json\/wp\/v2\/users\/9"}],"replies":[{"embeddable":true,"href":"https:\/\/elfsight.com\/es\/wp-json\/wp\/v2\/comments?post=7483"}],"version-history":[{"count":2,"href":"https:\/\/elfsight.com\/es\/wp-json\/wp\/v2\/pages\/7483\/revisions"}],"predecessor-version":[{"id":18917,"href":"https:\/\/elfsight.com\/es\/wp-json\/wp\/v2\/pages\/7483\/revisions\/18917"}],"up":[{"embeddable":true,"href":"https:\/\/elfsight.com\/es\/wp-json\/wp\/v2\/pages\/1135"}],"wp:attachment":[{"href":"https:\/\/elfsight.com\/es\/wp-json\/wp\/v2\/media?parent=7483"}],"curies":[{"name":"wp","href":"https:\/\/api.w.org\/{rel}","templated":true}]}}