{"id":7468,"date":"1970-01-01T00:00:00","date_gmt":"1970-01-01T00:00:00","guid":{"rendered":"https:\/\/elfsight.com\/es\/?page_id=7468"},"modified":"2025-12-19T13:45:23","modified_gmt":"2025-12-19T13:45:23","slug":"wix","status":"publish","type":"page","link":"https:\/\/elfsight.com\/es\/pdf-embed-widget\/wix\/","title":{"rendered":"PDF Embed &#8211; Wix"},"content":{"rendered":"<div class=\"application-platform-content-item-description application-platform-content-item\" id=\"description\" data-nav-section=\"description\"> <h2>Descripci\u00f3n<\/h2> <p>Con la aplicaci\u00f3n Elfsight PDF, experimente la incrustaci\u00f3n m\u00e1s f\u00e1cil y r\u00e1pida de cualquier documento PDF en su sitio. Para mayor comodidad, los archivos se pueden integrar carg\u00e1ndolos directamente, mediante las URL o seleccion\u00e1ndolos entre los cargados recientemente. Puede darle a cada documento su propio nombre, cargar un \u00edcono y obtener una vista previa de la imagen, elegir una variante de dise\u00f1o y mucho m\u00e1s. Los visitantes del sitio pueden leer los documentos directamente en el sitio, verlos en una nueva pesta\u00f1a del navegador y descargarlos.<\/p> <div class=\"faq\" data-component=\"FAQ\"> <div class=\"faq-item\">\r\n\t\t\t\t\t<div class=\"faq-item-question\">\r\n\t\t\t\t\t\t<h3 class=\"faq-item-question-text\">\u00bfQu\u00e9 otras herramientas para Wix tienes exactamente? <\/h3>\r\n\r\n\t\t\t\t\t\t<div class=\"faq-item-question-icon\"><\/div>\r\n\t\t\t\t\t<\/div>\r\n\r\n\t\t\t\t\t<div class=\"faq-item-answer\">\r\n\t\t\t\t\t\t<div class=\"faq-item-answer-text\"> <p>Podemos otorgarte una gran cantidad de herramientas diferentes para que puedas realizar cualquier tipo de tarea en tu sitio. Compru\u00e9balo t\u00fa mismo: <a href=\"https:\/\/elfsight.com\/instagram-feed-instashow\/wix\/\">Instagram Feed<\/a>, <a href=\"https:\/\/elfsight.com\/google-reviews-widget\/wix\/\">Rese\u00f1as de Google<\/a>, <a href=\"https:\/\/elfsight.com\/whatsapp-chat-widget\/wix\/\">Chat de WhatsApp<\/a>, <a href=\"https:\/\/elfsight.com\/popup-widget\/wix\/\">Popup<\/a>.<\/p> <\/div>\r\n\t\t\t\t\t<\/div>\r\n\t\t\t\t<\/div> <div class=\"faq-item\">\r\n\t\t\t\t\t<div class=\"faq-item-question\">\r\n\t\t\t\t\t\t<h3 class=\"faq-item-question-text\">\u00bfC\u00f3mo integro el widget Insertar PDF en mi sitio web Wix? <\/h3>\r\n\r\n\t\t\t\t\t\t<div class=\"faq-item-question-icon\"><\/div>\r\n\t\t\t\t\t<\/div>\r\n\r\n\t\t\t\t\t<div class=\"faq-item-answer\">\r\n\t\t\t\t\t\t<div class=\"faq-item-answer-text\"> <p>Puedes integrar el widget Insertar PDF en tu sitio web Wix con facilidad para permitir que tu audiencia cargue y descargue archivos PDF a trav\u00e9s de un pr\u00e1ctico visor en l\u00ednea. Simplemente ve al panel de administrador y sigue estos pasos: <\/p><ol><li>Ve a la configuraci\u00f3n del tema. <\/li><li>Busque la parte donde necesita incrustar el visor de PDF. <\/li><li>Agregue el c\u00f3digo del servicio Elfsight Apps y emplee sus ajustes. <\/li><li>Ya terminaste. <\/li><\/ol><p>Y visita <a href=\"https:\/\/elfsight.com\/tutorials\/how-to-embed-pdf-on-website\/#how-to-add-pdf-to-wix\">esta p\u00e1gina<\/a> para ver toda la informaci\u00f3n sobre las caracter\u00edsticas del widget.<\/p><\/div>\r\n\t\t\t\t\t<\/div>\r\n\t\t\t\t<\/div> <div class=\"faq-item\">\r\n\t\t\t\t\t<div class=\"faq-item-question\">\r\n\t\t\t\t\t\t<h3 class=\"faq-item-question-text\">\u00bfC\u00f3mo puedo probar el efecto de tu widget Insertar PDF? <\/h3>\r\n\r\n\t\t\t\t\t\t<div class=\"faq-item-question-icon\"><\/div>\r\n\t\t\t\t\t<\/div>\r\n\r\n\t\t\t\t\t<div class=\"faq-item-answer\">\r\n\t\t\t\t\t\t<div class=\"faq-item-answer-text\"> <p>Puedes H\u00e1galo f\u00e1cilmente aplicando nuestra <a href=\"https:\/\/elfsight.com\/pdf-embed-widget\/#demo\">demo<\/a> en vivo. \u00a1Adem\u00e1s, puede usarse para agregar el widget a tu sitio Wix!<\/p><\/div>\r\n\t\t\t\t\t<\/div>\r\n\t\t\t\t<\/div> <\/div><\/div> <div class=\"application-platform-content-item-features application-platform-content-item\" id=\"features\" data-nav-section=\"features\"> <h2>Caracter\u00edsticas<\/h2> <p>Para ayudarte a tener una percepci\u00f3n correcta de la aplicaci\u00f3n PDF, puedes estudiar la lista de las caracter\u00edsticas principales. Hacen que este widget sea \u00fatil para su negocio:<\/p> <ul><li>Pegue una cantidad ilimitada de archivos;<\/li> <li>Variante de dise\u00f1o del Visor de archivos para ver documentos en el sitio;<\/li> <li>Cargue im\u00e1genes para \u00edconos de archivos y vistas previas;<\/li> <li>Mostrar u ocultar la etiqueta de documento de descarga;<\/li> <li>6 detalles coloreables de la interfaz.<\/li> <\/ul><p><a href=\"#demo\">Se mostrar\u00e1 una demostraci\u00f3n en vivo una lista completa de funciones para ti<\/a><\/p> <\/div><div class=\"application-platform-content-item-installation application-platform-content-item\" id=\"installation\" data-nav-section=\"installation\"> <h2>Aprende c\u00f3mo cargar el archivo PDF en tu sitio Wix. Es absolutamente f\u00e1cil.<\/h2> <div class=\"video-container\"><iframe width=\"720\" height=\"405\" src=\"https:\/\/www.youtube.com\/embed\/jX7z9vePYr8?si=DkBrCBCcOAyChphG\" frameborder=\"0\" allowfullscreen=\"\"><\/iframe><\/div><p>Las siguientes acciones son lo \u00fanico necesario para configurar la aplicaci\u00f3n en su p\u00e1gina web. Le llevar\u00e1 un minuto de su tiempo y no implica codificaci\u00f3n.<\/p> <ol><li><b>Genere su aplicaci\u00f3n PDF \u00fanica<\/b><br> Con la ayuda de nuestra demostraci\u00f3n gratuita, genere su propio widget ajustando el dise\u00f1o y la funcionalidad.<\/li><li><b>Adquiera el c\u00f3digo personal para mostrar la aplicaci\u00f3n<\/b><br> Despu\u00e9s de haber generado su widget, obtendr\u00e1 su c\u00f3digo de instalaci\u00f3n en la ventana emergente de Elfsight Apps. Copia este c\u00f3digo.<\/li> <li><b>Sube la aplicaci\u00f3n a tu sitio web Wix<\/b><br> Define el \u00e1rea donde planeas mostrar el widget e inserta el c\u00f3digo copiado all\u00ed. Guarde los resultados.<\/li> <li><b>\u00a1Listo!<\/b><br> Ingrese al sitio para ver sus archivos PDF.<\/li> <\/ol><p>\u00bfA\u00fan dudas de algo? \u00bfO tener problemas? Simplemente escriba una solicitud a nuestro servicio de atenci\u00f3n al cliente, resolveremos cualquier tipo de pregunta. <\/p> <\/div>","protected":false},"excerpt":{"rendered":"","protected":false},"author":9,"featured_media":0,"parent":1157,"menu_order":0,"comment_status":"closed","ping_status":"closed","template":"templates\/template-application-platform.php","meta":{"publish_to_discourse":"","publish_post_category":"","wpdc_auto_publish_overridden":"","wpdc_topic_tags":"","wpdc_pin_topic":"","wpdc_pin_until":"","discourse_post_id":"","discourse_permalink":"","wpdc_publishing_response":"","wpdc_publishing_error":"","footnotes":""},"class_list":["post-7468","page","type-page","status-publish","hentry"],"yoast_head":"<!-- This site is optimized with the Yoast SEO plugin v25.3.1 - https:\/\/yoast.com\/wordpress\/plugins\/seo\/ -->\n<title>Visor de PDF: inserta la aplicaci\u00f3n PDF en el sitio web de Wix (en 2 minutos)<\/title>\n<meta name=\"description\" content=\"Esta es una oportunidad para darle forma a una aplicaci\u00f3n de visualizaci\u00f3n de PDF efectiva e incrustarla en tu sitio Wix. Obtenga atenci\u00f3n al cliente gratuita y otras ventajas de Elfsight.\" \/>\n<meta name=\"robots\" content=\"index, follow, max-snippet:-1, max-image-preview:large, max-video-preview:-1\" \/>\n<link rel=\"canonical\" href=\"https:\/\/elfsight.com\/es\/pdf-embed-widget\/wix\/\" \/>\n<meta property=\"og:locale\" content=\"es_ES\" \/>\n<meta property=\"og:type\" content=\"article\" \/>\n<meta property=\"og:title\" content=\"Visor de PDF: inserta la aplicaci\u00f3n PDF en el sitio web de Wix (en 2 minutos)\" \/>\n<meta property=\"og:description\" content=\"Esta es una oportunidad para darle forma a una aplicaci\u00f3n de visualizaci\u00f3n de PDF efectiva e incrustarla en tu sitio Wix. Obtenga atenci\u00f3n al cliente gratuita y otras ventajas de Elfsight.\" \/>\n<meta property=\"og:url\" content=\"https:\/\/elfsight.com\/es\/pdf-embed-widget\/wix\/\" \/>\n<meta property=\"og:site_name\" content=\"Elfsight ES\" \/>\n<meta property=\"article:modified_time\" content=\"2025-12-19T13:45:23+00:00\" \/>\n<meta name=\"twitter:card\" content=\"summary_large_image\" \/>\n<meta name=\"twitter:label1\" content=\"Tiempo de lectura\" \/>\n\t<meta name=\"twitter:data1\" content=\"3 minutos\" \/>\n<!-- \/ Yoast SEO plugin. -->","yoast_head_json":{"title":"Visor de PDF: inserta la aplicaci\u00f3n PDF en el sitio web de Wix (en 2 minutos)","description":"Esta es una oportunidad para darle forma a una aplicaci\u00f3n de visualizaci\u00f3n de PDF efectiva e incrustarla en tu sitio Wix. Obtenga atenci\u00f3n al cliente gratuita y otras ventajas de Elfsight.","robots":{"index":"index","follow":"follow","max-snippet":"max-snippet:-1","max-image-preview":"max-image-preview:large","max-video-preview":"max-video-preview:-1"},"canonical":"https:\/\/elfsight.com\/es\/pdf-embed-widget\/wix\/","og_locale":"es_ES","og_type":"article","og_title":"Visor de PDF: inserta la aplicaci\u00f3n PDF en el sitio web de Wix (en 2 minutos)","og_description":"Esta es una oportunidad para darle forma a una aplicaci\u00f3n de visualizaci\u00f3n de PDF efectiva e incrustarla en tu sitio Wix. Obtenga atenci\u00f3n al cliente gratuita y otras ventajas de Elfsight.","og_url":"https:\/\/elfsight.com\/es\/pdf-embed-widget\/wix\/","og_site_name":"Elfsight ES","article_modified_time":"2025-12-19T13:45:23+00:00","twitter_card":"summary_large_image","twitter_misc":{"Tiempo de lectura":"3 minutos"},"schema":{"@context":"https:\/\/schema.org","@graph":[{"@type":"WebPage","@id":"https:\/\/elfsight.com\/es\/pdf-embed-widget\/wix\/","url":"https:\/\/elfsight.com\/es\/pdf-embed-widget\/wix\/","name":"Visor de PDF: inserta la aplicaci\u00f3n PDF en el sitio web de Wix (en 2 minutos)","isPartOf":{"@id":"https:\/\/elfsight.com\/es\/#website"},"datePublished":"1970-01-01T00:00:00+00:00","dateModified":"2025-12-19T13:45:23+00:00","description":"Esta es una oportunidad para darle forma a una aplicaci\u00f3n de visualizaci\u00f3n de PDF efectiva e incrustarla en tu sitio Wix. Obtenga atenci\u00f3n al cliente gratuita y otras ventajas de Elfsight.","breadcrumb":{"@id":"https:\/\/elfsight.com\/es\/pdf-embed-widget\/wix\/#breadcrumb"},"inLanguage":"es","potentialAction":[{"@type":"ReadAction","target":["https:\/\/elfsight.com\/es\/pdf-embed-widget\/wix\/"]}]},{"@type":"BreadcrumbList","@id":"https:\/\/elfsight.com\/es\/pdf-embed-widget\/wix\/#breadcrumb","itemListElement":[{"@type":"ListItem","position":1,"name":"Home","item":"https:\/\/elfsight.com\/es\/"},{"@type":"ListItem","position":2,"name":"PDF Embed","item":"https:\/\/elfsight.com\/es\/pdf-embed-widget\/"},{"@type":"ListItem","position":3,"name":"PDF Embed &#8211; Wix"}]},{"@type":"WebSite","@id":"https:\/\/elfsight.com\/es\/#website","url":"https:\/\/elfsight.com\/es\/","name":"Elfsight ES","description":"Just another Elfsight Sites site","potentialAction":[{"@type":"SearchAction","target":{"@type":"EntryPoint","urlTemplate":"https:\/\/elfsight.com\/es\/?s={search_term_string}"},"query-input":{"@type":"PropertyValueSpecification","valueRequired":true,"valueName":"search_term_string"}}],"inLanguage":"es"}]}},"meta_box":{"industry":"","seo_heading":"","heading":"","description":"","cta_heading":"","cta_description":"","application":"1156","h1":"Aplicaci\u00f3n Wix PDF Insertar","h1_caption":"Incrusta documentos PDF en tu sitio web para verlos y descargarlos f\u00e1cilmente sin redirigir a los visitantes a tu sitio web Wix sin esfuerzo.","application_category":[],"applications_title":"","applications_request_title":"","applications_request_button_text":"","hero_text":"","hero_video":"","hero_video_schema_markup":"","selling_points_title":"","selling_points_caption":"","selling_points":[],"selling_points_cta_text":"","features_title":"","features":"","ed_cta_examples_text":"","ed_cta_examples_hidden":"","ed_cta_demo_text":"","ed_cta_demo_hidden":"","why_caption":"","why_editor_title":"","why_editor_text":"","why_team_title":"","why_team_text":"","why_service_title":"","why_service_text":"","template_catalog_visible":"0","template_catalog_title":"","template_catalog_text":"","template_catalog_categories_visible":"","demo_title":"Crea tu aplicaci\u00f3n para insertar PDF","demo_caption":"\u00a1Configura tu PDF Embed y agr\u00e9galo a tu sitio web Wix gratis!","default_faq_hidden":"","app_template_category":[],"platform":"112","template_public_id":"","codecanyon_url":"","codecanyon_item_id":"","codecanyon_price":"","pricing_caption":"","pricing_elfsight_apps_hide_column":"","pricing_elfsight_apps_url":"","pricing_codecanyon_price_caption":"","integration_category":[],"integration_request_title":"","integration_request_cta":"","integration_platform":"","integrations":[],"platform_category":[],"video_schema_markup":"","price":"desde $0 \/ mes","trial":"","benefits":[{"text":"Servicio de instalaci\u00f3n gratuito"},{"text":"Atenci\u00f3n al cliente experimentada"},{"text":"Garant\u00eda de devoluci\u00f3n de dinero de 14 d\u00edas"},{"text":"Desarrollo continuo"}],"button_url":"#demo","button_target_blank":"0","button_nofollow":"0","attributes":[{"name":"Instalaciones","content":"10,000 - 100,000"},{"name":"Sensible","content":"S\u00ed"},{"name":"Navegadores compatibles","content":"Edge, Firefox, Chrome, Opera, Safari"}],"tags":[],"tags_disable_links":"0","hide_more_platforms":"0","video_object":"","demo_hide_cta":"0","demo_hide_cloud_options":"0","pricing_title":"","pricing":[{"pricing_icon":"platform","pricing_title":"Elfsight Apps","pricing_title_caption":"Versi\u00f3n independiente de plataforma que se adapta a cualquier sitio web","pricing_price":"desde $0 \/ mes","pricing_price_caption":"comienza con el plan gratuito","pricing_benefits":[{"text":"N\u00famero ilimitado de dominios"},{"text":"Soporte r\u00e1pido"},{"text":"Servicio de instalaci\u00f3n gratuito"},{"text":"Oferta especial para m\u00faltiples aplicaciones."}],"pricing_button_text":"A\u00f1adir al sitio web","pricing_button_url":"#demo"}],"related_apps_title":"","related_apps_hidden":"0","author":"","image":[],"title":"","job":"","social_networks":[]},"_links":{"self":[{"href":"https:\/\/elfsight.com\/es\/wp-json\/wp\/v2\/pages\/7468","targetHints":{"allow":["GET"]}}],"collection":[{"href":"https:\/\/elfsight.com\/es\/wp-json\/wp\/v2\/pages"}],"about":[{"href":"https:\/\/elfsight.com\/es\/wp-json\/wp\/v2\/types\/page"}],"author":[{"embeddable":true,"href":"https:\/\/elfsight.com\/es\/wp-json\/wp\/v2\/users\/9"}],"replies":[{"embeddable":true,"href":"https:\/\/elfsight.com\/es\/wp-json\/wp\/v2\/comments?post=7468"}],"version-history":[{"count":3,"href":"https:\/\/elfsight.com\/es\/wp-json\/wp\/v2\/pages\/7468\/revisions"}],"predecessor-version":[{"id":20018,"href":"https:\/\/elfsight.com\/es\/wp-json\/wp\/v2\/pages\/7468\/revisions\/20018"}],"up":[{"embeddable":true,"href":"https:\/\/elfsight.com\/es\/wp-json\/wp\/v2\/pages\/1157"}],"wp:attachment":[{"href":"https:\/\/elfsight.com\/es\/wp-json\/wp\/v2\/media?parent=7468"}],"curies":[{"name":"wp","href":"https:\/\/api.w.org\/{rel}","templated":true}]}}