{"id":7467,"date":"1970-01-01T00:00:00","date_gmt":"1970-01-01T00:00:00","guid":{"rendered":"https:\/\/elfsight.com\/es\/?page_id=7467"},"modified":"2025-02-06T15:51:07","modified_gmt":"2025-02-06T15:51:07","slug":"weebly","status":"publish","type":"page","link":"https:\/\/elfsight.com\/es\/pdf-embed-widget\/weebly\/","title":{"rendered":"PDF Embed &#8211; Weebly"},"content":{"rendered":"<div class=\"application-platform-content-item-description application-platform-content-item\" id=\"description\" data-nav-section=\"description\"> <h2>Descripci\u00f3n<\/h2> <p>Con la aplicaci\u00f3n Elfsight PDF, disfrute de la forma m\u00e1s pr\u00e1ctica y r\u00e1pida de agregar sus documentos PDF a su sitio. Para facilitar su uso, los archivos se pueden incrustar simplemente carg\u00e1ndolos, por sus URL o eligi\u00e9ndolos entre los \u00faltimos cargados. Puede darle un nombre a cada documento, cargar su propio \u00edcono o imagen, elegir una variante de dise\u00f1o de archivos y m\u00e1s. La audiencia del sitio puede leer los archivos directamente en el sitio web, abrirlos en una nueva pesta\u00f1a y descargarlos. <\/p> <div class=\"faq\" data-component=\"FAQ\"> <div class=\"faq-item\">\r\n\t\t\t\t\t<div class=\"faq-item-question\">\r\n\t\t\t\t\t\t<h3 class=\"faq-item-question-text\">\u00bfD\u00f3nde puedo instalar el widget<\/h3>\r\n\r\n\t\t\t\t\t\t<div class=\"faq-item-question-icon\"><\/div>\r\n\t\t\t\t\t<\/div>\r\n\r\n\t\t\t\t\t<div class=\"faq-item-answer\">\r\n\t\t\t\t\t\t<div class=\"faq-item-answer-text\"> <p>Es f\u00e1cil mostrar File Embed en cualquier p\u00e1gina del sitio web. Por lo tanto, puede aplicarlo para insertar documentos o especificaciones de su producto en las p\u00e1ginas del producto, o publicar sus diplomas y certificados en la p\u00e1gina de inicio. <\/p> <\/div>\r\n\t\t\t\t\t<\/div>\r\n\t\t\t\t<\/div> <div class=\"faq-item\">\r\n\t\t\t\t\t<div class=\"faq-item-question\">\r\n\t\t\t\t\t\t<h3 class=\"faq-item-question-text\">\u00bfC\u00f3mo podr\u00eda beneficiarme del widget? <\/h3>\r\n\r\n\t\t\t\t\t\t<div class=\"faq-item-question-icon\"><\/div>\r\n\t\t\t\t\t<\/div>\r\n\r\n\t\t\t\t\t<div class=\"faq-item-answer\">\r\n\t\t\t\t\t\t<div class=\"faq-item-answer-text\"> <p>Este widget te ahorrar\u00e1 una gran cantidad de tiempo, ya que con \u00e9l, publicar documentos en tu sitio te llevar\u00e1 s\u00f3lo unos segundos. M\u00e1s a\u00fan, le ayuda a obtener mucha informaci\u00f3n valiosa sobre sus productos o servicios y a mejorar la forma en que los usuarios entienden y utilizan sus productos. <\/p> <\/div>\r\n\t\t\t\t\t<\/div>\r\n\t\t\t\t<\/div> <div class=\"faq-item\">\r\n\t\t\t\t\t<div class=\"faq-item-question\">\r\n\t\t\t\t\t\t<h3 class=\"faq-item-question-text\">\u00bfC\u00f3mo puedo agregar PDF Embed a mi sitio web Weebly? <\/h3>\r\n\r\n\t\t\t\t\t\t<div class=\"faq-item-question-icon\"><\/div>\r\n\t\t\t\t\t<\/div>\r\n\r\n\t\t\t\t\t<div class=\"faq-item-answer\">\r\n\t\t\t\t\t\t<div class=\"faq-item-answer-text\"> <p>Solo necesitas un par de minutos de tu tiempo para activar el widget. La integraci\u00f3n es gratuita, muy r\u00e1pida y no implica codificaci\u00f3n. <\/p> <p>Elfsight PDF Embed se puede agregar a trav\u00e9s de nuestro servicio o en el mercado. Puedes ver m\u00e1s informaci\u00f3n sobre las dos variantes y elegir la tuya. <\/p> <\/div>\r\n\t\t\t\t\t<\/div>\r\n\t\t\t\t<\/div> <\/div> <\/div> <div class=\"application-platform-content-item-features application-platform-content-item\" id=\"features\" data-nav-section=\"features\"> <h2>Caracter\u00edsticas<\/h2> <p>Para tener un conocimiento completo del widget, consulte la lista de sus funciones principales. Hacen que el widget sea m\u00e1s efectivo para usted: <\/p> <ul><li>Inserte una cantidad ilimitada de documentos; <\/li> <li>Opci\u00f3n de dise\u00f1o del Visor de archivos para ver documentos en el sitio web; <\/li> <li>Sube im\u00e1genes para \u00edconos y vistas previas; <\/li> <li>Mostrar u ocultar el texto de descarga del archivo; <\/li> <li>6 elementos coloreables de la interfaz; <\/li> <\/ul><p><a href=\"#demo\">Vea m\u00e1s funciones en nuestra demostraci\u00f3n en vivo<\/a><\/p> <\/div> <div class=\"application-platform-content-item-installation application-platform-content-item\" id=\"installation\" data-nav-section=\"installation\"> <h2>Descubra c\u00f3mo colocar el Visor de PDF en su tienda Weebly<\/h2> <div class=\"video-container\"><iframe width=\"720\" height=\"405\" src=\"https:\/\/www.youtube.com\/embed\/kxZYcFAI3OE\" frameborder=\"0\"><\/iframe><\/div><p> Lo \u00fanico que necesita hacer es un par de pasos sencillos. <\/p> <ol><li><b>Utilice nuestro editor gratuito y comience a crear su aplicaci\u00f3n personalizada. <\/b><br> Especifique la disposici\u00f3n deseada y las caracter\u00edsticas funcionales de la aplicaci\u00f3n y guarde todas las ediciones. <\/li> <li><b>Adquiera su c\u00f3digo personal que aparece en la ventana de Elfsight Apps. <\/b><br> Inmediatamente despu\u00e9s de que finalice la generaci\u00f3n de su aplicaci\u00f3n, copie su c\u00f3digo en la ventana que aparece y gu\u00e1rdelo para usarlo en el futuro. <\/li> <li><b>Empieza a usar la aplicaci\u00f3n en tu p\u00e1gina web Weebly. <\/b><br>Incrusta el c\u00f3digo que has copiado recientemente en tu sitio web y guarda las correcciones. <\/li> <li><b>La configuraci\u00f3n se realiz\u00f3 correctamente. <\/b><br>Vaya a su sitio web para comprobar el funcionamiento de la aplicaci\u00f3n. <\/li><\/ol><p>\u00bfA\u00fan est\u00e1s inquieto? \u00bfO tienes preguntas? Simplemente escriba una solicitud a nuestro servicio de atenci\u00f3n al cliente y resolver\u00e1 cualquier duda. <\/p> <\/div>","protected":false},"excerpt":{"rendered":"","protected":false},"author":9,"featured_media":0,"parent":1157,"menu_order":0,"comment_status":"closed","ping_status":"closed","template":"templates\/template-application-platform.php","meta":{"publish_to_discourse":"","publish_post_category":"","wpdc_auto_publish_overridden":"","wpdc_topic_tags":"","wpdc_pin_topic":"","wpdc_pin_until":"","discourse_post_id":"","discourse_permalink":"","wpdc_publishing_response":"","wpdc_publishing_error":"","footnotes":""},"class_list":["post-7467","page","type-page","status-publish","hentry"],"yoast_head":"<!-- This site is optimized with the Yoast SEO plugin v25.3.1 - https:\/\/yoast.com\/wordpress\/plugins\/seo\/ -->\n<title>Visor de PDF: incrustar la aplicaci\u00f3n PDF en el sitio web de Weebly (2025)<\/title>\n<meta name=\"description\" content=\"Es perfectamente sencillo crear su aplicaci\u00f3n Visor de PDF e incrustarla en su sitio Weebly. El servicio de atenci\u00f3n al cliente de Elfsight es gratuito y r\u00e1pido.\" \/>\n<meta name=\"robots\" content=\"index, follow, max-snippet:-1, max-image-preview:large, max-video-preview:-1\" \/>\n<link rel=\"canonical\" href=\"https:\/\/elfsight.com\/es\/pdf-embed-widget\/weebly\/\" \/>\n<meta property=\"og:locale\" content=\"es_ES\" \/>\n<meta property=\"og:type\" content=\"article\" \/>\n<meta property=\"og:title\" content=\"Visor de PDF: incrustar la aplicaci\u00f3n PDF en el sitio web de Weebly (2025)\" \/>\n<meta property=\"og:description\" content=\"Es perfectamente sencillo crear su aplicaci\u00f3n Visor de PDF e incrustarla en su sitio Weebly. El servicio de atenci\u00f3n al cliente de Elfsight es gratuito y r\u00e1pido.\" \/>\n<meta property=\"og:url\" content=\"https:\/\/elfsight.com\/es\/pdf-embed-widget\/weebly\/\" \/>\n<meta property=\"og:site_name\" content=\"Elfsight ES\" \/>\n<meta property=\"article:modified_time\" content=\"2025-02-06T15:51:07+00:00\" \/>\n<meta name=\"twitter:card\" content=\"summary_large_image\" \/>\n<meta name=\"twitter:label1\" content=\"Tiempo de lectura\" \/>\n\t<meta name=\"twitter:data1\" content=\"3 minutos\" \/>\n<!-- \/ Yoast SEO plugin. -->","yoast_head_json":{"title":"Visor de PDF: incrustar la aplicaci\u00f3n PDF en el sitio web de Weebly (2025)","description":"Es perfectamente sencillo crear su aplicaci\u00f3n Visor de PDF e incrustarla en su sitio Weebly. El servicio de atenci\u00f3n al cliente de Elfsight es gratuito y r\u00e1pido.","robots":{"index":"index","follow":"follow","max-snippet":"max-snippet:-1","max-image-preview":"max-image-preview:large","max-video-preview":"max-video-preview:-1"},"canonical":"https:\/\/elfsight.com\/es\/pdf-embed-widget\/weebly\/","og_locale":"es_ES","og_type":"article","og_title":"Visor de PDF: incrustar la aplicaci\u00f3n PDF en el sitio web de Weebly (2025)","og_description":"Es perfectamente sencillo crear su aplicaci\u00f3n Visor de PDF e incrustarla en su sitio Weebly. El servicio de atenci\u00f3n al cliente de Elfsight es gratuito y r\u00e1pido.","og_url":"https:\/\/elfsight.com\/es\/pdf-embed-widget\/weebly\/","og_site_name":"Elfsight ES","article_modified_time":"2025-02-06T15:51:07+00:00","twitter_card":"summary_large_image","twitter_misc":{"Tiempo de lectura":"3 minutos"},"schema":{"@context":"https:\/\/schema.org","@graph":[{"@type":"WebPage","@id":"https:\/\/elfsight.com\/es\/pdf-embed-widget\/weebly\/","url":"https:\/\/elfsight.com\/es\/pdf-embed-widget\/weebly\/","name":"Visor de PDF: incrustar la aplicaci\u00f3n PDF en el sitio web de Weebly (2025)","isPartOf":{"@id":"https:\/\/elfsight.com\/es\/#website"},"datePublished":"1970-01-01T00:00:00+00:00","dateModified":"2025-02-06T15:51:07+00:00","description":"Es perfectamente sencillo crear su aplicaci\u00f3n Visor de PDF e incrustarla en su sitio Weebly. El servicio de atenci\u00f3n al cliente de Elfsight es gratuito y r\u00e1pido.","breadcrumb":{"@id":"https:\/\/elfsight.com\/es\/pdf-embed-widget\/weebly\/#breadcrumb"},"inLanguage":"es","potentialAction":[{"@type":"ReadAction","target":["https:\/\/elfsight.com\/es\/pdf-embed-widget\/weebly\/"]}]},{"@type":"BreadcrumbList","@id":"https:\/\/elfsight.com\/es\/pdf-embed-widget\/weebly\/#breadcrumb","itemListElement":[{"@type":"ListItem","position":1,"name":"Home","item":"https:\/\/elfsight.com\/es\/"},{"@type":"ListItem","position":2,"name":"PDF Embed","item":"https:\/\/elfsight.com\/es\/pdf-embed-widget\/"},{"@type":"ListItem","position":3,"name":"PDF Embed &#8211; Weebly"}]},{"@type":"WebSite","@id":"https:\/\/elfsight.com\/es\/#website","url":"https:\/\/elfsight.com\/es\/","name":"Elfsight ES","description":"Just another Elfsight Sites site","potentialAction":[{"@type":"SearchAction","target":{"@type":"EntryPoint","urlTemplate":"https:\/\/elfsight.com\/es\/?s={search_term_string}"},"query-input":{"@type":"PropertyValueSpecification","valueRequired":true,"valueName":"search_term_string"}}],"inLanguage":"es"}]}},"meta_box":{"industry":"","seo_heading":"","heading":"","description":"","cta_heading":"","cta_description":"","application":"1156","h1":"Aplicaci\u00f3n Weebly PDF Viewer","h1_caption":"Incruste documentos PDF en su sitio web para verlos y descargarlos f\u00e1cilmente sin redirigir a los visitantes a su sitio web Weebly sin esfuerzo.","application_category":[],"applications_title":"","applications_request_title":"","applications_request_button_text":"","hero_text":"","hero_video":"","hero_video_schema_markup":"","selling_points_title":"","selling_points_caption":"","selling_points":[],"selling_points_cta_text":"","features_title":"","features":"","ed_cta_examples_text":"","ed_cta_examples_hidden":"","ed_cta_demo_text":"","ed_cta_demo_hidden":"","why_caption":"","why_editor_title":"","why_editor_text":"","why_team_title":"","why_team_text":"","why_service_title":"","why_service_text":"","template_catalog_visible":"","template_catalog_title":"","template_catalog_text":"","template_catalog_categories_visible":"","demo_title":"Crea tu aplicaci\u00f3n para insertar PDF","demo_caption":"\u00a1Configure su PDF Embed y agr\u00e9guelo a su sitio web Weebly de forma gratuita!","default_faq_hidden":"","app_template_category":[],"platform":"109","template_public_id":"","codecanyon_url":"","codecanyon_item_id":"","codecanyon_price":"","pricing_caption":"","pricing_elfsight_apps_hide_column":"","pricing_elfsight_apps_url":"","pricing_codecanyon_price_caption":"","integration_category":[],"integration_request_title":"","integration_request_cta":"","integration_platform":"","integrations":[],"platform_category":[],"video_schema_markup":"","price":"desde $0 \/ mes","trial":"","benefits":[{"text":"Ayuda de instalaci\u00f3n gratuita"},{"text":"Servicio al cliente profesional"},{"text":"Garant\u00eda de reembolso de 14 d\u00edas"},{"text":"Mejoras gratuitas continuas"}],"button_url":"#demo","button_target_blank":"","button_nofollow":"","attributes":[{"name":"Instalaciones","content":"10,000 - 100,000"},{"name":"Sensible","content":"S\u00ed"},{"name":"Navegadores compatibles","content":"Firefox, Safari, Opera, Chrome, Edge"}],"tags":[],"tags_disable_links":"","hide_more_platforms":"","video_object":"","demo_hide_cta":"","demo_hide_cloud_options":"","pricing_title":"","pricing":[{"pricing_icon":"platform","pricing_title":"Elfsight Apps","pricing_title_caption":"Software multiplataforma","pricing_price":"desde $0 \/ mes","pricing_price_caption":"comienza con un plan gratuito","pricing_benefits":[{"text":"Sitios web ilimitados"},{"text":"Atenci\u00f3n al cliente profesional"},{"text":"Soporte de instalaci\u00f3n gratuito"},{"text":"Dise\u00f1o flexible"}],"pricing_button_text":"A\u00f1adir al sitio web","pricing_button_url":"#demo"}],"related_apps_title":"","related_apps_hidden":"","author":"","image":[],"title":"","job":"","social_networks":[]},"_links":{"self":[{"href":"https:\/\/elfsight.com\/es\/wp-json\/wp\/v2\/pages\/7467","targetHints":{"allow":["GET"]}}],"collection":[{"href":"https:\/\/elfsight.com\/es\/wp-json\/wp\/v2\/pages"}],"about":[{"href":"https:\/\/elfsight.com\/es\/wp-json\/wp\/v2\/types\/page"}],"author":[{"embeddable":true,"href":"https:\/\/elfsight.com\/es\/wp-json\/wp\/v2\/users\/9"}],"replies":[{"embeddable":true,"href":"https:\/\/elfsight.com\/es\/wp-json\/wp\/v2\/comments?post=7467"}],"version-history":[{"count":2,"href":"https:\/\/elfsight.com\/es\/wp-json\/wp\/v2\/pages\/7467\/revisions"}],"predecessor-version":[{"id":18920,"href":"https:\/\/elfsight.com\/es\/wp-json\/wp\/v2\/pages\/7467\/revisions\/18920"}],"up":[{"embeddable":true,"href":"https:\/\/elfsight.com\/es\/wp-json\/wp\/v2\/pages\/1157"}],"wp:attachment":[{"href":"https:\/\/elfsight.com\/es\/wp-json\/wp\/v2\/media?parent=7467"}],"curies":[{"name":"wp","href":"https:\/\/api.w.org\/{rel}","templated":true}]}}