{"id":7466,"date":"1970-01-01T00:00:00","date_gmt":"1970-01-01T00:00:00","guid":{"rendered":"https:\/\/elfsight.com\/es\/?page_id=7466"},"modified":"2025-02-06T15:51:07","modified_gmt":"2025-02-06T15:51:07","slug":"webnode","status":"publish","type":"page","link":"https:\/\/elfsight.com\/es\/pdf-embed-widget\/webnode\/","title":{"rendered":"PDF Embed &#8211; Webnode"},"content":{"rendered":"<div class=\"application-platform-content-item-description application-platform-content-item\" id=\"description\" data-nav-section=\"description\"> <h2>Descripci\u00f3n<\/h2> <p>Gracias a la herramienta Elfsight PDF, obtenga la integraci\u00f3n m\u00e1s sencilla de cualquier documento PDF en su sitio web. Para comodidad del usuario, los archivos se pueden insertar carg\u00e1ndolos directamente, ingresando las URL o eligiendo entre los \u00faltimos cargados. Puedes darle a cada archivo tu propio t\u00edtulo, cargar un icono o una imagen personalizados, elegir el dise\u00f1o y m\u00e1s. Los visitantes del sitio web pueden consultar los archivos directamente en su sitio web, verlos en una nueva pesta\u00f1a y descargarlos.<\/p> <div class=\"faq\" data-component=\"FAQ\"> <div class=\"faq-item\">\r\n\t\t\t\t\t<div class=\"faq-item-question\">\r\n\t\t\t\t\t\t<h3 class=\"faq-item-question-text\">D\u00f3nde puedo mostrarlo<\/h3>\r\n\r\n\t\t\t\t\t\t<div class=\"faq-item-question-icon\"><\/div>\r\n\t\t\t\t\t<\/div>\r\n\r\n\t\t\t\t\t<div class=\"faq-item-answer\">\r\n\t\t\t\t\t\t<div class=\"faq-item-answer-text\"> <p>Si\u00e9ntase libre de mostrar File Embed en cualquier p\u00e1gina de su sitio web. Por lo tanto, se puede aplicar para demostrar sus documentos o especificaciones tecnol\u00f3gicas en las p\u00e1ginas de productos correspondientes, o para agregar sus diplomas y certificados a la p\u00e1gina de inicio. <\/p> <\/div>\r\n\t\t\t\t\t<\/div>\r\n\t\t\t\t<\/div> <div class=\"faq-item\">\r\n\t\t\t\t\t<div class=\"faq-item-question\">\r\n\t\t\t\t\t\t<h3 class=\"faq-item-question-text\">\u00bfCu\u00e1les son las ventajas de tener un widget PDF para m\u00ed?<\/h3>\r\n\r\n\t\t\t\t\t\t<div class=\"faq-item-question-icon\"><\/div>\r\n\t\t\t\t\t<\/div>\r\n\r\n\t\t\t\t\t<div class=\"faq-item-answer\">\r\n\t\t\t\t\t\t<div class=\"faq-item-answer-text\"> <p>Nuestro widget puede ahorrarte una gran cantidad de tiempo, ya que con \u00e9l publicar archivos en tu sitio toma solo unos segundos. Adem\u00e1s, le ayuda a revelar una gran cantidad de detalles significativos sobre sus ofertas o servicios y ayudar a los clientes a comprenderlos mejor.<\/p> <\/div>\r\n\t\t\t\t\t<\/div>\r\n\t\t\t\t<\/div> <div class=\"faq-item\">\r\n\t\t\t\t\t<div class=\"faq-item-question\">\r\n\t\t\t\t\t\t<h3 class=\"faq-item-question-text\">\u00bfC\u00f3mo puedo agregar PDF Embed a mi sitio web Webnode?<\/h3>\r\n\r\n\t\t\t\t\t\t<div class=\"faq-item-question-icon\"><\/div>\r\n\t\t\t\t\t<\/div>\r\n\r\n\t\t\t\t\t<div class=\"faq-item-answer\">\r\n\t\t\t\t\t\t<div class=\"faq-item-answer-text\"> <p>Solo tomar\u00e1 dos minutos activar el widget. La integraci\u00f3n es extremadamente r\u00e1pida, gratuita y sin codificaci\u00f3n. <\/p> <p>Puedes pegar el widget en tu sitio directamente a trav\u00e9s de nuestro servicio. Para ello necesitar\u00e1s ver la gu\u00eda que aparece a continuaci\u00f3n en esta p\u00e1gina. <\/p> <\/div>\r\n\t\t\t\t\t<\/div>\r\n\t\t\t\t<\/div> <\/div> <\/div> <div class=\"application-platform-content-item-features application-platform-content-item\" id=\"features\" data-nav-section=\"features\"> <h2>Caracter\u00edsticas<\/h2> <p>Para tener una idea m\u00e1s clara del widget, puedes estudiar la lista de sus caracter\u00edsticas principales. Hacen que nuestro widget sea incre\u00edblemente efectivo para usted: <\/p> <ul><li>Pegue una cantidad ilimitada de archivos;<\/li> <li>Variante de dise\u00f1o del Visor de archivos para ver archivos en el sitio; <\/li> <li>Subir im\u00e1genes para iconos de documentos y vistas previas; <\/li> <li>Mostrar u ocultar Descargar etiqueta del documento; <\/li> <li>6 detalles coloreables de la interfaz del widget; <\/li> <\/ul><p><a href=\"#demo\">Consulta m\u00e1s funciones en la demostraci\u00f3n<\/a><\/p> <\/div> <div class=\"application-platform-content-item-installation application-platform-content-item\" id=\"installation\" data-nav-section=\"installation\"> <h2>Veamos c\u00f3mo introducir el Visor de PDF en tu p\u00e1gina de Webnode<\/h2> <p>Simplemente sigue los siguientes pasos y tendr\u00e1s el widget en funcionamiento.<\/p> <ol><li><b>Cree su complemento PDF personalizado<\/b><br> Mediante nuestro configurador gratuito, cree un complemento con un dise\u00f1o y funcionalidad seleccionados.<\/li><li><b>Adquiera el c\u00f3digo personal para agregar el complemento<\/b><br> Despu\u00e9s de haber creado su widget, adquirir\u00e1 el c\u00f3digo individual de la ventana que aparece en Elfsight Apps. C\u00f3pielo para uso futuro. <\/li> <li><b>Incrusta el complemento en tu sitio web Webnode<\/b><br> Encuentra el lugar donde deseas mostrar el complemento y pega all\u00ed el c\u00f3digo copiado. Guarde los cambios. <\/li> <li><b>\u00a1Listo! <\/b><br>Ve a la tienda, para ver tus archivos PDF integrados.<\/li> <\/ol><p>\u00bfA\u00fan no te has decidido? \u00bfO experimentando problemas? Simplemente escriba una solicitud a nuestro equipo de soporte y vea c\u00f3mo se resuelven sus problemas. <\/p> <\/div>","protected":false},"excerpt":{"rendered":"","protected":false},"author":9,"featured_media":0,"parent":1157,"menu_order":0,"comment_status":"closed","ping_status":"closed","template":"templates\/template-application-platform.php","meta":{"publish_to_discourse":"","publish_post_category":"","wpdc_auto_publish_overridden":"","wpdc_topic_tags":"","wpdc_pin_topic":"","wpdc_pin_until":"","discourse_post_id":"","discourse_permalink":"","wpdc_publishing_response":"","wpdc_publishing_error":"","footnotes":""},"class_list":["post-7466","page","type-page","status-publish","hentry"],"yoast_head":"<!-- This site is optimized with the Yoast SEO plugin v25.3.1 - https:\/\/yoast.com\/wordpress\/plugins\/seo\/ -->\n<title>Visor de PDF - Insertar archivo PDF en el sitio web de Webnode (2025)<\/title>\n<meta name=\"description\" content=\"Es muy f\u00e1cil darle forma a tu widget Visor de PDF e incrustarlo en tu p\u00e1gina web de Webnode. La atenci\u00f3n al cliente de Elfsight es gratuita y r\u00e1pida.\" \/>\n<meta name=\"robots\" content=\"index, follow, max-snippet:-1, max-image-preview:large, max-video-preview:-1\" \/>\n<link rel=\"canonical\" href=\"https:\/\/elfsight.com\/es\/pdf-embed-widget\/webnode\/\" \/>\n<meta property=\"og:locale\" content=\"es_ES\" \/>\n<meta property=\"og:type\" content=\"article\" \/>\n<meta property=\"og:title\" content=\"Visor de PDF - Insertar archivo PDF en el sitio web de Webnode (2025)\" \/>\n<meta property=\"og:description\" content=\"Es muy f\u00e1cil darle forma a tu widget Visor de PDF e incrustarlo en tu p\u00e1gina web de Webnode. La atenci\u00f3n al cliente de Elfsight es gratuita y r\u00e1pida.\" \/>\n<meta property=\"og:url\" content=\"https:\/\/elfsight.com\/es\/pdf-embed-widget\/webnode\/\" \/>\n<meta property=\"og:site_name\" content=\"Elfsight ES\" \/>\n<meta property=\"article:modified_time\" content=\"2025-02-06T15:51:07+00:00\" \/>\n<meta name=\"twitter:card\" content=\"summary_large_image\" \/>\n<meta name=\"twitter:label1\" content=\"Tiempo de lectura\" \/>\n\t<meta name=\"twitter:data1\" content=\"3 minutos\" \/>\n<!-- \/ Yoast SEO plugin. -->","yoast_head_json":{"title":"Visor de PDF - Insertar archivo PDF en el sitio web de Webnode (2025)","description":"Es muy f\u00e1cil darle forma a tu widget Visor de PDF e incrustarlo en tu p\u00e1gina web de Webnode. La atenci\u00f3n al cliente de Elfsight es gratuita y r\u00e1pida.","robots":{"index":"index","follow":"follow","max-snippet":"max-snippet:-1","max-image-preview":"max-image-preview:large","max-video-preview":"max-video-preview:-1"},"canonical":"https:\/\/elfsight.com\/es\/pdf-embed-widget\/webnode\/","og_locale":"es_ES","og_type":"article","og_title":"Visor de PDF - Insertar archivo PDF en el sitio web de Webnode (2025)","og_description":"Es muy f\u00e1cil darle forma a tu widget Visor de PDF e incrustarlo en tu p\u00e1gina web de Webnode. La atenci\u00f3n al cliente de Elfsight es gratuita y r\u00e1pida.","og_url":"https:\/\/elfsight.com\/es\/pdf-embed-widget\/webnode\/","og_site_name":"Elfsight ES","article_modified_time":"2025-02-06T15:51:07+00:00","twitter_card":"summary_large_image","twitter_misc":{"Tiempo de lectura":"3 minutos"},"schema":{"@context":"https:\/\/schema.org","@graph":[{"@type":"WebPage","@id":"https:\/\/elfsight.com\/es\/pdf-embed-widget\/webnode\/","url":"https:\/\/elfsight.com\/es\/pdf-embed-widget\/webnode\/","name":"Visor de PDF - Insertar archivo PDF en el sitio web de Webnode (2025)","isPartOf":{"@id":"https:\/\/elfsight.com\/es\/#website"},"datePublished":"1970-01-01T00:00:00+00:00","dateModified":"2025-02-06T15:51:07+00:00","description":"Es muy f\u00e1cil darle forma a tu widget Visor de PDF e incrustarlo en tu p\u00e1gina web de Webnode. La atenci\u00f3n al cliente de Elfsight es gratuita y r\u00e1pida.","breadcrumb":{"@id":"https:\/\/elfsight.com\/es\/pdf-embed-widget\/webnode\/#breadcrumb"},"inLanguage":"es","potentialAction":[{"@type":"ReadAction","target":["https:\/\/elfsight.com\/es\/pdf-embed-widget\/webnode\/"]}]},{"@type":"BreadcrumbList","@id":"https:\/\/elfsight.com\/es\/pdf-embed-widget\/webnode\/#breadcrumb","itemListElement":[{"@type":"ListItem","position":1,"name":"Home","item":"https:\/\/elfsight.com\/es\/"},{"@type":"ListItem","position":2,"name":"PDF Embed","item":"https:\/\/elfsight.com\/es\/pdf-embed-widget\/"},{"@type":"ListItem","position":3,"name":"PDF Embed &#8211; Webnode"}]},{"@type":"WebSite","@id":"https:\/\/elfsight.com\/es\/#website","url":"https:\/\/elfsight.com\/es\/","name":"Elfsight ES","description":"Just another Elfsight Sites site","potentialAction":[{"@type":"SearchAction","target":{"@type":"EntryPoint","urlTemplate":"https:\/\/elfsight.com\/es\/?s={search_term_string}"},"query-input":{"@type":"PropertyValueSpecification","valueRequired":true,"valueName":"search_term_string"}}],"inLanguage":"es"}]}},"meta_box":{"industry":"","seo_heading":"","heading":"","description":"","cta_heading":"","cta_description":"","application":"1156","h1":"Insertar PDF en Webnode","h1_caption":"Incruste documentos pdf en su sitio web para verlos y descargarlos f\u00e1cilmente sin redirigir a los visitantes a su sitio web Webnode sin esfuerzo.","application_category":[],"applications_title":"","applications_request_title":"","applications_request_button_text":"","hero_text":"","hero_video":"","hero_video_schema_markup":"","selling_points_title":"","selling_points_caption":"","selling_points":[],"selling_points_cta_text":"","features_title":"","features":"","ed_cta_examples_text":"","ed_cta_examples_hidden":"","ed_cta_demo_text":"","ed_cta_demo_hidden":"","why_caption":"","why_editor_title":"","why_editor_text":"","why_team_title":"","why_team_text":"","why_service_title":"","why_service_text":"","template_catalog_visible":"","template_catalog_title":"","template_catalog_text":"","template_catalog_categories_visible":"","demo_title":"Crea tu widget de inserci\u00f3n de PDF","demo_caption":"\u00a1Configura tu PDF Embed y agr\u00e9galo a tu sitio web Webnode gratis!","default_faq_hidden":"","app_template_category":[],"platform":"2302","template_public_id":"","codecanyon_url":"","codecanyon_item_id":"","codecanyon_price":"","pricing_caption":"","pricing_elfsight_apps_hide_column":"","pricing_elfsight_apps_url":"","pricing_codecanyon_price_caption":"","integration_category":[],"integration_request_title":"","integration_request_cta":"","integration_platform":"","integrations":[],"platform_category":[],"video_schema_markup":"","price":"desde $0 \/ mes","trial":"","benefits":[{"text":"Servicio de instalaci\u00f3n gratuito"},{"text":"Atenci\u00f3n al cliente competente"},{"text":"Garant\u00eda de reembolso de 14 d\u00edas"},{"text":"Actualizaciones continuas"}],"button_url":"#demo","button_target_blank":"","button_nofollow":"","attributes":[{"name":"Instalaciones","content":"10,000 - 100,000"},{"name":"Sensible","content":"S\u00ed"},{"name":"Navegadores compatibles","content":"Firefox, Safari, Opera, Chrome, Edge"}],"tags":[],"tags_disable_links":"","hide_more_platforms":"","video_object":"","demo_hide_cta":"","demo_hide_cloud_options":"","pricing_title":"","pricing":[{"pricing_icon":"platform","pricing_title":"Elfsight Apps","pricing_title_caption":"Soluci\u00f3n digital independiente de la plataforma que funciona en cualquier sitio","pricing_price":"desde $0 \/ mes","pricing_price_caption":"comienza con el plan gratuito","pricing_benefits":[{"text":"Sitios web ilimitados"},{"text":"Soporte 24 horas al d\u00eda, 7 d\u00edas a la semana y bien documentado."},{"text":"Ayuda de instalaci\u00f3n gratuita"},{"text":"Precio a alcanzar para m\u00faltiples aplicaciones"}],"pricing_button_text":"A\u00f1adir al sitio web","pricing_button_url":"#demo"}],"related_apps_title":"","related_apps_hidden":"","author":"","image":[],"title":"","job":"","social_networks":[]},"_links":{"self":[{"href":"https:\/\/elfsight.com\/es\/wp-json\/wp\/v2\/pages\/7466","targetHints":{"allow":["GET"]}}],"collection":[{"href":"https:\/\/elfsight.com\/es\/wp-json\/wp\/v2\/pages"}],"about":[{"href":"https:\/\/elfsight.com\/es\/wp-json\/wp\/v2\/types\/page"}],"author":[{"embeddable":true,"href":"https:\/\/elfsight.com\/es\/wp-json\/wp\/v2\/users\/9"}],"replies":[{"embeddable":true,"href":"https:\/\/elfsight.com\/es\/wp-json\/wp\/v2\/comments?post=7466"}],"version-history":[{"count":2,"href":"https:\/\/elfsight.com\/es\/wp-json\/wp\/v2\/pages\/7466\/revisions"}],"predecessor-version":[{"id":18921,"href":"https:\/\/elfsight.com\/es\/wp-json\/wp\/v2\/pages\/7466\/revisions\/18921"}],"up":[{"embeddable":true,"href":"https:\/\/elfsight.com\/es\/wp-json\/wp\/v2\/pages\/1157"}],"wp:attachment":[{"href":"https:\/\/elfsight.com\/es\/wp-json\/wp\/v2\/media?parent=7466"}],"curies":[{"name":"wp","href":"https:\/\/api.w.org\/{rel}","templated":true}]}}