{"id":7461,"date":"1970-01-01T00:00:00","date_gmt":"1970-01-01T00:00:00","guid":{"rendered":"https:\/\/elfsight.com\/es\/?page_id=7461"},"modified":"2025-02-06T15:51:15","modified_gmt":"2025-02-06T15:51:15","slug":"webflow","status":"publish","type":"page","link":"https:\/\/elfsight.com\/es\/pdf-embed-widget\/webflow\/","title":{"rendered":"PDF Embed &#8211; Webflow"},"content":{"rendered":"<div class=\"application-platform-content-item-description application-platform-content-item\" id=\"description\" data-nav-section=\"description\"> <h2>Incrustar PDF Incrustar en Webflow con el widget Elfsight<\/h2> <p>Gracias al widget Elfsight PDF, experimente la integraci\u00f3n m\u00e1s c\u00f3moda y r\u00e1pida de sus documentos PDF en las p\u00e1ginas de su sitio web. Para facilitar su uso, los documentos se pueden agregar simplemente carg\u00e1ndolos, ingresando las URL o seleccion\u00e1ndolos de los \u00faltimos cargados. Puede darle un nombre a cada documento, cargar un \u00edcono personalizado o una imagen de vista previa, elegir el dise\u00f1o y m\u00e1s. Sus visitantes pueden ver los documentos directamente en la p\u00e1gina, abrirlos en una nueva pesta\u00f1a y descargarlos.<\/p> <div class=\"faq\" data-component=\"FAQ\"> <div class=\"faq-item\">\r\n\t\t\t\t\t<div class=\"faq-item-question\">\r\n\t\t\t\t\t\t<h3 class=\"faq-item-question-text\">\u00bfD\u00f3nde puedo insertar PDF Embed<\/h3>\r\n\r\n\t\t\t\t\t\t<div class=\"faq-item-question-icon\"><\/div>\r\n\t\t\t\t\t<\/div>\r\n\r\n\t\t\t\t\t<div class=\"faq-item-answer\">\r\n\t\t\t\t\t\t<div class=\"faq-item-answer-text\"> <p>Es f\u00e1cil mostrar el widget File Embed en cualquier p\u00e1gina de su sitio web. Por ejemplo, con \u00e9l puede incrustar los documentos o especificaciones de su producto en las p\u00e1ginas correspondientes del producto, o demostrar sus diplomas y calificaciones en la p\u00e1gina Acerca de nosotros.<\/p> <\/div>\r\n\t\t\t\t\t<\/div>\r\n\t\t\t\t<\/div> <div class=\"faq-item\">\r\n\t\t\t\t\t<div class=\"faq-item-question\">\r\n\t\t\t\t\t\t<h3 class=\"faq-item-question-text\">\u00bfQu\u00e9 beneficios me brindar\u00e1?<\/h3>\r\n\r\n\t\t\t\t\t\t<div class=\"faq-item-question-icon\"><\/div>\r\n\t\t\t\t\t<\/div>\r\n\r\n\t\t\t\t\t<div class=\"faq-item-answer\">\r\n\t\t\t\t\t\t<div class=\"faq-item-answer-text\"> <p>El widget de Elfsight puede ahorrarle mucho tiempo, porque con \u00e9l, la integraci\u00f3n de materiales en su sitio se realiza en solo segundos. Adem\u00e1s, le ayuda a ofrecer mucha informaci\u00f3n valiosa sobre sus ofertas y servicios y a aumentar el conocimiento de sus art\u00edculos por parte de los clientes.<\/p> <\/div>\r\n\t\t\t\t\t<\/div>\r\n\t\t\t\t<\/div> <div class=\"faq-item\">\r\n\t\t\t\t\t<div class=\"faq-item-question\">\r\n\t\t\t\t\t\t<h3 class=\"faq-item-question-text\">\u00bfQu\u00e9 necesito para agregar PDF Embed a mi sitio web Webflow?<\/h3>\r\n\r\n\t\t\t\t\t\t<div class=\"faq-item-question-icon\"><\/div>\r\n\t\t\t\t\t<\/div>\r\n\r\n\t\t\t\t\t<div class=\"faq-item-answer\">\r\n\t\t\t\t\t\t<div class=\"faq-item-answer-text\"> <p>Solo le llevar\u00e1 un minuto de su tiempo activar el widget. El proceso de inserci\u00f3n es realmente r\u00e1pido, gratuito y sin codificaci\u00f3n. <\/p> <p>Puedes introducir el widget en el sitio web a trav\u00e9s de nuestro servicio. Simplemente siga la gu\u00eda a continuaci\u00f3n en esta p\u00e1gina.<\/p> <\/div>\r\n\t\t\t\t\t<\/div>\r\n\t\t\t\t<\/div> <\/div> <\/div> <div class=\"application-platform-content-item-features application-platform-content-item\" id=\"features\" data-nav-section=\"features\"> <h2>Caracter\u00edsticas principales del widget PDF Embed<\/h2> <p>Para tener una mejor idea de PDF Embed, puede echar un vistazo a la lista de sus caracter\u00edsticas esenciales. Hacen que este widget sea realmente efectivo para usted: <\/p> <ul><li>Agregue archivos ilimitados;<\/li> <li>Variante de dise\u00f1o del Visor de archivos para ver documentos en el sitio web;<\/li> <li>Cargue im\u00e1genes para \u00edconos de archivos y vistas previas;<\/li> <li>Mostrar o desactivar la etiqueta Descargar archivo;<\/li> <li>Seis elementos de la interfaz del widget que se pueden pintar;<\/li> <\/ul><p><a href=\"#demo\">Nuestra demostraci\u00f3n revelar\u00e1 todas las caracter\u00edsticas para usted<\/a><\/p> <\/div> <div class=\"application-platform-content-item-installation application-platform-content-item\" id=\"installation\" data-nav-section=\"installation\"> <h2>Vea c\u00f3mo introducir el Visor de PDF en su sitio Webflow<\/h2> <div class=\"video-container\"><iframe width=\"720\" height=\"405\" src=\"https:\/\/www.youtube.com\/embed\/9Xdf6c5M5DE\" frameborder=\"0\"><\/iframe><\/div><p>Los siguientes pasos son lo \u00fanico que necesita hacer para tener el widget en funcionamiento. <\/p> <ol><li><b>Cree su widget PDF personalizado<\/b><br> En nuestro editor gratuito, cree su propio complemento, eligiendo opciones de dise\u00f1o y funcionales.<\/li><li><b>Reciba el c\u00f3digo individual para instalar el complemento<\/b><br> Despu\u00e9s de haber configurado su widget, adquirir\u00e1 su c\u00f3digo de instalaci\u00f3n en la ventana que aparece en Elfsight Apps. Copie el c\u00f3digo para usarlo m\u00e1s adelante.<\/li> <li><b> El complemento en su sitio Webflow<\/b><br> Elija el \u00e1rea donde planea agregar el complemento y pegue el c\u00f3digo guardado all\u00ed. Aplica los resultados.<\/li> <li><b>\u00a1Ya terminaste!<\/b><br> Ve a tu tienda para ver tu trabajo.<\/li> <\/ol><p>\u00bfA\u00fan no te decides? \u00bfO tienes preguntas que hacer? Simplemente env\u00ede una solicitud a nuestro servicio de atenci\u00f3n al cliente y ellos resolver\u00e1n cualquier problema. <\/p> <\/div>","protected":false},"excerpt":{"rendered":"","protected":false},"author":9,"featured_media":0,"parent":1157,"menu_order":0,"comment_status":"closed","ping_status":"closed","template":"templates\/template-application-platform.php","meta":{"publish_to_discourse":"","publish_post_category":"","wpdc_auto_publish_overridden":"","wpdc_topic_tags":"","wpdc_pin_topic":"","wpdc_pin_until":"","discourse_post_id":"","discourse_permalink":"","wpdc_publishing_response":"","wpdc_publishing_error":"","footnotes":""},"class_list":["post-7461","page","type-page","status-publish","hentry"],"yoast_head":"<!-- This site is optimized with the Yoast SEO plugin v25.3.1 - https:\/\/yoast.com\/wordpress\/plugins\/seo\/ -->\n<title>Visor de PDF: incruste un widget de PDF en el sitio web de Webflow (gratis y r\u00e1pido)<\/title>\n<meta name=\"description\" content=\"Aqu\u00ed tienes la oportunidad de darle forma al widget Visor de PDF personalizado e incrustarlo en tu sitio web Webflow. Disfrute de atenci\u00f3n al cliente gratuita y otras bonificaciones de Elfsight.\" \/>\n<meta name=\"robots\" content=\"index, follow, max-snippet:-1, max-image-preview:large, max-video-preview:-1\" \/>\n<link rel=\"canonical\" href=\"https:\/\/elfsight.com\/es\/pdf-embed-widget\/webflow\/\" \/>\n<meta property=\"og:locale\" content=\"es_ES\" \/>\n<meta property=\"og:type\" content=\"article\" \/>\n<meta property=\"og:title\" content=\"Visor de PDF: incruste un widget de PDF en el sitio web de Webflow (gratis y r\u00e1pido)\" \/>\n<meta property=\"og:description\" content=\"Aqu\u00ed tienes la oportunidad de darle forma al widget Visor de PDF personalizado e incrustarlo en tu sitio web Webflow. Disfrute de atenci\u00f3n al cliente gratuita y otras bonificaciones de Elfsight.\" \/>\n<meta property=\"og:url\" content=\"https:\/\/elfsight.com\/es\/pdf-embed-widget\/webflow\/\" \/>\n<meta property=\"og:site_name\" content=\"Elfsight ES\" \/>\n<meta property=\"article:modified_time\" content=\"2025-02-06T15:51:15+00:00\" \/>\n<meta name=\"twitter:card\" content=\"summary_large_image\" \/>\n<meta name=\"twitter:label1\" content=\"Tiempo de lectura\" \/>\n\t<meta name=\"twitter:data1\" content=\"3 minutos\" \/>\n<!-- \/ Yoast SEO plugin. -->","yoast_head_json":{"title":"Visor de PDF: incruste un widget de PDF en el sitio web de Webflow (gratis y r\u00e1pido)","description":"Aqu\u00ed tienes la oportunidad de darle forma al widget Visor de PDF personalizado e incrustarlo en tu sitio web Webflow. Disfrute de atenci\u00f3n al cliente gratuita y otras bonificaciones de Elfsight.","robots":{"index":"index","follow":"follow","max-snippet":"max-snippet:-1","max-image-preview":"max-image-preview:large","max-video-preview":"max-video-preview:-1"},"canonical":"https:\/\/elfsight.com\/es\/pdf-embed-widget\/webflow\/","og_locale":"es_ES","og_type":"article","og_title":"Visor de PDF: incruste un widget de PDF en el sitio web de Webflow (gratis y r\u00e1pido)","og_description":"Aqu\u00ed tienes la oportunidad de darle forma al widget Visor de PDF personalizado e incrustarlo en tu sitio web Webflow. Disfrute de atenci\u00f3n al cliente gratuita y otras bonificaciones de Elfsight.","og_url":"https:\/\/elfsight.com\/es\/pdf-embed-widget\/webflow\/","og_site_name":"Elfsight ES","article_modified_time":"2025-02-06T15:51:15+00:00","twitter_card":"summary_large_image","twitter_misc":{"Tiempo de lectura":"3 minutos"},"schema":{"@context":"https:\/\/schema.org","@graph":[{"@type":"WebPage","@id":"https:\/\/elfsight.com\/es\/pdf-embed-widget\/webflow\/","url":"https:\/\/elfsight.com\/es\/pdf-embed-widget\/webflow\/","name":"Visor de PDF: incruste un widget de PDF en el sitio web de Webflow (gratis y r\u00e1pido)","isPartOf":{"@id":"https:\/\/elfsight.com\/es\/#website"},"datePublished":"1970-01-01T00:00:00+00:00","dateModified":"2025-02-06T15:51:15+00:00","description":"Aqu\u00ed tienes la oportunidad de darle forma al widget Visor de PDF personalizado e incrustarlo en tu sitio web Webflow. Disfrute de atenci\u00f3n al cliente gratuita y otras bonificaciones de Elfsight.","breadcrumb":{"@id":"https:\/\/elfsight.com\/es\/pdf-embed-widget\/webflow\/#breadcrumb"},"inLanguage":"es","potentialAction":[{"@type":"ReadAction","target":["https:\/\/elfsight.com\/es\/pdf-embed-widget\/webflow\/"]}]},{"@type":"BreadcrumbList","@id":"https:\/\/elfsight.com\/es\/pdf-embed-widget\/webflow\/#breadcrumb","itemListElement":[{"@type":"ListItem","position":1,"name":"Home","item":"https:\/\/elfsight.com\/es\/"},{"@type":"ListItem","position":2,"name":"PDF Embed","item":"https:\/\/elfsight.com\/es\/pdf-embed-widget\/"},{"@type":"ListItem","position":3,"name":"PDF Embed &#8211; Webflow"}]},{"@type":"WebSite","@id":"https:\/\/elfsight.com\/es\/#website","url":"https:\/\/elfsight.com\/es\/","name":"Elfsight ES","description":"Just another Elfsight Sites site","potentialAction":[{"@type":"SearchAction","target":{"@type":"EntryPoint","urlTemplate":"https:\/\/elfsight.com\/es\/?s={search_term_string}"},"query-input":{"@type":"PropertyValueSpecification","valueRequired":true,"valueName":"search_term_string"}}],"inLanguage":"es"}]}},"meta_box":{"industry":"","seo_heading":"","heading":"","description":"","cta_heading":"","cta_description":"","application":"1156","h1":"Widget de inserci\u00f3n de PDF de flujo web","h1_caption":"Incruste documentos PDF en su sitio web para verlos y descargarlos f\u00e1cilmente sin redirigir a los visitantes a su sitio web Webflow sin esfuerzo.","application_category":[],"applications_title":"","applications_request_title":"","applications_request_button_text":"","hero_text":"","hero_video":"","hero_video_schema_markup":"","selling_points_title":"","selling_points_caption":"","selling_points":[],"selling_points_cta_text":"","features_title":"","features":"","ed_cta_examples_text":"","ed_cta_examples_hidden":"","ed_cta_demo_text":"","ed_cta_demo_hidden":"","why_caption":"","why_editor_title":"","why_editor_text":"","why_team_title":"","why_team_text":"","why_service_title":"","why_service_text":"","template_catalog_visible":"","template_catalog_title":"","template_catalog_text":"","template_catalog_categories_visible":"","demo_title":"Crea tu widget de inserci\u00f3n de PDF","demo_caption":"\u00a1Configure su PDF Embed y agr\u00e9guelo a su sitio web Webflow gratis!","default_faq_hidden":"","app_template_category":[],"platform":"106","template_public_id":"","codecanyon_url":"","codecanyon_item_id":"","codecanyon_price":"","pricing_caption":"","pricing_elfsight_apps_hide_column":"","pricing_elfsight_apps_url":"","pricing_codecanyon_price_caption":"","integration_category":[],"integration_request_title":"","integration_request_cta":"","integration_platform":"","integrations":[],"platform_category":[],"video_schema_markup":"","price":"desde $0 \/ mes","trial":"","benefits":[{"text":"Ayuda de instalaci\u00f3n gratuita"},{"text":"Equipo de soporte experimentado"},{"text":"Garant\u00eda de devoluci\u00f3n de dinero de 14 d\u00edas"},{"text":"Desarrollo continuo"}],"button_url":"#demo","button_target_blank":"","button_nofollow":"","attributes":[{"name":"Instalaciones","content":"10,000 - 100,000"},{"name":"Sensible","content":"S\u00ed"},{"name":"Navegadores compatibles","content":"Opera, Chrome, Safari, Edge, Firefox"}],"tags":[],"tags_disable_links":"","hide_more_platforms":"","video_object":"","demo_hide_cta":"","demo_hide_cloud_options":"","pricing_title":"","pricing":[{"pricing_icon":"platform","pricing_title":"Elfsight Apps","pricing_title_caption":"Versi\u00f3n multiplataforma que se adapta a cualquier sitio web","pricing_price":"desde $0 \/ mes","pricing_price_caption":"comienza con el plan gratuito","pricing_benefits":[{"text":"Sitios web ilimitados"},{"text":"Atenci\u00f3n al cliente dedicada"},{"text":"Servicio de instalaci\u00f3n gratuito"},{"text":"Precio especial para m\u00faltiples aplicaciones"}],"pricing_button_text":"A\u00f1adir al sitio web","pricing_button_url":"#demo"}],"related_apps_title":"","related_apps_hidden":"","author":"","image":[],"title":"","job":"","social_networks":[]},"_links":{"self":[{"href":"https:\/\/elfsight.com\/es\/wp-json\/wp\/v2\/pages\/7461","targetHints":{"allow":["GET"]}}],"collection":[{"href":"https:\/\/elfsight.com\/es\/wp-json\/wp\/v2\/pages"}],"about":[{"href":"https:\/\/elfsight.com\/es\/wp-json\/wp\/v2\/types\/page"}],"author":[{"embeddable":true,"href":"https:\/\/elfsight.com\/es\/wp-json\/wp\/v2\/users\/9"}],"replies":[{"embeddable":true,"href":"https:\/\/elfsight.com\/es\/wp-json\/wp\/v2\/comments?post=7461"}],"version-history":[{"count":2,"href":"https:\/\/elfsight.com\/es\/wp-json\/wp\/v2\/pages\/7461\/revisions"}],"predecessor-version":[{"id":18922,"href":"https:\/\/elfsight.com\/es\/wp-json\/wp\/v2\/pages\/7461\/revisions\/18922"}],"up":[{"embeddable":true,"href":"https:\/\/elfsight.com\/es\/wp-json\/wp\/v2\/pages\/1157"}],"wp:attachment":[{"href":"https:\/\/elfsight.com\/es\/wp-json\/wp\/v2\/media?parent=7461"}],"curies":[{"name":"wp","href":"https:\/\/api.w.org\/{rel}","templated":true}]}}