{"id":7459,"date":"1970-01-01T00:00:00","date_gmt":"1970-01-01T00:00:00","guid":{"rendered":"https:\/\/elfsight.com\/es\/?page_id=7459"},"modified":"2025-02-06T15:51:15","modified_gmt":"2025-02-06T15:51:15","slug":"shopify","status":"publish","type":"page","link":"https:\/\/elfsight.com\/es\/pdf-embed-widget\/shopify\/","title":{"rendered":"PDF Embed &#8211; Shopify"},"content":{"rendered":"<div class=\"application-platform-content-item-description application-platform-content-item\" id=\"description\" data-nav-section=\"description\"> <h2>Insertar PDF Incrustar en Shopify con el widget Elfsight<\/h2> <p>Por medio de la aplicaci\u00f3n Elfsight PDF, obtenga la adici\u00f3n m\u00e1s sencilla y r\u00e1pida de sus documentos PDF a su sitio. Para comodidad del usuario, los documentos se pueden agregar carg\u00e1ndolos, agregando las URL o eligiendo entre los \u00faltimos cargados. Eres libre de darle a cada documento tu propio t\u00edtulo, cargar tu propio \u00edcono o imagen, elegir una variante de dise\u00f1o y mucho m\u00e1s. Su audiencia puede consultar los archivos directamente en el sitio, verlos en una nueva pesta\u00f1a y descargarlos. <\/p> <div class=\"faq\" data-component=\"FAQ\"> <div class=\"faq-item\">\r\n\t\t\t\t\t<div class=\"faq-item-question\">\r\n\t\t\t\t\t\t<h3 class=\"faq-item-question-text\">\u00bfD\u00f3nde puedo insertar este complemento?<\/h3>\r\n\r\n\t\t\t\t\t\t<div class=\"faq-item-question-icon\"><\/div>\r\n\t\t\t\t\t<\/div>\r\n\r\n\t\t\t\t\t<div class=\"faq-item-answer\">\r\n\t\t\t\t\t\t<div class=\"faq-item-answer-text\"> <p>Es f\u00e1cil utilizar File Embed en cualquiera o en todas las p\u00e1ginas del sitio web. Por ejemplo, le ayudar\u00e1 a agregar sus documentos tecnol\u00f3gicos o especificaciones en las p\u00e1ginas de productos correspondientes y a agregar sus diplomas y certificados en la p\u00e1gina Acerca de nosotros. <\/p> <\/div>\r\n\t\t\t\t\t<\/div>\r\n\t\t\t\t<\/div> <div class=\"faq-item\">\r\n\t\t\t\t\t<div class=\"faq-item-question\">\r\n\t\t\t\t\t\t<h3 class=\"faq-item-question-text\">\u00bfC\u00f3mo podr\u00eda beneficiarme de \u00e9l?<\/h3>\r\n\r\n\t\t\t\t\t\t<div class=\"faq-item-question-icon\"><\/div>\r\n\t\t\t\t\t<\/div>\r\n\r\n\t\t\t\t\t<div class=\"faq-item-answer\">\r\n\t\t\t\t\t\t<div class=\"faq-item-answer-text\"> <p>Nuestro widget le ahorrar\u00e1 mucho tiempo, ya que agregar documentos a su sitio le llevar\u00e1 solo unos segundos. M\u00e1s a\u00fan, podr\u00e1 publicar mucha informaci\u00f3n valiosa sobre sus productos o servicios y lograr que los clientes comprendan mejor sus ofertas. <\/p> <\/div>\r\n\t\t\t\t\t<\/div>\r\n\t\t\t\t<\/div> <div class=\"faq-item\">\r\n\t\t\t\t\t<div class=\"faq-item-question\">\r\n\t\t\t\t\t\t<h3 class=\"faq-item-question-text\">\u00bfC\u00f3mo puedo insertar PDF en mi sitio web de Shopify?<\/h3>\r\n\r\n\t\t\t\t\t\t<div class=\"faq-item-question-icon\"><\/div>\r\n\t\t\t\t\t<\/div>\r\n\r\n\t\t\t\t\t<div class=\"faq-item-answer\">\r\n\t\t\t\t\t\t<div class=\"faq-item-answer-text\"> <p>Incrustar el widget le llevar\u00e1 tres minutos de su tiempo. La integraci\u00f3n es extremadamente r\u00e1pida, gratuita y sin codificaci\u00f3n.<\/p> <p>Elfsight PDF Embed se puede instalar a trav\u00e9s de nuestro servicio o del mercado. Aqu\u00ed podr\u00e1s ver las ventajas de estas opciones y seleccionar la tuya. <\/p> <\/div>\r\n\t\t\t\t\t<\/div>\r\n\t\t\t\t<\/div> <\/div> <\/div><div class=\"application-platform-content-item-features application-platform-content-item\" id=\"features\" data-nav-section=\"features\"> <h2>Caracter\u00edsticas principales del widget PDF Embed<\/h2> <p>Para obtener una percepci\u00f3n m\u00e1s clara de PDF Embed, examine la lista de caracter\u00edsticas esenciales. Hacen que el widget sea lo m\u00e1s beneficioso para su negocio: <\/p> <ul><li>Pegue documentos ilimitados;<\/li> <li>Variante de dise\u00f1o del Visor de archivos para leer documentos en la p\u00e1gina;<\/li> <li>Cargar im\u00e1genes para iconos de archivos y vistas previas;<\/li> <li>Mostrar u ocultar la etiqueta de descarga del archivo;<\/li> <li>Seis detalles de la interfaz que se pueden pintar;<\/li> <\/ul><p><a href=\"#demo\">Descubra m\u00e1s funciones en demo<\/a><\/p> <\/div> <div class=\"application-platform-content-item-installation application-platform-content-item\" id=\"installation\" data-nav-section=\"installation\"> <h2>Veamos c\u00f3mo incrustar el Visor de PDF en tu tienda Shopify<\/h2><div class=\"video-container\"><iframe width=\"720\" height=\"405\" src=\"https:\/\/www.youtube.com\/embed\/imqpdyPW2MY\" frameborder=\"0\"><\/iframe><\/div><p>Estas diversas acciones son lo \u00fanico que debe hacer para integrar el widget. <\/p> <ol><li><b>Emplee nuestro configurador gratuito y comience a crear su aplicaci\u00f3n personalizada. <\/b><br> Especifique la interfaz y las opciones preferibles de la aplicaci\u00f3n y guarde todas las ediciones. <\/li> <li><b>Reciba el c\u00f3digo individual que aparece en el formulario especial en Elfsight Apps. <\/b><br> Cuando finalice la configuraci\u00f3n de su aplicaci\u00f3n, copie su c\u00f3digo en la ventana emergente que aparece y gu\u00e1rdelo para futuras necesidades. <\/li> <li><b>Empieza a usar la aplicaci\u00f3n en el sitio Shopify. <\/b><br> Pegue el c\u00f3digo que guard\u00f3 recientemente en su p\u00e1gina y guarde las ediciones. <\/li> <li><b>\u00a1Listo! La integraci\u00f3n ha terminado por completo. <\/b><br> Abra su sitio para ver c\u00f3mo funciona la aplicaci\u00f3n. <\/li><\/ol><p>\u00bfA\u00fan no te has decidido? \u00bfO tienes preguntas? Simplemente env\u00ede su solicitud por correo electr\u00f3nico a nuestro equipo de soporte y resolver\u00e1 cualquier problema. <\/p> <\/div>","protected":false},"excerpt":{"rendered":"","protected":false},"author":9,"featured_media":0,"parent":1157,"menu_order":0,"comment_status":"closed","ping_status":"closed","template":"templates\/template-application-platform.php","meta":{"publish_to_discourse":"","publish_post_category":"","wpdc_auto_publish_overridden":"","wpdc_topic_tags":"","wpdc_pin_topic":"","wpdc_pin_until":"","discourse_post_id":"","discourse_permalink":"","wpdc_publishing_response":"","wpdc_publishing_error":"","footnotes":""},"class_list":["post-7459","page","type-page","status-publish","hentry"],"yoast_head":"<!-- This site is optimized with the Yoast SEO plugin v25.3.1 - https:\/\/yoast.com\/wordpress\/plugins\/seo\/ -->\n<title>Visor de PDF: incrustar la aplicaci\u00f3n PDF en el sitio web de Shopify (2025)<\/title>\n<meta name=\"description\" content=\"Es muy f\u00e1cil darle forma a tu aplicaci\u00f3n PDF Viewer e incrustarla en tu tienda Shopify. La atenci\u00f3n al cliente de Elfsight es gratuita y r\u00e1pida.\" \/>\n<meta name=\"robots\" content=\"index, follow, max-snippet:-1, max-image-preview:large, max-video-preview:-1\" \/>\n<link rel=\"canonical\" href=\"https:\/\/elfsight.com\/es\/pdf-embed-widget\/shopify\/\" \/>\n<meta property=\"og:locale\" content=\"es_ES\" \/>\n<meta property=\"og:type\" content=\"article\" \/>\n<meta property=\"og:title\" content=\"Visor de PDF: incrustar la aplicaci\u00f3n PDF en el sitio web de Shopify (2025)\" \/>\n<meta property=\"og:description\" content=\"Es muy f\u00e1cil darle forma a tu aplicaci\u00f3n PDF Viewer e incrustarla en tu tienda Shopify. La atenci\u00f3n al cliente de Elfsight es gratuita y r\u00e1pida.\" \/>\n<meta property=\"og:url\" content=\"https:\/\/elfsight.com\/es\/pdf-embed-widget\/shopify\/\" \/>\n<meta property=\"og:site_name\" content=\"Elfsight ES\" \/>\n<meta property=\"article:modified_time\" content=\"2025-02-06T15:51:15+00:00\" \/>\n<meta name=\"twitter:card\" content=\"summary_large_image\" \/>\n<meta name=\"twitter:label1\" content=\"Tiempo de lectura\" \/>\n\t<meta name=\"twitter:data1\" content=\"3 minutos\" \/>\n<!-- \/ Yoast SEO plugin. -->","yoast_head_json":{"title":"Visor de PDF: incrustar la aplicaci\u00f3n PDF en el sitio web de Shopify (2025)","description":"Es muy f\u00e1cil darle forma a tu aplicaci\u00f3n PDF Viewer e incrustarla en tu tienda Shopify. La atenci\u00f3n al cliente de Elfsight es gratuita y r\u00e1pida.","robots":{"index":"index","follow":"follow","max-snippet":"max-snippet:-1","max-image-preview":"max-image-preview:large","max-video-preview":"max-video-preview:-1"},"canonical":"https:\/\/elfsight.com\/es\/pdf-embed-widget\/shopify\/","og_locale":"es_ES","og_type":"article","og_title":"Visor de PDF: incrustar la aplicaci\u00f3n PDF en el sitio web de Shopify (2025)","og_description":"Es muy f\u00e1cil darle forma a tu aplicaci\u00f3n PDF Viewer e incrustarla en tu tienda Shopify. La atenci\u00f3n al cliente de Elfsight es gratuita y r\u00e1pida.","og_url":"https:\/\/elfsight.com\/es\/pdf-embed-widget\/shopify\/","og_site_name":"Elfsight ES","article_modified_time":"2025-02-06T15:51:15+00:00","twitter_card":"summary_large_image","twitter_misc":{"Tiempo de lectura":"3 minutos"},"schema":{"@context":"https:\/\/schema.org","@graph":[{"@type":"WebPage","@id":"https:\/\/elfsight.com\/es\/pdf-embed-widget\/shopify\/","url":"https:\/\/elfsight.com\/es\/pdf-embed-widget\/shopify\/","name":"Visor de PDF: incrustar la aplicaci\u00f3n PDF en el sitio web de Shopify (2025)","isPartOf":{"@id":"https:\/\/elfsight.com\/es\/#website"},"datePublished":"1970-01-01T00:00:00+00:00","dateModified":"2025-02-06T15:51:15+00:00","description":"Es muy f\u00e1cil darle forma a tu aplicaci\u00f3n PDF Viewer e incrustarla en tu tienda Shopify. La atenci\u00f3n al cliente de Elfsight es gratuita y r\u00e1pida.","breadcrumb":{"@id":"https:\/\/elfsight.com\/es\/pdf-embed-widget\/shopify\/#breadcrumb"},"inLanguage":"es","potentialAction":[{"@type":"ReadAction","target":["https:\/\/elfsight.com\/es\/pdf-embed-widget\/shopify\/"]}]},{"@type":"BreadcrumbList","@id":"https:\/\/elfsight.com\/es\/pdf-embed-widget\/shopify\/#breadcrumb","itemListElement":[{"@type":"ListItem","position":1,"name":"Home","item":"https:\/\/elfsight.com\/es\/"},{"@type":"ListItem","position":2,"name":"PDF Embed","item":"https:\/\/elfsight.com\/es\/pdf-embed-widget\/"},{"@type":"ListItem","position":3,"name":"PDF Embed &#8211; Shopify"}]},{"@type":"WebSite","@id":"https:\/\/elfsight.com\/es\/#website","url":"https:\/\/elfsight.com\/es\/","name":"Elfsight ES","description":"Just another Elfsight Sites site","potentialAction":[{"@type":"SearchAction","target":{"@type":"EntryPoint","urlTemplate":"https:\/\/elfsight.com\/es\/?s={search_term_string}"},"query-input":{"@type":"PropertyValueSpecification","valueRequired":true,"valueName":"search_term_string"}}],"inLanguage":"es"}]}},"meta_box":{"industry":"","seo_heading":"","heading":"","description":"","cta_heading":"","cta_description":"","application":"1156","h1":"Aplicaci\u00f3n Shopify PDF Insertar","h1_caption":"Incruste documentos PDF en su sitio web para verlos y descargarlos f\u00e1cilmente sin redirigir a los visitantes a su sitio web de Shopify sin esfuerzo.","application_category":[],"applications_title":"","applications_request_title":"","applications_request_button_text":"","hero_text":"","hero_video":"","hero_video_schema_markup":"","selling_points_title":"","selling_points_caption":"","selling_points":[],"selling_points_cta_text":"","features_title":"","features":"","ed_cta_examples_text":"","ed_cta_examples_hidden":"","ed_cta_demo_text":"","ed_cta_demo_hidden":"","why_caption":"","why_editor_title":"","why_editor_text":"","why_team_title":"","why_team_text":"","why_service_title":"","why_service_text":"","template_catalog_visible":"","template_catalog_title":"","template_catalog_text":"","template_catalog_categories_visible":"","demo_title":"Crea tu aplicaci\u00f3n para insertar PDF","demo_caption":"\u00a1Configura tu PDF Insert y agr\u00e9galo a tu sitio web de Shopify gratis!","default_faq_hidden":"","app_template_category":[],"platform":"91","template_public_id":"","codecanyon_url":"","codecanyon_item_id":"","codecanyon_price":"","pricing_caption":"","pricing_elfsight_apps_hide_column":"","pricing_elfsight_apps_url":"","pricing_codecanyon_price_caption":"","integration_category":[],"integration_request_title":"","integration_request_cta":"","integration_platform":"","integrations":[],"platform_category":[],"video_schema_markup":"","price":"desde $0 \/ mes","trial":"","benefits":[{"text":"Servicio de instalaci\u00f3n gratuito"},{"text":"Soporte premium"},{"text":"Garant\u00eda de devoluci\u00f3n de dinero de 14 d\u00edas"},{"text":"Actualizaciones gratuitas continuas"}],"button_url":"#demo","button_target_blank":"","button_nofollow":"","attributes":[{"name":"Instalaciones","content":"10,000 - 100,000"},{"name":"Sensible","content":"S\u00ed"},{"name":"Navegadores compatibles","content":"Firefox, Safari, Opera, Chrome, Edge"}],"tags":[],"tags_disable_links":"","hide_more_platforms":"","video_object":"","demo_hide_cta":"","demo_hide_cloud_options":"","pricing_title":"","pricing":[{"pricing_icon":"cloud","pricing_title":"Elfsight Apps","pricing_title_caption":"Versi\u00f3n multiplataforma que funciona en cualquier sitio web.","pricing_price":"desde $0 \/ mes","pricing_price_caption":"comienza con el plan gratuito","pricing_benefits":[{"text":"Sitios web ilimitados"},{"text":"Soporte premium"},{"text":"Servicio de instalaci\u00f3n gratuito"},{"text":"Oferta especial para m\u00faltiples aplicaciones."}],"pricing_button_text":"A\u00f1adir al sitio web","pricing_button_url":"#demo"}],"related_apps_title":"","related_apps_hidden":"","author":"","image":[],"title":"","job":"","social_networks":[]},"_links":{"self":[{"href":"https:\/\/elfsight.com\/es\/wp-json\/wp\/v2\/pages\/7459","targetHints":{"allow":["GET"]}}],"collection":[{"href":"https:\/\/elfsight.com\/es\/wp-json\/wp\/v2\/pages"}],"about":[{"href":"https:\/\/elfsight.com\/es\/wp-json\/wp\/v2\/types\/page"}],"author":[{"embeddable":true,"href":"https:\/\/elfsight.com\/es\/wp-json\/wp\/v2\/users\/9"}],"replies":[{"embeddable":true,"href":"https:\/\/elfsight.com\/es\/wp-json\/wp\/v2\/comments?post=7459"}],"version-history":[{"count":2,"href":"https:\/\/elfsight.com\/es\/wp-json\/wp\/v2\/pages\/7459\/revisions"}],"predecessor-version":[{"id":18924,"href":"https:\/\/elfsight.com\/es\/wp-json\/wp\/v2\/pages\/7459\/revisions\/18924"}],"up":[{"embeddable":true,"href":"https:\/\/elfsight.com\/es\/wp-json\/wp\/v2\/pages\/1157"}],"wp:attachment":[{"href":"https:\/\/elfsight.com\/es\/wp-json\/wp\/v2\/media?parent=7459"}],"curies":[{"name":"wp","href":"https:\/\/api.w.org\/{rel}","templated":true}]}}