{"id":7458,"date":"1970-01-01T00:00:00","date_gmt":"1970-01-01T00:00:00","guid":{"rendered":"https:\/\/elfsight.com\/es\/?page_id=7458"},"modified":"2025-02-06T15:51:15","modified_gmt":"2025-02-06T15:51:15","slug":"prestashop","status":"publish","type":"page","link":"https:\/\/elfsight.com\/es\/pdf-embed-widget\/prestashop\/","title":{"rendered":"PDF Embed &#8211; PrestaShop"},"content":{"rendered":"<div class=\"application-platform-content-item-description application-platform-content-item\" id=\"description\" data-nav-section=\"description\"> <h2>Descripci\u00f3n<\/h2> <p>Utilizando el complemento Elfsight PDF Embed experimente el pegado m\u00e1s pr\u00e1ctico e inmediato de sus documentos PDF en las p\u00e1ginas de su sitio web. Para comodidad del usuario, los documentos se pueden integrar simplemente carg\u00e1ndolos, por sus URL o eligi\u00e9ndolos de la lista de los \u00faltimos cargados. Las funciones le permiten darle un nombre a cada archivo, cargar su propio \u00edcono e imagen, elegir la variante de dise\u00f1o de los archivos y mucho m\u00e1s. Su audiencia puede consultar los archivos directamente en el sitio, verlos en una nueva pesta\u00f1a del navegador y descargarlos. <\/p><p><b>\u00a1Agregue PDF Insert para alcanzar sus objetivos comerciales m\u00e1s f\u00e1cilmente! <\/b><\/p> <\/div> <div class=\"application-platform-content-item-features application-platform-content-item\" id=\"features\" data-nav-section=\"features\"> <h2>Consulta la lista de las funciones m\u00e1s valiosas: <\/h2> <ul><li>Insertar archivos PDF para descargarlos y verlos<\/li><li>Agregar archivos ilimitados<\/li><li>Duplicar, reordenar y eliminar tus archivos<\/li><li>Insertar mediante URL, subi\u00e9ndolos o eligiendo el del archivo subido recientemente<\/li><li>Opci\u00f3n para ingresar el nombre del archivo para mostrar <\/li><li>Tres dise\u00f1os incluidos: Cuadr\u00edcula, Visor de archivos y Lista<\/li><li>Desplazamiento, zoom y paginaci\u00f3n admitidos en el dise\u00f1o del Visor de archivos<\/li><li>Opci\u00f3n para mostrar o editar la etiqueta de archivo de descarga<\/li><li>Dise\u00f1os de lista y cuadr\u00edcula para mostrar \u00edconos y nombres de archivos<\/li><li>Icono de archivo intercambiable<\/li><li>Opci\u00f3n para pintar el \u00edcono de archivo<\/li><\/ul><p><a href=\"#demo\">Simplemente consulte esta demostraci\u00f3n para tener una idea completa<\/a><\/p> <\/div> <div class=\"application-platform-content-item-installation application-platform-content-item\" id=\"installation\" data-nav-section=\"installation\"> <h2>\u00bfC\u00f3mo puedo agregar PDF Embed a mi sitio PrestaShop? <\/h2> <p>Simplemente siga varios pasos que se describen a continuaci\u00f3n para integrar la herramienta. <\/p> <ol><li><b>Realice nuestro configurador gratuito y comience a crear su complemento personalizado. <\/b><br>Elija la forma y caracter\u00edsticas adecuadas de la herramienta y aplique las modificaciones. <\/li> <li><b>Obtenga el c\u00f3digo personal que aparece en el formulario especial de Elfsight Apps. <\/b><br> Cuando se complete la creaci\u00f3n de su complemento, copie el c\u00f3digo exclusivo de la ventana que aparece y gu\u00e1rdelo para futuras ocasiones. <\/li> <li><b>Inicie el uso de la herramienta en su sitio PrestaShop. <\/b><br> Pegue el c\u00f3digo guardado anteriormente en su p\u00e1gina de inicio y aplique las mejoras. <\/li> <li><b>La configuraci\u00f3n est\u00e1 completamente realizada. <\/b><br>Vaya a su p\u00e1gina para ver c\u00f3mo funciona la herramienta. <\/li><\/ol> <p>A condici\u00f3n de atender consultas o superar algunas dificultades, p\u00f3ngase en contacto con nuestro equipo de atenci\u00f3n al cliente. Nuestra gente estar\u00e1 encantada de resolver todos los problemas que pueda tener con el producto. <\/p> <div class=\"faq\" data-component=\"FAQ\"><div class=\"faq-item\">\r\n\t\t\t\t\t<div class=\"faq-item-question\">\r\n\t\t\t\t\t\t<h3 class=\"faq-item-question-text\">\u00bfC\u00f3mo incrustar Number Counter en mi p\u00e1gina web PrestaShop sin conocimientos de codificaci\u00f3n?<\/h3>\r\n\r\n\t\t\t\t\t\t<div class=\"faq-item-question-icon\"><\/div>\r\n\t\t\t\t\t<\/div>\r\n\r\n\t\t\t\t\t<div class=\"faq-item-answer\">\r\n\t\t\t\t\t\t<div class=\"faq-item-answer-text\"> <p>Elfsight proporciona una soluci\u00f3n SaaS que permite al usuario crear una secci\u00f3n de Number Counter usted mismo. Descubra los sencillos pasos: Vaya al editor en vivo para crear un complemento de Number Counter que le gustar\u00eda ver en su PrestaShop. Seleccione una de las plantillas predise\u00f1adas y modifique la configuraci\u00f3n del contador de n\u00fameros, cambie el dise\u00f1o y la combinaci\u00f3n de colores y actualice su contenido, sin conocimientos de codificaci\u00f3n. Guarde el Contador de N\u00fameros y copie el c\u00f3digo de instalaci\u00f3n, que se puede a\u00f1adir en cualquier p\u00e1gina web de PrestaShop de forma gratuita. Utilizando nuestro sencillo Configurador, cualquier usuario de Internet puede crear un widget de contador de n\u00fameros en l\u00ednea e incrustarlo f\u00e1cilmente en cualquier p\u00e1gina web de PrestaShop. No es necesario pagar ni revelar las credenciales de su tarjeta para acceder a nuestro Editor. Si encuentra alg\u00fan problema en cualquier paso, no dude en hablar con nuestro equipo de soporte t\u00e9cnico.<\/p> <\/div>\r\n\t\t\t\t\t<\/div>\r\n\t\t\t\t<\/div> <\/div><\/div>","protected":false},"excerpt":{"rendered":"","protected":false},"author":9,"featured_media":0,"parent":1157,"menu_order":0,"comment_status":"closed","ping_status":"closed","template":"templates\/template-application-platform.php","meta":{"publish_to_discourse":"","publish_post_category":"","wpdc_auto_publish_overridden":"","wpdc_topic_tags":"","wpdc_pin_topic":"","wpdc_pin_until":"","discourse_post_id":"","discourse_permalink":"","wpdc_publishing_response":"","wpdc_publishing_error":"","footnotes":""},"class_list":["post-7458","page","type-page","status-publish","hentry"],"yoast_head":"<!-- This site is optimized with the Yoast SEO plugin v25.3.1 - https:\/\/yoast.com\/wordpress\/plugins\/seo\/ -->\n<title>Visor de PDF: incruste el complemento PDF en el sitio web de PrestaShop (en 2 minutos)<\/title>\n<meta name=\"description\" content=\"Con Elfsight, d\u00e9 forma a su complemento Visor de PDF e incr\u00fastelo en su sitio PrestaShop de forma r\u00e1pida y sencilla. Atenci\u00f3n al cliente gratuita y m\u00e1s bonificaciones aqu\u00ed.\" \/>\n<meta name=\"robots\" content=\"index, follow, max-snippet:-1, max-image-preview:large, max-video-preview:-1\" \/>\n<link rel=\"canonical\" href=\"https:\/\/elfsight.com\/es\/pdf-embed-widget\/prestashop\/\" \/>\n<meta property=\"og:locale\" content=\"es_ES\" \/>\n<meta property=\"og:type\" content=\"article\" \/>\n<meta property=\"og:title\" content=\"Visor de PDF: incruste el complemento PDF en el sitio web de PrestaShop (en 2 minutos)\" \/>\n<meta property=\"og:description\" content=\"Con Elfsight, d\u00e9 forma a su complemento Visor de PDF e incr\u00fastelo en su sitio PrestaShop de forma r\u00e1pida y sencilla. Atenci\u00f3n al cliente gratuita y m\u00e1s bonificaciones aqu\u00ed.\" \/>\n<meta property=\"og:url\" content=\"https:\/\/elfsight.com\/es\/pdf-embed-widget\/prestashop\/\" \/>\n<meta property=\"og:site_name\" content=\"Elfsight ES\" \/>\n<meta property=\"article:modified_time\" content=\"2025-02-06T15:51:15+00:00\" \/>\n<meta name=\"twitter:card\" content=\"summary_large_image\" \/>\n<meta name=\"twitter:label1\" content=\"Tiempo de lectura\" \/>\n\t<meta name=\"twitter:data1\" content=\"3 minutos\" \/>\n<!-- \/ Yoast SEO plugin. -->","yoast_head_json":{"title":"Visor de PDF: incruste el complemento PDF en el sitio web de PrestaShop (en 2 minutos)","description":"Con Elfsight, d\u00e9 forma a su complemento Visor de PDF e incr\u00fastelo en su sitio PrestaShop de forma r\u00e1pida y sencilla. Atenci\u00f3n al cliente gratuita y m\u00e1s bonificaciones aqu\u00ed.","robots":{"index":"index","follow":"follow","max-snippet":"max-snippet:-1","max-image-preview":"max-image-preview:large","max-video-preview":"max-video-preview:-1"},"canonical":"https:\/\/elfsight.com\/es\/pdf-embed-widget\/prestashop\/","og_locale":"es_ES","og_type":"article","og_title":"Visor de PDF: incruste el complemento PDF en el sitio web de PrestaShop (en 2 minutos)","og_description":"Con Elfsight, d\u00e9 forma a su complemento Visor de PDF e incr\u00fastelo en su sitio PrestaShop de forma r\u00e1pida y sencilla. Atenci\u00f3n al cliente gratuita y m\u00e1s bonificaciones aqu\u00ed.","og_url":"https:\/\/elfsight.com\/es\/pdf-embed-widget\/prestashop\/","og_site_name":"Elfsight ES","article_modified_time":"2025-02-06T15:51:15+00:00","twitter_card":"summary_large_image","twitter_misc":{"Tiempo de lectura":"3 minutos"},"schema":{"@context":"https:\/\/schema.org","@graph":[{"@type":"WebPage","@id":"https:\/\/elfsight.com\/es\/pdf-embed-widget\/prestashop\/","url":"https:\/\/elfsight.com\/es\/pdf-embed-widget\/prestashop\/","name":"Visor de PDF: incruste el complemento PDF en el sitio web de PrestaShop (en 2 minutos)","isPartOf":{"@id":"https:\/\/elfsight.com\/es\/#website"},"datePublished":"1970-01-01T00:00:00+00:00","dateModified":"2025-02-06T15:51:15+00:00","description":"Con Elfsight, d\u00e9 forma a su complemento Visor de PDF e incr\u00fastelo en su sitio PrestaShop de forma r\u00e1pida y sencilla. Atenci\u00f3n al cliente gratuita y m\u00e1s bonificaciones aqu\u00ed.","breadcrumb":{"@id":"https:\/\/elfsight.com\/es\/pdf-embed-widget\/prestashop\/#breadcrumb"},"inLanguage":"es","potentialAction":[{"@type":"ReadAction","target":["https:\/\/elfsight.com\/es\/pdf-embed-widget\/prestashop\/"]}]},{"@type":"BreadcrumbList","@id":"https:\/\/elfsight.com\/es\/pdf-embed-widget\/prestashop\/#breadcrumb","itemListElement":[{"@type":"ListItem","position":1,"name":"Home","item":"https:\/\/elfsight.com\/es\/"},{"@type":"ListItem","position":2,"name":"PDF Embed","item":"https:\/\/elfsight.com\/es\/pdf-embed-widget\/"},{"@type":"ListItem","position":3,"name":"PDF Embed &#8211; PrestaShop"}]},{"@type":"WebSite","@id":"https:\/\/elfsight.com\/es\/#website","url":"https:\/\/elfsight.com\/es\/","name":"Elfsight ES","description":"Just another Elfsight Sites site","potentialAction":[{"@type":"SearchAction","target":{"@type":"EntryPoint","urlTemplate":"https:\/\/elfsight.com\/es\/?s={search_term_string}"},"query-input":{"@type":"PropertyValueSpecification","valueRequired":true,"valueName":"search_term_string"}}],"inLanguage":"es"}]}},"meta_box":{"industry":"","seo_heading":"","heading":"","description":"","cta_heading":"","cta_description":"","application":"1156","h1":"Complemento de inserci\u00f3n de PDF de PrestaShop","h1_caption":"Incruste documentos PDF en su sitio web para verlos y descargarlos f\u00e1cilmente sin redirigir a los visitantes a su sitio web Prestashop sin esfuerzo.","application_category":[],"applications_title":"","applications_request_title":"","applications_request_button_text":"","hero_text":"","hero_video":"","hero_video_schema_markup":"","selling_points_title":"","selling_points_caption":"","selling_points":[],"selling_points_cta_text":"","features_title":"","features":"","ed_cta_examples_text":"","ed_cta_examples_hidden":"","ed_cta_demo_text":"","ed_cta_demo_hidden":"","why_caption":"","why_editor_title":"","why_editor_text":"","why_team_title":"","why_team_text":"","why_service_title":"","why_service_text":"","template_catalog_visible":"","template_catalog_title":"","template_catalog_text":"","template_catalog_categories_visible":"","demo_title":"Crea tu complemento de inserci\u00f3n de PDF","demo_caption":"\u00a1Configure su PDF Embed y agr\u00e9guelo a su sitio web PrestaShop gratis!","default_faq_hidden":"","app_template_category":[],"platform":"2250","template_public_id":"","codecanyon_url":"","codecanyon_item_id":"","codecanyon_price":"","pricing_caption":"","pricing_elfsight_apps_hide_column":"","pricing_elfsight_apps_url":"","pricing_codecanyon_price_caption":"","integration_category":[],"integration_request_title":"","integration_request_cta":"","integration_platform":"","integrations":[],"platform_category":[],"video_schema_markup":"","price":"desde $0 \/ mes","trial":"","benefits":[{"text":"Servicio de instalaci\u00f3n gratuito"},{"text":"Atenci\u00f3n al cliente experimentada"},{"text":"Garant\u00eda de reembolso de 14 d\u00edas"},{"text":"Mejoras de por vida"}],"button_url":"#demo","button_target_blank":"","button_nofollow":"","attributes":[{"name":"Instalaciones","content":"10,000 - 100,000"},{"name":"Sensible","content":"S\u00ed"},{"name":"Navegadores compatibles","content":"Firefox, Safari, Opera, Chrome, Edge"}],"tags":[],"tags_disable_links":"","hide_more_platforms":"","video_object":"","demo_hide_cta":"","demo_hide_cloud_options":"","pricing_title":"","pricing":[{"pricing_icon":"platform","pricing_title":"Elfsight Apps","pricing_title_caption":"Versi\u00f3n multiplataforma que se adapta a cualquier sitio web","pricing_price":"desde $0 \/ mes","pricing_price_caption":"comienza con un plan gratuito","pricing_benefits":[{"text":"Sitios web ilimitados"},{"text":"Atenci\u00f3n al cliente dedicada"},{"text":"Servicio de instalaci\u00f3n gratuito"},{"text":"100% personalizable"}],"pricing_button_text":"A\u00f1adir al sitio web","pricing_button_url":"#demo"}],"related_apps_title":"","related_apps_hidden":"","author":"","image":[],"title":"","job":"","social_networks":[]},"_links":{"self":[{"href":"https:\/\/elfsight.com\/es\/wp-json\/wp\/v2\/pages\/7458","targetHints":{"allow":["GET"]}}],"collection":[{"href":"https:\/\/elfsight.com\/es\/wp-json\/wp\/v2\/pages"}],"about":[{"href":"https:\/\/elfsight.com\/es\/wp-json\/wp\/v2\/types\/page"}],"author":[{"embeddable":true,"href":"https:\/\/elfsight.com\/es\/wp-json\/wp\/v2\/users\/9"}],"replies":[{"embeddable":true,"href":"https:\/\/elfsight.com\/es\/wp-json\/wp\/v2\/comments?post=7458"}],"version-history":[{"count":2,"href":"https:\/\/elfsight.com\/es\/wp-json\/wp\/v2\/pages\/7458\/revisions"}],"predecessor-version":[{"id":18925,"href":"https:\/\/elfsight.com\/es\/wp-json\/wp\/v2\/pages\/7458\/revisions\/18925"}],"up":[{"embeddable":true,"href":"https:\/\/elfsight.com\/es\/wp-json\/wp\/v2\/pages\/1157"}],"wp:attachment":[{"href":"https:\/\/elfsight.com\/es\/wp-json\/wp\/v2\/media?parent=7458"}],"curies":[{"name":"wp","href":"https:\/\/api.w.org\/{rel}","templated":true}]}}